{"id":5069,"date":"2022-09-16T17:01:14","date_gmt":"2022-09-16T09:01:14","guid":{"rendered":"https:\/\/www.tosunlux.eu\/?post_type=product&#038;p=5069"},"modified":"2022-09-19T10:27:27","modified_gmt":"2022-09-19T02:27:27","slug":"electronic-energy-meter","status":"publish","type":"product","link":"https:\/\/www.tosunlux.eu\/el\/products\/electronic-energy-meter\/","title":{"rendered":"\u0397\u03bb\u03b5\u03ba\u03c4\u03c1\u03bf\u03bd\u03b9\u03ba\u03cc\u03c2 \u03bc\u03b5\u03c4\u03c1\u03b7\u03c4\u03ae\u03c2 \u03b5\u03bd\u03ad\u03c1\u03b3\u03b5\u03b9\u03b1\u03c2 DDS3666\/DTS3666"},"content":{"rendered":"<p><strong>\u0395\u03c6\u03b1\u03c1\u03bc\u03bf\u03b3\u03ae<\/strong><\/p>\n\n\n\n<p>\u039f \u03bc\u03bf\u03bd\u03bf\u03c6\u03b1\u03c3\u03b9\u03ba\u03cc\u03c2 \u03bc\u03b5\u03c4\u03c1\u03b7\u03c4\u03ae\u03c2 \u03b5\u03bd\u03ad\u03c1\u03b3\u03b5\u03b9\u03b1\u03c2 \u03b7\u03bb\u03b5\u03ba\u03c4\u03c1\u03bf\u03bd\u03b9\u03ba\u03bf\u03cd \u03c4\u03cd\u03c0\u03bf\u03c5 DDS3666 \u03c5\u03b9\u03bf\u03b8\u03b5\u03c4\u03b5\u03af \u03c4\u03b7 \u03b4\u03b9\u03b1\u03b4\u03b9\u03ba\u03b1\u03c3\u03af\u03b1 SMT \u03ba\u03b1\u03b9 \u03c4\u03b7\u03bd \u03c4\u03b5\u03c7\u03bd\u03bf\u03bb\u03bf\u03b3\u03af\u03b1 \u03bf\u03bb\u03bf\u03ba\u03bb\u03b7\u03c1\u03c9\u03bc\u03ad\u03bd\u03c9\u03bd \u03ba\u03c5\u03ba\u03bb\u03c9\u03bc\u03ac\u03c4\u03c9\u03bd \u03c3\u03c4\u03b5\u03c1\u03b5\u03ac\u03c2 \u03ba\u03b1\u03c4\u03ac\u03c3\u03c4\u03b1\u03c3\u03b7\u03c2 \u03b5\u03be\u03b1\u03b9\u03c1\u03b5\u03c4\u03b9\u03ba\u03ac \u03c7\u03b1\u03bc\u03b7\u03bb\u03ae\u03c2 \u03ba\u03b1\u03c4\u03b1\u03bd\u03ac\u03bb\u03c9\u03c3\u03b7\u03c2 \u03b5\u03bd\u03ad\u03c1\u03b3\u03b5\u03b9\u03b1\u03c2, \u03c7\u03c1\u03b7\u03c3\u03b9\u03bc\u03bf\u03c0\u03bf\u03b9\u03b5\u03af\u03c4\u03b1\u03b9 \u03b3\u03b9\u03b1 \u03c4\u03b7 \u03bc\u03ad\u03c4\u03c1\u03b7\u03c3\u03b7 \u03c4\u03b7\u03c2 \u03b5\u03bd\u03b5\u03c1\u03b3\u03bf\u03cd \u03b7\u03bb\u03b5\u03ba\u03c4\u03c1\u03b9\u03ba\u03ae\u03c2 \u03b5\u03bd\u03ad\u03c1\u03b3\u03b5\u03b9\u03b1\u03c2 \u03bc\u03bf\u03bd\u03bf\u03c6\u03b1\u03c3\u03b9\u03ba\u03bf\u03cd AC 50\/60Hz.<br>\u039f \u03c4\u03c1\u03b9\u03c6\u03b1\u03c3\u03b9\u03ba\u03cc\u03c2 \u03b7\u03bb\u03b5\u03ba\u03c4\u03c1\u03bf\u03bd\u03b9\u03ba\u03cc\u03c2 \u03bc\u03b5\u03c4\u03c1\u03b7\u03c4\u03ae\u03c2 \u03b5\u03bd\u03ad\u03c1\u03b3\u03b5\u03b9\u03b1\u03c2 DTS3666 \u03c5\u03b9\u03bf\u03b8\u03b5\u03c4\u03b5\u03af \u03c4\u03b7 \u03bc\u03b9\u03ba\u03c1\u03bf\u03b7\u03bb\u03b5\u03ba\u03c4\u03c1\u03bf\u03bd\u03b9\u03ba\u03ae \u03c4\u03b5\u03c7\u03bd\u03bf\u03bb\u03bf\u03b3\u03af\u03b1 \u03b3\u03b9\u03b1 \u03c4\u03b7 \u03bc\u03ad\u03c4\u03c1\u03b7\u03c3\u03b7 \u03c4\u03b7\u03c2 \u03b5\u03bd\u03b5\u03c1\u03b3\u03ae\u03c2 \u03b5\u03bd\u03ad\u03c1\u03b3\u03b5\u03b9\u03b1\u03c2 \u03c4\u03c1\u03b9\u03c6\u03b1\u03c3\u03b9\u03ba\u03bf\u03cd \u03b5\u03bd\u03b1\u03bb\u03bb\u03b1\u03c3\u03c3\u03cc\u03bc\u03b5\u03bd\u03bf\u03c5 \u03c1\u03b5\u03cd\u03bc\u03b1\u03c4\u03bf\u03c2 \u03c3\u03c4\u03b7 \u03c3\u03c5\u03c7\u03bd\u03cc\u03c4\u03b7\u03c4\u03b1 \u03c4\u03c9\u03bd 50\/60 Hz \u03ba\u03b1\u03b9 \u03c4\u03b7 \u03bc\u03ad\u03c4\u03c1\u03b7\u03c3\u03b7 \u03cc\u03c7\u03b9 \u03bc\u03cc\u03bd\u03bf \u03c0\u03c1\u03bf\u03c2 \u03c4\u03b1 \u03b5\u03bc\u03c0\u03c1\u03cc\u03c2 \u03b1\u03bb\u03bb\u03ac \u03ba\u03b1\u03b9 \u03c0\u03c1\u03bf\u03c2 \u03c4\u03b7\u03bd \u03b1\u03bd\u03c4\u03af\u03c3\u03c4\u03c1\u03bf\u03c6\u03b7 \u03b5\u03bd\u03ad\u03c1\u03b3\u03b5\u03b9\u03b1. \u0391\u03c5\u03c4\u03cc\u03c2 \u03bf \u03bc\u03b5\u03c4\u03c1\u03b7\u03c4\u03ae\u03c2 \u03ad\u03c7\u03b5\u03b9 \u03b4\u03cd\u03bf \u03c4\u03c1\u03cc\u03c0\u03bf\u03c5\u03c2 \u03c3\u03cd\u03bd\u03b4\u03b5\u03c3\u03b7\u03c2: \u03b1\u03c0\u03b5\u03c5\u03b8\u03b5\u03af\u03b1\u03c2 \u03c3\u03cd\u03bd\u03b4\u03b5\u03c3\u03b7 \u03ba\u03b1\u03b9 \u03c3\u03cd\u03bd\u03b4\u03b5\u03c3\u03b7 CT.<br>\u03a4\u03b1 \u03c0\u03c1\u03bf\u03ca\u03cc\u03bd\u03c4\u03b1 \u03c3\u03c5\u03bc\u03bc\u03bf\u03c1\u03c6\u03ce\u03bd\u03bf\u03bd\u03c4\u03b1\u03b9 \u03bc\u03b5 \u03c4\u03b1 IEC62053-21 \u03ba\u03b1\u03b9 IEC62052-11.<\/p>\n\n\n\n<p><\/p>\n\n\n\n<p><strong>\u03a0\u03c1\u03bf\u03c3\u03b4\u03b9\u03bf\u03c1\u03b9\u03c3\u03bc\u03cc\u03c2<\/strong><\/p>\n\n\n<table width=\"893\">\n<tbody>\n<tr>\n<td style=\"text-align: center;\" width=\"217\">\u03a4\u03cd\u03c0\u03bf\u03c2<\/td>\n<td style=\"text-align: center;\" width=\"338\">DDS3666<\/td>\n<td style=\"text-align: center;\" width=\"338\">DTS3666<\/td>\n<\/tr>\n<tr>\n<td style=\"text-align: center;\">\u0395\u03c5\u03c1\u03b5\u03c4\u03ae\u03c1\u03b9\u03bf \u03c4\u03ac\u03be\u03b7\u03c2<\/td>\n<td style=\"text-align: center;\" colspan=\"2\">\u03a4\u03ac\u03be\u03b7 1 .\u03a4\u03ac\u03be\u03b7 2<\/td>\n<\/tr>\n<tr>\n<td style=\"text-align: center;\">\u039f\u03bd\u03bf\u03bc\u03b1\u03c3\u03c4\u03b9\u03ba\u03cc \u03c1\u03b5\u03cd\u03bc\u03b1 (A)<\/td>\n<td style=\"text-align: center;\" width=\"338\">1.5(6)A,5(20)A,10(40)A, 15(60)A,20(80)A,30(100)A<\/td>\n<td style=\"text-align: center;\" width=\"338\">3\u00d71,5 (6)A,3\u00d75(20)A,3x 10(40)A, 3\u00d715(60)A,3\u00d720(80)A,3\u00d730(100)A<\/td>\n<\/tr>\n<tr>\n<td style=\"text-align: center;\">\u039f\u03bd\u03bf\u03bc\u03b1\u03c3\u03c4\u03b9\u03ba\u03ae \u03c4\u03ac\u03c3\u03b7 (V)<\/td>\n<td style=\"text-align: center;\" width=\"338\">110\/120V 220\/230\/240V<\/td>\n<td style=\"text-align: center;\" width=\"338\">3X127\/220V 3X220\/380V<\/td>\n<\/tr>\n<tr>\n<td style=\"text-align: center;\">\u039f\u03bd\u03bf\u03bc\u03b1\u03c3\u03c4\u03b9\u03ba\u03ae \u03c3\u03c5\u03c7\u03bd\u03cc\u03c4\u03b7\u03c4\u03b1 (Hz)<\/td>\n<td style=\"text-align: center;\" colspan=\"2\">50\/60Hz<\/td>\n<\/tr>\n<\/tbody>\n<\/table>\n\n\n<p><\/p>\n\n\n\n<p><strong>\u0394\u03b9\u03b1\u03c3\u03c4\u03ac\u03c3\u03b5\u03b9\u03c2<\/strong><\/p>\n\n\n\n<figure class=\"wp-block-image size-large is-resized\"><img fetchpriority=\"high\" decoding=\"async\" src=\"https:\/\/www.tosunlux.eu\/wp-content\/uploads\/2022\/09\/Meter-Instruments-2023-2024-1024x803.jpg\" alt=\"\" class=\"wp-image-5074\" width=\"774\" height=\"606\" srcset=\"https:\/\/www.tosunlux.eu\/wp-content\/uploads\/2022\/09\/Meter-Instruments-2023-2024-1024x803.jpg 1024w, https:\/\/www.tosunlux.eu\/wp-content\/uploads\/2022\/09\/Meter-Instruments-2023-2024-300x235.jpg 300w, https:\/\/www.tosunlux.eu\/wp-content\/uploads\/2022\/09\/Meter-Instruments-2023-2024-768x602.jpg 768w, https:\/\/www.tosunlux.eu\/wp-content\/uploads\/2022\/09\/Meter-Instruments-2023-2024.jpg 1147w\" sizes=\"(max-width: 774px) 100vw, 774px\" \/><\/figure>","protected":false},"parent":0,"template":"","product_category":[75,125],"class_list":["post-5069","product","type-product","status-publish","hentry","product_category-instruments","product_category-energy-meter"],"yoast_head":"<!-- This site is optimized with the Yoast SEO plugin v27.5 - https:\/\/yoast.com\/product\/yoast-seo-wordpress\/ -->\n<title>WholesaleElectronic Energy Meter DDS3666\/DTS3666 - TOSUNlux Official Site - Electrical Circuit Breaker Manufacturer in China Low Voltage Electrical Supplier | TOSUNlux<\/title>\n<meta name=\"description\" content=\"Electronic Energy Meter DDS3666\/DTS3666 Supplier - Wholesale direct from TOSUNlux, a trusted manufacturer since 1994. Get your B2B factory quote on our certified Low Voltage electrical products.\" \/>\n<meta name=\"robots\" content=\"index, follow, max-snippet:-1, max-image-preview:large, max-video-preview:-1\" \/>\n<link rel=\"canonical\" href=\"https:\/\/www.tosunlux.eu\/el\/products\/electronic-energy-meter\/\" \/>\n<meta property=\"og:locale\" content=\"el_GR\" \/>\n<meta property=\"og:type\" content=\"article\" \/>\n<meta property=\"og:title\" content=\"WholesaleElectronic Energy Meter DDS3666\/DTS3666 - TOSUNlux Official Site - Electrical Circuit Breaker Manufacturer in China Low Voltage Electrical Supplier | TOSUNlux\" \/>\n<meta property=\"og:description\" content=\"Electronic Energy Meter DDS3666\/DTS3666 Supplier - Wholesale direct from TOSUNlux, a trusted manufacturer since 1994. Get your B2B factory quote on our certified Low Voltage electrical products.\" \/>\n<meta property=\"og:url\" content=\"https:\/\/www.tosunlux.eu\/el\/products\/electronic-energy-meter\/\" \/>\n<meta property=\"og:site_name\" content=\"TOSUNlux Official Site - Electrical Circuit Breaker Manufacturer in China\" \/>\n<meta property=\"article:publisher\" content=\"https:\/\/www.facebook.com\/TOSUNelectric\/\" \/>\n<meta property=\"article:modified_time\" content=\"2022-09-19T02:27:27+00:00\" \/>\n<meta property=\"og:image\" content=\"https:\/\/www.tosunlux.eu\/wp-content\/uploads\/2022\/09\/Meter-Instruments-2023-2024-1024x803.jpg\" \/>\n<meta name=\"twitter:card\" content=\"summary_large_image\" \/>\n<meta name=\"twitter:label1\" content=\"\u0395\u03ba\u03c4\u03b9\u03bc\u03ce\u03bc\u03b5\u03bd\u03bf\u03c2 \u03c7\u03c1\u03cc\u03bd\u03bf\u03c2 \u03b1\u03bd\u03ac\u03b3\u03bd\u03c9\u03c3\u03b7\u03c2\" \/>\n\t<meta name=\"twitter:data1\" content=\"1 \u03bb\u03b5\u03c0\u03c4\u03cc\" \/>\n<script type=\"application\/ld+json\" class=\"yoast-schema-graph\">{\"@context\":\"https:\\\/\\\/schema.org\",\"@graph\":[{\"@type\":\"WebPage\",\"@id\":\"https:\\\/\\\/www.tosunlux.eu\\\/fa\\\/products\\\/electronic-energy-meter\\\/\",\"url\":\"https:\\\/\\\/www.tosunlux.eu\\\/fa\\\/products\\\/electronic-energy-meter\\\/\",\"name\":\"WholesaleElectronic Energy Meter DDS3666\\\/DTS3666 - TOSUNlux Official Site - Electrical Circuit Breaker Manufacturer in China Low Voltage Electrical Supplier | TOSUNlux\",\"isPartOf\":{\"@id\":\"https:\\\/\\\/www.tosunlux.eu\\\/ru\\\/#website\"},\"primaryImageOfPage\":{\"@id\":\"https:\\\/\\\/www.tosunlux.eu\\\/fa\\\/products\\\/electronic-energy-meter\\\/#primaryimage\"},\"image\":{\"@id\":\"https:\\\/\\\/www.tosunlux.eu\\\/fa\\\/products\\\/electronic-energy-meter\\\/#primaryimage\"},\"thumbnailUrl\":\"https:\\\/\\\/www.tosunlux.eu\\\/wp-content\\\/uploads\\\/2022\\\/09\\\/Meter-Instruments-2023-2024-1024x803.jpg\",\"datePublished\":\"2022-09-16T09:01:14+00:00\",\"dateModified\":\"2022-09-19T02:27:27+00:00\",\"description\":\"Electronic Energy Meter DDS3666\\\/DTS3666 Supplier - Wholesale direct from TOSUNlux, a trusted manufacturer since 1994. Get your B2B factory quote on our certified Low Voltage electrical products.\",\"breadcrumb\":{\"@id\":\"https:\\\/\\\/www.tosunlux.eu\\\/fa\\\/products\\\/electronic-energy-meter\\\/#breadcrumb\"},\"inLanguage\":\"el\",\"potentialAction\":[{\"@type\":\"ReadAction\",\"target\":[\"https:\\\/\\\/www.tosunlux.eu\\\/fa\\\/products\\\/electronic-energy-meter\\\/\"]}]},{\"@type\":\"ImageObject\",\"inLanguage\":\"el\",\"@id\":\"https:\\\/\\\/www.tosunlux.eu\\\/fa\\\/products\\\/electronic-energy-meter\\\/#primaryimage\",\"url\":\"https:\\\/\\\/www.tosunlux.eu\\\/wp-content\\\/uploads\\\/2022\\\/09\\\/Meter-Instruments-2023-2024-1024x803.jpg\",\"contentUrl\":\"https:\\\/\\\/www.tosunlux.eu\\\/wp-content\\\/uploads\\\/2022\\\/09\\\/Meter-Instruments-2023-2024-1024x803.jpg\"},{\"@type\":\"BreadcrumbList\",\"@id\":\"https:\\\/\\\/www.tosunlux.eu\\\/fa\\\/products\\\/electronic-energy-meter\\\/#breadcrumb\",\"itemListElement\":[{\"@type\":\"ListItem\",\"position\":1,\"name\":\"Home\",\"item\":\"https:\\\/\\\/www.tosunlux.eu\\\/ru\\\/\"},{\"@type\":\"ListItem\",\"position\":2,\"name\":\"Products\",\"item\":\"https:\\\/\\\/www.tosunlux.eu\\\/products\\\/\"},{\"@type\":\"ListItem\",\"position\":3,\"name\":\"Electronic Energy Meter DDS3666\\\/DTS3666\"}]},{\"@type\":\"WebSite\",\"@id\":\"https:\\\/\\\/www.tosunlux.eu\\\/ru\\\/#website\",\"url\":\"https:\\\/\\\/www.tosunlux.eu\\\/ru\\\/\",\"name\":\"TOSUNlux Official Site - Electrical Circuit Breaker Manufacturer in China\",\"description\":\"Power Distribution System Supplier\",\"publisher\":{\"@id\":\"https:\\\/\\\/www.tosunlux.eu\\\/ru\\\/#organization\"},\"alternateName\":\"TOSUNlux\",\"potentialAction\":[{\"@type\":\"SearchAction\",\"target\":{\"@type\":\"EntryPoint\",\"urlTemplate\":\"https:\\\/\\\/www.tosunlux.eu\\\/ru\\\/?s={search_term_string}\"},\"query-input\":{\"@type\":\"PropertyValueSpecification\",\"valueRequired\":true,\"valueName\":\"search_term_string\"}}],\"inLanguage\":\"el\"},{\"@type\":\"Organization\",\"@id\":\"https:\\\/\\\/www.tosunlux.eu\\\/ru\\\/#organization\",\"name\":\"TOSUNlux\",\"url\":\"https:\\\/\\\/www.tosunlux.eu\\\/ru\\\/\",\"logo\":{\"@type\":\"ImageObject\",\"inLanguage\":\"el\",\"@id\":\"https:\\\/\\\/www.tosunlux.eu\\\/ru\\\/#\\\/schema\\\/logo\\\/image\\\/\",\"url\":\"https:\\\/\\\/www.tosunlux.eu\\\/wp-content\\\/uploads\\\/2022\\\/01\\\/LOGOSYSM.71762f1.png\",\"contentUrl\":\"https:\\\/\\\/www.tosunlux.eu\\\/wp-content\\\/uploads\\\/2022\\\/01\\\/LOGOSYSM.71762f1.png\",\"width\":153,\"height\":55,\"caption\":\"TOSUNlux\"},\"image\":{\"@id\":\"https:\\\/\\\/www.tosunlux.eu\\\/ru\\\/#\\\/schema\\\/logo\\\/image\\\/\"},\"sameAs\":[\"https:\\\/\\\/www.facebook.com\\\/TOSUNelectric\\\/\",\"https:\\\/\\\/www.linkedin.com\\\/company\\\/wenzhou-tosun-electric-co.-ltd\\\/\"]}]}<\/script>\n<!-- \/ Yoast SEO plugin. -->","yoast_head_json":{"title":"WholesaleElectronic Energy Meter DDS3666\/DTS3666 - TOSUNlux Official Site - Electrical Circuit Breaker Manufacturer in China Low Voltage Electrical Supplier | TOSUNlux","description":"Electronic Energy Meter DDS3666\/DTS3666 Supplier - Wholesale direct from TOSUNlux, a trusted manufacturer since 1994. Get your B2B factory quote on our certified Low Voltage electrical products.","robots":{"index":"index","follow":"follow","max-snippet":"max-snippet:-1","max-image-preview":"max-image-preview:large","max-video-preview":"max-video-preview:-1"},"canonical":"https:\/\/www.tosunlux.eu\/el\/products\/electronic-energy-meter\/","og_locale":"el_GR","og_type":"article","og_title":"WholesaleElectronic Energy Meter DDS3666\/DTS3666 - TOSUNlux Official Site - Electrical Circuit Breaker Manufacturer in China Low Voltage Electrical Supplier | TOSUNlux","og_description":"Electronic Energy Meter DDS3666\/DTS3666 Supplier - Wholesale direct from TOSUNlux, a trusted manufacturer since 1994. Get your B2B factory quote on our certified Low Voltage electrical products.","og_url":"https:\/\/www.tosunlux.eu\/el\/products\/electronic-energy-meter\/","og_site_name":"TOSUNlux Official Site - Electrical Circuit Breaker Manufacturer in China","article_publisher":"https:\/\/www.facebook.com\/TOSUNelectric\/","article_modified_time":"2022-09-19T02:27:27+00:00","og_image":[{"url":"https:\/\/www.tosunlux.eu\/wp-content\/uploads\/2022\/09\/Meter-Instruments-2023-2024-1024x803.jpg","type":"","width":"","height":""}],"twitter_card":"summary_large_image","twitter_misc":{"\u0395\u03ba\u03c4\u03b9\u03bc\u03ce\u03bc\u03b5\u03bd\u03bf\u03c2 \u03c7\u03c1\u03cc\u03bd\u03bf\u03c2 \u03b1\u03bd\u03ac\u03b3\u03bd\u03c9\u03c3\u03b7\u03c2":"1 \u03bb\u03b5\u03c0\u03c4\u03cc"},"schema":{"@context":"https:\/\/schema.org","@graph":[{"@type":"WebPage","@id":"https:\/\/www.tosunlux.eu\/fa\/products\/electronic-energy-meter\/","url":"https:\/\/www.tosunlux.eu\/fa\/products\/electronic-energy-meter\/","name":"WholesaleElectronic Energy Meter DDS3666\/DTS3666 - TOSUNlux Official Site - Electrical Circuit Breaker Manufacturer in China Low Voltage Electrical Supplier | TOSUNlux","isPartOf":{"@id":"https:\/\/www.tosunlux.eu\/ru\/#website"},"primaryImageOfPage":{"@id":"https:\/\/www.tosunlux.eu\/fa\/products\/electronic-energy-meter\/#primaryimage"},"image":{"@id":"https:\/\/www.tosunlux.eu\/fa\/products\/electronic-energy-meter\/#primaryimage"},"thumbnailUrl":"https:\/\/www.tosunlux.eu\/wp-content\/uploads\/2022\/09\/Meter-Instruments-2023-2024-1024x803.jpg","datePublished":"2022-09-16T09:01:14+00:00","dateModified":"2022-09-19T02:27:27+00:00","description":"Electronic Energy Meter DDS3666\/DTS3666 Supplier - Wholesale direct from TOSUNlux, a trusted manufacturer since 1994. Get your B2B factory quote on our certified Low Voltage electrical products.","breadcrumb":{"@id":"https:\/\/www.tosunlux.eu\/fa\/products\/electronic-energy-meter\/#breadcrumb"},"inLanguage":"el","potentialAction":[{"@type":"ReadAction","target":["https:\/\/www.tosunlux.eu\/fa\/products\/electronic-energy-meter\/"]}]},{"@type":"ImageObject","inLanguage":"el","@id":"https:\/\/www.tosunlux.eu\/fa\/products\/electronic-energy-meter\/#primaryimage","url":"https:\/\/www.tosunlux.eu\/wp-content\/uploads\/2022\/09\/Meter-Instruments-2023-2024-1024x803.jpg","contentUrl":"https:\/\/www.tosunlux.eu\/wp-content\/uploads\/2022\/09\/Meter-Instruments-2023-2024-1024x803.jpg"},{"@type":"BreadcrumbList","@id":"https:\/\/www.tosunlux.eu\/fa\/products\/electronic-energy-meter\/#breadcrumb","itemListElement":[{"@type":"ListItem","position":1,"name":"Home","item":"https:\/\/www.tosunlux.eu\/ru\/"},{"@type":"ListItem","position":2,"name":"Products","item":"https:\/\/www.tosunlux.eu\/products\/"},{"@type":"ListItem","position":3,"name":"Electronic Energy Meter DDS3666\/DTS3666"}]},{"@type":"WebSite","@id":"https:\/\/www.tosunlux.eu\/ru\/#website","url":"https:\/\/www.tosunlux.eu\/ru\/","name":"\u0395\u03c0\u03af\u03c3\u03b7\u03bc\u03bf\u03c2 \u03b9\u03c3\u03c4\u03cc\u03c4\u03bf\u03c0\u03bf\u03c2 TOSUNlux - \u039a\u03b1\u03c4\u03b1\u03c3\u03ba\u03b5\u03c5\u03b1\u03c3\u03c4\u03ae\u03c2 \u03b4\u03b9\u03b1\u03ba\u03cc\u03c0\u03c4\u03b7 \u03b7\u03bb\u03b5\u03ba\u03c4\u03c1\u03b9\u03ba\u03bf\u03cd \u03ba\u03c5\u03ba\u03bb\u03ce\u03bc\u03b1\u03c4\u03bf\u03c2 \u03c3\u03c4\u03b7\u03bd \u039a\u03af\u03bd\u03b1","description":"\u03a0\u03c1\u03bf\u03bc\u03b7\u03b8\u03b5\u03c5\u03c4\u03ae\u03c2 \u03a3\u03c5\u03c3\u03c4\u03b7\u03bc\u03ac\u03c4\u03c9\u03bd \u0394\u03b9\u03b1\u03bd\u03bf\u03bc\u03ae\u03c2 \u0395\u03bd\u03ad\u03c1\u03b3\u03b5\u03b9\u03b1\u03c2","publisher":{"@id":"https:\/\/www.tosunlux.eu\/ru\/#organization"},"alternateName":"TOSUNlux","potentialAction":[{"@type":"SearchAction","target":{"@type":"EntryPoint","urlTemplate":"https:\/\/www.tosunlux.eu\/ru\/?s={search_term_string}"},"query-input":{"@type":"PropertyValueSpecification","valueRequired":true,"valueName":"search_term_string"}}],"inLanguage":"el"},{"@type":"Organization","@id":"https:\/\/www.tosunlux.eu\/ru\/#organization","name":"TOSUNlux","url":"https:\/\/www.tosunlux.eu\/ru\/","logo":{"@type":"ImageObject","inLanguage":"el","@id":"https:\/\/www.tosunlux.eu\/ru\/#\/schema\/logo\/image\/","url":"https:\/\/www.tosunlux.eu\/wp-content\/uploads\/2022\/01\/LOGOSYSM.71762f1.png","contentUrl":"https:\/\/www.tosunlux.eu\/wp-content\/uploads\/2022\/01\/LOGOSYSM.71762f1.png","width":153,"height":55,"caption":"TOSUNlux"},"image":{"@id":"https:\/\/www.tosunlux.eu\/ru\/#\/schema\/logo\/image\/"},"sameAs":["https:\/\/www.facebook.com\/TOSUNelectric\/","https:\/\/www.linkedin.com\/company\/wenzhou-tosun-electric-co.-ltd\/"]}]}},"_links":{"self":[{"href":"https:\/\/www.tosunlux.eu\/el\/wp-json\/wp\/v2\/product\/5069","targetHints":{"allow":["GET"]}}],"collection":[{"href":"https:\/\/www.tosunlux.eu\/el\/wp-json\/wp\/v2\/product"}],"about":[{"href":"https:\/\/www.tosunlux.eu\/el\/wp-json\/wp\/v2\/types\/product"}],"version-history":[{"count":0,"href":"https:\/\/www.tosunlux.eu\/el\/wp-json\/wp\/v2\/product\/5069\/revisions"}],"wp:attachment":[{"href":"https:\/\/www.tosunlux.eu\/el\/wp-json\/wp\/v2\/media?parent=5069"}],"wp:term":[{"taxonomy":"product_category","embeddable":true,"href":"https:\/\/www.tosunlux.eu\/el\/wp-json\/wp\/v2\/product_category?post=5069"}],"curies":[{"name":"\u03b5\u03c1\u03b3\u03b1\u03c3\u03af\u03b1","href":"https:\/\/api.w.org\/{rel}","templated":true}]}}