{"id":1139,"date":"2022-04-14T17:29:49","date_gmt":"2022-04-14T09:29:49","guid":{"rendered":"https:\/\/www.tosunlux.eu\/?post_type=product&#038;p=1139"},"modified":"2023-09-13T11:16:47","modified_gmt":"2023-09-13T03:16:47","slug":"level-control-relay-trl8","status":"publish","type":"product","link":"https:\/\/www.tosunlux.eu\/es\/products\/level-control-relay-trl8\/","title":{"rendered":"Rel\u00e9 de control de nivel TRL8"},"content":{"rendered":"<pre class=\"wp-block-verse\"><strong>Aplicaciones<\/strong>\n\nDise\u00f1ado para monitorear el nivel en pozos, cuencas, embalses, tanques ......\n\n<strong>Caracter\u00edstica<\/strong>\n\nEn un dispositivo puede elegir las siguientes configuraciones: Modo de control de 2 niveles Modo de control de 1 nivel Elecci\u00f3n de la funci\u00f3n PUMP UP, PUMP DOWM. Sensibilidad ajustable mediante un potenci\u00f3metro (5-100 k\u03a9) Tensi\u00f3n de alimentaci\u00f3n separada galv\u00e1nicamente CA\/CC 24-240 V El estado del rel\u00e9 se indica mediante un LED. 1-MODULO , montaje en carril DIN.\n\n<strong>Par\u00e1metros t\u00e9cnicos<\/strong>\n\n\n<\/pre>\n\n\n<table style=\"height: 894px;\" width=\"581\">\n<tbody>\n<tr>\n<td style=\"text-align: center;\" width=\"196\">Modelo<\/td>\n<td style=\"text-align: center;\" width=\"128\">TRL8-01<\/td>\n<td style=\"text-align: center;\" width=\"171\">TRL8-02<\/td>\n<\/tr>\n<tr>\n<td style=\"text-align: center;\" width=\"196\">Funci\u00f3n<\/td>\n<td style=\"text-align: center;\" width=\"128\">modo de control de 2 niveles<\/td>\n<td style=\"text-align: center;\" width=\"171\">Modo de control de 2 o 1 nivel<\/td>\n<\/tr>\n<tr>\n<td style=\"text-align: center;\" width=\"196\">Terminales de suministro<\/td>\n<td style=\"text-align: center;\" colspan=\"2\" width=\"299\">A1-A2<\/td>\n<\/tr>\n<tr>\n<td style=\"text-align: center;\" width=\"196\">Rango de voltaje<\/td>\n<td style=\"text-align: center;\" colspan=\"2\" width=\"299\">CA\/CC 12-240 V (50-60 Hz)<\/td>\n<\/tr>\n<tr>\n<td style=\"text-align: center;\" width=\"196\">Aporte<\/td>\n<td style=\"text-align: center;\" colspan=\"2\" width=\"299\">2VA m\u00e1x.<\/td>\n<\/tr>\n<tr>\n<td style=\"text-align: center;\" width=\"196\">Tolerancia de tensi\u00f3n de alimentaci\u00f3n<\/td>\n<td style=\"text-align: center;\" colspan=\"2\" width=\"299\">-15%;+10%<\/td>\n<\/tr>\n<tr>\n<td style=\"text-align: center;\" width=\"196\">Sensibilidad (resistencia de entrada)<\/td>\n<td style=\"text-align: center;\" colspan=\"2\" width=\"299\">Ajustable en rango 5 k\u03a9-100k\u03a9<\/td>\n<\/tr>\n<tr>\n<td style=\"text-align: center;\" width=\"196\">Voltaje en electrodos<\/td>\n<td style=\"text-align: center;\" colspan=\"2\" width=\"299\">m\u00e1x. CA 5V<\/td>\n<\/tr>\n<tr>\n<td style=\"text-align: center;\" width=\"196\">Corriente en sonda<\/td>\n<td style=\"text-align: center;\" colspan=\"2\" width=\"299\">CA &lt;0.1mA<\/td>\n<\/tr>\n<tr>\n<td style=\"text-align: center;\" width=\"196\">Tiempo de respuesta<\/td>\n<td style=\"text-align: center;\" colspan=\"2\" width=\"299\">m\u00e1x.400ms<\/td>\n<\/tr>\n<tr>\n<td style=\"text-align: center;\" width=\"196\">Longitud m\u00e1xima de capacidad<\/td>\n<td style=\"text-align: center;\" colspan=\"2\" width=\"299\">800 m (sensibilidad 25 k\u03a9), 200 m (sensibilidad 100 k\u03a9)<\/td>\n<\/tr>\n<tr>\n<td style=\"text-align: center;\" width=\"196\">Capacidad m\u00e1xima del cable de la sonda<\/td>\n<td style=\"text-align: center;\" colspan=\"2\" width=\"299\">400 nF (sensibilidad 25 k\u03a9), 100 nF (sensibilidad 100 k\u03a9)<\/td>\n<\/tr>\n<tr>\n<td style=\"text-align: center;\" width=\"196\">Retardo de tiempo (t)<\/td>\n<td style=\"text-align: center;\" colspan=\"2\" width=\"299\">Ajustable, 0.1-10s<\/td>\n<\/tr>\n<tr>\n<td style=\"text-align: center;\" width=\"196\">Precisi\u00f3n en el ajuste (mec\u00e1nica)<\/td>\n<td style=\"text-align: center;\" colspan=\"2\" width=\"299\">\u00b110%<\/td>\n<\/tr>\n<tr>\n<td style=\"text-align: center;\" width=\"196\">Coeficiente de temperatura<\/td>\n<td style=\"text-align: center;\" colspan=\"2\" width=\"299\">0.05%\/\u00b0C,a=20\u2103(0.05%\u00b0F,a=68\u00b0F)<\/td>\n<\/tr>\n<tr>\n<td style=\"text-align: center;\" width=\"196\">Producci\u00f3n\u00a0<\/td>\n<td style=\"text-align: center;\" colspan=\"2\" width=\"299\">1XSPDT<\/td>\n<\/tr>\n<tr>\n<td style=\"text-align: center;\" width=\"196\">Valoraci\u00f3n actual<\/td>\n<td style=\"text-align: center;\" colspan=\"2\" width=\"299\">10A\/AC1<\/td>\n<\/tr>\n<tr>\n<td style=\"text-align: center;\" width=\"196\">Tensi\u00f3n de conmutaci\u00f3n<\/td>\n<td style=\"text-align: center;\" colspan=\"2\" width=\"299\">250 VCA\/24 VCC<\/td>\n<\/tr>\n<tr>\n<td style=\"text-align: center;\" width=\"196\">Min. capacidad de ruptura DC<\/td>\n<td style=\"text-align: center;\" colspan=\"2\" width=\"299\">500 mW<\/td>\n<\/tr>\n<tr>\n<td style=\"text-align: center;\" width=\"196\">Indicaci\u00f3n de salida<\/td>\n<td style=\"text-align: center;\" colspan=\"2\" width=\"299\">LED rojo<\/td>\n<\/tr>\n<tr>\n<td style=\"text-align: center;\" width=\"196\">Vida mec\u00e1nica<\/td>\n<td style=\"text-align: center;\" colspan=\"2\" width=\"299\">1\u00d710000000<\/td>\n<\/tr>\n<tr>\n<td style=\"text-align: center;\" width=\"196\">Vida el\u00e9ctrica (AC1)<\/td>\n<td style=\"text-align: center;\" colspan=\"2\" width=\"299\">1\u00d7100000<\/td>\n<\/tr>\n<tr>\n<td style=\"text-align: center;\" width=\"196\">Restablecer el tiempo<\/td>\n<td style=\"text-align: center;\" colspan=\"2\" width=\"299\">m\u00e1x.200ms<\/td>\n<\/tr>\n<tr>\n<td style=\"text-align: center;\" width=\"196\">Temperatura de funcionamiento<\/td>\n<td style=\"text-align: center;\" colspan=\"2\" width=\"299\">-20 \u00b0C a +55 \u00b0C (-4 \u00b0F a 131 \u00b0F)<\/td>\n<\/tr>\n<tr>\n<td style=\"text-align: center;\" width=\"196\">Temperatura de almacenamiento<\/td>\n<td style=\"text-align: center;\" colspan=\"2\" width=\"299\">\u00a0-35\u00b0C a +75\u00b0C(-22\u00b0\u2109 a 158\u00b0\u2109)<\/td>\n<\/tr>\n<tr>\n<td style=\"text-align: center;\" width=\"196\">Est\u00e1ndares<\/td>\n<td style=\"text-align: center;\" colspan=\"2\" width=\"299\">EN 60255-1<\/td>\n<\/tr>\n<\/tbody>\n<\/table>\n<p>Dimensi\u00f3n<\/p>\n<p>\u00a0<\/p>\n\n\n<figure class=\"wp-block-image size-large is-resized\"><img fetchpriority=\"high\" decoding=\"async\" src=\"https:\/\/www.tosunlux.eu\/wp-content\/uploads\/2022\/04\/DIMENSION-S2-1-1024x488.jpg\" alt=\"\" class=\"wp-image-1140\" width=\"575\" height=\"274\" srcset=\"https:\/\/www.tosunlux.eu\/wp-content\/uploads\/2022\/04\/DIMENSION-S2-1-1024x488.jpg 1024w, https:\/\/www.tosunlux.eu\/wp-content\/uploads\/2022\/04\/DIMENSION-S2-1-300x143.jpg 300w, https:\/\/www.tosunlux.eu\/wp-content\/uploads\/2022\/04\/DIMENSION-S2-1-768x366.jpg 768w, https:\/\/www.tosunlux.eu\/wp-content\/uploads\/2022\/04\/DIMENSION-S2-1-1536x732.jpg 1536w, https:\/\/www.tosunlux.eu\/wp-content\/uploads\/2022\/04\/DIMENSION-S2-1.jpg 1600w\" sizes=\"(max-width: 575px) 100vw, 575px\" \/><\/figure>","protected":false},"parent":0,"template":"","product_category":[35,92],"class_list":["post-1139","product","type-product","status-publish","hentry","product_category-industrial-control-devices","product_category-timer-relay"],"yoast_head":"<!-- This site is optimized with the Yoast SEO plugin v27.5 - https:\/\/yoast.com\/product\/yoast-seo-wordpress\/ -->\n<title>WholesaleLevel Control Relay TRL8 - TOSUNlux Official Site - Electrical Circuit Breaker Manufacturer in China Low Voltage Electrical Supplier | TOSUNlux<\/title>\n<meta name=\"description\" content=\"Level Control Relay TRL8 Supplier - Wholesale direct from TOSUNlux, a trusted manufacturer since 1994. Get your B2B factory quote on our certified Low Voltage electrical products.\" \/>\n<meta name=\"robots\" content=\"index, follow, max-snippet:-1, max-image-preview:large, max-video-preview:-1\" \/>\n<link rel=\"canonical\" href=\"https:\/\/www.tosunlux.eu\/es\/products\/level-control-relay-trl8\/\" \/>\n<meta property=\"og:locale\" content=\"es_ES\" \/>\n<meta property=\"og:type\" content=\"article\" \/>\n<meta property=\"og:title\" content=\"WholesaleLevel Control Relay TRL8 - TOSUNlux Official Site - Electrical Circuit Breaker Manufacturer in China Low Voltage Electrical Supplier | TOSUNlux\" \/>\n<meta property=\"og:description\" content=\"Level Control Relay TRL8 Supplier - Wholesale direct from TOSUNlux, a trusted manufacturer since 1994. Get your B2B factory quote on our certified Low Voltage electrical products.\" \/>\n<meta property=\"og:url\" content=\"https:\/\/www.tosunlux.eu\/es\/products\/level-control-relay-trl8\/\" \/>\n<meta property=\"og:site_name\" content=\"TOSUNlux Official Site - Electrical Circuit Breaker Manufacturer in China\" \/>\n<meta property=\"article:publisher\" content=\"https:\/\/www.facebook.com\/TOSUNelectric\/\" \/>\n<meta property=\"article:modified_time\" content=\"2023-09-13T03:16:47+00:00\" \/>\n<meta property=\"og:image\" content=\"https:\/\/www.tosunlux.eu\/wp-content\/uploads\/2022\/04\/DIMENSION-S2-1-1024x488.jpg\" \/>\n<meta name=\"twitter:card\" content=\"summary_large_image\" \/>\n<meta name=\"twitter:label1\" content=\"Tiempo de lectura\" \/>\n\t<meta name=\"twitter:data1\" content=\"1 minuto\" \/>\n<script type=\"application\/ld+json\" class=\"yoast-schema-graph\">{\"@context\":\"https:\\\/\\\/schema.org\",\"@graph\":[{\"@type\":\"WebPage\",\"@id\":\"https:\\\/\\\/www.tosunlux.eu\\\/products\\\/level-control-relay-trl8\\\/\",\"url\":\"https:\\\/\\\/www.tosunlux.eu\\\/products\\\/level-control-relay-trl8\\\/\",\"name\":\"WholesaleLevel Control Relay TRL8 - TOSUNlux Official Site - Electrical Circuit Breaker Manufacturer in China Low Voltage Electrical Supplier | TOSUNlux\",\"isPartOf\":{\"@id\":\"https:\\\/\\\/www.tosunlux.eu\\\/ru\\\/#website\"},\"primaryImageOfPage\":{\"@id\":\"https:\\\/\\\/www.tosunlux.eu\\\/products\\\/level-control-relay-trl8\\\/#primaryimage\"},\"image\":{\"@id\":\"https:\\\/\\\/www.tosunlux.eu\\\/products\\\/level-control-relay-trl8\\\/#primaryimage\"},\"thumbnailUrl\":\"https:\\\/\\\/www.tosunlux.eu\\\/wp-content\\\/uploads\\\/2022\\\/04\\\/DIMENSION-S2-1-1024x488.jpg\",\"datePublished\":\"2022-04-14T09:29:49+00:00\",\"dateModified\":\"2023-09-13T03:16:47+00:00\",\"description\":\"Level Control Relay TRL8 Supplier - Wholesale direct from TOSUNlux, a trusted manufacturer since 1994. Get your B2B factory quote on our certified Low Voltage electrical products.\",\"breadcrumb\":{\"@id\":\"https:\\\/\\\/www.tosunlux.eu\\\/products\\\/level-control-relay-trl8\\\/#breadcrumb\"},\"inLanguage\":\"es\",\"potentialAction\":[{\"@type\":\"ReadAction\",\"target\":[\"https:\\\/\\\/www.tosunlux.eu\\\/products\\\/level-control-relay-trl8\\\/\"]}]},{\"@type\":\"ImageObject\",\"inLanguage\":\"es\",\"@id\":\"https:\\\/\\\/www.tosunlux.eu\\\/products\\\/level-control-relay-trl8\\\/#primaryimage\",\"url\":\"https:\\\/\\\/www.tosunlux.eu\\\/wp-content\\\/uploads\\\/2022\\\/04\\\/DIMENSION-S2-1-1024x488.jpg\",\"contentUrl\":\"https:\\\/\\\/www.tosunlux.eu\\\/wp-content\\\/uploads\\\/2022\\\/04\\\/DIMENSION-S2-1-1024x488.jpg\"},{\"@type\":\"BreadcrumbList\",\"@id\":\"https:\\\/\\\/www.tosunlux.eu\\\/products\\\/level-control-relay-trl8\\\/#breadcrumb\",\"itemListElement\":[{\"@type\":\"ListItem\",\"position\":1,\"name\":\"Home\",\"item\":\"https:\\\/\\\/www.tosunlux.eu\\\/ru\\\/\"},{\"@type\":\"ListItem\",\"position\":2,\"name\":\"Products\",\"item\":\"https:\\\/\\\/www.tosunlux.eu\\\/products\\\/\"},{\"@type\":\"ListItem\",\"position\":3,\"name\":\"Level Control Relay TRL8\"}]},{\"@type\":\"WebSite\",\"@id\":\"https:\\\/\\\/www.tosunlux.eu\\\/ru\\\/#website\",\"url\":\"https:\\\/\\\/www.tosunlux.eu\\\/ru\\\/\",\"name\":\"TOSUNlux Official Site - Electrical Circuit Breaker Manufacturer in China\",\"description\":\"Power Distribution System Supplier\",\"publisher\":{\"@id\":\"https:\\\/\\\/www.tosunlux.eu\\\/ru\\\/#organization\"},\"alternateName\":\"TOSUNlux\",\"potentialAction\":[{\"@type\":\"SearchAction\",\"target\":{\"@type\":\"EntryPoint\",\"urlTemplate\":\"https:\\\/\\\/www.tosunlux.eu\\\/ru\\\/?s={search_term_string}\"},\"query-input\":{\"@type\":\"PropertyValueSpecification\",\"valueRequired\":true,\"valueName\":\"search_term_string\"}}],\"inLanguage\":\"es\"},{\"@type\":\"Organization\",\"@id\":\"https:\\\/\\\/www.tosunlux.eu\\\/ru\\\/#organization\",\"name\":\"TOSUNlux\",\"url\":\"https:\\\/\\\/www.tosunlux.eu\\\/ru\\\/\",\"logo\":{\"@type\":\"ImageObject\",\"inLanguage\":\"es\",\"@id\":\"https:\\\/\\\/www.tosunlux.eu\\\/ru\\\/#\\\/schema\\\/logo\\\/image\\\/\",\"url\":\"https:\\\/\\\/www.tosunlux.eu\\\/wp-content\\\/uploads\\\/2022\\\/01\\\/LOGOSYSM.71762f1.png\",\"contentUrl\":\"https:\\\/\\\/www.tosunlux.eu\\\/wp-content\\\/uploads\\\/2022\\\/01\\\/LOGOSYSM.71762f1.png\",\"width\":153,\"height\":55,\"caption\":\"TOSUNlux\"},\"image\":{\"@id\":\"https:\\\/\\\/www.tosunlux.eu\\\/ru\\\/#\\\/schema\\\/logo\\\/image\\\/\"},\"sameAs\":[\"https:\\\/\\\/www.facebook.com\\\/TOSUNelectric\\\/\",\"https:\\\/\\\/www.linkedin.com\\\/company\\\/wenzhou-tosun-electric-co.-ltd\\\/\"]}]}<\/script>\n<!-- \/ Yoast SEO plugin. -->","yoast_head_json":{"title":"Rel\u00e9 de control de nivel TRL8 al por mayor - Sitio oficial de TOSUNlux - Fabricante de disyuntores el\u00e9ctricos en China, proveedor de equipos el\u00e9ctricos de bajo voltaje | TOSUNlux","description":"Rel\u00e9 de control de nivel TRL8 Proveedor - Venta al por mayor directa de TOSUNlux, un fabricante confiable desde 1994. Obtenga su cotizaci\u00f3n de f\u00e1brica B2B en nuestros productos el\u00e9ctricos de bajo voltaje certificados.","robots":{"index":"index","follow":"follow","max-snippet":"max-snippet:-1","max-image-preview":"max-image-preview:large","max-video-preview":"max-video-preview:-1"},"canonical":"https:\/\/www.tosunlux.eu\/es\/products\/level-control-relay-trl8\/","og_locale":"es_ES","og_type":"article","og_title":"WholesaleLevel Control Relay TRL8 - TOSUNlux Official Site - Electrical Circuit Breaker Manufacturer in China Low Voltage Electrical Supplier | TOSUNlux","og_description":"Level Control Relay TRL8 Supplier - Wholesale direct from TOSUNlux, a trusted manufacturer since 1994. Get your B2B factory quote on our certified Low Voltage electrical products.","og_url":"https:\/\/www.tosunlux.eu\/es\/products\/level-control-relay-trl8\/","og_site_name":"TOSUNlux Official Site - Electrical Circuit Breaker Manufacturer in China","article_publisher":"https:\/\/www.facebook.com\/TOSUNelectric\/","article_modified_time":"2023-09-13T03:16:47+00:00","og_image":[{"url":"https:\/\/www.tosunlux.eu\/wp-content\/uploads\/2022\/04\/DIMENSION-S2-1-1024x488.jpg","type":"","width":"","height":""}],"twitter_card":"summary_large_image","twitter_misc":{"Tiempo de lectura":"1 minuto"},"schema":{"@context":"https:\/\/schema.org","@graph":[{"@type":"WebPage","@id":"https:\/\/www.tosunlux.eu\/products\/level-control-relay-trl8\/","url":"https:\/\/www.tosunlux.eu\/products\/level-control-relay-trl8\/","name":"Rel\u00e9 de control de nivel TRL8 al por mayor - Sitio oficial de TOSUNlux - Fabricante de disyuntores el\u00e9ctricos en China, proveedor de equipos el\u00e9ctricos de bajo voltaje | TOSUNlux","isPartOf":{"@id":"https:\/\/www.tosunlux.eu\/ru\/#website"},"primaryImageOfPage":{"@id":"https:\/\/www.tosunlux.eu\/products\/level-control-relay-trl8\/#primaryimage"},"image":{"@id":"https:\/\/www.tosunlux.eu\/products\/level-control-relay-trl8\/#primaryimage"},"thumbnailUrl":"https:\/\/www.tosunlux.eu\/wp-content\/uploads\/2022\/04\/DIMENSION-S2-1-1024x488.jpg","datePublished":"2022-04-14T09:29:49+00:00","dateModified":"2023-09-13T03:16:47+00:00","description":"Rel\u00e9 de control de nivel TRL8 Proveedor - Venta al por mayor directa de TOSUNlux, un fabricante confiable desde 1994. Obtenga su cotizaci\u00f3n de f\u00e1brica B2B en nuestros productos el\u00e9ctricos de bajo voltaje certificados.","breadcrumb":{"@id":"https:\/\/www.tosunlux.eu\/products\/level-control-relay-trl8\/#breadcrumb"},"inLanguage":"es","potentialAction":[{"@type":"ReadAction","target":["https:\/\/www.tosunlux.eu\/products\/level-control-relay-trl8\/"]}]},{"@type":"ImageObject","inLanguage":"es","@id":"https:\/\/www.tosunlux.eu\/products\/level-control-relay-trl8\/#primaryimage","url":"https:\/\/www.tosunlux.eu\/wp-content\/uploads\/2022\/04\/DIMENSION-S2-1-1024x488.jpg","contentUrl":"https:\/\/www.tosunlux.eu\/wp-content\/uploads\/2022\/04\/DIMENSION-S2-1-1024x488.jpg"},{"@type":"BreadcrumbList","@id":"https:\/\/www.tosunlux.eu\/products\/level-control-relay-trl8\/#breadcrumb","itemListElement":[{"@type":"ListItem","position":1,"name":"Home","item":"https:\/\/www.tosunlux.eu\/ru\/"},{"@type":"ListItem","position":2,"name":"Products","item":"https:\/\/www.tosunlux.eu\/products\/"},{"@type":"ListItem","position":3,"name":"Level Control Relay TRL8"}]},{"@type":"WebSite","@id":"https:\/\/www.tosunlux.eu\/ru\/#website","url":"https:\/\/www.tosunlux.eu\/ru\/","name":"Sitio oficial de TOSUNlux - Fabricante de disyuntores el\u00e9ctricos en China","description":"Proveedor de sistemas de distribuci\u00f3n de energ\u00eda","publisher":{"@id":"https:\/\/www.tosunlux.eu\/ru\/#organization"},"alternateName":"TOSUNlux","potentialAction":[{"@type":"SearchAction","target":{"@type":"EntryPoint","urlTemplate":"https:\/\/www.tosunlux.eu\/ru\/?s={search_term_string}"},"query-input":{"@type":"PropertyValueSpecification","valueRequired":true,"valueName":"search_term_string"}}],"inLanguage":"es"},{"@type":"Organization","@id":"https:\/\/www.tosunlux.eu\/ru\/#organization","name":"TOSUNlux","url":"https:\/\/www.tosunlux.eu\/ru\/","logo":{"@type":"ImageObject","inLanguage":"es","@id":"https:\/\/www.tosunlux.eu\/ru\/#\/schema\/logo\/image\/","url":"https:\/\/www.tosunlux.eu\/wp-content\/uploads\/2022\/01\/LOGOSYSM.71762f1.png","contentUrl":"https:\/\/www.tosunlux.eu\/wp-content\/uploads\/2022\/01\/LOGOSYSM.71762f1.png","width":153,"height":55,"caption":"TOSUNlux"},"image":{"@id":"https:\/\/www.tosunlux.eu\/ru\/#\/schema\/logo\/image\/"},"sameAs":["https:\/\/www.facebook.com\/TOSUNelectric\/","https:\/\/www.linkedin.com\/company\/wenzhou-tosun-electric-co.-ltd\/"]}]}},"_links":{"self":[{"href":"https:\/\/www.tosunlux.eu\/es\/wp-json\/wp\/v2\/product\/1139","targetHints":{"allow":["GET"]}}],"collection":[{"href":"https:\/\/www.tosunlux.eu\/es\/wp-json\/wp\/v2\/product"}],"about":[{"href":"https:\/\/www.tosunlux.eu\/es\/wp-json\/wp\/v2\/types\/product"}],"version-history":[{"count":1,"href":"https:\/\/www.tosunlux.eu\/es\/wp-json\/wp\/v2\/product\/1139\/revisions"}],"predecessor-version":[{"id":8040,"href":"https:\/\/www.tosunlux.eu\/es\/wp-json\/wp\/v2\/product\/1139\/revisions\/8040"}],"wp:attachment":[{"href":"https:\/\/www.tosunlux.eu\/es\/wp-json\/wp\/v2\/media?parent=1139"}],"wp:term":[{"taxonomy":"product_category","embeddable":true,"href":"https:\/\/www.tosunlux.eu\/es\/wp-json\/wp\/v2\/product_category?post=1139"}],"curies":[{"name":"gracias","href":"https:\/\/api.w.org\/{rel}","templated":true}]}}