{"id":1154,"date":"2022-04-15T13:54:21","date_gmt":"2022-04-15T05:54:21","guid":{"rendered":"https:\/\/www.tosunlux.eu\/?post_type=product&#038;p=1154"},"modified":"2022-04-19T13:34:57","modified_gmt":"2022-04-19T05:34:57","slug":"dual-function-time-relay-trt8-ec","status":"publish","type":"product","link":"https:\/\/www.tosunlux.eu\/es\/products\/dual-function-time-relay-trt8-ec\/","title":{"rendered":"Rel\u00e9 de tiempo de doble funci\u00f3n TRT8-EC"},"content":{"rendered":"<pre class=\"wp-block-verse\"><strong>Aplicaciones<\/strong>\n\nEl rel\u00e9 de tiempo de doble funci\u00f3n se puede utilizar para equipos industriales, control de iluminaci\u00f3n, control de elementos de calefacci\u00f3n, control de motores y ventiladores, con dos modos de retardo, y el rango de retardo cubre de 0,1 segundos a 10 d\u00edas.\n\n<\/pre>\n\n\n\n<pre class=\"wp-block-verse\"><strong>Caracter\u00edstica<\/strong>\n\nSe pueden configurar dos modos de retardo. Admite dos tipos de voltaje de funcionamiento AC230V, AC\/DC24V. Rango de retardo ultra amplio, se pueden configurar 0,1 segundos - 10 d\u00edas. El indicador LED indica el estado de funcionamiento del rel\u00e9. Tama\u00f1o ultra peque\u00f1o, solo 18 mm de ancho, instalaci\u00f3n de riel de 35 mm.\n\n<strong>Par\u00e1metros t\u00e9cnicos<\/strong>\n\n<\/pre>\n\n\n\n<figure class=\"wp-block-table\"><table><tbody><tr><td>Modelo<\/td><td>TRT8-EC<\/td><\/tr><tr><td>Funci\u00f3n<\/td><td>Retardo de encendido, retardo de apagado<\/td><\/tr><tr><td>Terminales de suministro<\/td><td>A1-A2 (230 V CA), A1-A3 (24 V CA\/CC)<\/td><\/tr><tr><td>Rango de voltaje<\/td><td>CA 230 V (50-60 Hz), CA\/CC 24 V<\/td><\/tr><tr><td>Entrada de alimentaci\u00f3n<\/td><td>CA m\u00e1x.6VA\/1.3W<\/td><\/tr><tr><td>Tolerancia de tensi\u00f3n de alimentaci\u00f3n<\/td><td>-15%;+10%<\/td><\/tr><tr><td>Indicaci\u00f3n de suministro<\/td><td>LED verde<\/td><\/tr><tr><td>rangos de tiempo<\/td><td>0,1 s-10 d\u00edas<\/td><\/tr><tr><td>Configuracion de hora<\/td><td>potenci\u00f3metro<\/td><\/tr><tr><td>Desviaci\u00f3n de tiempo<\/td><td>\u226410%<\/td><\/tr><tr><td>Precisi\u00f3n de repetici\u00f3n<\/td><td>Estabilidad del valor 0.2%-set<\/td><\/tr><tr><td>Coeficiente de temperatura<\/td><td>0.05%\/C,a=20\u2103(0.05%\u00b0F,a=68\u00b0F)<\/td><\/tr><tr><td>Producci\u00f3n<\/td><td>1xSPDT<\/td><\/tr><tr><td>Valoraci\u00f3n actual<\/td><td>1x10A(AC1)<\/td><\/tr><tr><td>Tensi\u00f3n de conmutaci\u00f3n<\/td><td>250 VCA\/24 VCC<\/td><\/tr><tr><td>Min. capacidad de ruptura DC<\/td><td>500 mW<\/td><\/tr><tr><td>Indicaci\u00f3n de salida<\/td><td>LED rojo<\/td><\/tr><tr><td>Vida mec\u00e1nica<\/td><td>1\u00d710000000<\/td><\/tr><tr><td>Vida el\u00e9ctrica (AC1)<\/td><td>1\u00d7100000<\/td><\/tr><tr><td>Restablecer el tiempo<\/td><td>m\u00e1x.200ms<\/td><\/tr><tr><td>Temperatura de funcionamiento<\/td><td>&nbsp;-20 \u2103 a +55 \u2103 (-4 \u2109 a 131 \u2109)<\/td><\/tr><tr><td>Temperatura de almacenamiento<\/td><td>&nbsp;-35 \u00b0C a +75 \u00b0C (-22 \u00b0F a 158 \u00b0F)<\/td><\/tr><\/tbody><\/table><\/figure>\n\n\n\n<p><\/p>\n\n\n<p><strong>Dimensi\u00f3n<\/strong><\/p>\n\n\n<figure class=\"wp-block-image size-large is-resized\"><img fetchpriority=\"high\" decoding=\"async\" src=\"https:\/\/www.tosunlux.eu\/wp-content\/uploads\/2022\/04\/DIMENSION-S2-2-1024x513.jpg\" alt=\"\" class=\"wp-image-1158\" width=\"554\" height=\"276\" srcset=\"https:\/\/www.tosunlux.eu\/wp-content\/uploads\/2022\/04\/DIMENSION-S2-2-300x150.jpg 300w, https:\/\/www.tosunlux.eu\/wp-content\/uploads\/2022\/04\/DIMENSION-S2-2-1536x769.jpg 1536w\" sizes=\"(max-width: 554px) 100vw, 554px\" \/><\/figure>\n\n\n\n<p><\/p>","protected":false},"parent":0,"template":"","product_category":[35,92],"class_list":["post-1154","product","type-product","status-publish","hentry","product_category-industrial-control-devices","product_category-timer-relay"],"yoast_head":"<!-- This site is optimized with the Yoast SEO plugin v27.5 - https:\/\/yoast.com\/product\/yoast-seo-wordpress\/ -->\n<title>WholesaleDual Function Time Relay TRT8-EC - TOSUNlux Official Site - Electrical Circuit Breaker Manufacturer in China Low Voltage Electrical Supplier | TOSUNlux<\/title>\n<meta name=\"description\" content=\"Dual Function Time Relay TRT8-EC Supplier - Wholesale direct from TOSUNlux, a trusted manufacturer since 1994. Get your B2B factory quote on our certified Low Voltage electrical products.\" \/>\n<meta name=\"robots\" content=\"index, follow, max-snippet:-1, max-image-preview:large, max-video-preview:-1\" \/>\n<link rel=\"canonical\" href=\"https:\/\/www.tosunlux.eu\/es\/products\/dual-function-time-relay-trt8-ec\/\" \/>\n<meta property=\"og:locale\" content=\"es_ES\" \/>\n<meta property=\"og:type\" content=\"article\" \/>\n<meta property=\"og:title\" content=\"WholesaleDual Function Time Relay TRT8-EC - TOSUNlux Official Site - Electrical Circuit Breaker Manufacturer in China Low Voltage Electrical Supplier | TOSUNlux\" \/>\n<meta property=\"og:description\" content=\"Dual Function Time Relay TRT8-EC Supplier - Wholesale direct from TOSUNlux, a trusted manufacturer since 1994. Get your B2B factory quote on our certified Low Voltage electrical products.\" \/>\n<meta property=\"og:url\" content=\"https:\/\/www.tosunlux.eu\/es\/products\/dual-function-time-relay-trt8-ec\/\" \/>\n<meta property=\"og:site_name\" content=\"TOSUNlux Official Site - Electrical Circuit Breaker Manufacturer in China\" \/>\n<meta property=\"article:publisher\" content=\"https:\/\/www.facebook.com\/TOSUNelectric\/\" \/>\n<meta property=\"article:modified_time\" content=\"2022-04-19T05:34:57+00:00\" \/>\n<meta property=\"og:image\" content=\"https:\/\/www.tosunlux.eu\/wp-content\/uploads\/2022\/04\/DIMENSION-S2-2-1024x513.jpg\" \/>\n<meta name=\"twitter:card\" content=\"summary_large_image\" \/>\n<meta name=\"twitter:label1\" content=\"Tiempo de lectura\" \/>\n\t<meta name=\"twitter:data1\" content=\"1 minuto\" \/>\n<script type=\"application\/ld+json\" class=\"yoast-schema-graph\">{\"@context\":\"https:\\\/\\\/schema.org\",\"@graph\":[{\"@type\":\"WebPage\",\"@id\":\"https:\\\/\\\/www.tosunlux.eu\\\/ar\\\/products\\\/dual-function-time-relay-trt8-ec\\\/\",\"url\":\"https:\\\/\\\/www.tosunlux.eu\\\/ar\\\/products\\\/dual-function-time-relay-trt8-ec\\\/\",\"name\":\"WholesaleDual Function Time Relay TRT8-EC - TOSUNlux Official Site - Electrical Circuit Breaker Manufacturer in China Low Voltage Electrical Supplier | TOSUNlux\",\"isPartOf\":{\"@id\":\"https:\\\/\\\/www.tosunlux.eu\\\/ru\\\/#website\"},\"primaryImageOfPage\":{\"@id\":\"https:\\\/\\\/www.tosunlux.eu\\\/ar\\\/products\\\/dual-function-time-relay-trt8-ec\\\/#primaryimage\"},\"image\":{\"@id\":\"https:\\\/\\\/www.tosunlux.eu\\\/ar\\\/products\\\/dual-function-time-relay-trt8-ec\\\/#primaryimage\"},\"thumbnailUrl\":\"https:\\\/\\\/www.tosunlux.eu\\\/wp-content\\\/uploads\\\/2022\\\/04\\\/DIMENSION-S2-2-1024x513.jpg\",\"datePublished\":\"2022-04-15T05:54:21+00:00\",\"dateModified\":\"2022-04-19T05:34:57+00:00\",\"description\":\"Dual Function Time Relay TRT8-EC Supplier - Wholesale direct from TOSUNlux, a trusted manufacturer since 1994. Get your B2B factory quote on our certified Low Voltage electrical products.\",\"breadcrumb\":{\"@id\":\"https:\\\/\\\/www.tosunlux.eu\\\/ar\\\/products\\\/dual-function-time-relay-trt8-ec\\\/#breadcrumb\"},\"inLanguage\":\"es\",\"potentialAction\":[{\"@type\":\"ReadAction\",\"target\":[\"https:\\\/\\\/www.tosunlux.eu\\\/ar\\\/products\\\/dual-function-time-relay-trt8-ec\\\/\"]}]},{\"@type\":\"ImageObject\",\"inLanguage\":\"es\",\"@id\":\"https:\\\/\\\/www.tosunlux.eu\\\/ar\\\/products\\\/dual-function-time-relay-trt8-ec\\\/#primaryimage\",\"url\":\"https:\\\/\\\/www.tosunlux.eu\\\/wp-content\\\/uploads\\\/2022\\\/04\\\/DIMENSION-S2-2-1024x513.jpg\",\"contentUrl\":\"https:\\\/\\\/www.tosunlux.eu\\\/wp-content\\\/uploads\\\/2022\\\/04\\\/DIMENSION-S2-2-1024x513.jpg\"},{\"@type\":\"BreadcrumbList\",\"@id\":\"https:\\\/\\\/www.tosunlux.eu\\\/ar\\\/products\\\/dual-function-time-relay-trt8-ec\\\/#breadcrumb\",\"itemListElement\":[{\"@type\":\"ListItem\",\"position\":1,\"name\":\"Home\",\"item\":\"https:\\\/\\\/www.tosunlux.eu\\\/ru\\\/\"},{\"@type\":\"ListItem\",\"position\":2,\"name\":\"Products\",\"item\":\"https:\\\/\\\/www.tosunlux.eu\\\/products\\\/\"},{\"@type\":\"ListItem\",\"position\":3,\"name\":\"Dual Function Time Relay TRT8-EC\"}]},{\"@type\":\"WebSite\",\"@id\":\"https:\\\/\\\/www.tosunlux.eu\\\/ru\\\/#website\",\"url\":\"https:\\\/\\\/www.tosunlux.eu\\\/ru\\\/\",\"name\":\"TOSUNlux Official Site - Electrical Circuit Breaker Manufacturer in China\",\"description\":\"Power Distribution System Supplier\",\"publisher\":{\"@id\":\"https:\\\/\\\/www.tosunlux.eu\\\/ru\\\/#organization\"},\"alternateName\":\"TOSUNlux\",\"potentialAction\":[{\"@type\":\"SearchAction\",\"target\":{\"@type\":\"EntryPoint\",\"urlTemplate\":\"https:\\\/\\\/www.tosunlux.eu\\\/ru\\\/?s={search_term_string}\"},\"query-input\":{\"@type\":\"PropertyValueSpecification\",\"valueRequired\":true,\"valueName\":\"search_term_string\"}}],\"inLanguage\":\"es\"},{\"@type\":\"Organization\",\"@id\":\"https:\\\/\\\/www.tosunlux.eu\\\/ru\\\/#organization\",\"name\":\"TOSUNlux\",\"url\":\"https:\\\/\\\/www.tosunlux.eu\\\/ru\\\/\",\"logo\":{\"@type\":\"ImageObject\",\"inLanguage\":\"es\",\"@id\":\"https:\\\/\\\/www.tosunlux.eu\\\/ru\\\/#\\\/schema\\\/logo\\\/image\\\/\",\"url\":\"https:\\\/\\\/www.tosunlux.eu\\\/wp-content\\\/uploads\\\/2022\\\/01\\\/LOGOSYSM.71762f1.png\",\"contentUrl\":\"https:\\\/\\\/www.tosunlux.eu\\\/wp-content\\\/uploads\\\/2022\\\/01\\\/LOGOSYSM.71762f1.png\",\"width\":153,\"height\":55,\"caption\":\"TOSUNlux\"},\"image\":{\"@id\":\"https:\\\/\\\/www.tosunlux.eu\\\/ru\\\/#\\\/schema\\\/logo\\\/image\\\/\"},\"sameAs\":[\"https:\\\/\\\/www.facebook.com\\\/TOSUNelectric\\\/\",\"https:\\\/\\\/www.linkedin.com\\\/company\\\/wenzhou-tosun-electric-co.-ltd\\\/\"]}]}<\/script>\n<!-- \/ Yoast SEO plugin. -->","yoast_head_json":{"title":"WholesaleDual Function Time Relay TRT8-EC - TOSUNlux Official Site - Electrical Circuit Breaker Manufacturer in China Low Voltage Electrical Supplier | TOSUNlux","description":"Dual Function Time Relay TRT8-EC Supplier - Wholesale direct from TOSUNlux, a trusted manufacturer since 1994. Get your B2B factory quote on our certified Low Voltage electrical products.","robots":{"index":"index","follow":"follow","max-snippet":"max-snippet:-1","max-image-preview":"max-image-preview:large","max-video-preview":"max-video-preview:-1"},"canonical":"https:\/\/www.tosunlux.eu\/es\/products\/dual-function-time-relay-trt8-ec\/","og_locale":"es_ES","og_type":"article","og_title":"WholesaleDual Function Time Relay TRT8-EC - TOSUNlux Official Site - Electrical Circuit Breaker Manufacturer in China Low Voltage Electrical Supplier | TOSUNlux","og_description":"Dual Function Time Relay TRT8-EC Supplier - Wholesale direct from TOSUNlux, a trusted manufacturer since 1994. Get your B2B factory quote on our certified Low Voltage electrical products.","og_url":"https:\/\/www.tosunlux.eu\/es\/products\/dual-function-time-relay-trt8-ec\/","og_site_name":"TOSUNlux Official Site - Electrical Circuit Breaker Manufacturer in China","article_publisher":"https:\/\/www.facebook.com\/TOSUNelectric\/","article_modified_time":"2022-04-19T05:34:57+00:00","og_image":[{"url":"https:\/\/www.tosunlux.eu\/wp-content\/uploads\/2022\/04\/DIMENSION-S2-2-1024x513.jpg","type":"","width":"","height":""}],"twitter_card":"summary_large_image","twitter_misc":{"Tiempo de lectura":"1 minuto"},"schema":{"@context":"https:\/\/schema.org","@graph":[{"@type":"WebPage","@id":"https:\/\/www.tosunlux.eu\/ar\/products\/dual-function-time-relay-trt8-ec\/","url":"https:\/\/www.tosunlux.eu\/ar\/products\/dual-function-time-relay-trt8-ec\/","name":"WholesaleDual Function Time Relay TRT8-EC - TOSUNlux Official Site - Electrical Circuit Breaker Manufacturer in China Low Voltage Electrical Supplier | TOSUNlux","isPartOf":{"@id":"https:\/\/www.tosunlux.eu\/ru\/#website"},"primaryImageOfPage":{"@id":"https:\/\/www.tosunlux.eu\/ar\/products\/dual-function-time-relay-trt8-ec\/#primaryimage"},"image":{"@id":"https:\/\/www.tosunlux.eu\/ar\/products\/dual-function-time-relay-trt8-ec\/#primaryimage"},"thumbnailUrl":"https:\/\/www.tosunlux.eu\/wp-content\/uploads\/2022\/04\/DIMENSION-S2-2-1024x513.jpg","datePublished":"2022-04-15T05:54:21+00:00","dateModified":"2022-04-19T05:34:57+00:00","description":"Dual Function Time Relay TRT8-EC Supplier - Wholesale direct from TOSUNlux, a trusted manufacturer since 1994. Get your B2B factory quote on our certified Low Voltage electrical products.","breadcrumb":{"@id":"https:\/\/www.tosunlux.eu\/ar\/products\/dual-function-time-relay-trt8-ec\/#breadcrumb"},"inLanguage":"es","potentialAction":[{"@type":"ReadAction","target":["https:\/\/www.tosunlux.eu\/ar\/products\/dual-function-time-relay-trt8-ec\/"]}]},{"@type":"ImageObject","inLanguage":"es","@id":"https:\/\/www.tosunlux.eu\/ar\/products\/dual-function-time-relay-trt8-ec\/#primaryimage","url":"https:\/\/www.tosunlux.eu\/wp-content\/uploads\/2022\/04\/DIMENSION-S2-2-1024x513.jpg","contentUrl":"https:\/\/www.tosunlux.eu\/wp-content\/uploads\/2022\/04\/DIMENSION-S2-2-1024x513.jpg"},{"@type":"BreadcrumbList","@id":"https:\/\/www.tosunlux.eu\/ar\/products\/dual-function-time-relay-trt8-ec\/#breadcrumb","itemListElement":[{"@type":"ListItem","position":1,"name":"Home","item":"https:\/\/www.tosunlux.eu\/ru\/"},{"@type":"ListItem","position":2,"name":"Products","item":"https:\/\/www.tosunlux.eu\/products\/"},{"@type":"ListItem","position":3,"name":"Dual Function Time Relay TRT8-EC"}]},{"@type":"WebSite","@id":"https:\/\/www.tosunlux.eu\/ru\/#website","url":"https:\/\/www.tosunlux.eu\/ru\/","name":"Sitio oficial de TOSUNlux - Fabricante de disyuntores el\u00e9ctricos en China","description":"Proveedor de sistemas de distribuci\u00f3n de energ\u00eda","publisher":{"@id":"https:\/\/www.tosunlux.eu\/ru\/#organization"},"alternateName":"TOSUNlux","potentialAction":[{"@type":"SearchAction","target":{"@type":"EntryPoint","urlTemplate":"https:\/\/www.tosunlux.eu\/ru\/?s={search_term_string}"},"query-input":{"@type":"PropertyValueSpecification","valueRequired":true,"valueName":"search_term_string"}}],"inLanguage":"es"},{"@type":"Organization","@id":"https:\/\/www.tosunlux.eu\/ru\/#organization","name":"TOSUNlux","url":"https:\/\/www.tosunlux.eu\/ru\/","logo":{"@type":"ImageObject","inLanguage":"es","@id":"https:\/\/www.tosunlux.eu\/ru\/#\/schema\/logo\/image\/","url":"https:\/\/www.tosunlux.eu\/wp-content\/uploads\/2022\/01\/LOGOSYSM.71762f1.png","contentUrl":"https:\/\/www.tosunlux.eu\/wp-content\/uploads\/2022\/01\/LOGOSYSM.71762f1.png","width":153,"height":55,"caption":"TOSUNlux"},"image":{"@id":"https:\/\/www.tosunlux.eu\/ru\/#\/schema\/logo\/image\/"},"sameAs":["https:\/\/www.facebook.com\/TOSUNelectric\/","https:\/\/www.linkedin.com\/company\/wenzhou-tosun-electric-co.-ltd\/"]}]}},"_links":{"self":[{"href":"https:\/\/www.tosunlux.eu\/es\/wp-json\/wp\/v2\/product\/1154","targetHints":{"allow":["GET"]}}],"collection":[{"href":"https:\/\/www.tosunlux.eu\/es\/wp-json\/wp\/v2\/product"}],"about":[{"href":"https:\/\/www.tosunlux.eu\/es\/wp-json\/wp\/v2\/types\/product"}],"version-history":[{"count":1,"href":"https:\/\/www.tosunlux.eu\/es\/wp-json\/wp\/v2\/product\/1154\/revisions"}],"predecessor-version":[{"id":8044,"href":"https:\/\/www.tosunlux.eu\/es\/wp-json\/wp\/v2\/product\/1154\/revisions\/8044"}],"wp:attachment":[{"href":"https:\/\/www.tosunlux.eu\/es\/wp-json\/wp\/v2\/media?parent=1154"}],"wp:term":[{"taxonomy":"product_category","embeddable":true,"href":"https:\/\/www.tosunlux.eu\/es\/wp-json\/wp\/v2\/product_category?post=1154"}],"curies":[{"name":"gracias","href":"https:\/\/api.w.org\/{rel}","templated":true}]}}