{"id":1167,"date":"2022-04-15T16:36:56","date_gmt":"2022-04-15T08:36:56","guid":{"rendered":"https:\/\/www.tosunlux.eu\/?post_type=product&#038;p=1167"},"modified":"2025-11-24T13:56:40","modified_gmt":"2025-11-24T05:56:40","slug":"pulse-output-time-relay-trt8","status":"publish","type":"product","link":"https:\/\/www.tosunlux.eu\/es\/products\/pulse-output-time-relay-trt8\/","title":{"rendered":"Rel\u00e9 de tiempo de salida de pulsos TRT8"},"content":{"rendered":"<pre class=\"wp-block-verse\"><strong>Aplicaciones<\/strong>\n\nSe utiliza para retrasar y generar un pulso, que se utiliza para retrasar la conexi\u00f3n de una carga por un per\u00edodo de tiempo.\n\n<strong>Caracter\u00edstica<\/strong>\n\nLa configuraci\u00f3n separada del tiempo de retardo y el ancho del pulso puede establecer diferentes tiempos de retardo. Escala de tiempo 0,1 s - 100 d\u00edas. El tiempo de retardo se puede restablecer cortocircuitando S-A1. Con AC\/DC 12V-240V, las especificaciones de voltaje operativo ultra amplio son opcionales. El estado del rel\u00e9 se indica mediante LED. 1-MODULO,montaje en carril DIN.\n\n<strong>Par\u00e1metros t\u00e9cnicos<\/strong><\/pre>\n\n\n\n<figure class=\"wp-block-table\"><table class=\"has-fixed-layout\"><tbody><tr><td>Modelo<\/td><td>TRT8-P1<\/td><td>TRT8-P2<\/td><\/tr><tr><td>Funci\u00f3n<\/td><td colspan=\"2\">Rel\u00e9 de tiempo de salida de pulso<\/td><\/tr><tr><td>Terminales de suministro<\/td><td colspan=\"2\">A1-A2<\/td><\/tr><tr><td>Rango de voltaje<\/td><td colspan=\"2\">CA\/CC 12-240 V (50-60 Hz)<\/td><\/tr><tr><td>Carga<\/td><td colspan=\"2\">CA 0.09-3VA\/CC 0.05-1.7W<\/td><\/tr><tr><td>Rango de voltaje<\/td><td colspan=\"2\">230 V CA (50-60 Hz)<\/td><\/tr><tr><td>Entrada de alimentaci\u00f3n<\/td><td>CA m\u00e1x.6VA\/1.3W<\/td><td>CA m\u00e1x.6VA\/1.9W<\/td><\/tr><tr><td>Tolerancia de tensi\u00f3n de alimentaci\u00f3n<\/td><td colspan=\"2\">-15%;+10%<\/td><\/tr><tr><td>Indicaci\u00f3n de suministro<\/td><td colspan=\"2\">LED verde<\/td><\/tr><tr><td>rangos de tiempo<\/td><td colspan=\"2\">0,1 s-100 d\u00edas<\/td><\/tr><tr><td>Configuracion de hora<\/td><td colspan=\"2\">potenci\u00f3metro<\/td><\/tr><tr><td>Desviaci\u00f3n de tiempo<\/td><td colspan=\"2\">10%-ajuste mec\u00e1nico<\/td><\/tr><tr><td>Precisi\u00f3n de repetici\u00f3n<\/td><td colspan=\"2\">Estabilidad del valor 0.2%-set<\/td><\/tr><tr><td>Coeficiente de temperatura<\/td><td colspan=\"2\">&nbsp;0.05%\/\u2103,a=20\u00b0C(0.05%\u00b0F,a=68\u00b0F<\/td><\/tr><tr><td>Producci\u00f3n&nbsp;<\/td><td>1xSPDT<\/td><td>2xSPDT<\/td><\/tr><tr><td>Valoraci\u00f3n actual<\/td><td>1x16A(AC1)<\/td><td>2x16A(AC1)<\/td><\/tr><tr><td>Voltaje de conmutaci\u00f3n<\/td><td colspan=\"2\">250 VCA\/24 VCC<\/td><\/tr><tr><td>Min. capacidad de ruptura DC<\/td><td colspan=\"2\">500 mW<\/td><\/tr><tr><td>Indicaci\u00f3n de salida<\/td><td colspan=\"2\">LED rojo<\/td><\/tr><tr><td>Vida mec\u00e1nica<\/td><td colspan=\"2\">1\u00d710000000<\/td><\/tr><tr><td>Vida el\u00e9ctrica (AC1)<\/td><td colspan=\"2\">1\u00d7100000<\/td><\/tr><tr><td>Restablecer el tiempo<\/td><td colspan=\"2\">m\u00e1x.200ms<\/td><\/tr><tr><td>Temperatura de funcionamiento<\/td><td colspan=\"2\">&nbsp;-20 \u2103 a +55 \u2103 (-4 \u2109 a 131 \u2109)<\/td><\/tr><tr><td>Temperatura de almacenamiento<\/td><td colspan=\"2\">&nbsp;-35 \u00b0C a +75 \u00b0C (-22 \u00b0F a 158 \u00b0F)<\/td><\/tr><\/tbody><\/table><\/figure>\n\n\n\n<p><strong>Dimensi\u00f3n<\/strong><\/p>\n\n\n\n<figure class=\"wp-block-image size-large is-resized\"><img fetchpriority=\"high\" decoding=\"async\" width=\"1024\" height=\"538\" src=\"https:\/\/www.tosunlux.eu\/wp-content\/uploads\/2022\/04\/DIMENSION-S2-5-1024x538.jpg\" alt=\"\" class=\"wp-image-1169\" style=\"width:479px;height:251px\" srcset=\"https:\/\/www.tosunlux.eu\/wp-content\/uploads\/2022\/04\/DIMENSION-S2-5-1024x538.jpg 1024w, https:\/\/www.tosunlux.eu\/wp-content\/uploads\/2022\/04\/DIMENSION-S2-5-300x158.jpg 300w, https:\/\/www.tosunlux.eu\/wp-content\/uploads\/2022\/04\/DIMENSION-S2-5-768x403.jpg 768w, https:\/\/www.tosunlux.eu\/wp-content\/uploads\/2022\/04\/DIMENSION-S2-5-1536x806.jpg 1536w, https:\/\/www.tosunlux.eu\/wp-content\/uploads\/2022\/04\/DIMENSION-S2-5.jpg 1600w\" sizes=\"(max-width: 1024px) 100vw, 1024px\" \/><\/figure>\n\n\n\n<p><\/p>","protected":false},"parent":0,"template":"","product_category":[35,92],"class_list":["post-1167","product","type-product","status-publish","hentry","product_category-industrial-control-devices","product_category-timer-relay"],"yoast_head":"<!-- This site is optimized with the Yoast SEO plugin v27.5 - https:\/\/yoast.com\/product\/yoast-seo-wordpress\/ -->\n<title>WholesalePulse Output Time Relay TRT8 - TOSUNlux Official Site - Electrical Circuit Breaker Manufacturer in China Low Voltage Electrical Supplier | TOSUNlux<\/title>\n<meta name=\"description\" content=\"Pulse Output Time Relay TRT8 Supplier - Wholesale direct from TOSUNlux, a trusted manufacturer since 1994. Get your B2B factory quote on our certified Low Voltage electrical products.\" \/>\n<meta name=\"robots\" content=\"index, follow, max-snippet:-1, max-image-preview:large, max-video-preview:-1\" \/>\n<link rel=\"canonical\" href=\"https:\/\/www.tosunlux.eu\/es\/products\/pulse-output-time-relay-trt8\/\" \/>\n<meta property=\"og:locale\" content=\"es_ES\" \/>\n<meta property=\"og:type\" content=\"article\" \/>\n<meta property=\"og:title\" content=\"WholesalePulse Output Time Relay TRT8 - TOSUNlux Official Site - Electrical Circuit Breaker Manufacturer in China Low Voltage Electrical Supplier | TOSUNlux\" \/>\n<meta property=\"og:description\" content=\"Pulse Output Time Relay TRT8 Supplier - Wholesale direct from TOSUNlux, a trusted manufacturer since 1994. Get your B2B factory quote on our certified Low Voltage electrical products.\" \/>\n<meta property=\"og:url\" content=\"https:\/\/www.tosunlux.eu\/es\/products\/pulse-output-time-relay-trt8\/\" \/>\n<meta property=\"og:site_name\" content=\"TOSUNlux Official Site - Electrical Circuit Breaker Manufacturer in China\" \/>\n<meta property=\"article:publisher\" content=\"https:\/\/www.facebook.com\/TOSUNelectric\/\" \/>\n<meta property=\"article:modified_time\" content=\"2025-11-24T05:56:40+00:00\" \/>\n<meta property=\"og:image\" content=\"https:\/\/www.tosunlux.eu\/wp-content\/uploads\/2022\/04\/DIMENSION-S2-5-1024x538.jpg\" \/>\n<meta name=\"twitter:card\" content=\"summary_large_image\" \/>\n<meta name=\"twitter:label1\" content=\"Tiempo de lectura\" \/>\n\t<meta name=\"twitter:data1\" content=\"1 minuto\" \/>\n<script type=\"application\/ld+json\" class=\"yoast-schema-graph\">{\"@context\":\"https:\\\/\\\/schema.org\",\"@graph\":[{\"@type\":\"WebPage\",\"@id\":\"https:\\\/\\\/www.tosunlux.eu\\\/hi\\\/products\\\/pulse-output-time-relay-trt8\\\/\",\"url\":\"https:\\\/\\\/www.tosunlux.eu\\\/hi\\\/products\\\/pulse-output-time-relay-trt8\\\/\",\"name\":\"WholesalePulse Output Time Relay TRT8 - TOSUNlux Official Site - Electrical Circuit Breaker Manufacturer in China Low Voltage Electrical Supplier | TOSUNlux\",\"isPartOf\":{\"@id\":\"https:\\\/\\\/www.tosunlux.eu\\\/ru\\\/#website\"},\"primaryImageOfPage\":{\"@id\":\"https:\\\/\\\/www.tosunlux.eu\\\/hi\\\/products\\\/pulse-output-time-relay-trt8\\\/#primaryimage\"},\"image\":{\"@id\":\"https:\\\/\\\/www.tosunlux.eu\\\/hi\\\/products\\\/pulse-output-time-relay-trt8\\\/#primaryimage\"},\"thumbnailUrl\":\"https:\\\/\\\/www.tosunlux.eu\\\/wp-content\\\/uploads\\\/2022\\\/04\\\/DIMENSION-S2-5-1024x538.jpg\",\"datePublished\":\"2022-04-15T08:36:56+00:00\",\"dateModified\":\"2025-11-24T05:56:40+00:00\",\"description\":\"Pulse Output Time Relay TRT8 Supplier - Wholesale direct from TOSUNlux, a trusted manufacturer since 1994. Get your B2B factory quote on our certified Low Voltage electrical products.\",\"breadcrumb\":{\"@id\":\"https:\\\/\\\/www.tosunlux.eu\\\/hi\\\/products\\\/pulse-output-time-relay-trt8\\\/#breadcrumb\"},\"inLanguage\":\"es\",\"potentialAction\":[{\"@type\":\"ReadAction\",\"target\":[\"https:\\\/\\\/www.tosunlux.eu\\\/hi\\\/products\\\/pulse-output-time-relay-trt8\\\/\"]}]},{\"@type\":\"ImageObject\",\"inLanguage\":\"es\",\"@id\":\"https:\\\/\\\/www.tosunlux.eu\\\/hi\\\/products\\\/pulse-output-time-relay-trt8\\\/#primaryimage\",\"url\":\"https:\\\/\\\/www.tosunlux.eu\\\/wp-content\\\/uploads\\\/2022\\\/04\\\/DIMENSION-S2-5-1024x538.jpg\",\"contentUrl\":\"https:\\\/\\\/www.tosunlux.eu\\\/wp-content\\\/uploads\\\/2022\\\/04\\\/DIMENSION-S2-5-1024x538.jpg\"},{\"@type\":\"BreadcrumbList\",\"@id\":\"https:\\\/\\\/www.tosunlux.eu\\\/hi\\\/products\\\/pulse-output-time-relay-trt8\\\/#breadcrumb\",\"itemListElement\":[{\"@type\":\"ListItem\",\"position\":1,\"name\":\"Home\",\"item\":\"https:\\\/\\\/www.tosunlux.eu\\\/ru\\\/\"},{\"@type\":\"ListItem\",\"position\":2,\"name\":\"Products\",\"item\":\"https:\\\/\\\/www.tosunlux.eu\\\/products\\\/\"},{\"@type\":\"ListItem\",\"position\":3,\"name\":\"Pulse Output Time Relay TRT8\"}]},{\"@type\":\"WebSite\",\"@id\":\"https:\\\/\\\/www.tosunlux.eu\\\/ru\\\/#website\",\"url\":\"https:\\\/\\\/www.tosunlux.eu\\\/ru\\\/\",\"name\":\"TOSUNlux Official Site - Electrical Circuit Breaker Manufacturer in China\",\"description\":\"Power Distribution System Supplier\",\"publisher\":{\"@id\":\"https:\\\/\\\/www.tosunlux.eu\\\/ru\\\/#organization\"},\"alternateName\":\"TOSUNlux\",\"potentialAction\":[{\"@type\":\"SearchAction\",\"target\":{\"@type\":\"EntryPoint\",\"urlTemplate\":\"https:\\\/\\\/www.tosunlux.eu\\\/ru\\\/?s={search_term_string}\"},\"query-input\":{\"@type\":\"PropertyValueSpecification\",\"valueRequired\":true,\"valueName\":\"search_term_string\"}}],\"inLanguage\":\"es\"},{\"@type\":\"Organization\",\"@id\":\"https:\\\/\\\/www.tosunlux.eu\\\/ru\\\/#organization\",\"name\":\"TOSUNlux\",\"url\":\"https:\\\/\\\/www.tosunlux.eu\\\/ru\\\/\",\"logo\":{\"@type\":\"ImageObject\",\"inLanguage\":\"es\",\"@id\":\"https:\\\/\\\/www.tosunlux.eu\\\/ru\\\/#\\\/schema\\\/logo\\\/image\\\/\",\"url\":\"https:\\\/\\\/www.tosunlux.eu\\\/wp-content\\\/uploads\\\/2022\\\/01\\\/LOGOSYSM.71762f1.png\",\"contentUrl\":\"https:\\\/\\\/www.tosunlux.eu\\\/wp-content\\\/uploads\\\/2022\\\/01\\\/LOGOSYSM.71762f1.png\",\"width\":153,\"height\":55,\"caption\":\"TOSUNlux\"},\"image\":{\"@id\":\"https:\\\/\\\/www.tosunlux.eu\\\/ru\\\/#\\\/schema\\\/logo\\\/image\\\/\"},\"sameAs\":[\"https:\\\/\\\/www.facebook.com\\\/TOSUNelectric\\\/\",\"https:\\\/\\\/www.linkedin.com\\\/company\\\/wenzhou-tosun-electric-co.-ltd\\\/\"]}]}<\/script>\n<!-- \/ Yoast SEO plugin. -->","yoast_head_json":{"title":"WholesalePulse Output Time Relay TRT8 - TOSUNlux Official Site - Electrical Circuit Breaker Manufacturer in China Low Voltage Electrical Supplier | TOSUNlux","description":"Pulse Output Time Relay TRT8 Supplier - Wholesale direct from TOSUNlux, a trusted manufacturer since 1994. Get your B2B factory quote on our certified Low Voltage electrical products.","robots":{"index":"index","follow":"follow","max-snippet":"max-snippet:-1","max-image-preview":"max-image-preview:large","max-video-preview":"max-video-preview:-1"},"canonical":"https:\/\/www.tosunlux.eu\/es\/products\/pulse-output-time-relay-trt8\/","og_locale":"es_ES","og_type":"article","og_title":"WholesalePulse Output Time Relay TRT8 - TOSUNlux Official Site - Electrical Circuit Breaker Manufacturer in China Low Voltage Electrical Supplier | TOSUNlux","og_description":"Pulse Output Time Relay TRT8 Supplier - Wholesale direct from TOSUNlux, a trusted manufacturer since 1994. Get your B2B factory quote on our certified Low Voltage electrical products.","og_url":"https:\/\/www.tosunlux.eu\/es\/products\/pulse-output-time-relay-trt8\/","og_site_name":"TOSUNlux Official Site - Electrical Circuit Breaker Manufacturer in China","article_publisher":"https:\/\/www.facebook.com\/TOSUNelectric\/","article_modified_time":"2025-11-24T05:56:40+00:00","og_image":[{"url":"https:\/\/www.tosunlux.eu\/wp-content\/uploads\/2022\/04\/DIMENSION-S2-5-1024x538.jpg","type":"","width":"","height":""}],"twitter_card":"summary_large_image","twitter_misc":{"Tiempo de lectura":"1 minuto"},"schema":{"@context":"https:\/\/schema.org","@graph":[{"@type":"WebPage","@id":"https:\/\/www.tosunlux.eu\/hi\/products\/pulse-output-time-relay-trt8\/","url":"https:\/\/www.tosunlux.eu\/hi\/products\/pulse-output-time-relay-trt8\/","name":"WholesalePulse Output Time Relay TRT8 - TOSUNlux Official Site - Electrical Circuit Breaker Manufacturer in China Low Voltage Electrical Supplier | TOSUNlux","isPartOf":{"@id":"https:\/\/www.tosunlux.eu\/ru\/#website"},"primaryImageOfPage":{"@id":"https:\/\/www.tosunlux.eu\/hi\/products\/pulse-output-time-relay-trt8\/#primaryimage"},"image":{"@id":"https:\/\/www.tosunlux.eu\/hi\/products\/pulse-output-time-relay-trt8\/#primaryimage"},"thumbnailUrl":"https:\/\/www.tosunlux.eu\/wp-content\/uploads\/2022\/04\/DIMENSION-S2-5-1024x538.jpg","datePublished":"2022-04-15T08:36:56+00:00","dateModified":"2025-11-24T05:56:40+00:00","description":"Pulse Output Time Relay TRT8 Supplier - Wholesale direct from TOSUNlux, a trusted manufacturer since 1994. Get your B2B factory quote on our certified Low Voltage electrical products.","breadcrumb":{"@id":"https:\/\/www.tosunlux.eu\/hi\/products\/pulse-output-time-relay-trt8\/#breadcrumb"},"inLanguage":"es","potentialAction":[{"@type":"ReadAction","target":["https:\/\/www.tosunlux.eu\/hi\/products\/pulse-output-time-relay-trt8\/"]}]},{"@type":"ImageObject","inLanguage":"es","@id":"https:\/\/www.tosunlux.eu\/hi\/products\/pulse-output-time-relay-trt8\/#primaryimage","url":"https:\/\/www.tosunlux.eu\/wp-content\/uploads\/2022\/04\/DIMENSION-S2-5-1024x538.jpg","contentUrl":"https:\/\/www.tosunlux.eu\/wp-content\/uploads\/2022\/04\/DIMENSION-S2-5-1024x538.jpg"},{"@type":"BreadcrumbList","@id":"https:\/\/www.tosunlux.eu\/hi\/products\/pulse-output-time-relay-trt8\/#breadcrumb","itemListElement":[{"@type":"ListItem","position":1,"name":"Home","item":"https:\/\/www.tosunlux.eu\/ru\/"},{"@type":"ListItem","position":2,"name":"Products","item":"https:\/\/www.tosunlux.eu\/products\/"},{"@type":"ListItem","position":3,"name":"Pulse Output Time Relay TRT8"}]},{"@type":"WebSite","@id":"https:\/\/www.tosunlux.eu\/ru\/#website","url":"https:\/\/www.tosunlux.eu\/ru\/","name":"Sitio oficial de TOSUNlux - Fabricante de disyuntores el\u00e9ctricos en China","description":"Proveedor de sistemas de distribuci\u00f3n de energ\u00eda","publisher":{"@id":"https:\/\/www.tosunlux.eu\/ru\/#organization"},"alternateName":"TOSUNlux","potentialAction":[{"@type":"SearchAction","target":{"@type":"EntryPoint","urlTemplate":"https:\/\/www.tosunlux.eu\/ru\/?s={search_term_string}"},"query-input":{"@type":"PropertyValueSpecification","valueRequired":true,"valueName":"search_term_string"}}],"inLanguage":"es"},{"@type":"Organization","@id":"https:\/\/www.tosunlux.eu\/ru\/#organization","name":"TOSUNlux","url":"https:\/\/www.tosunlux.eu\/ru\/","logo":{"@type":"ImageObject","inLanguage":"es","@id":"https:\/\/www.tosunlux.eu\/ru\/#\/schema\/logo\/image\/","url":"https:\/\/www.tosunlux.eu\/wp-content\/uploads\/2022\/01\/LOGOSYSM.71762f1.png","contentUrl":"https:\/\/www.tosunlux.eu\/wp-content\/uploads\/2022\/01\/LOGOSYSM.71762f1.png","width":153,"height":55,"caption":"TOSUNlux"},"image":{"@id":"https:\/\/www.tosunlux.eu\/ru\/#\/schema\/logo\/image\/"},"sameAs":["https:\/\/www.facebook.com\/TOSUNelectric\/","https:\/\/www.linkedin.com\/company\/wenzhou-tosun-electric-co.-ltd\/"]}]}},"_links":{"self":[{"href":"https:\/\/www.tosunlux.eu\/es\/wp-json\/wp\/v2\/product\/1167","targetHints":{"allow":["GET"]}}],"collection":[{"href":"https:\/\/www.tosunlux.eu\/es\/wp-json\/wp\/v2\/product"}],"about":[{"href":"https:\/\/www.tosunlux.eu\/es\/wp-json\/wp\/v2\/types\/product"}],"version-history":[{"count":3,"href":"https:\/\/www.tosunlux.eu\/es\/wp-json\/wp\/v2\/product\/1167\/revisions"}],"predecessor-version":[{"id":15305,"href":"https:\/\/www.tosunlux.eu\/es\/wp-json\/wp\/v2\/product\/1167\/revisions\/15305"}],"wp:attachment":[{"href":"https:\/\/www.tosunlux.eu\/es\/wp-json\/wp\/v2\/media?parent=1167"}],"wp:term":[{"taxonomy":"product_category","embeddable":true,"href":"https:\/\/www.tosunlux.eu\/es\/wp-json\/wp\/v2\/product_category?post=1167"}],"curies":[{"name":"gracias","href":"https:\/\/api.w.org\/{rel}","templated":true}]}}