{"id":12159,"date":"2025-01-02T13:21:02","date_gmt":"2025-01-02T05:21:02","guid":{"rendered":"https:\/\/www.tosunlux.eu\/?post_type=product&#038;p=12159"},"modified":"2025-01-02T13:49:37","modified_gmt":"2025-01-02T05:49:37","slug":"tsn9-63l-residual-current-operated-circuitbreaker-rcbo","status":"publish","type":"product","link":"https:\/\/www.tosunlux.eu\/es\/products\/tsn9-63l-residual-current-operated-circuitbreaker-rcbo\/","title":{"rendered":"Circuito accionado por corriente residual TSN9-63L<br>Disyuntor (RCBO)"},"content":{"rendered":"<p><strong>Solicitud<\/strong><\/p>\n\n\n\n<p>El producto sirve en el circuito de CA 50\/60Hz, voltaje nominal 230\/400V y corriente nominal hasta 63A, para cortar el suministro de energ\u00eda de manera autom\u00e1tica e inmediata una vez que alguien sufre una descarga el\u00e9ctrica o corriente residual por encima del valor especificado. Puede proteger la seguridad personal y evitar da\u00f1os a los equipos de manera efectiva.<br>El disyuntor tambi\u00e9n puede funcionar como protecci\u00f3n contra sobrecarga, protecci\u00f3n contra cortocircuitos y cambios poco frecuentes del circuito en condiciones normales.<br>El producto cumple con la norma IEC61009-1.<\/p>\n\n\n\n<p><\/p>\n\n\n\n<p><strong>Especificaci\u00f3n<\/strong><\/p>\n\n\n<table style=\"height: 451px;\" width=\"770\">\n<tbody>\n<tr>\n<td width=\"186\">N\u00famero de polos<\/td>\n<td style=\"text-align: center;\" width=\"292\">1P+N, 3P+N<\/td>\n<\/tr>\n<tr>\n<td width=\"186\">Corriente nominal<\/td>\n<td style=\"text-align: center;\" width=\"292\">6 A, 10 A, 16 A, 20 A, 25 A, 32 A, 40 A, 50 A, 63 A<\/td>\n<\/tr>\n<tr>\n<td width=\"186\">Voltaje nominal<\/td>\n<td style=\"text-align: center;\" width=\"292\">230 V\/240 V~, 400 V\/415 V~<\/td>\n<\/tr>\n<tr>\n<td width=\"186\">Corriente de funcionamiento residual nominal<\/td>\n<td style=\"text-align: center;\" width=\"292\">10 mA, 30 mA, 100 mA, 300 mA<\/td>\n<\/tr>\n<tr>\n<td width=\"186\">Tecnolog\u00eda de unidad de viaje<\/td>\n<td style=\"text-align: center;\" width=\"292\">Electromagn\u00e9tico<\/td>\n<\/tr>\n<tr>\n<td width=\"186\">C\u00f3digo de curva<\/td>\n<td style=\"text-align: center;\" width=\"292\">ANTES DE CRISTO<\/td>\n<\/tr>\n<tr>\n<td width=\"186\">Tipo de red<\/td>\n<td style=\"text-align: center;\" width=\"292\">CA ~ \/A ~ \/F ~<\/td>\n<\/tr>\n<tr>\n<td width=\"186\">Capacidad nominal de cortocircuito (Icn)<\/td>\n<td style=\"text-align: center;\" width=\"292\">6000A<\/td>\n<\/tr>\n<tr>\n<td width=\"186\">Corriente residual nominal operada<br \/>Capacidad de apertura y cierre (I\u25b3m)<\/td>\n<td style=\"text-align: center;\" width=\"292\">3000A<\/td>\n<\/tr>\n<tr>\n<td width=\"186\">Corriente residual nominal no operativa<\/td>\n<td style=\"text-align: center;\" width=\"292\">I\u25b3no: 0,5I\u25b3n<\/td>\n<\/tr>\n<\/tbody>\n<\/table>\n<p>\u00a0<\/p>\n\n\n<p><strong>Dimensiones<\/strong><\/p>\n\n\n\n<figure class=\"wp-block-image size-full is-resized\"><img fetchpriority=\"high\" decoding=\"async\" src=\"https:\/\/www.tosunlux.eu\/wp-content\/uploads\/2025\/01\/1-4.jpg\" alt=\"\" class=\"wp-image-12167\" width=\"485\" height=\"433\" srcset=\"https:\/\/www.tosunlux.eu\/wp-content\/uploads\/2025\/01\/1-4.jpg 966w, https:\/\/www.tosunlux.eu\/wp-content\/uploads\/2025\/01\/1-4-300x268.jpg 300w, https:\/\/www.tosunlux.eu\/wp-content\/uploads\/2025\/01\/1-4-768x685.jpg 768w, https:\/\/www.tosunlux.eu\/wp-content\/uploads\/2025\/01\/1-4-13x12.jpg 13w\" sizes=\"(max-width: 485px) 100vw, 485px\" \/><\/figure>","protected":false},"parent":0,"template":"","product_category":[24,78],"class_list":["post-12159","product","type-product","status-publish","hentry","product_category-power-distribution-system","product_category-rcbo"],"yoast_head":"<!-- This site is optimized with the Yoast SEO plugin v27.4 - https:\/\/yoast.com\/product\/yoast-seo-wordpress\/ -->\n<title>WholesaleTSN9-63L Residual Current Operated CircuitBreaker (RCBO) - TOSUNlux Official Site - Electrical Circuit Breaker Manufacturer in China Low Voltage Electrical Supplier | TOSUNlux<\/title>\n<meta name=\"description\" content=\"TSN9-63L Residual Current Operated CircuitBreaker (RCBO) Supplier - Wholesale direct from TOSUNlux, a trusted manufacturer since 1994. Get your B2B factory quote on our certified Low Voltage electrical products.\" \/>\n<meta name=\"robots\" content=\"index, follow, max-snippet:-1, max-image-preview:large, max-video-preview:-1\" \/>\n<link rel=\"canonical\" href=\"https:\/\/www.tosunlux.eu\/es\/products\/tsn9-63l-residual-current-operated-circuitbreaker-rcbo\/\" \/>\n<meta property=\"og:locale\" content=\"es_ES\" \/>\n<meta property=\"og:type\" content=\"article\" \/>\n<meta property=\"og:title\" content=\"WholesaleTSN9-63L Residual Current Operated CircuitBreaker (RCBO) - TOSUNlux Official Site - Electrical Circuit Breaker Manufacturer in China Low Voltage Electrical Supplier | TOSUNlux\" \/>\n<meta property=\"og:description\" content=\"TSN9-63L Residual Current Operated CircuitBreaker (RCBO) Supplier - Wholesale direct from TOSUNlux, a trusted manufacturer since 1994. Get your B2B factory quote on our certified Low Voltage electrical products.\" \/>\n<meta property=\"og:url\" content=\"https:\/\/www.tosunlux.eu\/es\/products\/tsn9-63l-residual-current-operated-circuitbreaker-rcbo\/\" \/>\n<meta property=\"og:site_name\" content=\"TOSUNlux Official Site - Electrical Circuit Breaker Manufacturer in China\" \/>\n<meta property=\"article:publisher\" content=\"https:\/\/www.facebook.com\/TOSUNelectric\/\" \/>\n<meta property=\"article:modified_time\" content=\"2025-01-02T05:49:37+00:00\" \/>\n<meta property=\"og:image\" content=\"https:\/\/www.tosunlux.eu\/wp-content\/uploads\/2025\/01\/1-4.jpg\" \/>\n<meta name=\"twitter:card\" content=\"summary_large_image\" \/>\n<meta name=\"twitter:label1\" content=\"Tiempo de lectura\" \/>\n\t<meta name=\"twitter:data1\" content=\"1 minuto\" \/>\n<script type=\"application\/ld+json\" class=\"yoast-schema-graph\">{\"@context\":\"https:\\\/\\\/schema.org\",\"@graph\":[{\"@type\":\"WebPage\",\"@id\":\"https:\\\/\\\/www.tosunlux.eu\\\/products\\\/tsn9-63l-residual-current-operated-circuitbreaker-rcbo\\\/\",\"url\":\"https:\\\/\\\/www.tosunlux.eu\\\/products\\\/tsn9-63l-residual-current-operated-circuitbreaker-rcbo\\\/\",\"name\":\"WholesaleTSN9-63L Residual Current Operated Circuit Breaker (RCBO) - TOSUNlux Official Site - Electrical Circuit Breaker Manufacturer in China Low Voltage Electrical Supplier | TOSUNlux\",\"isPartOf\":{\"@id\":\"https:\\\/\\\/www.tosunlux.eu\\\/ru\\\/#website\"},\"primaryImageOfPage\":{\"@id\":\"https:\\\/\\\/www.tosunlux.eu\\\/products\\\/tsn9-63l-residual-current-operated-circuitbreaker-rcbo\\\/#primaryimage\"},\"image\":{\"@id\":\"https:\\\/\\\/www.tosunlux.eu\\\/products\\\/tsn9-63l-residual-current-operated-circuitbreaker-rcbo\\\/#primaryimage\"},\"thumbnailUrl\":\"https:\\\/\\\/www.tosunlux.eu\\\/wp-content\\\/uploads\\\/2025\\\/01\\\/1-4.jpg\",\"datePublished\":\"2025-01-02T05:21:02+00:00\",\"dateModified\":\"2025-01-02T05:49:37+00:00\",\"description\":\"TSN9-63L Residual Current Operated Circuit Breaker (RCBO) Supplier - Wholesale direct from TOSUNlux, a trusted manufacturer since 1994. Get your B2B factory quote on our certified Low Voltage electrical products.\",\"breadcrumb\":{\"@id\":\"https:\\\/\\\/www.tosunlux.eu\\\/products\\\/tsn9-63l-residual-current-operated-circuitbreaker-rcbo\\\/#breadcrumb\"},\"inLanguage\":\"es\",\"potentialAction\":[{\"@type\":\"ReadAction\",\"target\":[\"https:\\\/\\\/www.tosunlux.eu\\\/products\\\/tsn9-63l-residual-current-operated-circuitbreaker-rcbo\\\/\"]}]},{\"@type\":\"ImageObject\",\"inLanguage\":\"es\",\"@id\":\"https:\\\/\\\/www.tosunlux.eu\\\/products\\\/tsn9-63l-residual-current-operated-circuitbreaker-rcbo\\\/#primaryimage\",\"url\":\"https:\\\/\\\/www.tosunlux.eu\\\/wp-content\\\/uploads\\\/2025\\\/01\\\/1-4.jpg\",\"contentUrl\":\"https:\\\/\\\/www.tosunlux.eu\\\/wp-content\\\/uploads\\\/2025\\\/01\\\/1-4.jpg\"},{\"@type\":\"BreadcrumbList\",\"@id\":\"https:\\\/\\\/www.tosunlux.eu\\\/products\\\/tsn9-63l-residual-current-operated-circuitbreaker-rcbo\\\/#breadcrumb\",\"itemListElement\":[{\"@type\":\"ListItem\",\"position\":1,\"name\":\"Home\",\"item\":\"https:\\\/\\\/www.tosunlux.eu\\\/ru\\\/\"},{\"@type\":\"ListItem\",\"position\":2,\"name\":\"Products\",\"item\":\"https:\\\/\\\/www.tosunlux.eu\\\/products\\\/\"},{\"@type\":\"ListItem\",\"position\":3,\"name\":\"TSN9-63L Residual Current Operated CircuitBreaker (RCBO)\"}]},{\"@type\":\"WebSite\",\"@id\":\"https:\\\/\\\/www.tosunlux.eu\\\/ru\\\/#website\",\"url\":\"https:\\\/\\\/www.tosunlux.eu\\\/ru\\\/\",\"name\":\"TOSUNlux Official Site - Electrical Circuit Breaker Manufacturer in China\",\"description\":\"Power Distribution System Supplier\",\"publisher\":{\"@id\":\"https:\\\/\\\/www.tosunlux.eu\\\/ru\\\/#organization\"},\"alternateName\":\"TOSUNlux\",\"potentialAction\":[{\"@type\":\"SearchAction\",\"target\":{\"@type\":\"EntryPoint\",\"urlTemplate\":\"https:\\\/\\\/www.tosunlux.eu\\\/ru\\\/?s={search_term_string}\"},\"query-input\":{\"@type\":\"PropertyValueSpecification\",\"valueRequired\":true,\"valueName\":\"search_term_string\"}}],\"inLanguage\":\"es\"},{\"@type\":\"Organization\",\"@id\":\"https:\\\/\\\/www.tosunlux.eu\\\/ru\\\/#organization\",\"name\":\"TOSUNlux\",\"url\":\"https:\\\/\\\/www.tosunlux.eu\\\/ru\\\/\",\"logo\":{\"@type\":\"ImageObject\",\"inLanguage\":\"es\",\"@id\":\"https:\\\/\\\/www.tosunlux.eu\\\/ru\\\/#\\\/schema\\\/logo\\\/image\\\/\",\"url\":\"https:\\\/\\\/www.tosunlux.eu\\\/wp-content\\\/uploads\\\/2022\\\/01\\\/LOGOSYSM.71762f1.png\",\"contentUrl\":\"https:\\\/\\\/www.tosunlux.eu\\\/wp-content\\\/uploads\\\/2022\\\/01\\\/LOGOSYSM.71762f1.png\",\"width\":153,\"height\":55,\"caption\":\"TOSUNlux\"},\"image\":{\"@id\":\"https:\\\/\\\/www.tosunlux.eu\\\/ru\\\/#\\\/schema\\\/logo\\\/image\\\/\"},\"sameAs\":[\"https:\\\/\\\/www.facebook.com\\\/TOSUNelectric\\\/\",\"https:\\\/\\\/www.linkedin.com\\\/company\\\/wenzhou-tosun-electric-co.-ltd\\\/\"]}]}<\/script>\n<!-- \/ Yoast SEO plugin. -->","yoast_head_json":{"title":"Interruptor diferencial TSN9-63L (RCBO) al por mayor - Sitio web oficial de TOSUNlux - Fabricante de interruptores el\u00e9ctricos en China, proveedor de equipos el\u00e9ctricos de baja tensi\u00f3n | TOSUNlux","description":"Proveedor de interruptores autom\u00e1ticos operados por corriente residual (RCBO) TSN9-63L: venta al por mayor directa de TOSUNlux, un fabricante confiable desde 1994. Obtenga su cotizaci\u00f3n de f\u00e1brica B2B para nuestros productos el\u00e9ctricos de bajo voltaje certificados.","robots":{"index":"index","follow":"follow","max-snippet":"max-snippet:-1","max-image-preview":"max-image-preview:large","max-video-preview":"max-video-preview:-1"},"canonical":"https:\/\/www.tosunlux.eu\/es\/products\/tsn9-63l-residual-current-operated-circuitbreaker-rcbo\/","og_locale":"es_ES","og_type":"article","og_title":"WholesaleTSN9-63L Residual Current Operated CircuitBreaker (RCBO) - TOSUNlux Official Site - Electrical Circuit Breaker Manufacturer in China Low Voltage Electrical Supplier | TOSUNlux","og_description":"TSN9-63L Residual Current Operated CircuitBreaker (RCBO) Supplier - Wholesale direct from TOSUNlux, a trusted manufacturer since 1994. Get your B2B factory quote on our certified Low Voltage electrical products.","og_url":"https:\/\/www.tosunlux.eu\/es\/products\/tsn9-63l-residual-current-operated-circuitbreaker-rcbo\/","og_site_name":"TOSUNlux Official Site - Electrical Circuit Breaker Manufacturer in China","article_publisher":"https:\/\/www.facebook.com\/TOSUNelectric\/","article_modified_time":"2025-01-02T05:49:37+00:00","og_image":[{"url":"https:\/\/www.tosunlux.eu\/wp-content\/uploads\/2025\/01\/1-4.jpg","type":"","width":"","height":""}],"twitter_card":"summary_large_image","twitter_misc":{"Tiempo de lectura":"1 minuto"},"schema":{"@context":"https:\/\/schema.org","@graph":[{"@type":"WebPage","@id":"https:\/\/www.tosunlux.eu\/products\/tsn9-63l-residual-current-operated-circuitbreaker-rcbo\/","url":"https:\/\/www.tosunlux.eu\/products\/tsn9-63l-residual-current-operated-circuitbreaker-rcbo\/","name":"Interruptor diferencial TSN9-63L (RCBO) al por mayor - Sitio web oficial de TOSUNlux - Fabricante de interruptores el\u00e9ctricos en China, proveedor de equipos el\u00e9ctricos de baja tensi\u00f3n | TOSUNlux","isPartOf":{"@id":"https:\/\/www.tosunlux.eu\/ru\/#website"},"primaryImageOfPage":{"@id":"https:\/\/www.tosunlux.eu\/products\/tsn9-63l-residual-current-operated-circuitbreaker-rcbo\/#primaryimage"},"image":{"@id":"https:\/\/www.tosunlux.eu\/products\/tsn9-63l-residual-current-operated-circuitbreaker-rcbo\/#primaryimage"},"thumbnailUrl":"https:\/\/www.tosunlux.eu\/wp-content\/uploads\/2025\/01\/1-4.jpg","datePublished":"2025-01-02T05:21:02+00:00","dateModified":"2025-01-02T05:49:37+00:00","description":"Proveedor de interruptores autom\u00e1ticos operados por corriente residual (RCBO) TSN9-63L: venta al por mayor directa de TOSUNlux, un fabricante confiable desde 1994. Obtenga su cotizaci\u00f3n de f\u00e1brica B2B para nuestros productos el\u00e9ctricos de bajo voltaje certificados.","breadcrumb":{"@id":"https:\/\/www.tosunlux.eu\/products\/tsn9-63l-residual-current-operated-circuitbreaker-rcbo\/#breadcrumb"},"inLanguage":"es","potentialAction":[{"@type":"ReadAction","target":["https:\/\/www.tosunlux.eu\/products\/tsn9-63l-residual-current-operated-circuitbreaker-rcbo\/"]}]},{"@type":"ImageObject","inLanguage":"es","@id":"https:\/\/www.tosunlux.eu\/products\/tsn9-63l-residual-current-operated-circuitbreaker-rcbo\/#primaryimage","url":"https:\/\/www.tosunlux.eu\/wp-content\/uploads\/2025\/01\/1-4.jpg","contentUrl":"https:\/\/www.tosunlux.eu\/wp-content\/uploads\/2025\/01\/1-4.jpg"},{"@type":"BreadcrumbList","@id":"https:\/\/www.tosunlux.eu\/products\/tsn9-63l-residual-current-operated-circuitbreaker-rcbo\/#breadcrumb","itemListElement":[{"@type":"ListItem","position":1,"name":"Home","item":"https:\/\/www.tosunlux.eu\/ru\/"},{"@type":"ListItem","position":2,"name":"Products","item":"https:\/\/www.tosunlux.eu\/products\/"},{"@type":"ListItem","position":3,"name":"TSN9-63L Residual Current Operated CircuitBreaker (RCBO)"}]},{"@type":"WebSite","@id":"https:\/\/www.tosunlux.eu\/ru\/#website","url":"https:\/\/www.tosunlux.eu\/ru\/","name":"Sitio oficial de TOSUNlux - Fabricante de disyuntores el\u00e9ctricos en China","description":"Proveedor de sistemas de distribuci\u00f3n de energ\u00eda","publisher":{"@id":"https:\/\/www.tosunlux.eu\/ru\/#organization"},"alternateName":"TOSUNlux","potentialAction":[{"@type":"SearchAction","target":{"@type":"EntryPoint","urlTemplate":"https:\/\/www.tosunlux.eu\/ru\/?s={search_term_string}"},"query-input":{"@type":"PropertyValueSpecification","valueRequired":true,"valueName":"search_term_string"}}],"inLanguage":"es"},{"@type":"Organization","@id":"https:\/\/www.tosunlux.eu\/ru\/#organization","name":"TOSUNlux","url":"https:\/\/www.tosunlux.eu\/ru\/","logo":{"@type":"ImageObject","inLanguage":"es","@id":"https:\/\/www.tosunlux.eu\/ru\/#\/schema\/logo\/image\/","url":"https:\/\/www.tosunlux.eu\/wp-content\/uploads\/2022\/01\/LOGOSYSM.71762f1.png","contentUrl":"https:\/\/www.tosunlux.eu\/wp-content\/uploads\/2022\/01\/LOGOSYSM.71762f1.png","width":153,"height":55,"caption":"TOSUNlux"},"image":{"@id":"https:\/\/www.tosunlux.eu\/ru\/#\/schema\/logo\/image\/"},"sameAs":["https:\/\/www.facebook.com\/TOSUNelectric\/","https:\/\/www.linkedin.com\/company\/wenzhou-tosun-electric-co.-ltd\/"]}]}},"_links":{"self":[{"href":"https:\/\/www.tosunlux.eu\/es\/wp-json\/wp\/v2\/product\/12159","targetHints":{"allow":["GET"]}}],"collection":[{"href":"https:\/\/www.tosunlux.eu\/es\/wp-json\/wp\/v2\/product"}],"about":[{"href":"https:\/\/www.tosunlux.eu\/es\/wp-json\/wp\/v2\/types\/product"}],"version-history":[{"count":4,"href":"https:\/\/www.tosunlux.eu\/es\/wp-json\/wp\/v2\/product\/12159\/revisions"}],"predecessor-version":[{"id":12176,"href":"https:\/\/www.tosunlux.eu\/es\/wp-json\/wp\/v2\/product\/12159\/revisions\/12176"}],"wp:attachment":[{"href":"https:\/\/www.tosunlux.eu\/es\/wp-json\/wp\/v2\/media?parent=12159"}],"wp:term":[{"taxonomy":"product_category","embeddable":true,"href":"https:\/\/www.tosunlux.eu\/es\/wp-json\/wp\/v2\/product_category?post=12159"}],"curies":[{"name":"gracias","href":"https:\/\/api.w.org\/{rel}","templated":true}]}}