{"id":12348,"date":"2025-01-13T17:06:09","date_gmt":"2025-01-13T09:06:09","guid":{"rendered":"https:\/\/www.tosunlux.eu\/?post_type=product&#038;p=12348"},"modified":"2025-01-13T17:06:12","modified_gmt":"2025-01-13T09:06:12","slug":"the-accessory-of-mp-motor-protection-circuit-breaker","status":"publish","type":"product","link":"https:\/\/www.tosunlux.eu\/es\/products\/the-accessory-of-mp-motor-protection-circuit-breaker\/","title":{"rendered":"El accesorio del disyuntor de protecci\u00f3n del motor MP"},"content":{"rendered":"<p><strong>Especificaci\u00f3n<\/strong><\/p>\n\n\n<table style=\"border-collapse: collapse; width: 660px; height: 322px;\" border=\"0\" width=\"476\" cellspacing=\"0\" cellpadding=\"0\">\n<tbody>\n<tr style=\"height: 14.30pt;\">\n<td class=\"et2\" style=\"height: 14.3pt; width: 59.8pt; text-align: center;\" width=\"79\" height=\"19\"><span class=\"font1\">Modelo<\/span><\/td>\n<td class=\"et3\" style=\"width: 70.9pt; text-align: center;\" width=\"94\"><span class=\"font1\">Tipo de Contacto<\/span><\/td>\n<td class=\"et4\" style=\"width: 120.1pt; text-align: center;\" width=\"160\"><span class=\"font1\">Instalaci\u00f3n<\/span><\/td>\n<td class=\"et5\" style=\"width: 106.25pt; text-align: center;\" width=\"141\"><span class=\"font1\">Tipo<\/span><\/td>\n<\/tr>\n<tr style=\"height: 14.15pt;\">\n<td class=\"et2\" style=\"height: 14.15pt; width: 59.8pt; text-align: center;\" width=\"79\" height=\"18\"><span class=\"font1\">AE11<\/span><\/td>\n<td class=\"et3\" style=\"width: 70.9pt; text-align: center;\" width=\"94\"><span class=\"font1\">N\/O+N\/C<\/span><\/td>\n<td class=\"et3\" style=\"width: 120.1pt; text-align: center;\" rowspan=\"2\" width=\"160\"><span class=\"font1\">Delantero (1PC para cada uno)<br \/><\/span><span class=\"font1\">cortacircuitos)<\/span><\/td>\n<td class=\"et6\" style=\"width: 106.25pt; text-align: center;\" rowspan=\"4\" width=\"141\"><span class=\"font1\">Auxiliar instant\u00e1neo<br \/><\/span><span class=\"font1\">contacto<\/span><\/td>\n<\/tr>\n<tr style=\"height: 14.15pt;\">\n<td class=\"et2\" style=\"height: 14.15pt; width: 59.8pt; text-align: center;\" width=\"79\" height=\"18\"><span class=\"font1\">AE20<\/span><\/td>\n<td class=\"et3\" style=\"width: 70.9pt; text-align: center;\" width=\"94\"><span class=\"font1\">N\/O+N\/O<\/span><\/td>\n<\/tr>\n<tr style=\"height: 14.15pt;\">\n<td class=\"et2\" style=\"height: 14.15pt; width: 59.8pt; text-align: center;\" width=\"79\" height=\"18\"><span class=\"font1\">AN11<\/span><\/td>\n<td class=\"et3\" style=\"width: 70.9pt; text-align: center;\" width=\"94\"><span class=\"font1\">N\/O+N\/C<\/span><\/td>\n<td class=\"et3\" style=\"width: 120.1pt; text-align: center;\" rowspan=\"2\" width=\"160\"><span class=\"font1\">Lateral (M\u00e1x. 2 piezas en el<br \/><\/span><span class=\"font1\">lado izquierdo del disyuntor)<\/span><\/td>\n<\/tr>\n<tr style=\"height: 14.15pt;\">\n<td class=\"et2\" style=\"height: 14.15pt; width: 59.8pt; text-align: center;\" width=\"79\" height=\"18\"><span class=\"font1\">AN20<\/span><\/td>\n<td class=\"et3\" style=\"width: 70.9pt; text-align: center;\" width=\"94\"><span class=\"font1\">N\/O+N\/O<\/span><\/td>\n<\/tr>\n<tr style=\"height: 14.15pt;\">\n<td class=\"et2\" style=\"height: 14.15pt; width: 59.8pt; text-align: center;\" width=\"79\" height=\"18\"><span class=\"font1\">A\u00f1o 1010<\/span><\/td>\n<td class=\"et3\" style=\"width: 70.9pt; text-align: center;\" width=\"94\"><span class=\"font1\">N\/O+N\/O<\/span><\/td>\n<td class=\"et3\" style=\"width: 120.1pt; text-align: center;\" rowspan=\"4\" width=\"160\"><span class=\"font1\">Lateral (1PC en el lado izquierdo<br \/><\/span><span class=\"font1\">del disyuntor)<\/span><\/td>\n<td class=\"et6\" style=\"width: 106.25pt; text-align: center;\" rowspan=\"4\" width=\"141\"><span class=\"font1\">Contacto de se\u00f1al de aver\u00eda +<br \/><\/span><span class=\"font1\">Auxiliar instant\u00e1neo<br \/><\/span><span class=\"font1\">contacto<\/span><\/td>\n<\/tr>\n<tr style=\"height: 14.15pt;\">\n<td class=\"et2\" style=\"height: 14.15pt; width: 59.8pt; text-align: center;\" width=\"79\" height=\"18\"><span class=\"font1\">AD1001<\/span><\/td>\n<td class=\"et3\" style=\"width: 70.9pt; text-align: center;\" width=\"94\"><span class=\"font1\">(Fallo)+N\/C<\/span><\/td>\n<\/tr>\n<tr style=\"height: 14.15pt;\">\n<td class=\"et2\" style=\"height: 14.15pt; width: 59.8pt; text-align: center;\" width=\"79\" height=\"18\"><span class=\"font1\">AD0110<\/span><\/td>\n<td class=\"et3\" style=\"width: 70.9pt; text-align: center;\" width=\"94\"><span class=\"font1\">N\/C+N\/A<\/span><\/td>\n<\/tr>\n<tr style=\"height: 14.30pt;\">\n<td class=\"et2\" style=\"height: 14.3pt; width: 59.8pt; text-align: center;\" width=\"79\" height=\"19\"><span class=\"font1\">AD0101<\/span><\/td>\n<td class=\"et3\" style=\"width: 70.9pt; text-align: center;\" width=\"94\"><span class=\"font1\">(Fallo)+N\/C<\/span><\/td>\n<\/tr>\n<\/tbody>\n<\/table>\n<p>\u00a0<\/p>\n\n<table style=\"border-collapse: collapse; width: 665px; height: 301px;\" border=\"0\" width=\"463\" cellspacing=\"0\" cellpadding=\"0\">\n<tbody>\n<tr style=\"height: 14.30pt;\">\n<td class=\"et2\" style=\"height: 14.3pt; width: 58.9pt; text-align: center;\" width=\"78\" height=\"19\"><span class=\"font1\">Modelo<\/span><\/td>\n<td class=\"et3\" style=\"width: 82.7pt; text-align: center;\" width=\"110\"><span class=\"font1\">Voltaje<\/span><\/td>\n<td class=\"et3\" style=\"width: 102.9pt; text-align: center;\" width=\"137\"><span class=\"font1\">Instalaci\u00f3n<\/span><\/td>\n<td class=\"et4\" style=\"width: 103.35pt; text-align: center;\" width=\"137\"><span class=\"font1\">Tipo<\/span><\/td>\n<\/tr>\n<tr style=\"height: 14.15pt;\">\n<td class=\"et2\" style=\"height: 14.15pt; width: 58.9pt; text-align: center;\" width=\"78\" height=\"18\"><span class=\"font1\">AU115<\/span><\/td>\n<td class=\"et3\" style=\"width: 82.7pt; text-align: center;\" width=\"110\"><span class=\"font1\">110\u2026127 V 50 Hz<\/span><\/td>\n<td class=\"et3\" style=\"width: 102.9pt; text-align: center;\" rowspan=\"3\" width=\"137\"><span class=\"font1\">Lateral (1PC a la derecha<br \/><\/span><span class=\"font1\">lado del disyuntor)<\/span><\/td>\n<td class=\"et4\" style=\"width: 103.35pt; text-align: center;\" rowspan=\"3\" width=\"137\"><span class=\"font1\">Disparador de bajo voltaje<\/span><\/td>\n<\/tr>\n<tr style=\"height: 14.15pt;\">\n<td class=\"et2\" style=\"height: 14.15pt; width: 58.9pt; text-align: center;\" width=\"78\" height=\"18\"><span class=\"font1\">AU225<\/span><\/td>\n<td class=\"et3\" style=\"width: 82.7pt; text-align: center;\" width=\"110\"><span class=\"font1\">220\u2026240 V 50 Hz<\/span><\/td>\n<\/tr>\n<tr style=\"height: 14.15pt;\">\n<td class=\"et2\" style=\"height: 14.15pt; width: 58.9pt; text-align: center;\" width=\"78\" height=\"18\"><span class=\"font1\">AU385<\/span><\/td>\n<td class=\"et3\" style=\"width: 82.7pt; text-align: center;\" width=\"110\"><span class=\"font1\">380\u2026415 V 50 Hz<\/span><\/td>\n<\/tr>\n<tr style=\"height: 14.15pt;\">\n<td class=\"et2\" style=\"height: 14.15pt; width: 58.9pt; text-align: center;\" width=\"78\" height=\"18\"><span class=\"font1\">AS115<\/span><\/td>\n<td class=\"et3\" style=\"width: 82.7pt; text-align: center;\" width=\"110\"><span class=\"font1\">110\u2026127 V 50 Hz<\/span><\/td>\n<td class=\"et3\" style=\"width: 102.9pt; text-align: center;\" rowspan=\"3\" width=\"137\"><span class=\"font1\">Lateral (1PC a la derecha<br \/><\/span><span class=\"font1\">lado del disyuntor)<\/span><\/td>\n<td class=\"et4\" style=\"width: 103.35pt; text-align: center;\" rowspan=\"3\" width=\"137\"><span class=\"font1\">disparador de derivaci\u00f3n<\/span><\/td>\n<\/tr>\n<tr style=\"height: 14.15pt;\">\n<td class=\"et2\" style=\"height: 14.15pt; width: 58.9pt; text-align: center;\" width=\"78\" height=\"18\"><span class=\"font1\">AS225<\/span><\/td>\n<td class=\"et3\" style=\"width: 82.7pt; text-align: center;\" width=\"110\"><span class=\"font1\">220\u2026240 V 50 Hz<\/span><\/td>\n<\/tr>\n<tr style=\"height: 14.30pt;\">\n<td class=\"et2\" style=\"height: 14.3pt; width: 58.9pt; text-align: center;\" width=\"78\" height=\"19\"><span class=\"font1\">AS385<\/span><\/td>\n<td class=\"et3\" style=\"width: 82.7pt; text-align: center;\" width=\"110\"><span class=\"font1\">380\u2026415 V 50 Hz<\/span><\/td>\n<\/tr>\n<\/tbody>\n<\/table>","protected":false},"parent":0,"template":"","product_category":[24,81],"class_list":["post-12348","product","type-product","status-publish","hentry","product_category-power-distribution-system","product_category-mpcb"],"yoast_head":"<!-- This site is optimized with the Yoast SEO plugin v27.6 - https:\/\/yoast.com\/product\/yoast-seo-wordpress\/ -->\n<title>WholesaleThe Accessory of MP Motor Protection Circuit Breaker - TOSUNlux Official Site - Electrical Circuit Breaker Manufacturer in China Low Voltage Electrical Supplier | TOSUNlux<\/title>\n<meta name=\"description\" content=\"The Accessory of MP Motor Protection Circuit Breaker Supplier - Wholesale direct from TOSUNlux, a trusted manufacturer since 1994. Get your B2B factory quote on our certified Low Voltage electrical products.\" \/>\n<meta name=\"robots\" content=\"index, follow, max-snippet:-1, max-image-preview:large, max-video-preview:-1\" \/>\n<link rel=\"canonical\" href=\"https:\/\/www.tosunlux.eu\/es\/products\/the-accessory-of-mp-motor-protection-circuit-breaker\/\" \/>\n<meta property=\"og:locale\" content=\"es_ES\" \/>\n<meta property=\"og:type\" content=\"article\" \/>\n<meta property=\"og:title\" content=\"WholesaleThe Accessory of MP Motor Protection Circuit Breaker - TOSUNlux Official Site - Electrical Circuit Breaker Manufacturer in China Low Voltage Electrical Supplier | TOSUNlux\" \/>\n<meta property=\"og:description\" content=\"The Accessory of MP Motor Protection Circuit Breaker Supplier - Wholesale direct from TOSUNlux, a trusted manufacturer since 1994. Get your B2B factory quote on our certified Low Voltage electrical products.\" \/>\n<meta property=\"og:url\" content=\"https:\/\/www.tosunlux.eu\/es\/products\/the-accessory-of-mp-motor-protection-circuit-breaker\/\" \/>\n<meta property=\"og:site_name\" content=\"TOSUNlux Official Site - Electrical Circuit Breaker Manufacturer in China\" \/>\n<meta property=\"article:publisher\" content=\"https:\/\/www.facebook.com\/TOSUNelectric\/\" \/>\n<meta property=\"article:modified_time\" content=\"2025-01-13T09:06:12+00:00\" \/>\n<meta property=\"og:image\" content=\"https:\/\/www.tosunlux.eu\/wp-content\/uploads\/2023\/04\/DSC08160_\u526f\u672c.jpg\" \/>\n\t<meta property=\"og:image:width\" content=\"1500\" \/>\n\t<meta property=\"og:image:height\" content=\"940\" \/>\n\t<meta property=\"og:image:type\" content=\"image\/jpeg\" \/>\n<meta name=\"twitter:card\" content=\"summary_large_image\" \/>\n<meta name=\"twitter:label1\" content=\"Tiempo de lectura\" \/>\n\t<meta name=\"twitter:data1\" content=\"1 minuto\" \/>\n<script type=\"application\/ld+json\" class=\"yoast-schema-graph\">{\"@context\":\"https:\\\/\\\/schema.org\",\"@graph\":[{\"@type\":\"WebPage\",\"@id\":\"https:\\\/\\\/www.tosunlux.eu\\\/sq\\\/products\\\/the-accessory-of-mp-motor-protection-circuit-breaker\\\/\",\"url\":\"https:\\\/\\\/www.tosunlux.eu\\\/sq\\\/products\\\/the-accessory-of-mp-motor-protection-circuit-breaker\\\/\",\"name\":\"WholesaleThe Accessory of MP Motor Protection Circuit Breaker - TOSUNlux Official Site - Electrical Circuit Breaker Manufacturer in China Low Voltage Electrical Supplier | TOSUNlux\",\"isPartOf\":{\"@id\":\"https:\\\/\\\/www.tosunlux.eu\\\/ru\\\/#website\"},\"datePublished\":\"2025-01-13T09:06:09+00:00\",\"dateModified\":\"2025-01-13T09:06:12+00:00\",\"description\":\"The Accessory of MP Motor Protection Circuit Breaker Supplier - Wholesale direct from TOSUNlux, a trusted manufacturer since 1994. Get your B2B factory quote on our certified Low Voltage electrical products.\",\"breadcrumb\":{\"@id\":\"https:\\\/\\\/www.tosunlux.eu\\\/sq\\\/products\\\/the-accessory-of-mp-motor-protection-circuit-breaker\\\/#breadcrumb\"},\"inLanguage\":\"es\",\"potentialAction\":[{\"@type\":\"ReadAction\",\"target\":[\"https:\\\/\\\/www.tosunlux.eu\\\/sq\\\/products\\\/the-accessory-of-mp-motor-protection-circuit-breaker\\\/\"]}]},{\"@type\":\"BreadcrumbList\",\"@id\":\"https:\\\/\\\/www.tosunlux.eu\\\/sq\\\/products\\\/the-accessory-of-mp-motor-protection-circuit-breaker\\\/#breadcrumb\",\"itemListElement\":[{\"@type\":\"ListItem\",\"position\":1,\"name\":\"Home\",\"item\":\"https:\\\/\\\/www.tosunlux.eu\\\/ru\\\/\"},{\"@type\":\"ListItem\",\"position\":2,\"name\":\"Products\",\"item\":\"https:\\\/\\\/www.tosunlux.eu\\\/products\\\/\"},{\"@type\":\"ListItem\",\"position\":3,\"name\":\"The Accessory of MP Motor Protection Circuit Breaker\"}]},{\"@type\":\"WebSite\",\"@id\":\"https:\\\/\\\/www.tosunlux.eu\\\/ru\\\/#website\",\"url\":\"https:\\\/\\\/www.tosunlux.eu\\\/ru\\\/\",\"name\":\"TOSUNlux Official Site - Electrical Circuit Breaker Manufacturer in China\",\"description\":\"Power Distribution System Supplier\",\"publisher\":{\"@id\":\"https:\\\/\\\/www.tosunlux.eu\\\/ru\\\/#organization\"},\"alternateName\":\"TOSUNlux\",\"potentialAction\":[{\"@type\":\"SearchAction\",\"target\":{\"@type\":\"EntryPoint\",\"urlTemplate\":\"https:\\\/\\\/www.tosunlux.eu\\\/ru\\\/?s={search_term_string}\"},\"query-input\":{\"@type\":\"PropertyValueSpecification\",\"valueRequired\":true,\"valueName\":\"search_term_string\"}}],\"inLanguage\":\"es\"},{\"@type\":\"Organization\",\"@id\":\"https:\\\/\\\/www.tosunlux.eu\\\/ru\\\/#organization\",\"name\":\"TOSUNlux\",\"url\":\"https:\\\/\\\/www.tosunlux.eu\\\/ru\\\/\",\"logo\":{\"@type\":\"ImageObject\",\"inLanguage\":\"es\",\"@id\":\"https:\\\/\\\/www.tosunlux.eu\\\/ru\\\/#\\\/schema\\\/logo\\\/image\\\/\",\"url\":\"https:\\\/\\\/www.tosunlux.eu\\\/wp-content\\\/uploads\\\/2022\\\/01\\\/LOGOSYSM.71762f1.png\",\"contentUrl\":\"https:\\\/\\\/www.tosunlux.eu\\\/wp-content\\\/uploads\\\/2022\\\/01\\\/LOGOSYSM.71762f1.png\",\"width\":153,\"height\":55,\"caption\":\"TOSUNlux\"},\"image\":{\"@id\":\"https:\\\/\\\/www.tosunlux.eu\\\/ru\\\/#\\\/schema\\\/logo\\\/image\\\/\"},\"sameAs\":[\"https:\\\/\\\/www.facebook.com\\\/TOSUNelectric\\\/\",\"https:\\\/\\\/www.linkedin.com\\\/company\\\/wenzhou-tosun-electric-co.-ltd\\\/\"]}]}<\/script>\n<!-- \/ Yoast SEO plugin. -->","yoast_head_json":{"title":"Venta al por mayor de accesorios para disyuntores de protecci\u00f3n de motor MP - Sitio oficial de TOSUNlux - Fabricante de disyuntores el\u00e9ctricos en China, proveedor de equipos el\u00e9ctricos de baja tensi\u00f3n | TOSUNlux","description":"Proveedor de accesorios para interruptores de protecci\u00f3n de motores MP: venta al por mayor directa de TOSUNlux, un fabricante confiable desde 1994. Obtenga su cotizaci\u00f3n de f\u00e1brica B2B para nuestros productos el\u00e9ctricos de bajo voltaje certificados.","robots":{"index":"index","follow":"follow","max-snippet":"max-snippet:-1","max-image-preview":"max-image-preview:large","max-video-preview":"max-video-preview:-1"},"canonical":"https:\/\/www.tosunlux.eu\/es\/products\/the-accessory-of-mp-motor-protection-circuit-breaker\/","og_locale":"es_ES","og_type":"article","og_title":"WholesaleThe Accessory of MP Motor Protection Circuit Breaker - TOSUNlux Official Site - Electrical Circuit Breaker Manufacturer in China Low Voltage Electrical Supplier | TOSUNlux","og_description":"The Accessory of MP Motor Protection Circuit Breaker Supplier - Wholesale direct from TOSUNlux, a trusted manufacturer since 1994. Get your B2B factory quote on our certified Low Voltage electrical products.","og_url":"https:\/\/www.tosunlux.eu\/es\/products\/the-accessory-of-mp-motor-protection-circuit-breaker\/","og_site_name":"TOSUNlux Official Site - Electrical Circuit Breaker Manufacturer in China","article_publisher":"https:\/\/www.facebook.com\/TOSUNelectric\/","article_modified_time":"2025-01-13T09:06:12+00:00","og_image":[{"width":1500,"height":940,"url":"https:\/\/www.tosunlux.eu\/wp-content\/uploads\/2023\/04\/DSC08160_\u526f\u672c.jpg","type":"image\/jpeg"}],"twitter_card":"summary_large_image","twitter_misc":{"Tiempo de lectura":"1 minuto"},"schema":{"@context":"https:\/\/schema.org","@graph":[{"@type":"WebPage","@id":"https:\/\/www.tosunlux.eu\/sq\/products\/the-accessory-of-mp-motor-protection-circuit-breaker\/","url":"https:\/\/www.tosunlux.eu\/sq\/products\/the-accessory-of-mp-motor-protection-circuit-breaker\/","name":"Venta al por mayor de accesorios para disyuntores de protecci\u00f3n de motor MP - Sitio oficial de TOSUNlux - Fabricante de disyuntores el\u00e9ctricos en China, proveedor de equipos el\u00e9ctricos de baja tensi\u00f3n | TOSUNlux","isPartOf":{"@id":"https:\/\/www.tosunlux.eu\/ru\/#website"},"datePublished":"2025-01-13T09:06:09+00:00","dateModified":"2025-01-13T09:06:12+00:00","description":"Proveedor de accesorios para interruptores de protecci\u00f3n de motores MP: venta al por mayor directa de TOSUNlux, un fabricante confiable desde 1994. Obtenga su cotizaci\u00f3n de f\u00e1brica B2B para nuestros productos el\u00e9ctricos de bajo voltaje certificados.","breadcrumb":{"@id":"https:\/\/www.tosunlux.eu\/sq\/products\/the-accessory-of-mp-motor-protection-circuit-breaker\/#breadcrumb"},"inLanguage":"es","potentialAction":[{"@type":"ReadAction","target":["https:\/\/www.tosunlux.eu\/sq\/products\/the-accessory-of-mp-motor-protection-circuit-breaker\/"]}]},{"@type":"BreadcrumbList","@id":"https:\/\/www.tosunlux.eu\/sq\/products\/the-accessory-of-mp-motor-protection-circuit-breaker\/#breadcrumb","itemListElement":[{"@type":"ListItem","position":1,"name":"Home","item":"https:\/\/www.tosunlux.eu\/ru\/"},{"@type":"ListItem","position":2,"name":"Products","item":"https:\/\/www.tosunlux.eu\/products\/"},{"@type":"ListItem","position":3,"name":"The Accessory of MP Motor Protection Circuit Breaker"}]},{"@type":"WebSite","@id":"https:\/\/www.tosunlux.eu\/ru\/#website","url":"https:\/\/www.tosunlux.eu\/ru\/","name":"Sitio oficial de TOSUNlux - Fabricante de disyuntores el\u00e9ctricos en China","description":"Proveedor de sistemas de distribuci\u00f3n de energ\u00eda","publisher":{"@id":"https:\/\/www.tosunlux.eu\/ru\/#organization"},"alternateName":"TOSUNlux","potentialAction":[{"@type":"SearchAction","target":{"@type":"EntryPoint","urlTemplate":"https:\/\/www.tosunlux.eu\/ru\/?s={search_term_string}"},"query-input":{"@type":"PropertyValueSpecification","valueRequired":true,"valueName":"search_term_string"}}],"inLanguage":"es"},{"@type":"Organization","@id":"https:\/\/www.tosunlux.eu\/ru\/#organization","name":"TOSUNlux","url":"https:\/\/www.tosunlux.eu\/ru\/","logo":{"@type":"ImageObject","inLanguage":"es","@id":"https:\/\/www.tosunlux.eu\/ru\/#\/schema\/logo\/image\/","url":"https:\/\/www.tosunlux.eu\/wp-content\/uploads\/2022\/01\/LOGOSYSM.71762f1.png","contentUrl":"https:\/\/www.tosunlux.eu\/wp-content\/uploads\/2022\/01\/LOGOSYSM.71762f1.png","width":153,"height":55,"caption":"TOSUNlux"},"image":{"@id":"https:\/\/www.tosunlux.eu\/ru\/#\/schema\/logo\/image\/"},"sameAs":["https:\/\/www.facebook.com\/TOSUNelectric\/","https:\/\/www.linkedin.com\/company\/wenzhou-tosun-electric-co.-ltd\/"]}]}},"_links":{"self":[{"href":"https:\/\/www.tosunlux.eu\/es\/wp-json\/wp\/v2\/product\/12348","targetHints":{"allow":["GET"]}}],"collection":[{"href":"https:\/\/www.tosunlux.eu\/es\/wp-json\/wp\/v2\/product"}],"about":[{"href":"https:\/\/www.tosunlux.eu\/es\/wp-json\/wp\/v2\/types\/product"}],"version-history":[{"count":1,"href":"https:\/\/www.tosunlux.eu\/es\/wp-json\/wp\/v2\/product\/12348\/revisions"}],"predecessor-version":[{"id":12356,"href":"https:\/\/www.tosunlux.eu\/es\/wp-json\/wp\/v2\/product\/12348\/revisions\/12356"}],"wp:attachment":[{"href":"https:\/\/www.tosunlux.eu\/es\/wp-json\/wp\/v2\/media?parent=12348"}],"wp:term":[{"taxonomy":"product_category","embeddable":true,"href":"https:\/\/www.tosunlux.eu\/es\/wp-json\/wp\/v2\/product_category?post=12348"}],"curies":[{"name":"gracias","href":"https:\/\/api.w.org\/{rel}","templated":true}]}}