{"id":12495,"date":"2025-02-10T13:08:17","date_gmt":"2025-02-10T05:08:17","guid":{"rendered":"https:\/\/www.tosunlux.eu\/?post_type=product&#038;p=12495"},"modified":"2025-02-10T13:27:47","modified_gmt":"2025-02-10T05:27:47","slug":"dual-power-automatic-changeover-switch","status":"publish","type":"product","link":"https:\/\/www.tosunlux.eu\/es\/products\/dual-power-automatic-changeover-switch\/","title":{"rendered":"Interruptor de cambio autom\u00e1tico de potencia dual TSMQ7"},"content":{"rendered":"<p><strong>Solicitud<\/strong><\/p>\n\n\n\n<p>El conmutador de conmutaci\u00f3n autom\u00e1tico de doble potencia TSMQ7-XFZ es adecuado para sistemas de suministro de energ\u00eda de doble circuito con 50\/60 Hz, voltaje de trabajo nominal de hasta 400 V y corriente nominal de hasta 63 A. La conmutaci\u00f3n autom\u00e1tica de la energ\u00eda entre la red el\u00e9ctrica y la energ\u00eda de reserva garantiza la confiabilidad del suministro de energ\u00eda. El producto se usa ampliamente en edificios de gran altura, centros comerciales, control de incendios, ventiladores de eliminaci\u00f3n de humo, ascensores, bombas de vida, iluminaci\u00f3n de emergencia, sistema fotovoltaico, etc.<\/p>\n\n\n\n<p><strong>Especificaci\u00f3n<\/strong><\/p>\n\n\n<table style=\"height: 387px;\" width=\"833\">\n<tbody>\n<tr>\n<td width=\"228\">Categor\u00eda de producto<\/td>\n<td style=\"text-align: center;\" width=\"457\">Conmutador de cambio autom\u00e1tico de clase CB<\/td>\n<\/tr>\n<tr>\n<td width=\"228\">N\u00famero de polos<\/td>\n<td style=\"text-align: center;\" width=\"457\">2P, 3P, 4P<\/td>\n<\/tr>\n<tr>\n<td width=\"228\">Corriente nominal<\/td>\n<td style=\"text-align: center;\" width=\"457\">10 A, 16 A, 20 A, 25 A, 32 A, 40 A, 50 A, 63 A<\/td>\n<\/tr>\n<tr>\n<td width=\"228\">Voltaje de trabajo nominal<\/td>\n<td style=\"text-align: center;\" width=\"457\">230\/400 V<\/td>\n<\/tr>\n<tr>\n<td width=\"228\">Voltaje de aislamiento nominal<\/td>\n<td style=\"text-align: center;\" width=\"457\">690V<\/td>\n<\/tr>\n<tr>\n<td width=\"228\">Tensi\u00f3n nominal soportada de impulso<\/td>\n<td style=\"text-align: center;\" width=\"457\">4 kV<\/td>\n<\/tr>\n<tr>\n<td width=\"228\">Capacidad nominal de ruptura de cortocircuito<\/td>\n<td style=\"text-align: center;\" width=\"457\">5kA<\/td>\n<\/tr>\n<tr>\n<td width=\"228\">Capacidad nominal de fabricaci\u00f3n a corto plazo<\/td>\n<td style=\"text-align: center;\" width=\"457\">7,65 kA<\/td>\n<\/tr>\n<tr>\n<td width=\"228\">Vida mec\u00e1nica (veces)<\/td>\n<td style=\"text-align: center;\" width=\"457\">4500&nbsp;<\/td>\n<\/tr>\n<tr>\n<td width=\"228\">Vida el\u00e9ctrica (veces)<\/td>\n<td style=\"text-align: center;\" width=\"457\">1500&nbsp;<\/td>\n<\/tr>\n<tr>\n<td width=\"228\">Temperatura de trabajo<\/td>\n<td style=\"text-align: center;\" width=\"457\">-5\u2103 a +40\u2103<\/td>\n<\/tr>\n<\/tbody>\n<\/table>\n\n\n<p><strong>Dimensiones<\/strong><\/p>\n\n\n<table style=\"height: 124px;\" width=\"836\">\n<tbody>\n<tr>\n<td style=\"text-align: center;\" width=\"141\">Modelo<\/td>\n<td style=\"text-align: center;\" width=\"89\">W<\/td>\n<td style=\"text-align: center;\" width=\"89\">W1<\/td>\n<td style=\"text-align: center;\" width=\"89\">L<\/td>\n<td style=\"text-align: center;\" width=\"89\">L1<\/td>\n<td style=\"text-align: center;\" width=\"89\">H<\/td>\n<td style=\"text-align: center;\" width=\"90\">H1<\/td>\n<\/tr>\n<tr>\n<td style=\"text-align: center;\" width=\"141\">TSMQ7-XFZ\/2P<\/td>\n<td style=\"text-align: center;\" width=\"89\">155&nbsp;<\/td>\n<td style=\"text-align: center;\" width=\"89\">128&nbsp;<\/td>\n<td style=\"text-align: center;\" width=\"89\">135&nbsp;<\/td>\n<td style=\"text-align: center;\" width=\"89\">123&nbsp;<\/td>\n<td style=\"text-align: center;\" width=\"89\">110&nbsp;<\/td>\n<td style=\"text-align: center;\" width=\"90\">98&nbsp;<\/td>\n<\/tr>\n<tr>\n<td style=\"text-align: center;\" width=\"141\">TSMQ7-XFZ\/3P<\/td>\n<td style=\"text-align: center;\" width=\"89\">191&nbsp;<\/td>\n<td style=\"text-align: center;\" width=\"89\">164&nbsp;<\/td>\n<td style=\"text-align: center;\" width=\"89\">135&nbsp;<\/td>\n<td style=\"text-align: center;\" width=\"89\">123&nbsp;<\/td>\n<td style=\"text-align: center;\" width=\"89\">110&nbsp;<\/td>\n<td style=\"text-align: center;\" width=\"90\">98&nbsp;<\/td>\n<\/tr>\n<tr>\n<td style=\"text-align: center;\" width=\"141\">TSMQ7-XFZ\/4P<\/td>\n<td style=\"text-align: center;\" width=\"89\">227&nbsp;<\/td>\n<td style=\"text-align: center;\" width=\"89\">200&nbsp;<\/td>\n<td style=\"text-align: center;\" width=\"89\">135&nbsp;<\/td>\n<td style=\"text-align: center;\" width=\"89\">123&nbsp;<\/td>\n<td style=\"text-align: center;\" width=\"89\">110&nbsp;<\/td>\n<td style=\"text-align: center;\" width=\"90\">98&nbsp;<\/td>\n<\/tr>\n<\/tbody>\n<\/table>\n\n\n<figure class=\"wp-block-image size-full is-resized\"><img fetchpriority=\"high\" decoding=\"async\" src=\"https:\/\/www.tosunlux.eu\/wp-content\/uploads\/2025\/02\/power-distribution-2-\u65b0.jpg\" alt=\"\" class=\"wp-image-12496\" width=\"798\" height=\"403\" srcset=\"https:\/\/www.tosunlux.eu\/wp-content\/uploads\/2025\/02\/power-distribution-2-\u65b0.jpg 967w, https:\/\/www.tosunlux.eu\/wp-content\/uploads\/2025\/02\/power-distribution-2-\u65b0-300x151.jpg 300w, https:\/\/www.tosunlux.eu\/wp-content\/uploads\/2025\/02\/power-distribution-2-\u65b0-768x388.jpg 768w, https:\/\/www.tosunlux.eu\/wp-content\/uploads\/2025\/02\/power-distribution-2-\u65b0-18x9.jpg 18w\" sizes=\"(max-width: 798px) 100vw, 798px\" \/><\/figure>","protected":false},"parent":0,"template":"","product_category":[24,86],"class_list":["post-12495","product","type-product","status-publish","hentry","product_category-power-distribution-system","product_category-automatic-changeover-switch"],"yoast_head":"<!-- This site is optimized with the Yoast SEO plugin v27.6 - https:\/\/yoast.com\/product\/yoast-seo-wordpress\/ -->\n<title>WholesaleTSMQ7 Dual Power Automatic Changeover Switch - TOSUNlux Official Site - Electrical Circuit Breaker Manufacturer in China Low Voltage Electrical Supplier | TOSUNlux<\/title>\n<meta name=\"description\" content=\"TSMQ7 Dual Power Automatic Changeover Switch Supplier - Wholesale direct from TOSUNlux, a trusted manufacturer since 1994. Get your B2B factory quote on our certified Low Voltage electrical products.\" \/>\n<meta name=\"robots\" content=\"index, follow, max-snippet:-1, max-image-preview:large, max-video-preview:-1\" \/>\n<link rel=\"canonical\" href=\"https:\/\/www.tosunlux.eu\/es\/products\/dual-power-automatic-changeover-switch\/\" \/>\n<meta property=\"og:locale\" content=\"es_ES\" \/>\n<meta property=\"og:type\" content=\"article\" \/>\n<meta property=\"og:title\" content=\"WholesaleTSMQ7 Dual Power Automatic Changeover Switch - TOSUNlux Official Site - Electrical Circuit Breaker Manufacturer in China Low Voltage Electrical Supplier | TOSUNlux\" \/>\n<meta property=\"og:description\" content=\"TSMQ7 Dual Power Automatic Changeover Switch Supplier - Wholesale direct from TOSUNlux, a trusted manufacturer since 1994. Get your B2B factory quote on our certified Low Voltage electrical products.\" \/>\n<meta property=\"og:url\" content=\"https:\/\/www.tosunlux.eu\/es\/products\/dual-power-automatic-changeover-switch\/\" \/>\n<meta property=\"og:site_name\" content=\"TOSUNlux Official Site - Electrical Circuit Breaker Manufacturer in China\" \/>\n<meta property=\"article:publisher\" content=\"https:\/\/www.facebook.com\/TOSUNelectric\/\" \/>\n<meta property=\"article:modified_time\" content=\"2025-02-10T05:27:47+00:00\" \/>\n<meta property=\"og:image\" content=\"https:\/\/www.tosunlux.eu\/wp-content\/uploads\/2023\/04\/DSC08160_\u526f\u672c.jpg\" \/>\n\t<meta property=\"og:image:width\" content=\"1500\" \/>\n\t<meta property=\"og:image:height\" content=\"940\" \/>\n\t<meta property=\"og:image:type\" content=\"image\/jpeg\" \/>\n<meta name=\"twitter:card\" content=\"summary_large_image\" \/>\n<meta name=\"twitter:label1\" content=\"Tiempo de lectura\" \/>\n\t<meta name=\"twitter:data1\" content=\"1 minuto\" \/>\n<script type=\"application\/ld+json\" class=\"yoast-schema-graph\">{\"@context\":\"https:\\\/\\\/schema.org\",\"@graph\":[{\"@type\":\"WebPage\",\"@id\":\"https:\\\/\\\/www.tosunlux.eu\\\/es\\\/products\\\/dual-power-automatic-changeover-switch\\\/\",\"url\":\"https:\\\/\\\/www.tosunlux.eu\\\/es\\\/products\\\/dual-power-automatic-changeover-switch\\\/\",\"name\":\"WholesaleTSMQ7 Dual Power Automatic Changeover Switch - TOSUNlux Official Site - Electrical Circuit Breaker Manufacturer in China Low Voltage Electrical Supplier | TOSUNlux\",\"isPartOf\":{\"@id\":\"https:\\\/\\\/www.tosunlux.eu\\\/ru\\\/#website\"},\"datePublished\":\"2025-02-10T05:08:17+00:00\",\"dateModified\":\"2025-02-10T05:27:47+00:00\",\"description\":\"TSMQ7 Dual Power Automatic Changeover Switch Supplier - Wholesale direct from TOSUNlux, a trusted manufacturer since 1994. Get your B2B factory quote on our certified Low Voltage electrical products.\",\"breadcrumb\":{\"@id\":\"https:\\\/\\\/www.tosunlux.eu\\\/es\\\/products\\\/dual-power-automatic-changeover-switch\\\/#breadcrumb\"},\"inLanguage\":\"es\",\"potentialAction\":[{\"@type\":\"ReadAction\",\"target\":[\"https:\\\/\\\/www.tosunlux.eu\\\/es\\\/products\\\/dual-power-automatic-changeover-switch\\\/\"]}]},{\"@type\":\"BreadcrumbList\",\"@id\":\"https:\\\/\\\/www.tosunlux.eu\\\/es\\\/products\\\/dual-power-automatic-changeover-switch\\\/#breadcrumb\",\"itemListElement\":[{\"@type\":\"ListItem\",\"position\":1,\"name\":\"Home\",\"item\":\"https:\\\/\\\/www.tosunlux.eu\\\/ru\\\/\"},{\"@type\":\"ListItem\",\"position\":2,\"name\":\"Products\",\"item\":\"https:\\\/\\\/www.tosunlux.eu\\\/products\\\/\"},{\"@type\":\"ListItem\",\"position\":3,\"name\":\"TSMQ7 Dual Power Automatic Changeover Switch\"}]},{\"@type\":\"WebSite\",\"@id\":\"https:\\\/\\\/www.tosunlux.eu\\\/ru\\\/#website\",\"url\":\"https:\\\/\\\/www.tosunlux.eu\\\/ru\\\/\",\"name\":\"TOSUNlux Official Site - Electrical Circuit Breaker Manufacturer in China\",\"description\":\"Power Distribution System Supplier\",\"publisher\":{\"@id\":\"https:\\\/\\\/www.tosunlux.eu\\\/ru\\\/#organization\"},\"alternateName\":\"TOSUNlux\",\"potentialAction\":[{\"@type\":\"SearchAction\",\"target\":{\"@type\":\"EntryPoint\",\"urlTemplate\":\"https:\\\/\\\/www.tosunlux.eu\\\/ru\\\/?s={search_term_string}\"},\"query-input\":{\"@type\":\"PropertyValueSpecification\",\"valueRequired\":true,\"valueName\":\"search_term_string\"}}],\"inLanguage\":\"es\"},{\"@type\":\"Organization\",\"@id\":\"https:\\\/\\\/www.tosunlux.eu\\\/ru\\\/#organization\",\"name\":\"TOSUNlux\",\"url\":\"https:\\\/\\\/www.tosunlux.eu\\\/ru\\\/\",\"logo\":{\"@type\":\"ImageObject\",\"inLanguage\":\"es\",\"@id\":\"https:\\\/\\\/www.tosunlux.eu\\\/ru\\\/#\\\/schema\\\/logo\\\/image\\\/\",\"url\":\"https:\\\/\\\/www.tosunlux.eu\\\/wp-content\\\/uploads\\\/2022\\\/01\\\/LOGOSYSM.71762f1.png\",\"contentUrl\":\"https:\\\/\\\/www.tosunlux.eu\\\/wp-content\\\/uploads\\\/2022\\\/01\\\/LOGOSYSM.71762f1.png\",\"width\":153,\"height\":55,\"caption\":\"TOSUNlux\"},\"image\":{\"@id\":\"https:\\\/\\\/www.tosunlux.eu\\\/ru\\\/#\\\/schema\\\/logo\\\/image\\\/\"},\"sameAs\":[\"https:\\\/\\\/www.facebook.com\\\/TOSUNelectric\\\/\",\"https:\\\/\\\/www.linkedin.com\\\/company\\\/wenzhou-tosun-electric-co.-ltd\\\/\"]}]}<\/script>\n<!-- \/ Yoast SEO plugin. -->","yoast_head_json":{"title":"WholesaleTSMQ7 Dual Power Automatic Changeover Switch - TOSUNlux Official Site - Electrical Circuit Breaker Manufacturer in China Low Voltage Electrical Supplier | TOSUNlux","description":"TSMQ7 Dual Power Automatic Changeover Switch Supplier - Wholesale direct from TOSUNlux, a trusted manufacturer since 1994. Get your B2B factory quote on our certified Low Voltage electrical products.","robots":{"index":"index","follow":"follow","max-snippet":"max-snippet:-1","max-image-preview":"max-image-preview:large","max-video-preview":"max-video-preview:-1"},"canonical":"https:\/\/www.tosunlux.eu\/es\/products\/dual-power-automatic-changeover-switch\/","og_locale":"es_ES","og_type":"article","og_title":"WholesaleTSMQ7 Dual Power Automatic Changeover Switch - TOSUNlux Official Site - Electrical Circuit Breaker Manufacturer in China Low Voltage Electrical Supplier | TOSUNlux","og_description":"TSMQ7 Dual Power Automatic Changeover Switch Supplier - Wholesale direct from TOSUNlux, a trusted manufacturer since 1994. Get your B2B factory quote on our certified Low Voltage electrical products.","og_url":"https:\/\/www.tosunlux.eu\/es\/products\/dual-power-automatic-changeover-switch\/","og_site_name":"TOSUNlux Official Site - Electrical Circuit Breaker Manufacturer in China","article_publisher":"https:\/\/www.facebook.com\/TOSUNelectric\/","article_modified_time":"2025-02-10T05:27:47+00:00","og_image":[{"width":1500,"height":940,"url":"https:\/\/www.tosunlux.eu\/wp-content\/uploads\/2023\/04\/DSC08160_\u526f\u672c.jpg","type":"image\/jpeg"}],"twitter_card":"summary_large_image","twitter_misc":{"Tiempo de lectura":"1 minuto"},"schema":{"@context":"https:\/\/schema.org","@graph":[{"@type":"WebPage","@id":"https:\/\/www.tosunlux.eu\/es\/products\/dual-power-automatic-changeover-switch\/","url":"https:\/\/www.tosunlux.eu\/es\/products\/dual-power-automatic-changeover-switch\/","name":"WholesaleTSMQ7 Dual Power Automatic Changeover Switch - TOSUNlux Official Site - Electrical Circuit Breaker Manufacturer in China Low Voltage Electrical Supplier | TOSUNlux","isPartOf":{"@id":"https:\/\/www.tosunlux.eu\/ru\/#website"},"datePublished":"2025-02-10T05:08:17+00:00","dateModified":"2025-02-10T05:27:47+00:00","description":"TSMQ7 Dual Power Automatic Changeover Switch Supplier - Wholesale direct from TOSUNlux, a trusted manufacturer since 1994. Get your B2B factory quote on our certified Low Voltage electrical products.","breadcrumb":{"@id":"https:\/\/www.tosunlux.eu\/es\/products\/dual-power-automatic-changeover-switch\/#breadcrumb"},"inLanguage":"es","potentialAction":[{"@type":"ReadAction","target":["https:\/\/www.tosunlux.eu\/es\/products\/dual-power-automatic-changeover-switch\/"]}]},{"@type":"BreadcrumbList","@id":"https:\/\/www.tosunlux.eu\/es\/products\/dual-power-automatic-changeover-switch\/#breadcrumb","itemListElement":[{"@type":"ListItem","position":1,"name":"Home","item":"https:\/\/www.tosunlux.eu\/ru\/"},{"@type":"ListItem","position":2,"name":"Products","item":"https:\/\/www.tosunlux.eu\/products\/"},{"@type":"ListItem","position":3,"name":"TSMQ7 Dual Power Automatic Changeover Switch"}]},{"@type":"WebSite","@id":"https:\/\/www.tosunlux.eu\/ru\/#website","url":"https:\/\/www.tosunlux.eu\/ru\/","name":"Sitio oficial de TOSUNlux - Fabricante de disyuntores el\u00e9ctricos en China","description":"Proveedor de sistemas de distribuci\u00f3n de energ\u00eda","publisher":{"@id":"https:\/\/www.tosunlux.eu\/ru\/#organization"},"alternateName":"TOSUNlux","potentialAction":[{"@type":"SearchAction","target":{"@type":"EntryPoint","urlTemplate":"https:\/\/www.tosunlux.eu\/ru\/?s={search_term_string}"},"query-input":{"@type":"PropertyValueSpecification","valueRequired":true,"valueName":"search_term_string"}}],"inLanguage":"es"},{"@type":"Organization","@id":"https:\/\/www.tosunlux.eu\/ru\/#organization","name":"TOSUNlux","url":"https:\/\/www.tosunlux.eu\/ru\/","logo":{"@type":"ImageObject","inLanguage":"es","@id":"https:\/\/www.tosunlux.eu\/ru\/#\/schema\/logo\/image\/","url":"https:\/\/www.tosunlux.eu\/wp-content\/uploads\/2022\/01\/LOGOSYSM.71762f1.png","contentUrl":"https:\/\/www.tosunlux.eu\/wp-content\/uploads\/2022\/01\/LOGOSYSM.71762f1.png","width":153,"height":55,"caption":"TOSUNlux"},"image":{"@id":"https:\/\/www.tosunlux.eu\/ru\/#\/schema\/logo\/image\/"},"sameAs":["https:\/\/www.facebook.com\/TOSUNelectric\/","https:\/\/www.linkedin.com\/company\/wenzhou-tosun-electric-co.-ltd\/"]}]}},"_links":{"self":[{"href":"https:\/\/www.tosunlux.eu\/es\/wp-json\/wp\/v2\/product\/12495","targetHints":{"allow":["GET"]}}],"collection":[{"href":"https:\/\/www.tosunlux.eu\/es\/wp-json\/wp\/v2\/product"}],"about":[{"href":"https:\/\/www.tosunlux.eu\/es\/wp-json\/wp\/v2\/types\/product"}],"version-history":[{"count":3,"href":"https:\/\/www.tosunlux.eu\/es\/wp-json\/wp\/v2\/product\/12495\/revisions"}],"predecessor-version":[{"id":12511,"href":"https:\/\/www.tosunlux.eu\/es\/wp-json\/wp\/v2\/product\/12495\/revisions\/12511"}],"wp:attachment":[{"href":"https:\/\/www.tosunlux.eu\/es\/wp-json\/wp\/v2\/media?parent=12495"}],"wp:term":[{"taxonomy":"product_category","embeddable":true,"href":"https:\/\/www.tosunlux.eu\/es\/wp-json\/wp\/v2\/product_category?post=12495"}],"curies":[{"name":"gracias","href":"https:\/\/api.w.org\/{rel}","templated":true}]}}