{"id":12512,"date":"2025-02-10T13:44:34","date_gmt":"2025-02-10T05:44:34","guid":{"rendered":"https:\/\/www.tosunlux.eu\/?post_type=product&#038;p=12512"},"modified":"2025-02-10T13:44:36","modified_gmt":"2025-02-10T05:44:36","slug":"tsmq8-dual-power-automatic-changeover-switch","status":"publish","type":"product","link":"https:\/\/www.tosunlux.eu\/es\/products\/tsmq8-dual-power-automatic-changeover-switch\/","title":{"rendered":"Interruptor de cambio autom\u00e1tico de potencia dual TSMQ8"},"content":{"rendered":"<p><strong>Solicitud<\/strong><\/p>\n\n\n\n<p>El conmutador de conmutaci\u00f3n autom\u00e1tico de doble potencia TSMQ8 es un conmutador de conmutaci\u00f3n poco frecuente de clase PC que proporciona alimentaci\u00f3n al circuito de forma constante cuando la red el\u00e9ctrica deja de estar disponible de repente. El conmutador es adecuado para sistemas de alimentaci\u00f3n de 50\/60 Hz, tensi\u00f3n nominal de hasta 400 V y corriente nominal de hasta 63 A.<br>Cuando el producto funciona en modo \u201cautom\u00e1tico\u201d, el interruptor convierte el circuito de la fuente de alimentaci\u00f3n de red (\u2160) a la fuente de alimentaci\u00f3n de reserva (\u2161) autom\u00e1ticamente en caso de que la fuente de alimentaci\u00f3n de red se interrumpa (o haya un fallo de fase). Cuando la fuente de alimentaci\u00f3n de red (\u2160) vuelve a estar disponible, el interruptor convierte el circuito de la fuente de alimentaci\u00f3n de reserva (\u2161) a la fuente de alimentaci\u00f3n de red (\u2160) autom\u00e1ticamente.<br>El interruptor se caracteriza por ser de peque\u00f1o volumen, r\u00e1pido en la reacci\u00f3n, confiable en la conversi\u00f3n, conveniente en la instalaci\u00f3n y de larga vida \u00fatil.<\/p>\n\n\n\n<p><strong>Especificaci\u00f3n<\/strong><\/p>\n\n\n<table style=\"height: 645px;\" width=\"939\">\n<tbody>\n<tr>\n<td width=\"247\">Categor\u00eda de producto<\/td>\n<td style=\"text-align: center;\" width=\"562\">Clase de PC: se puede encender y cargar sin generar corriente de cortocircuito<\/td>\n<\/tr>\n<tr>\n<td width=\"247\">N\u00famero de polos<\/td>\n<td style=\"text-align: center;\" width=\"562\">2P, 4P<\/td>\n<\/tr>\n<tr>\n<td width=\"247\">Corriente nominal<\/td>\n<td style=\"text-align: center;\" width=\"562\">6A, 10A, 16A, 20A, 25A, 32A, 40A,50A, 63A<\/td>\n<\/tr>\n<tr>\n<td width=\"247\">Tensi\u00f3n de aislamiento nominal (Ul)<\/td>\n<td style=\"text-align: center;\" width=\"562\">CA 690 V<\/td>\n<\/tr>\n<tr>\n<td width=\"247\">Tensi\u00f3n soportada de impulso nominal (Uimp)<\/td>\n<td style=\"text-align: center;\" width=\"562\">8kV<\/td>\n<\/tr>\n<tr>\n<td width=\"247\">Tensi\u00f3n nominal de funcionamiento (Ue)<\/td>\n<td style=\"text-align: center;\" width=\"562\">2P 110\/220 V, 4P 400 V<\/td>\n<\/tr>\n<tr>\n<td width=\"247\">Corriente nominal de cortocircuito (lq)<\/td>\n<td style=\"text-align: center;\" width=\"562\">5kA<\/td>\n<\/tr>\n<tr>\n<td width=\"247\">Dispositivo de protecci\u00f3n contra cortocircuitos (fusible)<\/td>\n<td style=\"text-align: center;\" width=\"562\">NT00 63A<\/td>\n<\/tr>\n<tr>\n<td width=\"247\">Tensi\u00f3n nominal soportada de impulso<\/td>\n<td style=\"text-align: center;\" width=\"562\">8kV<\/td>\n<\/tr>\n<tr>\n<td width=\"247\">Circuito de control<\/td>\n<td style=\"text-align: center;\" width=\"562\">Tensi\u00f3n de control nominal Us: CA 220 V\/110 V, 50\/60 Hz Condiciones normales de trabajo: 85%Us-110%Us<\/td>\n<\/tr>\n<tr>\n<td width=\"247\">Circuito Auxiliar<\/td>\n<td style=\"text-align: center;\" width=\"562\">CA 220 V\/110 V 50\/60 Hz, voltaje de entrada = 5 A<\/td>\n<\/tr>\n<tr>\n<td width=\"247\">Sobretensi\u00f3n\/Baja tensi\u00f3n<br \/>Rango de protecci\u00f3n<br \/>(Regreso a la normalidad 30s)<\/td>\n<td style=\"text-align: center;\" width=\"562\">Valor de subtensi\u00f3n 220 V: 175 V Valor de recuperaci\u00f3n: 195 V<br \/>Valor de sobretensi\u00f3n: 260 V Valor de recuperaci\u00f3n: 240 V (\u00b15 V)<br \/>110 V Valor de subtensi\u00f3n: 85 V Valor de recuperaci\u00f3n: 95 V<br \/>Valor de sobretensi\u00f3n: 145 V Valor de recuperaci\u00f3n: 130 (\u00b15 V)<\/td>\n<\/tr>\n<tr>\n<td width=\"247\">Vida mec\u00e1nica<\/td>\n<td style=\"text-align: center;\" width=\"562\">8000 veces<\/td>\n<\/tr>\n<tr>\n<td width=\"247\">Vida el\u00e9ctrica<\/td>\n<td style=\"text-align: center;\" width=\"562\">1500 veces<\/td>\n<\/tr>\n<tr>\n<td width=\"247\">Categor\u00eda de utilizaci\u00f3n<\/td>\n<td style=\"text-align: center;\" width=\"562\">AC-31B<\/td>\n<\/tr>\n<\/tbody>\n<\/table>\n\n\n<p><strong>Dimensiones<\/strong><\/p>\n\n\n\n<figure class=\"wp-block-image size-large is-resized\"><img fetchpriority=\"high\" decoding=\"async\" src=\"https:\/\/www.tosunlux.eu\/wp-content\/uploads\/2025\/02\/1-2-1024x348.jpg\" alt=\"\" class=\"wp-image-12514\" width=\"768\" height=\"261\" srcset=\"https:\/\/www.tosunlux.eu\/wp-content\/uploads\/2025\/02\/1-2-1024x348.jpg 1024w, https:\/\/www.tosunlux.eu\/wp-content\/uploads\/2025\/02\/1-2-300x102.jpg 300w, https:\/\/www.tosunlux.eu\/wp-content\/uploads\/2025\/02\/1-2-768x261.jpg 768w, https:\/\/www.tosunlux.eu\/wp-content\/uploads\/2025\/02\/1-2-18x6.jpg 18w, https:\/\/www.tosunlux.eu\/wp-content\/uploads\/2025\/02\/1-2.jpg 1431w\" sizes=\"(max-width: 768px) 100vw, 768px\" \/><\/figure>","protected":false},"parent":0,"template":"","product_category":[24,86],"class_list":["post-12512","product","type-product","status-publish","hentry","product_category-power-distribution-system","product_category-automatic-changeover-switch"],"yoast_head":"<!-- This site is optimized with the Yoast SEO plugin v27.5 - https:\/\/yoast.com\/product\/yoast-seo-wordpress\/ -->\n<title>WholesaleTSMQ8 Dual Power Automatic Changeover Switch - TOSUNlux Official Site - Electrical Circuit Breaker Manufacturer in China Low Voltage Electrical Supplier | TOSUNlux<\/title>\n<meta name=\"description\" content=\"TSMQ8 Dual Power Automatic Changeover Switch Supplier - Wholesale direct from TOSUNlux, a trusted manufacturer since 1994. Get your B2B factory quote on our certified Low Voltage electrical products.\" \/>\n<meta name=\"robots\" content=\"index, follow, max-snippet:-1, max-image-preview:large, max-video-preview:-1\" \/>\n<link rel=\"canonical\" href=\"https:\/\/www.tosunlux.eu\/es\/products\/tsmq8-dual-power-automatic-changeover-switch\/\" \/>\n<meta property=\"og:locale\" content=\"es_ES\" \/>\n<meta property=\"og:type\" content=\"article\" \/>\n<meta property=\"og:title\" content=\"WholesaleTSMQ8 Dual Power Automatic Changeover Switch - TOSUNlux Official Site - Electrical Circuit Breaker Manufacturer in China Low Voltage Electrical Supplier | TOSUNlux\" \/>\n<meta property=\"og:description\" content=\"TSMQ8 Dual Power Automatic Changeover Switch Supplier - Wholesale direct from TOSUNlux, a trusted manufacturer since 1994. Get your B2B factory quote on our certified Low Voltage electrical products.\" \/>\n<meta property=\"og:url\" content=\"https:\/\/www.tosunlux.eu\/es\/products\/tsmq8-dual-power-automatic-changeover-switch\/\" \/>\n<meta property=\"og:site_name\" content=\"TOSUNlux Official Site - Electrical Circuit Breaker Manufacturer in China\" \/>\n<meta property=\"article:publisher\" content=\"https:\/\/www.facebook.com\/TOSUNelectric\/\" \/>\n<meta property=\"article:modified_time\" content=\"2025-02-10T05:44:36+00:00\" \/>\n<meta property=\"og:image\" content=\"https:\/\/www.tosunlux.eu\/wp-content\/uploads\/2025\/02\/1-2-1024x348.jpg\" \/>\n<meta name=\"twitter:card\" content=\"summary_large_image\" \/>\n<meta name=\"twitter:label1\" content=\"Tiempo de lectura\" \/>\n\t<meta name=\"twitter:data1\" content=\"2 minutos\" \/>\n<script type=\"application\/ld+json\" class=\"yoast-schema-graph\">{\"@context\":\"https:\\\/\\\/schema.org\",\"@graph\":[{\"@type\":\"WebPage\",\"@id\":\"https:\\\/\\\/www.tosunlux.eu\\\/ru\\\/products\\\/tsmq8-dual-power-automatic-changeover-switch\\\/\",\"url\":\"https:\\\/\\\/www.tosunlux.eu\\\/ru\\\/products\\\/tsmq8-dual-power-automatic-changeover-switch\\\/\",\"name\":\"WholesaleTSMQ8 Dual Power Automatic Changeover Switch - TOSUNlux Official Site - Electrical Circuit Breaker Manufacturer in China Low Voltage Electrical Supplier | TOSUNlux\",\"isPartOf\":{\"@id\":\"https:\\\/\\\/www.tosunlux.eu\\\/ru\\\/#website\"},\"primaryImageOfPage\":{\"@id\":\"https:\\\/\\\/www.tosunlux.eu\\\/ru\\\/products\\\/tsmq8-dual-power-automatic-changeover-switch\\\/#primaryimage\"},\"image\":{\"@id\":\"https:\\\/\\\/www.tosunlux.eu\\\/ru\\\/products\\\/tsmq8-dual-power-automatic-changeover-switch\\\/#primaryimage\"},\"thumbnailUrl\":\"https:\\\/\\\/www.tosunlux.eu\\\/wp-content\\\/uploads\\\/2025\\\/02\\\/1-2-1024x348.jpg\",\"datePublished\":\"2025-02-10T05:44:34+00:00\",\"dateModified\":\"2025-02-10T05:44:36+00:00\",\"description\":\"TSMQ8 Dual Power Automatic Changeover Switch Supplier - Wholesale direct from TOSUNlux, a trusted manufacturer since 1994. Get your B2B factory quote on our certified Low Voltage electrical products.\",\"breadcrumb\":{\"@id\":\"https:\\\/\\\/www.tosunlux.eu\\\/ru\\\/products\\\/tsmq8-dual-power-automatic-changeover-switch\\\/#breadcrumb\"},\"inLanguage\":\"es\",\"potentialAction\":[{\"@type\":\"ReadAction\",\"target\":[\"https:\\\/\\\/www.tosunlux.eu\\\/ru\\\/products\\\/tsmq8-dual-power-automatic-changeover-switch\\\/\"]}]},{\"@type\":\"ImageObject\",\"inLanguage\":\"es\",\"@id\":\"https:\\\/\\\/www.tosunlux.eu\\\/ru\\\/products\\\/tsmq8-dual-power-automatic-changeover-switch\\\/#primaryimage\",\"url\":\"https:\\\/\\\/www.tosunlux.eu\\\/wp-content\\\/uploads\\\/2025\\\/02\\\/1-2-1024x348.jpg\",\"contentUrl\":\"https:\\\/\\\/www.tosunlux.eu\\\/wp-content\\\/uploads\\\/2025\\\/02\\\/1-2-1024x348.jpg\"},{\"@type\":\"BreadcrumbList\",\"@id\":\"https:\\\/\\\/www.tosunlux.eu\\\/ru\\\/products\\\/tsmq8-dual-power-automatic-changeover-switch\\\/#breadcrumb\",\"itemListElement\":[{\"@type\":\"ListItem\",\"position\":1,\"name\":\"Home\",\"item\":\"https:\\\/\\\/www.tosunlux.eu\\\/ru\\\/\"},{\"@type\":\"ListItem\",\"position\":2,\"name\":\"Products\",\"item\":\"https:\\\/\\\/www.tosunlux.eu\\\/products\\\/\"},{\"@type\":\"ListItem\",\"position\":3,\"name\":\"TSMQ8 Dual Power Automatic Changeover Switch\"}]},{\"@type\":\"WebSite\",\"@id\":\"https:\\\/\\\/www.tosunlux.eu\\\/ru\\\/#website\",\"url\":\"https:\\\/\\\/www.tosunlux.eu\\\/ru\\\/\",\"name\":\"TOSUNlux Official Site - Electrical Circuit Breaker Manufacturer in China\",\"description\":\"Power Distribution System Supplier\",\"publisher\":{\"@id\":\"https:\\\/\\\/www.tosunlux.eu\\\/ru\\\/#organization\"},\"alternateName\":\"TOSUNlux\",\"potentialAction\":[{\"@type\":\"SearchAction\",\"target\":{\"@type\":\"EntryPoint\",\"urlTemplate\":\"https:\\\/\\\/www.tosunlux.eu\\\/ru\\\/?s={search_term_string}\"},\"query-input\":{\"@type\":\"PropertyValueSpecification\",\"valueRequired\":true,\"valueName\":\"search_term_string\"}}],\"inLanguage\":\"es\"},{\"@type\":\"Organization\",\"@id\":\"https:\\\/\\\/www.tosunlux.eu\\\/ru\\\/#organization\",\"name\":\"TOSUNlux\",\"url\":\"https:\\\/\\\/www.tosunlux.eu\\\/ru\\\/\",\"logo\":{\"@type\":\"ImageObject\",\"inLanguage\":\"es\",\"@id\":\"https:\\\/\\\/www.tosunlux.eu\\\/ru\\\/#\\\/schema\\\/logo\\\/image\\\/\",\"url\":\"https:\\\/\\\/www.tosunlux.eu\\\/wp-content\\\/uploads\\\/2022\\\/01\\\/LOGOSYSM.71762f1.png\",\"contentUrl\":\"https:\\\/\\\/www.tosunlux.eu\\\/wp-content\\\/uploads\\\/2022\\\/01\\\/LOGOSYSM.71762f1.png\",\"width\":153,\"height\":55,\"caption\":\"TOSUNlux\"},\"image\":{\"@id\":\"https:\\\/\\\/www.tosunlux.eu\\\/ru\\\/#\\\/schema\\\/logo\\\/image\\\/\"},\"sameAs\":[\"https:\\\/\\\/www.facebook.com\\\/TOSUNelectric\\\/\",\"https:\\\/\\\/www.linkedin.com\\\/company\\\/wenzhou-tosun-electric-co.-ltd\\\/\"]}]}<\/script>\n<!-- \/ Yoast SEO plugin. -->","yoast_head_json":{"title":"WholesaleTSMQ8 Dual Power Automatic Changeover Switch - TOSUNlux Official Site - Electrical Circuit Breaker Manufacturer in China Low Voltage Electrical Supplier | TOSUNlux","description":"TSMQ8 Dual Power Automatic Changeover Switch Supplier - Wholesale direct from TOSUNlux, a trusted manufacturer since 1994. Get your B2B factory quote on our certified Low Voltage electrical products.","robots":{"index":"index","follow":"follow","max-snippet":"max-snippet:-1","max-image-preview":"max-image-preview:large","max-video-preview":"max-video-preview:-1"},"canonical":"https:\/\/www.tosunlux.eu\/es\/products\/tsmq8-dual-power-automatic-changeover-switch\/","og_locale":"es_ES","og_type":"article","og_title":"WholesaleTSMQ8 Dual Power Automatic Changeover Switch - TOSUNlux Official Site - Electrical Circuit Breaker Manufacturer in China Low Voltage Electrical Supplier | TOSUNlux","og_description":"TSMQ8 Dual Power Automatic Changeover Switch Supplier - Wholesale direct from TOSUNlux, a trusted manufacturer since 1994. Get your B2B factory quote on our certified Low Voltage electrical products.","og_url":"https:\/\/www.tosunlux.eu\/es\/products\/tsmq8-dual-power-automatic-changeover-switch\/","og_site_name":"TOSUNlux Official Site - Electrical Circuit Breaker Manufacturer in China","article_publisher":"https:\/\/www.facebook.com\/TOSUNelectric\/","article_modified_time":"2025-02-10T05:44:36+00:00","og_image":[{"url":"https:\/\/www.tosunlux.eu\/wp-content\/uploads\/2025\/02\/1-2-1024x348.jpg","type":"","width":"","height":""}],"twitter_card":"summary_large_image","twitter_misc":{"Tiempo de lectura":"2 minutos"},"schema":{"@context":"https:\/\/schema.org","@graph":[{"@type":"WebPage","@id":"https:\/\/www.tosunlux.eu\/ru\/products\/tsmq8-dual-power-automatic-changeover-switch\/","url":"https:\/\/www.tosunlux.eu\/ru\/products\/tsmq8-dual-power-automatic-changeover-switch\/","name":"WholesaleTSMQ8 Dual Power Automatic Changeover Switch - TOSUNlux Official Site - Electrical Circuit Breaker Manufacturer in China Low Voltage Electrical Supplier | TOSUNlux","isPartOf":{"@id":"https:\/\/www.tosunlux.eu\/ru\/#website"},"primaryImageOfPage":{"@id":"https:\/\/www.tosunlux.eu\/ru\/products\/tsmq8-dual-power-automatic-changeover-switch\/#primaryimage"},"image":{"@id":"https:\/\/www.tosunlux.eu\/ru\/products\/tsmq8-dual-power-automatic-changeover-switch\/#primaryimage"},"thumbnailUrl":"https:\/\/www.tosunlux.eu\/wp-content\/uploads\/2025\/02\/1-2-1024x348.jpg","datePublished":"2025-02-10T05:44:34+00:00","dateModified":"2025-02-10T05:44:36+00:00","description":"TSMQ8 Dual Power Automatic Changeover Switch Supplier - Wholesale direct from TOSUNlux, a trusted manufacturer since 1994. Get your B2B factory quote on our certified Low Voltage electrical products.","breadcrumb":{"@id":"https:\/\/www.tosunlux.eu\/ru\/products\/tsmq8-dual-power-automatic-changeover-switch\/#breadcrumb"},"inLanguage":"es","potentialAction":[{"@type":"ReadAction","target":["https:\/\/www.tosunlux.eu\/ru\/products\/tsmq8-dual-power-automatic-changeover-switch\/"]}]},{"@type":"ImageObject","inLanguage":"es","@id":"https:\/\/www.tosunlux.eu\/ru\/products\/tsmq8-dual-power-automatic-changeover-switch\/#primaryimage","url":"https:\/\/www.tosunlux.eu\/wp-content\/uploads\/2025\/02\/1-2-1024x348.jpg","contentUrl":"https:\/\/www.tosunlux.eu\/wp-content\/uploads\/2025\/02\/1-2-1024x348.jpg"},{"@type":"BreadcrumbList","@id":"https:\/\/www.tosunlux.eu\/ru\/products\/tsmq8-dual-power-automatic-changeover-switch\/#breadcrumb","itemListElement":[{"@type":"ListItem","position":1,"name":"Home","item":"https:\/\/www.tosunlux.eu\/ru\/"},{"@type":"ListItem","position":2,"name":"Products","item":"https:\/\/www.tosunlux.eu\/products\/"},{"@type":"ListItem","position":3,"name":"TSMQ8 Dual Power Automatic Changeover Switch"}]},{"@type":"WebSite","@id":"https:\/\/www.tosunlux.eu\/ru\/#website","url":"https:\/\/www.tosunlux.eu\/ru\/","name":"Sitio oficial de TOSUNlux - Fabricante de disyuntores el\u00e9ctricos en China","description":"Proveedor de sistemas de distribuci\u00f3n de energ\u00eda","publisher":{"@id":"https:\/\/www.tosunlux.eu\/ru\/#organization"},"alternateName":"TOSUNlux","potentialAction":[{"@type":"SearchAction","target":{"@type":"EntryPoint","urlTemplate":"https:\/\/www.tosunlux.eu\/ru\/?s={search_term_string}"},"query-input":{"@type":"PropertyValueSpecification","valueRequired":true,"valueName":"search_term_string"}}],"inLanguage":"es"},{"@type":"Organization","@id":"https:\/\/www.tosunlux.eu\/ru\/#organization","name":"TOSUNlux","url":"https:\/\/www.tosunlux.eu\/ru\/","logo":{"@type":"ImageObject","inLanguage":"es","@id":"https:\/\/www.tosunlux.eu\/ru\/#\/schema\/logo\/image\/","url":"https:\/\/www.tosunlux.eu\/wp-content\/uploads\/2022\/01\/LOGOSYSM.71762f1.png","contentUrl":"https:\/\/www.tosunlux.eu\/wp-content\/uploads\/2022\/01\/LOGOSYSM.71762f1.png","width":153,"height":55,"caption":"TOSUNlux"},"image":{"@id":"https:\/\/www.tosunlux.eu\/ru\/#\/schema\/logo\/image\/"},"sameAs":["https:\/\/www.facebook.com\/TOSUNelectric\/","https:\/\/www.linkedin.com\/company\/wenzhou-tosun-electric-co.-ltd\/"]}]}},"_links":{"self":[{"href":"https:\/\/www.tosunlux.eu\/es\/wp-json\/wp\/v2\/product\/12512","targetHints":{"allow":["GET"]}}],"collection":[{"href":"https:\/\/www.tosunlux.eu\/es\/wp-json\/wp\/v2\/product"}],"about":[{"href":"https:\/\/www.tosunlux.eu\/es\/wp-json\/wp\/v2\/types\/product"}],"version-history":[{"count":2,"href":"https:\/\/www.tosunlux.eu\/es\/wp-json\/wp\/v2\/product\/12512\/revisions"}],"predecessor-version":[{"id":12518,"href":"https:\/\/www.tosunlux.eu\/es\/wp-json\/wp\/v2\/product\/12512\/revisions\/12518"}],"wp:attachment":[{"href":"https:\/\/www.tosunlux.eu\/es\/wp-json\/wp\/v2\/media?parent=12512"}],"wp:term":[{"taxonomy":"product_category","embeddable":true,"href":"https:\/\/www.tosunlux.eu\/es\/wp-json\/wp\/v2\/product_category?post=12512"}],"curies":[{"name":"gracias","href":"https:\/\/api.w.org\/{rel}","templated":true}]}}