{"id":12519,"date":"2025-02-10T14:29:45","date_gmt":"2025-02-10T06:29:45","guid":{"rendered":"https:\/\/www.tosunlux.eu\/?post_type=product&#038;p=12519"},"modified":"2025-02-10T14:29:48","modified_gmt":"2025-02-10T06:29:48","slug":"tsmq3-dual-power-automatic-changeover-switch","status":"publish","type":"product","link":"https:\/\/www.tosunlux.eu\/es\/products\/tsmq3-dual-power-automatic-changeover-switch\/","title":{"rendered":"Interruptor de cambio autom\u00e1tico de potencia dual TSMQ3"},"content":{"rendered":"<p><strong>Especificaci\u00f3n<\/strong><\/p>\n\n\n<table style=\"height: 740px;\" width=\"989\">\n<tbody>\n<tr>\n<td width=\"228\">Categor\u00eda de producto<\/td>\n<td style=\"text-align: center;\" colspan=\"5\" width=\"588\">Conmutador de cambio autom\u00e1tico de clase PC<\/td>\n<\/tr>\n<tr>\n<td width=\"228\">Modelo<\/td>\n<td style=\"text-align: center;\" width=\"154\">TSMQ3-63<\/td>\n<td style=\"text-align: center;\" width=\"142\">TSMQ3-125<\/td>\n<td style=\"text-align: center;\" colspan=\"2\" width=\"142\">TSMQ3-250<\/td>\n<td style=\"text-align: center;\" width=\"149\">TSMQ3-630<\/td>\n<\/tr>\n<tr>\n<td width=\"228\">N\u00famero de polos<\/td>\n<td style=\"text-align: center;\" colspan=\"5\" width=\"588\">2P, 3P, 4P<\/td>\n<\/tr>\n<tr>\n<td width=\"228\">Corriente nominal<\/td>\n<td style=\"text-align: center;\" width=\"154\">\u00a0\u00a0\u00a0 16 A, 20 A, 25 A, 32 A,<br \/>\u00a0\u00a0\u00a0\u00a0\u00a0\u00a0\u00a0 40 A, 50 A, 63 A<\/td>\n<td style=\"text-align: center;\" width=\"142\">20 A, 25 A, 32 A, 40 A,<br \/>50 A, 63 A, 80 A,<br \/>100 A, 125 A<\/td>\n<td style=\"text-align: center;\" colspan=\"2\" width=\"142\">160 A, 200 A,<br \/>225 A, 250 A<\/td>\n<td style=\"text-align: center;\" width=\"149\">\u00a0\u00a0\u00a0\u00a0 315A, 350A, 400A,<br \/>\u00a0\u00a0\u00a0\u00a0 450A, 500A, 550A,<br \/>\u00a0\u00a0\u00a0\u00a0\u00a0\u00a0\u00a0\u00a0\u00a0 600 A, 630 A<\/td>\n<\/tr>\n<tr>\n<td width=\"228\">Funci\u00f3n de trabajo<\/td>\n<td style=\"text-align: center;\" colspan=\"5\" width=\"588\">3 posiciones 1-0-2<\/td>\n<\/tr>\n<tr>\n<td width=\"228\">Tensi\u00f3n nominal de aislamiento<\/td>\n<td style=\"text-align: center;\" colspan=\"5\" width=\"588\">CA 690 V<\/td>\n<\/tr>\n<tr>\n<td width=\"228\">Voltaje nominal<\/td>\n<td style=\"text-align: center;\" colspan=\"5\" width=\"588\">AC400V<\/td>\n<\/tr>\n<tr>\n<td width=\"228\">La tensi\u00f3n soportada al impulso nominal<\/td>\n<td style=\"text-align: center;\" colspan=\"5\" width=\"588\">8kV<\/td>\n<\/tr>\n<tr>\n<td width=\"228\">Categor\u00eda de utilizaci\u00f3n<\/td>\n<td style=\"text-align: center;\" colspan=\"5\" width=\"588\">AC-33iB<\/td>\n<\/tr>\n<tr>\n<td width=\"228\">N\u00famero de posici\u00f3n<\/td>\n<td style=\"text-align: center;\" colspan=\"5\" width=\"588\">Doble lanzamiento<\/td>\n<\/tr>\n<tr>\n<td width=\"228\">Manera de cableado<\/td>\n<td style=\"text-align: center;\" colspan=\"5\" width=\"588\">Montaje en panel<\/td>\n<\/tr>\n<tr>\n<td width=\"228\">Corriente de resistencia de corta duraci\u00f3n<\/td>\n<td style=\"text-align: center;\" width=\"154\">5kA<\/td>\n<td style=\"text-align: center;\" colspan=\"3\" width=\"284\">10kA<\/td>\n<td style=\"text-align: center;\" width=\"149\">12,6 kA<\/td>\n<\/tr>\n<tr>\n<td width=\"228\">Subcapacidad de conexi\u00f3n<\/td>\n<td style=\"text-align: center;\" width=\"154\">10le<\/td>\n<td style=\"text-align: center;\" colspan=\"3\" width=\"284\">6le<\/td>\n<td style=\"text-align: center;\" width=\"149\">6le<\/td>\n<\/tr>\n<tr>\n<td width=\"228\">Vida mec\u00e1nica<\/td>\n<td style=\"text-align: center;\" colspan=\"4\" width=\"439\">20000 veces<\/td>\n<td style=\"text-align: center;\" width=\"149\">4000 veces<\/td>\n<\/tr>\n<tr>\n<td width=\"228\">Vida el\u00e9ctrica<\/td>\n<td style=\"text-align: center;\" colspan=\"4\" width=\"439\">6000 veces<\/td>\n<td style=\"text-align: center;\" width=\"149\">1000 veces<\/td>\n<\/tr>\n<tr>\n<td width=\"228\">Ciclo operativo<\/td>\n<td style=\"text-align: center;\" colspan=\"5\" width=\"588\">60 veces\/hora<\/td>\n<\/tr>\n<tr>\n<td width=\"228\">Accesorio<\/td>\n<td style=\"text-align: center;\" colspan=\"5\" width=\"588\">Manija de operaci\u00f3n manual, placa divisoria<\/td>\n<\/tr>\n<tr>\n<td rowspan=\"2\" width=\"228\">Modo de trabajo<\/td>\n<td style=\"text-align: center;\" colspan=\"3\" width=\"327\">R: Prioridad para la alimentaci\u00f3n de red (predeterminado)<\/td>\n<td style=\"text-align: center;\" colspan=\"2\" width=\"261\">B: Prioridad para energ\u00eda en espera II (opcional)<\/td>\n<\/tr>\n<tr>\n<td colspan=\"3\" width=\"327\">F: Prioridad de suministro de energ\u00eda desde el generador (opcional)<\/td>\n<td style=\"text-align: center;\" colspan=\"2\" width=\"261\">T: Con funci\u00f3n de comunicaci\u00f3n (opcional)<\/td>\n<\/tr>\n<\/tbody>\n<\/table>","protected":false},"parent":0,"template":"","product_category":[24,86],"class_list":["post-12519","product","type-product","status-publish","hentry","product_category-power-distribution-system","product_category-automatic-changeover-switch"],"yoast_head":"<!-- This site is optimized with the Yoast SEO plugin v27.3 - https:\/\/yoast.com\/product\/yoast-seo-wordpress\/ -->\n<title>WholesaleTSMQ3 Dual Power Automatic Changeover Switch - TOSUNlux Official Site - Electrical Circuit Breaker Manufacturer in China Low Voltage Electrical Supplier | TOSUNlux<\/title>\n<meta name=\"description\" content=\"TSMQ3 Dual Power Automatic Changeover Switch Supplier - Wholesale direct from TOSUNlux, a trusted manufacturer since 1994. Get your B2B factory quote on our certified Low Voltage electrical products.\" \/>\n<meta name=\"robots\" content=\"index, follow, max-snippet:-1, max-image-preview:large, max-video-preview:-1\" \/>\n<link rel=\"canonical\" href=\"https:\/\/www.tosunlux.eu\/es\/products\/tsmq3-dual-power-automatic-changeover-switch\/\" \/>\n<meta property=\"og:locale\" content=\"es_ES\" \/>\n<meta property=\"og:type\" content=\"article\" \/>\n<meta property=\"og:title\" content=\"WholesaleTSMQ3 Dual Power Automatic Changeover Switch - TOSUNlux Official Site - Electrical Circuit Breaker Manufacturer in China Low Voltage Electrical Supplier | TOSUNlux\" \/>\n<meta property=\"og:description\" content=\"TSMQ3 Dual Power Automatic Changeover Switch Supplier - Wholesale direct from TOSUNlux, a trusted manufacturer since 1994. Get your B2B factory quote on our certified Low Voltage electrical products.\" \/>\n<meta property=\"og:url\" content=\"https:\/\/www.tosunlux.eu\/es\/products\/tsmq3-dual-power-automatic-changeover-switch\/\" \/>\n<meta property=\"og:site_name\" content=\"TOSUNlux Official Site - Electrical Circuit Breaker Manufacturer in China\" \/>\n<meta property=\"article:publisher\" content=\"https:\/\/www.facebook.com\/TOSUNelectric\/\" \/>\n<meta property=\"article:modified_time\" content=\"2025-02-10T06:29:48+00:00\" \/>\n<meta property=\"og:image\" content=\"https:\/\/www.tosunlux.eu\/wp-content\/uploads\/2023\/04\/DSC08160_\u526f\u672c.jpg\" \/>\n\t<meta property=\"og:image:width\" content=\"1500\" \/>\n\t<meta property=\"og:image:height\" content=\"940\" \/>\n\t<meta property=\"og:image:type\" content=\"image\/jpeg\" \/>\n<meta name=\"twitter:card\" content=\"summary_large_image\" \/>\n<meta name=\"twitter:label1\" content=\"Tiempo de lectura\" \/>\n\t<meta name=\"twitter:data1\" content=\"1 minuto\" \/>\n<script type=\"application\/ld+json\" class=\"yoast-schema-graph\">{\"@context\":\"https:\\\/\\\/schema.org\",\"@graph\":[{\"@type\":\"WebPage\",\"@id\":\"https:\\\/\\\/www.tosunlux.eu\\\/products\\\/tsmq3-dual-power-automatic-changeover-switch\\\/\",\"url\":\"https:\\\/\\\/www.tosunlux.eu\\\/products\\\/tsmq3-dual-power-automatic-changeover-switch\\\/\",\"name\":\"WholesaleTSMQ3 Dual Power Automatic Changeover Switch - TOSUNlux Official Site - Electrical Circuit Breaker Manufacturer in China Low Voltage Electrical Supplier | TOSUNlux\",\"isPartOf\":{\"@id\":\"https:\\\/\\\/www.tosunlux.eu\\\/ru\\\/#website\"},\"datePublished\":\"2025-02-10T06:29:45+00:00\",\"dateModified\":\"2025-02-10T06:29:48+00:00\",\"description\":\"TSMQ3 Dual Power Automatic Changeover Switch Supplier - Wholesale direct from TOSUNlux, a trusted manufacturer since 1994. Get your B2B factory quote on our certified Low Voltage electrical products.\",\"breadcrumb\":{\"@id\":\"https:\\\/\\\/www.tosunlux.eu\\\/products\\\/tsmq3-dual-power-automatic-changeover-switch\\\/#breadcrumb\"},\"inLanguage\":\"es\",\"potentialAction\":[{\"@type\":\"ReadAction\",\"target\":[\"https:\\\/\\\/www.tosunlux.eu\\\/products\\\/tsmq3-dual-power-automatic-changeover-switch\\\/\"]}]},{\"@type\":\"BreadcrumbList\",\"@id\":\"https:\\\/\\\/www.tosunlux.eu\\\/products\\\/tsmq3-dual-power-automatic-changeover-switch\\\/#breadcrumb\",\"itemListElement\":[{\"@type\":\"ListItem\",\"position\":1,\"name\":\"Home\",\"item\":\"https:\\\/\\\/www.tosunlux.eu\\\/ru\\\/\"},{\"@type\":\"ListItem\",\"position\":2,\"name\":\"Products\",\"item\":\"https:\\\/\\\/www.tosunlux.eu\\\/products\\\/\"},{\"@type\":\"ListItem\",\"position\":3,\"name\":\"TSMQ3 Dual Power Automatic Changeover Switch\"}]},{\"@type\":\"WebSite\",\"@id\":\"https:\\\/\\\/www.tosunlux.eu\\\/ru\\\/#website\",\"url\":\"https:\\\/\\\/www.tosunlux.eu\\\/ru\\\/\",\"name\":\"TOSUNlux Official Site - Electrical Circuit Breaker Manufacturer in China\",\"description\":\"Power Distribution System Supplier\",\"publisher\":{\"@id\":\"https:\\\/\\\/www.tosunlux.eu\\\/ru\\\/#organization\"},\"alternateName\":\"TOSUNlux\",\"potentialAction\":[{\"@type\":\"SearchAction\",\"target\":{\"@type\":\"EntryPoint\",\"urlTemplate\":\"https:\\\/\\\/www.tosunlux.eu\\\/ru\\\/?s={search_term_string}\"},\"query-input\":{\"@type\":\"PropertyValueSpecification\",\"valueRequired\":true,\"valueName\":\"search_term_string\"}}],\"inLanguage\":\"es\"},{\"@type\":\"Organization\",\"@id\":\"https:\\\/\\\/www.tosunlux.eu\\\/ru\\\/#organization\",\"name\":\"TOSUNlux\",\"url\":\"https:\\\/\\\/www.tosunlux.eu\\\/ru\\\/\",\"logo\":{\"@type\":\"ImageObject\",\"inLanguage\":\"es\",\"@id\":\"https:\\\/\\\/www.tosunlux.eu\\\/ru\\\/#\\\/schema\\\/logo\\\/image\\\/\",\"url\":\"https:\\\/\\\/www.tosunlux.eu\\\/wp-content\\\/uploads\\\/2022\\\/01\\\/LOGOSYSM.71762f1.png\",\"contentUrl\":\"https:\\\/\\\/www.tosunlux.eu\\\/wp-content\\\/uploads\\\/2022\\\/01\\\/LOGOSYSM.71762f1.png\",\"width\":153,\"height\":55,\"caption\":\"TOSUNlux\"},\"image\":{\"@id\":\"https:\\\/\\\/www.tosunlux.eu\\\/ru\\\/#\\\/schema\\\/logo\\\/image\\\/\"},\"sameAs\":[\"https:\\\/\\\/www.facebook.com\\\/TOSUNelectric\\\/\",\"https:\\\/\\\/www.linkedin.com\\\/company\\\/wenzhou-tosun-electric-co.-ltd\\\/\"]}]}<\/script>\n<!-- \/ Yoast SEO plugin. -->","yoast_head_json":{"title":"WholesaleTSMQ3 Dual Power Automatic Changeover Switch - TOSUNlux Official Site - Electrical Circuit Breaker Manufacturer in China Low Voltage Electrical Supplier | TOSUNlux","description":"TSMQ3 Dual Power Automatic Changeover Switch Supplier - Wholesale direct from TOSUNlux, a trusted manufacturer since 1994. Get your B2B factory quote on our certified Low Voltage electrical products.","robots":{"index":"index","follow":"follow","max-snippet":"max-snippet:-1","max-image-preview":"max-image-preview:large","max-video-preview":"max-video-preview:-1"},"canonical":"https:\/\/www.tosunlux.eu\/es\/products\/tsmq3-dual-power-automatic-changeover-switch\/","og_locale":"es_ES","og_type":"article","og_title":"WholesaleTSMQ3 Dual Power Automatic Changeover Switch - TOSUNlux Official Site - Electrical Circuit Breaker Manufacturer in China Low Voltage Electrical Supplier | TOSUNlux","og_description":"TSMQ3 Dual Power Automatic Changeover Switch Supplier - Wholesale direct from TOSUNlux, a trusted manufacturer since 1994. Get your B2B factory quote on our certified Low Voltage electrical products.","og_url":"https:\/\/www.tosunlux.eu\/es\/products\/tsmq3-dual-power-automatic-changeover-switch\/","og_site_name":"TOSUNlux Official Site - Electrical Circuit Breaker Manufacturer in China","article_publisher":"https:\/\/www.facebook.com\/TOSUNelectric\/","article_modified_time":"2025-02-10T06:29:48+00:00","og_image":[{"width":1500,"height":940,"url":"https:\/\/www.tosunlux.eu\/wp-content\/uploads\/2023\/04\/DSC08160_\u526f\u672c.jpg","type":"image\/jpeg"}],"twitter_card":"summary_large_image","twitter_misc":{"Tiempo de lectura":"1 minuto"},"schema":{"@context":"https:\/\/schema.org","@graph":[{"@type":"WebPage","@id":"https:\/\/www.tosunlux.eu\/products\/tsmq3-dual-power-automatic-changeover-switch\/","url":"https:\/\/www.tosunlux.eu\/products\/tsmq3-dual-power-automatic-changeover-switch\/","name":"WholesaleTSMQ3 Dual Power Automatic Changeover Switch - TOSUNlux Official Site - Electrical Circuit Breaker Manufacturer in China Low Voltage Electrical Supplier | TOSUNlux","isPartOf":{"@id":"https:\/\/www.tosunlux.eu\/ru\/#website"},"datePublished":"2025-02-10T06:29:45+00:00","dateModified":"2025-02-10T06:29:48+00:00","description":"TSMQ3 Dual Power Automatic Changeover Switch Supplier - Wholesale direct from TOSUNlux, a trusted manufacturer since 1994. Get your B2B factory quote on our certified Low Voltage electrical products.","breadcrumb":{"@id":"https:\/\/www.tosunlux.eu\/products\/tsmq3-dual-power-automatic-changeover-switch\/#breadcrumb"},"inLanguage":"es","potentialAction":[{"@type":"ReadAction","target":["https:\/\/www.tosunlux.eu\/products\/tsmq3-dual-power-automatic-changeover-switch\/"]}]},{"@type":"BreadcrumbList","@id":"https:\/\/www.tosunlux.eu\/products\/tsmq3-dual-power-automatic-changeover-switch\/#breadcrumb","itemListElement":[{"@type":"ListItem","position":1,"name":"Home","item":"https:\/\/www.tosunlux.eu\/ru\/"},{"@type":"ListItem","position":2,"name":"Products","item":"https:\/\/www.tosunlux.eu\/products\/"},{"@type":"ListItem","position":3,"name":"TSMQ3 Dual Power Automatic Changeover Switch"}]},{"@type":"WebSite","@id":"https:\/\/www.tosunlux.eu\/ru\/#website","url":"https:\/\/www.tosunlux.eu\/ru\/","name":"Sitio oficial de TOSUNlux - Fabricante de disyuntores el\u00e9ctricos en China","description":"Proveedor de sistemas de distribuci\u00f3n de energ\u00eda","publisher":{"@id":"https:\/\/www.tosunlux.eu\/ru\/#organization"},"alternateName":"TOSUNlux","potentialAction":[{"@type":"SearchAction","target":{"@type":"EntryPoint","urlTemplate":"https:\/\/www.tosunlux.eu\/ru\/?s={search_term_string}"},"query-input":{"@type":"PropertyValueSpecification","valueRequired":true,"valueName":"search_term_string"}}],"inLanguage":"es"},{"@type":"Organization","@id":"https:\/\/www.tosunlux.eu\/ru\/#organization","name":"TOSUNlux","url":"https:\/\/www.tosunlux.eu\/ru\/","logo":{"@type":"ImageObject","inLanguage":"es","@id":"https:\/\/www.tosunlux.eu\/ru\/#\/schema\/logo\/image\/","url":"https:\/\/www.tosunlux.eu\/wp-content\/uploads\/2022\/01\/LOGOSYSM.71762f1.png","contentUrl":"https:\/\/www.tosunlux.eu\/wp-content\/uploads\/2022\/01\/LOGOSYSM.71762f1.png","width":153,"height":55,"caption":"TOSUNlux"},"image":{"@id":"https:\/\/www.tosunlux.eu\/ru\/#\/schema\/logo\/image\/"},"sameAs":["https:\/\/www.facebook.com\/TOSUNelectric\/","https:\/\/www.linkedin.com\/company\/wenzhou-tosun-electric-co.-ltd\/"]}]}},"_links":{"self":[{"href":"https:\/\/www.tosunlux.eu\/es\/wp-json\/wp\/v2\/product\/12519","targetHints":{"allow":["GET"]}}],"collection":[{"href":"https:\/\/www.tosunlux.eu\/es\/wp-json\/wp\/v2\/product"}],"about":[{"href":"https:\/\/www.tosunlux.eu\/es\/wp-json\/wp\/v2\/types\/product"}],"version-history":[{"count":1,"href":"https:\/\/www.tosunlux.eu\/es\/wp-json\/wp\/v2\/product\/12519\/revisions"}],"predecessor-version":[{"id":12521,"href":"https:\/\/www.tosunlux.eu\/es\/wp-json\/wp\/v2\/product\/12519\/revisions\/12521"}],"wp:attachment":[{"href":"https:\/\/www.tosunlux.eu\/es\/wp-json\/wp\/v2\/media?parent=12519"}],"wp:term":[{"taxonomy":"product_category","embeddable":true,"href":"https:\/\/www.tosunlux.eu\/es\/wp-json\/wp\/v2\/product_category?post=12519"}],"curies":[{"name":"gracias","href":"https:\/\/api.w.org\/{rel}","templated":true}]}}