{"id":12557,"date":"2025-02-13T15:05:13","date_gmt":"2025-02-13T07:05:13","guid":{"rendered":"https:\/\/www.tosunlux.eu\/?post_type=product&#038;p=12557"},"modified":"2025-02-13T15:05:18","modified_gmt":"2025-02-13T07:05:18","slug":"off-grid-solar-inverter-1000w-1500w","status":"publish","type":"product","link":"https:\/\/www.tosunlux.eu\/es\/products\/off-grid-solar-inverter-1000w-1500w\/","title":{"rendered":"Inversor solar fuera de red de 1000 W y 1500 W"},"content":{"rendered":"<figure class=\"wp-block-image size-large is-resized\"><img fetchpriority=\"high\" decoding=\"async\" src=\"https:\/\/www.tosunlux.eu\/wp-content\/uploads\/2025\/02\/3-1024x495.jpg\" alt=\"\" class=\"wp-image-12559\" width=\"768\" height=\"371\" srcset=\"https:\/\/www.tosunlux.eu\/wp-content\/uploads\/2025\/02\/3-1024x495.jpg 1024w, https:\/\/www.tosunlux.eu\/wp-content\/uploads\/2025\/02\/3-300x145.jpg 300w, https:\/\/www.tosunlux.eu\/wp-content\/uploads\/2025\/02\/3-768x371.jpg 768w, https:\/\/www.tosunlux.eu\/wp-content\/uploads\/2025\/02\/3-1536x742.jpg 1536w, https:\/\/www.tosunlux.eu\/wp-content\/uploads\/2025\/02\/3-2048x990.jpg 2048w, https:\/\/www.tosunlux.eu\/wp-content\/uploads\/2025\/02\/3-18x9.jpg 18w\" sizes=\"(max-width: 768px) 100vw, 768px\" \/><\/figure>\n\n\n\n<figure class=\"wp-block-image size-full is-resized\"><img decoding=\"async\" src=\"https:\/\/www.tosunlux.eu\/wp-content\/uploads\/2025\/02\/2-4.jpg\" alt=\"\" class=\"wp-image-12560\" width=\"172\" height=\"115\" srcset=\"https:\/\/www.tosunlux.eu\/wp-content\/uploads\/2025\/02\/2-4.jpg 687w, https:\/\/www.tosunlux.eu\/wp-content\/uploads\/2025\/02\/2-4-300x200.jpg 300w, https:\/\/www.tosunlux.eu\/wp-content\/uploads\/2025\/02\/2-4-18x12.jpg 18w\" sizes=\"(max-width: 172px) 100vw, 172px\" \/><\/figure>\n\n\n\n<p><strong>Solicitud<\/strong><\/p>\n\n\n\n<ul class=\"wp-block-list\"><li>Inversor solar de onda sinusoidal pura<\/li><li>Cargador solar MPPT de 40 A incorporado<\/li><li>Rango de voltaje de entrada fotovoltaica 20~150 VCC (para 1000 W),<\/li><li>30~150 VCC (para 1500 W)<\/li><li>Kit antipolvo incorporado para entornos hostiles<\/li><li>Dise\u00f1o de carga de bater\u00eda inteligente para optimizar la vida \u00fatil de la bater\u00eda.<\/li><li>Satisfacer demandas personalizadas<\/li><li>La energ\u00eda solar se suministra directamente a la carga primero.<\/li><\/ul>\n\n\n\n<p><strong>Especificaci\u00f3n<\/strong><\/p>\n\n\n<table style=\"height: 981px;\" width=\"888\">\n<tbody>\n<tr>\n<td width=\"273\">Modelo<\/td>\n<td style=\"text-align: center;\" width=\"236\">TSIF1-1000W<\/td>\n<td style=\"text-align: center;\" width=\"236\">TSIF1-1500W<\/td>\n<\/tr>\n<tr>\n<td width=\"273\">Potencia nominal<\/td>\n<td style=\"text-align: center;\" width=\"236\">1000 VA\/1000 W<\/td>\n<td style=\"text-align: center;\" width=\"236\">1500 VA\/1500 W<\/td>\n<\/tr>\n<tr>\n<td width=\"273\">Fase<\/td>\n<td style=\"text-align: center;\" colspan=\"2\" width=\"472\">Fase \u00fanica<\/td>\n<\/tr>\n<tr>\n<td width=\"273\">Voltaje<\/td>\n<td style=\"text-align: center;\" colspan=\"2\" width=\"472\">230 V CA<\/td>\n<\/tr>\n<tr>\n<td rowspan=\"2\" width=\"273\">Rango de voltaje seleccionable<\/td>\n<td style=\"text-align: center;\" colspan=\"2\" width=\"472\">170 ~280 V CA (para computadoras personales)<\/td>\n<\/tr>\n<tr>\n<td style=\"text-align: center;\" colspan=\"2\" width=\"472\">90 ~280 V CA (para electrodom\u00e9sticos)<\/td>\n<\/tr>\n<tr>\n<td width=\"273\">Rango de frecuencia<\/td>\n<td style=\"text-align: center;\" colspan=\"2\" width=\"472\">50 Hz\/60 Hz (detecci\u00f3n autom\u00e1tica)<\/td>\n<\/tr>\n<tr>\n<td colspan=\"3\" width=\"745\">Salida de CA<\/td>\n<\/tr>\n<tr>\n<td width=\"273\">Regulaci\u00f3n de voltaje de CA<\/td>\n<td style=\"text-align: center;\" colspan=\"2\" width=\"472\">230 V CA \u00b1 51 TP3T<\/td>\n<\/tr>\n<tr>\n<td width=\"273\">Potencia de sobretensi\u00f3n<\/td>\n<td style=\"text-align: center;\" width=\"236\">2000VA<\/td>\n<td style=\"text-align: center;\" width=\"236\">3000VA<\/td>\n<\/tr>\n<tr>\n<td width=\"273\">Eficiencia (pico) PV a INV<\/td>\n<td style=\"text-align: center;\" colspan=\"2\" width=\"472\">98%<\/td>\n<\/tr>\n<tr>\n<td width=\"273\">Eficiencia (m\u00e1xima) Bater\u00eda a INV<\/td>\n<td style=\"text-align: center;\" colspan=\"2\" width=\"472\">94%<\/td>\n<\/tr>\n<tr>\n<td width=\"273\">Tiempo de transferencia<\/td>\n<td style=\"text-align: center;\" colspan=\"2\" width=\"472\">10 ms<\/td>\n<\/tr>\n<tr>\n<td colspan=\"3\" width=\"745\">Bater\u00eda<\/td>\n<\/tr>\n<tr>\n<td width=\"273\">Voltaje de la bater\u00eda<\/td>\n<td style=\"text-align: center;\" width=\"236\">12 V CC<\/td>\n<td style=\"text-align: center;\" width=\"236\">24 V CC<\/td>\n<\/tr>\n<tr>\n<td width=\"273\">Voltaje de carga flotante<\/td>\n<td style=\"text-align: center;\" width=\"236\">13,5 V CC<\/td>\n<td style=\"text-align: center;\" width=\"236\">27 V CC<\/td>\n<\/tr>\n<tr>\n<td width=\"273\">Protecci\u00f3n contra sobrecarga<\/td>\n<td style=\"text-align: center;\" width=\"236\">16 V CC<\/td>\n<td style=\"text-align: center;\" width=\"236\">32 V CC<\/td>\n<\/tr>\n<tr>\n<td colspan=\"3\" width=\"745\">Cargador solar y cargador de CA<\/td>\n<\/tr>\n<tr>\n<td width=\"273\">Tipo de cargador solar<\/td>\n<td style=\"text-align: center;\" colspan=\"2\" width=\"472\">MPPT<\/td>\n<\/tr>\n<tr>\n<td style=\"text-align: left;\" width=\"273\">Potencia m\u00e1xima del conjunto fotovoltaico<\/td>\n<td style=\"text-align: center;\" width=\"236\">600 W<\/td>\n<td style=\"text-align: center;\" width=\"236\">1200 W<\/td>\n<\/tr>\n<tr>\n<td width=\"273\">Rango de voltaje MPPT<\/td>\n<td style=\"text-align: center;\" width=\"236\">20 ~ 150 VCC<\/td>\n<td style=\"text-align: center;\" width=\"236\">30 ~ 150 VCC<\/td>\n<\/tr>\n<tr>\n<td width=\"273\">Voltaje m\u00e1ximo de circuito abierto del conjunto fotovoltaico solar<\/td>\n<td style=\"text-align: center;\" colspan=\"2\" width=\"472\">150 VCC<\/td>\n<\/tr>\n<tr>\n<td width=\"273\">Corriente m\u00e1xima de carga solar<\/td>\n<td style=\"text-align: center;\" colspan=\"2\" width=\"472\">40A<\/td>\n<\/tr>\n<tr>\n<td width=\"273\">Corriente m\u00e1xima de carga de CA<\/td>\n<td style=\"text-align: center;\" colspan=\"2\" width=\"472\">40A<\/td>\n<\/tr>\n<tr>\n<td width=\"273\">Corriente m\u00e1xima de carga solar + CA<\/td>\n<td style=\"text-align: center;\" colspan=\"2\" width=\"472\">80A<\/td>\n<\/tr>\n<tr>\n<td colspan=\"3\" width=\"745\">F\u00edsico<\/td>\n<\/tr>\n<tr>\n<td width=\"273\">Dimensiones, profundidad x ancho x alto (mm)<\/td>\n<td style=\"text-align: center;\" colspan=\"2\" width=\"472\">290*240*91<\/td>\n<\/tr>\n<tr>\n<td width=\"273\">Peso neto (kg)<\/td>\n<td style=\"text-align: center;\" width=\"236\">3.5\u00a0<\/td>\n<td style=\"text-align: center;\" width=\"236\">3.6\u00a0<\/td>\n<\/tr>\n<tr>\n<td width=\"273\">Peso bruto (kg)<\/td>\n<td style=\"text-align: center;\" width=\"236\">4.0\u00a0<\/td>\n<td style=\"text-align: center;\" width=\"236\">4.2\u00a0<\/td>\n<\/tr>\n<tr>\n<td colspan=\"3\" width=\"745\">Ambiente<\/td>\n<\/tr>\n<tr>\n<td width=\"273\">Humedad<\/td>\n<td style=\"text-align: center;\" colspan=\"2\" width=\"472\">5% a 95% Humedad relativa (sin condensaci\u00f3n)<\/td>\n<\/tr>\n<tr>\n<td width=\"273\">Temperatura de funcionamiento<\/td>\n<td style=\"text-align: center;\" colspan=\"2\" width=\"472\">-10\u2103 ~ 50\u2103<\/td>\n<\/tr>\n<\/tbody>\n<\/table>","protected":false},"parent":0,"template":"","product_category":[37,218],"class_list":["post-12557","product","type-product","status-publish","hentry","product_category-new-energy-instruments","product_category-grid-solar-inverter"],"yoast_head":"<!-- This site is optimized with the Yoast SEO plugin v27.6 - https:\/\/yoast.com\/product\/yoast-seo-wordpress\/ -->\n<title>WholesaleOFF Grid Solar Inverter 1000W &amp; 1500W - TOSUNlux Official Site - Electrical Circuit Breaker Manufacturer in China Low Voltage Electrical Supplier | TOSUNlux<\/title>\n<meta name=\"description\" content=\"OFF Grid Solar Inverter 1000W &amp; 1500W Supplier - Wholesale direct from TOSUNlux, a trusted manufacturer since 1994. Get your B2B factory quote on our certified Low Voltage electrical products.\" \/>\n<meta name=\"robots\" content=\"index, follow, max-snippet:-1, max-image-preview:large, max-video-preview:-1\" \/>\n<link rel=\"canonical\" href=\"https:\/\/www.tosunlux.eu\/es\/products\/off-grid-solar-inverter-1000w-1500w\/\" \/>\n<meta property=\"og:locale\" content=\"es_ES\" \/>\n<meta property=\"og:type\" content=\"article\" \/>\n<meta property=\"og:title\" content=\"WholesaleOFF Grid Solar Inverter 1000W &amp; 1500W - TOSUNlux Official Site - Electrical Circuit Breaker Manufacturer in China Low Voltage Electrical Supplier | TOSUNlux\" \/>\n<meta property=\"og:description\" content=\"OFF Grid Solar Inverter 1000W &amp; 1500W Supplier - Wholesale direct from TOSUNlux, a trusted manufacturer since 1994. Get your B2B factory quote on our certified Low Voltage electrical products.\" \/>\n<meta property=\"og:url\" content=\"https:\/\/www.tosunlux.eu\/es\/products\/off-grid-solar-inverter-1000w-1500w\/\" \/>\n<meta property=\"og:site_name\" content=\"TOSUNlux Official Site - Electrical Circuit Breaker Manufacturer in China\" \/>\n<meta property=\"article:publisher\" content=\"https:\/\/www.facebook.com\/TOSUNelectric\/\" \/>\n<meta property=\"article:modified_time\" content=\"2025-02-13T07:05:18+00:00\" \/>\n<meta property=\"og:image\" content=\"https:\/\/www.tosunlux.eu\/wp-content\/uploads\/2025\/02\/3-1024x495.jpg\" \/>\n<meta name=\"twitter:card\" content=\"summary_large_image\" \/>\n<meta name=\"twitter:label1\" content=\"Tiempo de lectura\" \/>\n\t<meta name=\"twitter:data1\" content=\"2 minutos\" \/>\n<script type=\"application\/ld+json\" class=\"yoast-schema-graph\">{\"@context\":\"https:\\\/\\\/schema.org\",\"@graph\":[{\"@type\":\"WebPage\",\"@id\":\"https:\\\/\\\/www.tosunlux.eu\\\/pt\\\/products\\\/off-grid-solar-inverter-1000w-1500w\\\/\",\"url\":\"https:\\\/\\\/www.tosunlux.eu\\\/pt\\\/products\\\/off-grid-solar-inverter-1000w-1500w\\\/\",\"name\":\"WholesaleOFF Grid Solar Inverter 1000W & 1500W - TOSUNlux Official Site - Electrical Circuit Breaker Manufacturer in China Low Voltage Electrical Supplier | TOSUNlux\",\"isPartOf\":{\"@id\":\"https:\\\/\\\/www.tosunlux.eu\\\/ru\\\/#website\"},\"primaryImageOfPage\":{\"@id\":\"https:\\\/\\\/www.tosunlux.eu\\\/pt\\\/products\\\/off-grid-solar-inverter-1000w-1500w\\\/#primaryimage\"},\"image\":{\"@id\":\"https:\\\/\\\/www.tosunlux.eu\\\/pt\\\/products\\\/off-grid-solar-inverter-1000w-1500w\\\/#primaryimage\"},\"thumbnailUrl\":\"https:\\\/\\\/www.tosunlux.eu\\\/wp-content\\\/uploads\\\/2025\\\/02\\\/3-1024x495.jpg\",\"datePublished\":\"2025-02-13T07:05:13+00:00\",\"dateModified\":\"2025-02-13T07:05:18+00:00\",\"description\":\"OFF Grid Solar Inverter 1000W & 1500W Supplier - Wholesale direct from TOSUNlux, a trusted manufacturer since 1994. Get your B2B factory quote on our certified Low Voltage electrical products.\",\"breadcrumb\":{\"@id\":\"https:\\\/\\\/www.tosunlux.eu\\\/pt\\\/products\\\/off-grid-solar-inverter-1000w-1500w\\\/#breadcrumb\"},\"inLanguage\":\"es\",\"potentialAction\":[{\"@type\":\"ReadAction\",\"target\":[\"https:\\\/\\\/www.tosunlux.eu\\\/pt\\\/products\\\/off-grid-solar-inverter-1000w-1500w\\\/\"]}]},{\"@type\":\"ImageObject\",\"inLanguage\":\"es\",\"@id\":\"https:\\\/\\\/www.tosunlux.eu\\\/pt\\\/products\\\/off-grid-solar-inverter-1000w-1500w\\\/#primaryimage\",\"url\":\"https:\\\/\\\/www.tosunlux.eu\\\/wp-content\\\/uploads\\\/2025\\\/02\\\/3-1024x495.jpg\",\"contentUrl\":\"https:\\\/\\\/www.tosunlux.eu\\\/wp-content\\\/uploads\\\/2025\\\/02\\\/3-1024x495.jpg\"},{\"@type\":\"BreadcrumbList\",\"@id\":\"https:\\\/\\\/www.tosunlux.eu\\\/pt\\\/products\\\/off-grid-solar-inverter-1000w-1500w\\\/#breadcrumb\",\"itemListElement\":[{\"@type\":\"ListItem\",\"position\":1,\"name\":\"Home\",\"item\":\"https:\\\/\\\/www.tosunlux.eu\\\/ru\\\/\"},{\"@type\":\"ListItem\",\"position\":2,\"name\":\"Products\",\"item\":\"https:\\\/\\\/www.tosunlux.eu\\\/products\\\/\"},{\"@type\":\"ListItem\",\"position\":3,\"name\":\"OFF Grid Solar Inverter 1000W &#038; 1500W\"}]},{\"@type\":\"WebSite\",\"@id\":\"https:\\\/\\\/www.tosunlux.eu\\\/ru\\\/#website\",\"url\":\"https:\\\/\\\/www.tosunlux.eu\\\/ru\\\/\",\"name\":\"TOSUNlux Official Site - Electrical Circuit Breaker Manufacturer in China\",\"description\":\"Power Distribution System Supplier\",\"publisher\":{\"@id\":\"https:\\\/\\\/www.tosunlux.eu\\\/ru\\\/#organization\"},\"alternateName\":\"TOSUNlux\",\"potentialAction\":[{\"@type\":\"SearchAction\",\"target\":{\"@type\":\"EntryPoint\",\"urlTemplate\":\"https:\\\/\\\/www.tosunlux.eu\\\/ru\\\/?s={search_term_string}\"},\"query-input\":{\"@type\":\"PropertyValueSpecification\",\"valueRequired\":true,\"valueName\":\"search_term_string\"}}],\"inLanguage\":\"es\"},{\"@type\":\"Organization\",\"@id\":\"https:\\\/\\\/www.tosunlux.eu\\\/ru\\\/#organization\",\"name\":\"TOSUNlux\",\"url\":\"https:\\\/\\\/www.tosunlux.eu\\\/ru\\\/\",\"logo\":{\"@type\":\"ImageObject\",\"inLanguage\":\"es\",\"@id\":\"https:\\\/\\\/www.tosunlux.eu\\\/ru\\\/#\\\/schema\\\/logo\\\/image\\\/\",\"url\":\"https:\\\/\\\/www.tosunlux.eu\\\/wp-content\\\/uploads\\\/2022\\\/01\\\/LOGOSYSM.71762f1.png\",\"contentUrl\":\"https:\\\/\\\/www.tosunlux.eu\\\/wp-content\\\/uploads\\\/2022\\\/01\\\/LOGOSYSM.71762f1.png\",\"width\":153,\"height\":55,\"caption\":\"TOSUNlux\"},\"image\":{\"@id\":\"https:\\\/\\\/www.tosunlux.eu\\\/ru\\\/#\\\/schema\\\/logo\\\/image\\\/\"},\"sameAs\":[\"https:\\\/\\\/www.facebook.com\\\/TOSUNelectric\\\/\",\"https:\\\/\\\/www.linkedin.com\\\/company\\\/wenzhou-tosun-electric-co.-ltd\\\/\"]}]}<\/script>\n<!-- \/ Yoast SEO plugin. -->","yoast_head_json":{"title":"Inversor solar fuera de red de 1000 W y 1500 W al por mayor - Sitio oficial de TOSUNlux - Fabricante de disyuntores el\u00e9ctricos en China, proveedor de electricidad de bajo voltaje | TOSUNlux","description":"Proveedor de inversores solares fuera de la red de 1000 W y 1500 W: venta al por mayor directa de TOSUNlux, un fabricante confiable desde 1994. Obtenga su cotizaci\u00f3n de f\u00e1brica B2B en nuestros productos el\u00e9ctricos de bajo voltaje certificados.","robots":{"index":"index","follow":"follow","max-snippet":"max-snippet:-1","max-image-preview":"max-image-preview:large","max-video-preview":"max-video-preview:-1"},"canonical":"https:\/\/www.tosunlux.eu\/es\/products\/off-grid-solar-inverter-1000w-1500w\/","og_locale":"es_ES","og_type":"article","og_title":"WholesaleOFF Grid Solar Inverter 1000W & 1500W - TOSUNlux Official Site - Electrical Circuit Breaker Manufacturer in China Low Voltage Electrical Supplier | TOSUNlux","og_description":"OFF Grid Solar Inverter 1000W & 1500W Supplier - Wholesale direct from TOSUNlux, a trusted manufacturer since 1994. Get your B2B factory quote on our certified Low Voltage electrical products.","og_url":"https:\/\/www.tosunlux.eu\/es\/products\/off-grid-solar-inverter-1000w-1500w\/","og_site_name":"TOSUNlux Official Site - Electrical Circuit Breaker Manufacturer in China","article_publisher":"https:\/\/www.facebook.com\/TOSUNelectric\/","article_modified_time":"2025-02-13T07:05:18+00:00","og_image":[{"url":"https:\/\/www.tosunlux.eu\/wp-content\/uploads\/2025\/02\/3-1024x495.jpg","type":"","width":"","height":""}],"twitter_card":"summary_large_image","twitter_misc":{"Tiempo de lectura":"2 minutos"},"schema":{"@context":"https:\/\/schema.org","@graph":[{"@type":"WebPage","@id":"https:\/\/www.tosunlux.eu\/pt\/products\/off-grid-solar-inverter-1000w-1500w\/","url":"https:\/\/www.tosunlux.eu\/pt\/products\/off-grid-solar-inverter-1000w-1500w\/","name":"Inversor solar fuera de red de 1000 W y 1500 W al por mayor - Sitio oficial de TOSUNlux - Fabricante de disyuntores el\u00e9ctricos en China, proveedor de electricidad de bajo voltaje | TOSUNlux","isPartOf":{"@id":"https:\/\/www.tosunlux.eu\/ru\/#website"},"primaryImageOfPage":{"@id":"https:\/\/www.tosunlux.eu\/pt\/products\/off-grid-solar-inverter-1000w-1500w\/#primaryimage"},"image":{"@id":"https:\/\/www.tosunlux.eu\/pt\/products\/off-grid-solar-inverter-1000w-1500w\/#primaryimage"},"thumbnailUrl":"https:\/\/www.tosunlux.eu\/wp-content\/uploads\/2025\/02\/3-1024x495.jpg","datePublished":"2025-02-13T07:05:13+00:00","dateModified":"2025-02-13T07:05:18+00:00","description":"Proveedor de inversores solares fuera de la red de 1000 W y 1500 W: venta al por mayor directa de TOSUNlux, un fabricante confiable desde 1994. Obtenga su cotizaci\u00f3n de f\u00e1brica B2B en nuestros productos el\u00e9ctricos de bajo voltaje certificados.","breadcrumb":{"@id":"https:\/\/www.tosunlux.eu\/pt\/products\/off-grid-solar-inverter-1000w-1500w\/#breadcrumb"},"inLanguage":"es","potentialAction":[{"@type":"ReadAction","target":["https:\/\/www.tosunlux.eu\/pt\/products\/off-grid-solar-inverter-1000w-1500w\/"]}]},{"@type":"ImageObject","inLanguage":"es","@id":"https:\/\/www.tosunlux.eu\/pt\/products\/off-grid-solar-inverter-1000w-1500w\/#primaryimage","url":"https:\/\/www.tosunlux.eu\/wp-content\/uploads\/2025\/02\/3-1024x495.jpg","contentUrl":"https:\/\/www.tosunlux.eu\/wp-content\/uploads\/2025\/02\/3-1024x495.jpg"},{"@type":"BreadcrumbList","@id":"https:\/\/www.tosunlux.eu\/pt\/products\/off-grid-solar-inverter-1000w-1500w\/#breadcrumb","itemListElement":[{"@type":"ListItem","position":1,"name":"Home","item":"https:\/\/www.tosunlux.eu\/ru\/"},{"@type":"ListItem","position":2,"name":"Products","item":"https:\/\/www.tosunlux.eu\/products\/"},{"@type":"ListItem","position":3,"name":"OFF Grid Solar Inverter 1000W &#038; 1500W"}]},{"@type":"WebSite","@id":"https:\/\/www.tosunlux.eu\/ru\/#website","url":"https:\/\/www.tosunlux.eu\/ru\/","name":"Sitio oficial de TOSUNlux - Fabricante de disyuntores el\u00e9ctricos en China","description":"Proveedor de sistemas de distribuci\u00f3n de energ\u00eda","publisher":{"@id":"https:\/\/www.tosunlux.eu\/ru\/#organization"},"alternateName":"TOSUNlux","potentialAction":[{"@type":"SearchAction","target":{"@type":"EntryPoint","urlTemplate":"https:\/\/www.tosunlux.eu\/ru\/?s={search_term_string}"},"query-input":{"@type":"PropertyValueSpecification","valueRequired":true,"valueName":"search_term_string"}}],"inLanguage":"es"},{"@type":"Organization","@id":"https:\/\/www.tosunlux.eu\/ru\/#organization","name":"TOSUNlux","url":"https:\/\/www.tosunlux.eu\/ru\/","logo":{"@type":"ImageObject","inLanguage":"es","@id":"https:\/\/www.tosunlux.eu\/ru\/#\/schema\/logo\/image\/","url":"https:\/\/www.tosunlux.eu\/wp-content\/uploads\/2022\/01\/LOGOSYSM.71762f1.png","contentUrl":"https:\/\/www.tosunlux.eu\/wp-content\/uploads\/2022\/01\/LOGOSYSM.71762f1.png","width":153,"height":55,"caption":"TOSUNlux"},"image":{"@id":"https:\/\/www.tosunlux.eu\/ru\/#\/schema\/logo\/image\/"},"sameAs":["https:\/\/www.facebook.com\/TOSUNelectric\/","https:\/\/www.linkedin.com\/company\/wenzhou-tosun-electric-co.-ltd\/"]}]}},"_links":{"self":[{"href":"https:\/\/www.tosunlux.eu\/es\/wp-json\/wp\/v2\/product\/12557","targetHints":{"allow":["GET"]}}],"collection":[{"href":"https:\/\/www.tosunlux.eu\/es\/wp-json\/wp\/v2\/product"}],"about":[{"href":"https:\/\/www.tosunlux.eu\/es\/wp-json\/wp\/v2\/types\/product"}],"version-history":[{"count":1,"href":"https:\/\/www.tosunlux.eu\/es\/wp-json\/wp\/v2\/product\/12557\/revisions"}],"predecessor-version":[{"id":12563,"href":"https:\/\/www.tosunlux.eu\/es\/wp-json\/wp\/v2\/product\/12557\/revisions\/12563"}],"wp:attachment":[{"href":"https:\/\/www.tosunlux.eu\/es\/wp-json\/wp\/v2\/media?parent=12557"}],"wp:term":[{"taxonomy":"product_category","embeddable":true,"href":"https:\/\/www.tosunlux.eu\/es\/wp-json\/wp\/v2\/product_category?post=12557"}],"curies":[{"name":"gracias","href":"https:\/\/api.w.org\/{rel}","templated":true}]}}