{"id":12564,"date":"2025-02-13T15:15:23","date_gmt":"2025-02-13T07:15:23","guid":{"rendered":"https:\/\/www.tosunlux.eu\/?post_type=product&#038;p=12564"},"modified":"2025-02-13T15:40:18","modified_gmt":"2025-02-13T07:40:18","slug":"off-grid-solar-inverter","status":"publish","type":"product","link":"https:\/\/www.tosunlux.eu\/es\/products\/off-grid-solar-inverter\/","title":{"rendered":"Inversor solar fuera de red de 1800 W y 3000 W"},"content":{"rendered":"<figure class=\"wp-block-image size-large is-resized\"><img fetchpriority=\"high\" decoding=\"async\" src=\"https:\/\/www.tosunlux.eu\/wp-content\/uploads\/2025\/02\/3-1-1024x495.jpg\" alt=\"\" class=\"wp-image-12566\" width=\"768\" height=\"371\" srcset=\"https:\/\/www.tosunlux.eu\/wp-content\/uploads\/2025\/02\/3-1-1024x495.jpg 1024w, https:\/\/www.tosunlux.eu\/wp-content\/uploads\/2025\/02\/3-1-300x145.jpg 300w, https:\/\/www.tosunlux.eu\/wp-content\/uploads\/2025\/02\/3-1-768x371.jpg 768w, https:\/\/www.tosunlux.eu\/wp-content\/uploads\/2025\/02\/3-1-1536x742.jpg 1536w, https:\/\/www.tosunlux.eu\/wp-content\/uploads\/2025\/02\/3-1-2048x990.jpg 2048w, https:\/\/www.tosunlux.eu\/wp-content\/uploads\/2025\/02\/3-1-18x9.jpg 18w\" sizes=\"(max-width: 768px) 100vw, 768px\" \/><\/figure>\n\n\n\n<figure class=\"wp-block-image size-large is-resized\"><img decoding=\"async\" src=\"https:\/\/www.tosunlux.eu\/wp-content\/uploads\/2025\/02\/2-5-1024x94.jpg\" alt=\"\" class=\"wp-image-12567\" width=\"768\" height=\"71\" srcset=\"https:\/\/www.tosunlux.eu\/wp-content\/uploads\/2025\/02\/2-5-1024x94.jpg 1024w, https:\/\/www.tosunlux.eu\/wp-content\/uploads\/2025\/02\/2-5-300x28.jpg 300w, https:\/\/www.tosunlux.eu\/wp-content\/uploads\/2025\/02\/2-5-768x71.jpg 768w, https:\/\/www.tosunlux.eu\/wp-content\/uploads\/2025\/02\/2-5-1536x142.jpg 1536w, https:\/\/www.tosunlux.eu\/wp-content\/uploads\/2025\/02\/2-5-18x2.jpg 18w, https:\/\/www.tosunlux.eu\/wp-content\/uploads\/2025\/02\/2-5.jpg 1789w\" sizes=\"(max-width: 768px) 100vw, 768px\" \/><\/figure>\n\n\n\n<p><strong>Solicitud<\/strong><\/p>\n\n\n\n<ul class=\"wp-block-list\"><li>Inversor de onda sinusoidal pura<\/li><li>Prioridad de suministro programable para PV, bater\u00eda o red<\/li><li>Alto rango de voltaje de entrada fotovoltaica (55~450 VCC)<\/li><li>Carga solar MPPT incorporada de 60 A m\u00e1x. (3,8 KW y 6,2 KW)<\/li><li>Compatible con bater\u00eda de iones de litio.<\/li><li>Admite comunicaci\u00f3n BMS con bater\u00eda de litio<\/li><li>Dise\u00f1o de carga de bater\u00eda inteligente para optimizar la vida \u00fatil de la bater\u00eda.<\/li><li>Sobrecarga, alta temperatura, cortocircuito en la salida del inversor<\/li><li>protecci\u00f3n del circuito<\/li><li>Funci\u00f3n de arranque en fr\u00edo<\/li><li>Ajuste inteligente de la velocidad del ventilador.<\/li><li>Kit anti-anochecer incorporado para entornos hostiles (opcional)<\/li><li>Wi-Fi y GPRS disponibles para iOS y Android<\/li><\/ul>\n\n\n\n<p><strong>Conexi\u00f3n al sistema solar<\/strong><\/p>\n\n\n\n<figure class=\"wp-block-image size-large is-resized\"><img decoding=\"async\" src=\"https:\/\/www.tosunlux.eu\/wp-content\/uploads\/2025\/02\/4-1024x356.jpg\" alt=\"\" class=\"wp-image-12568\" width=\"768\" height=\"267\" srcset=\"https:\/\/www.tosunlux.eu\/wp-content\/uploads\/2025\/02\/4-1024x356.jpg 1024w, https:\/\/www.tosunlux.eu\/wp-content\/uploads\/2025\/02\/4-300x104.jpg 300w, https:\/\/www.tosunlux.eu\/wp-content\/uploads\/2025\/02\/4-768x267.jpg 768w, https:\/\/www.tosunlux.eu\/wp-content\/uploads\/2025\/02\/4-1536x534.jpg 1536w, https:\/\/www.tosunlux.eu\/wp-content\/uploads\/2025\/02\/4-18x6.jpg 18w, https:\/\/www.tosunlux.eu\/wp-content\/uploads\/2025\/02\/4.jpg 1896w\" sizes=\"(max-width: 768px) 100vw, 768px\" \/><\/figure>\n\n\n<table style=\"height: 970px;\" width=\"807\">\n<tbody>\n<tr>\n<td width=\"244\">Modelo<\/td>\n<td style=\"text-align: center;\" width=\"236\">TSIF1-1800W<\/td>\n<td style=\"text-align: center;\" width=\"236\">TSIF1-3000W<\/td>\n<\/tr>\n<tr>\n<td width=\"244\">Potencia nominal<\/td>\n<td style=\"text-align: center;\" width=\"236\">2200 VA\/1800 W<\/td>\n<td style=\"text-align: center;\" width=\"236\">3200 VA\/3000 W<\/td>\n<\/tr>\n<tr>\n<td width=\"244\">Fase<\/td>\n<td style=\"text-align: center;\" colspan=\"2\" width=\"473\">Fase \u00fanica<\/td>\n<\/tr>\n<tr>\n<td width=\"244\">Voltaje<\/td>\n<td style=\"text-align: center;\" colspan=\"2\" width=\"473\">230 V CA<\/td>\n<\/tr>\n<tr>\n<td width=\"244\">Rango de voltaje seleccionable<\/td>\n<td style=\"text-align: center;\" colspan=\"2\" width=\"473\">170-280 V CA (para computadoras personales)<br>90-280 V CA (para electrodom\u00e9sticos)<\/td>\n<\/tr>\n<tr>\n<td width=\"244\">Rango de frecuencia<\/td>\n<td style=\"text-align: center;\" colspan=\"2\" width=\"473\">50 Hz\/60 Hz (detecci\u00f3n autom\u00e1tica)<\/td>\n<\/tr>\n<tr>\n<td colspan=\"3\" width=\"717\">Producci\u00f3n<\/td>\n<\/tr>\n<tr>\n<td width=\"244\">Regulaci\u00f3n de voltaje de CA (modo de bater\u00eda)<\/td>\n<td style=\"text-align: center;\" colspan=\"2\" width=\"473\">230 V CA \u00b1 51 TP3T<\/td>\n<\/tr>\n<tr>\n<td width=\"244\">Potencia de sobretensi\u00f3n<\/td>\n<td style=\"text-align: center;\" width=\"236\">4400 VA<\/td>\n<td style=\"text-align: center;\" width=\"236\">6400 VA<\/td>\n<\/tr>\n<tr>\n<td width=\"244\">Tiempo de transferencia<\/td>\n<td style=\"text-align: center;\" colspan=\"2\" width=\"473\">10 ms (para computadoras personales)<br>20 ms (para electrodom\u00e9sticos)<\/td>\n<\/tr>\n<tr>\n<td width=\"244\">forma de onda<\/td>\n<td style=\"text-align: center;\" colspan=\"2\" width=\"473\">Onda sinusoidal pura<\/td>\n<\/tr>\n<tr>\n<td colspan=\"3\" width=\"717\">Cargador de bater\u00eda y CA<\/td>\n<\/tr>\n<tr>\n<td width=\"244\">Voltaje de la bater\u00eda<\/td>\n<td style=\"text-align: center;\" width=\"236\">12 V CC<\/td>\n<td style=\"text-align: center;\" width=\"236\">24 V CC<\/td>\n<\/tr>\n<tr>\n<td width=\"244\">Voltaje de carga flotante<\/td>\n<td style=\"text-align: center;\" width=\"236\">13,5 V CC<\/td>\n<td style=\"text-align: center;\" width=\"236\">27 V CC<\/td>\n<\/tr>\n<tr>\n<td width=\"244\">Protecci\u00f3n contra sobrecarga<\/td>\n<td style=\"text-align: center;\" width=\"236\">15,5 V CC<\/td>\n<td width=\"236\">31 VCC<\/td>\n<\/tr>\n<tr>\n<td width=\"244\">Corriente de carga m\u00e1xima<\/td>\n<td style=\"text-align: center;\" colspan=\"2\" width=\"473\">60A<\/td>\n<\/tr>\n<tr>\n<td colspan=\"3\" width=\"717\">Cargador solar<\/td>\n<\/tr>\n<tr>\n<td width=\"244\">Potencia m\u00e1xima del conjunto fotovoltaico<\/td>\n<td style=\"text-align: center;\" width=\"236\">2000 W<\/td>\n<td style=\"text-align: center;\" width=\"236\">3000W<\/td>\n<\/tr>\n<tr>\n<td width=\"244\">Rango de voltaje MPPT<\/td>\n<td style=\"text-align: center;\" colspan=\"2\" width=\"473\">55-450 VCC<\/td>\n<\/tr>\n<tr>\n<td width=\"244\">Voltaje m\u00e1ximo en circuito abierto del conjunto fotovoltaico<\/td>\n<td style=\"text-align: center;\" colspan=\"2\" width=\"473\">450 VCC<\/td>\n<\/tr>\n<tr>\n<td width=\"244\">Corriente de carga m\u00e1xima<\/td>\n<td style=\"text-align: center;\" colspan=\"2\" width=\"473\">80A<\/td>\n<\/tr>\n<tr>\n<td width=\"244\">Eficacia m\u00e1xima<\/td>\n<td style=\"text-align: center;\" colspan=\"2\" width=\"473\">98%<\/td>\n<\/tr>\n<tr>\n<td colspan=\"3\" width=\"717\">F\u00edsico<\/td>\n<\/tr>\n<tr>\n<td width=\"244\">Dimensiones.D*An*Al (mm)<\/td>\n<td style=\"text-align: center;\" colspan=\"2\" width=\"473\">405*286*98 mm<\/td>\n<\/tr>\n<tr>\n<td width=\"244\">Peso neto (kg)<\/td>\n<td style=\"text-align: center;\" width=\"236\">4,5 kilos<\/td>\n<td style=\"text-align: center;\" width=\"236\">5,0 kilogramos<\/td>\n<\/tr>\n<tr>\n<td width=\"244\">Interfaz de comunicaci\u00f3n<\/td>\n<td style=\"text-align: center;\" colspan=\"2\" width=\"473\">RS232\/RS485 (est\u00e1ndar) Wi-Fi (opcional)<\/td>\n<\/tr>\n<tr>\n<td colspan=\"3\" width=\"717\">Entorno operativo<\/td>\n<\/tr>\n<tr>\n<td width=\"244\">Humedad<\/td>\n<td style=\"text-align: center;\" colspan=\"2\" width=\"473\">Humedad relativa (sin condensaci\u00f3n) de 5% a 95%<\/td>\n<\/tr>\n<tr>\n<td width=\"244\">Temperatura de funcionamiento<\/td>\n<td style=\"text-align: center;\" colspan=\"2\" width=\"473\">-10\u00b0 C a 55\u00b0 C<\/td>\n<\/tr>\n<tr>\n<td width=\"244\">Temperatura de almacenamiento<\/td>\n<td style=\"text-align: center;\" colspan=\"2\" width=\"473\">-15\u00b0 C a 60\u00b0 C<\/td>\n<\/tr>\n<\/tbody>\n<\/table>","protected":false},"parent":0,"template":"","product_category":[37,218],"class_list":["post-12564","product","type-product","status-publish","hentry","product_category-new-energy-instruments","product_category-grid-solar-inverter"],"yoast_head":"<!-- This site is optimized with the Yoast SEO plugin v27.5 - https:\/\/yoast.com\/product\/yoast-seo-wordpress\/ -->\n<title>WholesaleOFF Grid Solar Inverter 1800W &amp; 3000W - TOSUNlux Official Site - Electrical Circuit Breaker Manufacturer in China Low Voltage Electrical Supplier | TOSUNlux<\/title>\n<meta name=\"description\" content=\"OFF Grid Solar Inverter 1800W &amp; 3000W Supplier - Wholesale direct from TOSUNlux, a trusted manufacturer since 1994. Get your B2B factory quote on our certified Low Voltage electrical products.\" \/>\n<meta name=\"robots\" content=\"index, follow, max-snippet:-1, max-image-preview:large, max-video-preview:-1\" \/>\n<link rel=\"canonical\" href=\"https:\/\/www.tosunlux.eu\/es\/products\/off-grid-solar-inverter\/\" \/>\n<meta property=\"og:locale\" content=\"es_ES\" \/>\n<meta property=\"og:type\" content=\"article\" \/>\n<meta property=\"og:title\" content=\"WholesaleOFF Grid Solar Inverter 1800W &amp; 3000W - TOSUNlux Official Site - Electrical Circuit Breaker Manufacturer in China Low Voltage Electrical Supplier | TOSUNlux\" \/>\n<meta property=\"og:description\" content=\"OFF Grid Solar Inverter 1800W &amp; 3000W Supplier - Wholesale direct from TOSUNlux, a trusted manufacturer since 1994. Get your B2B factory quote on our certified Low Voltage electrical products.\" \/>\n<meta property=\"og:url\" content=\"https:\/\/www.tosunlux.eu\/es\/products\/off-grid-solar-inverter\/\" \/>\n<meta property=\"og:site_name\" content=\"TOSUNlux Official Site - Electrical Circuit Breaker Manufacturer in China\" \/>\n<meta property=\"article:publisher\" content=\"https:\/\/www.facebook.com\/TOSUNelectric\/\" \/>\n<meta property=\"article:modified_time\" content=\"2025-02-13T07:40:18+00:00\" \/>\n<meta property=\"og:image\" content=\"https:\/\/www.tosunlux.eu\/wp-content\/uploads\/2025\/02\/3-1-1024x495.jpg\" \/>\n<meta name=\"twitter:card\" content=\"summary_large_image\" \/>\n<meta name=\"twitter:label1\" content=\"Tiempo de lectura\" \/>\n\t<meta name=\"twitter:data1\" content=\"2 minutos\" \/>\n<script type=\"application\/ld+json\" class=\"yoast-schema-graph\">{\"@context\":\"https:\\\/\\\/schema.org\",\"@graph\":[{\"@type\":\"WebPage\",\"@id\":\"https:\\\/\\\/www.tosunlux.eu\\\/nl\\\/products\\\/off-grid-solar-inverter\\\/\",\"url\":\"https:\\\/\\\/www.tosunlux.eu\\\/nl\\\/products\\\/off-grid-solar-inverter\\\/\",\"name\":\"WholesaleOFF Grid Solar Inverter 1800W & 3000W - TOSUNlux Official Site - Electrical Circuit Breaker Manufacturer in China Low Voltage Electrical Supplier | TOSUNlux\",\"isPartOf\":{\"@id\":\"https:\\\/\\\/www.tosunlux.eu\\\/ru\\\/#website\"},\"primaryImageOfPage\":{\"@id\":\"https:\\\/\\\/www.tosunlux.eu\\\/nl\\\/products\\\/off-grid-solar-inverter\\\/#primaryimage\"},\"image\":{\"@id\":\"https:\\\/\\\/www.tosunlux.eu\\\/nl\\\/products\\\/off-grid-solar-inverter\\\/#primaryimage\"},\"thumbnailUrl\":\"https:\\\/\\\/www.tosunlux.eu\\\/wp-content\\\/uploads\\\/2025\\\/02\\\/3-1-1024x495.jpg\",\"datePublished\":\"2025-02-13T07:15:23+00:00\",\"dateModified\":\"2025-02-13T07:40:18+00:00\",\"description\":\"OFF Grid Solar Inverter 1800W & 3000W Supplier - Wholesale direct from TOSUNlux, a trusted manufacturer since 1994. Get your B2B factory quote on our certified Low Voltage electrical products.\",\"breadcrumb\":{\"@id\":\"https:\\\/\\\/www.tosunlux.eu\\\/nl\\\/products\\\/off-grid-solar-inverter\\\/#breadcrumb\"},\"inLanguage\":\"es\",\"potentialAction\":[{\"@type\":\"ReadAction\",\"target\":[\"https:\\\/\\\/www.tosunlux.eu\\\/nl\\\/products\\\/off-grid-solar-inverter\\\/\"]}]},{\"@type\":\"ImageObject\",\"inLanguage\":\"es\",\"@id\":\"https:\\\/\\\/www.tosunlux.eu\\\/nl\\\/products\\\/off-grid-solar-inverter\\\/#primaryimage\",\"url\":\"https:\\\/\\\/www.tosunlux.eu\\\/wp-content\\\/uploads\\\/2025\\\/02\\\/3-1-1024x495.jpg\",\"contentUrl\":\"https:\\\/\\\/www.tosunlux.eu\\\/wp-content\\\/uploads\\\/2025\\\/02\\\/3-1-1024x495.jpg\"},{\"@type\":\"BreadcrumbList\",\"@id\":\"https:\\\/\\\/www.tosunlux.eu\\\/nl\\\/products\\\/off-grid-solar-inverter\\\/#breadcrumb\",\"itemListElement\":[{\"@type\":\"ListItem\",\"position\":1,\"name\":\"Home\",\"item\":\"https:\\\/\\\/www.tosunlux.eu\\\/ru\\\/\"},{\"@type\":\"ListItem\",\"position\":2,\"name\":\"Products\",\"item\":\"https:\\\/\\\/www.tosunlux.eu\\\/products\\\/\"},{\"@type\":\"ListItem\",\"position\":3,\"name\":\"OFF Grid Solar Inverter 1800W &#038; 3000W\"}]},{\"@type\":\"WebSite\",\"@id\":\"https:\\\/\\\/www.tosunlux.eu\\\/ru\\\/#website\",\"url\":\"https:\\\/\\\/www.tosunlux.eu\\\/ru\\\/\",\"name\":\"TOSUNlux Official Site - Electrical Circuit Breaker Manufacturer in China\",\"description\":\"Power Distribution System Supplier\",\"publisher\":{\"@id\":\"https:\\\/\\\/www.tosunlux.eu\\\/ru\\\/#organization\"},\"alternateName\":\"TOSUNlux\",\"potentialAction\":[{\"@type\":\"SearchAction\",\"target\":{\"@type\":\"EntryPoint\",\"urlTemplate\":\"https:\\\/\\\/www.tosunlux.eu\\\/ru\\\/?s={search_term_string}\"},\"query-input\":{\"@type\":\"PropertyValueSpecification\",\"valueRequired\":true,\"valueName\":\"search_term_string\"}}],\"inLanguage\":\"es\"},{\"@type\":\"Organization\",\"@id\":\"https:\\\/\\\/www.tosunlux.eu\\\/ru\\\/#organization\",\"name\":\"TOSUNlux\",\"url\":\"https:\\\/\\\/www.tosunlux.eu\\\/ru\\\/\",\"logo\":{\"@type\":\"ImageObject\",\"inLanguage\":\"es\",\"@id\":\"https:\\\/\\\/www.tosunlux.eu\\\/ru\\\/#\\\/schema\\\/logo\\\/image\\\/\",\"url\":\"https:\\\/\\\/www.tosunlux.eu\\\/wp-content\\\/uploads\\\/2022\\\/01\\\/LOGOSYSM.71762f1.png\",\"contentUrl\":\"https:\\\/\\\/www.tosunlux.eu\\\/wp-content\\\/uploads\\\/2022\\\/01\\\/LOGOSYSM.71762f1.png\",\"width\":153,\"height\":55,\"caption\":\"TOSUNlux\"},\"image\":{\"@id\":\"https:\\\/\\\/www.tosunlux.eu\\\/ru\\\/#\\\/schema\\\/logo\\\/image\\\/\"},\"sameAs\":[\"https:\\\/\\\/www.facebook.com\\\/TOSUNelectric\\\/\",\"https:\\\/\\\/www.linkedin.com\\\/company\\\/wenzhou-tosun-electric-co.-ltd\\\/\"]}]}<\/script>\n<!-- \/ Yoast SEO plugin. -->","yoast_head_json":{"title":"Inversor solar fuera de red de 1800 W y 3000 W al por mayor - Sitio oficial de TOSUNlux - Fabricante de disyuntores el\u00e9ctricos en China, proveedor de electricidad de baja tensi\u00f3n | TOSUNlux","description":"Proveedor de inversores solares fuera de la red de 1800 W y 3000 W: venta al por mayor directa de TOSUNlux, un fabricante confiable desde 1994. Obtenga su cotizaci\u00f3n de f\u00e1brica B2B en nuestros productos el\u00e9ctricos de bajo voltaje certificados.","robots":{"index":"index","follow":"follow","max-snippet":"max-snippet:-1","max-image-preview":"max-image-preview:large","max-video-preview":"max-video-preview:-1"},"canonical":"https:\/\/www.tosunlux.eu\/es\/products\/off-grid-solar-inverter\/","og_locale":"es_ES","og_type":"article","og_title":"WholesaleOFF Grid Solar Inverter 1800W & 3000W - TOSUNlux Official Site - Electrical Circuit Breaker Manufacturer in China Low Voltage Electrical Supplier | TOSUNlux","og_description":"OFF Grid Solar Inverter 1800W & 3000W Supplier - Wholesale direct from TOSUNlux, a trusted manufacturer since 1994. Get your B2B factory quote on our certified Low Voltage electrical products.","og_url":"https:\/\/www.tosunlux.eu\/es\/products\/off-grid-solar-inverter\/","og_site_name":"TOSUNlux Official Site - Electrical Circuit Breaker Manufacturer in China","article_publisher":"https:\/\/www.facebook.com\/TOSUNelectric\/","article_modified_time":"2025-02-13T07:40:18+00:00","og_image":[{"url":"https:\/\/www.tosunlux.eu\/wp-content\/uploads\/2025\/02\/3-1-1024x495.jpg","type":"","width":"","height":""}],"twitter_card":"summary_large_image","twitter_misc":{"Tiempo de lectura":"2 minutos"},"schema":{"@context":"https:\/\/schema.org","@graph":[{"@type":"WebPage","@id":"https:\/\/www.tosunlux.eu\/nl\/products\/off-grid-solar-inverter\/","url":"https:\/\/www.tosunlux.eu\/nl\/products\/off-grid-solar-inverter\/","name":"Inversor solar fuera de red de 1800 W y 3000 W al por mayor - Sitio oficial de TOSUNlux - Fabricante de disyuntores el\u00e9ctricos en China, proveedor de electricidad de baja tensi\u00f3n | TOSUNlux","isPartOf":{"@id":"https:\/\/www.tosunlux.eu\/ru\/#website"},"primaryImageOfPage":{"@id":"https:\/\/www.tosunlux.eu\/nl\/products\/off-grid-solar-inverter\/#primaryimage"},"image":{"@id":"https:\/\/www.tosunlux.eu\/nl\/products\/off-grid-solar-inverter\/#primaryimage"},"thumbnailUrl":"https:\/\/www.tosunlux.eu\/wp-content\/uploads\/2025\/02\/3-1-1024x495.jpg","datePublished":"2025-02-13T07:15:23+00:00","dateModified":"2025-02-13T07:40:18+00:00","description":"Proveedor de inversores solares fuera de la red de 1800 W y 3000 W: venta al por mayor directa de TOSUNlux, un fabricante confiable desde 1994. Obtenga su cotizaci\u00f3n de f\u00e1brica B2B en nuestros productos el\u00e9ctricos de bajo voltaje certificados.","breadcrumb":{"@id":"https:\/\/www.tosunlux.eu\/nl\/products\/off-grid-solar-inverter\/#breadcrumb"},"inLanguage":"es","potentialAction":[{"@type":"ReadAction","target":["https:\/\/www.tosunlux.eu\/nl\/products\/off-grid-solar-inverter\/"]}]},{"@type":"ImageObject","inLanguage":"es","@id":"https:\/\/www.tosunlux.eu\/nl\/products\/off-grid-solar-inverter\/#primaryimage","url":"https:\/\/www.tosunlux.eu\/wp-content\/uploads\/2025\/02\/3-1-1024x495.jpg","contentUrl":"https:\/\/www.tosunlux.eu\/wp-content\/uploads\/2025\/02\/3-1-1024x495.jpg"},{"@type":"BreadcrumbList","@id":"https:\/\/www.tosunlux.eu\/nl\/products\/off-grid-solar-inverter\/#breadcrumb","itemListElement":[{"@type":"ListItem","position":1,"name":"Home","item":"https:\/\/www.tosunlux.eu\/ru\/"},{"@type":"ListItem","position":2,"name":"Products","item":"https:\/\/www.tosunlux.eu\/products\/"},{"@type":"ListItem","position":3,"name":"OFF Grid Solar Inverter 1800W &#038; 3000W"}]},{"@type":"WebSite","@id":"https:\/\/www.tosunlux.eu\/ru\/#website","url":"https:\/\/www.tosunlux.eu\/ru\/","name":"Sitio oficial de TOSUNlux - Fabricante de disyuntores el\u00e9ctricos en China","description":"Proveedor de sistemas de distribuci\u00f3n de energ\u00eda","publisher":{"@id":"https:\/\/www.tosunlux.eu\/ru\/#organization"},"alternateName":"TOSUNlux","potentialAction":[{"@type":"SearchAction","target":{"@type":"EntryPoint","urlTemplate":"https:\/\/www.tosunlux.eu\/ru\/?s={search_term_string}"},"query-input":{"@type":"PropertyValueSpecification","valueRequired":true,"valueName":"search_term_string"}}],"inLanguage":"es"},{"@type":"Organization","@id":"https:\/\/www.tosunlux.eu\/ru\/#organization","name":"TOSUNlux","url":"https:\/\/www.tosunlux.eu\/ru\/","logo":{"@type":"ImageObject","inLanguage":"es","@id":"https:\/\/www.tosunlux.eu\/ru\/#\/schema\/logo\/image\/","url":"https:\/\/www.tosunlux.eu\/wp-content\/uploads\/2022\/01\/LOGOSYSM.71762f1.png","contentUrl":"https:\/\/www.tosunlux.eu\/wp-content\/uploads\/2022\/01\/LOGOSYSM.71762f1.png","width":153,"height":55,"caption":"TOSUNlux"},"image":{"@id":"https:\/\/www.tosunlux.eu\/ru\/#\/schema\/logo\/image\/"},"sameAs":["https:\/\/www.facebook.com\/TOSUNelectric\/","https:\/\/www.linkedin.com\/company\/wenzhou-tosun-electric-co.-ltd\/"]}]}},"_links":{"self":[{"href":"https:\/\/www.tosunlux.eu\/es\/wp-json\/wp\/v2\/product\/12564","targetHints":{"allow":["GET"]}}],"collection":[{"href":"https:\/\/www.tosunlux.eu\/es\/wp-json\/wp\/v2\/product"}],"about":[{"href":"https:\/\/www.tosunlux.eu\/es\/wp-json\/wp\/v2\/types\/product"}],"version-history":[{"count":2,"href":"https:\/\/www.tosunlux.eu\/es\/wp-json\/wp\/v2\/product\/12564\/revisions"}],"predecessor-version":[{"id":12582,"href":"https:\/\/www.tosunlux.eu\/es\/wp-json\/wp\/v2\/product\/12564\/revisions\/12582"}],"wp:attachment":[{"href":"https:\/\/www.tosunlux.eu\/es\/wp-json\/wp\/v2\/media?parent=12564"}],"wp:term":[{"taxonomy":"product_category","embeddable":true,"href":"https:\/\/www.tosunlux.eu\/es\/wp-json\/wp\/v2\/product_category?post=12564"}],"curies":[{"name":"gracias","href":"https:\/\/api.w.org\/{rel}","templated":true}]}}