{"id":12571,"date":"2025-02-13T15:38:24","date_gmt":"2025-02-13T07:38:24","guid":{"rendered":"https:\/\/www.tosunlux.eu\/?post_type=product&#038;p=12571"},"modified":"2025-02-13T15:38:27","modified_gmt":"2025-02-13T07:38:27","slug":"on-off-grid-solar-inverter","status":"publish","type":"product","link":"https:\/\/www.tosunlux.eu\/es\/products\/on-off-grid-solar-inverter\/","title":{"rendered":"Inversor solar de red ON\/OFF"},"content":{"rendered":"<figure class=\"wp-block-image size-large is-resized\"><img fetchpriority=\"high\" decoding=\"async\" src=\"https:\/\/www.tosunlux.eu\/wp-content\/uploads\/2025\/02\/5-1024x495.jpg\" alt=\"\" class=\"wp-image-12572\" width=\"768\" height=\"371\" srcset=\"https:\/\/www.tosunlux.eu\/wp-content\/uploads\/2025\/02\/5-1024x495.jpg 1024w, https:\/\/www.tosunlux.eu\/wp-content\/uploads\/2025\/02\/5-300x145.jpg 300w, https:\/\/www.tosunlux.eu\/wp-content\/uploads\/2025\/02\/5-768x371.jpg 768w, https:\/\/www.tosunlux.eu\/wp-content\/uploads\/2025\/02\/5-1536x742.jpg 1536w, https:\/\/www.tosunlux.eu\/wp-content\/uploads\/2025\/02\/5-2048x990.jpg 2048w, https:\/\/www.tosunlux.eu\/wp-content\/uploads\/2025\/02\/5-18x9.jpg 18w\" sizes=\"(max-width: 768px) 100vw, 768px\" \/><\/figure>\n\n\n\n<figure class=\"wp-block-image size-full is-resized\"><img decoding=\"async\" src=\"https:\/\/www.tosunlux.eu\/wp-content\/uploads\/2025\/02\/2-6.jpg\" alt=\"\" class=\"wp-image-12573\" width=\"224\" height=\"134\" srcset=\"https:\/\/www.tosunlux.eu\/wp-content\/uploads\/2025\/02\/2-6.jpg 447w, https:\/\/www.tosunlux.eu\/wp-content\/uploads\/2025\/02\/2-6-300x180.jpg 300w, https:\/\/www.tosunlux.eu\/wp-content\/uploads\/2025\/02\/2-6-18x12.jpg 18w\" sizes=\"(max-width: 224px) 100vw, 224px\" \/><\/figure>\n\n\n\n<figure class=\"wp-block-image size-full is-resized\"><img decoding=\"async\" src=\"https:\/\/www.tosunlux.eu\/wp-content\/uploads\/2025\/02\/3-2.jpg\" alt=\"\" class=\"wp-image-12574\" width=\"512\" height=\"32\" srcset=\"https:\/\/www.tosunlux.eu\/wp-content\/uploads\/2025\/02\/3-2.jpg 1023w, https:\/\/www.tosunlux.eu\/wp-content\/uploads\/2025\/02\/3-2-300x19.jpg 300w, https:\/\/www.tosunlux.eu\/wp-content\/uploads\/2025\/02\/3-2-768x48.jpg 768w, https:\/\/www.tosunlux.eu\/wp-content\/uploads\/2025\/02\/3-2-18x1.jpg 18w\" sizes=\"(max-width: 512px) 100vw, 512px\" \/><\/figure>\n\n\n\n<figure class=\"wp-block-image size-large is-resized\"><img loading=\"lazy\" decoding=\"async\" src=\"https:\/\/www.tosunlux.eu\/wp-content\/uploads\/2025\/02\/4-1-1024x327.jpg\" alt=\"\" class=\"wp-image-12575\" width=\"512\" height=\"164\" srcset=\"https:\/\/www.tosunlux.eu\/wp-content\/uploads\/2025\/02\/4-1-1024x327.jpg 1024w, https:\/\/www.tosunlux.eu\/wp-content\/uploads\/2025\/02\/4-1-300x96.jpg 300w, https:\/\/www.tosunlux.eu\/wp-content\/uploads\/2025\/02\/4-1-768x245.jpg 768w, https:\/\/www.tosunlux.eu\/wp-content\/uploads\/2025\/02\/4-1-18x6.jpg 18w, https:\/\/www.tosunlux.eu\/wp-content\/uploads\/2025\/02\/4-1.jpg 1291w\" sizes=\"(max-width: 512px) 100vw, 512px\" \/><\/figure>\n\n\n\n<p class=\"has-normal-font-size\"><strong>Solicitud<\/strong><\/p>\n\n\n\n<ul class=\"wp-block-list\"><li>Inversor solar de onda sinusoidal pura (dentro y fuera de la red)<\/li><li>Factor de potencia de salida 1,0<\/li><li>Wi-Fi y GPRS disponibles para iOS y Android<\/li><li>El inversor puede funcionar sin bater\u00eda<\/li><li>Restauraci\u00f3n de la configuraci\u00f3n de f\u00e1brica con una sola tecla<\/li><li>Activaci\u00f3n autom\u00e1tica de bater\u00eda de litio incorporada<\/li><\/ul>\n\n\n\n<p><strong>TSIF1-4200W, TSIF1-6200W<\/strong><\/p>\n\n\n\n<ul class=\"wp-block-list\"><li>Alto rango de voltaje de entrada fotovoltaica: 60 ~ 500 V CC<\/li><li>Puertos de comunicaci\u00f3n duales para comunicaci\u00f3n de bater\u00eda.<\/li><li>y comunicaci\u00f3n Wi-Fi<\/li><li>Kit antipolvo incorporado para entornos hostiles<\/li><li>Dise\u00f1o de carga de bater\u00eda inteligente para optimizar la vida \u00fatil de la bater\u00eda.<\/li><li>Doble salida<\/li><\/ul>\n\n\n\n<p><strong>TSIF1-8200W, TSIF1-10200W<\/strong><\/p>\n\n\n\n<ul class=\"wp-block-list\"><li>Alto rango de voltaje de entrada fotovoltaica 90~500 VCC<\/li><li>Doble entrada fotovoltaica<\/li><li>Bot\u00f3n t\u00e1ctil<\/li><li>En modo de trabajo fuera de la red<\/li><\/ul>\n\n\n\n<p class=\"has-normal-font-size\"><strong>Especificaci\u00f3n<\/strong><\/p>\n\n\n<table style=\"border-collapse: collapse; width: 896px; height: 758px;\" border=\"0\" width=\"730\" cellspacing=\"0\" cellpadding=\"0\">\n<tbody>\n<tr style=\"height: 14.55pt;\">\n<td class=\"et2\" style=\"height: 14.55pt; width: 193.20pt;\" width=\"257\" height=\"19\"><span class=\"font1\">Modelo<\/span><\/td>\n<td class=\"et3\" style=\"width: 88.6pt; text-align: center;\" width=\"118\"><span class=\"font1\">TSIF1-4200W<\/span><\/td>\n<td class=\"et3\" style=\"width: 88.6pt; text-align: center;\" width=\"118\"><span class=\"font1\">TSIF1-6200W<\/span><\/td>\n<td class=\"et3\" style=\"width: 88.6pt; text-align: center;\" width=\"118\"><span class=\"font1\">TSIF1-8200W<\/span><\/td>\n<td class=\"et3\" style=\"width: 88.9pt; text-align: center;\" width=\"118\"><span class=\"font1\">TSIF1-10200W<\/span><\/td>\n<\/tr>\n<tr style=\"height: 14.25pt;\">\n<td class=\"et4\" style=\"height: 14.25pt; width: 193.20pt;\" width=\"257\" height=\"19\"><span class=\"font2\">Fase<\/span><\/td>\n<td class=\"et5\" style=\"width: 354.7pt; text-align: center;\" colspan=\"4\" width=\"472\"><span class=\"font2\">Fase \u00fanica<\/span><\/td>\n<\/tr>\n<tr style=\"height: 14.25pt;\">\n<td class=\"et4\" style=\"height: 14.25pt; width: 193.20pt;\" width=\"257\" height=\"19\"><span class=\"font2\">Potencia m\u00e1xima de entrada fotovoltaica<\/span><\/td>\n<td class=\"et5\" style=\"width: 88.6pt; text-align: center;\" width=\"118\"><span class=\"font2\">6200 W<\/span><\/td>\n<td class=\"et5\" style=\"width: 88.6pt; text-align: center;\" width=\"118\"><span class=\"font2\">6500W<\/span><\/td>\n<td class=\"et5\" style=\"width: 177.5pt; text-align: center;\" colspan=\"2\" width=\"236\"><span class=\"font2\">5400 W + 5400 W<\/span><\/td>\n<\/tr>\n<tr style=\"height: 14.25pt;\">\n<td class=\"et4\" style=\"height: 14.25pt; width: 193.20pt;\" width=\"257\" height=\"19\"><span class=\"font2\">Potencia de salida nominal<\/span><\/td>\n<td class=\"et5\" style=\"width: 88.6pt; text-align: center;\" width=\"118\"><span class=\"font2\">4200 W\/4200 VA<\/span><\/td>\n<td class=\"et5\" style=\"width: 88.6pt; text-align: center;\" width=\"118\"><span class=\"font2\">6200 W\/6200 VA<\/span><\/td>\n<td class=\"et5\" style=\"width: 88.6pt; text-align: center;\" width=\"118\"><span class=\"font2\">8200 W\/8200 VA<\/span><\/td>\n<td class=\"et5\" style=\"width: 88.9pt; text-align: center;\" width=\"118\"><span class=\"font2\">10200 W\/10200 VA<\/span><\/td>\n<\/tr>\n<tr style=\"height: 14.25pt;\">\n<td class=\"et4\" style=\"height: 14.25pt; width: 193.20pt;\" width=\"257\" height=\"19\"><span class=\"font2\">Corriente m\u00e1xima de carga solar<\/span><\/td>\n<td class=\"et5\" style=\"width: 88.6pt; text-align: center;\" width=\"118\"><span class=\"font2\">120A<\/span><\/td>\n<td class=\"et5\" style=\"width: 88.6pt; text-align: center;\" width=\"118\"><span class=\"font2\">120A<\/span><\/td>\n<td class=\"et5\" style=\"width: 88.6pt; text-align: center;\" width=\"118\"><span class=\"font2\">160A<\/span><\/td>\n<td class=\"et5\" style=\"width: 88.9pt; text-align: center;\" width=\"118\"><span class=\"font2\">160A<\/span><\/td>\n<\/tr>\n<tr style=\"height: 14.25pt;\">\n<td class=\"et2\" style=\"height: 14.25pt; width: 547.90pt;\" colspan=\"5\" width=\"730\" height=\"19\"><span class=\"font1\">Operaci\u00f3n conectada a la red<\/span><\/td>\n<\/tr>\n<tr style=\"height: 14.25pt;\">\n<td class=\"et8\" style=\"height: 14.25pt; width: 547.90pt;\" colspan=\"5\" width=\"730\" height=\"19\"><span class=\"font3\">Entrada fotovoltaica (CC)<\/span><\/td>\n<\/tr>\n<tr style=\"height: 14.25pt;\">\n<td class=\"et4\" style=\"height: 14.25pt; width: 193.20pt;\" width=\"257\" height=\"19\"><span class=\"font2\">Voltaje nominal de CC\/Voltaje m\u00e1ximo de CC<\/span><\/td>\n<td class=\"et5\" style=\"width: 354.7pt; text-align: center;\" colspan=\"4\" width=\"472\"><span class=\"font2\">360\/500 VCC<\/span><\/td>\n<\/tr>\n<tr style=\"height: 14.25pt;\">\n<td class=\"et4\" style=\"height: 14.25pt; width: 193.20pt;\" width=\"257\" height=\"19\"><span class=\"font2\">Voltaje de arranque\/Voltaje de alimentaci\u00f3n inicial<\/span><\/td>\n<td class=\"et5\" style=\"width: 177.2pt; text-align: center;\" colspan=\"2\" width=\"236\"><span class=\"font2\">60 VCC\/90 VCC<\/span><\/td>\n<td class=\"et5\" style=\"width: 177.5pt; text-align: center;\" colspan=\"2\" width=\"236\"><span class=\"font2\">90 VCC\/120 VCC<\/span><\/td>\n<\/tr>\n<tr style=\"height: 14.25pt;\">\n<td class=\"et4\" style=\"height: 14.25pt; width: 193.20pt;\" width=\"257\" height=\"19\"><span class=\"font2\">Rango de voltaje MPPT<\/span><\/td>\n<td class=\"et5\" style=\"width: 177.2pt; text-align: center;\" colspan=\"2\" width=\"236\"><span class=\"font2\">60~450 VCC<\/span><\/td>\n<td class=\"et5\" style=\"width: 177.5pt; text-align: center;\" colspan=\"2\" width=\"236\"><span class=\"font2\">900~450 VCC<\/span><\/td>\n<\/tr>\n<tr style=\"height: 14.25pt;\">\n<td class=\"et4\" style=\"height: 14.25pt; width: 193.20pt;\" width=\"257\" height=\"19\"><span class=\"font2\">Corriente m\u00e1xima de entrada<\/span><\/td>\n<td class=\"et5\" style=\"width: 88.6pt; text-align: center;\" width=\"118\"><span class=\"font2\">1\/18A<\/span><\/td>\n<td class=\"et5\" style=\"width: 88.6pt; text-align: center;\" width=\"118\"><span class=\"font2\">1\/22A<\/span><\/td>\n<td class=\"et5\" style=\"width: 177.5pt; text-align: center;\" colspan=\"2\" width=\"236\"><span class=\"font2\">2\/18A<\/span><\/td>\n<\/tr>\n<tr style=\"height: 14.25pt;\">\n<td class=\"et8\" style=\"height: 14.25pt; width: 547.90pt;\" colspan=\"5\" width=\"730\" height=\"19\"><span class=\"font3\">Salida de red (CA)<\/span><\/td>\n<\/tr>\n<tr style=\"height: 14.25pt;\">\n<td class=\"et4\" style=\"height: 14.25pt; width: 193.20pt;\" width=\"257\" height=\"19\"><span class=\"font2\">Voltaje de salida nominal<\/span><\/td>\n<td class=\"et10\" style=\"width: 354.7pt; text-align: center;\" colspan=\"4\" width=\"472\"><span class=\"font2\">220\/230\/240 V CA<\/span><\/td>\n<\/tr>\n<tr style=\"height: 14.25pt;\">\n<td class=\"et4\" style=\"height: 14.25pt; width: 193.20pt;\" width=\"257\" height=\"19\"><span class=\"font2\">Rango de voltaje de salida<\/span><\/td>\n<td class=\"et5\" style=\"width: 177.2pt; text-align: center;\" colspan=\"2\" width=\"236\"><span class=\"font2\">195,5 ~ 253 V CA<\/span><\/td>\n<td class=\"et5\" style=\"width: 177.5pt; text-align: center;\" colspan=\"2\" width=\"236\"><span class=\"font2\">190 ~ 253 V CA<\/span><\/td>\n<\/tr>\n<tr style=\"height: 14.25pt;\">\n<td class=\"et4\" style=\"height: 14.25pt; width: 193.20pt;\" width=\"257\" height=\"19\"><span class=\"font2\">Corriente de salida nominal<\/span><\/td>\n<td class=\"et5\" style=\"width: 88.6pt; text-align: center;\" width=\"118\"><span class=\"font2\">18.2A<\/span><\/td>\n<td class=\"et5\" style=\"width: 88.6pt; text-align: center;\" width=\"118\"><span class=\"font2\">27.0A<\/span><\/td>\n<td class=\"et5\" style=\"width: 88.6pt; text-align: center;\" width=\"118\"><span class=\"font2\">35,6A<\/span><\/td>\n<td class=\"et5\" style=\"width: 88.9pt; text-align: center;\" width=\"118\"><span class=\"font2\">44.3A<\/span><\/td>\n<\/tr>\n<tr style=\"height: 14.25pt;\">\n<td class=\"et4\" style=\"height: 14.25pt; width: 193.20pt;\" width=\"257\" height=\"19\"><span class=\"font2\">Factor de potencia<\/span><\/td>\n<td class=\"et5\" style=\"width: 354.7pt; text-align: center;\" colspan=\"4\" width=\"472\"><span class=\"font2\">&gt;0,99<\/span><\/td>\n<\/tr>\n<tr style=\"height: 14.25pt;\">\n<td class=\"et8\" style=\"height: 14.25pt; width: 547.90pt;\" colspan=\"5\" width=\"730\" height=\"19\"><span class=\"font3\">Eficiencia<\/span><\/td>\n<\/tr>\n<tr style=\"height: 14.25pt;\">\n<td class=\"et4\" style=\"height: 14.25pt; width: 193.20pt;\" width=\"257\" height=\"19\"><span class=\"font2\">Eficiencia m\u00e1xima de conversi\u00f3n (DCIAC)<\/span><\/td>\n<td class=\"et12\" style=\"width: 354.7pt; text-align: center;\" colspan=\"4\" width=\"472\">98%<\/td>\n<\/tr>\n<tr style=\"height: 14.25pt;\">\n<td class=\"et8\" style=\"height: 14.25pt; width: 547.90pt;\" colspan=\"5\" width=\"730\" height=\"19\"><span class=\"font3\">Potencia de salida de dos cargas<\/span><\/td>\n<\/tr>\n<tr style=\"height: 14.25pt;\">\n<td class=\"et4\" style=\"height: 14.25pt; width: 193.20pt;\" width=\"257\" height=\"19\"><span class=\"font2\">Carga completa<\/span><\/td>\n<td class=\"et5\" style=\"width: 88.6pt; text-align: center;\" width=\"118\"><span class=\"font2\">4200 W<\/span><\/td>\n<td class=\"et5\" style=\"width: 88.6pt; text-align: center;\" width=\"118\"><span class=\"font2\">6200 W<\/span><\/td>\n<td class=\"et5\" style=\"width: 88.6pt; text-align: center;\" width=\"118\"><span class=\"font2\">8200 W<\/span><\/td>\n<td class=\"et5\" style=\"width: 88.9pt; text-align: center;\" width=\"118\"><span class=\"font2\">10200W<\/span><\/td>\n<\/tr>\n<tr style=\"height: 14.25pt;\">\n<td class=\"et4\" style=\"height: 14.25pt; width: 193.20pt;\" width=\"257\" height=\"19\"><span class=\"font2\">Carga principal m\u00e1xima<\/span><\/td>\n<td class=\"et5\" style=\"width: 88.6pt; text-align: center;\" width=\"118\"><span class=\"font2\">4200 W<\/span><\/td>\n<td class=\"et5\" style=\"width: 88.6pt; text-align: center;\" width=\"118\"><span class=\"font2\">6200 W<\/span><\/td>\n<td class=\"et5\" style=\"width: 88.6pt; text-align: center;\" width=\"118\"><span class=\"font2\">8200 W<\/span><\/td>\n<td class=\"et5\" style=\"width: 88.9pt; text-align: center;\" width=\"118\"><span class=\"font2\">10200W<\/span><\/td>\n<\/tr>\n<tr style=\"height: 14.25pt;\">\n<td class=\"et4\" style=\"height: 14.25pt; width: 193.20pt;\" width=\"257\" height=\"19\"><span class=\"font2\">Carga m\u00e1xima por segundo (modo bater\u00eda)<\/span><\/td>\n<td class=\"et5\" style=\"width: 88.6pt; text-align: center;\" width=\"118\"><span class=\"font2\">1400 W<\/span><\/td>\n<td class=\"et5\" style=\"width: 88.6pt; text-align: center;\" width=\"118\"><span class=\"font2\">2067W<\/span><\/td>\n<td class=\"et5\" style=\"width: 88.6pt; text-align: center;\" width=\"118\"><span class=\"font2\">2733W<\/span><\/td>\n<td class=\"et5\" style=\"width: 88.9pt; text-align: center;\" width=\"118\"><span class=\"font2\">3400 W<\/span><\/td>\n<\/tr>\n<tr style=\"height: 14.25pt;\">\n<td class=\"et4\" style=\"height: 14.25pt; width: 193.20pt;\" width=\"257\" height=\"19\"><span class=\"font2\">Voltaje de corte de carga m\u00e1xima<\/span><\/td>\n<td class=\"et5\" style=\"width: 88.6pt; text-align: center;\" width=\"118\"><span class=\"font2\">26 V CC<\/span><\/td>\n<td class=\"et5\" style=\"width: 88.6pt; text-align: center;\" width=\"118\"><span class=\"font2\">52 VCC<\/span><\/td>\n<td class=\"et5\" style=\"width: 88.6pt; text-align: center;\" width=\"118\"><span class=\"font2\">52 VCC<\/span><\/td>\n<td class=\"et5\" style=\"width: 88.9pt; text-align: center;\" width=\"118\"><span class=\"font2\">52 VCC<\/span><\/td>\n<\/tr>\n<tr style=\"height: 14.55pt;\">\n<td class=\"et4\" style=\"height: 14.55pt; width: 193.20pt;\" width=\"257\" height=\"19\"><span class=\"font2\">Voltaje m\u00e1ximo de retorno de carga<\/span><\/td>\n<td class=\"et5\" style=\"width: 88.6pt; text-align: center;\" width=\"118\"><span class=\"font2\">27 V CC<\/span><\/td>\n<td class=\"et5\" style=\"width: 88.6pt; text-align: center;\" width=\"118\"><span class=\"font2\">54 V CC<\/span><\/td>\n<td class=\"et5\" style=\"width: 88.6pt; text-align: center;\" width=\"118\"><span class=\"font2\">54 V CC<\/span><\/td>\n<td class=\"et5\" style=\"width: 88.9pt; text-align: center;\" width=\"118\"><span class=\"font2\">54 V CC<\/span><\/td>\n<\/tr>\n<\/tbody>\n<\/table>","protected":false},"parent":0,"template":"","product_category":[37,218],"class_list":["post-12571","product","type-product","status-publish","hentry","product_category-new-energy-instruments","product_category-grid-solar-inverter"],"yoast_head":"<!-- This site is optimized with the Yoast SEO plugin v27.5 - https:\/\/yoast.com\/product\/yoast-seo-wordpress\/ -->\n<title>WholesaleON\/OFF Grid Solar Inverter - TOSUNlux Official Site - Electrical Circuit Breaker Manufacturer in China Low Voltage Electrical Supplier | TOSUNlux<\/title>\n<meta name=\"description\" content=\"ON\/OFF Grid Solar Inverter Supplier - Wholesale direct from TOSUNlux, a trusted manufacturer since 1994. Get your B2B factory quote on our certified Low Voltage electrical products.\" \/>\n<meta name=\"robots\" content=\"index, follow, max-snippet:-1, max-image-preview:large, max-video-preview:-1\" \/>\n<link rel=\"canonical\" href=\"https:\/\/www.tosunlux.eu\/es\/products\/on-off-grid-solar-inverter\/\" \/>\n<meta property=\"og:locale\" content=\"es_ES\" \/>\n<meta property=\"og:type\" content=\"article\" \/>\n<meta property=\"og:title\" content=\"WholesaleON\/OFF Grid Solar Inverter - TOSUNlux Official Site - Electrical Circuit Breaker Manufacturer in China Low Voltage Electrical Supplier | TOSUNlux\" \/>\n<meta property=\"og:description\" content=\"ON\/OFF Grid Solar Inverter Supplier - Wholesale direct from TOSUNlux, a trusted manufacturer since 1994. Get your B2B factory quote on our certified Low Voltage electrical products.\" \/>\n<meta property=\"og:url\" content=\"https:\/\/www.tosunlux.eu\/es\/products\/on-off-grid-solar-inverter\/\" \/>\n<meta property=\"og:site_name\" content=\"TOSUNlux Official Site - Electrical Circuit Breaker Manufacturer in China\" \/>\n<meta property=\"article:publisher\" content=\"https:\/\/www.facebook.com\/TOSUNelectric\/\" \/>\n<meta property=\"article:modified_time\" content=\"2025-02-13T07:38:27+00:00\" \/>\n<meta property=\"og:image\" content=\"https:\/\/www.tosunlux.eu\/wp-content\/uploads\/2025\/02\/5-1024x495.jpg\" \/>\n<meta name=\"twitter:card\" content=\"summary_large_image\" \/>\n<meta name=\"twitter:label1\" content=\"Tiempo de lectura\" \/>\n\t<meta name=\"twitter:data1\" content=\"2 minutos\" \/>\n<script type=\"application\/ld+json\" class=\"yoast-schema-graph\">{\"@context\":\"https:\\\/\\\/schema.org\",\"@graph\":[{\"@type\":\"WebPage\",\"@id\":\"https:\\\/\\\/www.tosunlux.eu\\\/products\\\/on-off-grid-solar-inverter\\\/\",\"url\":\"https:\\\/\\\/www.tosunlux.eu\\\/products\\\/on-off-grid-solar-inverter\\\/\",\"name\":\"WholesaleON\\\/OFF Grid Solar Inverter - TOSUNlux Official Site - Electrical Circuit Breaker Manufacturer in China Low Voltage Electrical Supplier | TOSUNlux\",\"isPartOf\":{\"@id\":\"https:\\\/\\\/www.tosunlux.eu\\\/ru\\\/#website\"},\"primaryImageOfPage\":{\"@id\":\"https:\\\/\\\/www.tosunlux.eu\\\/products\\\/on-off-grid-solar-inverter\\\/#primaryimage\"},\"image\":{\"@id\":\"https:\\\/\\\/www.tosunlux.eu\\\/products\\\/on-off-grid-solar-inverter\\\/#primaryimage\"},\"thumbnailUrl\":\"https:\\\/\\\/www.tosunlux.eu\\\/wp-content\\\/uploads\\\/2025\\\/02\\\/5-1024x495.jpg\",\"datePublished\":\"2025-02-13T07:38:24+00:00\",\"dateModified\":\"2025-02-13T07:38:27+00:00\",\"description\":\"ON\\\/OFF Grid Solar Inverter Supplier - Wholesale direct from TOSUNlux, a trusted manufacturer since 1994. Get your B2B factory quote on our certified Low Voltage electrical products.\",\"breadcrumb\":{\"@id\":\"https:\\\/\\\/www.tosunlux.eu\\\/products\\\/on-off-grid-solar-inverter\\\/#breadcrumb\"},\"inLanguage\":\"es\",\"potentialAction\":[{\"@type\":\"ReadAction\",\"target\":[\"https:\\\/\\\/www.tosunlux.eu\\\/products\\\/on-off-grid-solar-inverter\\\/\"]}]},{\"@type\":\"ImageObject\",\"inLanguage\":\"es\",\"@id\":\"https:\\\/\\\/www.tosunlux.eu\\\/products\\\/on-off-grid-solar-inverter\\\/#primaryimage\",\"url\":\"https:\\\/\\\/www.tosunlux.eu\\\/wp-content\\\/uploads\\\/2025\\\/02\\\/5-1024x495.jpg\",\"contentUrl\":\"https:\\\/\\\/www.tosunlux.eu\\\/wp-content\\\/uploads\\\/2025\\\/02\\\/5-1024x495.jpg\"},{\"@type\":\"BreadcrumbList\",\"@id\":\"https:\\\/\\\/www.tosunlux.eu\\\/products\\\/on-off-grid-solar-inverter\\\/#breadcrumb\",\"itemListElement\":[{\"@type\":\"ListItem\",\"position\":1,\"name\":\"Home\",\"item\":\"https:\\\/\\\/www.tosunlux.eu\\\/ru\\\/\"},{\"@type\":\"ListItem\",\"position\":2,\"name\":\"Products\",\"item\":\"https:\\\/\\\/www.tosunlux.eu\\\/products\\\/\"},{\"@type\":\"ListItem\",\"position\":3,\"name\":\"ON\\\/OFF Grid Solar Inverter\"}]},{\"@type\":\"WebSite\",\"@id\":\"https:\\\/\\\/www.tosunlux.eu\\\/ru\\\/#website\",\"url\":\"https:\\\/\\\/www.tosunlux.eu\\\/ru\\\/\",\"name\":\"TOSUNlux Official Site - Electrical Circuit Breaker Manufacturer in China\",\"description\":\"Power Distribution System Supplier\",\"publisher\":{\"@id\":\"https:\\\/\\\/www.tosunlux.eu\\\/ru\\\/#organization\"},\"alternateName\":\"TOSUNlux\",\"potentialAction\":[{\"@type\":\"SearchAction\",\"target\":{\"@type\":\"EntryPoint\",\"urlTemplate\":\"https:\\\/\\\/www.tosunlux.eu\\\/ru\\\/?s={search_term_string}\"},\"query-input\":{\"@type\":\"PropertyValueSpecification\",\"valueRequired\":true,\"valueName\":\"search_term_string\"}}],\"inLanguage\":\"es\"},{\"@type\":\"Organization\",\"@id\":\"https:\\\/\\\/www.tosunlux.eu\\\/ru\\\/#organization\",\"name\":\"TOSUNlux\",\"url\":\"https:\\\/\\\/www.tosunlux.eu\\\/ru\\\/\",\"logo\":{\"@type\":\"ImageObject\",\"inLanguage\":\"es\",\"@id\":\"https:\\\/\\\/www.tosunlux.eu\\\/ru\\\/#\\\/schema\\\/logo\\\/image\\\/\",\"url\":\"https:\\\/\\\/www.tosunlux.eu\\\/wp-content\\\/uploads\\\/2022\\\/01\\\/LOGOSYSM.71762f1.png\",\"contentUrl\":\"https:\\\/\\\/www.tosunlux.eu\\\/wp-content\\\/uploads\\\/2022\\\/01\\\/LOGOSYSM.71762f1.png\",\"width\":153,\"height\":55,\"caption\":\"TOSUNlux\"},\"image\":{\"@id\":\"https:\\\/\\\/www.tosunlux.eu\\\/ru\\\/#\\\/schema\\\/logo\\\/image\\\/\"},\"sameAs\":[\"https:\\\/\\\/www.facebook.com\\\/TOSUNelectric\\\/\",\"https:\\\/\\\/www.linkedin.com\\\/company\\\/wenzhou-tosun-electric-co.-ltd\\\/\"]}]}<\/script>\n<!-- \/ Yoast SEO plugin. -->","yoast_head_json":{"title":"WholesaleON\/OFF Grid Solar Inverter - TOSUNlux Official Site - Electrical Circuit Breaker Manufacturer in China Low Voltage Electrical Supplier | TOSUNlux","description":"ON\/OFF Grid Solar Inverter Supplier - Wholesale direct from TOSUNlux, a trusted manufacturer since 1994. Get your B2B factory quote on our certified Low Voltage electrical products.","robots":{"index":"index","follow":"follow","max-snippet":"max-snippet:-1","max-image-preview":"max-image-preview:large","max-video-preview":"max-video-preview:-1"},"canonical":"https:\/\/www.tosunlux.eu\/es\/products\/on-off-grid-solar-inverter\/","og_locale":"es_ES","og_type":"article","og_title":"WholesaleON\/OFF Grid Solar Inverter - TOSUNlux Official Site - Electrical Circuit Breaker Manufacturer in China Low Voltage Electrical Supplier | TOSUNlux","og_description":"ON\/OFF Grid Solar Inverter Supplier - Wholesale direct from TOSUNlux, a trusted manufacturer since 1994. Get your B2B factory quote on our certified Low Voltage electrical products.","og_url":"https:\/\/www.tosunlux.eu\/es\/products\/on-off-grid-solar-inverter\/","og_site_name":"TOSUNlux Official Site - Electrical Circuit Breaker Manufacturer in China","article_publisher":"https:\/\/www.facebook.com\/TOSUNelectric\/","article_modified_time":"2025-02-13T07:38:27+00:00","og_image":[{"url":"https:\/\/www.tosunlux.eu\/wp-content\/uploads\/2025\/02\/5-1024x495.jpg","type":"","width":"","height":""}],"twitter_card":"summary_large_image","twitter_misc":{"Tiempo de lectura":"2 minutos"},"schema":{"@context":"https:\/\/schema.org","@graph":[{"@type":"WebPage","@id":"https:\/\/www.tosunlux.eu\/products\/on-off-grid-solar-inverter\/","url":"https:\/\/www.tosunlux.eu\/products\/on-off-grid-solar-inverter\/","name":"WholesaleON\/OFF Grid Solar Inverter - TOSUNlux Official Site - Electrical Circuit Breaker Manufacturer in China Low Voltage Electrical Supplier | TOSUNlux","isPartOf":{"@id":"https:\/\/www.tosunlux.eu\/ru\/#website"},"primaryImageOfPage":{"@id":"https:\/\/www.tosunlux.eu\/products\/on-off-grid-solar-inverter\/#primaryimage"},"image":{"@id":"https:\/\/www.tosunlux.eu\/products\/on-off-grid-solar-inverter\/#primaryimage"},"thumbnailUrl":"https:\/\/www.tosunlux.eu\/wp-content\/uploads\/2025\/02\/5-1024x495.jpg","datePublished":"2025-02-13T07:38:24+00:00","dateModified":"2025-02-13T07:38:27+00:00","description":"ON\/OFF Grid Solar Inverter Supplier - Wholesale direct from TOSUNlux, a trusted manufacturer since 1994. Get your B2B factory quote on our certified Low Voltage electrical products.","breadcrumb":{"@id":"https:\/\/www.tosunlux.eu\/products\/on-off-grid-solar-inverter\/#breadcrumb"},"inLanguage":"es","potentialAction":[{"@type":"ReadAction","target":["https:\/\/www.tosunlux.eu\/products\/on-off-grid-solar-inverter\/"]}]},{"@type":"ImageObject","inLanguage":"es","@id":"https:\/\/www.tosunlux.eu\/products\/on-off-grid-solar-inverter\/#primaryimage","url":"https:\/\/www.tosunlux.eu\/wp-content\/uploads\/2025\/02\/5-1024x495.jpg","contentUrl":"https:\/\/www.tosunlux.eu\/wp-content\/uploads\/2025\/02\/5-1024x495.jpg"},{"@type":"BreadcrumbList","@id":"https:\/\/www.tosunlux.eu\/products\/on-off-grid-solar-inverter\/#breadcrumb","itemListElement":[{"@type":"ListItem","position":1,"name":"Home","item":"https:\/\/www.tosunlux.eu\/ru\/"},{"@type":"ListItem","position":2,"name":"Products","item":"https:\/\/www.tosunlux.eu\/products\/"},{"@type":"ListItem","position":3,"name":"ON\/OFF Grid Solar Inverter"}]},{"@type":"WebSite","@id":"https:\/\/www.tosunlux.eu\/ru\/#website","url":"https:\/\/www.tosunlux.eu\/ru\/","name":"Sitio oficial de TOSUNlux - Fabricante de disyuntores el\u00e9ctricos en China","description":"Proveedor de sistemas de distribuci\u00f3n de energ\u00eda","publisher":{"@id":"https:\/\/www.tosunlux.eu\/ru\/#organization"},"alternateName":"TOSUNlux","potentialAction":[{"@type":"SearchAction","target":{"@type":"EntryPoint","urlTemplate":"https:\/\/www.tosunlux.eu\/ru\/?s={search_term_string}"},"query-input":{"@type":"PropertyValueSpecification","valueRequired":true,"valueName":"search_term_string"}}],"inLanguage":"es"},{"@type":"Organization","@id":"https:\/\/www.tosunlux.eu\/ru\/#organization","name":"TOSUNlux","url":"https:\/\/www.tosunlux.eu\/ru\/","logo":{"@type":"ImageObject","inLanguage":"es","@id":"https:\/\/www.tosunlux.eu\/ru\/#\/schema\/logo\/image\/","url":"https:\/\/www.tosunlux.eu\/wp-content\/uploads\/2022\/01\/LOGOSYSM.71762f1.png","contentUrl":"https:\/\/www.tosunlux.eu\/wp-content\/uploads\/2022\/01\/LOGOSYSM.71762f1.png","width":153,"height":55,"caption":"TOSUNlux"},"image":{"@id":"https:\/\/www.tosunlux.eu\/ru\/#\/schema\/logo\/image\/"},"sameAs":["https:\/\/www.facebook.com\/TOSUNelectric\/","https:\/\/www.linkedin.com\/company\/wenzhou-tosun-electric-co.-ltd\/"]}]}},"_links":{"self":[{"href":"https:\/\/www.tosunlux.eu\/es\/wp-json\/wp\/v2\/product\/12571","targetHints":{"allow":["GET"]}}],"collection":[{"href":"https:\/\/www.tosunlux.eu\/es\/wp-json\/wp\/v2\/product"}],"about":[{"href":"https:\/\/www.tosunlux.eu\/es\/wp-json\/wp\/v2\/types\/product"}],"version-history":[{"count":1,"href":"https:\/\/www.tosunlux.eu\/es\/wp-json\/wp\/v2\/product\/12571\/revisions"}],"predecessor-version":[{"id":12581,"href":"https:\/\/www.tosunlux.eu\/es\/wp-json\/wp\/v2\/product\/12571\/revisions\/12581"}],"wp:attachment":[{"href":"https:\/\/www.tosunlux.eu\/es\/wp-json\/wp\/v2\/media?parent=12571"}],"wp:term":[{"taxonomy":"product_category","embeddable":true,"href":"https:\/\/www.tosunlux.eu\/es\/wp-json\/wp\/v2\/product_category?post=12571"}],"curies":[{"name":"gracias","href":"https:\/\/api.w.org\/{rel}","templated":true}]}}