{"id":1462,"date":"2022-04-19T17:57:06","date_gmt":"2022-04-19T09:57:06","guid":{"rendered":"https:\/\/www.tosunlux.eu\/?post_type=product&#038;p=1462"},"modified":"2022-04-20T11:06:38","modified_gmt":"2022-04-20T03:06:38","slug":"led-square-panel-light","status":"publish","type":"product","link":"https:\/\/www.tosunlux.eu\/es\/products\/led-square-panel-light\/","title":{"rendered":"Panel de luz LED cuadrado"},"content":{"rendered":"<p>Panel de luz LED cuadrado<\/p>\n\n\n<table style=\"border-collapse: collapse; width: 648.02pt;\" border=\"0\" width=\"864\" cellspacing=\"0\" cellpadding=\"0\">\n<tbody>\n<tr style=\"height: 42.75pt;\">\n<td class=\"et3\" style=\"height: 42.75pt; width: 96.75pt;\" width=\"129\" height=\"57\">Modelo<\/td>\n<td class=\"et3\" style=\"width: 54.00pt;\" width=\"72\">Fuerza<\/td>\n<td class=\"et3\" style=\"width: 75.75pt;\" width=\"101\">Voltaje<\/td>\n<td class=\"et3\" style=\"width: 54.00pt;\" width=\"72\">P.f.<\/td>\n<td class=\"et3\" style=\"width: 58.50pt;\" width=\"78\">Tipo de LED<\/td>\n<td class=\"et3\" style=\"width: 54.00pt;\" width=\"72\">IRC<\/td>\n<td class=\"et4\" style=\"width: 93.00pt;\" width=\"124\">Temperatura del color<\/td>\n<td class=\"et4\" style=\"width: 59.25pt;\" width=\"79\">Luminoso <br>Eficiencia<\/td>\n<td class=\"et3\" style=\"width: 102.75pt;\" width=\"137\">Tama\u00f1o<\/td>\n<\/tr>\n<tr style=\"height: 14.25pt;\">\n<td class=\"et3\" style=\"height: 14.25pt;\" height=\"19\">TPL-30120-40W<\/td>\n<td class=\"et3\">40W<\/td>\n<td class=\"et4\" style=\"width: 75.75pt;\" rowspan=\"7\" width=\"101\">CA85-265V\/ CA170-240V<\/td>\n<td class=\"et4\" style=\"width: 54.00pt;\" rowspan=\"7\" width=\"72\">&gt;0,9<\/td>\n<td class=\"et4\" style=\"width: 58.50pt;\" rowspan=\"7\" width=\"78\">SMD4014<\/td>\n<td class=\"et4\" style=\"width: 54.00pt;\" rowspan=\"7\" width=\"72\">80Ra<\/td>\n<td class=\"et4\" style=\"width: 93.00pt;\" rowspan=\"7\" width=\"124\">2700-6500K<\/td>\n<td class=\"et4\" style=\"width: 59.25pt;\" rowspan=\"7\" width=\"79\">&gt;80LM\/W<\/td>\n<td class=\"et3\">1195x295x10mm<\/td>\n<\/tr>\n<tr style=\"height: 14.25pt;\">\n<td class=\"et3\" style=\"height: 14.25pt;\" height=\"19\">TPL-6060-40W<\/td>\n<td class=\"et3\">40W<\/td>\n<td class=\"et3\">595x595x10mm<\/td>\n<\/tr>\n<tr style=\"height: 14.25pt;\">\n<td class=\"et3\" style=\"height: 14.25pt;\" height=\"19\">TPL-6060-48W<\/td>\n<td class=\"et3\">48W<\/td>\n<td class=\"et3\">595x595x10mm<\/td>\n<\/tr>\n<tr style=\"height: 14.25pt;\">\n<td class=\"et3\" style=\"height: 14.25pt;\" height=\"19\">TPL-60120-60W<\/td>\n<td class=\"et3\">60W<\/td>\n<td class=\"et3\">1195x595x10mm<\/td>\n<\/tr>\n<tr style=\"height: 14.25pt;\">\n<td class=\"et3\" style=\"height: 14.25pt;\" height=\"19\">TPL-60120-72W<\/td>\n<td class=\"et3\">72W<\/td>\n<td class=\"et3\">1195x595x10mm<\/td>\n<\/tr>\n<tr style=\"height: 14.25pt;\">\n<td class=\"et3\" style=\"height: 14.25pt;\" height=\"19\">TSP-6060-40W<\/td>\n<td class=\"et3\">40W<\/td>\n<td class=\"et3\">595x595x36mm<\/td>\n<\/tr>\n<tr style=\"height: 14.25pt;\">\n<td class=\"et3\" style=\"height: 14.25pt;\" height=\"19\">TSP-6060-48W<\/td>\n<td class=\"et3\">48W<\/td>\n<td class=\"et3\">595x595x36mm<\/td>\n<\/tr>\n<\/tbody>\n<\/table>\n\n\n<p><\/p>\n\n\n\n<p>Luz de panel retroiluminada LED cuadrada<\/p>\n\n\n<table style=\"border-collapse: collapse; width: 648.02pt;\" border=\"0\" width=\"864\" cellspacing=\"0\" cellpadding=\"0\">\n<tbody>\n<tr style=\"height: 28.50pt;\">\n<td class=\"et3\" style=\"height: 28.50pt; width: 96.75pt;\" width=\"129\" height=\"38\">Modelo<\/td>\n<td class=\"et3\" style=\"width: 54.00pt;\" width=\"72\">Fuerza<\/td>\n<td class=\"et3\" style=\"width: 75.75pt;\" width=\"101\">Voltaje<\/td>\n<td class=\"et3\" style=\"width: 54.00pt;\" width=\"72\">P.f.<\/td>\n<td class=\"et3\" style=\"width: 58.50pt;\" width=\"78\">Tipo de LED<\/td>\n<td class=\"et3\" style=\"width: 54.00pt;\" width=\"72\">IRC<\/td>\n<td class=\"et4\" style=\"width: 93.00pt;\" width=\"124\">Temperatura del color<\/td>\n<td class=\"et4\" style=\"width: 59.25pt;\" width=\"79\">Luminoso <br>Eficiencia<\/td>\n<td class=\"et3\" style=\"width: 102.75pt;\" width=\"137\">Tama\u00f1o<\/td>\n<\/tr>\n<tr style=\"height: 14.25pt;\">\n<td class=\"et3\" style=\"height: 14.25pt;\" height=\"19\">DPL-6060-45W<\/td>\n<td class=\"et3\">45W<\/td>\n<td class=\"et4\" style=\"width: 75.75pt;\" rowspan=\"6\" width=\"101\">CA175-265V<\/td>\n<td class=\"et4\" style=\"width: 54.00pt;\" rowspan=\"6\" width=\"72\">0.5<\/td>\n<td class=\"et4\" style=\"width: 58.50pt;\" rowspan=\"6\" width=\"78\">SMD3535<\/td>\n<td class=\"et4\" style=\"width: 54.00pt;\" rowspan=\"6\" width=\"72\">&gt;80Ra<\/td>\n<td class=\"et4\" style=\"width: 93.00pt;\" rowspan=\"6\" width=\"124\">2700-6500K<\/td>\n<td class=\"et4\" style=\"width: 59.25pt;\" rowspan=\"2\" width=\"79\">&gt;80LM\/W<\/td>\n<td class=\"et4\" style=\"width: 102.75pt;\" rowspan=\"3\" width=\"137\">595x595x20mm<\/td>\n<\/tr>\n<tr style=\"height: 14.25pt;\">\n<td class=\"et3\" style=\"height: 14.25pt;\" height=\"19\">DPL-6060-55W<\/td>\n<td class=\"et3\">55W<\/td>\n<\/tr>\n<tr style=\"height: 14.25pt;\">\n<td class=\"et3\" style=\"height: 14.25pt;\" height=\"19\">DPL-6060-65W<\/td>\n<td class=\"et3\">65W<\/td>\n<td class=\"et3\">&gt;90LM\/W<\/td>\n<\/tr>\n<tr style=\"height: 14.25pt;\">\n<td class=\"et3\" style=\"height: 14.25pt;\" height=\"19\">DSP-6060-45W<\/td>\n<td class=\"et3\">45W<\/td>\n<td class=\"et4\" style=\"width: 59.25pt;\" rowspan=\"2\" width=\"79\">&gt;80LM\/W<\/td>\n<td class=\"et4\" style=\"width: 102.75pt;\" rowspan=\"3\" width=\"137\">600x600x20mm<\/td>\n<\/tr>\n<tr style=\"height: 14.25pt;\">\n<td class=\"et3\" style=\"height: 14.25pt;\" height=\"19\">DSP-6060-55W<\/td>\n<td class=\"et3\">55W<\/td>\n<\/tr>\n<tr style=\"height: 14.25pt;\">\n<td class=\"et3\" style=\"height: 14.25pt;\" height=\"19\">DSP-6060-65W<\/td>\n<td class=\"et3\">65W<\/td>\n<td class=\"et3\">&gt;90LM\/W<\/td>\n<\/tr>\n<\/tbody>\n<\/table>\n\n\n<p><\/p>\n\n\n\n<figure class=\"wp-block-image size-full\"><img fetchpriority=\"high\" decoding=\"async\" width=\"2100\" height=\"497\" src=\"https:\/\/www.tosunlux.eu\/wp-content\/uploads\/2022\/04\/LED-Square-Panel-Light.jpg\" alt=\"\" class=\"wp-image-1472\" srcset=\"https:\/\/www.tosunlux.eu\/wp-content\/uploads\/2022\/04\/LED-Square-Panel-Light.jpg 2100w, https:\/\/www.tosunlux.eu\/wp-content\/uploads\/2022\/04\/LED-Square-Panel-Light-300x71.jpg 300w, https:\/\/www.tosunlux.eu\/wp-content\/uploads\/2022\/04\/LED-Square-Panel-Light-1024x242.jpg 1024w, https:\/\/www.tosunlux.eu\/wp-content\/uploads\/2022\/04\/LED-Square-Panel-Light-768x182.jpg 768w, https:\/\/www.tosunlux.eu\/wp-content\/uploads\/2022\/04\/LED-Square-Panel-Light-1536x364.jpg 1536w, https:\/\/www.tosunlux.eu\/wp-content\/uploads\/2022\/04\/LED-Square-Panel-Light-2048x485.jpg 2048w\" sizes=\"(max-width: 2100px) 100vw, 2100px\" \/><\/figure>","protected":false},"parent":0,"template":"","product_category":[38,130],"class_list":["post-1462","product","type-product","status-publish","hentry","product_category-lighting","product_category-led-panel-light"],"yoast_head":"<!-- This site is optimized with the Yoast SEO plugin v27.3 - https:\/\/yoast.com\/product\/yoast-seo-wordpress\/ -->\n<title>WholesaleLED Square Panel Light - TOSUNlux Official Site - Electrical Circuit Breaker Manufacturer in China Low Voltage Electrical Supplier | TOSUNlux<\/title>\n<meta name=\"description\" content=\"LED Square Panel Light Supplier - Wholesale direct from TOSUNlux, a trusted manufacturer since 1994. Get your B2B factory quote on our certified Low Voltage electrical products.\" \/>\n<meta name=\"robots\" content=\"index, follow, max-snippet:-1, max-image-preview:large, max-video-preview:-1\" \/>\n<link rel=\"canonical\" href=\"https:\/\/www.tosunlux.eu\/es\/products\/led-square-panel-light\/\" \/>\n<meta property=\"og:locale\" content=\"es_ES\" \/>\n<meta property=\"og:type\" content=\"article\" \/>\n<meta property=\"og:title\" content=\"WholesaleLED Square Panel Light - TOSUNlux Official Site - Electrical Circuit Breaker Manufacturer in China Low Voltage Electrical Supplier | TOSUNlux\" \/>\n<meta property=\"og:description\" content=\"LED Square Panel Light Supplier - Wholesale direct from TOSUNlux, a trusted manufacturer since 1994. Get your B2B factory quote on our certified Low Voltage electrical products.\" \/>\n<meta property=\"og:url\" content=\"https:\/\/www.tosunlux.eu\/es\/products\/led-square-panel-light\/\" \/>\n<meta property=\"og:site_name\" content=\"TOSUNlux Official Site - Electrical Circuit Breaker Manufacturer in China\" \/>\n<meta property=\"article:publisher\" content=\"https:\/\/www.facebook.com\/TOSUNelectric\/\" \/>\n<meta property=\"article:modified_time\" content=\"2022-04-20T03:06:38+00:00\" \/>\n<meta property=\"og:image\" content=\"https:\/\/www.tosunlux.eu\/wp-content\/uploads\/2022\/04\/LED-Square-Panel-Light.jpg\" \/>\n<meta name=\"twitter:card\" content=\"summary_large_image\" \/>\n<meta name=\"twitter:label1\" content=\"Tiempo de lectura\" \/>\n\t<meta name=\"twitter:data1\" content=\"1 minuto\" \/>\n<script type=\"application\/ld+json\" class=\"yoast-schema-graph\">{\"@context\":\"https:\\\/\\\/schema.org\",\"@graph\":[{\"@type\":\"WebPage\",\"@id\":\"https:\\\/\\\/www.tosunlux.eu\\\/uk\\\/products\\\/led-square-panel-light\\\/\",\"url\":\"https:\\\/\\\/www.tosunlux.eu\\\/uk\\\/products\\\/led-square-panel-light\\\/\",\"name\":\"WholesaleLED Square Panel Light - TOSUNlux Official Site - Electrical Circuit Breaker Manufacturer in China Low Voltage Electrical Supplier | TOSUNlux\",\"isPartOf\":{\"@id\":\"https:\\\/\\\/www.tosunlux.eu\\\/ru\\\/#website\"},\"primaryImageOfPage\":{\"@id\":\"https:\\\/\\\/www.tosunlux.eu\\\/uk\\\/products\\\/led-square-panel-light\\\/#primaryimage\"},\"image\":{\"@id\":\"https:\\\/\\\/www.tosunlux.eu\\\/uk\\\/products\\\/led-square-panel-light\\\/#primaryimage\"},\"thumbnailUrl\":\"https:\\\/\\\/www.tosunlux.eu\\\/wp-content\\\/uploads\\\/2022\\\/04\\\/LED-Square-Panel-Light.jpg\",\"datePublished\":\"2022-04-19T09:57:06+00:00\",\"dateModified\":\"2022-04-20T03:06:38+00:00\",\"description\":\"LED Square Panel Light Supplier - Wholesale direct from TOSUNlux, a trusted manufacturer since 1994. Get your B2B factory quote on our certified Low Voltage electrical products.\",\"breadcrumb\":{\"@id\":\"https:\\\/\\\/www.tosunlux.eu\\\/uk\\\/products\\\/led-square-panel-light\\\/#breadcrumb\"},\"inLanguage\":\"es\",\"potentialAction\":[{\"@type\":\"ReadAction\",\"target\":[\"https:\\\/\\\/www.tosunlux.eu\\\/uk\\\/products\\\/led-square-panel-light\\\/\"]}]},{\"@type\":\"ImageObject\",\"inLanguage\":\"es\",\"@id\":\"https:\\\/\\\/www.tosunlux.eu\\\/uk\\\/products\\\/led-square-panel-light\\\/#primaryimage\",\"url\":\"https:\\\/\\\/www.tosunlux.eu\\\/wp-content\\\/uploads\\\/2022\\\/04\\\/LED-Square-Panel-Light.jpg\",\"contentUrl\":\"https:\\\/\\\/www.tosunlux.eu\\\/wp-content\\\/uploads\\\/2022\\\/04\\\/LED-Square-Panel-Light.jpg\"},{\"@type\":\"BreadcrumbList\",\"@id\":\"https:\\\/\\\/www.tosunlux.eu\\\/uk\\\/products\\\/led-square-panel-light\\\/#breadcrumb\",\"itemListElement\":[{\"@type\":\"ListItem\",\"position\":1,\"name\":\"Home\",\"item\":\"https:\\\/\\\/www.tosunlux.eu\\\/ru\\\/\"},{\"@type\":\"ListItem\",\"position\":2,\"name\":\"Products\",\"item\":\"https:\\\/\\\/www.tosunlux.eu\\\/products\\\/\"},{\"@type\":\"ListItem\",\"position\":3,\"name\":\"LED Square Panel Light\"}]},{\"@type\":\"WebSite\",\"@id\":\"https:\\\/\\\/www.tosunlux.eu\\\/ru\\\/#website\",\"url\":\"https:\\\/\\\/www.tosunlux.eu\\\/ru\\\/\",\"name\":\"TOSUNlux Official Site - Electrical Circuit Breaker Manufacturer in China\",\"description\":\"Power Distribution System Supplier\",\"publisher\":{\"@id\":\"https:\\\/\\\/www.tosunlux.eu\\\/ru\\\/#organization\"},\"alternateName\":\"TOSUNlux\",\"potentialAction\":[{\"@type\":\"SearchAction\",\"target\":{\"@type\":\"EntryPoint\",\"urlTemplate\":\"https:\\\/\\\/www.tosunlux.eu\\\/ru\\\/?s={search_term_string}\"},\"query-input\":{\"@type\":\"PropertyValueSpecification\",\"valueRequired\":true,\"valueName\":\"search_term_string\"}}],\"inLanguage\":\"es\"},{\"@type\":\"Organization\",\"@id\":\"https:\\\/\\\/www.tosunlux.eu\\\/ru\\\/#organization\",\"name\":\"TOSUNlux\",\"url\":\"https:\\\/\\\/www.tosunlux.eu\\\/ru\\\/\",\"logo\":{\"@type\":\"ImageObject\",\"inLanguage\":\"es\",\"@id\":\"https:\\\/\\\/www.tosunlux.eu\\\/ru\\\/#\\\/schema\\\/logo\\\/image\\\/\",\"url\":\"https:\\\/\\\/www.tosunlux.eu\\\/wp-content\\\/uploads\\\/2022\\\/01\\\/LOGOSYSM.71762f1.png\",\"contentUrl\":\"https:\\\/\\\/www.tosunlux.eu\\\/wp-content\\\/uploads\\\/2022\\\/01\\\/LOGOSYSM.71762f1.png\",\"width\":153,\"height\":55,\"caption\":\"TOSUNlux\"},\"image\":{\"@id\":\"https:\\\/\\\/www.tosunlux.eu\\\/ru\\\/#\\\/schema\\\/logo\\\/image\\\/\"},\"sameAs\":[\"https:\\\/\\\/www.facebook.com\\\/TOSUNelectric\\\/\",\"https:\\\/\\\/www.linkedin.com\\\/company\\\/wenzhou-tosun-electric-co.-ltd\\\/\"]}]}<\/script>\n<!-- \/ Yoast SEO plugin. -->","yoast_head_json":{"title":"WholesaleLED Square Panel Light - TOSUNlux Official Site - Electrical Circuit Breaker Manufacturer in China Low Voltage Electrical Supplier | TOSUNlux","description":"LED Square Panel Light Supplier - Wholesale direct from TOSUNlux, a trusted manufacturer since 1994. Get your B2B factory quote on our certified Low Voltage electrical products.","robots":{"index":"index","follow":"follow","max-snippet":"max-snippet:-1","max-image-preview":"max-image-preview:large","max-video-preview":"max-video-preview:-1"},"canonical":"https:\/\/www.tosunlux.eu\/es\/products\/led-square-panel-light\/","og_locale":"es_ES","og_type":"article","og_title":"WholesaleLED Square Panel Light - TOSUNlux Official Site - Electrical Circuit Breaker Manufacturer in China Low Voltage Electrical Supplier | TOSUNlux","og_description":"LED Square Panel Light Supplier - Wholesale direct from TOSUNlux, a trusted manufacturer since 1994. Get your B2B factory quote on our certified Low Voltage electrical products.","og_url":"https:\/\/www.tosunlux.eu\/es\/products\/led-square-panel-light\/","og_site_name":"TOSUNlux Official Site - Electrical Circuit Breaker Manufacturer in China","article_publisher":"https:\/\/www.facebook.com\/TOSUNelectric\/","article_modified_time":"2022-04-20T03:06:38+00:00","og_image":[{"url":"https:\/\/www.tosunlux.eu\/wp-content\/uploads\/2022\/04\/LED-Square-Panel-Light.jpg","type":"","width":"","height":""}],"twitter_card":"summary_large_image","twitter_misc":{"Tiempo de lectura":"1 minuto"},"schema":{"@context":"https:\/\/schema.org","@graph":[{"@type":"WebPage","@id":"https:\/\/www.tosunlux.eu\/uk\/products\/led-square-panel-light\/","url":"https:\/\/www.tosunlux.eu\/uk\/products\/led-square-panel-light\/","name":"WholesaleLED Square Panel Light - TOSUNlux Official Site - Electrical Circuit Breaker Manufacturer in China Low Voltage Electrical Supplier | TOSUNlux","isPartOf":{"@id":"https:\/\/www.tosunlux.eu\/ru\/#website"},"primaryImageOfPage":{"@id":"https:\/\/www.tosunlux.eu\/uk\/products\/led-square-panel-light\/#primaryimage"},"image":{"@id":"https:\/\/www.tosunlux.eu\/uk\/products\/led-square-panel-light\/#primaryimage"},"thumbnailUrl":"https:\/\/www.tosunlux.eu\/wp-content\/uploads\/2022\/04\/LED-Square-Panel-Light.jpg","datePublished":"2022-04-19T09:57:06+00:00","dateModified":"2022-04-20T03:06:38+00:00","description":"LED Square Panel Light Supplier - Wholesale direct from TOSUNlux, a trusted manufacturer since 1994. Get your B2B factory quote on our certified Low Voltage electrical products.","breadcrumb":{"@id":"https:\/\/www.tosunlux.eu\/uk\/products\/led-square-panel-light\/#breadcrumb"},"inLanguage":"es","potentialAction":[{"@type":"ReadAction","target":["https:\/\/www.tosunlux.eu\/uk\/products\/led-square-panel-light\/"]}]},{"@type":"ImageObject","inLanguage":"es","@id":"https:\/\/www.tosunlux.eu\/uk\/products\/led-square-panel-light\/#primaryimage","url":"https:\/\/www.tosunlux.eu\/wp-content\/uploads\/2022\/04\/LED-Square-Panel-Light.jpg","contentUrl":"https:\/\/www.tosunlux.eu\/wp-content\/uploads\/2022\/04\/LED-Square-Panel-Light.jpg"},{"@type":"BreadcrumbList","@id":"https:\/\/www.tosunlux.eu\/uk\/products\/led-square-panel-light\/#breadcrumb","itemListElement":[{"@type":"ListItem","position":1,"name":"Home","item":"https:\/\/www.tosunlux.eu\/ru\/"},{"@type":"ListItem","position":2,"name":"Products","item":"https:\/\/www.tosunlux.eu\/products\/"},{"@type":"ListItem","position":3,"name":"LED Square Panel Light"}]},{"@type":"WebSite","@id":"https:\/\/www.tosunlux.eu\/ru\/#website","url":"https:\/\/www.tosunlux.eu\/ru\/","name":"Sitio oficial de TOSUNlux - Fabricante de disyuntores el\u00e9ctricos en China","description":"Proveedor de sistemas de distribuci\u00f3n de energ\u00eda","publisher":{"@id":"https:\/\/www.tosunlux.eu\/ru\/#organization"},"alternateName":"TOSUNlux","potentialAction":[{"@type":"SearchAction","target":{"@type":"EntryPoint","urlTemplate":"https:\/\/www.tosunlux.eu\/ru\/?s={search_term_string}"},"query-input":{"@type":"PropertyValueSpecification","valueRequired":true,"valueName":"search_term_string"}}],"inLanguage":"es"},{"@type":"Organization","@id":"https:\/\/www.tosunlux.eu\/ru\/#organization","name":"TOSUNlux","url":"https:\/\/www.tosunlux.eu\/ru\/","logo":{"@type":"ImageObject","inLanguage":"es","@id":"https:\/\/www.tosunlux.eu\/ru\/#\/schema\/logo\/image\/","url":"https:\/\/www.tosunlux.eu\/wp-content\/uploads\/2022\/01\/LOGOSYSM.71762f1.png","contentUrl":"https:\/\/www.tosunlux.eu\/wp-content\/uploads\/2022\/01\/LOGOSYSM.71762f1.png","width":153,"height":55,"caption":"TOSUNlux"},"image":{"@id":"https:\/\/www.tosunlux.eu\/ru\/#\/schema\/logo\/image\/"},"sameAs":["https:\/\/www.facebook.com\/TOSUNelectric\/","https:\/\/www.linkedin.com\/company\/wenzhou-tosun-electric-co.-ltd\/"]}]}},"_links":{"self":[{"href":"https:\/\/www.tosunlux.eu\/es\/wp-json\/wp\/v2\/product\/1462","targetHints":{"allow":["GET"]}}],"collection":[{"href":"https:\/\/www.tosunlux.eu\/es\/wp-json\/wp\/v2\/product"}],"about":[{"href":"https:\/\/www.tosunlux.eu\/es\/wp-json\/wp\/v2\/types\/product"}],"version-history":[{"count":0,"href":"https:\/\/www.tosunlux.eu\/es\/wp-json\/wp\/v2\/product\/1462\/revisions"}],"wp:attachment":[{"href":"https:\/\/www.tosunlux.eu\/es\/wp-json\/wp\/v2\/media?parent=1462"}],"wp:term":[{"taxonomy":"product_category","embeddable":true,"href":"https:\/\/www.tosunlux.eu\/es\/wp-json\/wp\/v2\/product_category?post=1462"}],"curies":[{"name":"gracias","href":"https:\/\/api.w.org\/{rel}","templated":true}]}}