{"id":1906,"date":"2022-04-25T15:58:23","date_gmt":"2022-04-25T07:58:23","guid":{"rendered":"https:\/\/www.tosunlux.eu\/?post_type=product&#038;p=1906"},"modified":"2022-04-25T15:58:24","modified_gmt":"2022-04-25T07:58:24","slug":"pushbutton-switch-pb2-bp31-2","status":"publish","type":"product","link":"https:\/\/www.tosunlux.eu\/es\/products\/pushbutton-switch-pb2-bp31-2\/","title":{"rendered":"Interruptor pulsador PB2-BP31"},"content":{"rendered":"<p>PB2-BP31<\/p>\n\n\n\n<p>Cabeza circular, con bisel de metal cromado<br>Unidades completas con conexiones de tornillo y abrazadera de cable cautivo<\/p>\n\n\n<table style=\"border-collapse: collapse; width: 348.02pt;\" border=\"0\" width=\"464\" cellspacing=\"0\" cellpadding=\"0\">\n<tbody>\n<tr style=\"height: 13.50pt;\">\n<td class=\"et2\" style=\"height: 13.50pt; width: 348.15pt; border-right: .5pt solid #000000;\" colspan=\"5\" width=\"464\" height=\"18\">Pulsadores, 22mm<\/td>\n<\/tr>\n<tr style=\"height: 13.50pt;\">\n<td class=\"et5\" style=\"height: 13.50pt; width: 89.35pt;\" width=\"119\" height=\"18\">Descripci\u00f3n<\/td>\n<td class=\"et5\" style=\"width: 61.90pt;\" width=\"82\">Contacto<\/td>\n<td class=\"et5\" style=\"width: 63.15pt;\" width=\"84\">Circuito<\/td>\n<td class=\"et5\" style=\"width: 60.60pt;\" width=\"80\">Color<\/td>\n<td class=\"et5\" style=\"width: 73.15pt;\" width=\"97\">Modelo<\/td>\n<\/tr>\n<tr style=\"height: 13.50pt;\">\n<td class=\"et6\" style=\"height: 104.00pt; width: 89.35pt; border-bottom: .5pt solid #000000;\" rowspan=\"7\" width=\"119\" height=\"138\">Bot\u00f3n de descarga<br \/>Retorno de primavera<br \/>Con funda impermeable<br \/>IP65<\/td>\n<td class=\"et6\" style=\"width: 61.90pt;\" rowspan=\"5\" width=\"82\">NO<\/td>\n<td class=\"et6\" style=\"width: 63.15pt;\" rowspan=\"5\" width=\"84\"><img decoding=\"async\" class=\"alignnone  wp-image-1902\" src=\"https:\/\/www.tosunlux.eu\/wp-content\/uploads\/2022\/04\/35-35-300x240.jpg\" alt=\"\" width=\"57\" height=\"46\" srcset=\"https:\/\/www.tosunlux.eu\/wp-content\/uploads\/2022\/04\/35-35-300x240.jpg 300w, https:\/\/www.tosunlux.eu\/wp-content\/uploads\/2022\/04\/35-35-1024x820.jpg 1024w, https:\/\/www.tosunlux.eu\/wp-content\/uploads\/2022\/04\/35-35-768x615.jpg 768w, https:\/\/www.tosunlux.eu\/wp-content\/uploads\/2022\/04\/35-35-1536x1231.jpg 1536w, https:\/\/www.tosunlux.eu\/wp-content\/uploads\/2022\/04\/35-35.jpg 1600w\" sizes=\"(max-width: 57px) 100vw, 57px\" \/><\/td>\n<td class=\"et5\" style=\"width: 60.60pt;\" width=\"80\">blanco<\/td>\n<td class=\"et5\" style=\"width: 73.15pt;\" width=\"97\">PB2-BP11<\/td>\n<\/tr>\n<tr style=\"height: 13.50pt;\">\n<td class=\"et5\" style=\"width: 60.60pt;\" width=\"80\">negro<\/td>\n<td class=\"et5\" style=\"width: 73.15pt;\" width=\"97\">PB2-BP21<\/td>\n<\/tr>\n<tr style=\"height: 13.50pt;\">\n<td class=\"et5\" style=\"width: 60.60pt;\" width=\"80\">verde<\/td>\n<td class=\"et5\" style=\"width: 73.15pt;\" width=\"97\">PB2-BP31<\/td>\n<\/tr>\n<tr style=\"height: 13.50pt;\">\n<td class=\"et5\" style=\"width: 60.60pt;\" width=\"80\">amarillo<\/td>\n<td class=\"et5\" style=\"width: 73.15pt;\" width=\"97\">PB2-BP51<\/td>\n<\/tr>\n<tr style=\"height: 13.50pt;\">\n<td class=\"et5\" style=\"width: 60.60pt;\" width=\"80\">azul<\/td>\n<td class=\"et5\" style=\"width: 73.15pt;\" width=\"97\">PB2-BP61<\/td>\n<\/tr>\n<tr style=\"height: 13.50pt;\">\n<td class=\"et6\" style=\"width: 61.90pt; border-bottom: .5pt solid #000000;\" rowspan=\"2\" width=\"82\"><br \/>CAROLINA DEL NORTE<\/td>\n<td class=\"et6\" style=\"width: 63.15pt; border-bottom: .5pt solid #000000;\" rowspan=\"2\" width=\"84\"><img decoding=\"async\" class=\"alignnone  wp-image-1901\" src=\"https:\/\/www.tosunlux.eu\/wp-content\/uploads\/2022\/04\/35-11-1.jpg\" alt=\"\" width=\"51\" height=\"43\" \/><\/td>\n<td class=\"et6\" style=\"width: 60.60pt; border-bottom: .5pt solid #000000;\" rowspan=\"2\" width=\"80\">rojo<\/td>\n<td class=\"et6\" style=\"width: 73.15pt; border-bottom: .5pt solid #000000;\" rowspan=\"2\" width=\"97\">PB2-BP42<\/td>\n<\/tr>\n<\/tbody>\n<\/table>\n\n\n\n\n\n\n<p><\/p>","protected":false},"parent":0,"template":"","product_category":[35,94],"class_list":["post-1906","product","type-product","status-publish","hentry","product_category-industrial-control-devices","product_category-pushbutton-switch"],"yoast_head":"<!-- This site is optimized with the Yoast SEO plugin v27.5 - https:\/\/yoast.com\/product\/yoast-seo-wordpress\/ -->\n<title>WholesalePushbutton Switch PB2-BP31 - TOSUNlux Official Site - Electrical Circuit Breaker Manufacturer in China Low Voltage Electrical Supplier | TOSUNlux<\/title>\n<meta name=\"description\" content=\"Pushbutton Switch PB2-BP31 Supplier - Wholesale direct from TOSUNlux, a trusted manufacturer since 1994. Get your B2B factory quote on our certified Low Voltage electrical products.\" \/>\n<meta name=\"robots\" content=\"index, follow, max-snippet:-1, max-image-preview:large, max-video-preview:-1\" \/>\n<link rel=\"canonical\" href=\"https:\/\/www.tosunlux.eu\/es\/products\/pushbutton-switch-pb2-bp31-2\/\" \/>\n<meta property=\"og:locale\" content=\"es_ES\" \/>\n<meta property=\"og:type\" content=\"article\" \/>\n<meta property=\"og:title\" content=\"WholesalePushbutton Switch PB2-BP31 - TOSUNlux Official Site - Electrical Circuit Breaker Manufacturer in China Low Voltage Electrical Supplier | TOSUNlux\" \/>\n<meta property=\"og:description\" content=\"Pushbutton Switch PB2-BP31 Supplier - Wholesale direct from TOSUNlux, a trusted manufacturer since 1994. Get your B2B factory quote on our certified Low Voltage electrical products.\" \/>\n<meta property=\"og:url\" content=\"https:\/\/www.tosunlux.eu\/es\/products\/pushbutton-switch-pb2-bp31-2\/\" \/>\n<meta property=\"og:site_name\" content=\"TOSUNlux Official Site - Electrical Circuit Breaker Manufacturer in China\" \/>\n<meta property=\"article:publisher\" content=\"https:\/\/www.facebook.com\/TOSUNelectric\/\" \/>\n<meta property=\"article:modified_time\" content=\"2022-04-25T07:58:24+00:00\" \/>\n<meta property=\"og:image\" content=\"https:\/\/www.tosunlux.eu\/wp-content\/uploads\/2022\/04\/35-35-300x240.jpg\" \/>\n<meta name=\"twitter:card\" content=\"summary_large_image\" \/>\n<meta name=\"twitter:label1\" content=\"Tiempo de lectura\" \/>\n\t<meta name=\"twitter:data1\" content=\"1 minuto\" \/>\n<script type=\"application\/ld+json\" class=\"yoast-schema-graph\">{\"@context\":\"https:\\\/\\\/schema.org\",\"@graph\":[{\"@type\":\"WebPage\",\"@id\":\"https:\\\/\\\/www.tosunlux.eu\\\/products\\\/pushbutton-switch-pb2-bp31-2\\\/\",\"url\":\"https:\\\/\\\/www.tosunlux.eu\\\/products\\\/pushbutton-switch-pb2-bp31-2\\\/\",\"name\":\"WholesalePushbutton Switch PB2-BP31 - TOSUNlux Official Site - Electrical Circuit Breaker Manufacturer in China Low Voltage Electrical Supplier | TOSUNlux\",\"isPartOf\":{\"@id\":\"https:\\\/\\\/www.tosunlux.eu\\\/ru\\\/#website\"},\"primaryImageOfPage\":{\"@id\":\"https:\\\/\\\/www.tosunlux.eu\\\/products\\\/pushbutton-switch-pb2-bp31-2\\\/#primaryimage\"},\"image\":{\"@id\":\"https:\\\/\\\/www.tosunlux.eu\\\/products\\\/pushbutton-switch-pb2-bp31-2\\\/#primaryimage\"},\"thumbnailUrl\":\"https:\\\/\\\/www.tosunlux.eu\\\/wp-content\\\/uploads\\\/2022\\\/04\\\/35-35-300x240.jpg\",\"datePublished\":\"2022-04-25T07:58:23+00:00\",\"dateModified\":\"2022-04-25T07:58:24+00:00\",\"description\":\"Pushbutton Switch PB2-BP31 Supplier - Wholesale direct from TOSUNlux, a trusted manufacturer since 1994. Get your B2B factory quote on our certified Low Voltage electrical products.\",\"breadcrumb\":{\"@id\":\"https:\\\/\\\/www.tosunlux.eu\\\/products\\\/pushbutton-switch-pb2-bp31-2\\\/#breadcrumb\"},\"inLanguage\":\"es\",\"potentialAction\":[{\"@type\":\"ReadAction\",\"target\":[\"https:\\\/\\\/www.tosunlux.eu\\\/products\\\/pushbutton-switch-pb2-bp31-2\\\/\"]}]},{\"@type\":\"ImageObject\",\"inLanguage\":\"es\",\"@id\":\"https:\\\/\\\/www.tosunlux.eu\\\/products\\\/pushbutton-switch-pb2-bp31-2\\\/#primaryimage\",\"url\":\"https:\\\/\\\/www.tosunlux.eu\\\/wp-content\\\/uploads\\\/2022\\\/04\\\/35-35-300x240.jpg\",\"contentUrl\":\"https:\\\/\\\/www.tosunlux.eu\\\/wp-content\\\/uploads\\\/2022\\\/04\\\/35-35-300x240.jpg\"},{\"@type\":\"BreadcrumbList\",\"@id\":\"https:\\\/\\\/www.tosunlux.eu\\\/products\\\/pushbutton-switch-pb2-bp31-2\\\/#breadcrumb\",\"itemListElement\":[{\"@type\":\"ListItem\",\"position\":1,\"name\":\"Home\",\"item\":\"https:\\\/\\\/www.tosunlux.eu\\\/ru\\\/\"},{\"@type\":\"ListItem\",\"position\":2,\"name\":\"Products\",\"item\":\"https:\\\/\\\/www.tosunlux.eu\\\/products\\\/\"},{\"@type\":\"ListItem\",\"position\":3,\"name\":\"Pushbutton Switch PB2-BP31\"}]},{\"@type\":\"WebSite\",\"@id\":\"https:\\\/\\\/www.tosunlux.eu\\\/ru\\\/#website\",\"url\":\"https:\\\/\\\/www.tosunlux.eu\\\/ru\\\/\",\"name\":\"TOSUNlux Official Site - Electrical Circuit Breaker Manufacturer in China\",\"description\":\"Power Distribution System Supplier\",\"publisher\":{\"@id\":\"https:\\\/\\\/www.tosunlux.eu\\\/ru\\\/#organization\"},\"alternateName\":\"TOSUNlux\",\"potentialAction\":[{\"@type\":\"SearchAction\",\"target\":{\"@type\":\"EntryPoint\",\"urlTemplate\":\"https:\\\/\\\/www.tosunlux.eu\\\/ru\\\/?s={search_term_string}\"},\"query-input\":{\"@type\":\"PropertyValueSpecification\",\"valueRequired\":true,\"valueName\":\"search_term_string\"}}],\"inLanguage\":\"es\"},{\"@type\":\"Organization\",\"@id\":\"https:\\\/\\\/www.tosunlux.eu\\\/ru\\\/#organization\",\"name\":\"TOSUNlux\",\"url\":\"https:\\\/\\\/www.tosunlux.eu\\\/ru\\\/\",\"logo\":{\"@type\":\"ImageObject\",\"inLanguage\":\"es\",\"@id\":\"https:\\\/\\\/www.tosunlux.eu\\\/ru\\\/#\\\/schema\\\/logo\\\/image\\\/\",\"url\":\"https:\\\/\\\/www.tosunlux.eu\\\/wp-content\\\/uploads\\\/2022\\\/01\\\/LOGOSYSM.71762f1.png\",\"contentUrl\":\"https:\\\/\\\/www.tosunlux.eu\\\/wp-content\\\/uploads\\\/2022\\\/01\\\/LOGOSYSM.71762f1.png\",\"width\":153,\"height\":55,\"caption\":\"TOSUNlux\"},\"image\":{\"@id\":\"https:\\\/\\\/www.tosunlux.eu\\\/ru\\\/#\\\/schema\\\/logo\\\/image\\\/\"},\"sameAs\":[\"https:\\\/\\\/www.facebook.com\\\/TOSUNelectric\\\/\",\"https:\\\/\\\/www.linkedin.com\\\/company\\\/wenzhou-tosun-electric-co.-ltd\\\/\"]}]}<\/script>\n<!-- \/ Yoast SEO plugin. -->","yoast_head_json":{"title":"Interruptor pulsador PB2-BP31 al por mayor - Sitio oficial de TOSUNlux - Fabricante de interruptores autom\u00e1ticos el\u00e9ctricos en China, proveedor de equipos el\u00e9ctricos de baja tensi\u00f3n | TOSUNlux","description":"Interruptor pulsador PB2-BP31 Proveedor - Venta al por mayor directa de TOSUNlux, un fabricante confiable desde 1994. Obtenga su cotizaci\u00f3n de f\u00e1brica B2B en nuestros productos el\u00e9ctricos de bajo voltaje certificados.","robots":{"index":"index","follow":"follow","max-snippet":"max-snippet:-1","max-image-preview":"max-image-preview:large","max-video-preview":"max-video-preview:-1"},"canonical":"https:\/\/www.tosunlux.eu\/es\/products\/pushbutton-switch-pb2-bp31-2\/","og_locale":"es_ES","og_type":"article","og_title":"WholesalePushbutton Switch PB2-BP31 - TOSUNlux Official Site - Electrical Circuit Breaker Manufacturer in China Low Voltage Electrical Supplier | TOSUNlux","og_description":"Pushbutton Switch PB2-BP31 Supplier - Wholesale direct from TOSUNlux, a trusted manufacturer since 1994. Get your B2B factory quote on our certified Low Voltage electrical products.","og_url":"https:\/\/www.tosunlux.eu\/es\/products\/pushbutton-switch-pb2-bp31-2\/","og_site_name":"TOSUNlux Official Site - Electrical Circuit Breaker Manufacturer in China","article_publisher":"https:\/\/www.facebook.com\/TOSUNelectric\/","article_modified_time":"2022-04-25T07:58:24+00:00","og_image":[{"url":"https:\/\/www.tosunlux.eu\/wp-content\/uploads\/2022\/04\/35-35-300x240.jpg","type":"","width":"","height":""}],"twitter_card":"summary_large_image","twitter_misc":{"Tiempo de lectura":"1 minuto"},"schema":{"@context":"https:\/\/schema.org","@graph":[{"@type":"WebPage","@id":"https:\/\/www.tosunlux.eu\/products\/pushbutton-switch-pb2-bp31-2\/","url":"https:\/\/www.tosunlux.eu\/products\/pushbutton-switch-pb2-bp31-2\/","name":"Interruptor pulsador PB2-BP31 al por mayor - Sitio oficial de TOSUNlux - Fabricante de interruptores autom\u00e1ticos el\u00e9ctricos en China, proveedor de equipos el\u00e9ctricos de baja tensi\u00f3n | TOSUNlux","isPartOf":{"@id":"https:\/\/www.tosunlux.eu\/ru\/#website"},"primaryImageOfPage":{"@id":"https:\/\/www.tosunlux.eu\/products\/pushbutton-switch-pb2-bp31-2\/#primaryimage"},"image":{"@id":"https:\/\/www.tosunlux.eu\/products\/pushbutton-switch-pb2-bp31-2\/#primaryimage"},"thumbnailUrl":"https:\/\/www.tosunlux.eu\/wp-content\/uploads\/2022\/04\/35-35-300x240.jpg","datePublished":"2022-04-25T07:58:23+00:00","dateModified":"2022-04-25T07:58:24+00:00","description":"Interruptor pulsador PB2-BP31 Proveedor - Venta al por mayor directa de TOSUNlux, un fabricante confiable desde 1994. Obtenga su cotizaci\u00f3n de f\u00e1brica B2B en nuestros productos el\u00e9ctricos de bajo voltaje certificados.","breadcrumb":{"@id":"https:\/\/www.tosunlux.eu\/products\/pushbutton-switch-pb2-bp31-2\/#breadcrumb"},"inLanguage":"es","potentialAction":[{"@type":"ReadAction","target":["https:\/\/www.tosunlux.eu\/products\/pushbutton-switch-pb2-bp31-2\/"]}]},{"@type":"ImageObject","inLanguage":"es","@id":"https:\/\/www.tosunlux.eu\/products\/pushbutton-switch-pb2-bp31-2\/#primaryimage","url":"https:\/\/www.tosunlux.eu\/wp-content\/uploads\/2022\/04\/35-35-300x240.jpg","contentUrl":"https:\/\/www.tosunlux.eu\/wp-content\/uploads\/2022\/04\/35-35-300x240.jpg"},{"@type":"BreadcrumbList","@id":"https:\/\/www.tosunlux.eu\/products\/pushbutton-switch-pb2-bp31-2\/#breadcrumb","itemListElement":[{"@type":"ListItem","position":1,"name":"Home","item":"https:\/\/www.tosunlux.eu\/ru\/"},{"@type":"ListItem","position":2,"name":"Products","item":"https:\/\/www.tosunlux.eu\/products\/"},{"@type":"ListItem","position":3,"name":"Pushbutton Switch PB2-BP31"}]},{"@type":"WebSite","@id":"https:\/\/www.tosunlux.eu\/ru\/#website","url":"https:\/\/www.tosunlux.eu\/ru\/","name":"Sitio oficial de TOSUNlux - Fabricante de disyuntores el\u00e9ctricos en China","description":"Proveedor de sistemas de distribuci\u00f3n de energ\u00eda","publisher":{"@id":"https:\/\/www.tosunlux.eu\/ru\/#organization"},"alternateName":"TOSUNlux","potentialAction":[{"@type":"SearchAction","target":{"@type":"EntryPoint","urlTemplate":"https:\/\/www.tosunlux.eu\/ru\/?s={search_term_string}"},"query-input":{"@type":"PropertyValueSpecification","valueRequired":true,"valueName":"search_term_string"}}],"inLanguage":"es"},{"@type":"Organization","@id":"https:\/\/www.tosunlux.eu\/ru\/#organization","name":"TOSUNlux","url":"https:\/\/www.tosunlux.eu\/ru\/","logo":{"@type":"ImageObject","inLanguage":"es","@id":"https:\/\/www.tosunlux.eu\/ru\/#\/schema\/logo\/image\/","url":"https:\/\/www.tosunlux.eu\/wp-content\/uploads\/2022\/01\/LOGOSYSM.71762f1.png","contentUrl":"https:\/\/www.tosunlux.eu\/wp-content\/uploads\/2022\/01\/LOGOSYSM.71762f1.png","width":153,"height":55,"caption":"TOSUNlux"},"image":{"@id":"https:\/\/www.tosunlux.eu\/ru\/#\/schema\/logo\/image\/"},"sameAs":["https:\/\/www.facebook.com\/TOSUNelectric\/","https:\/\/www.linkedin.com\/company\/wenzhou-tosun-electric-co.-ltd\/"]}]}},"_links":{"self":[{"href":"https:\/\/www.tosunlux.eu\/es\/wp-json\/wp\/v2\/product\/1906","targetHints":{"allow":["GET"]}}],"collection":[{"href":"https:\/\/www.tosunlux.eu\/es\/wp-json\/wp\/v2\/product"}],"about":[{"href":"https:\/\/www.tosunlux.eu\/es\/wp-json\/wp\/v2\/types\/product"}],"version-history":[{"count":1,"href":"https:\/\/www.tosunlux.eu\/es\/wp-json\/wp\/v2\/product\/1906\/revisions"}],"predecessor-version":[{"id":11006,"href":"https:\/\/www.tosunlux.eu\/es\/wp-json\/wp\/v2\/product\/1906\/revisions\/11006"}],"wp:attachment":[{"href":"https:\/\/www.tosunlux.eu\/es\/wp-json\/wp\/v2\/media?parent=1906"}],"wp:term":[{"taxonomy":"product_category","embeddable":true,"href":"https:\/\/www.tosunlux.eu\/es\/wp-json\/wp\/v2\/product_category?post=1906"}],"curies":[{"name":"gracias","href":"https:\/\/api.w.org\/{rel}","templated":true}]}}