{"id":2119,"date":"2022-04-29T10:46:29","date_gmt":"2022-04-29T02:46:29","guid":{"rendered":"https:\/\/www.tosunlux.eu\/?post_type=product&#038;p=2119"},"modified":"2022-04-29T13:47:49","modified_gmt":"2022-04-29T05:47:49","slug":"pushbutton-switch-pb2-bs142","status":"publish","type":"product","link":"https:\/\/www.tosunlux.eu\/es\/products\/pushbutton-switch-pb2-bs142\/","title":{"rendered":"Interruptor pulsador PB2-BS142"},"content":{"rendered":"<p>Cabeza circular, con bisel de metal cromado<br>Unidades completas con conexiones de tornillo y abrazadera de cable cautivo<\/p>\n\n\n\n<p>Pulsador de parada de emergencia<br>Pulsador de parada de emergencia<\/p>\n\n\n<table style=\"border-collapse: collapse; width: 183.03pt;\" border=\"0\" width=\"244\" cellspacing=\"0\" cellpadding=\"0\">\n<tbody>\n<tr style=\"height: 13.50pt;\">\n<td class=\"et2\" style=\"height: 13.50pt; width: 45.60pt;\" width=\"60\" height=\"18\">Descripci\u00f3n<\/td>\n<td class=\"et2\" style=\"width: 31.20pt;\" width=\"41\">Contacto<\/td>\n<td class=\"et2\" style=\"width: 26.85pt;\" width=\"35\">Esquema<\/td>\n<td class=\"et2\" style=\"width: 54.95pt;\" width=\"73\">Color<\/td>\n<td class=\"et2\" style=\"width: 25.00pt;\" width=\"33\">Modelo<\/td>\n<\/tr>\n<tr style=\"height: 13.50pt;\">\n<td class=\"et3\" style=\"height: 67.50pt; width: 45.60pt; border-bottom: .5pt solid #000000;\" rowspan=\"5\" width=\"60\" height=\"90\">Liberaci\u00f3n de llave<br>Ronis 455<\/td>\n<td class=\"et3\" style=\"width: 31.20pt;\" rowspan=\"3\" width=\"41\">NO<\/td>\n<td class=\"et3\" style=\"width: 26.85pt;\" rowspan=\"3\" width=\"35\"><img decoding=\"async\" class=\"alignnone  wp-image-2108\" src=\"https:\/\/www.tosunlux.eu\/wp-content\/uploads\/2022\/04\/36-44-190x300.jpg\" alt=\"\" width=\"37\" height=\"59\" srcset=\"https:\/\/www.tosunlux.eu\/wp-content\/uploads\/2022\/04\/36-44-190x300.jpg 190w, https:\/\/www.tosunlux.eu\/wp-content\/uploads\/2022\/04\/36-44-650x1024.jpg 650w, https:\/\/www.tosunlux.eu\/wp-content\/uploads\/2022\/04\/36-44-768x1211.jpg 768w, https:\/\/www.tosunlux.eu\/wp-content\/uploads\/2022\/04\/36-44-974x1536.jpg 974w, https:\/\/www.tosunlux.eu\/wp-content\/uploads\/2022\/04\/36-44-1299x2048.jpg 1299w, https:\/\/www.tosunlux.eu\/wp-content\/uploads\/2022\/04\/36-44.jpg 1600w\" sizes=\"(max-width: 37px) 100vw, 37px\" \/><\/td>\n<td class=\"et2\" style=\"width: 54.95pt;\" width=\"73\">rojo \u00d830<\/td>\n<td class=\"et2\" style=\"width: 25.00pt;\" width=\"33\">PB2-BS742<\/td>\n<\/tr>\n<tr style=\"height: 13.50pt;\">\n<td class=\"et2\" style=\"width: 54.95pt;\" width=\"73\">rojo \u00d840<\/td>\n<td class=\"et2\" style=\"width: 25.00pt;\" width=\"33\">PB2-BS142<\/td>\n<\/tr>\n<tr style=\"height: 13.50pt;\">\n<td class=\"et2\" style=\"width: 54.95pt;\" width=\"73\">rojo \u00d860<\/td>\n<td class=\"et2\" style=\"width: 25.00pt;\" width=\"33\">PB2-BS242<\/td>\n<\/tr>\n<tr style=\"height: 13.50pt;\">\n<td class=\"et3\" style=\"width: 31.20pt; border-bottom: .5pt solid #000000;\" rowspan=\"2\" width=\"41\">N\/O+N\/C<\/td>\n<td class=\"et3\" style=\"width: 26.85pt; border-bottom: .5pt solid #000000;\" rowspan=\"2\" width=\"35\"><img decoding=\"async\" class=\"alignnone  wp-image-2109\" src=\"https:\/\/www.tosunlux.eu\/wp-content\/uploads\/2022\/04\/36-55-296x300.jpg\" alt=\"\" width=\"38\" height=\"39\" srcset=\"https:\/\/www.tosunlux.eu\/wp-content\/uploads\/2022\/04\/36-55-296x300.jpg 296w, https:\/\/www.tosunlux.eu\/wp-content\/uploads\/2022\/04\/36-55-1010x1024.jpg 1010w, https:\/\/www.tosunlux.eu\/wp-content\/uploads\/2022\/04\/36-55-150x150.jpg 150w, https:\/\/www.tosunlux.eu\/wp-content\/uploads\/2022\/04\/36-55-768x779.jpg 768w, https:\/\/www.tosunlux.eu\/wp-content\/uploads\/2022\/04\/36-55-1515x1536.jpg 1515w, https:\/\/www.tosunlux.eu\/wp-content\/uploads\/2022\/04\/36-55.jpg 1600w\" sizes=\"(max-width: 38px) 100vw, 38px\" \/><\/td>\n<td class=\"et3\" style=\"width: 54.95pt; border-bottom: .5pt solid #000000;\" rowspan=\"2\" width=\"73\">rojo \u00d840<\/td>\n<td class=\"et3\" style=\"width: 25.00pt; border-bottom: .5pt solid #000000;\" rowspan=\"2\" width=\"33\">PB2-BS145<\/td>\n<\/tr>\n<\/tbody>\n<\/table>","protected":false},"parent":0,"template":"","product_category":[35,94],"class_list":["post-2119","product","type-product","status-publish","hentry","product_category-industrial-control-devices","product_category-pushbutton-switch"],"yoast_head":"<!-- This site is optimized with the Yoast SEO plugin v27.4 - https:\/\/yoast.com\/product\/yoast-seo-wordpress\/ -->\n<title>WholesalePushbutton Switch PB2-BS142 - TOSUNlux Official Site - Electrical Circuit Breaker Manufacturer in China Low Voltage Electrical Supplier | TOSUNlux<\/title>\n<meta name=\"description\" content=\"Pushbutton Switch PB2-BS142 Supplier - Wholesale direct from TOSUNlux, a trusted manufacturer since 1994. Get your B2B factory quote on our certified Low Voltage electrical products.\" \/>\n<meta name=\"robots\" content=\"index, follow, max-snippet:-1, max-image-preview:large, max-video-preview:-1\" \/>\n<link rel=\"canonical\" href=\"https:\/\/www.tosunlux.eu\/es\/products\/pushbutton-switch-pb2-bs142\/\" \/>\n<meta property=\"og:locale\" content=\"es_ES\" \/>\n<meta property=\"og:type\" content=\"article\" \/>\n<meta property=\"og:title\" content=\"WholesalePushbutton Switch PB2-BS142 - TOSUNlux Official Site - Electrical Circuit Breaker Manufacturer in China Low Voltage Electrical Supplier | TOSUNlux\" \/>\n<meta property=\"og:description\" content=\"Pushbutton Switch PB2-BS142 Supplier - Wholesale direct from TOSUNlux, a trusted manufacturer since 1994. Get your B2B factory quote on our certified Low Voltage electrical products.\" \/>\n<meta property=\"og:url\" content=\"https:\/\/www.tosunlux.eu\/es\/products\/pushbutton-switch-pb2-bs142\/\" \/>\n<meta property=\"og:site_name\" content=\"TOSUNlux Official Site - Electrical Circuit Breaker Manufacturer in China\" \/>\n<meta property=\"article:publisher\" content=\"https:\/\/www.facebook.com\/TOSUNelectric\/\" \/>\n<meta property=\"article:modified_time\" content=\"2022-04-29T05:47:49+00:00\" \/>\n<meta property=\"og:image\" content=\"https:\/\/www.tosunlux.eu\/wp-content\/uploads\/2022\/04\/36-44-190x300.jpg\" \/>\n<meta name=\"twitter:card\" content=\"summary_large_image\" \/>\n<meta name=\"twitter:label1\" content=\"Tiempo de lectura\" \/>\n\t<meta name=\"twitter:data1\" content=\"1 minuto\" \/>\n<script type=\"application\/ld+json\" class=\"yoast-schema-graph\">{\"@context\":\"https:\\\/\\\/schema.org\",\"@graph\":[{\"@type\":\"WebPage\",\"@id\":\"https:\\\/\\\/www.tosunlux.eu\\\/am\\\/products\\\/pushbutton-switch-pb2-bs142\\\/\",\"url\":\"https:\\\/\\\/www.tosunlux.eu\\\/am\\\/products\\\/pushbutton-switch-pb2-bs142\\\/\",\"name\":\"WholesalePushbutton Switch PB2-BS142 - TOSUNlux Official Site - Electrical Circuit Breaker Manufacturer in China Low Voltage Electrical Supplier | TOSUNlux\",\"isPartOf\":{\"@id\":\"https:\\\/\\\/www.tosunlux.eu\\\/ru\\\/#website\"},\"primaryImageOfPage\":{\"@id\":\"https:\\\/\\\/www.tosunlux.eu\\\/am\\\/products\\\/pushbutton-switch-pb2-bs142\\\/#primaryimage\"},\"image\":{\"@id\":\"https:\\\/\\\/www.tosunlux.eu\\\/am\\\/products\\\/pushbutton-switch-pb2-bs142\\\/#primaryimage\"},\"thumbnailUrl\":\"https:\\\/\\\/www.tosunlux.eu\\\/wp-content\\\/uploads\\\/2022\\\/04\\\/36-44-190x300.jpg\",\"datePublished\":\"2022-04-29T02:46:29+00:00\",\"dateModified\":\"2022-04-29T05:47:49+00:00\",\"description\":\"Pushbutton Switch PB2-BS142 Supplier - Wholesale direct from TOSUNlux, a trusted manufacturer since 1994. Get your B2B factory quote on our certified Low Voltage electrical products.\",\"breadcrumb\":{\"@id\":\"https:\\\/\\\/www.tosunlux.eu\\\/am\\\/products\\\/pushbutton-switch-pb2-bs142\\\/#breadcrumb\"},\"inLanguage\":\"es\",\"potentialAction\":[{\"@type\":\"ReadAction\",\"target\":[\"https:\\\/\\\/www.tosunlux.eu\\\/am\\\/products\\\/pushbutton-switch-pb2-bs142\\\/\"]}]},{\"@type\":\"ImageObject\",\"inLanguage\":\"es\",\"@id\":\"https:\\\/\\\/www.tosunlux.eu\\\/am\\\/products\\\/pushbutton-switch-pb2-bs142\\\/#primaryimage\",\"url\":\"https:\\\/\\\/www.tosunlux.eu\\\/wp-content\\\/uploads\\\/2022\\\/04\\\/36-44-190x300.jpg\",\"contentUrl\":\"https:\\\/\\\/www.tosunlux.eu\\\/wp-content\\\/uploads\\\/2022\\\/04\\\/36-44-190x300.jpg\"},{\"@type\":\"BreadcrumbList\",\"@id\":\"https:\\\/\\\/www.tosunlux.eu\\\/am\\\/products\\\/pushbutton-switch-pb2-bs142\\\/#breadcrumb\",\"itemListElement\":[{\"@type\":\"ListItem\",\"position\":1,\"name\":\"Home\",\"item\":\"https:\\\/\\\/www.tosunlux.eu\\\/ru\\\/\"},{\"@type\":\"ListItem\",\"position\":2,\"name\":\"Products\",\"item\":\"https:\\\/\\\/www.tosunlux.eu\\\/products\\\/\"},{\"@type\":\"ListItem\",\"position\":3,\"name\":\"Pushbutton Switch PB2-BS142\"}]},{\"@type\":\"WebSite\",\"@id\":\"https:\\\/\\\/www.tosunlux.eu\\\/ru\\\/#website\",\"url\":\"https:\\\/\\\/www.tosunlux.eu\\\/ru\\\/\",\"name\":\"TOSUNlux Official Site - Electrical Circuit Breaker Manufacturer in China\",\"description\":\"Power Distribution System Supplier\",\"publisher\":{\"@id\":\"https:\\\/\\\/www.tosunlux.eu\\\/ru\\\/#organization\"},\"alternateName\":\"TOSUNlux\",\"potentialAction\":[{\"@type\":\"SearchAction\",\"target\":{\"@type\":\"EntryPoint\",\"urlTemplate\":\"https:\\\/\\\/www.tosunlux.eu\\\/ru\\\/?s={search_term_string}\"},\"query-input\":{\"@type\":\"PropertyValueSpecification\",\"valueRequired\":true,\"valueName\":\"search_term_string\"}}],\"inLanguage\":\"es\"},{\"@type\":\"Organization\",\"@id\":\"https:\\\/\\\/www.tosunlux.eu\\\/ru\\\/#organization\",\"name\":\"TOSUNlux\",\"url\":\"https:\\\/\\\/www.tosunlux.eu\\\/ru\\\/\",\"logo\":{\"@type\":\"ImageObject\",\"inLanguage\":\"es\",\"@id\":\"https:\\\/\\\/www.tosunlux.eu\\\/ru\\\/#\\\/schema\\\/logo\\\/image\\\/\",\"url\":\"https:\\\/\\\/www.tosunlux.eu\\\/wp-content\\\/uploads\\\/2022\\\/01\\\/LOGOSYSM.71762f1.png\",\"contentUrl\":\"https:\\\/\\\/www.tosunlux.eu\\\/wp-content\\\/uploads\\\/2022\\\/01\\\/LOGOSYSM.71762f1.png\",\"width\":153,\"height\":55,\"caption\":\"TOSUNlux\"},\"image\":{\"@id\":\"https:\\\/\\\/www.tosunlux.eu\\\/ru\\\/#\\\/schema\\\/logo\\\/image\\\/\"},\"sameAs\":[\"https:\\\/\\\/www.facebook.com\\\/TOSUNelectric\\\/\",\"https:\\\/\\\/www.linkedin.com\\\/company\\\/wenzhou-tosun-electric-co.-ltd\\\/\"]}]}<\/script>\n<!-- \/ Yoast SEO plugin. -->","yoast_head_json":{"title":"Interruptor pulsador PB2-BS142 al por mayor - Sitio oficial de TOSUNlux - Fabricante de interruptores autom\u00e1ticos el\u00e9ctricos en China, proveedor de equipos el\u00e9ctricos de baja tensi\u00f3n | TOSUNlux","description":"Interruptor pulsador PB2-BS142 Proveedor - Venta al por mayor directa de TOSUNlux, un fabricante confiable desde 1994. Obtenga su cotizaci\u00f3n de f\u00e1brica B2B en nuestros productos el\u00e9ctricos de bajo voltaje certificados.","robots":{"index":"index","follow":"follow","max-snippet":"max-snippet:-1","max-image-preview":"max-image-preview:large","max-video-preview":"max-video-preview:-1"},"canonical":"https:\/\/www.tosunlux.eu\/es\/products\/pushbutton-switch-pb2-bs142\/","og_locale":"es_ES","og_type":"article","og_title":"WholesalePushbutton Switch PB2-BS142 - TOSUNlux Official Site - Electrical Circuit Breaker Manufacturer in China Low Voltage Electrical Supplier | TOSUNlux","og_description":"Pushbutton Switch PB2-BS142 Supplier - Wholesale direct from TOSUNlux, a trusted manufacturer since 1994. Get your B2B factory quote on our certified Low Voltage electrical products.","og_url":"https:\/\/www.tosunlux.eu\/es\/products\/pushbutton-switch-pb2-bs142\/","og_site_name":"TOSUNlux Official Site - Electrical Circuit Breaker Manufacturer in China","article_publisher":"https:\/\/www.facebook.com\/TOSUNelectric\/","article_modified_time":"2022-04-29T05:47:49+00:00","og_image":[{"url":"https:\/\/www.tosunlux.eu\/wp-content\/uploads\/2022\/04\/36-44-190x300.jpg","type":"","width":"","height":""}],"twitter_card":"summary_large_image","twitter_misc":{"Tiempo de lectura":"1 minuto"},"schema":{"@context":"https:\/\/schema.org","@graph":[{"@type":"WebPage","@id":"https:\/\/www.tosunlux.eu\/am\/products\/pushbutton-switch-pb2-bs142\/","url":"https:\/\/www.tosunlux.eu\/am\/products\/pushbutton-switch-pb2-bs142\/","name":"Interruptor pulsador PB2-BS142 al por mayor - Sitio oficial de TOSUNlux - Fabricante de interruptores autom\u00e1ticos el\u00e9ctricos en China, proveedor de equipos el\u00e9ctricos de baja tensi\u00f3n | TOSUNlux","isPartOf":{"@id":"https:\/\/www.tosunlux.eu\/ru\/#website"},"primaryImageOfPage":{"@id":"https:\/\/www.tosunlux.eu\/am\/products\/pushbutton-switch-pb2-bs142\/#primaryimage"},"image":{"@id":"https:\/\/www.tosunlux.eu\/am\/products\/pushbutton-switch-pb2-bs142\/#primaryimage"},"thumbnailUrl":"https:\/\/www.tosunlux.eu\/wp-content\/uploads\/2022\/04\/36-44-190x300.jpg","datePublished":"2022-04-29T02:46:29+00:00","dateModified":"2022-04-29T05:47:49+00:00","description":"Interruptor pulsador PB2-BS142 Proveedor - Venta al por mayor directa de TOSUNlux, un fabricante confiable desde 1994. Obtenga su cotizaci\u00f3n de f\u00e1brica B2B en nuestros productos el\u00e9ctricos de bajo voltaje certificados.","breadcrumb":{"@id":"https:\/\/www.tosunlux.eu\/am\/products\/pushbutton-switch-pb2-bs142\/#breadcrumb"},"inLanguage":"es","potentialAction":[{"@type":"ReadAction","target":["https:\/\/www.tosunlux.eu\/am\/products\/pushbutton-switch-pb2-bs142\/"]}]},{"@type":"ImageObject","inLanguage":"es","@id":"https:\/\/www.tosunlux.eu\/am\/products\/pushbutton-switch-pb2-bs142\/#primaryimage","url":"https:\/\/www.tosunlux.eu\/wp-content\/uploads\/2022\/04\/36-44-190x300.jpg","contentUrl":"https:\/\/www.tosunlux.eu\/wp-content\/uploads\/2022\/04\/36-44-190x300.jpg"},{"@type":"BreadcrumbList","@id":"https:\/\/www.tosunlux.eu\/am\/products\/pushbutton-switch-pb2-bs142\/#breadcrumb","itemListElement":[{"@type":"ListItem","position":1,"name":"Home","item":"https:\/\/www.tosunlux.eu\/ru\/"},{"@type":"ListItem","position":2,"name":"Products","item":"https:\/\/www.tosunlux.eu\/products\/"},{"@type":"ListItem","position":3,"name":"Pushbutton Switch PB2-BS142"}]},{"@type":"WebSite","@id":"https:\/\/www.tosunlux.eu\/ru\/#website","url":"https:\/\/www.tosunlux.eu\/ru\/","name":"Sitio oficial de TOSUNlux - Fabricante de disyuntores el\u00e9ctricos en China","description":"Proveedor de sistemas de distribuci\u00f3n de energ\u00eda","publisher":{"@id":"https:\/\/www.tosunlux.eu\/ru\/#organization"},"alternateName":"TOSUNlux","potentialAction":[{"@type":"SearchAction","target":{"@type":"EntryPoint","urlTemplate":"https:\/\/www.tosunlux.eu\/ru\/?s={search_term_string}"},"query-input":{"@type":"PropertyValueSpecification","valueRequired":true,"valueName":"search_term_string"}}],"inLanguage":"es"},{"@type":"Organization","@id":"https:\/\/www.tosunlux.eu\/ru\/#organization","name":"TOSUNlux","url":"https:\/\/www.tosunlux.eu\/ru\/","logo":{"@type":"ImageObject","inLanguage":"es","@id":"https:\/\/www.tosunlux.eu\/ru\/#\/schema\/logo\/image\/","url":"https:\/\/www.tosunlux.eu\/wp-content\/uploads\/2022\/01\/LOGOSYSM.71762f1.png","contentUrl":"https:\/\/www.tosunlux.eu\/wp-content\/uploads\/2022\/01\/LOGOSYSM.71762f1.png","width":153,"height":55,"caption":"TOSUNlux"},"image":{"@id":"https:\/\/www.tosunlux.eu\/ru\/#\/schema\/logo\/image\/"},"sameAs":["https:\/\/www.facebook.com\/TOSUNelectric\/","https:\/\/www.linkedin.com\/company\/wenzhou-tosun-electric-co.-ltd\/"]}]}},"_links":{"self":[{"href":"https:\/\/www.tosunlux.eu\/es\/wp-json\/wp\/v2\/product\/2119","targetHints":{"allow":["GET"]}}],"collection":[{"href":"https:\/\/www.tosunlux.eu\/es\/wp-json\/wp\/v2\/product"}],"about":[{"href":"https:\/\/www.tosunlux.eu\/es\/wp-json\/wp\/v2\/types\/product"}],"version-history":[{"count":0,"href":"https:\/\/www.tosunlux.eu\/es\/wp-json\/wp\/v2\/product\/2119\/revisions"}],"wp:attachment":[{"href":"https:\/\/www.tosunlux.eu\/es\/wp-json\/wp\/v2\/media?parent=2119"}],"wp:term":[{"taxonomy":"product_category","embeddable":true,"href":"https:\/\/www.tosunlux.eu\/es\/wp-json\/wp\/v2\/product_category?post=2119"}],"curies":[{"name":"gracias","href":"https:\/\/api.w.org\/{rel}","templated":true}]}}