{"id":2125,"date":"2022-04-29T13:52:30","date_gmt":"2022-04-29T05:52:30","guid":{"rendered":"https:\/\/www.tosunlux.eu\/?post_type=product&#038;p=2125"},"modified":"2022-04-29T13:54:02","modified_gmt":"2022-04-29T05:54:02","slug":"pushbutton-switch-pb2-bd21","status":"publish","type":"product","link":"https:\/\/www.tosunlux.eu\/es\/products\/pushbutton-switch-pb2-bd21\/","title":{"rendered":"Interruptor pulsador PB2-BD21"},"content":{"rendered":"<p>Cabeza circular, con bisel de metal cromado<br>Unidades completas con conexiones de tornillo y abrazadera de cable cautivo<\/p>\n\n\n<table style=\"border-collapse: collapse; width: 270.02pt;\" border=\"0\" width=\"360\" cellspacing=\"0\" cellpadding=\"0\">\n<tbody>\n<tr style=\"height: 13.50pt;\">\n<td class=\"et2\" style=\"height: 13.50pt; width: 270.00pt; border-right: .5pt solid #000000;\" colspan=\"5\" width=\"360\" height=\"18\">Selector<p><\/p>\n<\/td>\n<\/tr>\n<tr style=\"height: 13.50pt;\">\n<td class=\"et4\" style=\"height: 13.50pt; width: 54.00pt;\" width=\"72\" height=\"18\">Descripci\u00f3n<\/td>\n<td class=\"et4\" style=\"width: 54.00pt;\" width=\"72\">Contacto<\/td>\n<td class=\"et4\" style=\"width: 54.00pt;\" width=\"72\">Circuito<\/td>\n<td class=\"et4\" style=\"width: 54.00pt;\" width=\"72\">Localidad<\/td>\n<td class=\"et4\" style=\"width: 54.00pt;\" width=\"72\">Modelo<\/td>\n<\/tr>\n<tr style=\"height: 13.50pt;\">\n<td class=\"et5\" style=\"height: 54.00pt; width: 54.00pt; border-bottom: .5pt solid #000000;\" rowspan=\"4\" width=\"72\" height=\"72\">Mango est\u00e1ndar <br>2 posiciones<\/td>\n<td class=\"et5\" style=\"width: 54.00pt;\" rowspan=\"2\" width=\"72\">NO<\/td>\n<td class=\"et5\" style=\"width: 54.00pt; border-bottom: .5pt solid #000000;\" rowspan=\"4\" width=\"72\"><img decoding=\"async\" class=\"alignnone  wp-image-2126\" src=\"https:\/\/www.tosunlux.eu\/wp-content\/uploads\/2022\/04\/21-1-221x300.jpg\" alt=\"\" width=\"55\" height=\"75\" srcset=\"https:\/\/www.tosunlux.eu\/wp-content\/uploads\/2022\/04\/21-1-221x300.jpg 221w, https:\/\/www.tosunlux.eu\/wp-content\/uploads\/2022\/04\/21-1-753x1024.jpg 753w, https:\/\/www.tosunlux.eu\/wp-content\/uploads\/2022\/04\/21-1-768x1044.jpg 768w, https:\/\/www.tosunlux.eu\/wp-content\/uploads\/2022\/04\/21-1-1130x1536.jpg 1130w, https:\/\/www.tosunlux.eu\/wp-content\/uploads\/2022\/04\/21-1-1507x2048.jpg 1507w, https:\/\/www.tosunlux.eu\/wp-content\/uploads\/2022\/04\/21-1.jpg 1600w\" sizes=\"(max-width: 55px) 100vw, 55px\" \/><\/td>\n<td class=\"et5\" style=\"width: 54.00pt; border-bottom: .5pt solid #000000;\" rowspan=\"4\" width=\"72\"><img decoding=\"async\" class=\"alignnone  wp-image-2127\" src=\"https:\/\/www.tosunlux.eu\/wp-content\/uploads\/2022\/04\/21-3-45x300.jpg\" alt=\"\" width=\"20\" height=\"133\" srcset=\"https:\/\/www.tosunlux.eu\/wp-content\/uploads\/2022\/04\/21-3-45x300.jpg 45w, https:\/\/www.tosunlux.eu\/wp-content\/uploads\/2022\/04\/21-3-153x1024.jpg 153w, https:\/\/www.tosunlux.eu\/wp-content\/uploads\/2022\/04\/21-3-768x5146.jpg 768w, https:\/\/www.tosunlux.eu\/wp-content\/uploads\/2022\/04\/21-3-229x1536.jpg 229w, https:\/\/www.tosunlux.eu\/wp-content\/uploads\/2022\/04\/21-3-306x2048.jpg 306w, https:\/\/www.tosunlux.eu\/wp-content\/uploads\/2022\/04\/21-3-scaled.jpg 382w\" sizes=\"(max-width: 20px) 100vw, 20px\" \/><\/td>\n<td class=\"et4\" style=\"width: 54.00pt;\" width=\"72\">PB2-BD21<\/td>\n<\/tr>\n<tr style=\"height: 13.50pt;\">\n<td class=\"et4\" style=\"width: 54.00pt;\" width=\"72\">PB2-BD41<\/td>\n<\/tr>\n<tr style=\"height: 13.50pt;\">\n<td class=\"et5\" style=\"width: 54.00pt; border-bottom: .5pt solid #000000;\" rowspan=\"2\" width=\"72\">N\/O+N\/C<\/td>\n<td class=\"et5\" style=\"width: 54.00pt;\" width=\"72\">PB2-BD25<\/td>\n<\/tr>\n<tr style=\"height: 13.50pt;\">\n<td class=\"et7\" style=\"width: 54.00pt;\" width=\"72\">PB2-BD45<\/td>\n<\/tr>\n<\/tbody>\n<\/table>","protected":false},"parent":0,"template":"","product_category":[35,94],"class_list":["post-2125","product","type-product","status-publish","hentry","product_category-industrial-control-devices","product_category-pushbutton-switch"],"yoast_head":"<!-- This site is optimized with the Yoast SEO plugin v27.4 - https:\/\/yoast.com\/product\/yoast-seo-wordpress\/ -->\n<title>WholesalePushbutton Switch PB2-BD21 - TOSUNlux Official Site - Electrical Circuit Breaker Manufacturer in China Low Voltage Electrical Supplier | TOSUNlux<\/title>\n<meta name=\"description\" content=\"Pushbutton Switch PB2-BD21 Supplier - Wholesale direct from TOSUNlux, a trusted manufacturer since 1994. Get your B2B factory quote on our certified Low Voltage electrical products.\" \/>\n<meta name=\"robots\" content=\"index, follow, max-snippet:-1, max-image-preview:large, max-video-preview:-1\" \/>\n<link rel=\"canonical\" href=\"https:\/\/www.tosunlux.eu\/es\/products\/pushbutton-switch-pb2-bd21\/\" \/>\n<meta property=\"og:locale\" content=\"es_ES\" \/>\n<meta property=\"og:type\" content=\"article\" \/>\n<meta property=\"og:title\" content=\"WholesalePushbutton Switch PB2-BD21 - TOSUNlux Official Site - Electrical Circuit Breaker Manufacturer in China Low Voltage Electrical Supplier | TOSUNlux\" \/>\n<meta property=\"og:description\" content=\"Pushbutton Switch PB2-BD21 Supplier - Wholesale direct from TOSUNlux, a trusted manufacturer since 1994. Get your B2B factory quote on our certified Low Voltage electrical products.\" \/>\n<meta property=\"og:url\" content=\"https:\/\/www.tosunlux.eu\/es\/products\/pushbutton-switch-pb2-bd21\/\" \/>\n<meta property=\"og:site_name\" content=\"TOSUNlux Official Site - Electrical Circuit Breaker Manufacturer in China\" \/>\n<meta property=\"article:publisher\" content=\"https:\/\/www.facebook.com\/TOSUNelectric\/\" \/>\n<meta property=\"article:modified_time\" content=\"2022-04-29T05:54:02+00:00\" \/>\n<meta property=\"og:image\" content=\"https:\/\/www.tosunlux.eu\/wp-content\/uploads\/2022\/04\/21-1-221x300.jpg\" \/>\n<meta name=\"twitter:card\" content=\"summary_large_image\" \/>\n<meta name=\"twitter:label1\" content=\"Tiempo de lectura\" \/>\n\t<meta name=\"twitter:data1\" content=\"1 minuto\" \/>\n<script type=\"application\/ld+json\" class=\"yoast-schema-graph\">{\"@context\":\"https:\\\/\\\/schema.org\",\"@graph\":[{\"@type\":\"WebPage\",\"@id\":\"https:\\\/\\\/www.tosunlux.eu\\\/products\\\/pushbutton-switch-pb2-bd21\\\/\",\"url\":\"https:\\\/\\\/www.tosunlux.eu\\\/products\\\/pushbutton-switch-pb2-bd21\\\/\",\"name\":\"WholesalePushbutton Switch PB2-BD21 - TOSUNlux Official Site - Electrical Circuit Breaker Manufacturer in China Low Voltage Electrical Supplier | TOSUNlux\",\"isPartOf\":{\"@id\":\"https:\\\/\\\/www.tosunlux.eu\\\/ru\\\/#website\"},\"primaryImageOfPage\":{\"@id\":\"https:\\\/\\\/www.tosunlux.eu\\\/products\\\/pushbutton-switch-pb2-bd21\\\/#primaryimage\"},\"image\":{\"@id\":\"https:\\\/\\\/www.tosunlux.eu\\\/products\\\/pushbutton-switch-pb2-bd21\\\/#primaryimage\"},\"thumbnailUrl\":\"https:\\\/\\\/www.tosunlux.eu\\\/wp-content\\\/uploads\\\/2022\\\/04\\\/21-1-221x300.jpg\",\"datePublished\":\"2022-04-29T05:52:30+00:00\",\"dateModified\":\"2022-04-29T05:54:02+00:00\",\"description\":\"Pushbutton Switch PB2-BD21 Supplier - Wholesale direct from TOSUNlux, a trusted manufacturer since 1994. Get your B2B factory quote on our certified Low Voltage electrical products.\",\"breadcrumb\":{\"@id\":\"https:\\\/\\\/www.tosunlux.eu\\\/products\\\/pushbutton-switch-pb2-bd21\\\/#breadcrumb\"},\"inLanguage\":\"es\",\"potentialAction\":[{\"@type\":\"ReadAction\",\"target\":[\"https:\\\/\\\/www.tosunlux.eu\\\/products\\\/pushbutton-switch-pb2-bd21\\\/\"]}]},{\"@type\":\"ImageObject\",\"inLanguage\":\"es\",\"@id\":\"https:\\\/\\\/www.tosunlux.eu\\\/products\\\/pushbutton-switch-pb2-bd21\\\/#primaryimage\",\"url\":\"https:\\\/\\\/www.tosunlux.eu\\\/wp-content\\\/uploads\\\/2022\\\/04\\\/21-1-221x300.jpg\",\"contentUrl\":\"https:\\\/\\\/www.tosunlux.eu\\\/wp-content\\\/uploads\\\/2022\\\/04\\\/21-1-221x300.jpg\"},{\"@type\":\"BreadcrumbList\",\"@id\":\"https:\\\/\\\/www.tosunlux.eu\\\/products\\\/pushbutton-switch-pb2-bd21\\\/#breadcrumb\",\"itemListElement\":[{\"@type\":\"ListItem\",\"position\":1,\"name\":\"Home\",\"item\":\"https:\\\/\\\/www.tosunlux.eu\\\/ru\\\/\"},{\"@type\":\"ListItem\",\"position\":2,\"name\":\"Products\",\"item\":\"https:\\\/\\\/www.tosunlux.eu\\\/products\\\/\"},{\"@type\":\"ListItem\",\"position\":3,\"name\":\"Pushbutton Switch PB2-BD21\"}]},{\"@type\":\"WebSite\",\"@id\":\"https:\\\/\\\/www.tosunlux.eu\\\/ru\\\/#website\",\"url\":\"https:\\\/\\\/www.tosunlux.eu\\\/ru\\\/\",\"name\":\"TOSUNlux Official Site - Electrical Circuit Breaker Manufacturer in China\",\"description\":\"Power Distribution System Supplier\",\"publisher\":{\"@id\":\"https:\\\/\\\/www.tosunlux.eu\\\/ru\\\/#organization\"},\"alternateName\":\"TOSUNlux\",\"potentialAction\":[{\"@type\":\"SearchAction\",\"target\":{\"@type\":\"EntryPoint\",\"urlTemplate\":\"https:\\\/\\\/www.tosunlux.eu\\\/ru\\\/?s={search_term_string}\"},\"query-input\":{\"@type\":\"PropertyValueSpecification\",\"valueRequired\":true,\"valueName\":\"search_term_string\"}}],\"inLanguage\":\"es\"},{\"@type\":\"Organization\",\"@id\":\"https:\\\/\\\/www.tosunlux.eu\\\/ru\\\/#organization\",\"name\":\"TOSUNlux\",\"url\":\"https:\\\/\\\/www.tosunlux.eu\\\/ru\\\/\",\"logo\":{\"@type\":\"ImageObject\",\"inLanguage\":\"es\",\"@id\":\"https:\\\/\\\/www.tosunlux.eu\\\/ru\\\/#\\\/schema\\\/logo\\\/image\\\/\",\"url\":\"https:\\\/\\\/www.tosunlux.eu\\\/wp-content\\\/uploads\\\/2022\\\/01\\\/LOGOSYSM.71762f1.png\",\"contentUrl\":\"https:\\\/\\\/www.tosunlux.eu\\\/wp-content\\\/uploads\\\/2022\\\/01\\\/LOGOSYSM.71762f1.png\",\"width\":153,\"height\":55,\"caption\":\"TOSUNlux\"},\"image\":{\"@id\":\"https:\\\/\\\/www.tosunlux.eu\\\/ru\\\/#\\\/schema\\\/logo\\\/image\\\/\"},\"sameAs\":[\"https:\\\/\\\/www.facebook.com\\\/TOSUNelectric\\\/\",\"https:\\\/\\\/www.linkedin.com\\\/company\\\/wenzhou-tosun-electric-co.-ltd\\\/\"]}]}<\/script>\n<!-- \/ Yoast SEO plugin. -->","yoast_head_json":{"title":"Interruptor pulsador PB2-BD21 al por mayor - Sitio oficial de TOSUNlux - Fabricante de disyuntores el\u00e9ctricos en China, proveedor de equipos el\u00e9ctricos de baja tensi\u00f3n | TOSUNlux","description":"Proveedor de interruptor pulsador PB2-BD21: venta al por mayor directa de TOSUNlux, un fabricante confiable desde 1994. Obtenga su cotizaci\u00f3n de f\u00e1brica B2B en nuestros productos el\u00e9ctricos de bajo voltaje certificados.","robots":{"index":"index","follow":"follow","max-snippet":"max-snippet:-1","max-image-preview":"max-image-preview:large","max-video-preview":"max-video-preview:-1"},"canonical":"https:\/\/www.tosunlux.eu\/es\/products\/pushbutton-switch-pb2-bd21\/","og_locale":"es_ES","og_type":"article","og_title":"WholesalePushbutton Switch PB2-BD21 - TOSUNlux Official Site - Electrical Circuit Breaker Manufacturer in China Low Voltage Electrical Supplier | TOSUNlux","og_description":"Pushbutton Switch PB2-BD21 Supplier - Wholesale direct from TOSUNlux, a trusted manufacturer since 1994. Get your B2B factory quote on our certified Low Voltage electrical products.","og_url":"https:\/\/www.tosunlux.eu\/es\/products\/pushbutton-switch-pb2-bd21\/","og_site_name":"TOSUNlux Official Site - Electrical Circuit Breaker Manufacturer in China","article_publisher":"https:\/\/www.facebook.com\/TOSUNelectric\/","article_modified_time":"2022-04-29T05:54:02+00:00","og_image":[{"url":"https:\/\/www.tosunlux.eu\/wp-content\/uploads\/2022\/04\/21-1-221x300.jpg","type":"","width":"","height":""}],"twitter_card":"summary_large_image","twitter_misc":{"Tiempo de lectura":"1 minuto"},"schema":{"@context":"https:\/\/schema.org","@graph":[{"@type":"WebPage","@id":"https:\/\/www.tosunlux.eu\/products\/pushbutton-switch-pb2-bd21\/","url":"https:\/\/www.tosunlux.eu\/products\/pushbutton-switch-pb2-bd21\/","name":"Interruptor pulsador PB2-BD21 al por mayor - Sitio oficial de TOSUNlux - Fabricante de disyuntores el\u00e9ctricos en China, proveedor de equipos el\u00e9ctricos de baja tensi\u00f3n | TOSUNlux","isPartOf":{"@id":"https:\/\/www.tosunlux.eu\/ru\/#website"},"primaryImageOfPage":{"@id":"https:\/\/www.tosunlux.eu\/products\/pushbutton-switch-pb2-bd21\/#primaryimage"},"image":{"@id":"https:\/\/www.tosunlux.eu\/products\/pushbutton-switch-pb2-bd21\/#primaryimage"},"thumbnailUrl":"https:\/\/www.tosunlux.eu\/wp-content\/uploads\/2022\/04\/21-1-221x300.jpg","datePublished":"2022-04-29T05:52:30+00:00","dateModified":"2022-04-29T05:54:02+00:00","description":"Proveedor de interruptor pulsador PB2-BD21: venta al por mayor directa de TOSUNlux, un fabricante confiable desde 1994. Obtenga su cotizaci\u00f3n de f\u00e1brica B2B en nuestros productos el\u00e9ctricos de bajo voltaje certificados.","breadcrumb":{"@id":"https:\/\/www.tosunlux.eu\/products\/pushbutton-switch-pb2-bd21\/#breadcrumb"},"inLanguage":"es","potentialAction":[{"@type":"ReadAction","target":["https:\/\/www.tosunlux.eu\/products\/pushbutton-switch-pb2-bd21\/"]}]},{"@type":"ImageObject","inLanguage":"es","@id":"https:\/\/www.tosunlux.eu\/products\/pushbutton-switch-pb2-bd21\/#primaryimage","url":"https:\/\/www.tosunlux.eu\/wp-content\/uploads\/2022\/04\/21-1-221x300.jpg","contentUrl":"https:\/\/www.tosunlux.eu\/wp-content\/uploads\/2022\/04\/21-1-221x300.jpg"},{"@type":"BreadcrumbList","@id":"https:\/\/www.tosunlux.eu\/products\/pushbutton-switch-pb2-bd21\/#breadcrumb","itemListElement":[{"@type":"ListItem","position":1,"name":"Home","item":"https:\/\/www.tosunlux.eu\/ru\/"},{"@type":"ListItem","position":2,"name":"Products","item":"https:\/\/www.tosunlux.eu\/products\/"},{"@type":"ListItem","position":3,"name":"Pushbutton Switch PB2-BD21"}]},{"@type":"WebSite","@id":"https:\/\/www.tosunlux.eu\/ru\/#website","url":"https:\/\/www.tosunlux.eu\/ru\/","name":"Sitio oficial de TOSUNlux - Fabricante de disyuntores el\u00e9ctricos en China","description":"Proveedor de sistemas de distribuci\u00f3n de energ\u00eda","publisher":{"@id":"https:\/\/www.tosunlux.eu\/ru\/#organization"},"alternateName":"TOSUNlux","potentialAction":[{"@type":"SearchAction","target":{"@type":"EntryPoint","urlTemplate":"https:\/\/www.tosunlux.eu\/ru\/?s={search_term_string}"},"query-input":{"@type":"PropertyValueSpecification","valueRequired":true,"valueName":"search_term_string"}}],"inLanguage":"es"},{"@type":"Organization","@id":"https:\/\/www.tosunlux.eu\/ru\/#organization","name":"TOSUNlux","url":"https:\/\/www.tosunlux.eu\/ru\/","logo":{"@type":"ImageObject","inLanguage":"es","@id":"https:\/\/www.tosunlux.eu\/ru\/#\/schema\/logo\/image\/","url":"https:\/\/www.tosunlux.eu\/wp-content\/uploads\/2022\/01\/LOGOSYSM.71762f1.png","contentUrl":"https:\/\/www.tosunlux.eu\/wp-content\/uploads\/2022\/01\/LOGOSYSM.71762f1.png","width":153,"height":55,"caption":"TOSUNlux"},"image":{"@id":"https:\/\/www.tosunlux.eu\/ru\/#\/schema\/logo\/image\/"},"sameAs":["https:\/\/www.facebook.com\/TOSUNelectric\/","https:\/\/www.linkedin.com\/company\/wenzhou-tosun-electric-co.-ltd\/"]}]}},"_links":{"self":[{"href":"https:\/\/www.tosunlux.eu\/es\/wp-json\/wp\/v2\/product\/2125","targetHints":{"allow":["GET"]}}],"collection":[{"href":"https:\/\/www.tosunlux.eu\/es\/wp-json\/wp\/v2\/product"}],"about":[{"href":"https:\/\/www.tosunlux.eu\/es\/wp-json\/wp\/v2\/types\/product"}],"version-history":[{"count":0,"href":"https:\/\/www.tosunlux.eu\/es\/wp-json\/wp\/v2\/product\/2125\/revisions"}],"wp:attachment":[{"href":"https:\/\/www.tosunlux.eu\/es\/wp-json\/wp\/v2\/media?parent=2125"}],"wp:term":[{"taxonomy":"product_category","embeddable":true,"href":"https:\/\/www.tosunlux.eu\/es\/wp-json\/wp\/v2\/product_category?post=2125"}],"curies":[{"name":"gracias","href":"https:\/\/api.w.org\/{rel}","templated":true}]}}