{"id":2139,"date":"2022-04-29T15:42:53","date_gmt":"2022-04-29T07:42:53","guid":{"rendered":"https:\/\/www.tosunlux.eu\/?post_type=product&#038;p=2139"},"modified":"2025-01-09T15:51:56","modified_gmt":"2025-01-09T07:51:56","slug":"tsw8-intelligent-circuit-breaker","status":"publish","type":"product","link":"https:\/\/www.tosunlux.eu\/es\/products\/tsw8-intelligent-circuit-breaker\/","title":{"rendered":"Disyuntor inteligente TSW8"},"content":{"rendered":"<figure class=\"wp-block-image size-full is-resized\"><img decoding=\"async\" src=\"https:\/\/www.tosunlux.eu\/wp-content\/uploads\/2025\/01\/\u8ba4\u8bc1-1.jpg\" alt=\"\" class=\"wp-image-12242\" width=\"81\" height=\"127\"\/><\/figure>\n\n\n\n<p><strong>Solicitud<\/strong><\/p>\n\n\n\n<p>El disyuntor inteligente de la serie TSW8 es adecuado para el circuito de CA 50\/60 Hz con voltaje nominal de 400 V, 690 V y corriente nominal de hasta 6300 A. Se utiliza principalmente para la distribuci\u00f3n de energ\u00eda el\u00e9ctrica, as\u00ed como para proteger circuitos y equipos de suministro de energ\u00eda contra sobrecargas, subvoltajes, cortocircuitos y puesta a tierra monof\u00e1sica. Con funciones de protecci\u00f3n inteligente y selectiva, el disyuntor puede mejorar la confiabilidad del suministro de energ\u00eda y evitar fallas de energ\u00eda innecesarias. El disyuntor se aplica a centrales el\u00e9ctricas, f\u00e1bricas, minas (para 690 V) y edificios altos modernos, especialmente al sistema de distribuci\u00f3n de edificios inteligentes. Los productos con IEC60947-2.<\/p>\n\n\n\n<p><strong> Especificaci\u00f3n <\/strong><\/p>\n\n\n<table style=\"height: 615px;\" width=\"933\">\n<tbody>\n<tr>\n<td colspan=\"2\" width=\"215\">Modelo<\/td>\n<td style=\"text-align: center;\" width=\"94\">TSW8-1600<\/td>\n<td style=\"text-align: center;\" width=\"97\">TSW8-2000<\/td>\n<td style=\"text-align: center;\" width=\"95\">TSW8-3200<\/td>\n<td style=\"text-align: center;\" width=\"92\">TSW8-4000<\/td>\n<td style=\"text-align: center;\" width=\"93\">TSW8-6300<\/td>\n<\/tr>\n<tr>\n<td colspan=\"2\" width=\"215\">Corriente nominal del cuadro Inm (A)<\/td>\n<td style=\"text-align: center;\" width=\"94\">1600&nbsp;<\/td>\n<td style=\"text-align: center;\" width=\"97\">2000&nbsp;<\/td>\n<td style=\"text-align: center;\" width=\"95\">3200&nbsp;<\/td>\n<td style=\"text-align: center;\" width=\"92\">4000&nbsp;<\/td>\n<td style=\"text-align: center;\" width=\"93\">6300&nbsp;<\/td>\n<\/tr>\n<tr>\n<td colspan=\"2\" width=\"215\">N\u00famero de polos<\/td>\n<td style=\"text-align: center;\" width=\"94\">34<\/td>\n<td style=\"text-align: center;\" width=\"97\">34<\/td>\n<td style=\"text-align: center;\" width=\"95\">34<\/td>\n<td style=\"text-align: center;\" width=\"92\">34<\/td>\n<td style=\"text-align: center;\" width=\"93\">34<\/td>\n<\/tr>\n<tr>\n<td colspan=\"2\" width=\"215\">Corriente nominal en (A)<\/td>\n<td style=\"text-align: center;\" width=\"94\">&nbsp;&nbsp;&nbsp;&nbsp;&nbsp; 400 , 630 ,<br>&nbsp;&nbsp;&nbsp;&nbsp;&nbsp; 800 , 1000 ,<br>&nbsp;&nbsp;&nbsp;&nbsp;&nbsp; 1250 , 1600<\/td>\n<td style=\"text-align: center;\" width=\"97\">&nbsp;&nbsp;&nbsp;&nbsp; 630 , 800 ,<br>&nbsp;&nbsp;&nbsp;&nbsp; 1000 , 1250 ,<br>&nbsp;&nbsp;&nbsp;&nbsp; 1600 , 2000<\/td>\n<td style=\"text-align: center;\" width=\"95\">&nbsp;&nbsp;&nbsp;&nbsp; 2000 , 2500 ,<br>&nbsp;&nbsp;&nbsp;&nbsp; 2900 ,3200<\/td>\n<td style=\"text-align: center;\" width=\"92\">36,004,000<\/td>\n<td style=\"text-align: center;\" width=\"93\">&nbsp;&nbsp;&nbsp; 4000 , 5000 ,<br>&nbsp;&nbsp;&nbsp;&nbsp;&nbsp;&nbsp;&nbsp;&nbsp;&nbsp; 6300<\/td>\n<\/tr>\n<tr>\n<td rowspan=\"2\" width=\"118\">Uci (kA)<\/td>\n<td style=\"text-align: center;\" width=\"97\">400V<\/td>\n<td style=\"text-align: center;\" width=\"94\">50&nbsp;<\/td>\n<td style=\"text-align: center;\" width=\"97\">65&nbsp;<\/td>\n<td style=\"text-align: center;\" width=\"95\">80&nbsp;<\/td>\n<td style=\"text-align: center;\" width=\"92\">80&nbsp;<\/td>\n<td style=\"text-align: center;\" width=\"93\">120&nbsp;<\/td>\n<\/tr>\n<tr>\n<td style=\"text-align: center;\" width=\"97\">690V<\/td>\n<td style=\"text-align: center;\" width=\"94\">35&nbsp;<\/td>\n<td style=\"text-align: center;\" width=\"97\">50&nbsp;<\/td>\n<td style=\"text-align: center;\" width=\"95\">65&nbsp;<\/td>\n<td style=\"text-align: center;\" width=\"92\">65&nbsp;<\/td>\n<td style=\"text-align: center;\" width=\"93\">85&nbsp;<\/td>\n<\/tr>\n<tr>\n<td rowspan=\"2\" width=\"118\">ICs (kA)<\/td>\n<td style=\"text-align: center;\" width=\"97\">400V<\/td>\n<td style=\"text-align: center;\" width=\"94\">42&nbsp;<\/td>\n<td style=\"text-align: center;\" width=\"97\">50&nbsp;<\/td>\n<td style=\"text-align: center;\" width=\"95\">65&nbsp;<\/td>\n<td style=\"text-align: center;\" width=\"92\">65&nbsp;<\/td>\n<td style=\"text-align: center;\" width=\"93\">100&nbsp;<\/td>\n<\/tr>\n<tr>\n<td style=\"text-align: center;\" width=\"97\">690V<\/td>\n<td style=\"text-align: center;\" width=\"94\">35&nbsp;<\/td>\n<td style=\"text-align: center;\" width=\"97\">40&nbsp;<\/td>\n<td style=\"text-align: center;\" width=\"95\">50&nbsp;<\/td>\n<td style=\"text-align: center;\" width=\"92\">50&nbsp;<\/td>\n<td style=\"text-align: center;\" width=\"93\">75&nbsp;<\/td>\n<\/tr>\n<tr>\n<td colspan=\"2\" width=\"215\">Corriente nominal en el polo N In (A)<\/td>\n<td style=\"text-align: center;\" width=\"94\">100% En<\/td>\n<td style=\"text-align: center;\" width=\"97\">100% En<\/td>\n<td style=\"text-align: center;\" width=\"95\">100% En<\/td>\n<td style=\"text-align: center;\" width=\"92\">50% En<\/td>\n<td style=\"text-align: center;\" width=\"93\">50% En<\/td>\n<\/tr>\n<tr>\n<td colspan=\"2\" width=\"215\">Tiempo inherente de hacer y romper<\/td>\n<td style=\"text-align: center;\" colspan=\"5\" width=\"474\">30 ms<\/td>\n<\/tr>\n<tr>\n<td colspan=\"2\" width=\"215\">Vida el\u00e9ctrica (veces)<\/td>\n<td style=\"text-align: center;\" width=\"94\">1500&nbsp;<\/td>\n<td style=\"text-align: center;\" width=\"97\">1500&nbsp;<\/td>\n<td style=\"text-align: center;\" width=\"95\">1000&nbsp;<\/td>\n<td style=\"text-align: center;\" width=\"92\">500&nbsp;<\/td>\n<td style=\"text-align: center;\" width=\"93\">500&nbsp;<\/td>\n<\/tr>\n<tr>\n<td colspan=\"2\" width=\"215\">Vida mec\u00e1nica (veces)<\/td>\n<td style=\"text-align: center;\" width=\"94\">5000&nbsp;<\/td>\n<td style=\"text-align: center;\" width=\"97\">5000&nbsp;<\/td>\n<td style=\"text-align: center;\" width=\"95\">4000&nbsp;<\/td>\n<td style=\"text-align: center;\" width=\"92\">2500&nbsp;<\/td>\n<td style=\"text-align: center;\" width=\"93\">2500&nbsp;<\/td>\n<\/tr>\n<tr>\n<td colspan=\"2\" width=\"215\">Modo de montaje<\/td>\n<td style=\"text-align: center;\" colspan=\"5\" width=\"474\">Tipo fijo o tipo extra\u00edble<\/td>\n<\/tr>\n<tr>\n<td colspan=\"2\" width=\"215\">Distancia del arco (mm)<\/td>\n<td style=\"text-align: center;\" colspan=\"5\" width=\"474\">\u2013<\/td>\n<\/tr>\n<tr>\n<td colspan=\"2\" width=\"215\">Controlador inteligente<\/td>\n<td style=\"text-align: center;\" colspan=\"5\" width=\"474\">Tipo est\u00e1ndar (M), tipo de telecomunicaciones (H)<\/td>\n<\/tr>\n<\/tbody>\n<\/table>\n\n\n<p><strong>Diagrama de estructura de tipo fijo<\/strong><\/p>\n\n\n\n<figure class=\"wp-block-image size-large is-resized\"><img fetchpriority=\"high\" decoding=\"async\" src=\"https:\/\/www.tosunlux.eu\/wp-content\/uploads\/2025\/01\/1-11-1024x684.jpg\" alt=\"\" class=\"wp-image-12243\" width=\"905\" height=\"605\" srcset=\"https:\/\/www.tosunlux.eu\/wp-content\/uploads\/2025\/01\/1-11-1024x684.jpg 1024w, https:\/\/www.tosunlux.eu\/wp-content\/uploads\/2025\/01\/1-11-300x200.jpg 300w, https:\/\/www.tosunlux.eu\/wp-content\/uploads\/2025\/01\/1-11-768x513.jpg 768w, https:\/\/www.tosunlux.eu\/wp-content\/uploads\/2025\/01\/1-11-1536x1026.jpg 1536w, https:\/\/www.tosunlux.eu\/wp-content\/uploads\/2025\/01\/1-11-18x12.jpg 18w, https:\/\/www.tosunlux.eu\/wp-content\/uploads\/2025\/01\/1-11.jpg 1809w\" sizes=\"(max-width: 905px) 100vw, 905px\" \/><\/figure>\n\n\n\n<p><strong>Diagrama de estructura tipo caj\u00f3n<\/strong><\/p>\n\n\n\n<figure class=\"wp-block-image size-large is-resized\"><img decoding=\"async\" src=\"https:\/\/www.tosunlux.eu\/wp-content\/uploads\/2025\/01\/2-6-1024x650.jpg\" alt=\"\" class=\"wp-image-12244\" width=\"970\" height=\"616\" srcset=\"https:\/\/www.tosunlux.eu\/wp-content\/uploads\/2025\/01\/2-6-1024x650.jpg 1024w, https:\/\/www.tosunlux.eu\/wp-content\/uploads\/2025\/01\/2-6-300x191.jpg 300w, https:\/\/www.tosunlux.eu\/wp-content\/uploads\/2025\/01\/2-6-768x488.jpg 768w, https:\/\/www.tosunlux.eu\/wp-content\/uploads\/2025\/01\/2-6-1536x975.jpg 1536w, https:\/\/www.tosunlux.eu\/wp-content\/uploads\/2025\/01\/2-6-18x12.jpg 18w, https:\/\/www.tosunlux.eu\/wp-content\/uploads\/2025\/01\/2-6.jpg 1910w\" sizes=\"(max-width: 970px) 100vw, 970px\" \/><\/figure>","protected":false},"parent":0,"template":"","product_category":[24,85],"class_list":["post-2139","product","type-product","status-publish","hentry","product_category-power-distribution-system","product_category-intelligent-circuit-breaker"],"yoast_head":"<!-- This site is optimized with the Yoast SEO plugin v27.4 - https:\/\/yoast.com\/product\/yoast-seo-wordpress\/ -->\n<title>WholesaleTSW8 Intelligent Circuit Breaker - TOSUNlux Official Site - Electrical Circuit Breaker Manufacturer in China Low Voltage Electrical Supplier | TOSUNlux<\/title>\n<meta name=\"description\" content=\"TSW8 Intelligent Circuit Breaker Supplier - Wholesale direct from TOSUNlux, a trusted manufacturer since 1994. Get your B2B factory quote on our certified Low Voltage electrical products.\" \/>\n<meta name=\"robots\" content=\"index, follow, max-snippet:-1, max-image-preview:large, max-video-preview:-1\" \/>\n<link rel=\"canonical\" href=\"https:\/\/www.tosunlux.eu\/es\/products\/tsw8-intelligent-circuit-breaker\/\" \/>\n<meta property=\"og:locale\" content=\"es_ES\" \/>\n<meta property=\"og:type\" content=\"article\" \/>\n<meta property=\"og:title\" content=\"WholesaleTSW8 Intelligent Circuit Breaker - TOSUNlux Official Site - Electrical Circuit Breaker Manufacturer in China Low Voltage Electrical Supplier | TOSUNlux\" \/>\n<meta property=\"og:description\" content=\"TSW8 Intelligent Circuit Breaker Supplier - Wholesale direct from TOSUNlux, a trusted manufacturer since 1994. Get your B2B factory quote on our certified Low Voltage electrical products.\" \/>\n<meta property=\"og:url\" content=\"https:\/\/www.tosunlux.eu\/es\/products\/tsw8-intelligent-circuit-breaker\/\" \/>\n<meta property=\"og:site_name\" content=\"TOSUNlux Official Site - Electrical Circuit Breaker Manufacturer in China\" \/>\n<meta property=\"article:publisher\" content=\"https:\/\/www.facebook.com\/TOSUNelectric\/\" \/>\n<meta property=\"article:modified_time\" content=\"2025-01-09T07:51:56+00:00\" \/>\n<meta property=\"og:image\" content=\"https:\/\/www.tosunlux.eu\/wp-content\/uploads\/2025\/01\/1-11-1024x684.jpg\" \/>\n<meta name=\"twitter:card\" content=\"summary_large_image\" \/>\n<meta name=\"twitter:label1\" content=\"Tiempo de lectura\" \/>\n\t<meta name=\"twitter:data1\" content=\"2 minutos\" \/>\n<script type=\"application\/ld+json\" class=\"yoast-schema-graph\">{\"@context\":\"https:\\\/\\\/schema.org\",\"@graph\":[{\"@type\":\"WebPage\",\"@id\":\"https:\\\/\\\/www.tosunlux.eu\\\/pl\\\/products\\\/tsw8-intelligent-circuit-breaker\\\/\",\"url\":\"https:\\\/\\\/www.tosunlux.eu\\\/pl\\\/products\\\/tsw8-intelligent-circuit-breaker\\\/\",\"name\":\"WholesaleTSW8 Intelligent Circuit Breaker - TOSUNlux Official Site - Electrical Circuit Breaker Manufacturer in China Low Voltage Electrical Supplier | TOSUNlux\",\"isPartOf\":{\"@id\":\"https:\\\/\\\/www.tosunlux.eu\\\/ru\\\/#website\"},\"primaryImageOfPage\":{\"@id\":\"https:\\\/\\\/www.tosunlux.eu\\\/pl\\\/products\\\/tsw8-intelligent-circuit-breaker\\\/#primaryimage\"},\"image\":{\"@id\":\"https:\\\/\\\/www.tosunlux.eu\\\/pl\\\/products\\\/tsw8-intelligent-circuit-breaker\\\/#primaryimage\"},\"thumbnailUrl\":\"https:\\\/\\\/www.tosunlux.eu\\\/wp-content\\\/uploads\\\/2025\\\/01\\\/1-11-1024x684.jpg\",\"datePublished\":\"2022-04-29T07:42:53+00:00\",\"dateModified\":\"2025-01-09T07:51:56+00:00\",\"description\":\"TSW8 Intelligent Circuit Breaker Supplier - Wholesale direct from TOSUNlux, a trusted manufacturer since 1994. Get your B2B factory quote on our certified Low Voltage electrical products.\",\"breadcrumb\":{\"@id\":\"https:\\\/\\\/www.tosunlux.eu\\\/pl\\\/products\\\/tsw8-intelligent-circuit-breaker\\\/#breadcrumb\"},\"inLanguage\":\"es\",\"potentialAction\":[{\"@type\":\"ReadAction\",\"target\":[\"https:\\\/\\\/www.tosunlux.eu\\\/pl\\\/products\\\/tsw8-intelligent-circuit-breaker\\\/\"]}]},{\"@type\":\"ImageObject\",\"inLanguage\":\"es\",\"@id\":\"https:\\\/\\\/www.tosunlux.eu\\\/pl\\\/products\\\/tsw8-intelligent-circuit-breaker\\\/#primaryimage\",\"url\":\"https:\\\/\\\/www.tosunlux.eu\\\/wp-content\\\/uploads\\\/2025\\\/01\\\/1-11-1024x684.jpg\",\"contentUrl\":\"https:\\\/\\\/www.tosunlux.eu\\\/wp-content\\\/uploads\\\/2025\\\/01\\\/1-11-1024x684.jpg\"},{\"@type\":\"BreadcrumbList\",\"@id\":\"https:\\\/\\\/www.tosunlux.eu\\\/pl\\\/products\\\/tsw8-intelligent-circuit-breaker\\\/#breadcrumb\",\"itemListElement\":[{\"@type\":\"ListItem\",\"position\":1,\"name\":\"Home\",\"item\":\"https:\\\/\\\/www.tosunlux.eu\\\/ru\\\/\"},{\"@type\":\"ListItem\",\"position\":2,\"name\":\"Products\",\"item\":\"https:\\\/\\\/www.tosunlux.eu\\\/products\\\/\"},{\"@type\":\"ListItem\",\"position\":3,\"name\":\"TSW8 Intelligent Circuit Breaker\"}]},{\"@type\":\"WebSite\",\"@id\":\"https:\\\/\\\/www.tosunlux.eu\\\/ru\\\/#website\",\"url\":\"https:\\\/\\\/www.tosunlux.eu\\\/ru\\\/\",\"name\":\"TOSUNlux Official Site - Electrical Circuit Breaker Manufacturer in China\",\"description\":\"Power Distribution System Supplier\",\"publisher\":{\"@id\":\"https:\\\/\\\/www.tosunlux.eu\\\/ru\\\/#organization\"},\"alternateName\":\"TOSUNlux\",\"potentialAction\":[{\"@type\":\"SearchAction\",\"target\":{\"@type\":\"EntryPoint\",\"urlTemplate\":\"https:\\\/\\\/www.tosunlux.eu\\\/ru\\\/?s={search_term_string}\"},\"query-input\":{\"@type\":\"PropertyValueSpecification\",\"valueRequired\":true,\"valueName\":\"search_term_string\"}}],\"inLanguage\":\"es\"},{\"@type\":\"Organization\",\"@id\":\"https:\\\/\\\/www.tosunlux.eu\\\/ru\\\/#organization\",\"name\":\"TOSUNlux\",\"url\":\"https:\\\/\\\/www.tosunlux.eu\\\/ru\\\/\",\"logo\":{\"@type\":\"ImageObject\",\"inLanguage\":\"es\",\"@id\":\"https:\\\/\\\/www.tosunlux.eu\\\/ru\\\/#\\\/schema\\\/logo\\\/image\\\/\",\"url\":\"https:\\\/\\\/www.tosunlux.eu\\\/wp-content\\\/uploads\\\/2022\\\/01\\\/LOGOSYSM.71762f1.png\",\"contentUrl\":\"https:\\\/\\\/www.tosunlux.eu\\\/wp-content\\\/uploads\\\/2022\\\/01\\\/LOGOSYSM.71762f1.png\",\"width\":153,\"height\":55,\"caption\":\"TOSUNlux\"},\"image\":{\"@id\":\"https:\\\/\\\/www.tosunlux.eu\\\/ru\\\/#\\\/schema\\\/logo\\\/image\\\/\"},\"sameAs\":[\"https:\\\/\\\/www.facebook.com\\\/TOSUNelectric\\\/\",\"https:\\\/\\\/www.linkedin.com\\\/company\\\/wenzhou-tosun-electric-co.-ltd\\\/\"]}]}<\/script>\n<!-- \/ Yoast SEO plugin. -->","yoast_head_json":{"title":"Disyuntor inteligente TSW8 al por mayor - Sitio oficial de TOSUNlux - Fabricante de disyuntores el\u00e9ctricos en China, proveedor de equipos el\u00e9ctricos de bajo voltaje | TOSUNlux","description":"Proveedor de disyuntores inteligentes TSW8: venta al por mayor directa de TOSUNlux, un fabricante confiable desde 1994. Obtenga su cotizaci\u00f3n de f\u00e1brica B2B para nuestros productos el\u00e9ctricos de bajo voltaje certificados.","robots":{"index":"index","follow":"follow","max-snippet":"max-snippet:-1","max-image-preview":"max-image-preview:large","max-video-preview":"max-video-preview:-1"},"canonical":"https:\/\/www.tosunlux.eu\/es\/products\/tsw8-intelligent-circuit-breaker\/","og_locale":"es_ES","og_type":"article","og_title":"WholesaleTSW8 Intelligent Circuit Breaker - TOSUNlux Official Site - Electrical Circuit Breaker Manufacturer in China Low Voltage Electrical Supplier | TOSUNlux","og_description":"TSW8 Intelligent Circuit Breaker Supplier - Wholesale direct from TOSUNlux, a trusted manufacturer since 1994. Get your B2B factory quote on our certified Low Voltage electrical products.","og_url":"https:\/\/www.tosunlux.eu\/es\/products\/tsw8-intelligent-circuit-breaker\/","og_site_name":"TOSUNlux Official Site - Electrical Circuit Breaker Manufacturer in China","article_publisher":"https:\/\/www.facebook.com\/TOSUNelectric\/","article_modified_time":"2025-01-09T07:51:56+00:00","og_image":[{"url":"https:\/\/www.tosunlux.eu\/wp-content\/uploads\/2025\/01\/1-11-1024x684.jpg","type":"","width":"","height":""}],"twitter_card":"summary_large_image","twitter_misc":{"Tiempo de lectura":"2 minutos"},"schema":{"@context":"https:\/\/schema.org","@graph":[{"@type":"WebPage","@id":"https:\/\/www.tosunlux.eu\/pl\/products\/tsw8-intelligent-circuit-breaker\/","url":"https:\/\/www.tosunlux.eu\/pl\/products\/tsw8-intelligent-circuit-breaker\/","name":"Disyuntor inteligente TSW8 al por mayor - Sitio oficial de TOSUNlux - Fabricante de disyuntores el\u00e9ctricos en China, proveedor de equipos el\u00e9ctricos de bajo voltaje | TOSUNlux","isPartOf":{"@id":"https:\/\/www.tosunlux.eu\/ru\/#website"},"primaryImageOfPage":{"@id":"https:\/\/www.tosunlux.eu\/pl\/products\/tsw8-intelligent-circuit-breaker\/#primaryimage"},"image":{"@id":"https:\/\/www.tosunlux.eu\/pl\/products\/tsw8-intelligent-circuit-breaker\/#primaryimage"},"thumbnailUrl":"https:\/\/www.tosunlux.eu\/wp-content\/uploads\/2025\/01\/1-11-1024x684.jpg","datePublished":"2022-04-29T07:42:53+00:00","dateModified":"2025-01-09T07:51:56+00:00","description":"Proveedor de disyuntores inteligentes TSW8: venta al por mayor directa de TOSUNlux, un fabricante confiable desde 1994. Obtenga su cotizaci\u00f3n de f\u00e1brica B2B para nuestros productos el\u00e9ctricos de bajo voltaje certificados.","breadcrumb":{"@id":"https:\/\/www.tosunlux.eu\/pl\/products\/tsw8-intelligent-circuit-breaker\/#breadcrumb"},"inLanguage":"es","potentialAction":[{"@type":"ReadAction","target":["https:\/\/www.tosunlux.eu\/pl\/products\/tsw8-intelligent-circuit-breaker\/"]}]},{"@type":"ImageObject","inLanguage":"es","@id":"https:\/\/www.tosunlux.eu\/pl\/products\/tsw8-intelligent-circuit-breaker\/#primaryimage","url":"https:\/\/www.tosunlux.eu\/wp-content\/uploads\/2025\/01\/1-11-1024x684.jpg","contentUrl":"https:\/\/www.tosunlux.eu\/wp-content\/uploads\/2025\/01\/1-11-1024x684.jpg"},{"@type":"BreadcrumbList","@id":"https:\/\/www.tosunlux.eu\/pl\/products\/tsw8-intelligent-circuit-breaker\/#breadcrumb","itemListElement":[{"@type":"ListItem","position":1,"name":"Home","item":"https:\/\/www.tosunlux.eu\/ru\/"},{"@type":"ListItem","position":2,"name":"Products","item":"https:\/\/www.tosunlux.eu\/products\/"},{"@type":"ListItem","position":3,"name":"TSW8 Intelligent Circuit Breaker"}]},{"@type":"WebSite","@id":"https:\/\/www.tosunlux.eu\/ru\/#website","url":"https:\/\/www.tosunlux.eu\/ru\/","name":"Sitio oficial de TOSUNlux - Fabricante de disyuntores el\u00e9ctricos en China","description":"Proveedor de sistemas de distribuci\u00f3n de energ\u00eda","publisher":{"@id":"https:\/\/www.tosunlux.eu\/ru\/#organization"},"alternateName":"TOSUNlux","potentialAction":[{"@type":"SearchAction","target":{"@type":"EntryPoint","urlTemplate":"https:\/\/www.tosunlux.eu\/ru\/?s={search_term_string}"},"query-input":{"@type":"PropertyValueSpecification","valueRequired":true,"valueName":"search_term_string"}}],"inLanguage":"es"},{"@type":"Organization","@id":"https:\/\/www.tosunlux.eu\/ru\/#organization","name":"TOSUNlux","url":"https:\/\/www.tosunlux.eu\/ru\/","logo":{"@type":"ImageObject","inLanguage":"es","@id":"https:\/\/www.tosunlux.eu\/ru\/#\/schema\/logo\/image\/","url":"https:\/\/www.tosunlux.eu\/wp-content\/uploads\/2022\/01\/LOGOSYSM.71762f1.png","contentUrl":"https:\/\/www.tosunlux.eu\/wp-content\/uploads\/2022\/01\/LOGOSYSM.71762f1.png","width":153,"height":55,"caption":"TOSUNlux"},"image":{"@id":"https:\/\/www.tosunlux.eu\/ru\/#\/schema\/logo\/image\/"},"sameAs":["https:\/\/www.facebook.com\/TOSUNelectric\/","https:\/\/www.linkedin.com\/company\/wenzhou-tosun-electric-co.-ltd\/"]}]}},"_links":{"self":[{"href":"https:\/\/www.tosunlux.eu\/es\/wp-json\/wp\/v2\/product\/2139","targetHints":{"allow":["GET"]}}],"collection":[{"href":"https:\/\/www.tosunlux.eu\/es\/wp-json\/wp\/v2\/product"}],"about":[{"href":"https:\/\/www.tosunlux.eu\/es\/wp-json\/wp\/v2\/types\/product"}],"version-history":[{"count":3,"href":"https:\/\/www.tosunlux.eu\/es\/wp-json\/wp\/v2\/product\/2139\/revisions"}],"predecessor-version":[{"id":12248,"href":"https:\/\/www.tosunlux.eu\/es\/wp-json\/wp\/v2\/product\/2139\/revisions\/12248"}],"wp:attachment":[{"href":"https:\/\/www.tosunlux.eu\/es\/wp-json\/wp\/v2\/media?parent=2139"}],"wp:term":[{"taxonomy":"product_category","embeddable":true,"href":"https:\/\/www.tosunlux.eu\/es\/wp-json\/wp\/v2\/product_category?post=2139"}],"curies":[{"name":"gracias","href":"https:\/\/api.w.org\/{rel}","templated":true}]}}