{"id":2176,"date":"2022-05-03T10:15:04","date_gmt":"2022-05-03T02:15:04","guid":{"rendered":"https:\/\/www.tosunlux.eu\/?post_type=product&#038;p=2176"},"modified":"2025-01-13T15:19:55","modified_gmt":"2025-01-13T07:19:55","slug":"mp-motor-protection-circuit-breaker-mp2","status":"publish","type":"product","link":"https:\/\/www.tosunlux.eu\/es\/products\/mp-motor-protection-circuit-breaker-mp2\/","title":{"rendered":"Disyuntor de protecci\u00f3n de motores MP"},"content":{"rendered":"<figure class=\"wp-block-image size-large is-resized\"><img decoding=\"async\" src=\"https:\/\/www.tosunlux.eu\/wp-content\/uploads\/2023\/06\/logo-3-1024x348.jpg\" alt=\"\" class=\"wp-image-7260\" width=\"256\" height=\"87\" srcset=\"https:\/\/www.tosunlux.eu\/wp-content\/uploads\/2023\/06\/logo-3-1024x348.jpg 1024w, https:\/\/www.tosunlux.eu\/wp-content\/uploads\/2023\/06\/logo-3-300x102.jpg 300w, https:\/\/www.tosunlux.eu\/wp-content\/uploads\/2023\/06\/logo-3-768x261.jpg 768w, https:\/\/www.tosunlux.eu\/wp-content\/uploads\/2023\/06\/logo-3-1536x521.jpg 1536w, https:\/\/www.tosunlux.eu\/wp-content\/uploads\/2023\/06\/logo-3-18x6.jpg 18w, https:\/\/www.tosunlux.eu\/wp-content\/uploads\/2023\/06\/logo-3.jpg 1600w\" sizes=\"(max-width: 256px) 100vw, 256px\" \/><\/figure>\n\n\n\n<figure class=\"wp-block-image size-full\"><img decoding=\"async\" width=\"104\" height=\"104\" src=\"https:\/\/www.tosunlux.eu\/wp-content\/uploads\/2025\/01\/\u8ba4\u8bc1-2.jpg\" alt=\"\" class=\"wp-image-12249\" srcset=\"https:\/\/www.tosunlux.eu\/wp-content\/uploads\/2025\/01\/\u8ba4\u8bc1-2.jpg 104w, https:\/\/www.tosunlux.eu\/wp-content\/uploads\/2025\/01\/\u8ba4\u8bc1-2-12x12.jpg 12w\" sizes=\"(max-width: 104px) 100vw, 104px\" \/><\/figure>\n\n\n\n<p><strong>Solicitud<\/strong><\/p>\n\n\n\n<p>Los disyuntores de protecci\u00f3n de motor de la serie MP se utilizan principalmente para sobrecargas y cortocircuitos.<br>circuito de protecci\u00f3n del motor en AC 50\/60Hz, hasta 660V, circuito de potencia 0.1-80A, como<br>Arrancador de voltaje completo para arrancar y apagar el motor, bajo la carga AC3 o para la sobrecarga<br>y protecci\u00f3n contra cortocircuitos del circuito y equipo de potencia en la distribuci\u00f3n de energ\u00eda<br>red.<\/p>\n\n\n\n<p><strong>Especificaci\u00f3n<\/strong><\/p>\n\n\n<table width=\"846\">\n<tbody>\n<tr>\n<td style=\"text-align: center;\" width=\"79\">Modelo<\/td>\n<td style=\"text-align: center;\" colspan=\"4\" width=\"461\">Potencia est\u00e1ndar nominal de motores trif\u00e1sicos 50\/60 Hz en categor\u00eda, AC-3<\/td>\n<td style=\"text-align: center;\" rowspan=\"2\" width=\"129\">AjusteRango(A)<\/td>\n<td style=\"text-align: center;\" rowspan=\"2\" width=\"177\">Corriente de disparo magn\u00e9tico (A)<\/td>\n<\/tr>\n<tr>\n<td style=\"text-align: center;\" width=\"79\">MP1 MP2<\/td>\n<td style=\"text-align: center;\" width=\"84\">230V<br \/>kilovatios<\/td>\n<td style=\"text-align: center;\" width=\"79\">400V<br \/>kilovatios<\/td>\n<td style=\"text-align: center;\" width=\"101\">415V kilovatios<\/td>\n<td style=\"text-align: center;\" width=\"197\">\u00a0 440V<br \/>kilovatios<\/td>\n<\/tr>\n<tr>\n<td style=\"text-align: center;\" width=\"79\">M01<\/td>\n<td style=\"text-align: center;\" width=\"84\">\u2013<\/td>\n<td style=\"text-align: center;\" width=\"79\">\u2013<\/td>\n<td style=\"text-align: center;\" width=\"101\">\u2013<\/td>\n<td style=\"text-align: center;\" width=\"197\">\u2013<\/td>\n<td style=\"text-align: center;\" width=\"129\">0.1-0.16<\/td>\n<td style=\"text-align: center;\" width=\"177\">1.5<\/td>\n<\/tr>\n<tr>\n<td style=\"text-align: center;\" width=\"79\">M02<\/td>\n<td style=\"text-align: center;\" width=\"84\">\u2013<\/td>\n<td style=\"text-align: center;\" width=\"79\">\u2013<\/td>\n<td style=\"text-align: center;\" width=\"101\">\u2013<\/td>\n<td style=\"text-align: center;\" width=\"197\">\u2013<\/td>\n<td style=\"text-align: center;\" width=\"129\">0.16-0.25<\/td>\n<td style=\"text-align: center;\" width=\"177\">2.4<\/td>\n<\/tr>\n<tr>\n<td style=\"text-align: center;\" width=\"79\">M03<\/td>\n<td style=\"text-align: center;\" width=\"84\">\u2013<\/td>\n<td style=\"text-align: center;\" width=\"79\">\u2013<\/td>\n<td style=\"text-align: center;\" width=\"101\">\u2013<\/td>\n<td style=\"text-align: center;\" width=\"197\">\u2013<\/td>\n<td style=\"text-align: center;\" width=\"129\">0.25-0.4<\/td>\n<td style=\"text-align: center;\" width=\"177\">5<\/td>\n<\/tr>\n<tr>\n<td style=\"text-align: center;\" width=\"79\">M04<\/td>\n<td style=\"text-align: center;\" width=\"84\">\u2013<\/td>\n<td style=\"text-align: center;\" width=\"79\">\u2013<\/td>\n<td style=\"text-align: center;\" width=\"101\">\u2013<\/td>\n<td style=\"text-align: center;\" width=\"197\">\u2013<\/td>\n<td style=\"text-align: center;\" width=\"129\">0.4-0.63<\/td>\n<td style=\"text-align: center;\" width=\"177\">8<\/td>\n<\/tr>\n<tr>\n<td style=\"text-align: center;\" width=\"79\">M05<\/td>\n<td style=\"text-align: center;\" width=\"84\">\u2013<\/td>\n<td style=\"text-align: center;\" width=\"79\">\u2013<\/td>\n<td style=\"text-align: center;\" width=\"101\">\u00a0\u2013<\/td>\n<td style=\"text-align: center;\" width=\"197\">\u00a00.37<\/td>\n<td style=\"text-align: center;\" width=\"129\">0.63-1<\/td>\n<td style=\"text-align: center;\" width=\"177\">13<\/td>\n<\/tr>\n<tr>\n<td style=\"text-align: center;\" width=\"79\">M06<\/td>\n<td style=\"text-align: center;\" width=\"84\">\u2013<\/td>\n<td style=\"text-align: center;\" width=\"79\">0.37<\/td>\n<td style=\"text-align: center;\" width=\"101\">\u2013<\/td>\n<td style=\"text-align: center;\" width=\"197\">0.55<\/td>\n<td style=\"text-align: center;\" width=\"129\">1-1.6<\/td>\n<td style=\"text-align: center;\" width=\"177\">22.5<\/td>\n<\/tr>\n<tr>\n<td style=\"text-align: center;\" width=\"79\">M07<\/td>\n<td style=\"text-align: center;\" width=\"84\">0.37<\/td>\n<td style=\"text-align: center;\" width=\"79\">0.75<\/td>\n<td style=\"text-align: center;\" width=\"101\">0.75<\/td>\n<td style=\"text-align: center;\" width=\"197\">1.1<\/td>\n<td style=\"text-align: center;\" width=\"129\">1.6-2.5<\/td>\n<td style=\"text-align: center;\" width=\"177\">33.5<\/td>\n<\/tr>\n<tr>\n<td style=\"text-align: center;\" width=\"79\">M08<\/td>\n<td style=\"text-align: center;\" width=\"84\">0.75<\/td>\n<td style=\"text-align: center;\" width=\"79\">1.5<\/td>\n<td style=\"text-align: center;\" width=\"101\">1.5<\/td>\n<td style=\"text-align: center;\" width=\"197\">1.5<\/td>\n<td style=\"text-align: center;\" width=\"129\">2.5-4<\/td>\n<td style=\"text-align: center;\" width=\"177\">51<\/td>\n<\/tr>\n<tr>\n<td style=\"text-align: center;\" width=\"79\">M10<\/td>\n<td style=\"text-align: center;\" width=\"84\">1.1<\/td>\n<td style=\"text-align: center;\" width=\"79\">2.2<\/td>\n<td style=\"text-align: center;\" width=\"101\">2.2<\/td>\n<td style=\"text-align: center;\" width=\"197\">3<\/td>\n<td style=\"text-align: center;\" width=\"129\">4-6.3<\/td>\n<td style=\"text-align: center;\" width=\"177\">78<\/td>\n<\/tr>\n<tr>\n<td style=\"text-align: center;\" width=\"79\">M14<\/td>\n<td style=\"text-align: center;\" width=\"84\">2.2<\/td>\n<td style=\"text-align: center;\" width=\"79\">4<\/td>\n<td style=\"text-align: center;\" width=\"101\">4<\/td>\n<td style=\"text-align: center;\" width=\"197\">4<\/td>\n<td style=\"text-align: center;\" width=\"129\">6-10<\/td>\n<td style=\"text-align: center;\" width=\"177\">138<\/td>\n<\/tr>\n<tr>\n<td style=\"text-align: center;\" width=\"79\">M16<\/td>\n<td style=\"text-align: center;\" width=\"84\">3<\/td>\n<td style=\"text-align: center;\" width=\"79\">5.5<\/td>\n<td style=\"text-align: center;\" width=\"101\">5.5<\/td>\n<td style=\"text-align: center;\" width=\"197\">7.5<\/td>\n<td style=\"text-align: center;\" width=\"129\">9-14<\/td>\n<td style=\"text-align: center;\" width=\"177\">170<\/td>\n<\/tr>\n<tr>\n<td style=\"text-align: center;\" width=\"79\">M20<\/td>\n<td style=\"text-align: center;\" width=\"84\">4<\/td>\n<td style=\"text-align: center;\" width=\"79\">7.5<\/td>\n<td style=\"text-align: center;\" width=\"101\">9<\/td>\n<td style=\"text-align: center;\" width=\"197\">9<\/td>\n<td style=\"text-align: center;\" width=\"129\">13-18<\/td>\n<td style=\"text-align: center;\" width=\"177\">223<\/td>\n<\/tr>\n<tr>\n<td style=\"text-align: center;\" width=\"79\">M21<\/td>\n<td style=\"text-align: center;\" width=\"84\">5.5<\/td>\n<td style=\"text-align: center;\" width=\"79\">11<\/td>\n<td style=\"text-align: center;\" width=\"101\">11<\/td>\n<td style=\"text-align: center;\" width=\"197\">11<\/td>\n<td style=\"text-align: center;\" width=\"129\">17-23<\/td>\n<td style=\"text-align: center;\" width=\"177\">327<\/td>\n<\/tr>\n<tr>\n<td style=\"text-align: center;\" width=\"79\">M22<\/td>\n<td style=\"text-align: center;\" width=\"84\">5.5<\/td>\n<td style=\"text-align: center;\" width=\"79\">11<\/td>\n<td style=\"text-align: center;\" width=\"101\">11<\/td>\n<td style=\"text-align: center;\" width=\"197\">11<\/td>\n<td style=\"text-align: center;\" width=\"129\">20-25<\/td>\n<td style=\"text-align: center;\" width=\"177\">327<\/td>\n<\/tr>\n<tr>\n<td style=\"text-align: center;\" width=\"79\">M32<\/td>\n<td style=\"text-align: center;\" width=\"84\">7.5<\/td>\n<td style=\"text-align: center;\" width=\"79\">15<\/td>\n<td style=\"text-align: center;\" width=\"101\">15<\/td>\n<td style=\"text-align: center;\" width=\"197\">15<\/td>\n<td style=\"text-align: center;\" width=\"129\">24-32<\/td>\n<td style=\"text-align: center;\" width=\"177\">416<\/td>\n<\/tr>\n<\/tbody>\n<\/table>\n\n\n<p><strong>Dimensiones<\/strong><\/p>\n\n\n\n<figure class=\"wp-block-image size-large\"><img fetchpriority=\"high\" decoding=\"async\" width=\"1024\" height=\"299\" src=\"https:\/\/www.tosunlux.eu\/wp-content\/uploads\/2025\/01\/1-12-1024x299.jpg\" alt=\"\" class=\"wp-image-12342\" srcset=\"https:\/\/www.tosunlux.eu\/wp-content\/uploads\/2025\/01\/1-12-1024x299.jpg 1024w, https:\/\/www.tosunlux.eu\/wp-content\/uploads\/2025\/01\/1-12-300x88.jpg 300w, https:\/\/www.tosunlux.eu\/wp-content\/uploads\/2025\/01\/1-12-768x224.jpg 768w, https:\/\/www.tosunlux.eu\/wp-content\/uploads\/2025\/01\/1-12-18x5.jpg 18w, https:\/\/www.tosunlux.eu\/wp-content\/uploads\/2025\/01\/1-12.jpg 1464w\" sizes=\"(max-width: 1024px) 100vw, 1024px\" \/><\/figure>","protected":false},"parent":0,"template":"","product_category":[24,81,85],"class_list":["post-2176","product","type-product","status-publish","hentry","product_category-power-distribution-system","product_category-mpcb","product_category-intelligent-circuit-breaker"],"yoast_head":"<!-- This site is optimized with the Yoast SEO plugin v27.5 - https:\/\/yoast.com\/product\/yoast-seo-wordpress\/ -->\n<title>WholesaleMP Motor Protection Circuit Breaker - TOSUNlux Official Site - Electrical Circuit Breaker Manufacturer in China Low Voltage Electrical Supplier | TOSUNlux<\/title>\n<meta name=\"description\" content=\"MP Motor Protection Circuit Breaker Supplier - Wholesale direct from TOSUNlux, a trusted manufacturer since 1994. Get your B2B factory quote on our certified Low Voltage electrical products.\" \/>\n<meta name=\"robots\" content=\"index, follow, max-snippet:-1, max-image-preview:large, max-video-preview:-1\" \/>\n<link rel=\"canonical\" href=\"https:\/\/www.tosunlux.eu\/es\/products\/mp-motor-protection-circuit-breaker-mp2\/\" \/>\n<meta property=\"og:locale\" content=\"es_ES\" \/>\n<meta property=\"og:type\" content=\"article\" \/>\n<meta property=\"og:title\" content=\"WholesaleMP Motor Protection Circuit Breaker - TOSUNlux Official Site - Electrical Circuit Breaker Manufacturer in China Low Voltage Electrical Supplier | TOSUNlux\" \/>\n<meta property=\"og:description\" content=\"MP Motor Protection Circuit Breaker Supplier - Wholesale direct from TOSUNlux, a trusted manufacturer since 1994. Get your B2B factory quote on our certified Low Voltage electrical products.\" \/>\n<meta property=\"og:url\" content=\"https:\/\/www.tosunlux.eu\/es\/products\/mp-motor-protection-circuit-breaker-mp2\/\" \/>\n<meta property=\"og:site_name\" content=\"TOSUNlux Official Site - Electrical Circuit Breaker Manufacturer in China\" \/>\n<meta property=\"article:publisher\" content=\"https:\/\/www.facebook.com\/TOSUNelectric\/\" \/>\n<meta property=\"article:modified_time\" content=\"2025-01-13T07:19:55+00:00\" \/>\n<meta property=\"og:image\" content=\"https:\/\/www.tosunlux.eu\/wp-content\/uploads\/2023\/06\/logo-3-1024x348.jpg\" \/>\n<meta name=\"twitter:card\" content=\"summary_large_image\" \/>\n<meta name=\"twitter:label1\" content=\"Tiempo de lectura\" \/>\n\t<meta name=\"twitter:data1\" content=\"2 minutos\" \/>\n<script type=\"application\/ld+json\" class=\"yoast-schema-graph\">{\"@context\":\"https:\\\/\\\/schema.org\",\"@graph\":[{\"@type\":\"WebPage\",\"@id\":\"https:\\\/\\\/www.tosunlux.eu\\\/fr\\\/products\\\/mp-motor-protection-circuit-breaker-mp2\\\/\",\"url\":\"https:\\\/\\\/www.tosunlux.eu\\\/fr\\\/products\\\/mp-motor-protection-circuit-breaker-mp2\\\/\",\"name\":\"WholesaleMP Motor Protection Circuit Breaker - TOSUNlux Official Site - Electrical Circuit Breaker Manufacturer in China Low Voltage Electrical Supplier | TOSUNlux\",\"isPartOf\":{\"@id\":\"https:\\\/\\\/www.tosunlux.eu\\\/ru\\\/#website\"},\"primaryImageOfPage\":{\"@id\":\"https:\\\/\\\/www.tosunlux.eu\\\/fr\\\/products\\\/mp-motor-protection-circuit-breaker-mp2\\\/#primaryimage\"},\"image\":{\"@id\":\"https:\\\/\\\/www.tosunlux.eu\\\/fr\\\/products\\\/mp-motor-protection-circuit-breaker-mp2\\\/#primaryimage\"},\"thumbnailUrl\":\"https:\\\/\\\/www.tosunlux.eu\\\/wp-content\\\/uploads\\\/2023\\\/06\\\/logo-3-1024x348.jpg\",\"datePublished\":\"2022-05-03T02:15:04+00:00\",\"dateModified\":\"2025-01-13T07:19:55+00:00\",\"description\":\"MP Motor Protection Circuit Breaker Supplier - Wholesale direct from TOSUNlux, a trusted manufacturer since 1994. Get your B2B factory quote on our certified Low Voltage electrical products.\",\"breadcrumb\":{\"@id\":\"https:\\\/\\\/www.tosunlux.eu\\\/fr\\\/products\\\/mp-motor-protection-circuit-breaker-mp2\\\/#breadcrumb\"},\"inLanguage\":\"es\",\"potentialAction\":[{\"@type\":\"ReadAction\",\"target\":[\"https:\\\/\\\/www.tosunlux.eu\\\/fr\\\/products\\\/mp-motor-protection-circuit-breaker-mp2\\\/\"]}]},{\"@type\":\"ImageObject\",\"inLanguage\":\"es\",\"@id\":\"https:\\\/\\\/www.tosunlux.eu\\\/fr\\\/products\\\/mp-motor-protection-circuit-breaker-mp2\\\/#primaryimage\",\"url\":\"https:\\\/\\\/www.tosunlux.eu\\\/wp-content\\\/uploads\\\/2023\\\/06\\\/logo-3-1024x348.jpg\",\"contentUrl\":\"https:\\\/\\\/www.tosunlux.eu\\\/wp-content\\\/uploads\\\/2023\\\/06\\\/logo-3-1024x348.jpg\"},{\"@type\":\"BreadcrumbList\",\"@id\":\"https:\\\/\\\/www.tosunlux.eu\\\/fr\\\/products\\\/mp-motor-protection-circuit-breaker-mp2\\\/#breadcrumb\",\"itemListElement\":[{\"@type\":\"ListItem\",\"position\":1,\"name\":\"Home\",\"item\":\"https:\\\/\\\/www.tosunlux.eu\\\/ru\\\/\"},{\"@type\":\"ListItem\",\"position\":2,\"name\":\"Products\",\"item\":\"https:\\\/\\\/www.tosunlux.eu\\\/products\\\/\"},{\"@type\":\"ListItem\",\"position\":3,\"name\":\"MP Motor Protection Circuit Breaker\"}]},{\"@type\":\"WebSite\",\"@id\":\"https:\\\/\\\/www.tosunlux.eu\\\/ru\\\/#website\",\"url\":\"https:\\\/\\\/www.tosunlux.eu\\\/ru\\\/\",\"name\":\"TOSUNlux Official Site - Electrical Circuit Breaker Manufacturer in China\",\"description\":\"Power Distribution System Supplier\",\"publisher\":{\"@id\":\"https:\\\/\\\/www.tosunlux.eu\\\/ru\\\/#organization\"},\"alternateName\":\"TOSUNlux\",\"potentialAction\":[{\"@type\":\"SearchAction\",\"target\":{\"@type\":\"EntryPoint\",\"urlTemplate\":\"https:\\\/\\\/www.tosunlux.eu\\\/ru\\\/?s={search_term_string}\"},\"query-input\":{\"@type\":\"PropertyValueSpecification\",\"valueRequired\":true,\"valueName\":\"search_term_string\"}}],\"inLanguage\":\"es\"},{\"@type\":\"Organization\",\"@id\":\"https:\\\/\\\/www.tosunlux.eu\\\/ru\\\/#organization\",\"name\":\"TOSUNlux\",\"url\":\"https:\\\/\\\/www.tosunlux.eu\\\/ru\\\/\",\"logo\":{\"@type\":\"ImageObject\",\"inLanguage\":\"es\",\"@id\":\"https:\\\/\\\/www.tosunlux.eu\\\/ru\\\/#\\\/schema\\\/logo\\\/image\\\/\",\"url\":\"https:\\\/\\\/www.tosunlux.eu\\\/wp-content\\\/uploads\\\/2022\\\/01\\\/LOGOSYSM.71762f1.png\",\"contentUrl\":\"https:\\\/\\\/www.tosunlux.eu\\\/wp-content\\\/uploads\\\/2022\\\/01\\\/LOGOSYSM.71762f1.png\",\"width\":153,\"height\":55,\"caption\":\"TOSUNlux\"},\"image\":{\"@id\":\"https:\\\/\\\/www.tosunlux.eu\\\/ru\\\/#\\\/schema\\\/logo\\\/image\\\/\"},\"sameAs\":[\"https:\\\/\\\/www.facebook.com\\\/TOSUNelectric\\\/\",\"https:\\\/\\\/www.linkedin.com\\\/company\\\/wenzhou-tosun-electric-co.-ltd\\\/\"]}]}<\/script>\n<!-- \/ Yoast SEO plugin. -->","yoast_head_json":{"title":"Disyuntor de protecci\u00f3n de motor MP al por mayor - Sitio oficial de TOSUNlux - Fabricante de disyuntores el\u00e9ctricos en China, proveedor de equipos el\u00e9ctricos de baja tensi\u00f3n | TOSUNlux","description":"Proveedor de disyuntores de protecci\u00f3n de motor MP: venta al por mayor directa de TOSUNlux, un fabricante confiable desde 1994. Obtenga su cotizaci\u00f3n de f\u00e1brica B2B en nuestros productos el\u00e9ctricos de bajo voltaje certificados.","robots":{"index":"index","follow":"follow","max-snippet":"max-snippet:-1","max-image-preview":"max-image-preview:large","max-video-preview":"max-video-preview:-1"},"canonical":"https:\/\/www.tosunlux.eu\/es\/products\/mp-motor-protection-circuit-breaker-mp2\/","og_locale":"es_ES","og_type":"article","og_title":"WholesaleMP Motor Protection Circuit Breaker - TOSUNlux Official Site - Electrical Circuit Breaker Manufacturer in China Low Voltage Electrical Supplier | TOSUNlux","og_description":"MP Motor Protection Circuit Breaker Supplier - Wholesale direct from TOSUNlux, a trusted manufacturer since 1994. Get your B2B factory quote on our certified Low Voltage electrical products.","og_url":"https:\/\/www.tosunlux.eu\/es\/products\/mp-motor-protection-circuit-breaker-mp2\/","og_site_name":"TOSUNlux Official Site - Electrical Circuit Breaker Manufacturer in China","article_publisher":"https:\/\/www.facebook.com\/TOSUNelectric\/","article_modified_time":"2025-01-13T07:19:55+00:00","og_image":[{"url":"https:\/\/www.tosunlux.eu\/wp-content\/uploads\/2023\/06\/logo-3-1024x348.jpg","type":"","width":"","height":""}],"twitter_card":"summary_large_image","twitter_misc":{"Tiempo de lectura":"2 minutos"},"schema":{"@context":"https:\/\/schema.org","@graph":[{"@type":"WebPage","@id":"https:\/\/www.tosunlux.eu\/fr\/products\/mp-motor-protection-circuit-breaker-mp2\/","url":"https:\/\/www.tosunlux.eu\/fr\/products\/mp-motor-protection-circuit-breaker-mp2\/","name":"Disyuntor de protecci\u00f3n de motor MP al por mayor - Sitio oficial de TOSUNlux - Fabricante de disyuntores el\u00e9ctricos en China, proveedor de equipos el\u00e9ctricos de baja tensi\u00f3n | TOSUNlux","isPartOf":{"@id":"https:\/\/www.tosunlux.eu\/ru\/#website"},"primaryImageOfPage":{"@id":"https:\/\/www.tosunlux.eu\/fr\/products\/mp-motor-protection-circuit-breaker-mp2\/#primaryimage"},"image":{"@id":"https:\/\/www.tosunlux.eu\/fr\/products\/mp-motor-protection-circuit-breaker-mp2\/#primaryimage"},"thumbnailUrl":"https:\/\/www.tosunlux.eu\/wp-content\/uploads\/2023\/06\/logo-3-1024x348.jpg","datePublished":"2022-05-03T02:15:04+00:00","dateModified":"2025-01-13T07:19:55+00:00","description":"Proveedor de disyuntores de protecci\u00f3n de motor MP: venta al por mayor directa de TOSUNlux, un fabricante confiable desde 1994. Obtenga su cotizaci\u00f3n de f\u00e1brica B2B en nuestros productos el\u00e9ctricos de bajo voltaje certificados.","breadcrumb":{"@id":"https:\/\/www.tosunlux.eu\/fr\/products\/mp-motor-protection-circuit-breaker-mp2\/#breadcrumb"},"inLanguage":"es","potentialAction":[{"@type":"ReadAction","target":["https:\/\/www.tosunlux.eu\/fr\/products\/mp-motor-protection-circuit-breaker-mp2\/"]}]},{"@type":"ImageObject","inLanguage":"es","@id":"https:\/\/www.tosunlux.eu\/fr\/products\/mp-motor-protection-circuit-breaker-mp2\/#primaryimage","url":"https:\/\/www.tosunlux.eu\/wp-content\/uploads\/2023\/06\/logo-3-1024x348.jpg","contentUrl":"https:\/\/www.tosunlux.eu\/wp-content\/uploads\/2023\/06\/logo-3-1024x348.jpg"},{"@type":"BreadcrumbList","@id":"https:\/\/www.tosunlux.eu\/fr\/products\/mp-motor-protection-circuit-breaker-mp2\/#breadcrumb","itemListElement":[{"@type":"ListItem","position":1,"name":"Home","item":"https:\/\/www.tosunlux.eu\/ru\/"},{"@type":"ListItem","position":2,"name":"Products","item":"https:\/\/www.tosunlux.eu\/products\/"},{"@type":"ListItem","position":3,"name":"MP Motor Protection Circuit Breaker"}]},{"@type":"WebSite","@id":"https:\/\/www.tosunlux.eu\/ru\/#website","url":"https:\/\/www.tosunlux.eu\/ru\/","name":"Sitio oficial de TOSUNlux - Fabricante de disyuntores el\u00e9ctricos en China","description":"Proveedor de sistemas de distribuci\u00f3n de energ\u00eda","publisher":{"@id":"https:\/\/www.tosunlux.eu\/ru\/#organization"},"alternateName":"TOSUNlux","potentialAction":[{"@type":"SearchAction","target":{"@type":"EntryPoint","urlTemplate":"https:\/\/www.tosunlux.eu\/ru\/?s={search_term_string}"},"query-input":{"@type":"PropertyValueSpecification","valueRequired":true,"valueName":"search_term_string"}}],"inLanguage":"es"},{"@type":"Organization","@id":"https:\/\/www.tosunlux.eu\/ru\/#organization","name":"TOSUNlux","url":"https:\/\/www.tosunlux.eu\/ru\/","logo":{"@type":"ImageObject","inLanguage":"es","@id":"https:\/\/www.tosunlux.eu\/ru\/#\/schema\/logo\/image\/","url":"https:\/\/www.tosunlux.eu\/wp-content\/uploads\/2022\/01\/LOGOSYSM.71762f1.png","contentUrl":"https:\/\/www.tosunlux.eu\/wp-content\/uploads\/2022\/01\/LOGOSYSM.71762f1.png","width":153,"height":55,"caption":"TOSUNlux"},"image":{"@id":"https:\/\/www.tosunlux.eu\/ru\/#\/schema\/logo\/image\/"},"sameAs":["https:\/\/www.facebook.com\/TOSUNelectric\/","https:\/\/www.linkedin.com\/company\/wenzhou-tosun-electric-co.-ltd\/"]}]}},"_links":{"self":[{"href":"https:\/\/www.tosunlux.eu\/es\/wp-json\/wp\/v2\/product\/2176","targetHints":{"allow":["GET"]}}],"collection":[{"href":"https:\/\/www.tosunlux.eu\/es\/wp-json\/wp\/v2\/product"}],"about":[{"href":"https:\/\/www.tosunlux.eu\/es\/wp-json\/wp\/v2\/types\/product"}],"version-history":[{"count":4,"href":"https:\/\/www.tosunlux.eu\/es\/wp-json\/wp\/v2\/product\/2176\/revisions"}],"predecessor-version":[{"id":12343,"href":"https:\/\/www.tosunlux.eu\/es\/wp-json\/wp\/v2\/product\/2176\/revisions\/12343"}],"wp:attachment":[{"href":"https:\/\/www.tosunlux.eu\/es\/wp-json\/wp\/v2\/media?parent=2176"}],"wp:term":[{"taxonomy":"product_category","embeddable":true,"href":"https:\/\/www.tosunlux.eu\/es\/wp-json\/wp\/v2\/product_category?post=2176"}],"curies":[{"name":"gracias","href":"https:\/\/api.w.org\/{rel}","templated":true}]}}