{"id":2224,"date":"2022-05-03T16:28:12","date_gmt":"2022-05-03T08:28:12","guid":{"rendered":"https:\/\/www.tosunlux.eu\/?post_type=product&#038;p=2224"},"modified":"2025-02-10T14:57:02","modified_gmt":"2025-02-10T06:57:02","slug":"hgld-double-power-automatic-changeover-switch-hgld-400a-4p","status":"publish","type":"product","link":"https:\/\/www.tosunlux.eu\/es\/products\/hgld-double-power-automatic-changeover-switch-hgld-400a-4p\/","title":{"rendered":"Interruptor de cambio autom\u00e1tico de doble potencia HGLD HGLD-400A 4P"},"content":{"rendered":"<p><\/p>\n\n\n\n<p><strong>Solicitud<\/strong><\/p>\n\n\n\n<p><\/p>\n\n\n\n<p>El interruptor de conmutaci\u00f3n autom\u00e1tico de doble potencia de la serie HGLD es adecuado para sistemas el\u00e9ctricos con CA 50\/60 Hz, voltaje de aislamiento nominal de hasta 1000 V, voltaje nominal de hasta 440 V, corriente de calor convencional de hasta 3200 A. Los art\u00edculos se utilizan ampliamente en una variedad de hospitales, edificios, bancos, aeropuertos, minas de carb\u00f3n, telecomunicaciones, autopistas, instalaciones militares, etc.<\/p>\n\n\n\n<p><\/p>\n\n\n\n<p><strong>Especificaci\u00f3n<\/strong><\/p>\n\n\n<table style=\"height: 455px;\" width=\"788\">\n<tbody>\n<tr>\n<td colspan=\"2\" width=\"214\">Corriente de calentamiento nominal (A)<\/td>\n<td style=\"text-align: center;\" width=\"44\">100\u00a0<\/td>\n<td style=\"text-align: center;\" width=\"44\">160\u00a0<\/td>\n<td style=\"text-align: center;\" width=\"44\">250\u00a0<\/td>\n<td style=\"text-align: center;\" width=\"44\">400\u00a0<\/td>\n<td style=\"text-align: center;\" width=\"44\">630\u00a0<\/td>\n<td style=\"text-align: center;\" width=\"44\">1000\u00a0<\/td>\n<td style=\"text-align: center;\" width=\"44\">1250\u00a0<\/td>\n<td style=\"text-align: center;\" width=\"44\">1600\u00a0<\/td>\n<td style=\"text-align: center;\" width=\"44\">2000\u00a0<\/td>\n<td style=\"text-align: center;\" width=\"44\">2500\u00a0<\/td>\n<td style=\"text-align: center;\" width=\"44\">3200\u00a0<\/td>\n<\/tr>\n<tr>\n<td colspan=\"2\" width=\"214\">Tensi\u00f3n nominal de aislamiento<\/td>\n<td style=\"text-align: center;\" colspan=\"5\" width=\"222\">750V<\/td>\n<td style=\"text-align: center;\" colspan=\"6\" width=\"267\">1000V<\/td>\n<\/tr>\n<tr>\n<td colspan=\"2\" width=\"214\">Tensi\u00f3n soportada al impulso nominal<\/td>\n<td style=\"text-align: center;\" colspan=\"5\" width=\"222\">8kV<\/td>\n<td style=\"text-align: center;\" colspan=\"6\" width=\"267\">12 kV<\/td>\n<\/tr>\n<tr>\n<td rowspan=\"3\" width=\"107\">Calificado como funcionando<br \/>corriente (A)<\/td>\n<td style=\"text-align: center;\" width=\"107\">AC-31A<\/td>\n<td style=\"text-align: center;\" width=\"44\">100\u00a0<\/td>\n<td style=\"text-align: center;\" width=\"44\">160\u00a0<\/td>\n<td style=\"text-align: center;\" width=\"44\">250\u00a0<\/td>\n<td style=\"text-align: center;\" width=\"44\">400\u00a0<\/td>\n<td style=\"text-align: center;\" width=\"44\">630\u00a0<\/td>\n<td style=\"text-align: center;\" width=\"44\">1000\u00a0<\/td>\n<td style=\"text-align: center;\" width=\"44\">1250\u00a0<\/td>\n<td style=\"text-align: center;\" width=\"44\">1600\u00a0<\/td>\n<td style=\"text-align: center;\" width=\"44\">2000\u00a0<\/td>\n<td style=\"text-align: center;\" width=\"44\">2500\u00a0<\/td>\n<td style=\"text-align: center;\" width=\"44\">3200\u00a0<\/td>\n<\/tr>\n<tr>\n<td style=\"text-align: center;\" width=\"107\">AC-35A<\/td>\n<td style=\"text-align: center;\" width=\"44\">100\u00a0<\/td>\n<td style=\"text-align: center;\" width=\"44\">160\u00a0<\/td>\n<td style=\"text-align: center;\" width=\"44\">250\u00a0<\/td>\n<td style=\"text-align: center;\" width=\"44\">400\u00a0<\/td>\n<td style=\"text-align: center;\" width=\"44\">630\u00a0<\/td>\n<td style=\"text-align: center;\" width=\"44\">1000\u00a0<\/td>\n<td style=\"text-align: center;\" width=\"44\">1250\u00a0<\/td>\n<td style=\"text-align: center;\" width=\"44\">1600\u00a0<\/td>\n<td style=\"text-align: center;\" width=\"44\">2000\u00a0<\/td>\n<td style=\"text-align: center;\" width=\"44\">2500\u00a0<\/td>\n<td style=\"text-align: center;\" width=\"44\">3200\u00a0<\/td>\n<\/tr>\n<tr>\n<td style=\"text-align: center;\" width=\"107\">AC-33A<\/td>\n<td style=\"text-align: center;\" width=\"44\">100\u00a0<\/td>\n<td style=\"text-align: center;\" width=\"44\">160\u00a0<\/td>\n<td style=\"text-align: center;\" width=\"44\">250\u00a0<\/td>\n<td style=\"text-align: center;\" width=\"44\">400\u00a0<\/td>\n<td style=\"text-align: center;\" width=\"44\">630\u00a0<\/td>\n<td style=\"text-align: center;\" width=\"44\">1000\u00a0<\/td>\n<td style=\"text-align: center;\" width=\"44\">1250\u00a0<\/td>\n<td style=\"text-align: center;\" width=\"44\">1600\u00a0<\/td>\n<td style=\"text-align: center;\" width=\"44\">2000\u00a0<\/td>\n<td style=\"text-align: center;\" width=\"44\">2500\u00a0<\/td>\n<td style=\"text-align: center;\" width=\"44\">3200\u00a0<\/td>\n<\/tr>\n<tr>\n<td colspan=\"2\" width=\"214\">Corriente de resistencia nominal a corto plazo<\/td>\n<td style=\"text-align: center;\" width=\"44\">7 kA<\/td>\n<td style=\"text-align: center;\" colspan=\"2\" width=\"89\">9kA<\/td>\n<td style=\"text-align: center;\" colspan=\"2\" width=\"89\">13 kA<\/td>\n<td style=\"text-align: center;\" colspan=\"3\" width=\"133\">50kA<\/td>\n<td style=\"text-align: center;\" colspan=\"3\" width=\"133\">55 kA<\/td>\n<\/tr>\n<tr>\n<td colspan=\"2\" width=\"214\">Corriente nominal de cortocircuito limitada<\/td>\n<td style=\"text-align: center;\" colspan=\"3\" width=\"133\">100 kA<\/td>\n<td style=\"text-align: center;\" colspan=\"2\" width=\"89\">70 kA<\/td>\n<td style=\"text-align: center;\" width=\"44\">100 kA<\/td>\n<td style=\"text-align: center;\" colspan=\"2\" width=\"89\">120kA<\/td>\n<td style=\"text-align: center;\" colspan=\"3\" width=\"133\">80kA<\/td>\n<\/tr>\n<tr>\n<td colspan=\"2\" width=\"214\">Controlar la tensi\u00f3n de alimentaci\u00f3n<\/td>\n<td style=\"text-align: center;\" colspan=\"11\" width=\"489\">24 V CC, 48 V, 110 V, 220 V CA<\/td>\n<\/tr>\n<tr>\n<td colspan=\"2\" width=\"214\">Tiempo de conversi\u00f3n (s)<\/td>\n<td style=\"text-align: center;\" width=\"44\">0.5\u00a0<\/td>\n<td style=\"text-align: center;\" width=\"44\">1\u00a0<\/td>\n<td style=\"text-align: center;\" width=\"44\">1.1\u00a0<\/td>\n<td style=\"text-align: center;\" colspan=\"2\" width=\"89\">1.2\u00a0<\/td>\n<td style=\"text-align: center;\" colspan=\"3\" width=\"133\">1.25\u00a0<\/td>\n<td style=\"text-align: center;\" colspan=\"3\" width=\"133\">2.45\u00a0<\/td>\n<\/tr>\n<\/tbody>\n<\/table>","protected":false},"parent":0,"template":"","product_category":[24,86],"class_list":["post-2224","product","type-product","status-publish","hentry","product_category-power-distribution-system","product_category-automatic-changeover-switch"],"yoast_head":"<!-- This site is optimized with the Yoast SEO plugin v27.5 - https:\/\/yoast.com\/product\/yoast-seo-wordpress\/ -->\n<title>WholesaleHGLD Double Power Automatic Changeover Switch HGLD-400A 4P - TOSUNlux Official Site - Electrical Circuit Breaker Manufacturer in China Low Voltage Electrical Supplier | TOSUNlux<\/title>\n<meta name=\"description\" content=\"HGLD Double Power Automatic Changeover Switch HGLD-400A 4P Supplier - Wholesale direct from TOSUNlux, a trusted manufacturer since 1994. Get your B2B factory quote on our certified Low Voltage electrical products.\" \/>\n<meta name=\"robots\" content=\"index, follow, max-snippet:-1, max-image-preview:large, max-video-preview:-1\" \/>\n<link rel=\"canonical\" href=\"https:\/\/www.tosunlux.eu\/es\/products\/hgld-double-power-automatic-changeover-switch-hgld-400a-4p\/\" \/>\n<meta property=\"og:locale\" content=\"es_ES\" \/>\n<meta property=\"og:type\" content=\"article\" \/>\n<meta property=\"og:title\" content=\"WholesaleHGLD Double Power Automatic Changeover Switch HGLD-400A 4P - TOSUNlux Official Site - Electrical Circuit Breaker Manufacturer in China Low Voltage Electrical Supplier | TOSUNlux\" \/>\n<meta property=\"og:description\" content=\"HGLD Double Power Automatic Changeover Switch HGLD-400A 4P Supplier - Wholesale direct from TOSUNlux, a trusted manufacturer since 1994. Get your B2B factory quote on our certified Low Voltage electrical products.\" \/>\n<meta property=\"og:url\" content=\"https:\/\/www.tosunlux.eu\/es\/products\/hgld-double-power-automatic-changeover-switch-hgld-400a-4p\/\" \/>\n<meta property=\"og:site_name\" content=\"TOSUNlux Official Site - Electrical Circuit Breaker Manufacturer in China\" \/>\n<meta property=\"article:publisher\" content=\"https:\/\/www.facebook.com\/TOSUNelectric\/\" \/>\n<meta property=\"article:modified_time\" content=\"2025-02-10T06:57:02+00:00\" \/>\n<meta property=\"og:image\" content=\"https:\/\/www.tosunlux.eu\/wp-content\/uploads\/2023\/04\/DSC08160_\u526f\u672c.jpg\" \/>\n\t<meta property=\"og:image:width\" content=\"1500\" \/>\n\t<meta property=\"og:image:height\" content=\"940\" \/>\n\t<meta property=\"og:image:type\" content=\"image\/jpeg\" \/>\n<meta name=\"twitter:card\" content=\"summary_large_image\" \/>\n<meta name=\"twitter:label1\" content=\"Tiempo de lectura\" \/>\n\t<meta name=\"twitter:data1\" content=\"1 minuto\" \/>\n<script type=\"application\/ld+json\" class=\"yoast-schema-graph\">{\"@context\":\"https:\\\/\\\/schema.org\",\"@graph\":[{\"@type\":\"WebPage\",\"@id\":\"https:\\\/\\\/www.tosunlux.eu\\\/ur\\\/products\\\/hgld-double-power-automatic-changeover-switch-hgld-400a-4p\\\/\",\"url\":\"https:\\\/\\\/www.tosunlux.eu\\\/ur\\\/products\\\/hgld-double-power-automatic-changeover-switch-hgld-400a-4p\\\/\",\"name\":\"WholesaleHGLD Double Power Automatic Changeover Switch HGLD-400A 4P - TOSUNlux Official Site - Electrical Circuit Breaker Manufacturer in China Low Voltage Electrical Supplier | TOSUNlux\",\"isPartOf\":{\"@id\":\"https:\\\/\\\/www.tosunlux.eu\\\/ru\\\/#website\"},\"datePublished\":\"2022-05-03T08:28:12+00:00\",\"dateModified\":\"2025-02-10T06:57:02+00:00\",\"description\":\"HGLD Double Power Automatic Changeover Switch HGLD-400A 4P Supplier - Wholesale direct from TOSUNlux, a trusted manufacturer since 1994. Get your B2B factory quote on our certified Low Voltage electrical products.\",\"breadcrumb\":{\"@id\":\"https:\\\/\\\/www.tosunlux.eu\\\/ur\\\/products\\\/hgld-double-power-automatic-changeover-switch-hgld-400a-4p\\\/#breadcrumb\"},\"inLanguage\":\"es\",\"potentialAction\":[{\"@type\":\"ReadAction\",\"target\":[\"https:\\\/\\\/www.tosunlux.eu\\\/ur\\\/products\\\/hgld-double-power-automatic-changeover-switch-hgld-400a-4p\\\/\"]}]},{\"@type\":\"BreadcrumbList\",\"@id\":\"https:\\\/\\\/www.tosunlux.eu\\\/ur\\\/products\\\/hgld-double-power-automatic-changeover-switch-hgld-400a-4p\\\/#breadcrumb\",\"itemListElement\":[{\"@type\":\"ListItem\",\"position\":1,\"name\":\"Home\",\"item\":\"https:\\\/\\\/www.tosunlux.eu\\\/ru\\\/\"},{\"@type\":\"ListItem\",\"position\":2,\"name\":\"Products\",\"item\":\"https:\\\/\\\/www.tosunlux.eu\\\/products\\\/\"},{\"@type\":\"ListItem\",\"position\":3,\"name\":\"HGLD Double Power Automatic Changeover Switch HGLD-400A 4P\"}]},{\"@type\":\"WebSite\",\"@id\":\"https:\\\/\\\/www.tosunlux.eu\\\/ru\\\/#website\",\"url\":\"https:\\\/\\\/www.tosunlux.eu\\\/ru\\\/\",\"name\":\"TOSUNlux Official Site - Electrical Circuit Breaker Manufacturer in China\",\"description\":\"Power Distribution System Supplier\",\"publisher\":{\"@id\":\"https:\\\/\\\/www.tosunlux.eu\\\/ru\\\/#organization\"},\"alternateName\":\"TOSUNlux\",\"potentialAction\":[{\"@type\":\"SearchAction\",\"target\":{\"@type\":\"EntryPoint\",\"urlTemplate\":\"https:\\\/\\\/www.tosunlux.eu\\\/ru\\\/?s={search_term_string}\"},\"query-input\":{\"@type\":\"PropertyValueSpecification\",\"valueRequired\":true,\"valueName\":\"search_term_string\"}}],\"inLanguage\":\"es\"},{\"@type\":\"Organization\",\"@id\":\"https:\\\/\\\/www.tosunlux.eu\\\/ru\\\/#organization\",\"name\":\"TOSUNlux\",\"url\":\"https:\\\/\\\/www.tosunlux.eu\\\/ru\\\/\",\"logo\":{\"@type\":\"ImageObject\",\"inLanguage\":\"es\",\"@id\":\"https:\\\/\\\/www.tosunlux.eu\\\/ru\\\/#\\\/schema\\\/logo\\\/image\\\/\",\"url\":\"https:\\\/\\\/www.tosunlux.eu\\\/wp-content\\\/uploads\\\/2022\\\/01\\\/LOGOSYSM.71762f1.png\",\"contentUrl\":\"https:\\\/\\\/www.tosunlux.eu\\\/wp-content\\\/uploads\\\/2022\\\/01\\\/LOGOSYSM.71762f1.png\",\"width\":153,\"height\":55,\"caption\":\"TOSUNlux\"},\"image\":{\"@id\":\"https:\\\/\\\/www.tosunlux.eu\\\/ru\\\/#\\\/schema\\\/logo\\\/image\\\/\"},\"sameAs\":[\"https:\\\/\\\/www.facebook.com\\\/TOSUNelectric\\\/\",\"https:\\\/\\\/www.linkedin.com\\\/company\\\/wenzhou-tosun-electric-co.-ltd\\\/\"]}]}<\/script>\n<!-- \/ Yoast SEO plugin. -->","yoast_head_json":{"title":"Interruptor de conmutaci\u00f3n autom\u00e1tico de doble potencia HGLD-400A 4P al por mayor - Sitio oficial de TOSUNlux - Fabricante de disyuntores el\u00e9ctricos en China | Proveedor de equipos el\u00e9ctricos de baja tensi\u00f3n | TOSUNlux","description":"Interruptor de cambio autom\u00e1tico de doble potencia HGLD HGLD-400A 4P Proveedor: venta al por mayor directa de TOSUNlux, un fabricante confiable desde 1994. Obtenga su cotizaci\u00f3n de f\u00e1brica B2B en nuestros productos el\u00e9ctricos de bajo voltaje certificados.","robots":{"index":"index","follow":"follow","max-snippet":"max-snippet:-1","max-image-preview":"max-image-preview:large","max-video-preview":"max-video-preview:-1"},"canonical":"https:\/\/www.tosunlux.eu\/es\/products\/hgld-double-power-automatic-changeover-switch-hgld-400a-4p\/","og_locale":"es_ES","og_type":"article","og_title":"WholesaleHGLD Double Power Automatic Changeover Switch HGLD-400A 4P - TOSUNlux Official Site - Electrical Circuit Breaker Manufacturer in China Low Voltage Electrical Supplier | TOSUNlux","og_description":"HGLD Double Power Automatic Changeover Switch HGLD-400A 4P Supplier - Wholesale direct from TOSUNlux, a trusted manufacturer since 1994. Get your B2B factory quote on our certified Low Voltage electrical products.","og_url":"https:\/\/www.tosunlux.eu\/es\/products\/hgld-double-power-automatic-changeover-switch-hgld-400a-4p\/","og_site_name":"TOSUNlux Official Site - Electrical Circuit Breaker Manufacturer in China","article_publisher":"https:\/\/www.facebook.com\/TOSUNelectric\/","article_modified_time":"2025-02-10T06:57:02+00:00","og_image":[{"width":1500,"height":940,"url":"https:\/\/www.tosunlux.eu\/wp-content\/uploads\/2023\/04\/DSC08160_\u526f\u672c.jpg","type":"image\/jpeg"}],"twitter_card":"summary_large_image","twitter_misc":{"Tiempo de lectura":"1 minuto"},"schema":{"@context":"https:\/\/schema.org","@graph":[{"@type":"WebPage","@id":"https:\/\/www.tosunlux.eu\/ur\/products\/hgld-double-power-automatic-changeover-switch-hgld-400a-4p\/","url":"https:\/\/www.tosunlux.eu\/ur\/products\/hgld-double-power-automatic-changeover-switch-hgld-400a-4p\/","name":"Interruptor de conmutaci\u00f3n autom\u00e1tico de doble potencia HGLD-400A 4P al por mayor - Sitio oficial de TOSUNlux - Fabricante de disyuntores el\u00e9ctricos en China | Proveedor de equipos el\u00e9ctricos de baja tensi\u00f3n | TOSUNlux","isPartOf":{"@id":"https:\/\/www.tosunlux.eu\/ru\/#website"},"datePublished":"2022-05-03T08:28:12+00:00","dateModified":"2025-02-10T06:57:02+00:00","description":"Interruptor de cambio autom\u00e1tico de doble potencia HGLD HGLD-400A 4P Proveedor: venta al por mayor directa de TOSUNlux, un fabricante confiable desde 1994. Obtenga su cotizaci\u00f3n de f\u00e1brica B2B en nuestros productos el\u00e9ctricos de bajo voltaje certificados.","breadcrumb":{"@id":"https:\/\/www.tosunlux.eu\/ur\/products\/hgld-double-power-automatic-changeover-switch-hgld-400a-4p\/#breadcrumb"},"inLanguage":"es","potentialAction":[{"@type":"ReadAction","target":["https:\/\/www.tosunlux.eu\/ur\/products\/hgld-double-power-automatic-changeover-switch-hgld-400a-4p\/"]}]},{"@type":"BreadcrumbList","@id":"https:\/\/www.tosunlux.eu\/ur\/products\/hgld-double-power-automatic-changeover-switch-hgld-400a-4p\/#breadcrumb","itemListElement":[{"@type":"ListItem","position":1,"name":"Home","item":"https:\/\/www.tosunlux.eu\/ru\/"},{"@type":"ListItem","position":2,"name":"Products","item":"https:\/\/www.tosunlux.eu\/products\/"},{"@type":"ListItem","position":3,"name":"HGLD Double Power Automatic Changeover Switch HGLD-400A 4P"}]},{"@type":"WebSite","@id":"https:\/\/www.tosunlux.eu\/ru\/#website","url":"https:\/\/www.tosunlux.eu\/ru\/","name":"Sitio oficial de TOSUNlux - Fabricante de disyuntores el\u00e9ctricos en China","description":"Proveedor de sistemas de distribuci\u00f3n de energ\u00eda","publisher":{"@id":"https:\/\/www.tosunlux.eu\/ru\/#organization"},"alternateName":"TOSUNlux","potentialAction":[{"@type":"SearchAction","target":{"@type":"EntryPoint","urlTemplate":"https:\/\/www.tosunlux.eu\/ru\/?s={search_term_string}"},"query-input":{"@type":"PropertyValueSpecification","valueRequired":true,"valueName":"search_term_string"}}],"inLanguage":"es"},{"@type":"Organization","@id":"https:\/\/www.tosunlux.eu\/ru\/#organization","name":"TOSUNlux","url":"https:\/\/www.tosunlux.eu\/ru\/","logo":{"@type":"ImageObject","inLanguage":"es","@id":"https:\/\/www.tosunlux.eu\/ru\/#\/schema\/logo\/image\/","url":"https:\/\/www.tosunlux.eu\/wp-content\/uploads\/2022\/01\/LOGOSYSM.71762f1.png","contentUrl":"https:\/\/www.tosunlux.eu\/wp-content\/uploads\/2022\/01\/LOGOSYSM.71762f1.png","width":153,"height":55,"caption":"TOSUNlux"},"image":{"@id":"https:\/\/www.tosunlux.eu\/ru\/#\/schema\/logo\/image\/"},"sameAs":["https:\/\/www.facebook.com\/TOSUNelectric\/","https:\/\/www.linkedin.com\/company\/wenzhou-tosun-electric-co.-ltd\/"]}]}},"_links":{"self":[{"href":"https:\/\/www.tosunlux.eu\/es\/wp-json\/wp\/v2\/product\/2224","targetHints":{"allow":["GET"]}}],"collection":[{"href":"https:\/\/www.tosunlux.eu\/es\/wp-json\/wp\/v2\/product"}],"about":[{"href":"https:\/\/www.tosunlux.eu\/es\/wp-json\/wp\/v2\/types\/product"}],"version-history":[{"count":2,"href":"https:\/\/www.tosunlux.eu\/es\/wp-json\/wp\/v2\/product\/2224\/revisions"}],"predecessor-version":[{"id":12528,"href":"https:\/\/www.tosunlux.eu\/es\/wp-json\/wp\/v2\/product\/2224\/revisions\/12528"}],"wp:attachment":[{"href":"https:\/\/www.tosunlux.eu\/es\/wp-json\/wp\/v2\/media?parent=2224"}],"wp:term":[{"taxonomy":"product_category","embeddable":true,"href":"https:\/\/www.tosunlux.eu\/es\/wp-json\/wp\/v2\/product_category?post=2224"}],"curies":[{"name":"gracias","href":"https:\/\/api.w.org\/{rel}","templated":true}]}}