{"id":2541,"date":"2022-05-12T10:17:47","date_gmt":"2022-05-12T02:17:47","guid":{"rendered":"https:\/\/www.tosunlux.eu\/?post_type=product&#038;p=2541"},"modified":"2022-05-14T18:16:37","modified_gmt":"2022-05-14T10:16:37","slug":"programmable-digital-combined-panel-meter-ted3","status":"publish","type":"product","link":"https:\/\/www.tosunlux.eu\/es\/products\/programmable-digital-combined-panel-meter-ted3\/","title":{"rendered":"Medidor de panel combinado digital programable TED3"},"content":{"rendered":"<p>Solicitud<\/p>\n\n\n\n<p>Los paneles combinados digitales programables de la serie TED3 pueden medir m\u00e1s de 50 par\u00e1metros el\u00e9ctricos en los sistemas el\u00e9ctricos. Dispone de salidas de pulsos de energ\u00eda el\u00e9ctrica de 2 canales, entradas de valor de conmutaci\u00f3n de 4 canales y salida de comunicaci\u00f3n RS485. Se pueden agregar salidas de valor de conmutaci\u00f3n de 4 canales o salidas de transmisi\u00f3n de 4 canales.<\/p>\n\n\n\n<p><\/p>\n\n\n\n<p>Par\u00e1metro de medici\u00f3n:<\/p>\n\n\n\n<p>Voltaje de fase nula (VL_N)<br>Voltaje promedio de fase nula (VL_N)<br>Tensi\u00f3n fase-fase (VL_L)<br>Tensi\u00f3n media fase-fase (VL_L)<br>Corriente de fase (A)<br>Frecuencia (hercios)<br>Corriente total (\u2211A)<br>Potencia activa total (\u2211W)<br>Potencia activa (W)<br>Potencia reactiva total (\u2211var)<br>Potencia reactiva (var)<br>Potencia aparente total (\u2211VA)<br>Potencia aparente (VA)<br>m\u00e1x. valor (H)<br>Factor de potencia (COS\u03a6)<br>m\u00edn. valor (L)<br>Energ\u00eda el\u00e9ctrica activa (Wh)<br>Valor de la demanda (M)<br>Energ\u00eda el\u00e9ctrica reactiva (varh)<\/p>\n\n\n<table style=\"border-collapse: collapse; width: 695.27pt;\" border=\"0\" width=\"927\" cellspacing=\"0\" cellpadding=\"0\">\n<tbody>\n<tr style=\"height: 42.00pt;\">\n<td class=\"et2\" style=\"height: 42.00pt; width: 91.50pt;\" width=\"122\" height=\"56\">Modelo<\/td>\n<td class=\"et2\" style=\"width: 120.75pt;\" width=\"161\">comunicaci\u00f3n RS485<\/td>\n<td class=\"et2\" style=\"width: 120.75pt;\" width=\"161\">Salida de pulsos de energ\u00eda el\u00e9ctrica de 2 canales<\/td>\n<td class=\"et2\" style=\"width: 120.75pt;\" width=\"161\">Entrada de valor de conmutaci\u00f3n de 4 canales<\/td>\n<td class=\"et2\" style=\"width: 120.75pt;\" width=\"161\">Salida de valor de conmutaci\u00f3n de 4 canales<\/td>\n<td class=\"et2\" style=\"width: 120.75pt;\" width=\"161\">Salida de transmisi\u00f3n de 4 canales<\/td>\n<\/tr>\n<tr style=\"height: 33.00pt;\">\n<td class=\"et2\" style=\"height: 33.00pt; width: 91.50pt;\" width=\"122\" height=\"44\">TED3-96X5<\/td>\n<td class=\"et2\" style=\"width: 120.75pt;\" width=\"161\">\u2013<\/td>\n<td class=\"et2\" style=\"width: 120.75pt;\" width=\"161\">\u2013<\/td>\n<td class=\"et2\" style=\"width: 120.75pt;\" width=\"161\">\u2013<\/td>\n<td class=\"et2\" style=\"width: 120.75pt;\" width=\"161\">\u2013<\/td>\n<td class=\"et2\" style=\"width: 120.75pt;\" width=\"161\">\u2013<\/td>\n<\/tr>\n<tr style=\"height: 33.00pt;\">\n<td class=\"et2\" style=\"height: 33.00pt; width: 91.50pt;\" width=\"122\" height=\"44\">TED3-96T5<\/td>\n<td class=\"et2\" style=\"width: 120.75pt;\" width=\"161\">\u25cf<\/td>\n<td class=\"et2\" style=\"width: 120.75pt;\" width=\"161\">\u25cf<\/td>\n<td class=\"et2\" style=\"width: 120.75pt;\" width=\"161\">\u25cf<\/td>\n<td class=\"et2\" style=\"width: 120.75pt;\" width=\"161\">\u2013<\/td>\n<td class=\"et2\" style=\"width: 120.75pt;\" width=\"161\">\u2013<\/td>\n<\/tr>\n<tr style=\"height: 33.00pt;\">\n<td class=\"et2\" style=\"height: 33.00pt; width: 91.50pt;\" width=\"122\" height=\"44\">TED3-96S5<\/td>\n<td class=\"et2\" style=\"width: 120.75pt;\" width=\"161\">\u25cf<\/td>\n<td class=\"et2\" style=\"width: 120.75pt;\" width=\"161\">\u25cf<\/td>\n<td class=\"et2\" style=\"width: 120.75pt;\" width=\"161\">\u25cf<\/td>\n<td class=\"et2\" style=\"width: 120.75pt;\" width=\"161\">\u25cf<\/td>\n<td class=\"et2\" style=\"width: 120.75pt;\" width=\"161\">\u2013<\/td>\n<\/tr>\n<tr style=\"height: 33.00pt;\">\n<td class=\"et2\" style=\"height: 33.00pt; width: 91.50pt;\" width=\"122\" height=\"44\">TED3-96D5<\/td>\n<td class=\"et2\" style=\"width: 120.75pt;\" width=\"161\">\u25cf<\/td>\n<td class=\"et2\" style=\"width: 120.75pt;\" width=\"161\">\u25cf<\/td>\n<td class=\"et2\" style=\"width: 120.75pt;\" width=\"161\">\u25cf<\/td>\n<td class=\"et2\" style=\"width: 120.75pt;\" width=\"161\">\u2013<\/td>\n<td class=\"et2\" style=\"width: 120.75pt;\" width=\"161\">\u25cf<\/td>\n<\/tr>\n<\/tbody>\n<\/table>\n\n\n<p><\/p>","protected":false},"parent":0,"template":"","product_category":[75,124],"class_list":["post-2541","product","type-product","status-publish","hentry","product_category-instruments","product_category-panel-meter"],"yoast_head":"<!-- This site is optimized with the Yoast SEO plugin v27.5 - https:\/\/yoast.com\/product\/yoast-seo-wordpress\/ -->\n<title>WholesaleProgrammable Digital Combined Panel Meter TED3 - TOSUNlux Official Site - Electrical Circuit Breaker Manufacturer in China Low Voltage Electrical Supplier | TOSUNlux<\/title>\n<meta name=\"description\" content=\"Programmable Digital Combined Panel Meter TED3 Supplier - Wholesale direct from TOSUNlux, a trusted manufacturer since 1994. Get your B2B factory quote on our certified Low Voltage electrical products.\" \/>\n<meta name=\"robots\" content=\"index, follow, max-snippet:-1, max-image-preview:large, max-video-preview:-1\" \/>\n<link rel=\"canonical\" href=\"https:\/\/www.tosunlux.eu\/es\/products\/programmable-digital-combined-panel-meter-ted3\/\" \/>\n<meta property=\"og:locale\" content=\"es_ES\" \/>\n<meta property=\"og:type\" content=\"article\" \/>\n<meta property=\"og:title\" content=\"WholesaleProgrammable Digital Combined Panel Meter TED3 - TOSUNlux Official Site - Electrical Circuit Breaker Manufacturer in China Low Voltage Electrical Supplier | TOSUNlux\" \/>\n<meta property=\"og:description\" content=\"Programmable Digital Combined Panel Meter TED3 Supplier - Wholesale direct from TOSUNlux, a trusted manufacturer since 1994. Get your B2B factory quote on our certified Low Voltage electrical products.\" \/>\n<meta property=\"og:url\" content=\"https:\/\/www.tosunlux.eu\/es\/products\/programmable-digital-combined-panel-meter-ted3\/\" \/>\n<meta property=\"og:site_name\" content=\"TOSUNlux Official Site - Electrical Circuit Breaker Manufacturer in China\" \/>\n<meta property=\"article:publisher\" content=\"https:\/\/www.facebook.com\/TOSUNelectric\/\" \/>\n<meta property=\"article:modified_time\" content=\"2022-05-14T10:16:37+00:00\" \/>\n<meta property=\"og:image\" content=\"https:\/\/www.tosunlux.eu\/wp-content\/uploads\/2023\/04\/DSC08160_\u526f\u672c.jpg\" \/>\n\t<meta property=\"og:image:width\" content=\"1500\" \/>\n\t<meta property=\"og:image:height\" content=\"940\" \/>\n\t<meta property=\"og:image:type\" content=\"image\/jpeg\" \/>\n<meta name=\"twitter:card\" content=\"summary_large_image\" \/>\n<meta name=\"twitter:label1\" content=\"Tiempo de lectura\" \/>\n\t<meta name=\"twitter:data1\" content=\"1 minuto\" \/>\n<script type=\"application\/ld+json\" class=\"yoast-schema-graph\">{\"@context\":\"https:\\\/\\\/schema.org\",\"@graph\":[{\"@type\":\"WebPage\",\"@id\":\"https:\\\/\\\/www.tosunlux.eu\\\/fr\\\/products\\\/programmable-digital-combined-panel-meter-ted3\\\/\",\"url\":\"https:\\\/\\\/www.tosunlux.eu\\\/fr\\\/products\\\/programmable-digital-combined-panel-meter-ted3\\\/\",\"name\":\"WholesaleProgrammable Digital Combined Panel Meter TED3 - TOSUNlux Official Site - Electrical Circuit Breaker Manufacturer in China Low Voltage Electrical Supplier | TOSUNlux\",\"isPartOf\":{\"@id\":\"https:\\\/\\\/www.tosunlux.eu\\\/ru\\\/#website\"},\"datePublished\":\"2022-05-12T02:17:47+00:00\",\"dateModified\":\"2022-05-14T10:16:37+00:00\",\"description\":\"Programmable Digital Combined Panel Meter TED3 Supplier - Wholesale direct from TOSUNlux, a trusted manufacturer since 1994. Get your B2B factory quote on our certified Low Voltage electrical products.\",\"breadcrumb\":{\"@id\":\"https:\\\/\\\/www.tosunlux.eu\\\/fr\\\/products\\\/programmable-digital-combined-panel-meter-ted3\\\/#breadcrumb\"},\"inLanguage\":\"es\",\"potentialAction\":[{\"@type\":\"ReadAction\",\"target\":[\"https:\\\/\\\/www.tosunlux.eu\\\/fr\\\/products\\\/programmable-digital-combined-panel-meter-ted3\\\/\"]}]},{\"@type\":\"BreadcrumbList\",\"@id\":\"https:\\\/\\\/www.tosunlux.eu\\\/fr\\\/products\\\/programmable-digital-combined-panel-meter-ted3\\\/#breadcrumb\",\"itemListElement\":[{\"@type\":\"ListItem\",\"position\":1,\"name\":\"Home\",\"item\":\"https:\\\/\\\/www.tosunlux.eu\\\/ru\\\/\"},{\"@type\":\"ListItem\",\"position\":2,\"name\":\"Products\",\"item\":\"https:\\\/\\\/www.tosunlux.eu\\\/products\\\/\"},{\"@type\":\"ListItem\",\"position\":3,\"name\":\"Programmable Digital Combined Panel Meter TED3\"}]},{\"@type\":\"WebSite\",\"@id\":\"https:\\\/\\\/www.tosunlux.eu\\\/ru\\\/#website\",\"url\":\"https:\\\/\\\/www.tosunlux.eu\\\/ru\\\/\",\"name\":\"TOSUNlux Official Site - Electrical Circuit Breaker Manufacturer in China\",\"description\":\"Power Distribution System Supplier\",\"publisher\":{\"@id\":\"https:\\\/\\\/www.tosunlux.eu\\\/ru\\\/#organization\"},\"alternateName\":\"TOSUNlux\",\"potentialAction\":[{\"@type\":\"SearchAction\",\"target\":{\"@type\":\"EntryPoint\",\"urlTemplate\":\"https:\\\/\\\/www.tosunlux.eu\\\/ru\\\/?s={search_term_string}\"},\"query-input\":{\"@type\":\"PropertyValueSpecification\",\"valueRequired\":true,\"valueName\":\"search_term_string\"}}],\"inLanguage\":\"es\"},{\"@type\":\"Organization\",\"@id\":\"https:\\\/\\\/www.tosunlux.eu\\\/ru\\\/#organization\",\"name\":\"TOSUNlux\",\"url\":\"https:\\\/\\\/www.tosunlux.eu\\\/ru\\\/\",\"logo\":{\"@type\":\"ImageObject\",\"inLanguage\":\"es\",\"@id\":\"https:\\\/\\\/www.tosunlux.eu\\\/ru\\\/#\\\/schema\\\/logo\\\/image\\\/\",\"url\":\"https:\\\/\\\/www.tosunlux.eu\\\/wp-content\\\/uploads\\\/2022\\\/01\\\/LOGOSYSM.71762f1.png\",\"contentUrl\":\"https:\\\/\\\/www.tosunlux.eu\\\/wp-content\\\/uploads\\\/2022\\\/01\\\/LOGOSYSM.71762f1.png\",\"width\":153,\"height\":55,\"caption\":\"TOSUNlux\"},\"image\":{\"@id\":\"https:\\\/\\\/www.tosunlux.eu\\\/ru\\\/#\\\/schema\\\/logo\\\/image\\\/\"},\"sameAs\":[\"https:\\\/\\\/www.facebook.com\\\/TOSUNelectric\\\/\",\"https:\\\/\\\/www.linkedin.com\\\/company\\\/wenzhou-tosun-electric-co.-ltd\\\/\"]}]}<\/script>\n<!-- \/ Yoast SEO plugin. -->","yoast_head_json":{"title":"WholesaleProgrammable Digital Combined Panel Meter TED3 - TOSUNlux Official Site - Electrical Circuit Breaker Manufacturer in China Low Voltage Electrical Supplier | TOSUNlux","description":"Programmable Digital Combined Panel Meter TED3 Supplier - Wholesale direct from TOSUNlux, a trusted manufacturer since 1994. Get your B2B factory quote on our certified Low Voltage electrical products.","robots":{"index":"index","follow":"follow","max-snippet":"max-snippet:-1","max-image-preview":"max-image-preview:large","max-video-preview":"max-video-preview:-1"},"canonical":"https:\/\/www.tosunlux.eu\/es\/products\/programmable-digital-combined-panel-meter-ted3\/","og_locale":"es_ES","og_type":"article","og_title":"WholesaleProgrammable Digital Combined Panel Meter TED3 - TOSUNlux Official Site - Electrical Circuit Breaker Manufacturer in China Low Voltage Electrical Supplier | TOSUNlux","og_description":"Programmable Digital Combined Panel Meter TED3 Supplier - Wholesale direct from TOSUNlux, a trusted manufacturer since 1994. Get your B2B factory quote on our certified Low Voltage electrical products.","og_url":"https:\/\/www.tosunlux.eu\/es\/products\/programmable-digital-combined-panel-meter-ted3\/","og_site_name":"TOSUNlux Official Site - Electrical Circuit Breaker Manufacturer in China","article_publisher":"https:\/\/www.facebook.com\/TOSUNelectric\/","article_modified_time":"2022-05-14T10:16:37+00:00","og_image":[{"width":1500,"height":940,"url":"https:\/\/www.tosunlux.eu\/wp-content\/uploads\/2023\/04\/DSC08160_\u526f\u672c.jpg","type":"image\/jpeg"}],"twitter_card":"summary_large_image","twitter_misc":{"Tiempo de lectura":"1 minuto"},"schema":{"@context":"https:\/\/schema.org","@graph":[{"@type":"WebPage","@id":"https:\/\/www.tosunlux.eu\/fr\/products\/programmable-digital-combined-panel-meter-ted3\/","url":"https:\/\/www.tosunlux.eu\/fr\/products\/programmable-digital-combined-panel-meter-ted3\/","name":"WholesaleProgrammable Digital Combined Panel Meter TED3 - TOSUNlux Official Site - Electrical Circuit Breaker Manufacturer in China Low Voltage Electrical Supplier | TOSUNlux","isPartOf":{"@id":"https:\/\/www.tosunlux.eu\/ru\/#website"},"datePublished":"2022-05-12T02:17:47+00:00","dateModified":"2022-05-14T10:16:37+00:00","description":"Programmable Digital Combined Panel Meter TED3 Supplier - Wholesale direct from TOSUNlux, a trusted manufacturer since 1994. Get your B2B factory quote on our certified Low Voltage electrical products.","breadcrumb":{"@id":"https:\/\/www.tosunlux.eu\/fr\/products\/programmable-digital-combined-panel-meter-ted3\/#breadcrumb"},"inLanguage":"es","potentialAction":[{"@type":"ReadAction","target":["https:\/\/www.tosunlux.eu\/fr\/products\/programmable-digital-combined-panel-meter-ted3\/"]}]},{"@type":"BreadcrumbList","@id":"https:\/\/www.tosunlux.eu\/fr\/products\/programmable-digital-combined-panel-meter-ted3\/#breadcrumb","itemListElement":[{"@type":"ListItem","position":1,"name":"Home","item":"https:\/\/www.tosunlux.eu\/ru\/"},{"@type":"ListItem","position":2,"name":"Products","item":"https:\/\/www.tosunlux.eu\/products\/"},{"@type":"ListItem","position":3,"name":"Programmable Digital Combined Panel Meter TED3"}]},{"@type":"WebSite","@id":"https:\/\/www.tosunlux.eu\/ru\/#website","url":"https:\/\/www.tosunlux.eu\/ru\/","name":"Sitio oficial de TOSUNlux - Fabricante de disyuntores el\u00e9ctricos en China","description":"Proveedor de sistemas de distribuci\u00f3n de energ\u00eda","publisher":{"@id":"https:\/\/www.tosunlux.eu\/ru\/#organization"},"alternateName":"TOSUNlux","potentialAction":[{"@type":"SearchAction","target":{"@type":"EntryPoint","urlTemplate":"https:\/\/www.tosunlux.eu\/ru\/?s={search_term_string}"},"query-input":{"@type":"PropertyValueSpecification","valueRequired":true,"valueName":"search_term_string"}}],"inLanguage":"es"},{"@type":"Organization","@id":"https:\/\/www.tosunlux.eu\/ru\/#organization","name":"TOSUNlux","url":"https:\/\/www.tosunlux.eu\/ru\/","logo":{"@type":"ImageObject","inLanguage":"es","@id":"https:\/\/www.tosunlux.eu\/ru\/#\/schema\/logo\/image\/","url":"https:\/\/www.tosunlux.eu\/wp-content\/uploads\/2022\/01\/LOGOSYSM.71762f1.png","contentUrl":"https:\/\/www.tosunlux.eu\/wp-content\/uploads\/2022\/01\/LOGOSYSM.71762f1.png","width":153,"height":55,"caption":"TOSUNlux"},"image":{"@id":"https:\/\/www.tosunlux.eu\/ru\/#\/schema\/logo\/image\/"},"sameAs":["https:\/\/www.facebook.com\/TOSUNelectric\/","https:\/\/www.linkedin.com\/company\/wenzhou-tosun-electric-co.-ltd\/"]}]}},"_links":{"self":[{"href":"https:\/\/www.tosunlux.eu\/es\/wp-json\/wp\/v2\/product\/2541","targetHints":{"allow":["GET"]}}],"collection":[{"href":"https:\/\/www.tosunlux.eu\/es\/wp-json\/wp\/v2\/product"}],"about":[{"href":"https:\/\/www.tosunlux.eu\/es\/wp-json\/wp\/v2\/types\/product"}],"version-history":[{"count":0,"href":"https:\/\/www.tosunlux.eu\/es\/wp-json\/wp\/v2\/product\/2541\/revisions"}],"wp:attachment":[{"href":"https:\/\/www.tosunlux.eu\/es\/wp-json\/wp\/v2\/media?parent=2541"}],"wp:term":[{"taxonomy":"product_category","embeddable":true,"href":"https:\/\/www.tosunlux.eu\/es\/wp-json\/wp\/v2\/product_category?post=2541"}],"curies":[{"name":"gracias","href":"https:\/\/api.w.org\/{rel}","templated":true}]}}