{"id":2544,"date":"2022-05-12T11:00:43","date_gmt":"2022-05-12T03:00:43","guid":{"rendered":"https:\/\/www.tosunlux.eu\/?post_type=product&#038;p=2544"},"modified":"2022-09-30T15:57:50","modified_gmt":"2022-09-30T07:57:50","slug":"analog-panel-meter-se","status":"publish","type":"product","link":"https:\/\/www.tosunlux.eu\/es\/products\/analog-panel-meter-se\/","title":{"rendered":"Medidor de panel anal\u00f3gico SE"},"content":{"rendered":"<p>Solicitud<\/p>\n\n\n\n<p>El medidor de panel anal\u00f3gico es el indicador de medida el\u00e9ctrica con el efecto directo de la pantalla de imitaci\u00f3n. Es adecuado para el circuito de distribuci\u00f3n de salida y entrada de CA y CC, el gabinete de la consola de la planta de energ\u00eda, el tablero de operaci\u00f3n de energ\u00eda y diferentes aparatos. Se utiliza para medir corriente CC, voltaje y corriente CA, voltaje, frecuencia y potencia de fase.<\/p>\n\n\n\n<p>\u25cfPrecisi\u00f3n: clase 1.5, 2.5<br>\u25cfHumedad relativa: 25% y 80%<br>\u25cfResistencia: CA 45-65Hz 2KV 1min<br>\u25cf Temperatura de transporte: -30 \u2103 ~ 55 \u2103<br>\u25cfTemperatura ambiente: 23 \u2103 \u00b1 10 \u2103<br>\u25cfCampo magn\u00e9tico externo: 0.4KA\/m<br>\u25cfPosici\u00f3n de instalaci\u00f3n: Vertical\u00b110<br>\u25cfSeg\u00fan IEC60051-2<\/p>\n\n\n<table width=\"898\">\n<tbody>\n<tr>\n<td width=\"124\">Descripci\u00f3n<\/td>\n<td colspan=\"2\" width=\"518\">Especificaci\u00f3n<\/td>\n<td width=\"128\">Modelo<\/td>\n<td width=\"128\">Exactitud<\/td>\n<\/tr>\n<tr>\n<td rowspan=\"2\" width=\"124\">Amper\u00edmetro de CA<\/td>\n<td width=\"393\">10A, 15A, 20A, 25A, 30A, 50A, 75A, 100A, 150A, 200A,<br \/>250A, 300A, 400A, 500A, 600A, 750A, 800A, 1000A,<br \/>1200A, 1500A, 2000A, 2500A, 3000A, 4000A, 5000A<\/td>\n<td width=\"125\">Con ext.<br \/>CT\/1A o 5A<\/td>\n<td rowspan=\"11\" width=\"128\">SE-72<br \/>SE-96<\/td>\n<td rowspan=\"8\" width=\"128\">Clase 1.5<\/td>\n<\/tr>\n<tr>\n<td width=\"393\">0.1A, 0.5A, 1A, 5A, 10A, 15A, 20A, 25A, 30A, 40A, 50A, <br \/>60A, 80A, 100A<\/td>\n<td width=\"125\">CA directa<br \/>conexi\u00f3n<\/td>\n<\/tr>\n<tr>\n<td width=\"124\">Amper\u00edmetro de CC<\/td>\n<td width=\"393\">50 \u03bcA, 100 \u03bcA, 1 mA, 5 mA, 10 mA, 30 mA, 50 mA, 100 mA,<br \/>300mA, 500mA, 1A, 5A, 10A, 15A, 20A, 30A<\/td>\n<td width=\"125\">CC directa<br \/>conexi\u00f3n<\/td>\n<\/tr>\n<tr>\n<td rowspan=\"2\" width=\"124\">volt\u00edmetro de CA<\/td>\n<td width=\"393\">10A, 15A, 20A, 25A, 30A, 50A, 100A, 150A, 200A,<br \/>250A, 300A, 400A, 500A, 600A, 750A, 800A, 1000A,<br \/>1200A, 1500A, 2000A, 2500A,3000A<\/td>\n<td width=\"125\">Con derivaci\u00f3n ext.<br \/>50 mV, 60 mV, 75 mV<\/td>\n<\/tr>\n<tr>\n<td width=\"393\">30V, 50V, 100V, 150V, 250V, 300V, 500V, 600V, 1000V<\/td>\n<td width=\"125\">CA directa<br \/>conexi\u00f3n<\/td>\n<\/tr>\n<tr>\n<td width=\"124\">volt\u00edmetro de CC<\/td>\n<td width=\"393\">10V, 20V, 30V, 50V, 100V, 150V, 250V, 300V, 500V, 600V, <br \/>1000V<\/td>\n<td width=\"125\">CC directa<br \/>conexi\u00f3n<\/td>\n<\/tr>\n<tr>\n<td rowspan=\"2\" width=\"124\">Medidor de frecuencia<\/td>\n<td width=\"393\">Voltaje: 110V, 220V, 380V, 440V<\/td>\n<td rowspan=\"2\" width=\"125\">\u2026\u2026<\/td>\n<\/tr>\n<tr>\n<td width=\"393\">Frecuencia: 45-55Hz, 45-65Hz<\/td>\n<\/tr>\n<tr>\n<td rowspan=\"2\" width=\"124\">Medidor de factor de potencia<br \/>(cos\u03c6)<\/td>\n<td width=\"393\">Voltaje: 110 V, 220 V, 380 V, 440 V Corriente: 1 A o 5 A<\/td>\n<td rowspan=\"2\" width=\"125\">Para monof\u00e1sico o <br \/>3 fases<\/td>\n<td rowspan=\"2\" width=\"128\">Clase 2.5<\/td>\n<\/tr>\n<tr>\n<td width=\"393\">Escala: 0.5cap-1-0.5ind, 0.3cap-1-0.1ind, 0.7cap-1-0.2ind<\/td>\n<\/tr>\n<tr>\n<td width=\"124\">Contador de potencia<br \/>(KW o VAR)<\/td>\n<td width=\"393\">Voltaje: 110 V, 220 V, 380 V, 440 V Corriente: 1 A o 5 A<\/td>\n<td width=\"125\">Para 1P, 3P 3W, 3P <br \/>4W con CT o PT<\/td>\n<td width=\"128\">Clase 1.5<\/td>\n<\/tr>\n<\/tbody>\n<\/table>","protected":false},"parent":0,"template":"","product_category":[75,124],"class_list":["post-2544","product","type-product","status-publish","hentry","product_category-instruments","product_category-panel-meter"],"yoast_head":"<!-- This site is optimized with the Yoast SEO plugin v27.5 - https:\/\/yoast.com\/product\/yoast-seo-wordpress\/ -->\n<title>WholesaleAnalog Panel Meter SE - TOSUNlux Official Site - Electrical Circuit Breaker Manufacturer in China Low Voltage Electrical Supplier | TOSUNlux<\/title>\n<meta name=\"description\" content=\"Analog Panel Meter SE Supplier - Wholesale direct from TOSUNlux, a trusted manufacturer since 1994. Get your B2B factory quote on our certified Low Voltage electrical products.\" \/>\n<meta name=\"robots\" content=\"index, follow, max-snippet:-1, max-image-preview:large, max-video-preview:-1\" \/>\n<link rel=\"canonical\" href=\"https:\/\/www.tosunlux.eu\/es\/products\/analog-panel-meter-se\/\" \/>\n<meta property=\"og:locale\" content=\"es_ES\" \/>\n<meta property=\"og:type\" content=\"article\" \/>\n<meta property=\"og:title\" content=\"WholesaleAnalog Panel Meter SE - TOSUNlux Official Site - Electrical Circuit Breaker Manufacturer in China Low Voltage Electrical Supplier | TOSUNlux\" \/>\n<meta property=\"og:description\" content=\"Analog Panel Meter SE Supplier - Wholesale direct from TOSUNlux, a trusted manufacturer since 1994. Get your B2B factory quote on our certified Low Voltage electrical products.\" \/>\n<meta property=\"og:url\" content=\"https:\/\/www.tosunlux.eu\/es\/products\/analog-panel-meter-se\/\" \/>\n<meta property=\"og:site_name\" content=\"TOSUNlux Official Site - Electrical Circuit Breaker Manufacturer in China\" \/>\n<meta property=\"article:publisher\" content=\"https:\/\/www.facebook.com\/TOSUNelectric\/\" \/>\n<meta property=\"article:modified_time\" content=\"2022-09-30T07:57:50+00:00\" \/>\n<meta property=\"og:image\" content=\"https:\/\/www.tosunlux.eu\/wp-content\/uploads\/2023\/04\/DSC08160_\u526f\u672c.jpg\" \/>\n\t<meta property=\"og:image:width\" content=\"1500\" \/>\n\t<meta property=\"og:image:height\" content=\"940\" \/>\n\t<meta property=\"og:image:type\" content=\"image\/jpeg\" \/>\n<meta name=\"twitter:card\" content=\"summary_large_image\" \/>\n<meta name=\"twitter:label1\" content=\"Tiempo de lectura\" \/>\n\t<meta name=\"twitter:data1\" content=\"2 minutos\" \/>\n<script type=\"application\/ld+json\" class=\"yoast-schema-graph\">{\"@context\":\"https:\\\/\\\/schema.org\",\"@graph\":[{\"@type\":\"WebPage\",\"@id\":\"https:\\\/\\\/www.tosunlux.eu\\\/nl\\\/products\\\/analog-panel-meter-se\\\/\",\"url\":\"https:\\\/\\\/www.tosunlux.eu\\\/nl\\\/products\\\/analog-panel-meter-se\\\/\",\"name\":\"WholesaleAnalog Panel Meter SE - TOSUNlux Official Site - Electrical Circuit Breaker Manufacturer in China Low Voltage Electrical Supplier | TOSUNlux\",\"isPartOf\":{\"@id\":\"https:\\\/\\\/www.tosunlux.eu\\\/ru\\\/#website\"},\"datePublished\":\"2022-05-12T03:00:43+00:00\",\"dateModified\":\"2022-09-30T07:57:50+00:00\",\"description\":\"Analog Panel Meter SE Supplier - Wholesale direct from TOSUNlux, a trusted manufacturer since 1994. Get your B2B factory quote on our certified Low Voltage electrical products.\",\"breadcrumb\":{\"@id\":\"https:\\\/\\\/www.tosunlux.eu\\\/nl\\\/products\\\/analog-panel-meter-se\\\/#breadcrumb\"},\"inLanguage\":\"es\",\"potentialAction\":[{\"@type\":\"ReadAction\",\"target\":[\"https:\\\/\\\/www.tosunlux.eu\\\/nl\\\/products\\\/analog-panel-meter-se\\\/\"]}]},{\"@type\":\"BreadcrumbList\",\"@id\":\"https:\\\/\\\/www.tosunlux.eu\\\/nl\\\/products\\\/analog-panel-meter-se\\\/#breadcrumb\",\"itemListElement\":[{\"@type\":\"ListItem\",\"position\":1,\"name\":\"Home\",\"item\":\"https:\\\/\\\/www.tosunlux.eu\\\/ru\\\/\"},{\"@type\":\"ListItem\",\"position\":2,\"name\":\"Products\",\"item\":\"https:\\\/\\\/www.tosunlux.eu\\\/products\\\/\"},{\"@type\":\"ListItem\",\"position\":3,\"name\":\"Analog Panel Meter SE\"}]},{\"@type\":\"WebSite\",\"@id\":\"https:\\\/\\\/www.tosunlux.eu\\\/ru\\\/#website\",\"url\":\"https:\\\/\\\/www.tosunlux.eu\\\/ru\\\/\",\"name\":\"TOSUNlux Official Site - Electrical Circuit Breaker Manufacturer in China\",\"description\":\"Power Distribution System Supplier\",\"publisher\":{\"@id\":\"https:\\\/\\\/www.tosunlux.eu\\\/ru\\\/#organization\"},\"alternateName\":\"TOSUNlux\",\"potentialAction\":[{\"@type\":\"SearchAction\",\"target\":{\"@type\":\"EntryPoint\",\"urlTemplate\":\"https:\\\/\\\/www.tosunlux.eu\\\/ru\\\/?s={search_term_string}\"},\"query-input\":{\"@type\":\"PropertyValueSpecification\",\"valueRequired\":true,\"valueName\":\"search_term_string\"}}],\"inLanguage\":\"es\"},{\"@type\":\"Organization\",\"@id\":\"https:\\\/\\\/www.tosunlux.eu\\\/ru\\\/#organization\",\"name\":\"TOSUNlux\",\"url\":\"https:\\\/\\\/www.tosunlux.eu\\\/ru\\\/\",\"logo\":{\"@type\":\"ImageObject\",\"inLanguage\":\"es\",\"@id\":\"https:\\\/\\\/www.tosunlux.eu\\\/ru\\\/#\\\/schema\\\/logo\\\/image\\\/\",\"url\":\"https:\\\/\\\/www.tosunlux.eu\\\/wp-content\\\/uploads\\\/2022\\\/01\\\/LOGOSYSM.71762f1.png\",\"contentUrl\":\"https:\\\/\\\/www.tosunlux.eu\\\/wp-content\\\/uploads\\\/2022\\\/01\\\/LOGOSYSM.71762f1.png\",\"width\":153,\"height\":55,\"caption\":\"TOSUNlux\"},\"image\":{\"@id\":\"https:\\\/\\\/www.tosunlux.eu\\\/ru\\\/#\\\/schema\\\/logo\\\/image\\\/\"},\"sameAs\":[\"https:\\\/\\\/www.facebook.com\\\/TOSUNelectric\\\/\",\"https:\\\/\\\/www.linkedin.com\\\/company\\\/wenzhou-tosun-electric-co.-ltd\\\/\"]}]}<\/script>\n<!-- \/ Yoast SEO plugin. -->","yoast_head_json":{"title":"Medidor de panel anal\u00f3gico SE al por mayor - Sitio oficial de TOSUNlux - Fabricante de interruptores el\u00e9ctricos en China, proveedor de equipos el\u00e9ctricos de baja tensi\u00f3n | TOSUNlux","description":"Proveedor de medidores de panel anal\u00f3gicos SE: venta al por mayor directa de TOSUNlux, un fabricante confiable desde 1994. Obtenga su cotizaci\u00f3n de f\u00e1brica B2B para nuestros productos el\u00e9ctricos de bajo voltaje certificados.","robots":{"index":"index","follow":"follow","max-snippet":"max-snippet:-1","max-image-preview":"max-image-preview:large","max-video-preview":"max-video-preview:-1"},"canonical":"https:\/\/www.tosunlux.eu\/es\/products\/analog-panel-meter-se\/","og_locale":"es_ES","og_type":"article","og_title":"WholesaleAnalog Panel Meter SE - TOSUNlux Official Site - Electrical Circuit Breaker Manufacturer in China Low Voltage Electrical Supplier | TOSUNlux","og_description":"Analog Panel Meter SE Supplier - Wholesale direct from TOSUNlux, a trusted manufacturer since 1994. Get your B2B factory quote on our certified Low Voltage electrical products.","og_url":"https:\/\/www.tosunlux.eu\/es\/products\/analog-panel-meter-se\/","og_site_name":"TOSUNlux Official Site - Electrical Circuit Breaker Manufacturer in China","article_publisher":"https:\/\/www.facebook.com\/TOSUNelectric\/","article_modified_time":"2022-09-30T07:57:50+00:00","og_image":[{"width":1500,"height":940,"url":"https:\/\/www.tosunlux.eu\/wp-content\/uploads\/2023\/04\/DSC08160_\u526f\u672c.jpg","type":"image\/jpeg"}],"twitter_card":"summary_large_image","twitter_misc":{"Tiempo de lectura":"2 minutos"},"schema":{"@context":"https:\/\/schema.org","@graph":[{"@type":"WebPage","@id":"https:\/\/www.tosunlux.eu\/nl\/products\/analog-panel-meter-se\/","url":"https:\/\/www.tosunlux.eu\/nl\/products\/analog-panel-meter-se\/","name":"Medidor de panel anal\u00f3gico SE al por mayor - Sitio oficial de TOSUNlux - Fabricante de interruptores el\u00e9ctricos en China, proveedor de equipos el\u00e9ctricos de baja tensi\u00f3n | TOSUNlux","isPartOf":{"@id":"https:\/\/www.tosunlux.eu\/ru\/#website"},"datePublished":"2022-05-12T03:00:43+00:00","dateModified":"2022-09-30T07:57:50+00:00","description":"Proveedor de medidores de panel anal\u00f3gicos SE: venta al por mayor directa de TOSUNlux, un fabricante confiable desde 1994. Obtenga su cotizaci\u00f3n de f\u00e1brica B2B para nuestros productos el\u00e9ctricos de bajo voltaje certificados.","breadcrumb":{"@id":"https:\/\/www.tosunlux.eu\/nl\/products\/analog-panel-meter-se\/#breadcrumb"},"inLanguage":"es","potentialAction":[{"@type":"ReadAction","target":["https:\/\/www.tosunlux.eu\/nl\/products\/analog-panel-meter-se\/"]}]},{"@type":"BreadcrumbList","@id":"https:\/\/www.tosunlux.eu\/nl\/products\/analog-panel-meter-se\/#breadcrumb","itemListElement":[{"@type":"ListItem","position":1,"name":"Home","item":"https:\/\/www.tosunlux.eu\/ru\/"},{"@type":"ListItem","position":2,"name":"Products","item":"https:\/\/www.tosunlux.eu\/products\/"},{"@type":"ListItem","position":3,"name":"Analog Panel Meter SE"}]},{"@type":"WebSite","@id":"https:\/\/www.tosunlux.eu\/ru\/#website","url":"https:\/\/www.tosunlux.eu\/ru\/","name":"Sitio oficial de TOSUNlux - Fabricante de disyuntores el\u00e9ctricos en China","description":"Proveedor de sistemas de distribuci\u00f3n de energ\u00eda","publisher":{"@id":"https:\/\/www.tosunlux.eu\/ru\/#organization"},"alternateName":"TOSUNlux","potentialAction":[{"@type":"SearchAction","target":{"@type":"EntryPoint","urlTemplate":"https:\/\/www.tosunlux.eu\/ru\/?s={search_term_string}"},"query-input":{"@type":"PropertyValueSpecification","valueRequired":true,"valueName":"search_term_string"}}],"inLanguage":"es"},{"@type":"Organization","@id":"https:\/\/www.tosunlux.eu\/ru\/#organization","name":"TOSUNlux","url":"https:\/\/www.tosunlux.eu\/ru\/","logo":{"@type":"ImageObject","inLanguage":"es","@id":"https:\/\/www.tosunlux.eu\/ru\/#\/schema\/logo\/image\/","url":"https:\/\/www.tosunlux.eu\/wp-content\/uploads\/2022\/01\/LOGOSYSM.71762f1.png","contentUrl":"https:\/\/www.tosunlux.eu\/wp-content\/uploads\/2022\/01\/LOGOSYSM.71762f1.png","width":153,"height":55,"caption":"TOSUNlux"},"image":{"@id":"https:\/\/www.tosunlux.eu\/ru\/#\/schema\/logo\/image\/"},"sameAs":["https:\/\/www.facebook.com\/TOSUNelectric\/","https:\/\/www.linkedin.com\/company\/wenzhou-tosun-electric-co.-ltd\/"]}]}},"_links":{"self":[{"href":"https:\/\/www.tosunlux.eu\/es\/wp-json\/wp\/v2\/product\/2544","targetHints":{"allow":["GET"]}}],"collection":[{"href":"https:\/\/www.tosunlux.eu\/es\/wp-json\/wp\/v2\/product"}],"about":[{"href":"https:\/\/www.tosunlux.eu\/es\/wp-json\/wp\/v2\/types\/product"}],"version-history":[{"count":0,"href":"https:\/\/www.tosunlux.eu\/es\/wp-json\/wp\/v2\/product\/2544\/revisions"}],"wp:attachment":[{"href":"https:\/\/www.tosunlux.eu\/es\/wp-json\/wp\/v2\/media?parent=2544"}],"wp:term":[{"taxonomy":"product_category","embeddable":true,"href":"https:\/\/www.tosunlux.eu\/es\/wp-json\/wp\/v2\/product_category?post=2544"}],"curies":[{"name":"gracias","href":"https:\/\/api.w.org\/{rel}","templated":true}]}}