{"id":2603,"date":"2022-05-12T15:22:47","date_gmt":"2022-05-12T07:22:47","guid":{"rendered":"https:\/\/www.tosunlux.eu\/?post_type=product&#038;p=2603"},"modified":"2023-09-13T09:29:46","modified_gmt":"2023-09-13T01:29:46","slug":"tsc1-d-ac-contactor","status":"publish","type":"product","link":"https:\/\/www.tosunlux.eu\/es\/products\/tsc1-d-ac-contactor\/","title":{"rendered":"Contactor de CA TSC1-D"},"content":{"rendered":"<pre class=\"wp-block-verse\"><strong>Solicitud<\/strong>\n\n\nEl contactor de CA de la serie TSC1-D es adecuado para usar en circuitos de hasta 660 V CA de voltaje nominal 50 Hz o 60 Hz, corriente nominal de hasta 620 A, para hacer, romper, arrancar y controlar con frecuencia el motor de CA. Combinado con el bloque de contactos auxiliares, el temporizador de retardo y el dispositivo de enclavamiento de la m\u00e1quina, etc., se convierte en el contactor de retardo, contactor de enclavamiento mec\u00e1nico, arrancador estrella-tri\u00e1ngulo. Con el rel\u00e9 t\u00e9rmico, se combina con el arrancador electromagn\u00e9tico. Los productos cumplen con IEC60947-4.\n\n<strong>Voltajes de circuito de control est\u00e1ndar<\/strong>\n\n<\/pre>\n\n\n<table width=\"882\">\n<tbody>\n<tr>\n<td style=\"text-align: center;\" width=\"63\">voltios<\/td>\n<td style=\"text-align: center;\" width=\"63\">24<\/td>\n<td style=\"text-align: center;\" width=\"63\">42<\/td>\n<td style=\"text-align: center;\" width=\"63\">48<\/td>\n<td style=\"text-align: center;\" width=\"63\">110<\/td>\n<td style=\"text-align: center;\" width=\"63\">220<\/td>\n<td style=\"text-align: center;\" width=\"63\">230<\/td>\n<td style=\"text-align: center;\" width=\"63\">240<\/td>\n<td style=\"text-align: center;\" width=\"63\">380<\/td>\n<td style=\"text-align: center;\" width=\"63\">400<\/td>\n<td style=\"text-align: center;\" width=\"63\">415<\/td>\n<td style=\"text-align: center;\" width=\"63\">440<\/td>\n<td style=\"text-align: center;\" width=\"63\">500<\/td>\n<td style=\"text-align: center;\" width=\"63\">600<\/td>\n<\/tr>\n<tr>\n<td style=\"text-align: center;\">50Hz<\/td>\n<td style=\"text-align: center;\">B5<\/td>\n<td style=\"text-align: center;\">D5<\/td>\n<td style=\"text-align: center;\">E5<\/td>\n<td style=\"text-align: center;\">F5<\/td>\n<td style=\"text-align: center;\">M5<\/td>\n<td style=\"text-align: center;\">P5<\/td>\n<td style=\"text-align: center;\">U5<\/td>\n<td style=\"text-align: center;\">P5<\/td>\n<td style=\"text-align: center;\">V5<\/td>\n<td style=\"text-align: center;\">N5<\/td>\n<td style=\"text-align: center;\">R5<\/td>\n<td style=\"text-align: center;\">S5<\/td>\n<td style=\"text-align: center;\">Y5<\/td>\n<\/tr>\n<tr>\n<td style=\"text-align: center;\">60Hz<\/td>\n<td style=\"text-align: center;\">B6<\/td>\n<td style=\"text-align: center;\">D6<\/td>\n<td style=\"text-align: center;\">E6<\/td>\n<td style=\"text-align: center;\">F6<\/td>\n<td style=\"text-align: center;\">M6<\/td>\n<td style=\"text-align: center;\">\u00a0\u2013<\/td>\n<td style=\"text-align: center;\">U6<\/td>\n<td style=\"text-align: center;\">P6<\/td>\n<td style=\"text-align: center;\">\u00a0\u2013<\/td>\n<td style=\"text-align: center;\">\u00a0\u2013<\/td>\n<td style=\"text-align: center;\">R6<\/td>\n<td style=\"text-align: center;\">\u00a0\u2013<\/td>\n<td style=\"text-align: center;\">\u00a0\u2013<\/td>\n<\/tr>\n<tr>\n<td style=\"text-align: center;\">50\/60Hz<\/td>\n<td style=\"text-align: center;\">B7<\/td>\n<td style=\"text-align: center;\">D7<\/td>\n<td style=\"text-align: center;\">E7<\/td>\n<td style=\"text-align: center;\">F7<\/td>\n<td style=\"text-align: center;\">M7<\/td>\n<td style=\"text-align: center;\">P7<\/td>\n<td style=\"text-align: center;\">U7<\/td>\n<td style=\"text-align: center;\">Q7<\/td>\n<td style=\"text-align: center;\">V7<\/td>\n<td style=\"text-align: center;\">N7<\/td>\n<td style=\"text-align: center;\">R7<\/td>\n<td style=\"text-align: center;\">\u00a0\u2013<\/td>\n<td style=\"text-align: center;\">\u00a0\u2013<\/td>\n<\/tr>\n<\/tbody>\n<\/table>\n\n\n<p><\/p>\n\n\n\n<pre class=\"wp-block-verse\"><strong>Especificaci\u00f3n<\/strong>\n\n<\/pre>\n\n\n<table style=\"border-collapse: collapse; width: 633px; height: 355px;\" border=\"0\" width=\"630\" cellspacing=\"0\" cellpadding=\"0\">\n<tbody>\n<tr style=\"height: 12.75pt;\">\n<td class=\"et2\" style=\"height: 12.75pt; width: 94.5pt; text-align: center;\" colspan=\"2\" width=\"126\" height=\"17\">Modelo<\/td>\n<td style=\"width: 47.25pt; text-align: center;\" width=\"63\">D09<\/td>\n<td style=\"width: 47.25pt; text-align: center;\" width=\"63\">D12<\/td>\n<td style=\"width: 47.25pt; text-align: center;\" width=\"63\">D18<\/td>\n<td style=\"width: 47.25pt; text-align: center;\" width=\"63\">D25<\/td>\n<td style=\"width: 47.25pt; text-align: center;\" width=\"63\">D32<\/td>\n<td style=\"width: 47.25pt; text-align: center;\" width=\"63\">D40<\/td>\n<td style=\"width: 47.25pt; text-align: center;\" width=\"63\">D50<\/td>\n<td style=\"width: 47.25pt; text-align: center;\" width=\"63\">D65<\/td>\n<\/tr>\n<tr style=\"height: 12.75pt;\">\n<td class=\"et2\" style=\"height: 25.5pt; width: 47.25pt; text-align: center;\" rowspan=\"2\" width=\"63\" height=\"34\">Corriente de trabajo nominal (A)<\/td>\n<td style=\"text-align: center;\">AC3<\/td>\n<td style=\"text-align: center;\">9<\/td>\n<td style=\"text-align: center;\">12<\/td>\n<td style=\"text-align: center;\">18<\/td>\n<td style=\"text-align: center;\">25<\/td>\n<td style=\"text-align: center;\">32<\/td>\n<td style=\"text-align: center;\">40<\/td>\n<td style=\"text-align: center;\">50<\/td>\n<td style=\"text-align: center;\">65<\/td>\n<\/tr>\n<tr style=\"height: 12.75pt;\">\n<td style=\"text-align: center;\">AC4<\/td>\n<td style=\"text-align: center;\">3.5<\/td>\n<td style=\"text-align: center;\">5<\/td>\n<td style=\"text-align: center;\">7.7<\/td>\n<td style=\"text-align: center;\">8.5<\/td>\n<td style=\"text-align: center;\">12<\/td>\n<td style=\"text-align: center;\">18.5<\/td>\n<td style=\"text-align: center;\">24<\/td>\n<td style=\"text-align: center;\">28<\/td>\n<\/tr>\n<tr style=\"height: 12.75pt;\">\n<td class=\"et2\" style=\"height: 63.75pt; width: 47.25pt;\" rowspan=\"5\" width=\"63\" height=\"85\">Capacidad AC3 del motor de jaula de ardilla fase 3 AC3 (KW)<\/td>\n<td style=\"text-align: center;\">220\/230V<\/td>\n<td style=\"text-align: center;\">2.2<\/td>\n<td style=\"text-align: center;\">3<\/td>\n<td style=\"text-align: center;\">4<\/td>\n<td style=\"text-align: center;\">5.5<\/td>\n<td style=\"text-align: center;\">7.5<\/td>\n<td style=\"text-align: center;\">11<\/td>\n<td style=\"text-align: center;\">15<\/td>\n<td style=\"text-align: center;\">18.5<\/td>\n<\/tr>\n<tr style=\"height: 12.75pt;\">\n<td style=\"text-align: center;\">380\/400V<\/td>\n<td style=\"text-align: center;\">4<\/td>\n<td style=\"text-align: center;\">5.5<\/td>\n<td style=\"text-align: center;\">7.5<\/td>\n<td style=\"text-align: center;\">11<\/td>\n<td style=\"text-align: center;\">15<\/td>\n<td style=\"text-align: center;\">18.5<\/td>\n<td style=\"text-align: center;\">22<\/td>\n<td style=\"text-align: center;\">30<\/td>\n<\/tr>\n<tr style=\"height: 12.75pt;\">\n<td style=\"text-align: center;\">415V<\/td>\n<td style=\"text-align: center;\">4<\/td>\n<td style=\"text-align: center;\">5.5<\/td>\n<td style=\"text-align: center;\">9<\/td>\n<td style=\"text-align: center;\">11<\/td>\n<td style=\"text-align: center;\">15<\/td>\n<td style=\"text-align: center;\">22<\/td>\n<td style=\"text-align: center;\">25<\/td>\n<td style=\"text-align: center;\">37<\/td>\n<\/tr>\n<tr style=\"height: 12.75pt;\">\n<td style=\"text-align: center;\">500V<\/td>\n<td style=\"text-align: center;\">5.5<\/td>\n<td style=\"text-align: center;\">7.5<\/td>\n<td style=\"text-align: center;\">10<\/td>\n<td style=\"text-align: center;\">15<\/td>\n<td style=\"text-align: center;\">18.5<\/td>\n<td style=\"text-align: center;\">22<\/td>\n<td style=\"text-align: center;\">30<\/td>\n<td style=\"text-align: center;\">37<\/td>\n<\/tr>\n<tr style=\"height: 12.75pt;\">\n<td style=\"text-align: center;\">660\/690V<\/td>\n<td style=\"text-align: center;\">5.5<\/td>\n<td style=\"text-align: center;\">7.5<\/td>\n<td style=\"text-align: center;\">10<\/td>\n<td style=\"text-align: center;\">15<\/td>\n<td style=\"text-align: center;\">18.5<\/td>\n<td style=\"text-align: center;\">30<\/td>\n<td style=\"text-align: center;\">33<\/td>\n<td style=\"text-align: center;\">37<\/td>\n<\/tr>\n<tr style=\"height: 12.75pt;\">\n<td style=\"height: 12.75pt; text-align: center;\" colspan=\"2\" height=\"17\">Corriente t\u00e9rmica nominal (A)<\/td>\n<td style=\"text-align: center;\">20<\/td>\n<td style=\"text-align: center;\">20<\/td>\n<td style=\"text-align: center;\">32<\/td>\n<td style=\"text-align: center;\">40<\/td>\n<td style=\"text-align: center;\">50<\/td>\n<td style=\"text-align: center;\">60<\/td>\n<td style=\"text-align: center;\">80<\/td>\n<td style=\"text-align: center;\">80<\/td>\n<\/tr>\n<tr style=\"height: 12.75pt;\">\n<td class=\"et2\" style=\"height: 25.5pt; width: 47.25pt; text-align: center;\" rowspan=\"2\" width=\"63\" height=\"34\">Vida el\u00e9ctrica<\/td>\n<td style=\"text-align: center;\">AC3\u00d7100000<\/td>\n<td style=\"text-align: center;\">100<\/td>\n<td style=\"text-align: center;\">100<\/td>\n<td style=\"text-align: center;\">100<\/td>\n<td style=\"text-align: center;\">100<\/td>\n<td style=\"text-align: center;\">80<\/td>\n<td style=\"text-align: center;\">80<\/td>\n<td style=\"text-align: center;\">60<\/td>\n<td style=\"text-align: center;\">60<\/td>\n<\/tr>\n<tr style=\"height: 12.75pt;\">\n<td style=\"text-align: center;\">AC4\u00d7100000<\/td>\n<td style=\"text-align: center;\">20<\/td>\n<td style=\"text-align: center;\">20<\/td>\n<td style=\"text-align: center;\">20<\/td>\n<td style=\"text-align: center;\">20<\/td>\n<td style=\"text-align: center;\">20<\/td>\n<td style=\"text-align: center;\">15<\/td>\n<td style=\"text-align: center;\">15<\/td>\n<td style=\"text-align: center;\">15<\/td>\n<\/tr>\n<tr style=\"height: 12.75pt;\">\n<td class=\"et2\" style=\"height: 12.75pt; width: 94.5pt; text-align: center;\" colspan=\"2\" width=\"126\" height=\"17\">Vida mec\u00e1nica x 10<\/td>\n<td style=\"text-align: center;\">1000<\/td>\n<td style=\"text-align: center;\">1000<\/td>\n<td style=\"text-align: center;\">1000<\/td>\n<td style=\"text-align: center;\">1000<\/td>\n<td style=\"text-align: center;\">800<\/td>\n<td style=\"text-align: center;\">800<\/td>\n<td style=\"text-align: center;\">800<\/td>\n<td style=\"text-align: center;\">800<\/td>\n<\/tr>\n<tr style=\"height: 12.75pt;\">\n<td class=\"et5\" style=\"height: 51pt; width: 94.5pt; text-align: center;\" colspan=\"2\" rowspan=\"4\" width=\"126\" height=\"68\">N\u00famero de los contactos<\/td>\n<td class=\"et6\" style=\"text-align: center;\" colspan=\"5\">3P+NO<\/td>\n<td class=\"et6\" style=\"text-align: center;\" colspan=\"3\" rowspan=\"2\">3P+NA+NC<\/td>\n<\/tr>\n<tr style=\"height: 12.75pt;\">\n<td class=\"et6\" style=\"text-align: center;\" colspan=\"5\">3P+NC<\/td>\n<\/tr>\n<tr style=\"height: 12.75pt;\">\n<td class=\"et6\" style=\"text-align: center;\" colspan=\"8\">4N0<\/td>\n<\/tr>\n<tr style=\"height: 12.75pt;\">\n<td class=\"et6\" style=\"text-align: center;\" colspan=\"8\">2NA+2NC<\/td>\n<\/tr>\n<\/tbody>\n<\/table>","protected":false},"parent":0,"template":"","product_category":[35,89],"class_list":["post-2603","product","type-product","status-publish","hentry","product_category-industrial-control-devices","product_category-ac-contactor-accessory"],"yoast_head":"<!-- This site is optimized with the Yoast SEO plugin v27.5 - https:\/\/yoast.com\/product\/yoast-seo-wordpress\/ -->\n<title>WholesaleTSC1-D AC Contactor - TOSUNlux Official Site - Electrical Circuit Breaker Manufacturer in China Low Voltage Electrical Supplier | TOSUNlux<\/title>\n<meta name=\"description\" content=\"TSC1-D AC Contactor Supplier - Wholesale direct from TOSUNlux, a trusted manufacturer since 1994. Get your B2B factory quote on our certified Low Voltage electrical products.\" \/>\n<meta name=\"robots\" content=\"index, follow, max-snippet:-1, max-image-preview:large, max-video-preview:-1\" \/>\n<link rel=\"canonical\" href=\"https:\/\/www.tosunlux.eu\/es\/products\/tsc1-d-ac-contactor\/\" \/>\n<meta property=\"og:locale\" content=\"es_ES\" \/>\n<meta property=\"og:type\" content=\"article\" \/>\n<meta property=\"og:title\" content=\"WholesaleTSC1-D AC Contactor - TOSUNlux Official Site - Electrical Circuit Breaker Manufacturer in China Low Voltage Electrical Supplier | TOSUNlux\" \/>\n<meta property=\"og:description\" content=\"TSC1-D AC Contactor Supplier - Wholesale direct from TOSUNlux, a trusted manufacturer since 1994. Get your B2B factory quote on our certified Low Voltage electrical products.\" \/>\n<meta property=\"og:url\" content=\"https:\/\/www.tosunlux.eu\/es\/products\/tsc1-d-ac-contactor\/\" \/>\n<meta property=\"og:site_name\" content=\"TOSUNlux Official Site - Electrical Circuit Breaker Manufacturer in China\" \/>\n<meta property=\"article:publisher\" content=\"https:\/\/www.facebook.com\/TOSUNelectric\/\" \/>\n<meta property=\"article:modified_time\" content=\"2023-09-13T01:29:46+00:00\" \/>\n<meta property=\"og:image\" content=\"https:\/\/www.tosunlux.eu\/wp-content\/uploads\/2023\/04\/DSC08160_\u526f\u672c.jpg\" \/>\n\t<meta property=\"og:image:width\" content=\"1500\" \/>\n\t<meta property=\"og:image:height\" content=\"940\" \/>\n\t<meta property=\"og:image:type\" content=\"image\/jpeg\" \/>\n<meta name=\"twitter:card\" content=\"summary_large_image\" \/>\n<meta name=\"twitter:label1\" content=\"Tiempo de lectura\" \/>\n\t<meta name=\"twitter:data1\" content=\"2 minutos\" \/>\n<script type=\"application\/ld+json\" class=\"yoast-schema-graph\">{\"@context\":\"https:\\\/\\\/schema.org\",\"@graph\":[{\"@type\":\"WebPage\",\"@id\":\"https:\\\/\\\/www.tosunlux.eu\\\/products\\\/tsc1-d-ac-contactor\\\/\",\"url\":\"https:\\\/\\\/www.tosunlux.eu\\\/products\\\/tsc1-d-ac-contactor\\\/\",\"name\":\"WholesaleTSC1-D AC Contactor - TOSUNlux Official Site - Electrical Circuit Breaker Manufacturer in China Low Voltage Electrical Supplier | TOSUNlux\",\"isPartOf\":{\"@id\":\"https:\\\/\\\/www.tosunlux.eu\\\/ru\\\/#website\"},\"datePublished\":\"2022-05-12T07:22:47+00:00\",\"dateModified\":\"2023-09-13T01:29:46+00:00\",\"description\":\"TSC1-D AC Contactor Supplier - Wholesale direct from TOSUNlux, a trusted manufacturer since 1994. Get your B2B factory quote on our certified Low Voltage electrical products.\",\"breadcrumb\":{\"@id\":\"https:\\\/\\\/www.tosunlux.eu\\\/products\\\/tsc1-d-ac-contactor\\\/#breadcrumb\"},\"inLanguage\":\"es\",\"potentialAction\":[{\"@type\":\"ReadAction\",\"target\":[\"https:\\\/\\\/www.tosunlux.eu\\\/products\\\/tsc1-d-ac-contactor\\\/\"]}]},{\"@type\":\"BreadcrumbList\",\"@id\":\"https:\\\/\\\/www.tosunlux.eu\\\/products\\\/tsc1-d-ac-contactor\\\/#breadcrumb\",\"itemListElement\":[{\"@type\":\"ListItem\",\"position\":1,\"name\":\"Home\",\"item\":\"https:\\\/\\\/www.tosunlux.eu\\\/ru\\\/\"},{\"@type\":\"ListItem\",\"position\":2,\"name\":\"Products\",\"item\":\"https:\\\/\\\/www.tosunlux.eu\\\/products\\\/\"},{\"@type\":\"ListItem\",\"position\":3,\"name\":\"TSC1-D AC Contactor\"}]},{\"@type\":\"WebSite\",\"@id\":\"https:\\\/\\\/www.tosunlux.eu\\\/ru\\\/#website\",\"url\":\"https:\\\/\\\/www.tosunlux.eu\\\/ru\\\/\",\"name\":\"TOSUNlux Official Site - Electrical Circuit Breaker Manufacturer in China\",\"description\":\"Power Distribution System Supplier\",\"publisher\":{\"@id\":\"https:\\\/\\\/www.tosunlux.eu\\\/ru\\\/#organization\"},\"alternateName\":\"TOSUNlux\",\"potentialAction\":[{\"@type\":\"SearchAction\",\"target\":{\"@type\":\"EntryPoint\",\"urlTemplate\":\"https:\\\/\\\/www.tosunlux.eu\\\/ru\\\/?s={search_term_string}\"},\"query-input\":{\"@type\":\"PropertyValueSpecification\",\"valueRequired\":true,\"valueName\":\"search_term_string\"}}],\"inLanguage\":\"es\"},{\"@type\":\"Organization\",\"@id\":\"https:\\\/\\\/www.tosunlux.eu\\\/ru\\\/#organization\",\"name\":\"TOSUNlux\",\"url\":\"https:\\\/\\\/www.tosunlux.eu\\\/ru\\\/\",\"logo\":{\"@type\":\"ImageObject\",\"inLanguage\":\"es\",\"@id\":\"https:\\\/\\\/www.tosunlux.eu\\\/ru\\\/#\\\/schema\\\/logo\\\/image\\\/\",\"url\":\"https:\\\/\\\/www.tosunlux.eu\\\/wp-content\\\/uploads\\\/2022\\\/01\\\/LOGOSYSM.71762f1.png\",\"contentUrl\":\"https:\\\/\\\/www.tosunlux.eu\\\/wp-content\\\/uploads\\\/2022\\\/01\\\/LOGOSYSM.71762f1.png\",\"width\":153,\"height\":55,\"caption\":\"TOSUNlux\"},\"image\":{\"@id\":\"https:\\\/\\\/www.tosunlux.eu\\\/ru\\\/#\\\/schema\\\/logo\\\/image\\\/\"},\"sameAs\":[\"https:\\\/\\\/www.facebook.com\\\/TOSUNelectric\\\/\",\"https:\\\/\\\/www.linkedin.com\\\/company\\\/wenzhou-tosun-electric-co.-ltd\\\/\"]}]}<\/script>\n<!-- \/ Yoast SEO plugin. -->","yoast_head_json":{"title":"Contactor de CA TSC1-D al por mayor - Sitio oficial de TOSUNlux - Fabricante de disyuntores el\u00e9ctricos en China, proveedor de equipos el\u00e9ctricos de baja tensi\u00f3n | TOSUNlux","description":"Proveedor de contactores de CA TSC1-D: venta al por mayor directa de TOSUNlux, un fabricante confiable desde 1994. Obtenga su cotizaci\u00f3n de f\u00e1brica B2B para nuestros productos el\u00e9ctricos de bajo voltaje certificados.","robots":{"index":"index","follow":"follow","max-snippet":"max-snippet:-1","max-image-preview":"max-image-preview:large","max-video-preview":"max-video-preview:-1"},"canonical":"https:\/\/www.tosunlux.eu\/es\/products\/tsc1-d-ac-contactor\/","og_locale":"es_ES","og_type":"article","og_title":"WholesaleTSC1-D AC Contactor - TOSUNlux Official Site - Electrical Circuit Breaker Manufacturer in China Low Voltage Electrical Supplier | TOSUNlux","og_description":"TSC1-D AC Contactor Supplier - Wholesale direct from TOSUNlux, a trusted manufacturer since 1994. Get your B2B factory quote on our certified Low Voltage electrical products.","og_url":"https:\/\/www.tosunlux.eu\/es\/products\/tsc1-d-ac-contactor\/","og_site_name":"TOSUNlux Official Site - Electrical Circuit Breaker Manufacturer in China","article_publisher":"https:\/\/www.facebook.com\/TOSUNelectric\/","article_modified_time":"2023-09-13T01:29:46+00:00","og_image":[{"width":1500,"height":940,"url":"https:\/\/www.tosunlux.eu\/wp-content\/uploads\/2023\/04\/DSC08160_\u526f\u672c.jpg","type":"image\/jpeg"}],"twitter_card":"summary_large_image","twitter_misc":{"Tiempo de lectura":"2 minutos"},"schema":{"@context":"https:\/\/schema.org","@graph":[{"@type":"WebPage","@id":"https:\/\/www.tosunlux.eu\/products\/tsc1-d-ac-contactor\/","url":"https:\/\/www.tosunlux.eu\/products\/tsc1-d-ac-contactor\/","name":"Contactor de CA TSC1-D al por mayor - Sitio oficial de TOSUNlux - Fabricante de disyuntores el\u00e9ctricos en China, proveedor de equipos el\u00e9ctricos de baja tensi\u00f3n | TOSUNlux","isPartOf":{"@id":"https:\/\/www.tosunlux.eu\/ru\/#website"},"datePublished":"2022-05-12T07:22:47+00:00","dateModified":"2023-09-13T01:29:46+00:00","description":"Proveedor de contactores de CA TSC1-D: venta al por mayor directa de TOSUNlux, un fabricante confiable desde 1994. Obtenga su cotizaci\u00f3n de f\u00e1brica B2B para nuestros productos el\u00e9ctricos de bajo voltaje certificados.","breadcrumb":{"@id":"https:\/\/www.tosunlux.eu\/products\/tsc1-d-ac-contactor\/#breadcrumb"},"inLanguage":"es","potentialAction":[{"@type":"ReadAction","target":["https:\/\/www.tosunlux.eu\/products\/tsc1-d-ac-contactor\/"]}]},{"@type":"BreadcrumbList","@id":"https:\/\/www.tosunlux.eu\/products\/tsc1-d-ac-contactor\/#breadcrumb","itemListElement":[{"@type":"ListItem","position":1,"name":"Home","item":"https:\/\/www.tosunlux.eu\/ru\/"},{"@type":"ListItem","position":2,"name":"Products","item":"https:\/\/www.tosunlux.eu\/products\/"},{"@type":"ListItem","position":3,"name":"TSC1-D AC Contactor"}]},{"@type":"WebSite","@id":"https:\/\/www.tosunlux.eu\/ru\/#website","url":"https:\/\/www.tosunlux.eu\/ru\/","name":"Sitio oficial de TOSUNlux - Fabricante de disyuntores el\u00e9ctricos en China","description":"Proveedor de sistemas de distribuci\u00f3n de energ\u00eda","publisher":{"@id":"https:\/\/www.tosunlux.eu\/ru\/#organization"},"alternateName":"TOSUNlux","potentialAction":[{"@type":"SearchAction","target":{"@type":"EntryPoint","urlTemplate":"https:\/\/www.tosunlux.eu\/ru\/?s={search_term_string}"},"query-input":{"@type":"PropertyValueSpecification","valueRequired":true,"valueName":"search_term_string"}}],"inLanguage":"es"},{"@type":"Organization","@id":"https:\/\/www.tosunlux.eu\/ru\/#organization","name":"TOSUNlux","url":"https:\/\/www.tosunlux.eu\/ru\/","logo":{"@type":"ImageObject","inLanguage":"es","@id":"https:\/\/www.tosunlux.eu\/ru\/#\/schema\/logo\/image\/","url":"https:\/\/www.tosunlux.eu\/wp-content\/uploads\/2022\/01\/LOGOSYSM.71762f1.png","contentUrl":"https:\/\/www.tosunlux.eu\/wp-content\/uploads\/2022\/01\/LOGOSYSM.71762f1.png","width":153,"height":55,"caption":"TOSUNlux"},"image":{"@id":"https:\/\/www.tosunlux.eu\/ru\/#\/schema\/logo\/image\/"},"sameAs":["https:\/\/www.facebook.com\/TOSUNelectric\/","https:\/\/www.linkedin.com\/company\/wenzhou-tosun-electric-co.-ltd\/"]}]}},"_links":{"self":[{"href":"https:\/\/www.tosunlux.eu\/es\/wp-json\/wp\/v2\/product\/2603","targetHints":{"allow":["GET"]}}],"collection":[{"href":"https:\/\/www.tosunlux.eu\/es\/wp-json\/wp\/v2\/product"}],"about":[{"href":"https:\/\/www.tosunlux.eu\/es\/wp-json\/wp\/v2\/types\/product"}],"version-history":[{"count":1,"href":"https:\/\/www.tosunlux.eu\/es\/wp-json\/wp\/v2\/product\/2603\/revisions"}],"predecessor-version":[{"id":7994,"href":"https:\/\/www.tosunlux.eu\/es\/wp-json\/wp\/v2\/product\/2603\/revisions\/7994"}],"wp:attachment":[{"href":"https:\/\/www.tosunlux.eu\/es\/wp-json\/wp\/v2\/media?parent=2603"}],"wp:term":[{"taxonomy":"product_category","embeddable":true,"href":"https:\/\/www.tosunlux.eu\/es\/wp-json\/wp\/v2\/product_category?post=2603"}],"curies":[{"name":"gracias","href":"https:\/\/api.w.org\/{rel}","templated":true}]}}