{"id":2812,"date":"2022-05-14T14:28:18","date_gmt":"2022-05-14T06:28:18","guid":{"rendered":"https:\/\/www.tosunlux.eu\/?post_type=product&#038;p=2812"},"modified":"2022-05-14T14:51:47","modified_gmt":"2022-05-14T06:51:47","slug":"lch8-modular-contactor","status":"publish","type":"product","link":"https:\/\/www.tosunlux.eu\/es\/products\/lch8-modular-contactor\/","title":{"rendered":"Contactor modular LCH8"},"content":{"rendered":"<figure class=\"wp-block-image size-full is-resized\"><img decoding=\"async\" src=\"https:\/\/www.tosunlux.eu\/wp-content\/uploads\/2022\/05\/VDE.jpg\" alt=\"\" class=\"wp-image-2832\" width=\"88\" height=\"68\"\/><\/figure>\n\n\n\n<p><strong>Especificaci\u00f3n<\/strong><\/p>\n\n\n<table width=\"989\">\n<tbody>\n<tr>\n<td style=\"text-align: center;\" rowspan=\"2\" width=\"103\">Modelo<\/td>\n<td style=\"text-align: center;\" colspan=\"2\" width=\"278\">Calificaci\u00f3n (En)<\/td>\n<td style=\"text-align: center;\" rowspan=\"2\" width=\"107\">Control del voltaje<\/td>\n<td style=\"text-align: center;\" rowspan=\"2\" width=\"145\">Contacto<\/td>\n<td style=\"text-align: center;\" rowspan=\"2\" width=\"154\">Ancho en m\u00f3dulos de 9mm<\/td>\n<td style=\"text-align: center;\" rowspan=\"2\" width=\"202\">Tipo<\/td>\n<\/tr>\n<tr>\n<td style=\"text-align: center;\">AC-1<\/td>\n<td style=\"text-align: center;\">AC-3<\/td>\n<\/tr>\n<tr>\n<td style=\"text-align: center;\" rowspan=\"9\">LCH8 2P<\/td>\n<td style=\"text-align: center;\">16A<\/td>\n<td style=\"text-align: center;\">6A<\/td>\n<td style=\"text-align: center;\" rowspan=\"24\" width=\"107\">24 V CA 110 V CA 230 V CA 50\/60 Hz<\/td>\n<td rowspan=\"9\" width=\"145\">\n<p>\u00a0 \u00a0 \u00a0 \u00a0 \u00a0 \u00a0 2N0<\/p>\n<p>\u00a0 \u00a0 \u00a0 \u00a0 1NA+1NC<\/p>\n<p>\u00a0 \u00a0 \u00a0 \u00a0 \u00a0 \u00a0 2NC<\/p>\n<\/td>\n<td style=\"text-align: center;\" rowspan=\"3\">2<\/td>\n<td rowspan=\"9\"><img decoding=\"async\" class=\"alignnone size-medium wp-image-2815\" src=\"https:\/\/www.tosunlux.eu\/wp-content\/uploads\/2022\/05\/a-1-300x68.jpg\" alt=\"\" width=\"300\" height=\"68\" srcset=\"https:\/\/www.tosunlux.eu\/wp-content\/uploads\/2022\/05\/a-1-300x68.jpg 300w, https:\/\/www.tosunlux.eu\/wp-content\/uploads\/2022\/05\/a-1.jpg 542w\" sizes=\"(max-width: 300px) 100vw, 300px\" \/><\/td>\n<\/tr>\n<tr>\n<td style=\"text-align: center;\">20A<\/td>\n<td style=\"text-align: center;\">7A<\/td>\n<\/tr>\n<tr>\n<td style=\"text-align: center;\">25A<\/td>\n<td style=\"text-align: center;\">9A<\/td>\n<\/tr>\n<tr>\n<td style=\"text-align: center;\">32A<\/td>\n<td style=\"text-align: center;\">12A<\/td>\n<td style=\"text-align: center;\" rowspan=\"3\">4<\/td>\n<\/tr>\n<tr>\n<td style=\"text-align: center;\">40A<\/td>\n<td style=\"text-align: center;\">18A<\/td>\n<\/tr>\n<tr>\n<td style=\"text-align: center;\">63A<\/td>\n<td style=\"text-align: center;\">25A<\/td>\n<\/tr>\n<tr>\n<td style=\"text-align: center;\">80A<\/td>\n<td style=\"text-align: center;\">32A<\/td>\n<td style=\"text-align: center;\" rowspan=\"3\">6<\/td>\n<\/tr>\n<tr>\n<td style=\"text-align: center;\">100A<\/td>\n<td style=\"text-align: center;\">40A<\/td>\n<\/tr>\n<tr>\n<td style=\"text-align: center;\">125A<\/td>\n<td style=\"text-align: center;\">50A<\/td>\n<\/tr>\n<tr>\n<td style=\"text-align: center;\" rowspan=\"6\">LCH8 3P<\/td>\n<td style=\"text-align: center;\">16A<\/td>\n<td style=\"text-align: center;\">6A<\/td>\n<td rowspan=\"6\" width=\"145\">\n<p>\u00a0 \u00a0 \u00a0 \u00a0 \u00a0 \u00a0 3N0<\/p>\n<p>\u00a0 \u00a0 \u00a0 \u00a0 \u00a0 \u00a0 3NC<\/p>\n<\/td>\n<td style=\"text-align: center;\" rowspan=\"3\">4<\/td>\n<td rowspan=\"6\"><img decoding=\"async\" class=\"alignnone size-medium wp-image-2816\" src=\"https:\/\/www.tosunlux.eu\/wp-content\/uploads\/2022\/05\/b-1-300x88.jpg\" alt=\"\" width=\"300\" height=\"88\" srcset=\"https:\/\/www.tosunlux.eu\/wp-content\/uploads\/2022\/05\/b-1-300x88.jpg 300w, https:\/\/www.tosunlux.eu\/wp-content\/uploads\/2022\/05\/b-1.jpg 421w\" sizes=\"(max-width: 300px) 100vw, 300px\" \/><\/td>\n<\/tr>\n<tr>\n<td style=\"text-align: center;\">20A<\/td>\n<td style=\"text-align: center;\">7A<\/td>\n<\/tr>\n<tr>\n<td style=\"text-align: center;\">25A<\/td>\n<td style=\"text-align: center;\">9A<\/td>\n<\/tr>\n<tr>\n<td style=\"text-align: center;\">32A<\/td>\n<td style=\"text-align: center;\">12A<\/td>\n<td style=\"text-align: center;\" rowspan=\"3\">6<\/td>\n<\/tr>\n<tr>\n<td style=\"text-align: center;\">40A<\/td>\n<td style=\"text-align: center;\">18A<\/td>\n<\/tr>\n<tr>\n<td style=\"text-align: center;\">63A<\/td>\n<td style=\"text-align: center;\">25A<\/td>\n<\/tr>\n<tr>\n<td style=\"text-align: center;\" rowspan=\"9\">LCH8 4P<\/td>\n<td style=\"text-align: center;\">16A<\/td>\n<td style=\"text-align: center;\">6A<\/td>\n<td rowspan=\"9\" width=\"145\">\n<p style=\"text-align: center;\">4N0<\/p>\n<p style=\"text-align: center;\">4NC<\/p>\n<p style=\"text-align: center;\">2N0+2NC<\/p>\n<p style=\"text-align: center;\">3NA+1NC<\/p>\n<\/td>\n<td style=\"text-align: center;\" rowspan=\"3\">4<\/td>\n<td rowspan=\"9\"><img loading=\"lazy\" decoding=\"async\" class=\"alignnone size-medium wp-image-2817\" src=\"https:\/\/www.tosunlux.eu\/wp-content\/uploads\/2022\/05\/C-1-300x192.jpg\" alt=\"\" width=\"300\" height=\"192\" srcset=\"https:\/\/www.tosunlux.eu\/wp-content\/uploads\/2022\/05\/C-1-300x192.jpg 300w, https:\/\/www.tosunlux.eu\/wp-content\/uploads\/2022\/05\/C-1.jpg 496w\" sizes=\"(max-width: 300px) 100vw, 300px\" \/><\/td>\n<\/tr>\n<tr>\n<td style=\"text-align: center;\">20A<\/td>\n<td style=\"text-align: center;\">7A<\/td>\n<\/tr>\n<tr>\n<td style=\"text-align: center;\">25A<\/td>\n<td style=\"text-align: center;\">9A<\/td>\n<\/tr>\n<tr>\n<td style=\"text-align: center;\">32A<\/td>\n<td style=\"text-align: center;\">12A<\/td>\n<td style=\"text-align: center;\" rowspan=\"4\">6<\/td>\n<\/tr>\n<tr>\n<td style=\"text-align: center;\">40A<\/td>\n<td style=\"text-align: center;\">18A<\/td>\n<\/tr>\n<tr>\n<td style=\"text-align: center;\">63A<\/td>\n<td style=\"text-align: center;\">25A<\/td>\n<\/tr>\n<tr>\n<td style=\"text-align: center;\">80A<\/td>\n<td style=\"text-align: center;\">32A<\/td>\n<\/tr>\n<tr>\n<td style=\"text-align: center;\">100A<\/td>\n<td style=\"text-align: center;\">40A<\/td>\n<td style=\"text-align: center;\" rowspan=\"2\">12<\/td>\n<\/tr>\n<tr>\n<td style=\"text-align: center;\">125A<\/td>\n<td style=\"text-align: center;\">50A<\/td>\n<\/tr>\n<\/tbody>\n<\/table>\n\n\n<p><strong>Dimensiones<\/strong><\/p>\n\n\n\n<figure class=\"wp-block-image size-large\"><img loading=\"lazy\" decoding=\"async\" width=\"1024\" height=\"493\" src=\"https:\/\/www.tosunlux.eu\/wp-content\/uploads\/2022\/05\/\u5c3a\u5bf8\u56fe1-1-1024x493.jpg\" alt=\"\" class=\"wp-image-2824\" srcset=\"https:\/\/www.tosunlux.eu\/wp-content\/uploads\/2022\/05\/\u5c3a\u5bf8\u56fe1-1-1024x493.jpg 1024w, https:\/\/www.tosunlux.eu\/wp-content\/uploads\/2022\/05\/\u5c3a\u5bf8\u56fe1-1-300x144.jpg 300w, https:\/\/www.tosunlux.eu\/wp-content\/uploads\/2022\/05\/\u5c3a\u5bf8\u56fe1-1-768x369.jpg 768w, https:\/\/www.tosunlux.eu\/wp-content\/uploads\/2022\/05\/\u5c3a\u5bf8\u56fe1-1-1536x739.jpg 1536w, https:\/\/www.tosunlux.eu\/wp-content\/uploads\/2022\/05\/\u5c3a\u5bf8\u56fe1-1.jpg 1713w\" sizes=\"(max-width: 1024px) 100vw, 1024px\" \/><\/figure>\n\n\n\n<p><strong>Especificaci\u00f3n<\/strong><\/p>\n\n\n<table width=\"989\">\n<tbody>\n<tr>\n<td style=\"text-align: center;\" rowspan=\"2\" width=\"103\">Modelo<\/td>\n<td style=\"text-align: center;\" colspan=\"2\" width=\"278\">Calificaci\u00f3n (En)<\/td>\n<td style=\"text-align: center;\" rowspan=\"2\" width=\"107\">Control del voltaje<\/td>\n<td style=\"text-align: center;\" rowspan=\"2\" width=\"145\">Contacto<\/td>\n<td style=\"text-align: center;\" rowspan=\"2\" width=\"154\">Ancho en m\u00f3dulos de 9mm<\/td>\n<td style=\"text-align: center;\" rowspan=\"2\" width=\"202\">Tipo<\/td>\n<\/tr>\n<tr>\n<td style=\"text-align: center;\">AC-1<\/td>\n<td style=\"text-align: center;\">AC-3<\/td>\n<\/tr>\n<tr>\n<td style=\"text-align: center;\" rowspan=\"6\">LCH8-M 2P<\/td>\n<td style=\"text-align: center;\">16A<\/td>\n<td style=\"text-align: center;\">6A<\/td>\n<td style=\"text-align: left;\" rowspan=\"18\" width=\"107\">\n<p>\u00a0 \u00a0 \u00a0 \u00a0 \u00a0 \u00a0 \u00a0 \u00a0 \u00a0 \u00a0 \u00a0 \u00a0 \u00a0 \u00a0 24 V CA 110 V CA 230 V CA 50\/60 Hz<\/p>\n<\/td>\n<td style=\"text-align: center;\" rowspan=\"6\" width=\"145\">\n<p>2N0<\/p>\n<p>1NA+1NC<\/p>\n<p>2NC<\/p>\n<\/td>\n<td style=\"text-align: center;\" rowspan=\"3\">2<\/td>\n<td style=\"text-align: center;\" rowspan=\"6\"><img loading=\"lazy\" decoding=\"async\" class=\"alignnone size-medium wp-image-2818\" src=\"https:\/\/www.tosunlux.eu\/wp-content\/uploads\/2022\/05\/d-1-300x143.jpg\" alt=\"\" width=\"300\" height=\"143\" srcset=\"https:\/\/www.tosunlux.eu\/wp-content\/uploads\/2022\/05\/d-1-300x143.jpg 300w, https:\/\/www.tosunlux.eu\/wp-content\/uploads\/2022\/05\/d-1.jpg 527w\" sizes=\"(max-width: 300px) 100vw, 300px\" \/><\/td>\n<\/tr>\n<tr>\n<td style=\"text-align: center;\">20A<\/td>\n<td style=\"text-align: center;\">7A<\/td>\n<\/tr>\n<tr>\n<td style=\"text-align: center;\">25A<\/td>\n<td style=\"text-align: center;\">9A<\/td>\n<\/tr>\n<tr>\n<td style=\"text-align: center;\">32A<\/td>\n<td style=\"text-align: center;\">12A<\/td>\n<td style=\"text-align: center;\" rowspan=\"3\">4<\/td>\n<\/tr>\n<tr>\n<td style=\"text-align: center;\">40A<\/td>\n<td style=\"text-align: center;\">18A<\/td>\n<\/tr>\n<tr>\n<td style=\"text-align: center;\">63A<\/td>\n<td style=\"text-align: center;\">25A<\/td>\n<\/tr>\n<tr>\n<td style=\"text-align: center;\" rowspan=\"6\">LCH8-M 3P<\/td>\n<td style=\"text-align: center;\">16A<\/td>\n<td style=\"text-align: center;\">6A<\/td>\n<td rowspan=\"6\" width=\"145\">\n<p style=\"text-align: center;\">3N0<\/p>\n<p style=\"text-align: center;\">3NC<\/p>\n<\/td>\n<td style=\"text-align: center;\" rowspan=\"3\">4<\/td>\n<td rowspan=\"6\"><img loading=\"lazy\" decoding=\"async\" class=\"alignnone size-medium wp-image-2819\" src=\"https:\/\/www.tosunlux.eu\/wp-content\/uploads\/2022\/05\/e-300x64.jpg\" alt=\"\" width=\"300\" height=\"64\" srcset=\"https:\/\/www.tosunlux.eu\/wp-content\/uploads\/2022\/05\/e-300x64.jpg 300w, https:\/\/www.tosunlux.eu\/wp-content\/uploads\/2022\/05\/e.jpg 557w\" sizes=\"(max-width: 300px) 100vw, 300px\" \/><\/td>\n<\/tr>\n<tr>\n<td style=\"text-align: center;\">20A<\/td>\n<td style=\"text-align: center;\">7A<\/td>\n<\/tr>\n<tr>\n<td style=\"text-align: center;\">25A<\/td>\n<td style=\"text-align: center;\">9A<\/td>\n<\/tr>\n<tr>\n<td style=\"text-align: center;\">32A<\/td>\n<td style=\"text-align: center;\">12A<\/td>\n<td style=\"text-align: center;\" rowspan=\"3\">6<\/td>\n<\/tr>\n<tr>\n<td style=\"text-align: center;\">40A<\/td>\n<td style=\"text-align: center;\">18A<\/td>\n<\/tr>\n<tr>\n<td style=\"text-align: center;\">63A<\/td>\n<td style=\"text-align: center;\">25A<\/td>\n<\/tr>\n<tr>\n<td style=\"text-align: center;\" rowspan=\"6\">LCH8-M 4P<\/td>\n<td style=\"text-align: center;\">16A<\/td>\n<td style=\"text-align: center;\">6A<\/td>\n<td style=\"text-align: center;\" rowspan=\"6\" width=\"145\">\n<p>4N0<\/p>\n<p>4NC<\/p>\n<p>2N0+2NC<\/p>\n<p>3NA+1NC<\/p>\n<\/td>\n<td style=\"text-align: center;\" rowspan=\"3\">4<\/td>\n<td style=\"text-align: center;\" rowspan=\"6\"><img loading=\"lazy\" decoding=\"async\" class=\"alignnone size-medium wp-image-2820\" src=\"https:\/\/www.tosunlux.eu\/wp-content\/uploads\/2022\/05\/f-300x131.jpg\" alt=\"\" width=\"300\" height=\"131\" srcset=\"https:\/\/www.tosunlux.eu\/wp-content\/uploads\/2022\/05\/f-300x131.jpg 300w, https:\/\/www.tosunlux.eu\/wp-content\/uploads\/2022\/05\/f.jpg 591w\" sizes=\"(max-width: 300px) 100vw, 300px\" \/><\/td>\n<\/tr>\n<tr>\n<td style=\"text-align: center;\">20A<\/td>\n<td style=\"text-align: center;\">7A<\/td>\n<\/tr>\n<tr>\n<td style=\"text-align: center;\">25A<\/td>\n<td style=\"text-align: center;\">9A<\/td>\n<\/tr>\n<tr>\n<td style=\"text-align: center;\">32A<\/td>\n<td style=\"text-align: center;\">12A<\/td>\n<td style=\"text-align: center;\" rowspan=\"3\">6<\/td>\n<\/tr>\n<tr>\n<td style=\"text-align: center;\">40A<\/td>\n<td style=\"text-align: center;\">18A<\/td>\n<\/tr>\n<tr>\n<td style=\"text-align: center;\">63A<\/td>\n<td style=\"text-align: center;\">25A<\/td>\n<\/tr>\n<\/tbody>\n<\/table>\n\n\n<p><strong>Dimensiones<\/strong><\/p>\n\n\n\n<figure class=\"wp-block-image size-large\"><img loading=\"lazy\" decoding=\"async\" width=\"1024\" height=\"587\" src=\"https:\/\/www.tosunlux.eu\/wp-content\/uploads\/2022\/05\/\u5c3a\u5bf8\u56fe2-1024x587.jpg\" alt=\"\" class=\"wp-image-2825\" srcset=\"https:\/\/www.tosunlux.eu\/wp-content\/uploads\/2022\/05\/\u5c3a\u5bf8\u56fe2-1024x587.jpg 1024w, https:\/\/www.tosunlux.eu\/wp-content\/uploads\/2022\/05\/\u5c3a\u5bf8\u56fe2-300x172.jpg 300w, https:\/\/www.tosunlux.eu\/wp-content\/uploads\/2022\/05\/\u5c3a\u5bf8\u56fe2-768x441.jpg 768w, https:\/\/www.tosunlux.eu\/wp-content\/uploads\/2022\/05\/\u5c3a\u5bf8\u56fe2-1536x881.jpg 1536w, https:\/\/www.tosunlux.eu\/wp-content\/uploads\/2022\/05\/\u5c3a\u5bf8\u56fe2.jpg 1541w\" sizes=\"(max-width: 1024px) 100vw, 1024px\" \/><\/figure>","protected":false},"parent":0,"template":"","product_category":[83],"class_list":["post-2812","product","type-product","status-publish","hentry","product_category-modular-contactor"],"yoast_head":"<!-- This site is optimized with the Yoast SEO plugin v27.4 - https:\/\/yoast.com\/product\/yoast-seo-wordpress\/ -->\n<title>WholesaleLCH8 Modular Contactor - TOSUNlux Official Site - Electrical Circuit Breaker Manufacturer in China Low Voltage Electrical Supplier | TOSUNlux<\/title>\n<meta name=\"description\" content=\"LCH8 Modular Contactor Supplier - Wholesale direct from TOSUNlux, a trusted manufacturer since 1994. Get your B2B factory quote on our certified Low Voltage electrical products.\" \/>\n<meta name=\"robots\" content=\"index, follow, max-snippet:-1, max-image-preview:large, max-video-preview:-1\" \/>\n<link rel=\"canonical\" href=\"https:\/\/www.tosunlux.eu\/es\/products\/lch8-modular-contactor\/\" \/>\n<meta property=\"og:locale\" content=\"es_ES\" \/>\n<meta property=\"og:type\" content=\"article\" \/>\n<meta property=\"og:title\" content=\"WholesaleLCH8 Modular Contactor - TOSUNlux Official Site - Electrical Circuit Breaker Manufacturer in China Low Voltage Electrical Supplier | TOSUNlux\" \/>\n<meta property=\"og:description\" content=\"LCH8 Modular Contactor Supplier - Wholesale direct from TOSUNlux, a trusted manufacturer since 1994. Get your B2B factory quote on our certified Low Voltage electrical products.\" \/>\n<meta property=\"og:url\" content=\"https:\/\/www.tosunlux.eu\/es\/products\/lch8-modular-contactor\/\" \/>\n<meta property=\"og:site_name\" content=\"TOSUNlux Official Site - Electrical Circuit Breaker Manufacturer in China\" \/>\n<meta property=\"article:publisher\" content=\"https:\/\/www.facebook.com\/TOSUNelectric\/\" \/>\n<meta property=\"article:modified_time\" content=\"2022-05-14T06:51:47+00:00\" \/>\n<meta property=\"og:image\" content=\"https:\/\/www.tosunlux.eu\/wp-content\/uploads\/2022\/05\/VDE.jpg\" \/>\n<meta name=\"twitter:card\" content=\"summary_large_image\" \/>\n<meta name=\"twitter:label1\" content=\"Tiempo de lectura\" \/>\n\t<meta name=\"twitter:data1\" content=\"3 minutos\" \/>\n<script type=\"application\/ld+json\" class=\"yoast-schema-graph\">{\"@context\":\"https:\\\/\\\/schema.org\",\"@graph\":[{\"@type\":\"WebPage\",\"@id\":\"https:\\\/\\\/www.tosunlux.eu\\\/products\\\/lch8-modular-contactor\\\/\",\"url\":\"https:\\\/\\\/www.tosunlux.eu\\\/products\\\/lch8-modular-contactor\\\/\",\"name\":\"WholesaleLCH8 Modular Contactor - TOSUNlux Official Site - Electrical Circuit Breaker Manufacturer in China Low Voltage Electrical Supplier | TOSUNlux\",\"isPartOf\":{\"@id\":\"https:\\\/\\\/www.tosunlux.eu\\\/ru\\\/#website\"},\"primaryImageOfPage\":{\"@id\":\"https:\\\/\\\/www.tosunlux.eu\\\/products\\\/lch8-modular-contactor\\\/#primaryimage\"},\"image\":{\"@id\":\"https:\\\/\\\/www.tosunlux.eu\\\/products\\\/lch8-modular-contactor\\\/#primaryimage\"},\"thumbnailUrl\":\"https:\\\/\\\/www.tosunlux.eu\\\/wp-content\\\/uploads\\\/2022\\\/05\\\/VDE.jpg\",\"datePublished\":\"2022-05-14T06:28:18+00:00\",\"dateModified\":\"2022-05-14T06:51:47+00:00\",\"description\":\"LCH8 Modular Contactor Supplier - Wholesale direct from TOSUNlux, a trusted manufacturer since 1994. Get your B2B factory quote on our certified Low Voltage electrical products.\",\"breadcrumb\":{\"@id\":\"https:\\\/\\\/www.tosunlux.eu\\\/products\\\/lch8-modular-contactor\\\/#breadcrumb\"},\"inLanguage\":\"es\",\"potentialAction\":[{\"@type\":\"ReadAction\",\"target\":[\"https:\\\/\\\/www.tosunlux.eu\\\/products\\\/lch8-modular-contactor\\\/\"]}]},{\"@type\":\"ImageObject\",\"inLanguage\":\"es\",\"@id\":\"https:\\\/\\\/www.tosunlux.eu\\\/products\\\/lch8-modular-contactor\\\/#primaryimage\",\"url\":\"https:\\\/\\\/www.tosunlux.eu\\\/wp-content\\\/uploads\\\/2022\\\/05\\\/VDE.jpg\",\"contentUrl\":\"https:\\\/\\\/www.tosunlux.eu\\\/wp-content\\\/uploads\\\/2022\\\/05\\\/VDE.jpg\"},{\"@type\":\"BreadcrumbList\",\"@id\":\"https:\\\/\\\/www.tosunlux.eu\\\/products\\\/lch8-modular-contactor\\\/#breadcrumb\",\"itemListElement\":[{\"@type\":\"ListItem\",\"position\":1,\"name\":\"Home\",\"item\":\"https:\\\/\\\/www.tosunlux.eu\\\/ru\\\/\"},{\"@type\":\"ListItem\",\"position\":2,\"name\":\"Products\",\"item\":\"https:\\\/\\\/www.tosunlux.eu\\\/products\\\/\"},{\"@type\":\"ListItem\",\"position\":3,\"name\":\"LCH8 Modular Contactor\"}]},{\"@type\":\"WebSite\",\"@id\":\"https:\\\/\\\/www.tosunlux.eu\\\/ru\\\/#website\",\"url\":\"https:\\\/\\\/www.tosunlux.eu\\\/ru\\\/\",\"name\":\"TOSUNlux Official Site - Electrical Circuit Breaker Manufacturer in China\",\"description\":\"Power Distribution System Supplier\",\"publisher\":{\"@id\":\"https:\\\/\\\/www.tosunlux.eu\\\/ru\\\/#organization\"},\"alternateName\":\"TOSUNlux\",\"potentialAction\":[{\"@type\":\"SearchAction\",\"target\":{\"@type\":\"EntryPoint\",\"urlTemplate\":\"https:\\\/\\\/www.tosunlux.eu\\\/ru\\\/?s={search_term_string}\"},\"query-input\":{\"@type\":\"PropertyValueSpecification\",\"valueRequired\":true,\"valueName\":\"search_term_string\"}}],\"inLanguage\":\"es\"},{\"@type\":\"Organization\",\"@id\":\"https:\\\/\\\/www.tosunlux.eu\\\/ru\\\/#organization\",\"name\":\"TOSUNlux\",\"url\":\"https:\\\/\\\/www.tosunlux.eu\\\/ru\\\/\",\"logo\":{\"@type\":\"ImageObject\",\"inLanguage\":\"es\",\"@id\":\"https:\\\/\\\/www.tosunlux.eu\\\/ru\\\/#\\\/schema\\\/logo\\\/image\\\/\",\"url\":\"https:\\\/\\\/www.tosunlux.eu\\\/wp-content\\\/uploads\\\/2022\\\/01\\\/LOGOSYSM.71762f1.png\",\"contentUrl\":\"https:\\\/\\\/www.tosunlux.eu\\\/wp-content\\\/uploads\\\/2022\\\/01\\\/LOGOSYSM.71762f1.png\",\"width\":153,\"height\":55,\"caption\":\"TOSUNlux\"},\"image\":{\"@id\":\"https:\\\/\\\/www.tosunlux.eu\\\/ru\\\/#\\\/schema\\\/logo\\\/image\\\/\"},\"sameAs\":[\"https:\\\/\\\/www.facebook.com\\\/TOSUNelectric\\\/\",\"https:\\\/\\\/www.linkedin.com\\\/company\\\/wenzhou-tosun-electric-co.-ltd\\\/\"]}]}<\/script>\n<!-- \/ Yoast SEO plugin. -->","yoast_head_json":{"title":"Contactor modular LCH8 al por mayor - Sitio oficial de TOSUNlux - Fabricante de interruptores autom\u00e1ticos el\u00e9ctricos en China, proveedor de equipos el\u00e9ctricos de baja tensi\u00f3n | TOSUNlux","description":"Proveedor de contactores modulares LCH8: venta al por mayor directa de TOSUNlux, un fabricante confiable desde 1994. Obtenga su cotizaci\u00f3n de f\u00e1brica B2B para nuestros productos el\u00e9ctricos de bajo voltaje certificados.","robots":{"index":"index","follow":"follow","max-snippet":"max-snippet:-1","max-image-preview":"max-image-preview:large","max-video-preview":"max-video-preview:-1"},"canonical":"https:\/\/www.tosunlux.eu\/es\/products\/lch8-modular-contactor\/","og_locale":"es_ES","og_type":"article","og_title":"WholesaleLCH8 Modular Contactor - TOSUNlux Official Site - Electrical Circuit Breaker Manufacturer in China Low Voltage Electrical Supplier | TOSUNlux","og_description":"LCH8 Modular Contactor Supplier - Wholesale direct from TOSUNlux, a trusted manufacturer since 1994. Get your B2B factory quote on our certified Low Voltage electrical products.","og_url":"https:\/\/www.tosunlux.eu\/es\/products\/lch8-modular-contactor\/","og_site_name":"TOSUNlux Official Site - Electrical Circuit Breaker Manufacturer in China","article_publisher":"https:\/\/www.facebook.com\/TOSUNelectric\/","article_modified_time":"2022-05-14T06:51:47+00:00","og_image":[{"url":"https:\/\/www.tosunlux.eu\/wp-content\/uploads\/2022\/05\/VDE.jpg","type":"","width":"","height":""}],"twitter_card":"summary_large_image","twitter_misc":{"Tiempo de lectura":"3 minutos"},"schema":{"@context":"https:\/\/schema.org","@graph":[{"@type":"WebPage","@id":"https:\/\/www.tosunlux.eu\/products\/lch8-modular-contactor\/","url":"https:\/\/www.tosunlux.eu\/products\/lch8-modular-contactor\/","name":"Contactor modular LCH8 al por mayor - Sitio oficial de TOSUNlux - Fabricante de interruptores autom\u00e1ticos el\u00e9ctricos en China, proveedor de equipos el\u00e9ctricos de baja tensi\u00f3n | TOSUNlux","isPartOf":{"@id":"https:\/\/www.tosunlux.eu\/ru\/#website"},"primaryImageOfPage":{"@id":"https:\/\/www.tosunlux.eu\/products\/lch8-modular-contactor\/#primaryimage"},"image":{"@id":"https:\/\/www.tosunlux.eu\/products\/lch8-modular-contactor\/#primaryimage"},"thumbnailUrl":"https:\/\/www.tosunlux.eu\/wp-content\/uploads\/2022\/05\/VDE.jpg","datePublished":"2022-05-14T06:28:18+00:00","dateModified":"2022-05-14T06:51:47+00:00","description":"Proveedor de contactores modulares LCH8: venta al por mayor directa de TOSUNlux, un fabricante confiable desde 1994. Obtenga su cotizaci\u00f3n de f\u00e1brica B2B para nuestros productos el\u00e9ctricos de bajo voltaje certificados.","breadcrumb":{"@id":"https:\/\/www.tosunlux.eu\/products\/lch8-modular-contactor\/#breadcrumb"},"inLanguage":"es","potentialAction":[{"@type":"ReadAction","target":["https:\/\/www.tosunlux.eu\/products\/lch8-modular-contactor\/"]}]},{"@type":"ImageObject","inLanguage":"es","@id":"https:\/\/www.tosunlux.eu\/products\/lch8-modular-contactor\/#primaryimage","url":"https:\/\/www.tosunlux.eu\/wp-content\/uploads\/2022\/05\/VDE.jpg","contentUrl":"https:\/\/www.tosunlux.eu\/wp-content\/uploads\/2022\/05\/VDE.jpg"},{"@type":"BreadcrumbList","@id":"https:\/\/www.tosunlux.eu\/products\/lch8-modular-contactor\/#breadcrumb","itemListElement":[{"@type":"ListItem","position":1,"name":"Home","item":"https:\/\/www.tosunlux.eu\/ru\/"},{"@type":"ListItem","position":2,"name":"Products","item":"https:\/\/www.tosunlux.eu\/products\/"},{"@type":"ListItem","position":3,"name":"LCH8 Modular Contactor"}]},{"@type":"WebSite","@id":"https:\/\/www.tosunlux.eu\/ru\/#website","url":"https:\/\/www.tosunlux.eu\/ru\/","name":"Sitio oficial de TOSUNlux - Fabricante de disyuntores el\u00e9ctricos en China","description":"Proveedor de sistemas de distribuci\u00f3n de energ\u00eda","publisher":{"@id":"https:\/\/www.tosunlux.eu\/ru\/#organization"},"alternateName":"TOSUNlux","potentialAction":[{"@type":"SearchAction","target":{"@type":"EntryPoint","urlTemplate":"https:\/\/www.tosunlux.eu\/ru\/?s={search_term_string}"},"query-input":{"@type":"PropertyValueSpecification","valueRequired":true,"valueName":"search_term_string"}}],"inLanguage":"es"},{"@type":"Organization","@id":"https:\/\/www.tosunlux.eu\/ru\/#organization","name":"TOSUNlux","url":"https:\/\/www.tosunlux.eu\/ru\/","logo":{"@type":"ImageObject","inLanguage":"es","@id":"https:\/\/www.tosunlux.eu\/ru\/#\/schema\/logo\/image\/","url":"https:\/\/www.tosunlux.eu\/wp-content\/uploads\/2022\/01\/LOGOSYSM.71762f1.png","contentUrl":"https:\/\/www.tosunlux.eu\/wp-content\/uploads\/2022\/01\/LOGOSYSM.71762f1.png","width":153,"height":55,"caption":"TOSUNlux"},"image":{"@id":"https:\/\/www.tosunlux.eu\/ru\/#\/schema\/logo\/image\/"},"sameAs":["https:\/\/www.facebook.com\/TOSUNelectric\/","https:\/\/www.linkedin.com\/company\/wenzhou-tosun-electric-co.-ltd\/"]}]}},"_links":{"self":[{"href":"https:\/\/www.tosunlux.eu\/es\/wp-json\/wp\/v2\/product\/2812","targetHints":{"allow":["GET"]}}],"collection":[{"href":"https:\/\/www.tosunlux.eu\/es\/wp-json\/wp\/v2\/product"}],"about":[{"href":"https:\/\/www.tosunlux.eu\/es\/wp-json\/wp\/v2\/types\/product"}],"version-history":[{"count":1,"href":"https:\/\/www.tosunlux.eu\/es\/wp-json\/wp\/v2\/product\/2812\/revisions"}],"predecessor-version":[{"id":7927,"href":"https:\/\/www.tosunlux.eu\/es\/wp-json\/wp\/v2\/product\/2812\/revisions\/7927"}],"wp:attachment":[{"href":"https:\/\/www.tosunlux.eu\/es\/wp-json\/wp\/v2\/media?parent=2812"}],"wp:term":[{"taxonomy":"product_category","embeddable":true,"href":"https:\/\/www.tosunlux.eu\/es\/wp-json\/wp\/v2\/product_category?post=2812"}],"curies":[{"name":"gracias","href":"https:\/\/api.w.org\/{rel}","templated":true}]}}