{"id":2846,"date":"2022-05-14T16:02:45","date_gmt":"2022-05-14T08:02:45","guid":{"rendered":"https:\/\/www.tosunlux.eu\/?post_type=product&#038;p=2846"},"modified":"2022-05-14T16:03:41","modified_gmt":"2022-05-14T08:03:41","slug":"tsu1-surge-protector","status":"publish","type":"product","link":"https:\/\/www.tosunlux.eu\/es\/products\/tsu1-surge-protector\/","title":{"rendered":"Protector contra sobretensiones TSU1"},"content":{"rendered":"<p><strong>Solicitud<\/strong><\/p>\n\n\n\n<p>El protector contra sobretensiones TSU1 se aplica principalmente para limitar el valor de amplitud del sobrevoltaje transitorio, absorber, consumir y descargar la energ\u00eda de corriente en aumento en el cableado el\u00e9ctrico de CA 50\/60 Hz, voltaje de trabajo nominal de 230 V, capacidad de flujo de no m\u00e1s de 50 A. Se utiliza en caso de un tipo m\u00e1s alto de sobretensi\u00f3n que puede hacer que el componente el\u00e9ctrico protegido se transfiera de un tipo de sobretensi\u00f3n a otro tipo de sobretensi\u00f3n m\u00e1s bajo. Est\u00e1 adaptado para componer equipos el\u00e9ctricos combinados con otros equipos el\u00e9ctricos de terminales de m\u00f3dulos para que pueda aumentar los tipos de instalaci\u00f3n y ampliar el rango de uso, o reducir a\u00fan m\u00e1s el voltaje en el uso de terminales para proteger el televisor, el sonido de alta fidelidad y ese tipo de aparatos el\u00e9ctricos. electrodom\u00e9sticos o las instalaciones como computadora, microcomputadora. El protector se aplica a la utilizaci\u00f3n de energ\u00eda para el hogar y lugares similares, instalaciones para circuito de entrada en el golpe directo del trueno o protecci\u00f3n contra el da\u00f1o de la corriente de sobretensi\u00f3n causada por el pararrayos exterior. Los productos cumplen con IEC61643.<\/p>\n\n\n\n<p><\/p>\n\n\n\n<p><strong>Especificaci\u00f3n<\/strong><\/p>\n\n\n<table style=\"border-collapse: collapse; width: 390.77pt;\" border=\"0\" width=\"521\" cellspacing=\"0\" cellpadding=\"0\">\n<tbody>\n<tr style=\"height: 12.75pt;\">\n<td style=\"height: 12.75pt; width: 222.00pt;\" width=\"296\" height=\"17\">N\u00famero de polos<\/td>\n<td class=\"et2\" style=\"width: 168.75pt; text-align: center;\" width=\"225\">1P,1P+N,3P,3P+N<\/td>\n<\/tr>\n<tr style=\"height: 12.75pt;\">\n<td style=\"height: 12.75pt;\" height=\"17\">Ajuste t\u00e9rmico en (A)<\/td>\n<td class=\"et2\" style=\"text-align: center;\">6,10,16,20,25,32,40<\/td>\n<\/tr>\n<tr style=\"height: 12.75pt;\">\n<td style=\"height: 12.75pt;\" height=\"17\">Caracter\u00edstica de disparo<\/td>\n<td class=\"et2\" style=\"text-align: center;\">B,S<\/td>\n<\/tr>\n<tr style=\"height: 12.75pt;\">\n<td style=\"height: 12.75pt; text-align: left;\" height=\"17\">Tensi\u00f3n nominal CA Un(V)<\/td>\n<td class=\"et2\" style=\"text-align: center;\">240<\/td>\n<\/tr>\n<tr style=\"height: 12.75pt;\">\n<td style=\"height: 12.75pt;\" height=\"17\">Tensi\u00f3n m\u00ednima de funcionamiento UBmin(V)<\/td>\n<td class=\"et2\" style=\"text-align: center;\">100<\/td>\n<\/tr>\n<tr style=\"height: 12.75pt;\">\n<td style=\"height: 12.75pt;\" height=\"17\">Resistencia Mec\u00e1nica El\u00e9ctrica<\/td>\n<td class=\"et2\" style=\"text-align: center;\">20000\/10000<\/td>\n<\/tr>\n<tr style=\"height: 12.75pt;\">\n<td style=\"height: 12.75pt;\" height=\"17\">Terminal Capacidad Cable flexible\/r\u00edgido (mm2)<\/td>\n<td class=\"et2\" style=\"text-align: center;\">Terminal inferior: 16-25<\/td>\n<\/tr>\n<tr style=\"height: 12.75pt;\">\n<td style=\"height: 12.75pt;\" height=\"17\">Resistencia a disparos molestos<\/td>\n<td class=\"et2\" style=\"text-align: center;\">250A8\/20\u03bcs<\/td>\n<\/tr>\n<tr style=\"height: 12.75pt;\">\n<td style=\"height: 12.75pt;\" height=\"17\">Temperatura Ambiente (\u00baC).<\/td>\n<td class=\"et2\" style=\"text-align: center;\">-5~+55<\/td>\n<\/tr>\n<\/tbody>\n<\/table>\n<p>\u00a0<\/p>\n<p><strong>Par\u00e1metro t\u00e9cnico<\/strong><\/p>\n<table style=\"border-collapse: collapse; width: 567.77pt;\" border=\"0\" width=\"757\" cellspacing=\"0\" cellpadding=\"0\">\n<tbody>\n<tr style=\"height: 12.75pt;\">\n<td style=\"height: 12.75pt; width: 205.50pt;\" width=\"274\" height=\"17\">Clase de protecci\u00f3n<\/td>\n<td class=\"et2\" style=\"width: 123.75pt; text-align: center;\" width=\"165\">clase B<\/td>\n<td class=\"et2\" style=\"width: 132pt; text-align: center;\" width=\"176\">clase C<\/td>\n<td class=\"et2\" style=\"width: 106.5pt; text-align: center;\" width=\"142\">clase D<\/td>\n<\/tr>\n<tr style=\"height: 12.75pt;\">\n<td style=\"height: 12.75pt; text-align: left;\" height=\"17\">Corriente nominal (kA)<\/td>\n<td class=\"et2\" style=\"text-align: center;\">40-65<\/td>\n<td class=\"et2\" style=\"text-align: center;\">15-40<\/td>\n<td class=\"et2\" style=\"text-align: center;\">8-15<\/td>\n<\/tr>\n<tr style=\"height: 12.75pt;\">\n<td style=\"height: 12.75pt;\" height=\"17\">Tiempo de reacci\u00f3n (tr)<\/td>\n<td class=\"et2\" style=\"text-align: center;\">&lt;25ns<\/td>\n<td class=\"et2\" style=\"text-align: center;\">&lt;25ns<\/td>\n<td class=\"et2\" style=\"text-align: center;\">&lt;25ns<\/td>\n<\/tr>\n<tr style=\"height: 12.75pt;\">\n<td style=\"height: 12.75pt;\" height=\"17\">Nivel de tensi\u00f3n de protecci\u00f3n (Up)<\/td>\n<td class=\"et2\" style=\"text-align: center;\">&lt;2,0 kV<\/td>\n<td class=\"et2\" style=\"text-align: center;\">&lt;1,8 kV<\/td>\n<td class=\"et2\" style=\"text-align: center;\">&lt;1,5 kV<\/td>\n<\/tr>\n<tr style=\"height: 12.75pt;\">\n<td style=\"height: 12.75pt;\" height=\"17\">Tensi\u00f3n m\u00e1xima de trabajo persistente (Ue)<\/td>\n<td class=\"et2\" style=\"text-align: center;\">275\/440 VCA<\/td>\n<td class=\"et2\" style=\"text-align: center;\">275\/440 VCA<\/td>\n<td class=\"et2\" style=\"text-align: center;\">275\/440 VCA<\/td>\n<\/tr>\n<tr style=\"height: 12.75pt;\">\n<td style=\"height: 12.75pt;\" height=\"17\">Corriente de descarga nominal (En)<\/td>\n<td class=\"et2\" style=\"text-align: center;\">25kA(10\/350)\u03bcs<\/td>\n<td class=\"et2\" style=\"text-align: center;\">10kA, 15kA (8\/20)\u03bcs<\/td>\n<td class=\"et2\" style=\"text-align: center;\">2,5 kA, 5 kA (8\/20) \u03bcs<\/td>\n<\/tr>\n<tr style=\"height: 12.75pt;\">\n<td style=\"height: 12.75pt; text-align: left;\" height=\"17\">Corriente m\u00e1xima de descarga (lmax)<\/td>\n<td class=\"et2\" style=\"text-align: center;\">50kA(8\/80)\u03bcs<\/td>\n<td class=\"et2\" style=\"text-align: center;\">30kA.40kA (8\/20)\u03bcs<\/td>\n<td class=\"et2\" style=\"text-align: center;\">5kA, 10kA(8\/20)\u03bcs<\/td>\n<\/tr>\n<tr style=\"height: 12.75pt;\">\n<td style=\"height: 12.75pt;\" height=\"17\">Fusible de protecci\u00f3n de reserva m\u00e1xima<\/td>\n<td class=\"et2\" style=\"text-align: center;\">250A gl<\/td>\n<td class=\"et2\" style=\"text-align: center;\">125A gl<\/td>\n<td class=\"et2\" style=\"text-align: center;\">63A gl<\/td>\n<\/tr>\n<tr style=\"height: 12.75pt;\">\n<td style=\"height: 12.75pt;\" height=\"17\">Tolerancia de cortocircuito<\/td>\n<td class=\"et2\" style=\"text-align: center;\">10kA<\/td>\n<td class=\"et2\" style=\"text-align: center;\">10kA<\/td>\n<td class=\"et2\" style=\"text-align: center;\">10kA<\/td>\n<\/tr>\n<tr style=\"height: 12.75pt;\">\n<td style=\"height: 12.75pt;\" height=\"17\">Rango de temperatura ambiente de trabajo<\/td>\n<td class=\"et2\" style=\"text-align: center;\" colspan=\"3\">-40C~70\u2103<\/td>\n<\/tr>\n<tr style=\"height: 12.75pt;\">\n<td style=\"height: 12.75pt;\" height=\"17\">Tensi\u00f3n nominal de funcionamiento (V)<\/td>\n<td class=\"et2\" style=\"text-align: center;\" colspan=\"3\">230,400<\/td>\n<\/tr>\n<\/tbody>\n<\/table>","protected":false},"parent":0,"template":"","product_category":[84],"class_list":["post-2846","product","type-product","status-publish","hentry","product_category-surge-protector"],"yoast_head":"<!-- This site is optimized with the Yoast SEO plugin v27.5 - https:\/\/yoast.com\/product\/yoast-seo-wordpress\/ -->\n<title>WholesaleTSU1 Surge Protector - TOSUNlux Official Site - Electrical Circuit Breaker Manufacturer in China Low Voltage Electrical Supplier | TOSUNlux<\/title>\n<meta name=\"description\" content=\"TSU1 Surge Protector Supplier - Wholesale direct from TOSUNlux, a trusted manufacturer since 1994. Get your B2B factory quote on our certified Low Voltage electrical products.\" \/>\n<meta name=\"robots\" content=\"index, follow, max-snippet:-1, max-image-preview:large, max-video-preview:-1\" \/>\n<link rel=\"canonical\" href=\"https:\/\/www.tosunlux.eu\/es\/products\/tsu1-surge-protector\/\" \/>\n<meta property=\"og:locale\" content=\"es_ES\" \/>\n<meta property=\"og:type\" content=\"article\" \/>\n<meta property=\"og:title\" content=\"WholesaleTSU1 Surge Protector - TOSUNlux Official Site - Electrical Circuit Breaker Manufacturer in China Low Voltage Electrical Supplier | TOSUNlux\" \/>\n<meta property=\"og:description\" content=\"TSU1 Surge Protector Supplier - Wholesale direct from TOSUNlux, a trusted manufacturer since 1994. Get your B2B factory quote on our certified Low Voltage electrical products.\" \/>\n<meta property=\"og:url\" content=\"https:\/\/www.tosunlux.eu\/es\/products\/tsu1-surge-protector\/\" \/>\n<meta property=\"og:site_name\" content=\"TOSUNlux Official Site - Electrical Circuit Breaker Manufacturer in China\" \/>\n<meta property=\"article:publisher\" content=\"https:\/\/www.facebook.com\/TOSUNelectric\/\" \/>\n<meta property=\"article:modified_time\" content=\"2022-05-14T08:03:41+00:00\" \/>\n<meta property=\"og:image\" content=\"https:\/\/www.tosunlux.eu\/wp-content\/uploads\/2023\/04\/DSC08160_\u526f\u672c.jpg\" \/>\n\t<meta property=\"og:image:width\" content=\"1500\" \/>\n\t<meta property=\"og:image:height\" content=\"940\" \/>\n\t<meta property=\"og:image:type\" content=\"image\/jpeg\" \/>\n<meta name=\"twitter:card\" content=\"summary_large_image\" \/>\n<meta name=\"twitter:label1\" content=\"Tiempo de lectura\" \/>\n\t<meta name=\"twitter:data1\" content=\"2 minutos\" \/>\n<script type=\"application\/ld+json\" class=\"yoast-schema-graph\">{\"@context\":\"https:\\\/\\\/schema.org\",\"@graph\":[{\"@type\":\"WebPage\",\"@id\":\"https:\\\/\\\/www.tosunlux.eu\\\/pt\\\/products\\\/tsu1-surge-protector\\\/\",\"url\":\"https:\\\/\\\/www.tosunlux.eu\\\/pt\\\/products\\\/tsu1-surge-protector\\\/\",\"name\":\"WholesaleTSU1 Surge Protector - TOSUNlux Official Site - Electrical Circuit Breaker Manufacturer in China Low Voltage Electrical Supplier | TOSUNlux\",\"isPartOf\":{\"@id\":\"https:\\\/\\\/www.tosunlux.eu\\\/ru\\\/#website\"},\"datePublished\":\"2022-05-14T08:02:45+00:00\",\"dateModified\":\"2022-05-14T08:03:41+00:00\",\"description\":\"TSU1 Surge Protector Supplier - Wholesale direct from TOSUNlux, a trusted manufacturer since 1994. Get your B2B factory quote on our certified Low Voltage electrical products.\",\"breadcrumb\":{\"@id\":\"https:\\\/\\\/www.tosunlux.eu\\\/pt\\\/products\\\/tsu1-surge-protector\\\/#breadcrumb\"},\"inLanguage\":\"es\",\"potentialAction\":[{\"@type\":\"ReadAction\",\"target\":[\"https:\\\/\\\/www.tosunlux.eu\\\/pt\\\/products\\\/tsu1-surge-protector\\\/\"]}]},{\"@type\":\"BreadcrumbList\",\"@id\":\"https:\\\/\\\/www.tosunlux.eu\\\/pt\\\/products\\\/tsu1-surge-protector\\\/#breadcrumb\",\"itemListElement\":[{\"@type\":\"ListItem\",\"position\":1,\"name\":\"Home\",\"item\":\"https:\\\/\\\/www.tosunlux.eu\\\/ru\\\/\"},{\"@type\":\"ListItem\",\"position\":2,\"name\":\"Products\",\"item\":\"https:\\\/\\\/www.tosunlux.eu\\\/products\\\/\"},{\"@type\":\"ListItem\",\"position\":3,\"name\":\"TSU1 Surge Protector\"}]},{\"@type\":\"WebSite\",\"@id\":\"https:\\\/\\\/www.tosunlux.eu\\\/ru\\\/#website\",\"url\":\"https:\\\/\\\/www.tosunlux.eu\\\/ru\\\/\",\"name\":\"TOSUNlux Official Site - Electrical Circuit Breaker Manufacturer in China\",\"description\":\"Power Distribution System Supplier\",\"publisher\":{\"@id\":\"https:\\\/\\\/www.tosunlux.eu\\\/ru\\\/#organization\"},\"alternateName\":\"TOSUNlux\",\"potentialAction\":[{\"@type\":\"SearchAction\",\"target\":{\"@type\":\"EntryPoint\",\"urlTemplate\":\"https:\\\/\\\/www.tosunlux.eu\\\/ru\\\/?s={search_term_string}\"},\"query-input\":{\"@type\":\"PropertyValueSpecification\",\"valueRequired\":true,\"valueName\":\"search_term_string\"}}],\"inLanguage\":\"es\"},{\"@type\":\"Organization\",\"@id\":\"https:\\\/\\\/www.tosunlux.eu\\\/ru\\\/#organization\",\"name\":\"TOSUNlux\",\"url\":\"https:\\\/\\\/www.tosunlux.eu\\\/ru\\\/\",\"logo\":{\"@type\":\"ImageObject\",\"inLanguage\":\"es\",\"@id\":\"https:\\\/\\\/www.tosunlux.eu\\\/ru\\\/#\\\/schema\\\/logo\\\/image\\\/\",\"url\":\"https:\\\/\\\/www.tosunlux.eu\\\/wp-content\\\/uploads\\\/2022\\\/01\\\/LOGOSYSM.71762f1.png\",\"contentUrl\":\"https:\\\/\\\/www.tosunlux.eu\\\/wp-content\\\/uploads\\\/2022\\\/01\\\/LOGOSYSM.71762f1.png\",\"width\":153,\"height\":55,\"caption\":\"TOSUNlux\"},\"image\":{\"@id\":\"https:\\\/\\\/www.tosunlux.eu\\\/ru\\\/#\\\/schema\\\/logo\\\/image\\\/\"},\"sameAs\":[\"https:\\\/\\\/www.facebook.com\\\/TOSUNelectric\\\/\",\"https:\\\/\\\/www.linkedin.com\\\/company\\\/wenzhou-tosun-electric-co.-ltd\\\/\"]}]}<\/script>\n<!-- \/ Yoast SEO plugin. -->","yoast_head_json":{"title":"Protector contra sobretensiones TSU1 al por mayor - Sitio oficial de TOSUNlux - Fabricante de disyuntores el\u00e9ctricos en China, proveedor de equipos el\u00e9ctricos de bajo voltaje | TOSUNlux","description":"Proveedor de protector contra sobretensiones TSU1: venta al por mayor directa de TOSUNlux, un fabricante confiable desde 1994. Obtenga su cotizaci\u00f3n de f\u00e1brica B2B en nuestros productos el\u00e9ctricos de bajo voltaje certificados.","robots":{"index":"index","follow":"follow","max-snippet":"max-snippet:-1","max-image-preview":"max-image-preview:large","max-video-preview":"max-video-preview:-1"},"canonical":"https:\/\/www.tosunlux.eu\/es\/products\/tsu1-surge-protector\/","og_locale":"es_ES","og_type":"article","og_title":"WholesaleTSU1 Surge Protector - TOSUNlux Official Site - Electrical Circuit Breaker Manufacturer in China Low Voltage Electrical Supplier | TOSUNlux","og_description":"TSU1 Surge Protector Supplier - Wholesale direct from TOSUNlux, a trusted manufacturer since 1994. Get your B2B factory quote on our certified Low Voltage electrical products.","og_url":"https:\/\/www.tosunlux.eu\/es\/products\/tsu1-surge-protector\/","og_site_name":"TOSUNlux Official Site - Electrical Circuit Breaker Manufacturer in China","article_publisher":"https:\/\/www.facebook.com\/TOSUNelectric\/","article_modified_time":"2022-05-14T08:03:41+00:00","og_image":[{"width":1500,"height":940,"url":"https:\/\/www.tosunlux.eu\/wp-content\/uploads\/2023\/04\/DSC08160_\u526f\u672c.jpg","type":"image\/jpeg"}],"twitter_card":"summary_large_image","twitter_misc":{"Tiempo de lectura":"2 minutos"},"schema":{"@context":"https:\/\/schema.org","@graph":[{"@type":"WebPage","@id":"https:\/\/www.tosunlux.eu\/pt\/products\/tsu1-surge-protector\/","url":"https:\/\/www.tosunlux.eu\/pt\/products\/tsu1-surge-protector\/","name":"Protector contra sobretensiones TSU1 al por mayor - Sitio oficial de TOSUNlux - Fabricante de disyuntores el\u00e9ctricos en China, proveedor de equipos el\u00e9ctricos de bajo voltaje | TOSUNlux","isPartOf":{"@id":"https:\/\/www.tosunlux.eu\/ru\/#website"},"datePublished":"2022-05-14T08:02:45+00:00","dateModified":"2022-05-14T08:03:41+00:00","description":"Proveedor de protector contra sobretensiones TSU1: venta al por mayor directa de TOSUNlux, un fabricante confiable desde 1994. Obtenga su cotizaci\u00f3n de f\u00e1brica B2B en nuestros productos el\u00e9ctricos de bajo voltaje certificados.","breadcrumb":{"@id":"https:\/\/www.tosunlux.eu\/pt\/products\/tsu1-surge-protector\/#breadcrumb"},"inLanguage":"es","potentialAction":[{"@type":"ReadAction","target":["https:\/\/www.tosunlux.eu\/pt\/products\/tsu1-surge-protector\/"]}]},{"@type":"BreadcrumbList","@id":"https:\/\/www.tosunlux.eu\/pt\/products\/tsu1-surge-protector\/#breadcrumb","itemListElement":[{"@type":"ListItem","position":1,"name":"Home","item":"https:\/\/www.tosunlux.eu\/ru\/"},{"@type":"ListItem","position":2,"name":"Products","item":"https:\/\/www.tosunlux.eu\/products\/"},{"@type":"ListItem","position":3,"name":"TSU1 Surge Protector"}]},{"@type":"WebSite","@id":"https:\/\/www.tosunlux.eu\/ru\/#website","url":"https:\/\/www.tosunlux.eu\/ru\/","name":"Sitio oficial de TOSUNlux - Fabricante de disyuntores el\u00e9ctricos en China","description":"Proveedor de sistemas de distribuci\u00f3n de energ\u00eda","publisher":{"@id":"https:\/\/www.tosunlux.eu\/ru\/#organization"},"alternateName":"TOSUNlux","potentialAction":[{"@type":"SearchAction","target":{"@type":"EntryPoint","urlTemplate":"https:\/\/www.tosunlux.eu\/ru\/?s={search_term_string}"},"query-input":{"@type":"PropertyValueSpecification","valueRequired":true,"valueName":"search_term_string"}}],"inLanguage":"es"},{"@type":"Organization","@id":"https:\/\/www.tosunlux.eu\/ru\/#organization","name":"TOSUNlux","url":"https:\/\/www.tosunlux.eu\/ru\/","logo":{"@type":"ImageObject","inLanguage":"es","@id":"https:\/\/www.tosunlux.eu\/ru\/#\/schema\/logo\/image\/","url":"https:\/\/www.tosunlux.eu\/wp-content\/uploads\/2022\/01\/LOGOSYSM.71762f1.png","contentUrl":"https:\/\/www.tosunlux.eu\/wp-content\/uploads\/2022\/01\/LOGOSYSM.71762f1.png","width":153,"height":55,"caption":"TOSUNlux"},"image":{"@id":"https:\/\/www.tosunlux.eu\/ru\/#\/schema\/logo\/image\/"},"sameAs":["https:\/\/www.facebook.com\/TOSUNelectric\/","https:\/\/www.linkedin.com\/company\/wenzhou-tosun-electric-co.-ltd\/"]}]}},"_links":{"self":[{"href":"https:\/\/www.tosunlux.eu\/es\/wp-json\/wp\/v2\/product\/2846","targetHints":{"allow":["GET"]}}],"collection":[{"href":"https:\/\/www.tosunlux.eu\/es\/wp-json\/wp\/v2\/product"}],"about":[{"href":"https:\/\/www.tosunlux.eu\/es\/wp-json\/wp\/v2\/types\/product"}],"version-history":[{"count":0,"href":"https:\/\/www.tosunlux.eu\/es\/wp-json\/wp\/v2\/product\/2846\/revisions"}],"wp:attachment":[{"href":"https:\/\/www.tosunlux.eu\/es\/wp-json\/wp\/v2\/media?parent=2846"}],"wp:term":[{"taxonomy":"product_category","embeddable":true,"href":"https:\/\/www.tosunlux.eu\/es\/wp-json\/wp\/v2\/product_category?post=2846"}],"curies":[{"name":"gracias","href":"https:\/\/api.w.org\/{rel}","templated":true}]}}