{"id":2955,"date":"2022-05-16T14:02:58","date_gmt":"2022-05-16T06:02:58","guid":{"rendered":"https:\/\/www.tosunlux.eu\/?post_type=product&#038;p=2955"},"modified":"2022-05-16T14:02:58","modified_gmt":"2022-05-16T06:02:58","slug":"intelligent-digital-temperature-controller-ts-c","status":"publish","type":"product","link":"https:\/\/www.tosunlux.eu\/es\/products\/intelligent-digital-temperature-controller-ts-c\/","title":{"rendered":"Controlador de temperatura digital inteligente TS-C"},"content":{"rendered":"<p>Solicitud<\/p>\n\n\n\n<p>El controlador de temperatura digital inteligente adopta tecnolog\u00eda de chip ASIC avanzada que se produce en tama\u00f1o peque\u00f1o y poderosamente internacional. El producto se produce de acuerdo con el est\u00e1ndar internacional y utiliza una fuente de alimentaci\u00f3n conmutada de rango amplio de 85-265 VCA, con m\u00faltiples dimensiones de instalaci\u00f3n. Es compatible con la mayor\u00eda de los instrumentos de control\/ajuste industriales autom\u00e1ticos del mundo en cuanto a especificaciones de rendimiento, modos de entrada, funciones de salida y dimensiones de instalaci\u00f3n, por lo que es el nivel avanzado internacional.<\/p>\n\n\n\n<p>Funci\u00f3n:<\/p>\n\n\n\n<p>\u00b7Imitar ondas de filtros digitales.<br>\u00b7Los tubos num\u00e9ricos rojos y verdes muestran pv y sv simult\u00e1neamente.<br>\u00b7Ajuste digital PID, todos los datos ingresados desde el procedimiento del panel.<br>\u00b7Funci\u00f3n de revisi\u00f3n de sensores.<br>\u00b7Control de software rango completo desde 0, sin potenci\u00f3metro.<br>\u00b7Control de cambio manual\/autom\u00e1tico sin interferencias.<br>\u00b7Funci\u00f3n de protecci\u00f3n de bloqueo de datos de segunda clase.<br>\u00b7Autoadaptaci\u00f3n, autoajuste.<\/p>\n\n\n<p>Especificaci\u00f3n<\/p>\n<table style=\"border-collapse: collapse; width: 288.02pt;\" border=\"0\" width=\"384\" cellspacing=\"0\" cellpadding=\"0\">\n<tbody>\n<tr style=\"height: 15.00pt;\">\n<td class=\"et2\" style=\"height: 15.00pt; width: 79.50pt;\" width=\"106\" height=\"20\">Modelo<\/td>\n<td class=\"et2\" style=\"width: 104.25pt;\" width=\"139\">Dimensi\u00f3n<\/td>\n<td class=\"et2\" style=\"width: 104.25pt;\" width=\"139\">Dimensi\u00f3n de recorte<\/td>\n<\/tr>\n<tr style=\"height: 15.00pt;\">\n<td class=\"et2\" style=\"height: 15.00pt;\" height=\"20\">TS-C100<\/td>\n<td class=\"et2\">48x48x108<\/td>\n<td class=\"et2\">45&#215;45<\/td>\n<\/tr>\n<tr style=\"height: 15.00pt;\">\n<td class=\"et2\" style=\"height: 15.00pt;\" height=\"20\">TS-C400<\/td>\n<td class=\"et2\">48x96x113<\/td>\n<td class=\"et2\">45&#215;91<\/td>\n<\/tr>\n<tr style=\"height: 15.00pt;\">\n<td class=\"et2\" style=\"height: 15.00pt;\" height=\"20\">TS-C700<\/td>\n<td class=\"et2\">72x72x113<\/td>\n<td class=\"et2\">68&#215;68<\/td>\n<\/tr>\n<tr style=\"height: 15.00pt;\">\n<td class=\"et2\" style=\"height: 15.00pt;\" height=\"20\">TS-C900<\/td>\n<td class=\"et2\">96x96x113<\/td>\n<td class=\"et2\">91&#215;91<\/td>\n<\/tr>\n<\/tbody>\n<\/table>\n<p>\u00a0<\/p>\n\n<table width=\"245\">\n<tbody>\n<tr>\n<td rowspan=\"7\" width=\"106\">Modo de salida<\/td>\n<td width=\"139\">0. Sin salida<\/td>\n<\/tr>\n<tr>\n<td>1. Salida de contacto de rel\u00e9<\/td>\n<\/tr>\n<tr>\n<td>2. Salida de voltaje de conducci\u00f3n de rel\u00e9 de estado s\u00f3lido<\/td>\n<\/tr>\n<tr>\n<td>3. Salida de corriente de 0~10ma<\/td>\n<\/tr>\n<tr>\n<td>4. Salida de corriente de 4 ~ 20ma<\/td>\n<\/tr>\n<tr>\n<td>5. Salida de se\u00f1al de disparador cero Scr<\/td>\n<\/tr>\n<tr>\n<td>6. Salida de tres posiciones<\/td>\n<\/tr>\n<tr>\n<td rowspan=\"5\">Modo de entrada<\/td>\n<td>0. Termopar: jke s<\/td>\n<\/tr>\n<tr>\n<td>1. Resistencia t\u00e9rmica: PT100, CU50<\/td>\n<\/tr>\n<tr>\n<td>2. Voltaje est\u00e1ndar: 0~5v<\/td>\n<\/tr>\n<tr>\n<td>3. Corriente est\u00e1ndar: 0~10ma<\/td>\n<\/tr>\n<tr>\n<td>4. Corriente est\u00e1ndar: 4~20ma<\/td>\n<\/tr>\n<tr>\n<td rowspan=\"7\">Modo de alarma<\/td>\n<td>1. Sin funci\u00f3n de alarma<\/td>\n<\/tr>\n<tr>\n<td>2. Alarma de valor absoluto superior<\/td>\n<\/tr>\n<tr>\n<td>3. Alarma de valor absoluto inferior<\/td>\n<\/tr>\n<tr>\n<td>4. Alarma de valor de desviaci\u00f3n superior<\/td>\n<\/tr>\n<tr>\n<td>5. Alarma de valor de desviaci\u00f3n inferior<\/td>\n<\/tr>\n<tr>\n<td>6. Alarma de valor de desviaci\u00f3n superior e inferior<\/td>\n<\/tr>\n<tr>\n<td>7. Alarma de valor absoluto superior e inferior<\/td>\n<\/tr>\n<\/tbody>\n<\/table>\n\n\n<p><\/p>","protected":false},"parent":0,"template":"","product_category":[75,127],"class_list":["post-2955","product","type-product","status-publish","hentry","product_category-instruments","product_category-temperature-controller"],"yoast_head":"<!-- This site is optimized with the Yoast SEO plugin v27.5 - https:\/\/yoast.com\/product\/yoast-seo-wordpress\/ -->\n<title>WholesaleIntelligent Digital Temperature Controller TS-C - TOSUNlux Official Site - Electrical Circuit Breaker Manufacturer in China Low Voltage Electrical Supplier | TOSUNlux<\/title>\n<meta name=\"description\" content=\"Intelligent Digital Temperature Controller TS-C Supplier - Wholesale direct from TOSUNlux, a trusted manufacturer since 1994. Get your B2B factory quote on our certified Low Voltage electrical products.\" \/>\n<meta name=\"robots\" content=\"index, follow, max-snippet:-1, max-image-preview:large, max-video-preview:-1\" \/>\n<link rel=\"canonical\" href=\"https:\/\/www.tosunlux.eu\/es\/products\/intelligent-digital-temperature-controller-ts-c\/\" \/>\n<meta property=\"og:locale\" content=\"es_ES\" \/>\n<meta property=\"og:type\" content=\"article\" \/>\n<meta property=\"og:title\" content=\"WholesaleIntelligent Digital Temperature Controller TS-C - TOSUNlux Official Site - Electrical Circuit Breaker Manufacturer in China Low Voltage Electrical Supplier | TOSUNlux\" \/>\n<meta property=\"og:description\" content=\"Intelligent Digital Temperature Controller TS-C Supplier - Wholesale direct from TOSUNlux, a trusted manufacturer since 1994. Get your B2B factory quote on our certified Low Voltage electrical products.\" \/>\n<meta property=\"og:url\" content=\"https:\/\/www.tosunlux.eu\/es\/products\/intelligent-digital-temperature-controller-ts-c\/\" \/>\n<meta property=\"og:site_name\" content=\"TOSUNlux Official Site - Electrical Circuit Breaker Manufacturer in China\" \/>\n<meta property=\"article:publisher\" content=\"https:\/\/www.facebook.com\/TOSUNelectric\/\" \/>\n<meta property=\"og:image\" content=\"https:\/\/www.tosunlux.eu\/wp-content\/uploads\/2023\/04\/DSC08160_\u526f\u672c.jpg\" \/>\n\t<meta property=\"og:image:width\" content=\"1500\" \/>\n\t<meta property=\"og:image:height\" content=\"940\" \/>\n\t<meta property=\"og:image:type\" content=\"image\/jpeg\" \/>\n<meta name=\"twitter:card\" content=\"summary_large_image\" \/>\n<meta name=\"twitter:label1\" content=\"Tiempo de lectura\" \/>\n\t<meta name=\"twitter:data1\" content=\"2 minutos\" \/>\n<script type=\"application\/ld+json\" class=\"yoast-schema-graph\">{\"@context\":\"https:\\\/\\\/schema.org\",\"@graph\":[{\"@type\":\"WebPage\",\"@id\":\"https:\\\/\\\/www.tosunlux.eu\\\/el\\\/products\\\/intelligent-digital-temperature-controller-ts-c\\\/\",\"url\":\"https:\\\/\\\/www.tosunlux.eu\\\/el\\\/products\\\/intelligent-digital-temperature-controller-ts-c\\\/\",\"name\":\"WholesaleIntelligent Digital Temperature Controller TS-C - TOSUNlux Official Site - Electrical Circuit Breaker Manufacturer in China Low Voltage Electrical Supplier | TOSUNlux\",\"isPartOf\":{\"@id\":\"https:\\\/\\\/www.tosunlux.eu\\\/ru\\\/#website\"},\"datePublished\":\"2022-05-16T06:02:58+00:00\",\"description\":\"Intelligent Digital Temperature Controller TS-C Supplier - Wholesale direct from TOSUNlux, a trusted manufacturer since 1994. Get your B2B factory quote on our certified Low Voltage electrical products.\",\"breadcrumb\":{\"@id\":\"https:\\\/\\\/www.tosunlux.eu\\\/el\\\/products\\\/intelligent-digital-temperature-controller-ts-c\\\/#breadcrumb\"},\"inLanguage\":\"es\",\"potentialAction\":[{\"@type\":\"ReadAction\",\"target\":[\"https:\\\/\\\/www.tosunlux.eu\\\/el\\\/products\\\/intelligent-digital-temperature-controller-ts-c\\\/\"]}]},{\"@type\":\"BreadcrumbList\",\"@id\":\"https:\\\/\\\/www.tosunlux.eu\\\/el\\\/products\\\/intelligent-digital-temperature-controller-ts-c\\\/#breadcrumb\",\"itemListElement\":[{\"@type\":\"ListItem\",\"position\":1,\"name\":\"Home\",\"item\":\"https:\\\/\\\/www.tosunlux.eu\\\/ru\\\/\"},{\"@type\":\"ListItem\",\"position\":2,\"name\":\"Products\",\"item\":\"https:\\\/\\\/www.tosunlux.eu\\\/products\\\/\"},{\"@type\":\"ListItem\",\"position\":3,\"name\":\"Intelligent Digital Temperature Controller TS-C\"}]},{\"@type\":\"WebSite\",\"@id\":\"https:\\\/\\\/www.tosunlux.eu\\\/ru\\\/#website\",\"url\":\"https:\\\/\\\/www.tosunlux.eu\\\/ru\\\/\",\"name\":\"TOSUNlux Official Site - Electrical Circuit Breaker Manufacturer in China\",\"description\":\"Power Distribution System Supplier\",\"publisher\":{\"@id\":\"https:\\\/\\\/www.tosunlux.eu\\\/ru\\\/#organization\"},\"alternateName\":\"TOSUNlux\",\"potentialAction\":[{\"@type\":\"SearchAction\",\"target\":{\"@type\":\"EntryPoint\",\"urlTemplate\":\"https:\\\/\\\/www.tosunlux.eu\\\/ru\\\/?s={search_term_string}\"},\"query-input\":{\"@type\":\"PropertyValueSpecification\",\"valueRequired\":true,\"valueName\":\"search_term_string\"}}],\"inLanguage\":\"es\"},{\"@type\":\"Organization\",\"@id\":\"https:\\\/\\\/www.tosunlux.eu\\\/ru\\\/#organization\",\"name\":\"TOSUNlux\",\"url\":\"https:\\\/\\\/www.tosunlux.eu\\\/ru\\\/\",\"logo\":{\"@type\":\"ImageObject\",\"inLanguage\":\"es\",\"@id\":\"https:\\\/\\\/www.tosunlux.eu\\\/ru\\\/#\\\/schema\\\/logo\\\/image\\\/\",\"url\":\"https:\\\/\\\/www.tosunlux.eu\\\/wp-content\\\/uploads\\\/2022\\\/01\\\/LOGOSYSM.71762f1.png\",\"contentUrl\":\"https:\\\/\\\/www.tosunlux.eu\\\/wp-content\\\/uploads\\\/2022\\\/01\\\/LOGOSYSM.71762f1.png\",\"width\":153,\"height\":55,\"caption\":\"TOSUNlux\"},\"image\":{\"@id\":\"https:\\\/\\\/www.tosunlux.eu\\\/ru\\\/#\\\/schema\\\/logo\\\/image\\\/\"},\"sameAs\":[\"https:\\\/\\\/www.facebook.com\\\/TOSUNelectric\\\/\",\"https:\\\/\\\/www.linkedin.com\\\/company\\\/wenzhou-tosun-electric-co.-ltd\\\/\"]}]}<\/script>\n<!-- \/ Yoast SEO plugin. -->","yoast_head_json":{"title":"Controlador de temperatura digital inteligente TS-C al por mayor - Sitio oficial de TOSUNlux - Fabricante de disyuntores el\u00e9ctricos en China, proveedor de equipos el\u00e9ctricos de bajo voltaje | TOSUNlux","description":"Controlador de temperatura digital inteligente TS-C Proveedor: venta al por mayor directa de TOSUNlux, un fabricante confiable desde 1994. Obtenga su cotizaci\u00f3n de f\u00e1brica B2B en nuestros productos el\u00e9ctricos de bajo voltaje certificados.","robots":{"index":"index","follow":"follow","max-snippet":"max-snippet:-1","max-image-preview":"max-image-preview:large","max-video-preview":"max-video-preview:-1"},"canonical":"https:\/\/www.tosunlux.eu\/es\/products\/intelligent-digital-temperature-controller-ts-c\/","og_locale":"es_ES","og_type":"article","og_title":"WholesaleIntelligent Digital Temperature Controller TS-C - TOSUNlux Official Site - Electrical Circuit Breaker Manufacturer in China Low Voltage Electrical Supplier | TOSUNlux","og_description":"Intelligent Digital Temperature Controller TS-C Supplier - Wholesale direct from TOSUNlux, a trusted manufacturer since 1994. Get your B2B factory quote on our certified Low Voltage electrical products.","og_url":"https:\/\/www.tosunlux.eu\/es\/products\/intelligent-digital-temperature-controller-ts-c\/","og_site_name":"TOSUNlux Official Site - Electrical Circuit Breaker Manufacturer in China","article_publisher":"https:\/\/www.facebook.com\/TOSUNelectric\/","og_image":[{"width":1500,"height":940,"url":"https:\/\/www.tosunlux.eu\/wp-content\/uploads\/2023\/04\/DSC08160_\u526f\u672c.jpg","type":"image\/jpeg"}],"twitter_card":"summary_large_image","twitter_misc":{"Tiempo de lectura":"2 minutos"},"schema":{"@context":"https:\/\/schema.org","@graph":[{"@type":"WebPage","@id":"https:\/\/www.tosunlux.eu\/el\/products\/intelligent-digital-temperature-controller-ts-c\/","url":"https:\/\/www.tosunlux.eu\/el\/products\/intelligent-digital-temperature-controller-ts-c\/","name":"Controlador de temperatura digital inteligente TS-C al por mayor - Sitio oficial de TOSUNlux - Fabricante de disyuntores el\u00e9ctricos en China, proveedor de equipos el\u00e9ctricos de bajo voltaje | TOSUNlux","isPartOf":{"@id":"https:\/\/www.tosunlux.eu\/ru\/#website"},"datePublished":"2022-05-16T06:02:58+00:00","description":"Controlador de temperatura digital inteligente TS-C Proveedor: venta al por mayor directa de TOSUNlux, un fabricante confiable desde 1994. Obtenga su cotizaci\u00f3n de f\u00e1brica B2B en nuestros productos el\u00e9ctricos de bajo voltaje certificados.","breadcrumb":{"@id":"https:\/\/www.tosunlux.eu\/el\/products\/intelligent-digital-temperature-controller-ts-c\/#breadcrumb"},"inLanguage":"es","potentialAction":[{"@type":"ReadAction","target":["https:\/\/www.tosunlux.eu\/el\/products\/intelligent-digital-temperature-controller-ts-c\/"]}]},{"@type":"BreadcrumbList","@id":"https:\/\/www.tosunlux.eu\/el\/products\/intelligent-digital-temperature-controller-ts-c\/#breadcrumb","itemListElement":[{"@type":"ListItem","position":1,"name":"Home","item":"https:\/\/www.tosunlux.eu\/ru\/"},{"@type":"ListItem","position":2,"name":"Products","item":"https:\/\/www.tosunlux.eu\/products\/"},{"@type":"ListItem","position":3,"name":"Intelligent Digital Temperature Controller TS-C"}]},{"@type":"WebSite","@id":"https:\/\/www.tosunlux.eu\/ru\/#website","url":"https:\/\/www.tosunlux.eu\/ru\/","name":"Sitio oficial de TOSUNlux - Fabricante de disyuntores el\u00e9ctricos en China","description":"Proveedor de sistemas de distribuci\u00f3n de energ\u00eda","publisher":{"@id":"https:\/\/www.tosunlux.eu\/ru\/#organization"},"alternateName":"TOSUNlux","potentialAction":[{"@type":"SearchAction","target":{"@type":"EntryPoint","urlTemplate":"https:\/\/www.tosunlux.eu\/ru\/?s={search_term_string}"},"query-input":{"@type":"PropertyValueSpecification","valueRequired":true,"valueName":"search_term_string"}}],"inLanguage":"es"},{"@type":"Organization","@id":"https:\/\/www.tosunlux.eu\/ru\/#organization","name":"TOSUNlux","url":"https:\/\/www.tosunlux.eu\/ru\/","logo":{"@type":"ImageObject","inLanguage":"es","@id":"https:\/\/www.tosunlux.eu\/ru\/#\/schema\/logo\/image\/","url":"https:\/\/www.tosunlux.eu\/wp-content\/uploads\/2022\/01\/LOGOSYSM.71762f1.png","contentUrl":"https:\/\/www.tosunlux.eu\/wp-content\/uploads\/2022\/01\/LOGOSYSM.71762f1.png","width":153,"height":55,"caption":"TOSUNlux"},"image":{"@id":"https:\/\/www.tosunlux.eu\/ru\/#\/schema\/logo\/image\/"},"sameAs":["https:\/\/www.facebook.com\/TOSUNelectric\/","https:\/\/www.linkedin.com\/company\/wenzhou-tosun-electric-co.-ltd\/"]}]}},"_links":{"self":[{"href":"https:\/\/www.tosunlux.eu\/es\/wp-json\/wp\/v2\/product\/2955","targetHints":{"allow":["GET"]}}],"collection":[{"href":"https:\/\/www.tosunlux.eu\/es\/wp-json\/wp\/v2\/product"}],"about":[{"href":"https:\/\/www.tosunlux.eu\/es\/wp-json\/wp\/v2\/types\/product"}],"version-history":[{"count":0,"href":"https:\/\/www.tosunlux.eu\/es\/wp-json\/wp\/v2\/product\/2955\/revisions"}],"wp:attachment":[{"href":"https:\/\/www.tosunlux.eu\/es\/wp-json\/wp\/v2\/media?parent=2955"}],"wp:term":[{"taxonomy":"product_category","embeddable":true,"href":"https:\/\/www.tosunlux.eu\/es\/wp-json\/wp\/v2\/product_category?post=2955"}],"curies":[{"name":"gracias","href":"https:\/\/api.w.org\/{rel}","templated":true}]}}