{"id":3004,"date":"2022-05-16T14:58:33","date_gmt":"2022-05-16T06:58:33","guid":{"rendered":"https:\/\/www.tosunlux.eu\/?post_type=product&#038;p=3004"},"modified":"2023-06-02T17:20:20","modified_gmt":"2023-06-02T09:20:20","slug":"heater-for-panel-board","status":"publish","type":"product","link":"https:\/\/www.tosunlux.eu\/es\/products\/heater-for-panel-board\/","title":{"rendered":"Calentador para tablero de panel"},"content":{"rendered":"<p><strong>Solicitud<\/strong><\/p>\n\n\n\n<p>Los calentadores THG140 se utilizan en recintos que deben evitar la humedad o cuya temperatura especificada no debe ser inferior al valor m\u00ednimo. El dise\u00f1o del perfil de aluminio del cuerpo forma un efecto de pila para que los productos liberen el calor sin problemas. Los conectores de abrazadera de presi\u00f3n hacen que la instalaci\u00f3n sea m\u00e1s f\u00e1cil y r\u00e1pida.<\/p>\n\n\n\n<p>Los calefactores de ventilador compactos THGL046 se utilizan en recintos que deben protegerse de la humedad. El ventilador axial de alto rendimiento proporciona una fuerte circulaci\u00f3n de aire y garantiza una temperatura constante en el recinto, por lo que la conexi\u00f3n interna ser\u00e1 m\u00e1s segura.<\/p>\n\n\n\n<p><strong>Especificaci\u00f3n<\/strong><\/p>\n\n\n<table>\n<tbody>\n<tr>\n<td id=\"sjs-A1\">Modelo<\/td>\n<td id=\"sjs-B1\">THG140<\/td>\n<td id=\"sjs-C1\">THGL 046<\/td>\n<\/tr>\n<tr>\n<td id=\"sjs-A2\">Capacidad de calentamiento<\/td>\n<td id=\"sjs-B2\">15W 30W 45W 60W 75w 100W 150W<\/td>\n<td id=\"sjs-C2\">250W 400w<\/td>\n<\/tr>\n<tr>\n<td id=\"sjs-A3\">Tensi\u00f3n de funcionamiento<\/td>\n<td id=\"sjs-B3\">120-250V<\/td>\n<td id=\"sjs-C3\">230V CA<\/td>\n<\/tr>\n<tr>\n<td id=\"sjs-A4\">Elemento de calefacci\u00f3n<\/td>\n<td id=\"sjs-B4\" colspan=\"2\">Resistencia PTC, autorregulaci\u00f3n y limitaci\u00f3n de temperatura<\/td>\n<\/tr>\n<tr>\n<td id=\"sjs-A5\">Cuerpo de calefacci\u00f3n<\/td>\n<td id=\"sjs-B5\" colspan=\"2\">Perfil de aluminio extruido anodizado<\/td>\n<\/tr>\n<tr>\n<td id=\"sjs-A6\">Corte de seguridad de temperatura<\/td>\n<td id=\"sjs-B6\">\u4e00<\/td>\n<td id=\"sjs-C6\">Proteger contra el sobrecalentamiento en caso de falla del ventilador<\/td>\n<\/tr>\n<tr>\n<td id=\"sjs-A7\">Ventilador axial (rodamiento de bolas)<\/td>\n<td id=\"sjs-B7\">\u4e00<\/td>\n<td id=\"sjs-C7\">\n<p>Airlow, flujo libre<\/p>\n<p>CA: 45m\u00b3 \/n(50Hz) o 54m\u00b3 h(60Hz)<\/p>\n<p>CC: 54m\u00b3 \/h<\/p>\n<p>Servicio mentira 5000h a 25\u00b0C (77\u00b0F)<\/p>\n<\/td>\n<\/tr>\n<tr>\n<td id=\"sjs-A8\">Conexi\u00f3n<\/td>\n<td id=\"sjs-B8\">\u4e00<\/td>\n<td id=\"sjs-C8\">Terminal de conexi\u00f3n interna 1. 5 mm\u00b2 con alivio de tensi\u00f3n par de sujeci\u00f3n 0,8 Nm m\u00e1x.<\/td>\n<\/tr>\n<tr>\n<td id=\"sjs-A9\">Carcasa de conexi\u00f3n<\/td>\n<td id=\"sjs-B9\">3 pinzas de presi\u00f3n para cable trenzado 0,5-1,5mm\u00b2 (con cable y puntera) y cable r\u00edgido 0,5-2,5mm\u00b2 pl\u00e1stico seg\u00fan UL94 V-0, negro<\/td>\n<td id=\"sjs-C9\">Pl\u00e1stico seg\u00fan UL94 V-0, negro<\/td>\n<\/tr>\n<tr>\n<td id=\"sjs-A10\">Montaje<\/td>\n<td id=\"sjs-B10\" colspan=\"2\">Clip para carril DIN de 35 mm, EN 50022<\/td>\n<\/tr>\n<tr>\n<td id=\"sjs-A11\">Posici\u00f3n de montaje<\/td>\n<td id=\"sjs-B11\" colspan=\"2\">Vertical<\/td>\n<\/tr>\n<tr>\n<td id=\"sjs-A12\">Temperatura de funcionamiento\/almacenamiento<\/td>\n<td id=\"sjs-B12\" colspan=\"2\">-45 a +70 \u00b0C (-49 a +158 \u00b0F)<\/td>\n<\/tr>\n<tr>\n<td id=\"sjs-A13\">Clase de protecci\u00f3n<\/td>\n<td id=\"sjs-B13\" colspan=\"2\">IP20\/I (a tierra)<\/td>\n<\/tr>\n<\/tbody>\n<\/table>\n\n\n<p><strong>Dimensi\u00f3n<\/strong><\/p>\n\n\n\n<figure class=\"wp-block-image size-large\"><img fetchpriority=\"high\" decoding=\"async\" width=\"1024\" height=\"409\" src=\"https:\/\/www.tosunlux.eu\/wp-content\/uploads\/2023\/06\/\u6a21\u578b-1024x409.jpg\" alt=\"\" class=\"wp-image-6909\" srcset=\"https:\/\/www.tosunlux.eu\/wp-content\/uploads\/2023\/06\/\u6a21\u578b-1024x409.jpg 1024w, https:\/\/www.tosunlux.eu\/wp-content\/uploads\/2023\/06\/\u6a21\u578b-300x120.jpg 300w, https:\/\/www.tosunlux.eu\/wp-content\/uploads\/2023\/06\/\u6a21\u578b-768x307.jpg 768w, https:\/\/www.tosunlux.eu\/wp-content\/uploads\/2023\/06\/\u6a21\u578b-1536x614.jpg 1536w, https:\/\/www.tosunlux.eu\/wp-content\/uploads\/2023\/06\/\u6a21\u578b-2048x819.jpg 2048w, https:\/\/www.tosunlux.eu\/wp-content\/uploads\/2023\/06\/\u6a21\u578b-18x7.jpg 18w\" sizes=\"(max-width: 1024px) 100vw, 1024px\" \/><\/figure>","protected":false},"parent":0,"template":"","product_category":[36,103],"class_list":["post-3004","product","type-product","status-publish","hentry","product_category-electrical-accessories","product_category-ventilation-heating"],"yoast_head":"<!-- This site is optimized with the Yoast SEO plugin v27.5 - https:\/\/yoast.com\/product\/yoast-seo-wordpress\/ -->\n<title>WholesaleHeater for Panel Board - TOSUNlux Official Site - Electrical Circuit Breaker Manufacturer in China Low Voltage Electrical Supplier | TOSUNlux<\/title>\n<meta name=\"description\" content=\"Heater for Panel Board Supplier - Wholesale direct from TOSUNlux, a trusted manufacturer since 1994. Get your B2B factory quote on our certified Low Voltage electrical products.\" \/>\n<meta name=\"robots\" content=\"index, follow, max-snippet:-1, max-image-preview:large, max-video-preview:-1\" \/>\n<link rel=\"canonical\" href=\"https:\/\/www.tosunlux.eu\/es\/products\/heater-for-panel-board\/\" \/>\n<meta property=\"og:locale\" content=\"es_ES\" \/>\n<meta property=\"og:type\" content=\"article\" \/>\n<meta property=\"og:title\" content=\"WholesaleHeater for Panel Board - TOSUNlux Official Site - Electrical Circuit Breaker Manufacturer in China Low Voltage Electrical Supplier | TOSUNlux\" \/>\n<meta property=\"og:description\" content=\"Heater for Panel Board Supplier - Wholesale direct from TOSUNlux, a trusted manufacturer since 1994. Get your B2B factory quote on our certified Low Voltage electrical products.\" \/>\n<meta property=\"og:url\" content=\"https:\/\/www.tosunlux.eu\/es\/products\/heater-for-panel-board\/\" \/>\n<meta property=\"og:site_name\" content=\"TOSUNlux Official Site - Electrical Circuit Breaker Manufacturer in China\" \/>\n<meta property=\"article:publisher\" content=\"https:\/\/www.facebook.com\/TOSUNelectric\/\" \/>\n<meta property=\"article:modified_time\" content=\"2023-06-02T09:20:20+00:00\" \/>\n<meta property=\"og:image\" content=\"https:\/\/www.tosunlux.eu\/wp-content\/uploads\/2023\/04\/DSC08160_\u526f\u672c.jpg\" \/>\n\t<meta property=\"og:image:width\" content=\"1500\" \/>\n\t<meta property=\"og:image:height\" content=\"940\" \/>\n\t<meta property=\"og:image:type\" content=\"image\/jpeg\" \/>\n<meta name=\"twitter:card\" content=\"summary_large_image\" \/>\n<script type=\"application\/ld+json\" class=\"yoast-schema-graph\">{\"@context\":\"https:\\\/\\\/schema.org\",\"@graph\":[{\"@type\":\"WebPage\",\"@id\":\"https:\\\/\\\/www.tosunlux.eu\\\/am\\\/products\\\/heater-for-panel-board\\\/\",\"url\":\"https:\\\/\\\/www.tosunlux.eu\\\/am\\\/products\\\/heater-for-panel-board\\\/\",\"name\":\"WholesaleHeater for Panel Board - TOSUNlux Official Site - Electrical Circuit Breaker Manufacturer in China Low Voltage Electrical Supplier | TOSUNlux\",\"isPartOf\":{\"@id\":\"https:\\\/\\\/www.tosunlux.eu\\\/ru\\\/#website\"},\"datePublished\":\"2022-05-16T06:58:33+00:00\",\"dateModified\":\"2023-06-02T09:20:20+00:00\",\"description\":\"Heater for Panel Board Supplier - Wholesale direct from TOSUNlux, a trusted manufacturer since 1994. Get your B2B factory quote on our certified Low Voltage electrical products.\",\"breadcrumb\":{\"@id\":\"https:\\\/\\\/www.tosunlux.eu\\\/am\\\/products\\\/heater-for-panel-board\\\/#breadcrumb\"},\"inLanguage\":\"es\",\"potentialAction\":[{\"@type\":\"ReadAction\",\"target\":[\"https:\\\/\\\/www.tosunlux.eu\\\/am\\\/products\\\/heater-for-panel-board\\\/\"]}]},{\"@type\":\"BreadcrumbList\",\"@id\":\"https:\\\/\\\/www.tosunlux.eu\\\/am\\\/products\\\/heater-for-panel-board\\\/#breadcrumb\",\"itemListElement\":[{\"@type\":\"ListItem\",\"position\":1,\"name\":\"Home\",\"item\":\"https:\\\/\\\/www.tosunlux.eu\\\/ru\\\/\"},{\"@type\":\"ListItem\",\"position\":2,\"name\":\"Products\",\"item\":\"https:\\\/\\\/www.tosunlux.eu\\\/products\\\/\"},{\"@type\":\"ListItem\",\"position\":3,\"name\":\"Heater for Panel Board\"}]},{\"@type\":\"WebSite\",\"@id\":\"https:\\\/\\\/www.tosunlux.eu\\\/ru\\\/#website\",\"url\":\"https:\\\/\\\/www.tosunlux.eu\\\/ru\\\/\",\"name\":\"TOSUNlux Official Site - Electrical Circuit Breaker Manufacturer in China\",\"description\":\"Power Distribution System Supplier\",\"publisher\":{\"@id\":\"https:\\\/\\\/www.tosunlux.eu\\\/ru\\\/#organization\"},\"alternateName\":\"TOSUNlux\",\"potentialAction\":[{\"@type\":\"SearchAction\",\"target\":{\"@type\":\"EntryPoint\",\"urlTemplate\":\"https:\\\/\\\/www.tosunlux.eu\\\/ru\\\/?s={search_term_string}\"},\"query-input\":{\"@type\":\"PropertyValueSpecification\",\"valueRequired\":true,\"valueName\":\"search_term_string\"}}],\"inLanguage\":\"es\"},{\"@type\":\"Organization\",\"@id\":\"https:\\\/\\\/www.tosunlux.eu\\\/ru\\\/#organization\",\"name\":\"TOSUNlux\",\"url\":\"https:\\\/\\\/www.tosunlux.eu\\\/ru\\\/\",\"logo\":{\"@type\":\"ImageObject\",\"inLanguage\":\"es\",\"@id\":\"https:\\\/\\\/www.tosunlux.eu\\\/ru\\\/#\\\/schema\\\/logo\\\/image\\\/\",\"url\":\"https:\\\/\\\/www.tosunlux.eu\\\/wp-content\\\/uploads\\\/2022\\\/01\\\/LOGOSYSM.71762f1.png\",\"contentUrl\":\"https:\\\/\\\/www.tosunlux.eu\\\/wp-content\\\/uploads\\\/2022\\\/01\\\/LOGOSYSM.71762f1.png\",\"width\":153,\"height\":55,\"caption\":\"TOSUNlux\"},\"image\":{\"@id\":\"https:\\\/\\\/www.tosunlux.eu\\\/ru\\\/#\\\/schema\\\/logo\\\/image\\\/\"},\"sameAs\":[\"https:\\\/\\\/www.facebook.com\\\/TOSUNelectric\\\/\",\"https:\\\/\\\/www.linkedin.com\\\/company\\\/wenzhou-tosun-electric-co.-ltd\\\/\"]}]}<\/script>\n<!-- \/ Yoast SEO plugin. -->","yoast_head_json":{"title":"Calentadores para tableros el\u00e9ctricos al por mayor - Sitio oficial de TOSUNlux - Fabricante de disyuntores el\u00e9ctricos en China, proveedor de equipos el\u00e9ctricos de baja tensi\u00f3n | TOSUNlux","description":"Proveedor de calentadores para paneles de control: venta al por mayor directa de TOSUNlux, un fabricante confiable desde 1994. Obtenga su cotizaci\u00f3n de f\u00e1brica B2B para nuestros productos el\u00e9ctricos de bajo voltaje certificados.","robots":{"index":"index","follow":"follow","max-snippet":"max-snippet:-1","max-image-preview":"max-image-preview:large","max-video-preview":"max-video-preview:-1"},"canonical":"https:\/\/www.tosunlux.eu\/es\/products\/heater-for-panel-board\/","og_locale":"es_ES","og_type":"article","og_title":"WholesaleHeater for Panel Board - TOSUNlux Official Site - Electrical Circuit Breaker Manufacturer in China Low Voltage Electrical Supplier | TOSUNlux","og_description":"Heater for Panel Board Supplier - Wholesale direct from TOSUNlux, a trusted manufacturer since 1994. Get your B2B factory quote on our certified Low Voltage electrical products.","og_url":"https:\/\/www.tosunlux.eu\/es\/products\/heater-for-panel-board\/","og_site_name":"TOSUNlux Official Site - Electrical Circuit Breaker Manufacturer in China","article_publisher":"https:\/\/www.facebook.com\/TOSUNelectric\/","article_modified_time":"2023-06-02T09:20:20+00:00","og_image":[{"width":1500,"height":940,"url":"https:\/\/www.tosunlux.eu\/wp-content\/uploads\/2023\/04\/DSC08160_\u526f\u672c.jpg","type":"image\/jpeg"}],"twitter_card":"summary_large_image","schema":{"@context":"https:\/\/schema.org","@graph":[{"@type":"WebPage","@id":"https:\/\/www.tosunlux.eu\/am\/products\/heater-for-panel-board\/","url":"https:\/\/www.tosunlux.eu\/am\/products\/heater-for-panel-board\/","name":"Calentadores para tableros el\u00e9ctricos al por mayor - Sitio oficial de TOSUNlux - Fabricante de disyuntores el\u00e9ctricos en China, proveedor de equipos el\u00e9ctricos de baja tensi\u00f3n | TOSUNlux","isPartOf":{"@id":"https:\/\/www.tosunlux.eu\/ru\/#website"},"datePublished":"2022-05-16T06:58:33+00:00","dateModified":"2023-06-02T09:20:20+00:00","description":"Proveedor de calentadores para paneles de control: venta al por mayor directa de TOSUNlux, un fabricante confiable desde 1994. Obtenga su cotizaci\u00f3n de f\u00e1brica B2B para nuestros productos el\u00e9ctricos de bajo voltaje certificados.","breadcrumb":{"@id":"https:\/\/www.tosunlux.eu\/am\/products\/heater-for-panel-board\/#breadcrumb"},"inLanguage":"es","potentialAction":[{"@type":"ReadAction","target":["https:\/\/www.tosunlux.eu\/am\/products\/heater-for-panel-board\/"]}]},{"@type":"BreadcrumbList","@id":"https:\/\/www.tosunlux.eu\/am\/products\/heater-for-panel-board\/#breadcrumb","itemListElement":[{"@type":"ListItem","position":1,"name":"Home","item":"https:\/\/www.tosunlux.eu\/ru\/"},{"@type":"ListItem","position":2,"name":"Products","item":"https:\/\/www.tosunlux.eu\/products\/"},{"@type":"ListItem","position":3,"name":"Heater for Panel Board"}]},{"@type":"WebSite","@id":"https:\/\/www.tosunlux.eu\/ru\/#website","url":"https:\/\/www.tosunlux.eu\/ru\/","name":"Sitio oficial de TOSUNlux - Fabricante de disyuntores el\u00e9ctricos en China","description":"Proveedor de sistemas de distribuci\u00f3n de energ\u00eda","publisher":{"@id":"https:\/\/www.tosunlux.eu\/ru\/#organization"},"alternateName":"TOSUNlux","potentialAction":[{"@type":"SearchAction","target":{"@type":"EntryPoint","urlTemplate":"https:\/\/www.tosunlux.eu\/ru\/?s={search_term_string}"},"query-input":{"@type":"PropertyValueSpecification","valueRequired":true,"valueName":"search_term_string"}}],"inLanguage":"es"},{"@type":"Organization","@id":"https:\/\/www.tosunlux.eu\/ru\/#organization","name":"TOSUNlux","url":"https:\/\/www.tosunlux.eu\/ru\/","logo":{"@type":"ImageObject","inLanguage":"es","@id":"https:\/\/www.tosunlux.eu\/ru\/#\/schema\/logo\/image\/","url":"https:\/\/www.tosunlux.eu\/wp-content\/uploads\/2022\/01\/LOGOSYSM.71762f1.png","contentUrl":"https:\/\/www.tosunlux.eu\/wp-content\/uploads\/2022\/01\/LOGOSYSM.71762f1.png","width":153,"height":55,"caption":"TOSUNlux"},"image":{"@id":"https:\/\/www.tosunlux.eu\/ru\/#\/schema\/logo\/image\/"},"sameAs":["https:\/\/www.facebook.com\/TOSUNelectric\/","https:\/\/www.linkedin.com\/company\/wenzhou-tosun-electric-co.-ltd\/"]}]}},"_links":{"self":[{"href":"https:\/\/www.tosunlux.eu\/es\/wp-json\/wp\/v2\/product\/3004","targetHints":{"allow":["GET"]}}],"collection":[{"href":"https:\/\/www.tosunlux.eu\/es\/wp-json\/wp\/v2\/product"}],"about":[{"href":"https:\/\/www.tosunlux.eu\/es\/wp-json\/wp\/v2\/types\/product"}],"version-history":[{"count":1,"href":"https:\/\/www.tosunlux.eu\/es\/wp-json\/wp\/v2\/product\/3004\/revisions"}],"predecessor-version":[{"id":6912,"href":"https:\/\/www.tosunlux.eu\/es\/wp-json\/wp\/v2\/product\/3004\/revisions\/6912"}],"wp:attachment":[{"href":"https:\/\/www.tosunlux.eu\/es\/wp-json\/wp\/v2\/media?parent=3004"}],"wp:term":[{"taxonomy":"product_category","embeddable":true,"href":"https:\/\/www.tosunlux.eu\/es\/wp-json\/wp\/v2\/product_category?post=3004"}],"curies":[{"name":"gracias","href":"https:\/\/api.w.org\/{rel}","templated":true}]}}