{"id":3034,"date":"2022-05-16T16:17:13","date_gmt":"2022-05-16T08:17:13","guid":{"rendered":"https:\/\/www.tosunlux.eu\/?post_type=product&#038;p=3034"},"modified":"2022-05-16T16:18:49","modified_gmt":"2022-05-16T08:18:49","slug":"thermostat","status":"publish","type":"product","link":"https:\/\/www.tosunlux.eu\/es\/products\/thermostat\/","title":{"rendered":"Termostato"},"content":{"rendered":"<p><strong>Solicitud<\/strong><\/p>\n\n\n\n<p>KTO 011: disyuntor de contacto para regular calentadores.<br><\/p>\n\n\n\n<p>KTS 011: contactor para la regulaci\u00f3n de ventiladores de filtro e intercambiadores de calor o para el dispositivo de se\u00f1al de conmutaci\u00f3n cuando se ha excedido el l\u00edmite de temperatura.<\/p>\n\n\n\n<p>S<strong>especificaci\u00f3n<\/strong><\/p>\n\n\n<table width=\"576\">\n<tbody>\n<tr>\n<td width=\"255\">KTO 011 NC (rojo)<\/td>\n<td width=\"320\">Cuando la temperatura alcanza el valor establecido, circuito abierto.<\/td>\n<\/tr>\n<tr>\n<td width=\"255\">KTS 011 NA (azul)<\/td>\n<td width=\"320\">Cuando la temperatura excede la acci\u00f3n del valor establecido, circuito cerrado<\/td>\n<\/tr>\n<tr>\n<td width=\"255\">Cambiar la diferencia de temperatura<\/td>\n<td width=\"320\">7K (tolerancia \u00b14K)<\/td>\n<\/tr>\n<tr>\n<td width=\"255\">Elemento sensor<\/td>\n<td width=\"320\">bimet\u00e1lico termost\u00e1tico<\/td>\n<\/tr>\n<tr>\n<td width=\"255\">Tipo de Contacto<\/td>\n<td width=\"320\">Acci\u00f3n r\u00e1pida<\/td>\n<\/tr>\n<tr>\n<td width=\"255\">Resistencia de contacto<\/td>\n<td width=\"320\">&lt;10m ohm (l\u00ednea de conexi\u00f3n incidental)<\/td>\n<\/tr>\n<tr>\n<td width=\"255\">Vida de servicio<\/td>\n<td width=\"320\">&gt;100.000 ciclos\u00a0<\/td>\n<\/tr>\n<tr>\n<td rowspan=\"3\" width=\"255\">m\u00e1x. Capacidad de conmutaci\u00f3n<\/td>\n<td width=\"320\">250 VCA, 10(2)A<\/td>\n<\/tr>\n<tr>\n<td width=\"320\">120 V CA, 15 (2) A<\/td>\n<\/tr>\n<tr>\n<td width=\"320\">\u00a030 W a 24 VCC a 72 VCC<\/td>\n<\/tr>\n<tr>\n<td rowspan=\"2\" width=\"255\">Conexi\u00f3n<\/td>\n<td width=\"320\">Terminal de 2 polos, par de apriete 0,5 Nm cable r\u00edgido m\u00e1x. 2,5 mm\u00b2<\/td>\n<\/tr>\n<tr>\n<td width=\"320\">Cable trenzado (con puntera de cable) 1,5 mm\u00b2<\/td>\n<\/tr>\n<tr>\n<td width=\"255\">Caja<\/td>\n<td width=\"320\">Pl\u00e1stico seg\u00fan UL94 V-0, gris claro<\/td>\n<\/tr>\n<tr>\n<td width=\"255\">Instalaci\u00f3n<\/td>\n<td width=\"320\">Carril DIN de 35 mm<\/td>\n<\/tr>\n<tr>\n<td width=\"255\">Dimensiones<\/td>\n<td width=\"320\">Variable<\/td>\n<\/tr>\n<tr>\n<td width=\"255\">Posici\u00f3n de montaje<\/td>\n<td width=\"320\">60x33x43mm<\/td>\n<\/tr>\n<tr>\n<td width=\"255\">Temperatura de funcionamiento\/almacenamiento<\/td>\n<td width=\"320\">-20\u00b0C a +80\u00b0C<\/td>\n<\/tr>\n<tr>\n<td width=\"255\">Clase de protecci\u00f3n<\/td>\n<td width=\"320\">IP20<\/td>\n<\/tr>\n<\/tbody>\n<\/table>\n\n\n<p>di<strong>menci\u00f3n<\/strong><\/p>\n\n\n\n<figure class=\"wp-block-image size-large\"><img fetchpriority=\"high\" decoding=\"async\" width=\"1024\" height=\"273\" src=\"https:\/\/www.tosunlux.eu\/wp-content\/uploads\/2022\/05\/KTO011-1024x273.jpg\" alt=\"\" class=\"wp-image-3055\" srcset=\"https:\/\/www.tosunlux.eu\/wp-content\/uploads\/2022\/05\/KTO011-1024x273.jpg 1024w, https:\/\/www.tosunlux.eu\/wp-content\/uploads\/2022\/05\/KTO011-300x80.jpg 300w, https:\/\/www.tosunlux.eu\/wp-content\/uploads\/2022\/05\/KTO011-768x204.jpg 768w, https:\/\/www.tosunlux.eu\/wp-content\/uploads\/2022\/05\/KTO011.jpg 1138w\" sizes=\"(max-width: 1024px) 100vw, 1024px\" \/><\/figure>\n\n\n\n<p>Ejemplos de conexi\u00f3n<\/p>\n\n\n\n<figure class=\"wp-block-image size-large\"><img decoding=\"async\" width=\"1024\" height=\"255\" src=\"https:\/\/www.tosunlux.eu\/wp-content\/uploads\/2022\/05\/KTO0112-1024x255.jpg\" alt=\"\" class=\"wp-image-3056\" srcset=\"https:\/\/www.tosunlux.eu\/wp-content\/uploads\/2022\/05\/KTO0112-1024x255.jpg 1024w, https:\/\/www.tosunlux.eu\/wp-content\/uploads\/2022\/05\/KTO0112-300x75.jpg 300w, https:\/\/www.tosunlux.eu\/wp-content\/uploads\/2022\/05\/KTO0112-768x192.jpg 768w, https:\/\/www.tosunlux.eu\/wp-content\/uploads\/2022\/05\/KTO0112.jpg 1419w\" sizes=\"(max-width: 1024px) 100vw, 1024px\" \/><\/figure>","protected":false},"parent":0,"template":"","product_category":[36,103],"class_list":["post-3034","product","type-product","status-publish","hentry","product_category-electrical-accessories","product_category-ventilation-heating"],"yoast_head":"<!-- This site is optimized with the Yoast SEO plugin v27.5 - https:\/\/yoast.com\/product\/yoast-seo-wordpress\/ -->\n<title>WholesaleThermostat - TOSUNlux Official Site - Electrical Circuit Breaker Manufacturer in China Low Voltage Electrical Supplier | TOSUNlux<\/title>\n<meta name=\"description\" content=\"Thermostat Supplier - Wholesale direct from TOSUNlux, a trusted manufacturer since 1994. Get your B2B factory quote on our certified Low Voltage electrical products.\" \/>\n<meta name=\"robots\" content=\"index, follow, max-snippet:-1, max-image-preview:large, max-video-preview:-1\" \/>\n<link rel=\"canonical\" href=\"https:\/\/www.tosunlux.eu\/es\/products\/thermostat\/\" \/>\n<meta property=\"og:locale\" content=\"es_ES\" \/>\n<meta property=\"og:type\" content=\"article\" \/>\n<meta property=\"og:title\" content=\"WholesaleThermostat - TOSUNlux Official Site - Electrical Circuit Breaker Manufacturer in China Low Voltage Electrical Supplier | TOSUNlux\" \/>\n<meta property=\"og:description\" content=\"Thermostat Supplier - Wholesale direct from TOSUNlux, a trusted manufacturer since 1994. Get your B2B factory quote on our certified Low Voltage electrical products.\" \/>\n<meta property=\"og:url\" content=\"https:\/\/www.tosunlux.eu\/es\/products\/thermostat\/\" \/>\n<meta property=\"og:site_name\" content=\"TOSUNlux Official Site - Electrical Circuit Breaker Manufacturer in China\" \/>\n<meta property=\"article:publisher\" content=\"https:\/\/www.facebook.com\/TOSUNelectric\/\" \/>\n<meta property=\"article:modified_time\" content=\"2022-05-16T08:18:49+00:00\" \/>\n<meta property=\"og:image\" content=\"https:\/\/www.tosunlux.eu\/wp-content\/uploads\/2022\/05\/KTO011-1024x273.jpg\" \/>\n<meta name=\"twitter:card\" content=\"summary_large_image\" \/>\n<meta name=\"twitter:label1\" content=\"Tiempo de lectura\" \/>\n\t<meta name=\"twitter:data1\" content=\"2 minutos\" \/>\n<script type=\"application\/ld+json\" class=\"yoast-schema-graph\">{\"@context\":\"https:\\\/\\\/schema.org\",\"@graph\":[{\"@type\":\"WebPage\",\"@id\":\"https:\\\/\\\/www.tosunlux.eu\\\/products\\\/thermostat\\\/\",\"url\":\"https:\\\/\\\/www.tosunlux.eu\\\/products\\\/thermostat\\\/\",\"name\":\"WholesaleThermostat - TOSUNlux Official Site - Electrical Circuit Breaker Manufacturer in China Low Voltage Electrical Supplier | TOSUNlux\",\"isPartOf\":{\"@id\":\"https:\\\/\\\/www.tosunlux.eu\\\/ru\\\/#website\"},\"primaryImageOfPage\":{\"@id\":\"https:\\\/\\\/www.tosunlux.eu\\\/products\\\/thermostat\\\/#primaryimage\"},\"image\":{\"@id\":\"https:\\\/\\\/www.tosunlux.eu\\\/products\\\/thermostat\\\/#primaryimage\"},\"thumbnailUrl\":\"https:\\\/\\\/www.tosunlux.eu\\\/wp-content\\\/uploads\\\/2022\\\/05\\\/KTO011-1024x273.jpg\",\"datePublished\":\"2022-05-16T08:17:13+00:00\",\"dateModified\":\"2022-05-16T08:18:49+00:00\",\"description\":\"Thermostat Supplier - Wholesale direct from TOSUNlux, a trusted manufacturer since 1994. Get your B2B factory quote on our certified Low Voltage electrical products.\",\"breadcrumb\":{\"@id\":\"https:\\\/\\\/www.tosunlux.eu\\\/products\\\/thermostat\\\/#breadcrumb\"},\"inLanguage\":\"es\",\"potentialAction\":[{\"@type\":\"ReadAction\",\"target\":[\"https:\\\/\\\/www.tosunlux.eu\\\/products\\\/thermostat\\\/\"]}]},{\"@type\":\"ImageObject\",\"inLanguage\":\"es\",\"@id\":\"https:\\\/\\\/www.tosunlux.eu\\\/products\\\/thermostat\\\/#primaryimage\",\"url\":\"https:\\\/\\\/www.tosunlux.eu\\\/wp-content\\\/uploads\\\/2022\\\/05\\\/KTO011-1024x273.jpg\",\"contentUrl\":\"https:\\\/\\\/www.tosunlux.eu\\\/wp-content\\\/uploads\\\/2022\\\/05\\\/KTO011-1024x273.jpg\"},{\"@type\":\"BreadcrumbList\",\"@id\":\"https:\\\/\\\/www.tosunlux.eu\\\/products\\\/thermostat\\\/#breadcrumb\",\"itemListElement\":[{\"@type\":\"ListItem\",\"position\":1,\"name\":\"Home\",\"item\":\"https:\\\/\\\/www.tosunlux.eu\\\/ru\\\/\"},{\"@type\":\"ListItem\",\"position\":2,\"name\":\"Products\",\"item\":\"https:\\\/\\\/www.tosunlux.eu\\\/products\\\/\"},{\"@type\":\"ListItem\",\"position\":3,\"name\":\"Thermostat\"}]},{\"@type\":\"WebSite\",\"@id\":\"https:\\\/\\\/www.tosunlux.eu\\\/ru\\\/#website\",\"url\":\"https:\\\/\\\/www.tosunlux.eu\\\/ru\\\/\",\"name\":\"TOSUNlux Official Site - Electrical Circuit Breaker Manufacturer in China\",\"description\":\"Power Distribution System Supplier\",\"publisher\":{\"@id\":\"https:\\\/\\\/www.tosunlux.eu\\\/ru\\\/#organization\"},\"alternateName\":\"TOSUNlux\",\"potentialAction\":[{\"@type\":\"SearchAction\",\"target\":{\"@type\":\"EntryPoint\",\"urlTemplate\":\"https:\\\/\\\/www.tosunlux.eu\\\/ru\\\/?s={search_term_string}\"},\"query-input\":{\"@type\":\"PropertyValueSpecification\",\"valueRequired\":true,\"valueName\":\"search_term_string\"}}],\"inLanguage\":\"es\"},{\"@type\":\"Organization\",\"@id\":\"https:\\\/\\\/www.tosunlux.eu\\\/ru\\\/#organization\",\"name\":\"TOSUNlux\",\"url\":\"https:\\\/\\\/www.tosunlux.eu\\\/ru\\\/\",\"logo\":{\"@type\":\"ImageObject\",\"inLanguage\":\"es\",\"@id\":\"https:\\\/\\\/www.tosunlux.eu\\\/ru\\\/#\\\/schema\\\/logo\\\/image\\\/\",\"url\":\"https:\\\/\\\/www.tosunlux.eu\\\/wp-content\\\/uploads\\\/2022\\\/01\\\/LOGOSYSM.71762f1.png\",\"contentUrl\":\"https:\\\/\\\/www.tosunlux.eu\\\/wp-content\\\/uploads\\\/2022\\\/01\\\/LOGOSYSM.71762f1.png\",\"width\":153,\"height\":55,\"caption\":\"TOSUNlux\"},\"image\":{\"@id\":\"https:\\\/\\\/www.tosunlux.eu\\\/ru\\\/#\\\/schema\\\/logo\\\/image\\\/\"},\"sameAs\":[\"https:\\\/\\\/www.facebook.com\\\/TOSUNelectric\\\/\",\"https:\\\/\\\/www.linkedin.com\\\/company\\\/wenzhou-tosun-electric-co.-ltd\\\/\"]}]}<\/script>\n<!-- \/ Yoast SEO plugin. -->","yoast_head_json":{"title":"Termostato al por mayor - Sitio oficial de TOSUNlux - Fabricante de disyuntores el\u00e9ctricos en China, proveedor de equipos el\u00e9ctricos de bajo voltaje | TOSUNlux","description":"Proveedor de termostatos: venta al por mayor directa de TOSUNlux, un fabricante confiable desde 1994. Obtenga su cotizaci\u00f3n de f\u00e1brica B2B en nuestros productos el\u00e9ctricos de bajo voltaje certificados.","robots":{"index":"index","follow":"follow","max-snippet":"max-snippet:-1","max-image-preview":"max-image-preview:large","max-video-preview":"max-video-preview:-1"},"canonical":"https:\/\/www.tosunlux.eu\/es\/products\/thermostat\/","og_locale":"es_ES","og_type":"article","og_title":"WholesaleThermostat - TOSUNlux Official Site - Electrical Circuit Breaker Manufacturer in China Low Voltage Electrical Supplier | TOSUNlux","og_description":"Thermostat Supplier - Wholesale direct from TOSUNlux, a trusted manufacturer since 1994. Get your B2B factory quote on our certified Low Voltage electrical products.","og_url":"https:\/\/www.tosunlux.eu\/es\/products\/thermostat\/","og_site_name":"TOSUNlux Official Site - Electrical Circuit Breaker Manufacturer in China","article_publisher":"https:\/\/www.facebook.com\/TOSUNelectric\/","article_modified_time":"2022-05-16T08:18:49+00:00","og_image":[{"url":"https:\/\/www.tosunlux.eu\/wp-content\/uploads\/2022\/05\/KTO011-1024x273.jpg","type":"","width":"","height":""}],"twitter_card":"summary_large_image","twitter_misc":{"Tiempo de lectura":"2 minutos"},"schema":{"@context":"https:\/\/schema.org","@graph":[{"@type":"WebPage","@id":"https:\/\/www.tosunlux.eu\/products\/thermostat\/","url":"https:\/\/www.tosunlux.eu\/products\/thermostat\/","name":"Termostato al por mayor - Sitio oficial de TOSUNlux - Fabricante de disyuntores el\u00e9ctricos en China, proveedor de equipos el\u00e9ctricos de bajo voltaje | TOSUNlux","isPartOf":{"@id":"https:\/\/www.tosunlux.eu\/ru\/#website"},"primaryImageOfPage":{"@id":"https:\/\/www.tosunlux.eu\/products\/thermostat\/#primaryimage"},"image":{"@id":"https:\/\/www.tosunlux.eu\/products\/thermostat\/#primaryimage"},"thumbnailUrl":"https:\/\/www.tosunlux.eu\/wp-content\/uploads\/2022\/05\/KTO011-1024x273.jpg","datePublished":"2022-05-16T08:17:13+00:00","dateModified":"2022-05-16T08:18:49+00:00","description":"Proveedor de termostatos: venta al por mayor directa de TOSUNlux, un fabricante confiable desde 1994. Obtenga su cotizaci\u00f3n de f\u00e1brica B2B en nuestros productos el\u00e9ctricos de bajo voltaje certificados.","breadcrumb":{"@id":"https:\/\/www.tosunlux.eu\/products\/thermostat\/#breadcrumb"},"inLanguage":"es","potentialAction":[{"@type":"ReadAction","target":["https:\/\/www.tosunlux.eu\/products\/thermostat\/"]}]},{"@type":"ImageObject","inLanguage":"es","@id":"https:\/\/www.tosunlux.eu\/products\/thermostat\/#primaryimage","url":"https:\/\/www.tosunlux.eu\/wp-content\/uploads\/2022\/05\/KTO011-1024x273.jpg","contentUrl":"https:\/\/www.tosunlux.eu\/wp-content\/uploads\/2022\/05\/KTO011-1024x273.jpg"},{"@type":"BreadcrumbList","@id":"https:\/\/www.tosunlux.eu\/products\/thermostat\/#breadcrumb","itemListElement":[{"@type":"ListItem","position":1,"name":"Home","item":"https:\/\/www.tosunlux.eu\/ru\/"},{"@type":"ListItem","position":2,"name":"Products","item":"https:\/\/www.tosunlux.eu\/products\/"},{"@type":"ListItem","position":3,"name":"Thermostat"}]},{"@type":"WebSite","@id":"https:\/\/www.tosunlux.eu\/ru\/#website","url":"https:\/\/www.tosunlux.eu\/ru\/","name":"Sitio oficial de TOSUNlux - Fabricante de disyuntores el\u00e9ctricos en China","description":"Proveedor de sistemas de distribuci\u00f3n de energ\u00eda","publisher":{"@id":"https:\/\/www.tosunlux.eu\/ru\/#organization"},"alternateName":"TOSUNlux","potentialAction":[{"@type":"SearchAction","target":{"@type":"EntryPoint","urlTemplate":"https:\/\/www.tosunlux.eu\/ru\/?s={search_term_string}"},"query-input":{"@type":"PropertyValueSpecification","valueRequired":true,"valueName":"search_term_string"}}],"inLanguage":"es"},{"@type":"Organization","@id":"https:\/\/www.tosunlux.eu\/ru\/#organization","name":"TOSUNlux","url":"https:\/\/www.tosunlux.eu\/ru\/","logo":{"@type":"ImageObject","inLanguage":"es","@id":"https:\/\/www.tosunlux.eu\/ru\/#\/schema\/logo\/image\/","url":"https:\/\/www.tosunlux.eu\/wp-content\/uploads\/2022\/01\/LOGOSYSM.71762f1.png","contentUrl":"https:\/\/www.tosunlux.eu\/wp-content\/uploads\/2022\/01\/LOGOSYSM.71762f1.png","width":153,"height":55,"caption":"TOSUNlux"},"image":{"@id":"https:\/\/www.tosunlux.eu\/ru\/#\/schema\/logo\/image\/"},"sameAs":["https:\/\/www.facebook.com\/TOSUNelectric\/","https:\/\/www.linkedin.com\/company\/wenzhou-tosun-electric-co.-ltd\/"]}]}},"_links":{"self":[{"href":"https:\/\/www.tosunlux.eu\/es\/wp-json\/wp\/v2\/product\/3034","targetHints":{"allow":["GET"]}}],"collection":[{"href":"https:\/\/www.tosunlux.eu\/es\/wp-json\/wp\/v2\/product"}],"about":[{"href":"https:\/\/www.tosunlux.eu\/es\/wp-json\/wp\/v2\/types\/product"}],"version-history":[{"count":0,"href":"https:\/\/www.tosunlux.eu\/es\/wp-json\/wp\/v2\/product\/3034\/revisions"}],"wp:attachment":[{"href":"https:\/\/www.tosunlux.eu\/es\/wp-json\/wp\/v2\/media?parent=3034"}],"wp:term":[{"taxonomy":"product_category","embeddable":true,"href":"https:\/\/www.tosunlux.eu\/es\/wp-json\/wp\/v2\/product_category?post=3034"}],"curies":[{"name":"gracias","href":"https:\/\/api.w.org\/{rel}","templated":true}]}}