{"id":3403,"date":"2022-05-25T18:21:15","date_gmt":"2022-05-25T10:21:15","guid":{"rendered":"https:\/\/www.tosunlux.eu\/?post_type=product&#038;p=3403"},"modified":"2022-06-22T16:57:43","modified_gmt":"2022-06-22T08:57:43","slug":"led-batten-fixture","status":"publish","type":"product","link":"https:\/\/www.tosunlux.eu\/es\/products\/led-batten-fixture\/","title":{"rendered":"Accesorio de list\u00f3n LED"},"content":{"rendered":"<p><\/p>\n\n\n<table style=\"border-collapse: collapse; width: 633.77pt;\" border=\"0\" width=\"845\" cellspacing=\"0\" cellpadding=\"0\">\n<tbody>\n<tr style=\"height: 30.55pt;\">\n<td class=\"et2\" style=\"height: 30.55pt; width: 110.25pt; text-align: center;\" width=\"147\" height=\"40\">Modelo<\/td>\n<td class=\"et2\" style=\"width: 82.5pt; text-align: center;\" width=\"110\">Potencia (LED)<\/td>\n<td class=\"et2\" style=\"width: 150.75pt; text-align: center;\" width=\"201\">Cuerpo material<\/td>\n<td class=\"et2\" style=\"width: 174pt; text-align: center;\" width=\"232\">Soporte<\/td>\n<td class=\"et2\" style=\"width: 116.25pt; text-align: center;\" width=\"155\">Tama\u00f1o<\/td>\n<\/tr>\n<tr style=\"height: 41.00pt;\">\n<td class=\"et2\" style=\"height: 41pt; width: 110.25pt; text-align: center;\" width=\"147\" height=\"54\">TS-CRS-L6<\/td>\n<td class=\"et2\" style=\"width: 82.5pt; text-align: center;\" width=\"110\">9W<\/td>\n<td class=\"et2\" style=\"width: 150.75pt; text-align: center;\" rowspan=\"3\" width=\"201\">Hierro con recubrimiento en polvo<\/td>\n<td class=\"et2\" style=\"width: 174pt; text-align: center;\" rowspan=\"3\" width=\"232\">Soporte de cristal plegable, ABS<\/td>\n<td class=\"et2\" style=\"width: 116.25pt; text-align: center;\" width=\"155\">609x34x50mm<\/td>\n<\/tr>\n<tr style=\"height: 41.00pt;\">\n<td class=\"et2\" style=\"height: 41pt; width: 110.25pt; text-align: center;\" width=\"147\" height=\"54\">TS-CRS-L 9<\/td>\n<td class=\"et2\" style=\"width: 82.5pt; text-align: center;\" width=\"110\">15W<\/td>\n<td class=\"et2\" style=\"width: 116.25pt; text-align: center;\" width=\"155\">912x34x50mm<\/td>\n<\/tr>\n<tr style=\"height: 41.00pt;\">\n<td class=\"et2\" style=\"height: 41pt; width: 110.25pt; text-align: center;\" width=\"147\" height=\"54\">TS-CRS-L12<\/td>\n<td class=\"et2\" style=\"width: 82.5pt; text-align: center;\" width=\"110\">18W<\/td>\n<td class=\"et2\" style=\"width: 116.25pt; text-align: center;\" width=\"155\">1230x34x50mm<\/td>\n<\/tr>\n<\/tbody>\n<\/table>\n\n\n<p><\/p>\n\n\n<table style=\"border-collapse: collapse; width: 633.77pt;\" border=\"0\" width=\"845\" cellspacing=\"0\" cellpadding=\"0\">\n<tbody>\n<tr style=\"height: 47.00pt;\">\n<td class=\"et2\" style=\"height: 47pt; width: 110.25pt; text-align: center;\" width=\"147\" height=\"62\">Modelo<\/td>\n<td class=\"et2\" style=\"width: 82.5pt; text-align: center;\" width=\"110\">Potencia (LED)<\/td>\n<td class=\"et2\" style=\"width: 150.75pt; text-align: center;\" width=\"201\">Cuerpo material<\/td>\n<td class=\"et2\" style=\"width: 174pt; text-align: center;\" width=\"232\">Soporte<\/td>\n<td class=\"et2\" style=\"width: 116.25pt; text-align: center;\" width=\"155\">Tama\u00f1o<\/td>\n<\/tr>\n<tr style=\"height: 47.00pt;\">\n<td class=\"et2\" style=\"height: 47pt; width: 110.25pt; text-align: center;\" width=\"147\" height=\"62\">TS-CRD-L6<\/td>\n<td class=\"et2\" style=\"width: 82.5pt; text-align: center;\" width=\"110\">2x9W<\/td>\n<td class=\"et2\" style=\"width: 150.75pt; text-align: center;\" width=\"201\">Hierro con recubrimiento en polvo<\/td>\n<td class=\"et2\" style=\"width: 174pt; text-align: center;\" width=\"232\">Soporte de cristal plegable, ABS<\/td>\n<td class=\"et2\" style=\"width: 116.25pt; text-align: center;\" width=\"155\">609x34x50mm<\/td>\n<\/tr>\n<tr style=\"height: 47.00pt;\">\n<td class=\"et2\" style=\"height: 47pt; width: 110.25pt; text-align: center;\" width=\"147\" height=\"62\">TS-CRD-L9<\/td>\n<td class=\"et2\" style=\"width: 82.5pt; text-align: center;\" width=\"110\">2x15W<\/td>\n<td class=\"et2\" style=\"width: 150.75pt; text-align: center;\" width=\"201\">Hierro con recubrimiento en polvo<\/td>\n<td class=\"et2\" style=\"width: 174pt; text-align: center;\" width=\"232\">Soporte de cristal plegable, ABS<\/td>\n<td class=\"et2\" style=\"width: 116.25pt; text-align: center;\" width=\"155\">912x34x50mm<\/td>\n<\/tr>\n<tr style=\"height: 47.00pt;\">\n<td class=\"et2\" style=\"height: 47pt; width: 110.25pt; text-align: center;\" width=\"147\" height=\"62\">TS-CRD-L12<\/td>\n<td class=\"et2\" style=\"width: 82.5pt; text-align: center;\" width=\"110\">2x18W<\/td>\n<td class=\"et2\" style=\"width: 150.75pt; text-align: center;\" width=\"201\">Hierro con recubrimiento en polvo<\/td>\n<td class=\"et2\" style=\"width: 174pt; text-align: center;\" width=\"232\">Soporte de cristal plegable, ABS<\/td>\n<td class=\"et2\" style=\"width: 116.25pt; text-align: center;\" width=\"155\">1230x34x50mm<\/td>\n<\/tr>\n<\/tbody>\n<\/table>\n\n\n<p><\/p>\n\n\n<table style=\"border-collapse: collapse; width: 704.27pt;\" border=\"0\" width=\"939\" cellspacing=\"0\" cellpadding=\"0\">\n<tbody>\n<tr style=\"height: 30.45pt;\">\n<td class=\"et2\" style=\"height: 30.45pt; width: 134.9pt; text-align: center;\" width=\"179\" height=\"40\">Modelo<\/td>\n<td class=\"et2\" style=\"width: 128.85pt; text-align: center;\" width=\"171\">Potencia (LED)<\/td>\n<td class=\"et2\" style=\"width: 187.5pt; text-align: center;\" width=\"250\">Cuerpo material<\/td>\n<td class=\"et2\" style=\"width: 137.25pt; text-align: center;\" width=\"183\">Soporte<\/td>\n<td class=\"et2\" style=\"width: 115.9pt; text-align: center;\" width=\"154\">Tama\u00f1o<\/td>\n<\/tr>\n<tr style=\"height: 42.00pt;\">\n<td class=\"et2\" style=\"height: 42pt; width: 134.9pt; text-align: center;\" width=\"179\" height=\"56\">TS-8001S-L6<\/td>\n<td class=\"et2\" style=\"width: 128.85pt; text-align: center;\" width=\"171\">9W<\/td>\n<td class=\"et2\" style=\"width: 187.5pt; text-align: center;\" rowspan=\"3\" width=\"250\">Hierro con recubrimiento en polvo<\/td>\n<td class=\"et2\" style=\"width: 137.25pt; text-align: center;\" rowspan=\"3\" width=\"183\">ABS\/PP integrado<\/td>\n<td class=\"et2\" style=\"width: 115.9pt; text-align: center;\" width=\"154\">620x35x43mm<\/td>\n<\/tr>\n<tr style=\"height: 42.00pt;\">\n<td class=\"et2\" style=\"height: 42pt; width: 134.9pt; text-align: center;\" width=\"179\" height=\"56\">TS-8001S-L12<\/td>\n<td class=\"et2\" style=\"width: 128.85pt; text-align: center;\" width=\"171\">18W<\/td>\n<td class=\"et2\" style=\"width: 115.9pt; text-align: center;\" width=\"154\">1220x35x43mm<\/td>\n<\/tr>\n<tr style=\"height: 42.00pt;\">\n<td class=\"et2\" style=\"height: 42pt; width: 134.9pt; text-align: center;\" width=\"179\" height=\"56\">TS-8001S-L15<\/td>\n<td class=\"et2\" style=\"width: 128.85pt; text-align: center;\" width=\"171\">24W<\/td>\n<td class=\"et2\" style=\"width: 115.9pt; text-align: center;\" width=\"154\">1520x35x43mm<\/td>\n<\/tr>\n<\/tbody>\n<\/table>\n\n\n<p><\/p>\n\n\n<table style=\"border-collapse: collapse; width: 704.27pt;\" border=\"0\" width=\"939\" cellspacing=\"0\" cellpadding=\"0\">\n<tbody>\n<tr style=\"height: 70.50pt;\">\n<td class=\"et2\" style=\"height: 70.5pt; width: 134.9pt; text-align: center;\" width=\"179\" height=\"94\">Modelo<\/td>\n<td class=\"et2\" style=\"width: 128.85pt; text-align: center;\" width=\"171\">Potencia (LED)<\/td>\n<td class=\"et2\" style=\"width: 187.5pt; text-align: center;\" width=\"250\">Cuerpo material<\/td>\n<td class=\"et2\" style=\"width: 137.25pt; text-align: center;\" width=\"183\">Soporte<\/td>\n<td class=\"et2\" style=\"width: 115.9pt; text-align: center;\" width=\"154\">Tama\u00f1o<\/td>\n<\/tr>\n<tr style=\"height: 43.00pt;\">\n<td class=\"et2\" style=\"height: 43pt; width: 134.9pt; text-align: center;\" width=\"179\" height=\"57\">TS-8001D-L6<\/td>\n<td class=\"et2\" style=\"width: 128.85pt; text-align: center;\" width=\"171\">2x9W<\/td>\n<td class=\"et2\" style=\"width: 187.5pt; text-align: center;\" rowspan=\"3\" width=\"250\">Hierro con recubrimiento en polvo<\/td>\n<td class=\"et2\" style=\"width: 137.25pt; text-align: center;\" rowspan=\"3\" width=\"183\">ABS integrado<\/td>\n<td class=\"et2\" style=\"width: 115.9pt; text-align: center;\" width=\"154\">620x35x43mm<\/td>\n<\/tr>\n<tr style=\"height: 43.00pt;\">\n<td class=\"et2\" style=\"height: 43pt; width: 134.9pt; text-align: center;\" width=\"179\" height=\"57\">TS-8001D-L12<\/td>\n<td class=\"et2\" style=\"width: 128.85pt; text-align: center;\" width=\"171\">2x18W<\/td>\n<td class=\"et2\" style=\"width: 115.9pt; text-align: center;\" width=\"154\">1220x35x43mm<\/td>\n<\/tr>\n<tr style=\"height: 43.00pt;\">\n<td class=\"et2\" style=\"height: 43pt; width: 134.9pt; text-align: center;\" width=\"179\" height=\"57\">TS-8001D-L15<\/td>\n<td class=\"et2\" style=\"width: 128.85pt; text-align: center;\" width=\"171\">2x24W<\/td>\n<td class=\"et2\" style=\"width: 115.9pt; text-align: center;\" width=\"154\">1520x35x43mm<\/td>\n<\/tr>\n<\/tbody>\n<\/table>","protected":false},"parent":0,"template":"","product_category":[132],"class_list":["post-3403","product","type-product","status-publish","hentry","product_category-led-tube"],"yoast_head":"<!-- This site is optimized with the Yoast SEO plugin v27.4 - https:\/\/yoast.com\/product\/yoast-seo-wordpress\/ -->\n<title>WholesaleLED Batten Fixture - TOSUNlux Official Site - Electrical Circuit Breaker Manufacturer in China Low Voltage Electrical Supplier | TOSUNlux<\/title>\n<meta name=\"description\" content=\"LED Batten Fixture Supplier - Wholesale direct from TOSUNlux, a trusted manufacturer since 1994. Get your B2B factory quote on our certified Low Voltage electrical products.\" \/>\n<meta name=\"robots\" content=\"index, follow, max-snippet:-1, max-image-preview:large, max-video-preview:-1\" \/>\n<link rel=\"canonical\" href=\"https:\/\/www.tosunlux.eu\/es\/products\/led-batten-fixture\/\" \/>\n<meta property=\"og:locale\" content=\"es_ES\" \/>\n<meta property=\"og:type\" content=\"article\" \/>\n<meta property=\"og:title\" content=\"WholesaleLED Batten Fixture - TOSUNlux Official Site - Electrical Circuit Breaker Manufacturer in China Low Voltage Electrical Supplier | TOSUNlux\" \/>\n<meta property=\"og:description\" content=\"LED Batten Fixture Supplier - Wholesale direct from TOSUNlux, a trusted manufacturer since 1994. Get your B2B factory quote on our certified Low Voltage electrical products.\" \/>\n<meta property=\"og:url\" content=\"https:\/\/www.tosunlux.eu\/es\/products\/led-batten-fixture\/\" \/>\n<meta property=\"og:site_name\" content=\"TOSUNlux Official Site - Electrical Circuit Breaker Manufacturer in China\" \/>\n<meta property=\"article:publisher\" content=\"https:\/\/www.facebook.com\/TOSUNelectric\/\" \/>\n<meta property=\"article:modified_time\" content=\"2022-06-22T08:57:43+00:00\" \/>\n<meta property=\"og:image\" content=\"https:\/\/www.tosunlux.eu\/wp-content\/uploads\/2023\/04\/DSC08160_\u526f\u672c.jpg\" \/>\n\t<meta property=\"og:image:width\" content=\"1500\" \/>\n\t<meta property=\"og:image:height\" content=\"940\" \/>\n\t<meta property=\"og:image:type\" content=\"image\/jpeg\" \/>\n<meta name=\"twitter:card\" content=\"summary_large_image\" \/>\n<meta name=\"twitter:label1\" content=\"Tiempo de lectura\" \/>\n\t<meta name=\"twitter:data1\" content=\"1 minuto\" \/>\n<script type=\"application\/ld+json\" class=\"yoast-schema-graph\">{\"@context\":\"https:\\\/\\\/schema.org\",\"@graph\":[{\"@type\":\"WebPage\",\"@id\":\"https:\\\/\\\/www.tosunlux.eu\\\/products\\\/led-batten-fixture\\\/\",\"url\":\"https:\\\/\\\/www.tosunlux.eu\\\/products\\\/led-batten-fixture\\\/\",\"name\":\"WholesaleLED Batten Fixture - TOSUNlux Official Site - Electrical Circuit Breaker Manufacturer in China Low Voltage Electrical Supplier | TOSUNlux\",\"isPartOf\":{\"@id\":\"https:\\\/\\\/www.tosunlux.eu\\\/ru\\\/#website\"},\"datePublished\":\"2022-05-25T10:21:15+00:00\",\"dateModified\":\"2022-06-22T08:57:43+00:00\",\"description\":\"LED Batten Fixture Supplier - Wholesale direct from TOSUNlux, a trusted manufacturer since 1994. Get your B2B factory quote on our certified Low Voltage electrical products.\",\"breadcrumb\":{\"@id\":\"https:\\\/\\\/www.tosunlux.eu\\\/products\\\/led-batten-fixture\\\/#breadcrumb\"},\"inLanguage\":\"es\",\"potentialAction\":[{\"@type\":\"ReadAction\",\"target\":[\"https:\\\/\\\/www.tosunlux.eu\\\/products\\\/led-batten-fixture\\\/\"]}]},{\"@type\":\"BreadcrumbList\",\"@id\":\"https:\\\/\\\/www.tosunlux.eu\\\/products\\\/led-batten-fixture\\\/#breadcrumb\",\"itemListElement\":[{\"@type\":\"ListItem\",\"position\":1,\"name\":\"Home\",\"item\":\"https:\\\/\\\/www.tosunlux.eu\\\/ru\\\/\"},{\"@type\":\"ListItem\",\"position\":2,\"name\":\"Products\",\"item\":\"https:\\\/\\\/www.tosunlux.eu\\\/products\\\/\"},{\"@type\":\"ListItem\",\"position\":3,\"name\":\"LED Batten Fixture\"}]},{\"@type\":\"WebSite\",\"@id\":\"https:\\\/\\\/www.tosunlux.eu\\\/ru\\\/#website\",\"url\":\"https:\\\/\\\/www.tosunlux.eu\\\/ru\\\/\",\"name\":\"TOSUNlux Official Site - Electrical Circuit Breaker Manufacturer in China\",\"description\":\"Power Distribution System Supplier\",\"publisher\":{\"@id\":\"https:\\\/\\\/www.tosunlux.eu\\\/ru\\\/#organization\"},\"alternateName\":\"TOSUNlux\",\"potentialAction\":[{\"@type\":\"SearchAction\",\"target\":{\"@type\":\"EntryPoint\",\"urlTemplate\":\"https:\\\/\\\/www.tosunlux.eu\\\/ru\\\/?s={search_term_string}\"},\"query-input\":{\"@type\":\"PropertyValueSpecification\",\"valueRequired\":true,\"valueName\":\"search_term_string\"}}],\"inLanguage\":\"es\"},{\"@type\":\"Organization\",\"@id\":\"https:\\\/\\\/www.tosunlux.eu\\\/ru\\\/#organization\",\"name\":\"TOSUNlux\",\"url\":\"https:\\\/\\\/www.tosunlux.eu\\\/ru\\\/\",\"logo\":{\"@type\":\"ImageObject\",\"inLanguage\":\"es\",\"@id\":\"https:\\\/\\\/www.tosunlux.eu\\\/ru\\\/#\\\/schema\\\/logo\\\/image\\\/\",\"url\":\"https:\\\/\\\/www.tosunlux.eu\\\/wp-content\\\/uploads\\\/2022\\\/01\\\/LOGOSYSM.71762f1.png\",\"contentUrl\":\"https:\\\/\\\/www.tosunlux.eu\\\/wp-content\\\/uploads\\\/2022\\\/01\\\/LOGOSYSM.71762f1.png\",\"width\":153,\"height\":55,\"caption\":\"TOSUNlux\"},\"image\":{\"@id\":\"https:\\\/\\\/www.tosunlux.eu\\\/ru\\\/#\\\/schema\\\/logo\\\/image\\\/\"},\"sameAs\":[\"https:\\\/\\\/www.facebook.com\\\/TOSUNelectric\\\/\",\"https:\\\/\\\/www.linkedin.com\\\/company\\\/wenzhou-tosun-electric-co.-ltd\\\/\"]}]}<\/script>\n<!-- \/ Yoast SEO plugin. -->","yoast_head_json":{"title":"WholesaleLED Batten Fixture - TOSUNlux Official Site - Electrical Circuit Breaker Manufacturer in China Low Voltage Electrical Supplier | TOSUNlux","description":"LED Batten Fixture Supplier - Wholesale direct from TOSUNlux, a trusted manufacturer since 1994. Get your B2B factory quote on our certified Low Voltage electrical products.","robots":{"index":"index","follow":"follow","max-snippet":"max-snippet:-1","max-image-preview":"max-image-preview:large","max-video-preview":"max-video-preview:-1"},"canonical":"https:\/\/www.tosunlux.eu\/es\/products\/led-batten-fixture\/","og_locale":"es_ES","og_type":"article","og_title":"WholesaleLED Batten Fixture - TOSUNlux Official Site - Electrical Circuit Breaker Manufacturer in China Low Voltage Electrical Supplier | TOSUNlux","og_description":"LED Batten Fixture Supplier - Wholesale direct from TOSUNlux, a trusted manufacturer since 1994. Get your B2B factory quote on our certified Low Voltage electrical products.","og_url":"https:\/\/www.tosunlux.eu\/es\/products\/led-batten-fixture\/","og_site_name":"TOSUNlux Official Site - Electrical Circuit Breaker Manufacturer in China","article_publisher":"https:\/\/www.facebook.com\/TOSUNelectric\/","article_modified_time":"2022-06-22T08:57:43+00:00","og_image":[{"width":1500,"height":940,"url":"https:\/\/www.tosunlux.eu\/wp-content\/uploads\/2023\/04\/DSC08160_\u526f\u672c.jpg","type":"image\/jpeg"}],"twitter_card":"summary_large_image","twitter_misc":{"Tiempo de lectura":"1 minuto"},"schema":{"@context":"https:\/\/schema.org","@graph":[{"@type":"WebPage","@id":"https:\/\/www.tosunlux.eu\/products\/led-batten-fixture\/","url":"https:\/\/www.tosunlux.eu\/products\/led-batten-fixture\/","name":"WholesaleLED Batten Fixture - TOSUNlux Official Site - Electrical Circuit Breaker Manufacturer in China Low Voltage Electrical Supplier | TOSUNlux","isPartOf":{"@id":"https:\/\/www.tosunlux.eu\/ru\/#website"},"datePublished":"2022-05-25T10:21:15+00:00","dateModified":"2022-06-22T08:57:43+00:00","description":"LED Batten Fixture Supplier - Wholesale direct from TOSUNlux, a trusted manufacturer since 1994. Get your B2B factory quote on our certified Low Voltage electrical products.","breadcrumb":{"@id":"https:\/\/www.tosunlux.eu\/products\/led-batten-fixture\/#breadcrumb"},"inLanguage":"es","potentialAction":[{"@type":"ReadAction","target":["https:\/\/www.tosunlux.eu\/products\/led-batten-fixture\/"]}]},{"@type":"BreadcrumbList","@id":"https:\/\/www.tosunlux.eu\/products\/led-batten-fixture\/#breadcrumb","itemListElement":[{"@type":"ListItem","position":1,"name":"Home","item":"https:\/\/www.tosunlux.eu\/ru\/"},{"@type":"ListItem","position":2,"name":"Products","item":"https:\/\/www.tosunlux.eu\/products\/"},{"@type":"ListItem","position":3,"name":"LED Batten Fixture"}]},{"@type":"WebSite","@id":"https:\/\/www.tosunlux.eu\/ru\/#website","url":"https:\/\/www.tosunlux.eu\/ru\/","name":"Sitio oficial de TOSUNlux - Fabricante de disyuntores el\u00e9ctricos en China","description":"Proveedor de sistemas de distribuci\u00f3n de energ\u00eda","publisher":{"@id":"https:\/\/www.tosunlux.eu\/ru\/#organization"},"alternateName":"TOSUNlux","potentialAction":[{"@type":"SearchAction","target":{"@type":"EntryPoint","urlTemplate":"https:\/\/www.tosunlux.eu\/ru\/?s={search_term_string}"},"query-input":{"@type":"PropertyValueSpecification","valueRequired":true,"valueName":"search_term_string"}}],"inLanguage":"es"},{"@type":"Organization","@id":"https:\/\/www.tosunlux.eu\/ru\/#organization","name":"TOSUNlux","url":"https:\/\/www.tosunlux.eu\/ru\/","logo":{"@type":"ImageObject","inLanguage":"es","@id":"https:\/\/www.tosunlux.eu\/ru\/#\/schema\/logo\/image\/","url":"https:\/\/www.tosunlux.eu\/wp-content\/uploads\/2022\/01\/LOGOSYSM.71762f1.png","contentUrl":"https:\/\/www.tosunlux.eu\/wp-content\/uploads\/2022\/01\/LOGOSYSM.71762f1.png","width":153,"height":55,"caption":"TOSUNlux"},"image":{"@id":"https:\/\/www.tosunlux.eu\/ru\/#\/schema\/logo\/image\/"},"sameAs":["https:\/\/www.facebook.com\/TOSUNelectric\/","https:\/\/www.linkedin.com\/company\/wenzhou-tosun-electric-co.-ltd\/"]}]}},"_links":{"self":[{"href":"https:\/\/www.tosunlux.eu\/es\/wp-json\/wp\/v2\/product\/3403","targetHints":{"allow":["GET"]}}],"collection":[{"href":"https:\/\/www.tosunlux.eu\/es\/wp-json\/wp\/v2\/product"}],"about":[{"href":"https:\/\/www.tosunlux.eu\/es\/wp-json\/wp\/v2\/types\/product"}],"version-history":[{"count":1,"href":"https:\/\/www.tosunlux.eu\/es\/wp-json\/wp\/v2\/product\/3403\/revisions"}],"predecessor-version":[{"id":4173,"href":"https:\/\/www.tosunlux.eu\/es\/wp-json\/wp\/v2\/product\/3403\/revisions\/4173"}],"wp:attachment":[{"href":"https:\/\/www.tosunlux.eu\/es\/wp-json\/wp\/v2\/media?parent=3403"}],"wp:term":[{"taxonomy":"product_category","embeddable":true,"href":"https:\/\/www.tosunlux.eu\/es\/wp-json\/wp\/v2\/product_category?post=3403"}],"curies":[{"name":"gracias","href":"https:\/\/api.w.org\/{rel}","templated":true}]}}