{"id":3475,"date":"2022-06-07T17:15:57","date_gmt":"2022-06-07T09:15:57","guid":{"rendered":"https:\/\/www.tosunlux.eu\/?post_type=product&#038;p=3475"},"modified":"2022-06-08T10:39:10","modified_gmt":"2022-06-08T02:39:10","slug":"pv-combiner-box","status":"publish","type":"product","link":"https:\/\/www.tosunlux.eu\/es\/products\/pv-combiner-box\/","title":{"rendered":"Caja combinadora fotovoltaica"},"content":{"rendered":"<p><strong>Descripci\u00f3n<\/strong><\/p>\n\n\n\n<div class=\"wp-block-group\"><div class=\"wp-block-group__inner-container is-layout-flow wp-block-group-is-layout-flow\">\n<ul class=\"wp-block-list\"><li>Alta confiabilidad<\/li><\/ul>\n\n\n\n<p>  Con dispositivo de protecci\u00f3n contra sobretensiones de CC<\/p>\n\n\n\n<p>Con fusible de CC<\/p>\n\n\n\n<p>  Con disyuntor de CC o interruptor de aislamiento de carga de CC.<\/p>\n<\/div><\/div>\n\n\n\n<ul class=\"wp-block-list\"><li>Fuerte adaptabilidad<\/li><\/ul>\n\n\n\n<p>            Dise\u00f1o IP65, impermeable, antipolvo y anti ultravioleta.<\/p>\n\n\n\n<p>           Prueba estricta para alta y baja temperatura, ampliamente utilizada.<\/p>\n\n\n\n<p>           La instalaci\u00f3n simple, el cableado del sistema simplificado, el cableado conveniente.<\/p>\n\n\n\n<p>           El cuerpo de la caja est\u00e1 hecho de acero laminado en fr\u00edo y otros materiales met\u00e1licos.<\/p>\n\n\n\n<p class=\"has-text-align-left\">           Configuraci\u00f3n flexible<\/p>\n\n\n\n<ul class=\"wp-block-list\"><li>Se utiliza para m\u00f3dulos solares de silicio monocristalino, m\u00f3dulos solares de silicio policristalino, m\u00f3dulos solares de pel\u00edcula delgada. Se modifica la clasificaci\u00f3n actual del fusible fotovoltaico, disyuntor, interruptor de aislamiento de carga<\/li><\/ul>\n\n\n<p><strong>Especificaci\u00f3n<\/strong><\/p>\n<table width=\"1364\">\n<tbody>\n<tr>\n<td style=\"text-align: center;\" colspan=\"3\" width=\"361\">Modelo<\/td>\n<td style=\"text-align: center;\" width=\"125\">\u00a0\u00a0\u00a0\u00a0\u00a0 TS-PV01<\/td>\n<td style=\"text-align: center;\" width=\"124\">\u00a0\u00a0\u00a0\u00a0\u00a0 TS-PV02<\/td>\n<td style=\"text-align: center;\" width=\"125\">\u00a0\u00a0\u00a0\u00a0\u00a0 TS-PV03<\/td>\n<td style=\"text-align: center;\" width=\"128\">TS-PV06<\/td>\n<td style=\"text-align: center;\" width=\"125\">TS-PV08<\/td>\n<td style=\"text-align: center;\" width=\"125\">TS-PV10<\/td>\n<td width=\"124\">TS-PV12<\/td>\n<td width=\"122\">TS-PV16<\/td>\n<\/tr>\n<tr>\n<td style=\"text-align: center;\" colspan=\"11\" width=\"1364\">Par\u00e1metro el\u00e9ctrico<\/td>\n<\/tr>\n<tr>\n<td style=\"text-align: center;\" colspan=\"3\" width=\"361\">Voltaje de CC m\u00e1ximo del sistema<\/td>\n<td style=\"text-align: center;\" colspan=\"3\" width=\"376\">550\/1000V<\/td>\n<td style=\"text-align: center;\" colspan=\"5\" width=\"626\">1000V<\/td>\n<\/tr>\n<tr>\n<td style=\"text-align: center;\" colspan=\"3\" width=\"361\">Corriente de entrada m\u00e1xima para cada cadena<\/td>\n<td style=\"text-align: center;\" colspan=\"8\" width=\"1003\">15A<\/td>\n<\/tr>\n<tr>\n<td style=\"text-align: center;\" colspan=\"3\" width=\"361\">Cadenas de entrada m\u00e1ximas<\/td>\n<td style=\"text-align: center;\" width=\"125\">1<\/td>\n<td style=\"text-align: center;\" width=\"124\">2<\/td>\n<td style=\"text-align: center;\" width=\"125\">4<\/td>\n<td style=\"text-align: center;\" width=\"128\">6<\/td>\n<td style=\"text-align: center;\">8<\/td>\n<td style=\"text-align: center;\">10<\/td>\n<td style=\"text-align: center;\">12<\/td>\n<td style=\"text-align: center;\">16<\/td>\n<\/tr>\n<tr>\n<td style=\"text-align: center;\" colspan=\"3\" width=\"361\">Corriente m\u00e1xima de salida<\/td>\n<td style=\"text-align: center;\" width=\"125\">16A\/20A<\/td>\n<td style=\"text-align: center;\" width=\"124\">20A\/32A<\/td>\n<td style=\"text-align: center;\" width=\"125\">50A\/63A<\/td>\n<td style=\"text-align: center;\" width=\"128\">100A<\/td>\n<td style=\"text-align: center;\">\u00a0\u00a0\u00a0\u00a0\u00a0\u00a0\u00a0\u00a0\u00a0\u00a0\u00a0\u00a0 125A<\/td>\n<td style=\"text-align: center;\">\u00a0\u00a0\u00a0\u00a0\u00a0\u00a0\u00a0\u00a0\u00a0\u00a0\u00a0\u00a0\u00a0 160A<\/td>\n<td style=\"text-align: center;\">\u00a0\u00a0\u00a0\u00a0\u00a0\u00a0\u00a0\u00a0\u00a0\u00a0\u00a0\u00a0 160A<\/td>\n<td style=\"text-align: center;\">\u00a0\u00a0\u00a0\u00a0\u00a0\u00a0\u00a0\u00a0\u00a0\u00a0\u00a0\u00a0\u00a0 200A<\/td>\n<\/tr>\n<tr>\n<td style=\"text-align: center;\" colspan=\"11\" width=\"1364\">protecci\u00f3n contra rayos<\/td>\n<\/tr>\n<tr>\n<td style=\"text-align: center;\" colspan=\"3\" width=\"361\">Categor\u00eda de prueba<\/td>\n<td style=\"text-align: center;\" colspan=\"8\" width=\"1003\">protecci\u00f3n de grado II<\/td>\n<\/tr>\n<tr>\n<td style=\"text-align: center;\" colspan=\"3\" width=\"361\">Corriente de descarga nominal<\/td>\n<td style=\"text-align: center;\" colspan=\"8\" width=\"1003\">20KA<\/td>\n<\/tr>\n<tr>\n<td style=\"text-align: center;\" colspan=\"3\" width=\"361\">Corriente m\u00e1xima de descarga<\/td>\n<td style=\"text-align: center;\" colspan=\"8\" width=\"1003\">40KA<\/td>\n<\/tr>\n<tr>\n<td style=\"text-align: center;\" colspan=\"3\" width=\"361\">Nivel de protecci\u00f3n de voltaje<\/td>\n<td style=\"text-align: center;\" colspan=\"3\" width=\"376\">2.8KV\/3.8KV<\/td>\n<td style=\"text-align: center;\" colspan=\"5\" width=\"626\">3.8KV<\/td>\n<\/tr>\n<tr>\n<td style=\"text-align: center;\" colspan=\"3\" width=\"361\">Tensi\u00f3n m\u00e1xima de funcionamiento continuo Uc<\/td>\n<td style=\"text-align: center;\" colspan=\"3\" width=\"376\">630KV\/1050KV<\/td>\n<td style=\"text-align: center;\" colspan=\"5\" width=\"626\">1050 KV<\/td>\n<\/tr>\n<tr>\n<td style=\"text-align: center;\" colspan=\"3\" width=\"361\">polacos<\/td>\n<td style=\"text-align: center;\" colspan=\"3\" width=\"376\">2P\/3P<\/td>\n<td style=\"text-align: center;\" colspan=\"5\" width=\"626\">3P<\/td>\n<\/tr>\n<tr>\n<td style=\"text-align: center;\" colspan=\"3\" width=\"361\">Caracter\u00edstica de la estructura<\/td>\n<td style=\"text-align: center;\" colspan=\"8\" width=\"1003\">Enchufe-m\u00f3dulo de empuje<\/td>\n<\/tr>\n<tr>\n<td style=\"text-align: center;\" colspan=\"11\" width=\"1364\">Sistema<\/td>\n<\/tr>\n<tr>\n<td style=\"text-align: center;\" colspan=\"3\" width=\"361\">Grado de protecci\u00f3n<\/td>\n<td style=\"text-align: center;\" colspan=\"8\" width=\"1003\">IP65<\/td>\n<\/tr>\n<tr>\n<td style=\"text-align: center;\" colspan=\"3\" width=\"361\">Dispositivo de salida<\/td>\n<td style=\"text-align: center;\" colspan=\"4\" width=\"504\">Disyuntor de CC (est\u00e1ndar)\/interruptor de aislamiento de CC (opcional)<\/td>\n<td style=\"text-align: center;\" colspan=\"4\">Disyuntor de CC<\/td>\n<\/tr>\n<tr>\n<td style=\"text-align: center;\" colspan=\"3\" width=\"361\">Conectores impermeables<\/td>\n<td style=\"text-align: center;\" colspan=\"8\" width=\"1003\">Est\u00e1ndar<\/td>\n<\/tr>\n<tr>\n<td style=\"text-align: center;\" colspan=\"3\" width=\"361\">Fusible fotovoltaico de CC<\/td>\n<td style=\"text-align: center;\" colspan=\"8\" width=\"1003\">Est\u00e1ndar<\/td>\n<\/tr>\n<tr>\n<td style=\"text-align: center;\" colspan=\"3\" width=\"361\">protector contra sobretensiones fotovoltaica<\/td>\n<td style=\"text-align: center;\" colspan=\"8\" width=\"1003\">Est\u00e1ndar<\/td>\n<\/tr>\n<tr>\n<td style=\"text-align: center;\" colspan=\"3\" width=\"361\">Diodo de prevenci\u00f3n<\/td>\n<td style=\"text-align: center;\" colspan=\"4\" width=\"504\">\u2014<\/td>\n<td style=\"text-align: center;\" colspan=\"4\">Opcional<\/td>\n<\/tr>\n<tr>\n<td style=\"text-align: center;\" colspan=\"3\" width=\"361\">material de la caja<\/td>\n<td style=\"text-align: center;\" colspan=\"4\" width=\"504\">ABS+PC<\/td>\n<td style=\"text-align: center;\" colspan=\"4\">Metal<\/td>\n<\/tr>\n<tr>\n<td style=\"text-align: center;\" colspan=\"3\" width=\"361\">Metodo de instalacion<\/td>\n<td style=\"text-align: center;\" colspan=\"8\" width=\"1003\">Tipo de montaje en pared<\/td>\n<\/tr>\n<tr>\n<td style=\"text-align: center;\" colspan=\"3\" width=\"361\">Temperatura de funcionamiento<\/td>\n<td style=\"text-align: center;\" colspan=\"8\" width=\"1003\">-25\u00b0C~+55\u00b0C<\/td>\n<\/tr>\n<tr>\n<td style=\"text-align: center;\" colspan=\"3\" width=\"361\">Elevaci\u00f3n de la temperatura<\/td>\n<td style=\"text-align: center;\" colspan=\"8\" width=\"1003\">2000M<\/td>\n<\/tr>\n<tr>\n<td style=\"text-align: center;\" colspan=\"3\" width=\"361\">Humedad relativa admisible<\/td>\n<td style=\"text-align: center;\" colspan=\"8\" width=\"1003\">0-95%, sin condensaci\u00f3n<\/td>\n<\/tr>\n<\/tbody>\n<\/table>","protected":false},"parent":0,"template":"","product_category":[116],"class_list":["post-3475","product","type-product","status-publish","hentry","product_category-solar-combiner-box"],"yoast_head":"<!-- This site is optimized with the Yoast SEO plugin v27.5 - https:\/\/yoast.com\/product\/yoast-seo-wordpress\/ -->\n<title>WholesalePV Combiner Box - TOSUNlux Official Site - Electrical Circuit Breaker Manufacturer in China Low Voltage Electrical Supplier | TOSUNlux<\/title>\n<meta name=\"description\" content=\"PV Combiner Box Supplier - Wholesale direct from TOSUNlux, a trusted manufacturer since 1994. Get your B2B factory quote on our certified Low Voltage electrical products.\" \/>\n<meta name=\"robots\" content=\"index, follow, max-snippet:-1, max-image-preview:large, max-video-preview:-1\" \/>\n<link rel=\"canonical\" href=\"https:\/\/www.tosunlux.eu\/es\/products\/pv-combiner-box\/\" \/>\n<meta property=\"og:locale\" content=\"es_ES\" \/>\n<meta property=\"og:type\" content=\"article\" \/>\n<meta property=\"og:title\" content=\"WholesalePV Combiner Box - TOSUNlux Official Site - Electrical Circuit Breaker Manufacturer in China Low Voltage Electrical Supplier | TOSUNlux\" \/>\n<meta property=\"og:description\" content=\"PV Combiner Box Supplier - Wholesale direct from TOSUNlux, a trusted manufacturer since 1994. Get your B2B factory quote on our certified Low Voltage electrical products.\" \/>\n<meta property=\"og:url\" content=\"https:\/\/www.tosunlux.eu\/es\/products\/pv-combiner-box\/\" \/>\n<meta property=\"og:site_name\" content=\"TOSUNlux Official Site - Electrical Circuit Breaker Manufacturer in China\" \/>\n<meta property=\"article:publisher\" content=\"https:\/\/www.facebook.com\/TOSUNelectric\/\" \/>\n<meta property=\"article:modified_time\" content=\"2022-06-08T02:39:10+00:00\" \/>\n<meta property=\"og:image\" content=\"https:\/\/www.tosunlux.eu\/wp-content\/uploads\/2023\/04\/DSC08160_\u526f\u672c.jpg\" \/>\n\t<meta property=\"og:image:width\" content=\"1500\" \/>\n\t<meta property=\"og:image:height\" content=\"940\" \/>\n\t<meta property=\"og:image:type\" content=\"image\/jpeg\" \/>\n<meta name=\"twitter:card\" content=\"summary_large_image\" \/>\n<meta name=\"twitter:label1\" content=\"Tiempo de lectura\" \/>\n\t<meta name=\"twitter:data1\" content=\"1 minuto\" \/>\n<script type=\"application\/ld+json\" class=\"yoast-schema-graph\">{\"@context\":\"https:\\\/\\\/schema.org\",\"@graph\":[{\"@type\":\"WebPage\",\"@id\":\"https:\\\/\\\/www.tosunlux.eu\\\/ur\\\/products\\\/pv-combiner-box\\\/\",\"url\":\"https:\\\/\\\/www.tosunlux.eu\\\/ur\\\/products\\\/pv-combiner-box\\\/\",\"name\":\"WholesalePV Combiner Box - TOSUNlux Official Site - Electrical Circuit Breaker Manufacturer in China Low Voltage Electrical Supplier | TOSUNlux\",\"isPartOf\":{\"@id\":\"https:\\\/\\\/www.tosunlux.eu\\\/ru\\\/#website\"},\"datePublished\":\"2022-06-07T09:15:57+00:00\",\"dateModified\":\"2022-06-08T02:39:10+00:00\",\"description\":\"PV Combiner Box Supplier - Wholesale direct from TOSUNlux, a trusted manufacturer since 1994. Get your B2B factory quote on our certified Low Voltage electrical products.\",\"breadcrumb\":{\"@id\":\"https:\\\/\\\/www.tosunlux.eu\\\/ur\\\/products\\\/pv-combiner-box\\\/#breadcrumb\"},\"inLanguage\":\"es\",\"potentialAction\":[{\"@type\":\"ReadAction\",\"target\":[\"https:\\\/\\\/www.tosunlux.eu\\\/ur\\\/products\\\/pv-combiner-box\\\/\"]}]},{\"@type\":\"BreadcrumbList\",\"@id\":\"https:\\\/\\\/www.tosunlux.eu\\\/ur\\\/products\\\/pv-combiner-box\\\/#breadcrumb\",\"itemListElement\":[{\"@type\":\"ListItem\",\"position\":1,\"name\":\"Home\",\"item\":\"https:\\\/\\\/www.tosunlux.eu\\\/ru\\\/\"},{\"@type\":\"ListItem\",\"position\":2,\"name\":\"Products\",\"item\":\"https:\\\/\\\/www.tosunlux.eu\\\/products\\\/\"},{\"@type\":\"ListItem\",\"position\":3,\"name\":\"PV Combiner Box\"}]},{\"@type\":\"WebSite\",\"@id\":\"https:\\\/\\\/www.tosunlux.eu\\\/ru\\\/#website\",\"url\":\"https:\\\/\\\/www.tosunlux.eu\\\/ru\\\/\",\"name\":\"TOSUNlux Official Site - Electrical Circuit Breaker Manufacturer in China\",\"description\":\"Power Distribution System Supplier\",\"publisher\":{\"@id\":\"https:\\\/\\\/www.tosunlux.eu\\\/ru\\\/#organization\"},\"alternateName\":\"TOSUNlux\",\"potentialAction\":[{\"@type\":\"SearchAction\",\"target\":{\"@type\":\"EntryPoint\",\"urlTemplate\":\"https:\\\/\\\/www.tosunlux.eu\\\/ru\\\/?s={search_term_string}\"},\"query-input\":{\"@type\":\"PropertyValueSpecification\",\"valueRequired\":true,\"valueName\":\"search_term_string\"}}],\"inLanguage\":\"es\"},{\"@type\":\"Organization\",\"@id\":\"https:\\\/\\\/www.tosunlux.eu\\\/ru\\\/#organization\",\"name\":\"TOSUNlux\",\"url\":\"https:\\\/\\\/www.tosunlux.eu\\\/ru\\\/\",\"logo\":{\"@type\":\"ImageObject\",\"inLanguage\":\"es\",\"@id\":\"https:\\\/\\\/www.tosunlux.eu\\\/ru\\\/#\\\/schema\\\/logo\\\/image\\\/\",\"url\":\"https:\\\/\\\/www.tosunlux.eu\\\/wp-content\\\/uploads\\\/2022\\\/01\\\/LOGOSYSM.71762f1.png\",\"contentUrl\":\"https:\\\/\\\/www.tosunlux.eu\\\/wp-content\\\/uploads\\\/2022\\\/01\\\/LOGOSYSM.71762f1.png\",\"width\":153,\"height\":55,\"caption\":\"TOSUNlux\"},\"image\":{\"@id\":\"https:\\\/\\\/www.tosunlux.eu\\\/ru\\\/#\\\/schema\\\/logo\\\/image\\\/\"},\"sameAs\":[\"https:\\\/\\\/www.facebook.com\\\/TOSUNelectric\\\/\",\"https:\\\/\\\/www.linkedin.com\\\/company\\\/wenzhou-tosun-electric-co.-ltd\\\/\"]}]}<\/script>\n<!-- \/ Yoast SEO plugin. -->","yoast_head_json":{"title":"Caja combinadora fotovoltaica al por mayor - Sitio oficial de TOSUNlux - Fabricante de disyuntores el\u00e9ctricos en China, proveedor de equipos el\u00e9ctricos de bajo voltaje | TOSUNlux","description":"Proveedor de cajas combinadoras fotovoltaicas: venta al por mayor directa de TOSUNlux, un fabricante confiable desde 1994. Obtenga su cotizaci\u00f3n de f\u00e1brica B2B para nuestros productos el\u00e9ctricos de bajo voltaje certificados.","robots":{"index":"index","follow":"follow","max-snippet":"max-snippet:-1","max-image-preview":"max-image-preview:large","max-video-preview":"max-video-preview:-1"},"canonical":"https:\/\/www.tosunlux.eu\/es\/products\/pv-combiner-box\/","og_locale":"es_ES","og_type":"article","og_title":"WholesalePV Combiner Box - TOSUNlux Official Site - Electrical Circuit Breaker Manufacturer in China Low Voltage Electrical Supplier | TOSUNlux","og_description":"PV Combiner Box Supplier - Wholesale direct from TOSUNlux, a trusted manufacturer since 1994. Get your B2B factory quote on our certified Low Voltage electrical products.","og_url":"https:\/\/www.tosunlux.eu\/es\/products\/pv-combiner-box\/","og_site_name":"TOSUNlux Official Site - Electrical Circuit Breaker Manufacturer in China","article_publisher":"https:\/\/www.facebook.com\/TOSUNelectric\/","article_modified_time":"2022-06-08T02:39:10+00:00","og_image":[{"width":1500,"height":940,"url":"https:\/\/www.tosunlux.eu\/wp-content\/uploads\/2023\/04\/DSC08160_\u526f\u672c.jpg","type":"image\/jpeg"}],"twitter_card":"summary_large_image","twitter_misc":{"Tiempo de lectura":"1 minuto"},"schema":{"@context":"https:\/\/schema.org","@graph":[{"@type":"WebPage","@id":"https:\/\/www.tosunlux.eu\/ur\/products\/pv-combiner-box\/","url":"https:\/\/www.tosunlux.eu\/ur\/products\/pv-combiner-box\/","name":"Caja combinadora fotovoltaica al por mayor - Sitio oficial de TOSUNlux - Fabricante de disyuntores el\u00e9ctricos en China, proveedor de equipos el\u00e9ctricos de bajo voltaje | TOSUNlux","isPartOf":{"@id":"https:\/\/www.tosunlux.eu\/ru\/#website"},"datePublished":"2022-06-07T09:15:57+00:00","dateModified":"2022-06-08T02:39:10+00:00","description":"Proveedor de cajas combinadoras fotovoltaicas: venta al por mayor directa de TOSUNlux, un fabricante confiable desde 1994. Obtenga su cotizaci\u00f3n de f\u00e1brica B2B para nuestros productos el\u00e9ctricos de bajo voltaje certificados.","breadcrumb":{"@id":"https:\/\/www.tosunlux.eu\/ur\/products\/pv-combiner-box\/#breadcrumb"},"inLanguage":"es","potentialAction":[{"@type":"ReadAction","target":["https:\/\/www.tosunlux.eu\/ur\/products\/pv-combiner-box\/"]}]},{"@type":"BreadcrumbList","@id":"https:\/\/www.tosunlux.eu\/ur\/products\/pv-combiner-box\/#breadcrumb","itemListElement":[{"@type":"ListItem","position":1,"name":"Home","item":"https:\/\/www.tosunlux.eu\/ru\/"},{"@type":"ListItem","position":2,"name":"Products","item":"https:\/\/www.tosunlux.eu\/products\/"},{"@type":"ListItem","position":3,"name":"PV Combiner Box"}]},{"@type":"WebSite","@id":"https:\/\/www.tosunlux.eu\/ru\/#website","url":"https:\/\/www.tosunlux.eu\/ru\/","name":"Sitio oficial de TOSUNlux - Fabricante de disyuntores el\u00e9ctricos en China","description":"Proveedor de sistemas de distribuci\u00f3n de energ\u00eda","publisher":{"@id":"https:\/\/www.tosunlux.eu\/ru\/#organization"},"alternateName":"TOSUNlux","potentialAction":[{"@type":"SearchAction","target":{"@type":"EntryPoint","urlTemplate":"https:\/\/www.tosunlux.eu\/ru\/?s={search_term_string}"},"query-input":{"@type":"PropertyValueSpecification","valueRequired":true,"valueName":"search_term_string"}}],"inLanguage":"es"},{"@type":"Organization","@id":"https:\/\/www.tosunlux.eu\/ru\/#organization","name":"TOSUNlux","url":"https:\/\/www.tosunlux.eu\/ru\/","logo":{"@type":"ImageObject","inLanguage":"es","@id":"https:\/\/www.tosunlux.eu\/ru\/#\/schema\/logo\/image\/","url":"https:\/\/www.tosunlux.eu\/wp-content\/uploads\/2022\/01\/LOGOSYSM.71762f1.png","contentUrl":"https:\/\/www.tosunlux.eu\/wp-content\/uploads\/2022\/01\/LOGOSYSM.71762f1.png","width":153,"height":55,"caption":"TOSUNlux"},"image":{"@id":"https:\/\/www.tosunlux.eu\/ru\/#\/schema\/logo\/image\/"},"sameAs":["https:\/\/www.facebook.com\/TOSUNelectric\/","https:\/\/www.linkedin.com\/company\/wenzhou-tosun-electric-co.-ltd\/"]}]}},"_links":{"self":[{"href":"https:\/\/www.tosunlux.eu\/es\/wp-json\/wp\/v2\/product\/3475","targetHints":{"allow":["GET"]}}],"collection":[{"href":"https:\/\/www.tosunlux.eu\/es\/wp-json\/wp\/v2\/product"}],"about":[{"href":"https:\/\/www.tosunlux.eu\/es\/wp-json\/wp\/v2\/types\/product"}],"version-history":[{"count":1,"href":"https:\/\/www.tosunlux.eu\/es\/wp-json\/wp\/v2\/product\/3475\/revisions"}],"predecessor-version":[{"id":10966,"href":"https:\/\/www.tosunlux.eu\/es\/wp-json\/wp\/v2\/product\/3475\/revisions\/10966"}],"wp:attachment":[{"href":"https:\/\/www.tosunlux.eu\/es\/wp-json\/wp\/v2\/media?parent=3475"}],"wp:term":[{"taxonomy":"product_category","embeddable":true,"href":"https:\/\/www.tosunlux.eu\/es\/wp-json\/wp\/v2\/product_category?post=3475"}],"curies":[{"name":"gracias","href":"https:\/\/api.w.org\/{rel}","templated":true}]}}