{"id":3526,"date":"2022-06-09T13:26:18","date_gmt":"2022-06-09T05:26:18","guid":{"rendered":"https:\/\/www.tosunlux.eu\/?post_type=product&#038;p=3526"},"modified":"2025-04-05T01:27:20","modified_gmt":"2025-04-04T17:27:20","slug":"dc-residual-current-circuit-breaker","status":"publish","type":"product","link":"https:\/\/www.tosunlux.eu\/es\/products\/dc-residual-current-circuit-breaker\/","title":{"rendered":"Disyuntor de corriente residual de CC"},"content":{"rendered":"<p><strong>Funci\u00f3n<\/strong><\/p>\n\n\n\n<p>TSL3-63B es un tipo de disyuntor con actualizaci\u00f3n completa de detecci\u00f3n de corriente residual, basado en RCCB de tipo A actual. No solo puede proteger eficazmente la CA y la CC pulsante (tipo A), la posible corriente residual compuesta (tipo F), sino tambi\u00e9n suavizar la CC y la corriente residual de alta frecuencia (1 KHz). En un circuito que consta de rectificador, inversor, inversor de frecuencia, etc., la corriente de fuga causada en el circuito de bucle de CC se puede detectar y proteger de manera efectiva.<\/p>\n\n\n\n<p><strong>Solicitud<\/strong><\/p>\n\n\n\n<p>Industria, m\u00e9dica, cargador EV, ascensor, etc.<\/p>\n\n\n\n<p>Cumple con el est\u00e1ndar: IEC\/EN61008-1, IEC\/EN62423<\/p>\n\n\n\n<p>Tipo de corriente residual de detecci\u00f3n: AC+A+ suavizado DC +F+ se\u00f1al de alta frecuencia (1KHz)<\/p>\n\n\n<p><strong>Especificaci\u00f3n<\/strong><\/p>\n<table style=\"border-collapse: collapse; width: 467.27pt;\" border=\"0\" width=\"623\" cellspacing=\"0\" cellpadding=\"0\">\n<tbody>\n<tr style=\"height: 17.00pt;\">\n<td class=\"et2\" style=\"height: 17pt; width: 224.2pt; text-align: center;\" width=\"298\" height=\"22\">Tensi\u00f3n nominal<\/td>\n<td class=\"et2\" style=\"width: 243.65pt; text-align: center;\" colspan=\"2\" width=\"324\">240V~1P+N\uff0c415V~3P+N<\/td>\n<\/tr>\n<tr style=\"height: 18.00pt;\">\n<td class=\"et2\" style=\"height: 18pt; width: 224.2pt; text-align: center;\" width=\"298\" height=\"24\">Corriente nominal<\/td>\n<td class=\"et2\" style=\"width: 243.65pt; text-align: center;\" colspan=\"2\" width=\"324\">16A, 25A, 32A, 40A, 63A<\/td>\n<\/tr>\n<tr style=\"height: 17.00pt;\">\n<td class=\"et2\" style=\"height: 17pt; width: 224.2pt; text-align: center;\" width=\"298\" height=\"22\">Corriente operativa residual nominal<\/td>\n<td class=\"et2\" style=\"width: 243.65pt; text-align: center;\" colspan=\"2\" width=\"324\">0.03A, 0.1A, 0.3A<\/td>\n<\/tr>\n<tr style=\"height: 18.00pt;\">\n<td class=\"et2\" style=\"height: 18pt; width: 224.2pt; text-align: center;\" width=\"298\" height=\"24\">polacos<\/td>\n<td class=\"et4\" style=\"width: 243.65pt; border-right: 0.5pt solid #000000; text-align: center;\" colspan=\"2\" width=\"324\">1P+N,3P+N<\/td>\n<\/tr>\n<tr style=\"height: 34.00pt;\">\n<td class=\"et2\" style=\"height: 34pt; width: 224.2pt; text-align: center;\" width=\"298\" height=\"45\">Tipo de corriente residual<\/td>\n<td class=\"et2\" style=\"width: 243.65pt; text-align: center;\" colspan=\"2\" width=\"324\">Tipo B (AC+A+ suavizado DC +F+ se\u00f1al de alta frecuencia 1KHz)<\/td>\n<\/tr>\n<tr style=\"height: 18.00pt;\">\n<td class=\"et2\" style=\"height: 18pt; width: 224.2pt; text-align: center;\" width=\"298\" height=\"24\">Corriente nominal de cortocircuito limitada<\/td>\n<td class=\"et2\" style=\"width: 243.65pt; text-align: center;\" colspan=\"2\" width=\"324\">10000A<\/td>\n<\/tr>\n<tr style=\"height: 17.00pt;\">\n<td class=\"et2\" style=\"height: 17pt; width: 224.2pt; text-align: center;\" width=\"298\" height=\"22\">Capacidad nominal de cierre y ruptura<\/td>\n<td class=\"et2\" style=\"width: 243.65pt; text-align: center;\" colspan=\"2\" width=\"324\">1000A<\/td>\n<\/tr>\n<tr style=\"height: 18.00pt;\">\n<td class=\"et2\" style=\"height: 18pt; width: 224.2pt; text-align: center;\" width=\"298\" height=\"24\">Residual clasificado que hace y que se rompe con capacidad<\/td>\n<td class=\"et2\" style=\"width: 243.65pt; text-align: center;\" colspan=\"2\" width=\"324\">1000A<\/td>\n<\/tr>\n<tr style=\"height: 17.00pt;\">\n<td class=\"et2\" style=\"height: 17pt; width: 224.2pt; text-align: center;\" width=\"298\" height=\"22\">Tensi\u00f3n nominal de aislamiento<\/td>\n<td class=\"et2\" style=\"width: 243.65pt; text-align: center;\" colspan=\"2\" width=\"324\">1P+N:250V 3P+N:500V<\/td>\n<\/tr>\n<tr style=\"height: 18.00pt;\">\n<td class=\"et2\" style=\"height: 18pt; width: 224.2pt; text-align: center;\" width=\"298\" height=\"24\">Tensi\u00f3n soportada de impulso nominal<\/td>\n<td class=\"et2\" style=\"width: 243.65pt; text-align: center;\" colspan=\"2\" width=\"324\">4000V<\/td>\n<\/tr>\n<tr style=\"height: 17.00pt;\">\n<td class=\"et2\" style=\"height: 17pt; width: 224.2pt; text-align: center;\" width=\"298\" height=\"22\">Vida el\u00e9ctrica<\/td>\n<td class=\"et2\" style=\"width: 243.65pt; text-align: center;\" colspan=\"2\" width=\"324\">2000 veces<\/td>\n<\/tr>\n<tr style=\"height: 17.00pt;\">\n<td class=\"et2\" style=\"height: 17pt; width: 224.2pt; text-align: center;\" width=\"298\" height=\"22\">vida mecanica<\/td>\n<td class=\"et2\" style=\"width: 243.65pt; text-align: center;\" colspan=\"2\" width=\"324\">10000 veces<\/td>\n<\/tr>\n<tr style=\"height: 18.00pt;\">\n<td class=\"et2\" style=\"height: 18pt; width: 224.2pt; text-align: center;\" width=\"298\" height=\"24\">Temperatura ambiente operada<\/td>\n<td class=\"et2\" style=\"width: 243.65pt; text-align: center;\" colspan=\"2\" width=\"324\">-25~+40\u2103<\/td>\n<\/tr>\n<tr style=\"height: 17.00pt;\">\n<td class=\"et2\" style=\"height: 17pt; width: 224.2pt; text-align: center;\" width=\"298\" height=\"22\">Temperatura ambiente almacenada<\/td>\n<td class=\"et2\" style=\"width: 243.65pt; text-align: center;\" colspan=\"2\" width=\"324\">-25~+70\u2103<\/td>\n<\/tr>\n<tr style=\"height: 18.00pt;\">\n<td class=\"et2\" style=\"height: 18pt; width: 224.2pt; text-align: center;\" width=\"298\" height=\"24\">Par de apriete<\/td>\n<td class=\"et4\" style=\"width: 243.65pt; border-right: 0.5pt solid #000000; text-align: center;\" colspan=\"2\" width=\"324\">3N.m<\/td>\n<\/tr>\n<tr style=\"height: 17.00pt;\">\n<td class=\"et2\" style=\"height: 17pt; width: 224.2pt; text-align: center;\" width=\"298\" height=\"22\">Capacidad de conexi\u00f3n<\/td>\n<td class=\"et4\" style=\"width: 243.65pt; border-right: 0.5pt solid #000000; text-align: center;\" colspan=\"2\" width=\"324\">16 mm\u00b2<\/td>\n<\/tr>\n<tr style=\"height: 18.00pt;\">\n<td class=\"et2\" style=\"height: 18pt; width: 224.2pt; text-align: center;\" width=\"298\" height=\"24\">Nivel de contaminaci\u00f3n<\/td>\n<td class=\"et2\" style=\"width: 243.65pt; text-align: center;\" colspan=\"2\" width=\"324\">2<\/td>\n<\/tr>\n<tr style=\"height: 17.00pt;\">\n<td class=\"et2\" style=\"height: 17pt; width: 224.2pt; text-align: center;\" width=\"298\" height=\"22\">Nivel de protecci\u00f3n<\/td>\n<td class=\"et2\" style=\"width: 243.65pt; text-align: center;\" colspan=\"2\" width=\"324\">IP20<\/td>\n<\/tr>\n<\/tbody>\n<\/table>\n<p><strong>Dimensiones<\/strong><\/p>\n<p>\u00a0<\/p>\n\n\n<figure class=\"wp-block-image size-large is-style-default\"><img fetchpriority=\"high\" decoding=\"async\" width=\"1024\" height=\"467\" src=\"https:\/\/www.tosunlux.eu\/wp-content\/uploads\/2022\/06\/dimensions-big-1-1024x467.jpg\" alt=\"\" class=\"wp-image-3543\" srcset=\"https:\/\/www.tosunlux.eu\/wp-content\/uploads\/2022\/06\/dimensions-big-1-1024x467.jpg 1024w, https:\/\/www.tosunlux.eu\/wp-content\/uploads\/2022\/06\/dimensions-big-1-300x137.jpg 300w, https:\/\/www.tosunlux.eu\/wp-content\/uploads\/2022\/06\/dimensions-big-1-768x350.jpg 768w, https:\/\/www.tosunlux.eu\/wp-content\/uploads\/2022\/06\/dimensions-big-1.jpg 1242w\" sizes=\"(max-width: 1024px) 100vw, 1024px\" \/><\/figure>","protected":false},"parent":0,"template":"","product_category":[37,118],"class_list":["post-3526","product","type-product","status-publish","hentry","product_category-new-energy-instruments","product_category-dc-circuit-breaker"],"yoast_head":"<!-- This site is optimized with the Yoast SEO plugin v27.5 - https:\/\/yoast.com\/product\/yoast-seo-wordpress\/ -->\n<title>WholesaleDC Residual Current Circuit Breaker - TOSUNlux Official Site - Electrical Circuit Breaker Manufacturer in China Low Voltage Electrical Supplier | TOSUNlux<\/title>\n<meta name=\"description\" content=\"DC Residual Current Circuit Breaker Supplier - Wholesale direct from TOSUNlux, a trusted manufacturer since 1994. Get your B2B factory quote on our certified Low Voltage electrical products.\" \/>\n<meta name=\"robots\" content=\"index, follow, max-snippet:-1, max-image-preview:large, max-video-preview:-1\" \/>\n<link rel=\"canonical\" href=\"https:\/\/www.tosunlux.eu\/es\/products\/dc-residual-current-circuit-breaker\/\" \/>\n<meta property=\"og:locale\" content=\"es_ES\" \/>\n<meta property=\"og:type\" content=\"article\" \/>\n<meta property=\"og:title\" content=\"WholesaleDC Residual Current Circuit Breaker - TOSUNlux Official Site - Electrical Circuit Breaker Manufacturer in China Low Voltage Electrical Supplier | TOSUNlux\" \/>\n<meta property=\"og:description\" content=\"DC Residual Current Circuit Breaker Supplier - Wholesale direct from TOSUNlux, a trusted manufacturer since 1994. Get your B2B factory quote on our certified Low Voltage electrical products.\" \/>\n<meta property=\"og:url\" content=\"https:\/\/www.tosunlux.eu\/es\/products\/dc-residual-current-circuit-breaker\/\" \/>\n<meta property=\"og:site_name\" content=\"TOSUNlux Official Site - Electrical Circuit Breaker Manufacturer in China\" \/>\n<meta property=\"article:publisher\" content=\"https:\/\/www.facebook.com\/TOSUNelectric\/\" \/>\n<meta property=\"article:modified_time\" content=\"2025-04-04T17:27:20+00:00\" \/>\n<meta property=\"og:image\" content=\"https:\/\/www.tosunlux.eu\/wp-content\/uploads\/2022\/06\/dimensions-big-1-1024x467.jpg\" \/>\n<meta name=\"twitter:card\" content=\"summary_large_image\" \/>\n<meta name=\"twitter:label1\" content=\"Tiempo de lectura\" \/>\n\t<meta name=\"twitter:data1\" content=\"2 minutos\" \/>\n<script type=\"application\/ld+json\" class=\"yoast-schema-graph\">{\"@context\":\"https:\\\/\\\/schema.org\",\"@graph\":[{\"@type\":\"WebPage\",\"@id\":\"https:\\\/\\\/www.tosunlux.eu\\\/el\\\/products\\\/dc-residual-current-circuit-breaker\\\/\",\"url\":\"https:\\\/\\\/www.tosunlux.eu\\\/el\\\/products\\\/dc-residual-current-circuit-breaker\\\/\",\"name\":\"WholesaleDC Residual Current Circuit Breaker - TOSUNlux Official Site - Electrical Circuit Breaker Manufacturer in China Low Voltage Electrical Supplier | TOSUNlux\",\"isPartOf\":{\"@id\":\"https:\\\/\\\/www.tosunlux.eu\\\/ru\\\/#website\"},\"primaryImageOfPage\":{\"@id\":\"https:\\\/\\\/www.tosunlux.eu\\\/el\\\/products\\\/dc-residual-current-circuit-breaker\\\/#primaryimage\"},\"image\":{\"@id\":\"https:\\\/\\\/www.tosunlux.eu\\\/el\\\/products\\\/dc-residual-current-circuit-breaker\\\/#primaryimage\"},\"thumbnailUrl\":\"https:\\\/\\\/www.tosunlux.eu\\\/wp-content\\\/uploads\\\/2022\\\/06\\\/dimensions-big-1-1024x467.jpg\",\"datePublished\":\"2022-06-09T05:26:18+00:00\",\"dateModified\":\"2025-04-04T17:27:20+00:00\",\"description\":\"DC Residual Current Circuit Breaker Supplier - Wholesale direct from TOSUNlux, a trusted manufacturer since 1994. Get your B2B factory quote on our certified Low Voltage electrical products.\",\"breadcrumb\":{\"@id\":\"https:\\\/\\\/www.tosunlux.eu\\\/el\\\/products\\\/dc-residual-current-circuit-breaker\\\/#breadcrumb\"},\"inLanguage\":\"es\",\"potentialAction\":[{\"@type\":\"ReadAction\",\"target\":[\"https:\\\/\\\/www.tosunlux.eu\\\/el\\\/products\\\/dc-residual-current-circuit-breaker\\\/\"]}]},{\"@type\":\"ImageObject\",\"inLanguage\":\"es\",\"@id\":\"https:\\\/\\\/www.tosunlux.eu\\\/el\\\/products\\\/dc-residual-current-circuit-breaker\\\/#primaryimage\",\"url\":\"https:\\\/\\\/www.tosunlux.eu\\\/wp-content\\\/uploads\\\/2022\\\/06\\\/dimensions-big-1-1024x467.jpg\",\"contentUrl\":\"https:\\\/\\\/www.tosunlux.eu\\\/wp-content\\\/uploads\\\/2022\\\/06\\\/dimensions-big-1-1024x467.jpg\"},{\"@type\":\"BreadcrumbList\",\"@id\":\"https:\\\/\\\/www.tosunlux.eu\\\/el\\\/products\\\/dc-residual-current-circuit-breaker\\\/#breadcrumb\",\"itemListElement\":[{\"@type\":\"ListItem\",\"position\":1,\"name\":\"Home\",\"item\":\"https:\\\/\\\/www.tosunlux.eu\\\/ru\\\/\"},{\"@type\":\"ListItem\",\"position\":2,\"name\":\"Products\",\"item\":\"https:\\\/\\\/www.tosunlux.eu\\\/products\\\/\"},{\"@type\":\"ListItem\",\"position\":3,\"name\":\"DC Residual Current Circuit Breaker\"}]},{\"@type\":\"WebSite\",\"@id\":\"https:\\\/\\\/www.tosunlux.eu\\\/ru\\\/#website\",\"url\":\"https:\\\/\\\/www.tosunlux.eu\\\/ru\\\/\",\"name\":\"TOSUNlux Official Site - Electrical Circuit Breaker Manufacturer in China\",\"description\":\"Power Distribution System Supplier\",\"publisher\":{\"@id\":\"https:\\\/\\\/www.tosunlux.eu\\\/ru\\\/#organization\"},\"alternateName\":\"TOSUNlux\",\"potentialAction\":[{\"@type\":\"SearchAction\",\"target\":{\"@type\":\"EntryPoint\",\"urlTemplate\":\"https:\\\/\\\/www.tosunlux.eu\\\/ru\\\/?s={search_term_string}\"},\"query-input\":{\"@type\":\"PropertyValueSpecification\",\"valueRequired\":true,\"valueName\":\"search_term_string\"}}],\"inLanguage\":\"es\"},{\"@type\":\"Organization\",\"@id\":\"https:\\\/\\\/www.tosunlux.eu\\\/ru\\\/#organization\",\"name\":\"TOSUNlux\",\"url\":\"https:\\\/\\\/www.tosunlux.eu\\\/ru\\\/\",\"logo\":{\"@type\":\"ImageObject\",\"inLanguage\":\"es\",\"@id\":\"https:\\\/\\\/www.tosunlux.eu\\\/ru\\\/#\\\/schema\\\/logo\\\/image\\\/\",\"url\":\"https:\\\/\\\/www.tosunlux.eu\\\/wp-content\\\/uploads\\\/2022\\\/01\\\/LOGOSYSM.71762f1.png\",\"contentUrl\":\"https:\\\/\\\/www.tosunlux.eu\\\/wp-content\\\/uploads\\\/2022\\\/01\\\/LOGOSYSM.71762f1.png\",\"width\":153,\"height\":55,\"caption\":\"TOSUNlux\"},\"image\":{\"@id\":\"https:\\\/\\\/www.tosunlux.eu\\\/ru\\\/#\\\/schema\\\/logo\\\/image\\\/\"},\"sameAs\":[\"https:\\\/\\\/www.facebook.com\\\/TOSUNelectric\\\/\",\"https:\\\/\\\/www.linkedin.com\\\/company\\\/wenzhou-tosun-electric-co.-ltd\\\/\"]}]}<\/script>\n<!-- \/ Yoast SEO plugin. -->","yoast_head_json":{"title":"Disyuntores diferenciales de CC al por mayor - Sitio oficial de TOSUNlux - Fabricante de disyuntores el\u00e9ctricos en China, proveedor de equipos el\u00e9ctricos de baja tensi\u00f3n | TOSUNlux","description":"Proveedor de disyuntores de corriente residual de CC: venta al por mayor directa de TOSUNlux, un fabricante confiable desde 1994. Obtenga su cotizaci\u00f3n de f\u00e1brica B2B en nuestros productos el\u00e9ctricos de bajo voltaje certificados.","robots":{"index":"index","follow":"follow","max-snippet":"max-snippet:-1","max-image-preview":"max-image-preview:large","max-video-preview":"max-video-preview:-1"},"canonical":"https:\/\/www.tosunlux.eu\/es\/products\/dc-residual-current-circuit-breaker\/","og_locale":"es_ES","og_type":"article","og_title":"WholesaleDC Residual Current Circuit Breaker - TOSUNlux Official Site - Electrical Circuit Breaker Manufacturer in China Low Voltage Electrical Supplier | TOSUNlux","og_description":"DC Residual Current Circuit Breaker Supplier - Wholesale direct from TOSUNlux, a trusted manufacturer since 1994. Get your B2B factory quote on our certified Low Voltage electrical products.","og_url":"https:\/\/www.tosunlux.eu\/es\/products\/dc-residual-current-circuit-breaker\/","og_site_name":"TOSUNlux Official Site - Electrical Circuit Breaker Manufacturer in China","article_publisher":"https:\/\/www.facebook.com\/TOSUNelectric\/","article_modified_time":"2025-04-04T17:27:20+00:00","og_image":[{"url":"https:\/\/www.tosunlux.eu\/wp-content\/uploads\/2022\/06\/dimensions-big-1-1024x467.jpg","type":"","width":"","height":""}],"twitter_card":"summary_large_image","twitter_misc":{"Tiempo de lectura":"2 minutos"},"schema":{"@context":"https:\/\/schema.org","@graph":[{"@type":"WebPage","@id":"https:\/\/www.tosunlux.eu\/el\/products\/dc-residual-current-circuit-breaker\/","url":"https:\/\/www.tosunlux.eu\/el\/products\/dc-residual-current-circuit-breaker\/","name":"Disyuntores diferenciales de CC al por mayor - Sitio oficial de TOSUNlux - Fabricante de disyuntores el\u00e9ctricos en China, proveedor de equipos el\u00e9ctricos de baja tensi\u00f3n | TOSUNlux","isPartOf":{"@id":"https:\/\/www.tosunlux.eu\/ru\/#website"},"primaryImageOfPage":{"@id":"https:\/\/www.tosunlux.eu\/el\/products\/dc-residual-current-circuit-breaker\/#primaryimage"},"image":{"@id":"https:\/\/www.tosunlux.eu\/el\/products\/dc-residual-current-circuit-breaker\/#primaryimage"},"thumbnailUrl":"https:\/\/www.tosunlux.eu\/wp-content\/uploads\/2022\/06\/dimensions-big-1-1024x467.jpg","datePublished":"2022-06-09T05:26:18+00:00","dateModified":"2025-04-04T17:27:20+00:00","description":"Proveedor de disyuntores de corriente residual de CC: venta al por mayor directa de TOSUNlux, un fabricante confiable desde 1994. Obtenga su cotizaci\u00f3n de f\u00e1brica B2B en nuestros productos el\u00e9ctricos de bajo voltaje certificados.","breadcrumb":{"@id":"https:\/\/www.tosunlux.eu\/el\/products\/dc-residual-current-circuit-breaker\/#breadcrumb"},"inLanguage":"es","potentialAction":[{"@type":"ReadAction","target":["https:\/\/www.tosunlux.eu\/el\/products\/dc-residual-current-circuit-breaker\/"]}]},{"@type":"ImageObject","inLanguage":"es","@id":"https:\/\/www.tosunlux.eu\/el\/products\/dc-residual-current-circuit-breaker\/#primaryimage","url":"https:\/\/www.tosunlux.eu\/wp-content\/uploads\/2022\/06\/dimensions-big-1-1024x467.jpg","contentUrl":"https:\/\/www.tosunlux.eu\/wp-content\/uploads\/2022\/06\/dimensions-big-1-1024x467.jpg"},{"@type":"BreadcrumbList","@id":"https:\/\/www.tosunlux.eu\/el\/products\/dc-residual-current-circuit-breaker\/#breadcrumb","itemListElement":[{"@type":"ListItem","position":1,"name":"Home","item":"https:\/\/www.tosunlux.eu\/ru\/"},{"@type":"ListItem","position":2,"name":"Products","item":"https:\/\/www.tosunlux.eu\/products\/"},{"@type":"ListItem","position":3,"name":"DC Residual Current Circuit Breaker"}]},{"@type":"WebSite","@id":"https:\/\/www.tosunlux.eu\/ru\/#website","url":"https:\/\/www.tosunlux.eu\/ru\/","name":"Sitio oficial de TOSUNlux - Fabricante de disyuntores el\u00e9ctricos en China","description":"Proveedor de sistemas de distribuci\u00f3n de energ\u00eda","publisher":{"@id":"https:\/\/www.tosunlux.eu\/ru\/#organization"},"alternateName":"TOSUNlux","potentialAction":[{"@type":"SearchAction","target":{"@type":"EntryPoint","urlTemplate":"https:\/\/www.tosunlux.eu\/ru\/?s={search_term_string}"},"query-input":{"@type":"PropertyValueSpecification","valueRequired":true,"valueName":"search_term_string"}}],"inLanguage":"es"},{"@type":"Organization","@id":"https:\/\/www.tosunlux.eu\/ru\/#organization","name":"TOSUNlux","url":"https:\/\/www.tosunlux.eu\/ru\/","logo":{"@type":"ImageObject","inLanguage":"es","@id":"https:\/\/www.tosunlux.eu\/ru\/#\/schema\/logo\/image\/","url":"https:\/\/www.tosunlux.eu\/wp-content\/uploads\/2022\/01\/LOGOSYSM.71762f1.png","contentUrl":"https:\/\/www.tosunlux.eu\/wp-content\/uploads\/2022\/01\/LOGOSYSM.71762f1.png","width":153,"height":55,"caption":"TOSUNlux"},"image":{"@id":"https:\/\/www.tosunlux.eu\/ru\/#\/schema\/logo\/image\/"},"sameAs":["https:\/\/www.facebook.com\/TOSUNelectric\/","https:\/\/www.linkedin.com\/company\/wenzhou-tosun-electric-co.-ltd\/"]}]}},"_links":{"self":[{"href":"https:\/\/www.tosunlux.eu\/es\/wp-json\/wp\/v2\/product\/3526","targetHints":{"allow":["GET"]}}],"collection":[{"href":"https:\/\/www.tosunlux.eu\/es\/wp-json\/wp\/v2\/product"}],"about":[{"href":"https:\/\/www.tosunlux.eu\/es\/wp-json\/wp\/v2\/types\/product"}],"version-history":[{"count":1,"href":"https:\/\/www.tosunlux.eu\/es\/wp-json\/wp\/v2\/product\/3526\/revisions"}],"predecessor-version":[{"id":13184,"href":"https:\/\/www.tosunlux.eu\/es\/wp-json\/wp\/v2\/product\/3526\/revisions\/13184"}],"wp:attachment":[{"href":"https:\/\/www.tosunlux.eu\/es\/wp-json\/wp\/v2\/media?parent=3526"}],"wp:term":[{"taxonomy":"product_category","embeddable":true,"href":"https:\/\/www.tosunlux.eu\/es\/wp-json\/wp\/v2\/product_category?post=3526"}],"curies":[{"name":"gracias","href":"https:\/\/api.w.org\/{rel}","templated":true}]}}