{"id":3577,"date":"2022-06-09T17:56:32","date_gmt":"2022-06-09T09:56:32","guid":{"rendered":"https:\/\/www.tosunlux.eu\/?post_type=product&#038;p=3577"},"modified":"2023-03-16T14:55:49","modified_gmt":"2023-03-16T06:55:49","slug":"solar-pv-surge-protector-3","status":"publish","type":"product","link":"https:\/\/www.tosunlux.eu\/es\/products\/solar-pv-surge-protector-3\/","title":{"rendered":"Protector contra sobretensiones para energ\u00eda solar fotovoltaica"},"content":{"rendered":"<p><strong>Descripci\u00f3n<\/strong><\/p>\n\n\n\n<p>Tecnolog\u00eda innovadora de disparo y frenado<br>Dise\u00f1o conectable, sin necesidad de interrumpir el sistema cuando se conecta o desconecta.<br>Un solo m\u00f3dulo puede alcanzar hasta 40 kA (8\/20 us)<\/p>\n\n\n<p><strong>Especificaci\u00f3n<\/strong><\/p>\n<table width=\"733\">\n<tbody>\n<tr>\n<td style=\"text-align: center;\" width=\"196\">N\u00famero de polo&nbsp;<\/td>\n<td style=\"text-align: center;\" colspan=\"5\" width=\"536\">2P, 3P<\/td>\n<\/tr>\n<tr>\n<td style=\"text-align: center;\" width=\"196\">Tensi\u00f3n fotovoltaica nominal (CC)(Uostc)<\/td>\n<td style=\"text-align: center;\" width=\"105\">500V<\/td>\n<td style=\"text-align: center;\" width=\"105\">600V<\/td>\n<td style=\"text-align: center;\" width=\"106\">800V<\/td>\n<td style=\"text-align: center;\" width=\"111\">1000V<\/td>\n<td style=\"text-align: center;\" width=\"106\">1200V<\/td>\n<\/tr>\n<tr>\n<td style=\"text-align: center;\" width=\"196\">SPD seg\u00fan EN6 164311\/EC 61643-11<\/td>\n<td style=\"text-align: center;\" colspan=\"5\" width=\"536\">Tipo 2\/Clase II\/T2<\/td>\n<\/tr>\n<tr>\n<td style=\"text-align: center;\" width=\"196\">Corriente de descarga nominal (8\/20 us)(In)<\/td>\n<td style=\"text-align: center;\" colspan=\"5\" width=\"536\">10KA\/20KA<\/td>\n<\/tr>\n<tr>\n<td style=\"text-align: center;\" width=\"196\">m\u00e1x. corriente de descarga (8\/20 us) (Imax)<\/td>\n<td style=\"text-align: center;\" colspan=\"5\" width=\"536\">20KA\/40KA<\/td>\n<\/tr>\n<tr>\n<td style=\"text-align: center;\" width=\"196\">Nivel de protecci\u00f3n de voltaje (Up)<\/td>\n<td style=\"text-align: center;\" width=\"105\">\u22642.5KV<\/td>\n<td style=\"text-align: center;\" width=\"105\">\u22642.5KV<\/td>\n<td style=\"text-align: center;\" width=\"106\">\u22643.2KV<\/td>\n<td style=\"text-align: center;\" width=\"111\">\u22644.0KV<\/td>\n<td style=\"text-align: center;\" width=\"106\">\u22644.0KV<\/td>\n<\/tr>\n<tr>\n<td style=\"text-align: center;\" width=\"196\">Tiempo de respuesta (tA)<\/td>\n<td style=\"text-align: center;\" colspan=\"5\" width=\"536\">25ns<\/td>\n<\/tr>\n<tr>\n<td style=\"text-align: center;\" width=\"196\">Rango de temperatura de funcionamiento (Tu)<\/td>\n<td style=\"text-align: center;\" colspan=\"5\" width=\"536\">-40\u2103\u2026\u2026+80\u2103<\/td>\n<\/tr>\n<tr>\n<td style=\"text-align: center;\" width=\"196\">Indicaci\u00f3n de fallo del estado de funcionamiento<\/td>\n<td style=\"text-align: center;\" colspan=\"5\" width=\"536\">Verde: normal\/ Rojo: no v\u00e1lido&nbsp;<\/td>\n<\/tr>\n<tr>\n<td style=\"text-align: center;\" width=\"196\">N\u00famero de puerto de salida<\/td>\n<td style=\"text-align: center;\" colspan=\"5\" width=\"536\">1 est\u00e1 disponible cuando sea necesario<\/td>\n<\/tr>\n<tr>\n<td style=\"text-align: center;\" width=\"196\">Instalaci\u00f3n<\/td>\n<td style=\"text-align: center;\" colspan=\"5\" width=\"536\">Carril DIN<\/td>\n<\/tr>\n<tr>\n<td style=\"text-align: center;\" width=\"196\">Lugar de instalaci\u00f3n<\/td>\n<td style=\"text-align: center;\" colspan=\"5\" width=\"536\">instalaci\u00f3n interior<\/td>\n<\/tr>\n<tr>\n<td style=\"text-align: center;\" width=\"196\">Grado de protecci\u00f3n<\/td>\n<td style=\"text-align: center;\" colspan=\"5\" width=\"536\">IP20<\/td>\n<\/tr>\n<\/tbody>\n<\/table>\n<p><strong>Diagrama de circuito<\/strong><\/p>\n\n\n<figure class=\"wp-block-image size-large\"><img fetchpriority=\"high\" decoding=\"async\" width=\"1024\" height=\"348\" src=\"https:\/\/www.tosunlux.eu\/wp-content\/uploads\/2022\/06\/diagem-1024x348.jpg\" alt=\"\" class=\"wp-image-3578\" srcset=\"https:\/\/www.tosunlux.eu\/wp-content\/uploads\/2022\/06\/diagem-1024x348.jpg 1024w, https:\/\/www.tosunlux.eu\/wp-content\/uploads\/2022\/06\/diagem-300x102.jpg 300w, https:\/\/www.tosunlux.eu\/wp-content\/uploads\/2022\/06\/diagem-768x261.jpg 768w, https:\/\/www.tosunlux.eu\/wp-content\/uploads\/2022\/06\/diagem.jpg 1243w\" sizes=\"(max-width: 1024px) 100vw, 1024px\" \/><\/figure>\n\n\n\n<p><\/p>\n\n\n\n<p><strong>Dimensiones<\/strong><\/p>\n\n\n\n<figure class=\"wp-block-image size-large\"><img decoding=\"async\" width=\"1024\" height=\"382\" src=\"https:\/\/www.tosunlux.eu\/wp-content\/uploads\/2022\/06\/dimensions-3-1024x382.jpg\" alt=\"\" class=\"wp-image-3579\" srcset=\"https:\/\/www.tosunlux.eu\/wp-content\/uploads\/2022\/06\/dimensions-3-1024x382.jpg 1024w, https:\/\/www.tosunlux.eu\/wp-content\/uploads\/2022\/06\/dimensions-3-300x112.jpg 300w, https:\/\/www.tosunlux.eu\/wp-content\/uploads\/2022\/06\/dimensions-3-768x287.jpg 768w, https:\/\/www.tosunlux.eu\/wp-content\/uploads\/2022\/06\/dimensions-3.jpg 1270w\" sizes=\"(max-width: 1024px) 100vw, 1024px\" \/><\/figure>\n\n\n\n<figure class=\"wp-block-image size-large is-resized\"><img decoding=\"async\" src=\"https:\/\/www.tosunlux.eu\/wp-content\/uploads\/2023\/03\/22jpg-1-1024x348.jpg\" alt=\"\" class=\"wp-image-5483\" width=\"368\" height=\"125\" srcset=\"https:\/\/www.tosunlux.eu\/wp-content\/uploads\/2023\/03\/22jpg-1-1024x348.jpg 1024w, https:\/\/www.tosunlux.eu\/wp-content\/uploads\/2023\/03\/22jpg-1-300x102.jpg 300w, https:\/\/www.tosunlux.eu\/wp-content\/uploads\/2023\/03\/22jpg-1-768x261.jpg 768w, https:\/\/www.tosunlux.eu\/wp-content\/uploads\/2023\/03\/22jpg-1-1536x521.jpg 1536w, https:\/\/www.tosunlux.eu\/wp-content\/uploads\/2023\/03\/22jpg-1.jpg 1600w\" sizes=\"(max-width: 368px) 100vw, 368px\" \/><\/figure>","protected":false},"parent":0,"template":"","product_category":[117],"class_list":["post-3577","product","type-product","status-publish","hentry","product_category-solar-pv-surge-protector"],"yoast_head":"<!-- This site is optimized with the Yoast SEO plugin v27.4 - https:\/\/yoast.com\/product\/yoast-seo-wordpress\/ -->\n<title>WholesaleSolar PV Surge Protector - TOSUNlux Official Site - Electrical Circuit Breaker Manufacturer in China Low Voltage Electrical Supplier | TOSUNlux<\/title>\n<meta name=\"description\" content=\"Solar PV Surge Protector Supplier - Wholesale direct from TOSUNlux, a trusted manufacturer since 1994. Get your B2B factory quote on our certified Low Voltage electrical products.\" \/>\n<meta name=\"robots\" content=\"index, follow, max-snippet:-1, max-image-preview:large, max-video-preview:-1\" \/>\n<link rel=\"canonical\" href=\"https:\/\/www.tosunlux.eu\/es\/products\/solar-pv-surge-protector-3\/\" \/>\n<meta property=\"og:locale\" content=\"es_ES\" \/>\n<meta property=\"og:type\" content=\"article\" \/>\n<meta property=\"og:title\" content=\"WholesaleSolar PV Surge Protector - TOSUNlux Official Site - Electrical Circuit Breaker Manufacturer in China Low Voltage Electrical Supplier | TOSUNlux\" \/>\n<meta property=\"og:description\" content=\"Solar PV Surge Protector Supplier - Wholesale direct from TOSUNlux, a trusted manufacturer since 1994. Get your B2B factory quote on our certified Low Voltage electrical products.\" \/>\n<meta property=\"og:url\" content=\"https:\/\/www.tosunlux.eu\/es\/products\/solar-pv-surge-protector-3\/\" \/>\n<meta property=\"og:site_name\" content=\"TOSUNlux Official Site - Electrical Circuit Breaker Manufacturer in China\" \/>\n<meta property=\"article:publisher\" content=\"https:\/\/www.facebook.com\/TOSUNelectric\/\" \/>\n<meta property=\"article:modified_time\" content=\"2023-03-16T06:55:49+00:00\" \/>\n<meta property=\"og:image\" content=\"https:\/\/www.tosunlux.eu\/wp-content\/uploads\/2022\/06\/diagem-1024x348.jpg\" \/>\n<meta name=\"twitter:card\" content=\"summary_large_image\" \/>\n<meta name=\"twitter:label1\" content=\"Tiempo de lectura\" \/>\n\t<meta name=\"twitter:data1\" content=\"2 minutos\" \/>\n<script type=\"application\/ld+json\" class=\"yoast-schema-graph\">{\"@context\":\"https:\\\/\\\/schema.org\",\"@graph\":[{\"@type\":\"WebPage\",\"@id\":\"https:\\\/\\\/www.tosunlux.eu\\\/products\\\/solar-pv-surge-protector-3\\\/\",\"url\":\"https:\\\/\\\/www.tosunlux.eu\\\/products\\\/solar-pv-surge-protector-3\\\/\",\"name\":\"WholesaleSolar PV Surge Protector - TOSUNlux Official Site - Electrical Circuit Breaker Manufacturer in China Low Voltage Electrical Supplier | TOSUNlux\",\"isPartOf\":{\"@id\":\"https:\\\/\\\/www.tosunlux.eu\\\/ru\\\/#website\"},\"primaryImageOfPage\":{\"@id\":\"https:\\\/\\\/www.tosunlux.eu\\\/products\\\/solar-pv-surge-protector-3\\\/#primaryimage\"},\"image\":{\"@id\":\"https:\\\/\\\/www.tosunlux.eu\\\/products\\\/solar-pv-surge-protector-3\\\/#primaryimage\"},\"thumbnailUrl\":\"https:\\\/\\\/www.tosunlux.eu\\\/wp-content\\\/uploads\\\/2022\\\/06\\\/diagem-1024x348.jpg\",\"datePublished\":\"2022-06-09T09:56:32+00:00\",\"dateModified\":\"2023-03-16T06:55:49+00:00\",\"description\":\"Solar PV Surge Protector Supplier - Wholesale direct from TOSUNlux, a trusted manufacturer since 1994. Get your B2B factory quote on our certified Low Voltage electrical products.\",\"breadcrumb\":{\"@id\":\"https:\\\/\\\/www.tosunlux.eu\\\/products\\\/solar-pv-surge-protector-3\\\/#breadcrumb\"},\"inLanguage\":\"es\",\"potentialAction\":[{\"@type\":\"ReadAction\",\"target\":[\"https:\\\/\\\/www.tosunlux.eu\\\/products\\\/solar-pv-surge-protector-3\\\/\"]}]},{\"@type\":\"ImageObject\",\"inLanguage\":\"es\",\"@id\":\"https:\\\/\\\/www.tosunlux.eu\\\/products\\\/solar-pv-surge-protector-3\\\/#primaryimage\",\"url\":\"https:\\\/\\\/www.tosunlux.eu\\\/wp-content\\\/uploads\\\/2022\\\/06\\\/diagem-1024x348.jpg\",\"contentUrl\":\"https:\\\/\\\/www.tosunlux.eu\\\/wp-content\\\/uploads\\\/2022\\\/06\\\/diagem-1024x348.jpg\"},{\"@type\":\"BreadcrumbList\",\"@id\":\"https:\\\/\\\/www.tosunlux.eu\\\/products\\\/solar-pv-surge-protector-3\\\/#breadcrumb\",\"itemListElement\":[{\"@type\":\"ListItem\",\"position\":1,\"name\":\"Home\",\"item\":\"https:\\\/\\\/www.tosunlux.eu\\\/ru\\\/\"},{\"@type\":\"ListItem\",\"position\":2,\"name\":\"Products\",\"item\":\"https:\\\/\\\/www.tosunlux.eu\\\/products\\\/\"},{\"@type\":\"ListItem\",\"position\":3,\"name\":\"Solar PV Surge Protector\"}]},{\"@type\":\"WebSite\",\"@id\":\"https:\\\/\\\/www.tosunlux.eu\\\/ru\\\/#website\",\"url\":\"https:\\\/\\\/www.tosunlux.eu\\\/ru\\\/\",\"name\":\"TOSUNlux Official Site - Electrical Circuit Breaker Manufacturer in China\",\"description\":\"Power Distribution System Supplier\",\"publisher\":{\"@id\":\"https:\\\/\\\/www.tosunlux.eu\\\/ru\\\/#organization\"},\"alternateName\":\"TOSUNlux\",\"potentialAction\":[{\"@type\":\"SearchAction\",\"target\":{\"@type\":\"EntryPoint\",\"urlTemplate\":\"https:\\\/\\\/www.tosunlux.eu\\\/ru\\\/?s={search_term_string}\"},\"query-input\":{\"@type\":\"PropertyValueSpecification\",\"valueRequired\":true,\"valueName\":\"search_term_string\"}}],\"inLanguage\":\"es\"},{\"@type\":\"Organization\",\"@id\":\"https:\\\/\\\/www.tosunlux.eu\\\/ru\\\/#organization\",\"name\":\"TOSUNlux\",\"url\":\"https:\\\/\\\/www.tosunlux.eu\\\/ru\\\/\",\"logo\":{\"@type\":\"ImageObject\",\"inLanguage\":\"es\",\"@id\":\"https:\\\/\\\/www.tosunlux.eu\\\/ru\\\/#\\\/schema\\\/logo\\\/image\\\/\",\"url\":\"https:\\\/\\\/www.tosunlux.eu\\\/wp-content\\\/uploads\\\/2022\\\/01\\\/LOGOSYSM.71762f1.png\",\"contentUrl\":\"https:\\\/\\\/www.tosunlux.eu\\\/wp-content\\\/uploads\\\/2022\\\/01\\\/LOGOSYSM.71762f1.png\",\"width\":153,\"height\":55,\"caption\":\"TOSUNlux\"},\"image\":{\"@id\":\"https:\\\/\\\/www.tosunlux.eu\\\/ru\\\/#\\\/schema\\\/logo\\\/image\\\/\"},\"sameAs\":[\"https:\\\/\\\/www.facebook.com\\\/TOSUNelectric\\\/\",\"https:\\\/\\\/www.linkedin.com\\\/company\\\/wenzhou-tosun-electric-co.-ltd\\\/\"]}]}<\/script>\n<!-- \/ Yoast SEO plugin. -->","yoast_head_json":{"title":"Protectores contra sobretensiones solares fotovoltaicos al por mayor - Sitio oficial de TOSUNlux - Fabricante de disyuntores el\u00e9ctricos en China, proveedor de equipos el\u00e9ctricos de bajo voltaje | TOSUNlux","description":"Proveedor de protectores contra sobretensiones para sistemas solares fotovoltaicos: venta al por mayor directa de TOSUNlux, un fabricante confiable desde 1994. Obtenga su cotizaci\u00f3n de f\u00e1brica B2B para nuestros productos el\u00e9ctricos de bajo voltaje certificados.","robots":{"index":"index","follow":"follow","max-snippet":"max-snippet:-1","max-image-preview":"max-image-preview:large","max-video-preview":"max-video-preview:-1"},"canonical":"https:\/\/www.tosunlux.eu\/es\/products\/solar-pv-surge-protector-3\/","og_locale":"es_ES","og_type":"article","og_title":"WholesaleSolar PV Surge Protector - TOSUNlux Official Site - Electrical Circuit Breaker Manufacturer in China Low Voltage Electrical Supplier | TOSUNlux","og_description":"Solar PV Surge Protector Supplier - Wholesale direct from TOSUNlux, a trusted manufacturer since 1994. Get your B2B factory quote on our certified Low Voltage electrical products.","og_url":"https:\/\/www.tosunlux.eu\/es\/products\/solar-pv-surge-protector-3\/","og_site_name":"TOSUNlux Official Site - Electrical Circuit Breaker Manufacturer in China","article_publisher":"https:\/\/www.facebook.com\/TOSUNelectric\/","article_modified_time":"2023-03-16T06:55:49+00:00","og_image":[{"url":"https:\/\/www.tosunlux.eu\/wp-content\/uploads\/2022\/06\/diagem-1024x348.jpg","type":"","width":"","height":""}],"twitter_card":"summary_large_image","twitter_misc":{"Tiempo de lectura":"2 minutos"},"schema":{"@context":"https:\/\/schema.org","@graph":[{"@type":"WebPage","@id":"https:\/\/www.tosunlux.eu\/products\/solar-pv-surge-protector-3\/","url":"https:\/\/www.tosunlux.eu\/products\/solar-pv-surge-protector-3\/","name":"Protectores contra sobretensiones solares fotovoltaicos al por mayor - Sitio oficial de TOSUNlux - Fabricante de disyuntores el\u00e9ctricos en China, proveedor de equipos el\u00e9ctricos de bajo voltaje | TOSUNlux","isPartOf":{"@id":"https:\/\/www.tosunlux.eu\/ru\/#website"},"primaryImageOfPage":{"@id":"https:\/\/www.tosunlux.eu\/products\/solar-pv-surge-protector-3\/#primaryimage"},"image":{"@id":"https:\/\/www.tosunlux.eu\/products\/solar-pv-surge-protector-3\/#primaryimage"},"thumbnailUrl":"https:\/\/www.tosunlux.eu\/wp-content\/uploads\/2022\/06\/diagem-1024x348.jpg","datePublished":"2022-06-09T09:56:32+00:00","dateModified":"2023-03-16T06:55:49+00:00","description":"Proveedor de protectores contra sobretensiones para sistemas solares fotovoltaicos: venta al por mayor directa de TOSUNlux, un fabricante confiable desde 1994. Obtenga su cotizaci\u00f3n de f\u00e1brica B2B para nuestros productos el\u00e9ctricos de bajo voltaje certificados.","breadcrumb":{"@id":"https:\/\/www.tosunlux.eu\/products\/solar-pv-surge-protector-3\/#breadcrumb"},"inLanguage":"es","potentialAction":[{"@type":"ReadAction","target":["https:\/\/www.tosunlux.eu\/products\/solar-pv-surge-protector-3\/"]}]},{"@type":"ImageObject","inLanguage":"es","@id":"https:\/\/www.tosunlux.eu\/products\/solar-pv-surge-protector-3\/#primaryimage","url":"https:\/\/www.tosunlux.eu\/wp-content\/uploads\/2022\/06\/diagem-1024x348.jpg","contentUrl":"https:\/\/www.tosunlux.eu\/wp-content\/uploads\/2022\/06\/diagem-1024x348.jpg"},{"@type":"BreadcrumbList","@id":"https:\/\/www.tosunlux.eu\/products\/solar-pv-surge-protector-3\/#breadcrumb","itemListElement":[{"@type":"ListItem","position":1,"name":"Home","item":"https:\/\/www.tosunlux.eu\/ru\/"},{"@type":"ListItem","position":2,"name":"Products","item":"https:\/\/www.tosunlux.eu\/products\/"},{"@type":"ListItem","position":3,"name":"Solar PV Surge Protector"}]},{"@type":"WebSite","@id":"https:\/\/www.tosunlux.eu\/ru\/#website","url":"https:\/\/www.tosunlux.eu\/ru\/","name":"Sitio oficial de TOSUNlux - Fabricante de disyuntores el\u00e9ctricos en China","description":"Proveedor de sistemas de distribuci\u00f3n de energ\u00eda","publisher":{"@id":"https:\/\/www.tosunlux.eu\/ru\/#organization"},"alternateName":"TOSUNlux","potentialAction":[{"@type":"SearchAction","target":{"@type":"EntryPoint","urlTemplate":"https:\/\/www.tosunlux.eu\/ru\/?s={search_term_string}"},"query-input":{"@type":"PropertyValueSpecification","valueRequired":true,"valueName":"search_term_string"}}],"inLanguage":"es"},{"@type":"Organization","@id":"https:\/\/www.tosunlux.eu\/ru\/#organization","name":"TOSUNlux","url":"https:\/\/www.tosunlux.eu\/ru\/","logo":{"@type":"ImageObject","inLanguage":"es","@id":"https:\/\/www.tosunlux.eu\/ru\/#\/schema\/logo\/image\/","url":"https:\/\/www.tosunlux.eu\/wp-content\/uploads\/2022\/01\/LOGOSYSM.71762f1.png","contentUrl":"https:\/\/www.tosunlux.eu\/wp-content\/uploads\/2022\/01\/LOGOSYSM.71762f1.png","width":153,"height":55,"caption":"TOSUNlux"},"image":{"@id":"https:\/\/www.tosunlux.eu\/ru\/#\/schema\/logo\/image\/"},"sameAs":["https:\/\/www.facebook.com\/TOSUNelectric\/","https:\/\/www.linkedin.com\/company\/wenzhou-tosun-electric-co.-ltd\/"]}]}},"_links":{"self":[{"href":"https:\/\/www.tosunlux.eu\/es\/wp-json\/wp\/v2\/product\/3577","targetHints":{"allow":["GET"]}}],"collection":[{"href":"https:\/\/www.tosunlux.eu\/es\/wp-json\/wp\/v2\/product"}],"about":[{"href":"https:\/\/www.tosunlux.eu\/es\/wp-json\/wp\/v2\/types\/product"}],"version-history":[{"count":0,"href":"https:\/\/www.tosunlux.eu\/es\/wp-json\/wp\/v2\/product\/3577\/revisions"}],"wp:attachment":[{"href":"https:\/\/www.tosunlux.eu\/es\/wp-json\/wp\/v2\/media?parent=3577"}],"wp:term":[{"taxonomy":"product_category","embeddable":true,"href":"https:\/\/www.tosunlux.eu\/es\/wp-json\/wp\/v2\/product_category?post=3577"}],"curies":[{"name":"gracias","href":"https:\/\/api.w.org\/{rel}","templated":true}]}}