{"id":3718,"date":"2022-06-13T09:24:04","date_gmt":"2022-06-13T01:24:04","guid":{"rendered":"https:\/\/www.tosunlux.eu\/?post_type=product&#038;p=3718"},"modified":"2022-06-13T11:23:52","modified_gmt":"2022-06-13T03:23:52","slug":"led-alarm-light","status":"publish","type":"product","link":"https:\/\/www.tosunlux.eu\/es\/products\/led-alarm-light\/","title":{"rendered":"Luz de alarma LED LTA-206"},"content":{"rendered":"<table style=\"border-collapse: collapse; width: 720.02pt;\" border=\"0\" width=\"960\" cellspacing=\"0\" cellpadding=\"0\">\n<tbody>\n<tr style=\"height: 29.00pt;\">\n<td class=\"et2\" style=\"height: 29.00pt; width: 178.70pt;\" width=\"238\" height=\"38\">Modelo<\/td>\n<td class=\"et2\" style=\"width: 181.55pt;\" width=\"242\">Tipo de energ\u00eda<\/td>\n<td class=\"et2\" style=\"width: 181.55pt;\" width=\"242\">voto<\/td>\n<td class=\"et2\" style=\"width: 178.70pt;\" width=\"238\">Funci\u00f3n<\/td>\n<\/tr>\n<tr style=\"height: 58.00pt;\">\n<td class=\"et2\" style=\"height: 58.00pt; width: 178.70pt;\" width=\"238\" height=\"77\">LTA-206<\/td>\n<td class=\"et2\" style=\"width: 181.55pt;\" width=\"242\">CONDUJO<\/td>\n<td class=\"et2\" style=\"width: 181.55pt;\" width=\"242\">CC24V <br>AC220V<\/td>\n<td class=\"et2\" style=\"width: 178.70pt;\" width=\"238\">Estable <br>Destello <br>Tipo ajustable<\/td>\n<\/tr>\n<\/tbody>\n<\/table>\n\n\n<p>Selecci\u00f3n de colores: rojo, amarillo, verde, morado, blanco.<\/p>\n\n\n\n<figure class=\"wp-block-image size-large\"><img fetchpriority=\"high\" decoding=\"async\" width=\"1024\" height=\"1024\" src=\"https:\/\/www.tosunlux.eu\/wp-content\/uploads\/2022\/06\/LTA-206\u7ebf\u56fe2-1024x1024.jpg\" alt=\"\" class=\"wp-image-3719\" srcset=\"https:\/\/www.tosunlux.eu\/wp-content\/uploads\/2022\/06\/LTA-206\u7ebf\u56fe2-1024x1024.jpg 1024w, https:\/\/www.tosunlux.eu\/wp-content\/uploads\/2022\/06\/LTA-206\u7ebf\u56fe2-300x300.jpg 300w, https:\/\/www.tosunlux.eu\/wp-content\/uploads\/2022\/06\/LTA-206\u7ebf\u56fe2-150x150.jpg 150w, https:\/\/www.tosunlux.eu\/wp-content\/uploads\/2022\/06\/LTA-206\u7ebf\u56fe2-768x768.jpg 768w, https:\/\/www.tosunlux.eu\/wp-content\/uploads\/2022\/06\/LTA-206\u7ebf\u56fe2-1536x1536.jpg 1536w, https:\/\/www.tosunlux.eu\/wp-content\/uploads\/2022\/06\/LTA-206\u7ebf\u56fe2.jpg 1600w\" sizes=\"(max-width: 1024px) 100vw, 1024px\" \/><\/figure>\n\n\n\n<figure class=\"wp-block-image size-large\"><img decoding=\"async\" width=\"1024\" height=\"1024\" src=\"https:\/\/www.tosunlux.eu\/wp-content\/uploads\/2022\/06\/LTA-206\u7ebf\u56fe1-1024x1024.jpg\" alt=\"\" class=\"wp-image-3720\" srcset=\"https:\/\/www.tosunlux.eu\/wp-content\/uploads\/2022\/06\/LTA-206\u7ebf\u56fe1-1024x1024.jpg 1024w, https:\/\/www.tosunlux.eu\/wp-content\/uploads\/2022\/06\/LTA-206\u7ebf\u56fe1-300x300.jpg 300w, https:\/\/www.tosunlux.eu\/wp-content\/uploads\/2022\/06\/LTA-206\u7ebf\u56fe1-150x150.jpg 150w, https:\/\/www.tosunlux.eu\/wp-content\/uploads\/2022\/06\/LTA-206\u7ebf\u56fe1-768x768.jpg 768w, https:\/\/www.tosunlux.eu\/wp-content\/uploads\/2022\/06\/LTA-206\u7ebf\u56fe1-1536x1536.jpg 1536w, https:\/\/www.tosunlux.eu\/wp-content\/uploads\/2022\/06\/LTA-206\u7ebf\u56fe1.jpg 1600w\" sizes=\"(max-width: 1024px) 100vw, 1024px\" \/><\/figure>\n\n\n\n<figure class=\"wp-block-image size-large\"><img decoding=\"async\" width=\"1024\" height=\"1024\" src=\"https:\/\/www.tosunlux.eu\/wp-content\/uploads\/2022\/06\/LTA-206\u7ebf\u56fe3-1024x1024.jpg\" alt=\"\" class=\"wp-image-3721\" srcset=\"https:\/\/www.tosunlux.eu\/wp-content\/uploads\/2022\/06\/LTA-206\u7ebf\u56fe3-1024x1024.jpg 1024w, https:\/\/www.tosunlux.eu\/wp-content\/uploads\/2022\/06\/LTA-206\u7ebf\u56fe3-300x300.jpg 300w, https:\/\/www.tosunlux.eu\/wp-content\/uploads\/2022\/06\/LTA-206\u7ebf\u56fe3-150x150.jpg 150w, https:\/\/www.tosunlux.eu\/wp-content\/uploads\/2022\/06\/LTA-206\u7ebf\u56fe3-768x768.jpg 768w, https:\/\/www.tosunlux.eu\/wp-content\/uploads\/2022\/06\/LTA-206\u7ebf\u56fe3-1536x1536.jpg 1536w, https:\/\/www.tosunlux.eu\/wp-content\/uploads\/2022\/06\/LTA-206\u7ebf\u56fe3.jpg 1600w\" sizes=\"(max-width: 1024px) 100vw, 1024px\" \/><\/figure>\n\n\n\n<figure class=\"wp-block-image size-large\"><img loading=\"lazy\" decoding=\"async\" width=\"1024\" height=\"1024\" src=\"https:\/\/www.tosunlux.eu\/wp-content\/uploads\/2022\/06\/LTA-206\u7ebf\u56fe4-1024x1024.jpg\" alt=\"\" class=\"wp-image-3722\" srcset=\"https:\/\/www.tosunlux.eu\/wp-content\/uploads\/2022\/06\/LTA-206\u7ebf\u56fe4-1024x1024.jpg 1024w, https:\/\/www.tosunlux.eu\/wp-content\/uploads\/2022\/06\/LTA-206\u7ebf\u56fe4-300x300.jpg 300w, https:\/\/www.tosunlux.eu\/wp-content\/uploads\/2022\/06\/LTA-206\u7ebf\u56fe4-150x150.jpg 150w, https:\/\/www.tosunlux.eu\/wp-content\/uploads\/2022\/06\/LTA-206\u7ebf\u56fe4-768x768.jpg 768w, https:\/\/www.tosunlux.eu\/wp-content\/uploads\/2022\/06\/LTA-206\u7ebf\u56fe4-1536x1536.jpg 1536w, https:\/\/www.tosunlux.eu\/wp-content\/uploads\/2022\/06\/LTA-206\u7ebf\u56fe4.jpg 1600w\" sizes=\"(max-width: 1024px) 100vw, 1024px\" \/><\/figure>","protected":false},"parent":0,"template":"","product_category":[113],"class_list":["post-3718","product","type-product","status-publish","hentry","product_category-buzzer-bell-alarm-light"],"yoast_head":"<!-- This site is optimized with the Yoast SEO plugin v27.3 - https:\/\/yoast.com\/product\/yoast-seo-wordpress\/ -->\n<title>WholesaleLTA-206 LED Alarm Light - TOSUNlux Official Site - Electrical Circuit Breaker Manufacturer in China Low Voltage Electrical Supplier | TOSUNlux<\/title>\n<meta name=\"description\" content=\"LTA-206 LED Alarm Light Supplier - Wholesale direct from TOSUNlux, a trusted manufacturer since 1994. Get your B2B factory quote on our certified Low Voltage electrical products.\" \/>\n<meta name=\"robots\" content=\"index, follow, max-snippet:-1, max-image-preview:large, max-video-preview:-1\" \/>\n<link rel=\"canonical\" href=\"https:\/\/www.tosunlux.eu\/es\/products\/led-alarm-light\/\" \/>\n<meta property=\"og:locale\" content=\"es_ES\" \/>\n<meta property=\"og:type\" content=\"article\" \/>\n<meta property=\"og:title\" content=\"WholesaleLTA-206 LED Alarm Light - TOSUNlux Official Site - Electrical Circuit Breaker Manufacturer in China Low Voltage Electrical Supplier | TOSUNlux\" \/>\n<meta property=\"og:description\" content=\"LTA-206 LED Alarm Light Supplier - Wholesale direct from TOSUNlux, a trusted manufacturer since 1994. Get your B2B factory quote on our certified Low Voltage electrical products.\" \/>\n<meta property=\"og:url\" content=\"https:\/\/www.tosunlux.eu\/es\/products\/led-alarm-light\/\" \/>\n<meta property=\"og:site_name\" content=\"TOSUNlux Official Site - Electrical Circuit Breaker Manufacturer in China\" \/>\n<meta property=\"article:publisher\" content=\"https:\/\/www.facebook.com\/TOSUNelectric\/\" \/>\n<meta property=\"article:modified_time\" content=\"2022-06-13T03:23:52+00:00\" \/>\n<meta property=\"og:image\" content=\"https:\/\/www.tosunlux.eu\/wp-content\/uploads\/2023\/04\/DSC08160_\u526f\u672c.jpg\" \/>\n\t<meta property=\"og:image:width\" content=\"1500\" \/>\n\t<meta property=\"og:image:height\" content=\"940\" \/>\n\t<meta property=\"og:image:type\" content=\"image\/jpeg\" \/>\n<meta name=\"twitter:card\" content=\"summary_large_image\" \/>\n<meta name=\"twitter:label1\" content=\"Tiempo de lectura\" \/>\n\t<meta name=\"twitter:data1\" content=\"1 minuto\" \/>\n<script type=\"application\/ld+json\" class=\"yoast-schema-graph\">{\"@context\":\"https:\\\/\\\/schema.org\",\"@graph\":[{\"@type\":\"WebPage\",\"@id\":\"https:\\\/\\\/www.tosunlux.eu\\\/hi\\\/products\\\/led-alarm-light\\\/\",\"url\":\"https:\\\/\\\/www.tosunlux.eu\\\/hi\\\/products\\\/led-alarm-light\\\/\",\"name\":\"WholesaleLTA-206 LED Alarm Light - TOSUNlux Official Site - Electrical Circuit Breaker Manufacturer in China Low Voltage Electrical Supplier | TOSUNlux\",\"isPartOf\":{\"@id\":\"https:\\\/\\\/www.tosunlux.eu\\\/ru\\\/#website\"},\"datePublished\":\"2022-06-13T01:24:04+00:00\",\"dateModified\":\"2022-06-13T03:23:52+00:00\",\"description\":\"LTA-206 LED Alarm Light Supplier - Wholesale direct from TOSUNlux, a trusted manufacturer since 1994. Get your B2B factory quote on our certified Low Voltage electrical products.\",\"breadcrumb\":{\"@id\":\"https:\\\/\\\/www.tosunlux.eu\\\/hi\\\/products\\\/led-alarm-light\\\/#breadcrumb\"},\"inLanguage\":\"es\",\"potentialAction\":[{\"@type\":\"ReadAction\",\"target\":[\"https:\\\/\\\/www.tosunlux.eu\\\/hi\\\/products\\\/led-alarm-light\\\/\"]}]},{\"@type\":\"BreadcrumbList\",\"@id\":\"https:\\\/\\\/www.tosunlux.eu\\\/hi\\\/products\\\/led-alarm-light\\\/#breadcrumb\",\"itemListElement\":[{\"@type\":\"ListItem\",\"position\":1,\"name\":\"Home\",\"item\":\"https:\\\/\\\/www.tosunlux.eu\\\/ru\\\/\"},{\"@type\":\"ListItem\",\"position\":2,\"name\":\"Products\",\"item\":\"https:\\\/\\\/www.tosunlux.eu\\\/products\\\/\"},{\"@type\":\"ListItem\",\"position\":3,\"name\":\"LTA-206 LED Alarm Light\"}]},{\"@type\":\"WebSite\",\"@id\":\"https:\\\/\\\/www.tosunlux.eu\\\/ru\\\/#website\",\"url\":\"https:\\\/\\\/www.tosunlux.eu\\\/ru\\\/\",\"name\":\"TOSUNlux Official Site - Electrical Circuit Breaker Manufacturer in China\",\"description\":\"Power Distribution System Supplier\",\"publisher\":{\"@id\":\"https:\\\/\\\/www.tosunlux.eu\\\/ru\\\/#organization\"},\"alternateName\":\"TOSUNlux\",\"potentialAction\":[{\"@type\":\"SearchAction\",\"target\":{\"@type\":\"EntryPoint\",\"urlTemplate\":\"https:\\\/\\\/www.tosunlux.eu\\\/ru\\\/?s={search_term_string}\"},\"query-input\":{\"@type\":\"PropertyValueSpecification\",\"valueRequired\":true,\"valueName\":\"search_term_string\"}}],\"inLanguage\":\"es\"},{\"@type\":\"Organization\",\"@id\":\"https:\\\/\\\/www.tosunlux.eu\\\/ru\\\/#organization\",\"name\":\"TOSUNlux\",\"url\":\"https:\\\/\\\/www.tosunlux.eu\\\/ru\\\/\",\"logo\":{\"@type\":\"ImageObject\",\"inLanguage\":\"es\",\"@id\":\"https:\\\/\\\/www.tosunlux.eu\\\/ru\\\/#\\\/schema\\\/logo\\\/image\\\/\",\"url\":\"https:\\\/\\\/www.tosunlux.eu\\\/wp-content\\\/uploads\\\/2022\\\/01\\\/LOGOSYSM.71762f1.png\",\"contentUrl\":\"https:\\\/\\\/www.tosunlux.eu\\\/wp-content\\\/uploads\\\/2022\\\/01\\\/LOGOSYSM.71762f1.png\",\"width\":153,\"height\":55,\"caption\":\"TOSUNlux\"},\"image\":{\"@id\":\"https:\\\/\\\/www.tosunlux.eu\\\/ru\\\/#\\\/schema\\\/logo\\\/image\\\/\"},\"sameAs\":[\"https:\\\/\\\/www.facebook.com\\\/TOSUNelectric\\\/\",\"https:\\\/\\\/www.linkedin.com\\\/company\\\/wenzhou-tosun-electric-co.-ltd\\\/\"]}]}<\/script>\n<!-- \/ Yoast SEO plugin. -->","yoast_head_json":{"title":"Luz de alarma LED LTA-206 al por mayor - Sitio oficial de TOSUNlux - Fabricante de disyuntores el\u00e9ctricos en China, proveedor de equipos el\u00e9ctricos de bajo voltaje | TOSUNlux","description":"Proveedor de luz de alarma LED LTA-206: venta al por mayor directa de TOSUNlux, un fabricante confiable desde 1994. Obtenga su cotizaci\u00f3n de f\u00e1brica B2B en nuestros productos el\u00e9ctricos de bajo voltaje certificados.","robots":{"index":"index","follow":"follow","max-snippet":"max-snippet:-1","max-image-preview":"max-image-preview:large","max-video-preview":"max-video-preview:-1"},"canonical":"https:\/\/www.tosunlux.eu\/es\/products\/led-alarm-light\/","og_locale":"es_ES","og_type":"article","og_title":"WholesaleLTA-206 LED Alarm Light - TOSUNlux Official Site - Electrical Circuit Breaker Manufacturer in China Low Voltage Electrical Supplier | TOSUNlux","og_description":"LTA-206 LED Alarm Light Supplier - Wholesale direct from TOSUNlux, a trusted manufacturer since 1994. Get your B2B factory quote on our certified Low Voltage electrical products.","og_url":"https:\/\/www.tosunlux.eu\/es\/products\/led-alarm-light\/","og_site_name":"TOSUNlux Official Site - Electrical Circuit Breaker Manufacturer in China","article_publisher":"https:\/\/www.facebook.com\/TOSUNelectric\/","article_modified_time":"2022-06-13T03:23:52+00:00","og_image":[{"width":1500,"height":940,"url":"https:\/\/www.tosunlux.eu\/wp-content\/uploads\/2023\/04\/DSC08160_\u526f\u672c.jpg","type":"image\/jpeg"}],"twitter_card":"summary_large_image","twitter_misc":{"Tiempo de lectura":"1 minuto"},"schema":{"@context":"https:\/\/schema.org","@graph":[{"@type":"WebPage","@id":"https:\/\/www.tosunlux.eu\/hi\/products\/led-alarm-light\/","url":"https:\/\/www.tosunlux.eu\/hi\/products\/led-alarm-light\/","name":"Luz de alarma LED LTA-206 al por mayor - Sitio oficial de TOSUNlux - Fabricante de disyuntores el\u00e9ctricos en China, proveedor de equipos el\u00e9ctricos de bajo voltaje | TOSUNlux","isPartOf":{"@id":"https:\/\/www.tosunlux.eu\/ru\/#website"},"datePublished":"2022-06-13T01:24:04+00:00","dateModified":"2022-06-13T03:23:52+00:00","description":"Proveedor de luz de alarma LED LTA-206: venta al por mayor directa de TOSUNlux, un fabricante confiable desde 1994. Obtenga su cotizaci\u00f3n de f\u00e1brica B2B en nuestros productos el\u00e9ctricos de bajo voltaje certificados.","breadcrumb":{"@id":"https:\/\/www.tosunlux.eu\/hi\/products\/led-alarm-light\/#breadcrumb"},"inLanguage":"es","potentialAction":[{"@type":"ReadAction","target":["https:\/\/www.tosunlux.eu\/hi\/products\/led-alarm-light\/"]}]},{"@type":"BreadcrumbList","@id":"https:\/\/www.tosunlux.eu\/hi\/products\/led-alarm-light\/#breadcrumb","itemListElement":[{"@type":"ListItem","position":1,"name":"Home","item":"https:\/\/www.tosunlux.eu\/ru\/"},{"@type":"ListItem","position":2,"name":"Products","item":"https:\/\/www.tosunlux.eu\/products\/"},{"@type":"ListItem","position":3,"name":"LTA-206 LED Alarm Light"}]},{"@type":"WebSite","@id":"https:\/\/www.tosunlux.eu\/ru\/#website","url":"https:\/\/www.tosunlux.eu\/ru\/","name":"Sitio oficial de TOSUNlux - Fabricante de disyuntores el\u00e9ctricos en China","description":"Proveedor de sistemas de distribuci\u00f3n de energ\u00eda","publisher":{"@id":"https:\/\/www.tosunlux.eu\/ru\/#organization"},"alternateName":"TOSUNlux","potentialAction":[{"@type":"SearchAction","target":{"@type":"EntryPoint","urlTemplate":"https:\/\/www.tosunlux.eu\/ru\/?s={search_term_string}"},"query-input":{"@type":"PropertyValueSpecification","valueRequired":true,"valueName":"search_term_string"}}],"inLanguage":"es"},{"@type":"Organization","@id":"https:\/\/www.tosunlux.eu\/ru\/#organization","name":"TOSUNlux","url":"https:\/\/www.tosunlux.eu\/ru\/","logo":{"@type":"ImageObject","inLanguage":"es","@id":"https:\/\/www.tosunlux.eu\/ru\/#\/schema\/logo\/image\/","url":"https:\/\/www.tosunlux.eu\/wp-content\/uploads\/2022\/01\/LOGOSYSM.71762f1.png","contentUrl":"https:\/\/www.tosunlux.eu\/wp-content\/uploads\/2022\/01\/LOGOSYSM.71762f1.png","width":153,"height":55,"caption":"TOSUNlux"},"image":{"@id":"https:\/\/www.tosunlux.eu\/ru\/#\/schema\/logo\/image\/"},"sameAs":["https:\/\/www.facebook.com\/TOSUNelectric\/","https:\/\/www.linkedin.com\/company\/wenzhou-tosun-electric-co.-ltd\/"]}]}},"_links":{"self":[{"href":"https:\/\/www.tosunlux.eu\/es\/wp-json\/wp\/v2\/product\/3718","targetHints":{"allow":["GET"]}}],"collection":[{"href":"https:\/\/www.tosunlux.eu\/es\/wp-json\/wp\/v2\/product"}],"about":[{"href":"https:\/\/www.tosunlux.eu\/es\/wp-json\/wp\/v2\/types\/product"}],"version-history":[{"count":0,"href":"https:\/\/www.tosunlux.eu\/es\/wp-json\/wp\/v2\/product\/3718\/revisions"}],"wp:attachment":[{"href":"https:\/\/www.tosunlux.eu\/es\/wp-json\/wp\/v2\/media?parent=3718"}],"wp:term":[{"taxonomy":"product_category","embeddable":true,"href":"https:\/\/www.tosunlux.eu\/es\/wp-json\/wp\/v2\/product_category?post=3718"}],"curies":[{"name":"gracias","href":"https:\/\/api.w.org\/{rel}","templated":true}]}}