{"id":3768,"date":"2022-06-13T13:08:30","date_gmt":"2022-06-13T05:08:30","guid":{"rendered":"https:\/\/www.tosunlux.eu\/?post_type=product&#038;p=3768"},"modified":"2023-03-16T13:15:03","modified_gmt":"2023-03-16T05:15:03","slug":"electrical-car-charger","status":"publish","type":"product","link":"https:\/\/www.tosunlux.eu\/es\/products\/electrical-car-charger\/","title":{"rendered":"Cargador de coche el\u00e9ctrico"},"content":{"rendered":"<figure class=\"wp-block-image size-large is-resized\"><img fetchpriority=\"high\" decoding=\"async\" src=\"https:\/\/www.tosunlux.eu\/wp-content\/uploads\/2022\/06\/\u5c01\u9762-1024x916.jpg\" alt=\"\" class=\"wp-image-3770\" width=\"734\" height=\"656\" srcset=\"https:\/\/www.tosunlux.eu\/wp-content\/uploads\/2022\/06\/\u5c01\u9762-1024x916.jpg 1024w, https:\/\/www.tosunlux.eu\/wp-content\/uploads\/2022\/06\/\u5c01\u9762-300x268.jpg 300w, https:\/\/www.tosunlux.eu\/wp-content\/uploads\/2022\/06\/\u5c01\u9762-768x687.jpg 768w, https:\/\/www.tosunlux.eu\/wp-content\/uploads\/2022\/06\/\u5c01\u9762-1536x1374.jpg 1536w, https:\/\/www.tosunlux.eu\/wp-content\/uploads\/2022\/06\/\u5c01\u9762-2048x1833.jpg 2048w\" sizes=\"(max-width: 734px) 100vw, 734px\" \/><\/figure>\n\n\n\n<p><\/p>\n\n\n\n<p><\/p>\n\n\n<p><strong>Especificaci\u00f3n<\/strong><\/p>\n<table width=\"744\">\n<tbody>\n<tr>\n<td style=\"text-align: center;\" width=\"210\">Tipo&nbsp;<\/td>\n<td style=\"text-align: center;\" width=\"155\">E5T1132\/E5T2132<\/td>\n<td style=\"text-align: center;\" width=\"126\">E5T2332<\/td>\n<td style=\"text-align: center;\" width=\"127\">E5T2232<\/td>\n<td style=\"text-align: center;\" width=\"126\">E5T2432<\/td>\n<\/tr>\n<tr>\n<td style=\"text-align: center;\" width=\"210\">alimentaci\u00f3n de CA<\/td>\n<td style=\"text-align: center;\" width=\"155\">1P+N+PE<\/td>\n<td style=\"text-align: center;\" width=\"126\">3P+N+PE<\/td>\n<td style=\"text-align: center;\" width=\"127\">1P+N+PE<\/td>\n<td style=\"text-align: center;\" width=\"126\">2P+N+PE<\/td>\n<\/tr>\n<tr>\n<td style=\"text-align: center;\" width=\"210\">Tensi\u00f3n de alimentaci\u00f3n<\/td>\n<td style=\"text-align: center;\" width=\"155\">AC230\uff5e\u00b110%<\/td>\n<td style=\"text-align: center;\" width=\"126\">AC400\uff5e\u00b110%<\/td>\n<td style=\"text-align: center;\" width=\"127\">AC230\uff5e\u00b110%<\/td>\n<td style=\"text-align: center;\" width=\"126\">AC400\uff5e\u00b110%<\/td>\n<\/tr>\n<tr>\n<td style=\"text-align: center;\" width=\"210\">Corriente nominal<\/td>\n<td style=\"text-align: center;\" colspan=\"4\" width=\"534\">10-32A&nbsp;<\/td>\n<\/tr>\n<tr>\n<td style=\"text-align: center;\" width=\"210\">Poder maximo<\/td>\n<td style=\"text-align: center;\" width=\"155\">7.4kW<\/td>\n<td style=\"text-align: center;\" width=\"126\">22kW<\/td>\n<td style=\"text-align: center;\" width=\"127\">7.4kW<\/td>\n<td style=\"text-align: center;\" width=\"126\">22kW<\/td>\n<\/tr>\n<tr>\n<td style=\"text-align: center;\" width=\"210\">Frecuencia<\/td>\n<td style=\"text-align: center;\" colspan=\"4\" width=\"534\">50-60Hz<\/td>\n<\/tr>\n<tr>\n<td style=\"text-align: center;\" width=\"210\">Longitud del cable<\/td>\n<td style=\"text-align: center;\" colspan=\"2\" width=\"281\">5m<\/td>\n<td style=\"text-align: center;\" colspan=\"2\" width=\"253\">Enchufe<\/td>\n<\/tr>\n<tr>\n<td style=\"text-align: center;\" width=\"210\">Enchufes\/enchufes<\/td>\n<td style=\"text-align: center;\" width=\"155\">Tipo1\/Tipo2<\/td>\n<td style=\"text-align: center;\" colspan=\"3\" width=\"379\">Tipo 2<\/td>\n<\/tr>\n<tr>\n<td style=\"text-align: center;\" width=\"210\">Peso<\/td>\n<td style=\"text-align: center;\" width=\"155\">4,4 kg<\/td>\n<td style=\"text-align: center;\" width=\"126\">5,6 kg<\/td>\n<td style=\"text-align: center;\" width=\"127\">2,65 kg<\/td>\n<td style=\"text-align: center;\" width=\"126\">2,8 kg<\/td>\n<\/tr>\n<tr>\n<td style=\"text-align: center;\" width=\"210\">Grado de propiedad intelectual<\/td>\n<td style=\"text-align: center;\" colspan=\"4\" width=\"534\">IP55<\/td>\n<\/tr>\n<tr>\n<td style=\"text-align: center;\" width=\"210\">Temperatura de trabajo<\/td>\n<td style=\"text-align: center;\" colspan=\"4\" width=\"534\">-40\u2103-+45\u2103<\/td>\n<\/tr>\n<tr>\n<td style=\"text-align: center;\" width=\"210\">Manera de enfriamiento<\/td>\n<td style=\"text-align: center;\" colspan=\"4\" width=\"534\">refrigeraci\u00f3n natural<\/td>\n<\/tr>\n<tr>\n<td style=\"text-align: center;\" width=\"210\">color de la concha<\/td>\n<td style=\"text-align: center;\" colspan=\"4\" width=\"534\">blanco negro<\/td>\n<\/tr>\n<tr>\n<td style=\"text-align: center;\" width=\"210\">Concha abatible<\/td>\n<td style=\"text-align: center;\" colspan=\"4\" width=\"534\">opcional<\/td>\n<\/tr>\n<tr>\n<td style=\"text-align: center;\" width=\"210\">Funcion especial<\/td>\n<td style=\"text-align: center;\" colspan=\"4\" width=\"534\">RCMU\/DLB\/RFID opcional&nbsp;<\/td>\n<\/tr>\n<tr>\n<td style=\"text-align: center;\" width=\"210\">Modo de instalaci\u00f3n<\/td>\n<td style=\"text-align: center;\" colspan=\"4\" width=\"534\">pared (predeterminado)\/columna<\/td>\n<\/tr>\n<\/tbody>\n<\/table>\n\n\n<p><strong>Funcion especial<\/strong><\/p>\n\n\n\n<p>RCMU<\/p>\n\n\n\n<p>Si se produce una fuga de CC durante el proceso de carga, la pila de carga se desconectar\u00e1 y se recuperar\u00e1 autom\u00e1ticamente despu\u00e9s de eliminar la falla de fuga sin operaci\u00f3n manual. El controlador inspeccionar\u00e1 autom\u00e1ticamente la RCMU antes de cada proceso de carga para confirmar el estado normal de la RCMU.<\/p>\n\n\n\n<p>DCL<\/p>\n\n\n\n<p>El tipo de equilibrio de carga din\u00e1mico (DLB) est\u00e1 dise\u00f1ado para un uso razonable de la electricidad dom\u00e9stica mediante la conexi\u00f3n de un transformador externo a la pila de carga. Cuando el volumen de corriente total detectado por el transformador excede la corriente establecida, la pila de carga disminuir\u00e1 gradualmente la corriente de carga hasta que la pila de carga deje de cargar. Cuando la corriente total detectada por el transformador es menor que la corriente establecida despu\u00e9s del pico de consumo de electricidad, la pila de carga autom\u00e1ticamente comienza a realizar el equilibrio din\u00e1mico seleccionando la corriente adecuada para la carga. La corriente de carga de la pila de carga no es fija, var\u00eda de 10 A a 32 A seg\u00fan los requisitos reales, que no se pueden configurar.<\/p>\n\n\n\n<p><strong>Dimensiones<\/strong><\/p>\n\n\n\n<figure class=\"wp-block-image size-large\"><img decoding=\"async\" width=\"1024\" height=\"394\" src=\"https:\/\/www.tosunlux.eu\/wp-content\/uploads\/2022\/06\/\u65b0\u80fd\u6e90\u76ee\u5f55-2-1024x394.jpg\" alt=\"\" class=\"wp-image-3771\" srcset=\"https:\/\/www.tosunlux.eu\/wp-content\/uploads\/2022\/06\/\u65b0\u80fd\u6e90\u76ee\u5f55-2-1024x394.jpg 1024w, https:\/\/www.tosunlux.eu\/wp-content\/uploads\/2022\/06\/\u65b0\u80fd\u6e90\u76ee\u5f55-2-300x116.jpg 300w, https:\/\/www.tosunlux.eu\/wp-content\/uploads\/2022\/06\/\u65b0\u80fd\u6e90\u76ee\u5f55-2-768x296.jpg 768w, https:\/\/www.tosunlux.eu\/wp-content\/uploads\/2022\/06\/\u65b0\u80fd\u6e90\u76ee\u5f55-2-1536x592.jpg 1536w, https:\/\/www.tosunlux.eu\/wp-content\/uploads\/2022\/06\/\u65b0\u80fd\u6e90\u76ee\u5f55-2.jpg 1781w\" sizes=\"(max-width: 1024px) 100vw, 1024px\" \/><\/figure>","protected":false},"parent":0,"template":"","product_category":[157],"class_list":["post-3768","product","type-product","status-publish","hentry","product_category-electrical-car-charge"],"yoast_head":"<!-- This site is optimized with the Yoast SEO plugin v27.5 - https:\/\/yoast.com\/product\/yoast-seo-wordpress\/ -->\n<title>WholesaleElectrical Car Charger - TOSUNlux Official Site - Electrical Circuit Breaker Manufacturer in China Low Voltage Electrical Supplier | TOSUNlux<\/title>\n<meta name=\"description\" content=\"Electrical Car Charger Supplier - Wholesale direct from TOSUNlux, a trusted manufacturer since 1994. Get your B2B factory quote on our certified Low Voltage electrical products.\" \/>\n<meta name=\"robots\" content=\"index, follow, max-snippet:-1, max-image-preview:large, max-video-preview:-1\" \/>\n<link rel=\"canonical\" href=\"https:\/\/www.tosunlux.eu\/es\/products\/electrical-car-charger\/\" \/>\n<meta property=\"og:locale\" content=\"es_ES\" \/>\n<meta property=\"og:type\" content=\"article\" \/>\n<meta property=\"og:title\" content=\"WholesaleElectrical Car Charger - TOSUNlux Official Site - Electrical Circuit Breaker Manufacturer in China Low Voltage Electrical Supplier | TOSUNlux\" \/>\n<meta property=\"og:description\" content=\"Electrical Car Charger Supplier - Wholesale direct from TOSUNlux, a trusted manufacturer since 1994. Get your B2B factory quote on our certified Low Voltage electrical products.\" \/>\n<meta property=\"og:url\" content=\"https:\/\/www.tosunlux.eu\/es\/products\/electrical-car-charger\/\" \/>\n<meta property=\"og:site_name\" content=\"TOSUNlux Official Site - Electrical Circuit Breaker Manufacturer in China\" \/>\n<meta property=\"article:publisher\" content=\"https:\/\/www.facebook.com\/TOSUNelectric\/\" \/>\n<meta property=\"article:modified_time\" content=\"2023-03-16T05:15:03+00:00\" \/>\n<meta property=\"og:image\" content=\"https:\/\/www.tosunlux.eu\/wp-content\/uploads\/2023\/04\/DSC08160_\u526f\u672c.jpg\" \/>\n\t<meta property=\"og:image:width\" content=\"1500\" \/>\n\t<meta property=\"og:image:height\" content=\"940\" \/>\n\t<meta property=\"og:image:type\" content=\"image\/jpeg\" \/>\n<meta name=\"twitter:card\" content=\"summary_large_image\" \/>\n<meta name=\"twitter:label1\" content=\"Tiempo de lectura\" \/>\n\t<meta name=\"twitter:data1\" content=\"2 minutos\" \/>\n<script type=\"application\/ld+json\" class=\"yoast-schema-graph\">{\"@context\":\"https:\\\/\\\/schema.org\",\"@graph\":[{\"@type\":\"WebPage\",\"@id\":\"https:\\\/\\\/www.tosunlux.eu\\\/id\\\/products\\\/electrical-car-charger\\\/\",\"url\":\"https:\\\/\\\/www.tosunlux.eu\\\/id\\\/products\\\/electrical-car-charger\\\/\",\"name\":\"WholesaleElectrical Car Charger - TOSUNlux Official Site - Electrical Circuit Breaker Manufacturer in China Low Voltage Electrical Supplier | TOSUNlux\",\"isPartOf\":{\"@id\":\"https:\\\/\\\/www.tosunlux.eu\\\/ru\\\/#website\"},\"datePublished\":\"2022-06-13T05:08:30+00:00\",\"dateModified\":\"2023-03-16T05:15:03+00:00\",\"description\":\"Electrical Car Charger Supplier - Wholesale direct from TOSUNlux, a trusted manufacturer since 1994. Get your B2B factory quote on our certified Low Voltage electrical products.\",\"breadcrumb\":{\"@id\":\"https:\\\/\\\/www.tosunlux.eu\\\/id\\\/products\\\/electrical-car-charger\\\/#breadcrumb\"},\"inLanguage\":\"es\",\"potentialAction\":[{\"@type\":\"ReadAction\",\"target\":[\"https:\\\/\\\/www.tosunlux.eu\\\/id\\\/products\\\/electrical-car-charger\\\/\"]}]},{\"@type\":\"BreadcrumbList\",\"@id\":\"https:\\\/\\\/www.tosunlux.eu\\\/id\\\/products\\\/electrical-car-charger\\\/#breadcrumb\",\"itemListElement\":[{\"@type\":\"ListItem\",\"position\":1,\"name\":\"Home\",\"item\":\"https:\\\/\\\/www.tosunlux.eu\\\/ru\\\/\"},{\"@type\":\"ListItem\",\"position\":2,\"name\":\"Products\",\"item\":\"https:\\\/\\\/www.tosunlux.eu\\\/products\\\/\"},{\"@type\":\"ListItem\",\"position\":3,\"name\":\"Electrical Car Charger\"}]},{\"@type\":\"WebSite\",\"@id\":\"https:\\\/\\\/www.tosunlux.eu\\\/ru\\\/#website\",\"url\":\"https:\\\/\\\/www.tosunlux.eu\\\/ru\\\/\",\"name\":\"TOSUNlux Official Site - Electrical Circuit Breaker Manufacturer in China\",\"description\":\"Power Distribution System Supplier\",\"publisher\":{\"@id\":\"https:\\\/\\\/www.tosunlux.eu\\\/ru\\\/#organization\"},\"alternateName\":\"TOSUNlux\",\"potentialAction\":[{\"@type\":\"SearchAction\",\"target\":{\"@type\":\"EntryPoint\",\"urlTemplate\":\"https:\\\/\\\/www.tosunlux.eu\\\/ru\\\/?s={search_term_string}\"},\"query-input\":{\"@type\":\"PropertyValueSpecification\",\"valueRequired\":true,\"valueName\":\"search_term_string\"}}],\"inLanguage\":\"es\"},{\"@type\":\"Organization\",\"@id\":\"https:\\\/\\\/www.tosunlux.eu\\\/ru\\\/#organization\",\"name\":\"TOSUNlux\",\"url\":\"https:\\\/\\\/www.tosunlux.eu\\\/ru\\\/\",\"logo\":{\"@type\":\"ImageObject\",\"inLanguage\":\"es\",\"@id\":\"https:\\\/\\\/www.tosunlux.eu\\\/ru\\\/#\\\/schema\\\/logo\\\/image\\\/\",\"url\":\"https:\\\/\\\/www.tosunlux.eu\\\/wp-content\\\/uploads\\\/2022\\\/01\\\/LOGOSYSM.71762f1.png\",\"contentUrl\":\"https:\\\/\\\/www.tosunlux.eu\\\/wp-content\\\/uploads\\\/2022\\\/01\\\/LOGOSYSM.71762f1.png\",\"width\":153,\"height\":55,\"caption\":\"TOSUNlux\"},\"image\":{\"@id\":\"https:\\\/\\\/www.tosunlux.eu\\\/ru\\\/#\\\/schema\\\/logo\\\/image\\\/\"},\"sameAs\":[\"https:\\\/\\\/www.facebook.com\\\/TOSUNelectric\\\/\",\"https:\\\/\\\/www.linkedin.com\\\/company\\\/wenzhou-tosun-electric-co.-ltd\\\/\"]}]}<\/script>\n<!-- \/ Yoast SEO plugin. -->","yoast_head_json":{"title":"Cargadores el\u00e9ctricos para coche al por mayor - Sitio oficial de TOSUNlux - Fabricante de disyuntores el\u00e9ctricos en China, proveedor de equipos el\u00e9ctricos de bajo voltaje | TOSUNlux","description":"Proveedor de cargadores para veh\u00edculos el\u00e9ctricos: venta al por mayor directa de TOSUNlux, un fabricante confiable desde 1994. Obtenga su cotizaci\u00f3n de f\u00e1brica B2B para nuestros productos el\u00e9ctricos de bajo voltaje certificados.","robots":{"index":"index","follow":"follow","max-snippet":"max-snippet:-1","max-image-preview":"max-image-preview:large","max-video-preview":"max-video-preview:-1"},"canonical":"https:\/\/www.tosunlux.eu\/es\/products\/electrical-car-charger\/","og_locale":"es_ES","og_type":"article","og_title":"WholesaleElectrical Car Charger - TOSUNlux Official Site - Electrical Circuit Breaker Manufacturer in China Low Voltage Electrical Supplier | TOSUNlux","og_description":"Electrical Car Charger Supplier - Wholesale direct from TOSUNlux, a trusted manufacturer since 1994. Get your B2B factory quote on our certified Low Voltage electrical products.","og_url":"https:\/\/www.tosunlux.eu\/es\/products\/electrical-car-charger\/","og_site_name":"TOSUNlux Official Site - Electrical Circuit Breaker Manufacturer in China","article_publisher":"https:\/\/www.facebook.com\/TOSUNelectric\/","article_modified_time":"2023-03-16T05:15:03+00:00","og_image":[{"width":1500,"height":940,"url":"https:\/\/www.tosunlux.eu\/wp-content\/uploads\/2023\/04\/DSC08160_\u526f\u672c.jpg","type":"image\/jpeg"}],"twitter_card":"summary_large_image","twitter_misc":{"Tiempo de lectura":"2 minutos"},"schema":{"@context":"https:\/\/schema.org","@graph":[{"@type":"WebPage","@id":"https:\/\/www.tosunlux.eu\/id\/products\/electrical-car-charger\/","url":"https:\/\/www.tosunlux.eu\/id\/products\/electrical-car-charger\/","name":"Cargadores el\u00e9ctricos para coche al por mayor - Sitio oficial de TOSUNlux - Fabricante de disyuntores el\u00e9ctricos en China, proveedor de equipos el\u00e9ctricos de bajo voltaje | TOSUNlux","isPartOf":{"@id":"https:\/\/www.tosunlux.eu\/ru\/#website"},"datePublished":"2022-06-13T05:08:30+00:00","dateModified":"2023-03-16T05:15:03+00:00","description":"Proveedor de cargadores para veh\u00edculos el\u00e9ctricos: venta al por mayor directa de TOSUNlux, un fabricante confiable desde 1994. Obtenga su cotizaci\u00f3n de f\u00e1brica B2B para nuestros productos el\u00e9ctricos de bajo voltaje certificados.","breadcrumb":{"@id":"https:\/\/www.tosunlux.eu\/id\/products\/electrical-car-charger\/#breadcrumb"},"inLanguage":"es","potentialAction":[{"@type":"ReadAction","target":["https:\/\/www.tosunlux.eu\/id\/products\/electrical-car-charger\/"]}]},{"@type":"BreadcrumbList","@id":"https:\/\/www.tosunlux.eu\/id\/products\/electrical-car-charger\/#breadcrumb","itemListElement":[{"@type":"ListItem","position":1,"name":"Home","item":"https:\/\/www.tosunlux.eu\/ru\/"},{"@type":"ListItem","position":2,"name":"Products","item":"https:\/\/www.tosunlux.eu\/products\/"},{"@type":"ListItem","position":3,"name":"Electrical Car Charger"}]},{"@type":"WebSite","@id":"https:\/\/www.tosunlux.eu\/ru\/#website","url":"https:\/\/www.tosunlux.eu\/ru\/","name":"Sitio oficial de TOSUNlux - Fabricante de disyuntores el\u00e9ctricos en China","description":"Proveedor de sistemas de distribuci\u00f3n de energ\u00eda","publisher":{"@id":"https:\/\/www.tosunlux.eu\/ru\/#organization"},"alternateName":"TOSUNlux","potentialAction":[{"@type":"SearchAction","target":{"@type":"EntryPoint","urlTemplate":"https:\/\/www.tosunlux.eu\/ru\/?s={search_term_string}"},"query-input":{"@type":"PropertyValueSpecification","valueRequired":true,"valueName":"search_term_string"}}],"inLanguage":"es"},{"@type":"Organization","@id":"https:\/\/www.tosunlux.eu\/ru\/#organization","name":"TOSUNlux","url":"https:\/\/www.tosunlux.eu\/ru\/","logo":{"@type":"ImageObject","inLanguage":"es","@id":"https:\/\/www.tosunlux.eu\/ru\/#\/schema\/logo\/image\/","url":"https:\/\/www.tosunlux.eu\/wp-content\/uploads\/2022\/01\/LOGOSYSM.71762f1.png","contentUrl":"https:\/\/www.tosunlux.eu\/wp-content\/uploads\/2022\/01\/LOGOSYSM.71762f1.png","width":153,"height":55,"caption":"TOSUNlux"},"image":{"@id":"https:\/\/www.tosunlux.eu\/ru\/#\/schema\/logo\/image\/"},"sameAs":["https:\/\/www.facebook.com\/TOSUNelectric\/","https:\/\/www.linkedin.com\/company\/wenzhou-tosun-electric-co.-ltd\/"]}]}},"_links":{"self":[{"href":"https:\/\/www.tosunlux.eu\/es\/wp-json\/wp\/v2\/product\/3768","targetHints":{"allow":["GET"]}}],"collection":[{"href":"https:\/\/www.tosunlux.eu\/es\/wp-json\/wp\/v2\/product"}],"about":[{"href":"https:\/\/www.tosunlux.eu\/es\/wp-json\/wp\/v2\/types\/product"}],"version-history":[{"count":0,"href":"https:\/\/www.tosunlux.eu\/es\/wp-json\/wp\/v2\/product\/3768\/revisions"}],"wp:attachment":[{"href":"https:\/\/www.tosunlux.eu\/es\/wp-json\/wp\/v2\/media?parent=3768"}],"wp:term":[{"taxonomy":"product_category","embeddable":true,"href":"https:\/\/www.tosunlux.eu\/es\/wp-json\/wp\/v2\/product_category?post=3768"}],"curies":[{"name":"gracias","href":"https:\/\/api.w.org\/{rel}","templated":true}]}}