{"id":4285,"date":"2022-07-07T17:33:00","date_gmt":"2022-07-07T09:33:00","guid":{"rendered":"https:\/\/www.tosunlux.eu\/?post_type=product&#038;p=4285"},"modified":"2022-07-07T17:37:31","modified_gmt":"2022-07-07T09:37:31","slug":"bullet-receptacle-insulated-disconnector","status":"publish","type":"product","link":"https:\/\/www.tosunlux.eu\/es\/products\/bullet-receptacle-insulated-disconnector\/","title":{"rendered":"Seccionador aislado de bala y recept\u00e1culo"},"content":{"rendered":"<p><strong>Especificaci\u00f3n<\/strong><\/p>\n<p>Secci\u00f3n de plomo: 0.5~1.5mm2(AWG22~16) Corriente m\u00e1xima: =10A<\/p>\n<table style=\"border-collapse: collapse; width: 760.52pt;\" border=\"0\" width=\"1014\" cellspacing=\"0\" cellpadding=\"0\">\n<tbody>\n<tr style=\"height: 13.50pt;\">\n<td class=\"et2\" style=\"height: 27pt; width: 96pt; text-align: center;\" rowspan=\"2\" width=\"128\" height=\"36\">Modelo<\/td>\n<td class=\"et3\" style=\"width: 81.75pt; text-align: center;\" rowspan=\"2\" width=\"109\">Espesor<\/td>\n<td class=\"et3\" style=\"width: 509.25pt; text-align: center;\" colspan=\"6\" width=\"679\">Dimensiones<\/td>\n<td class=\"et6\" style=\"width: 73.5pt; text-align: center;\" rowspan=\"2\" width=\"98\">Color<\/td>\n<\/tr>\n<tr style=\"height: 13.50pt;\">\n<td class=\"et2\" style=\"width: 81.75pt; text-align: center;\" width=\"109\">b\u03c6<\/td>\n<td class=\"et2\" style=\"width: 81.75pt; text-align: center;\" width=\"109\">F<\/td>\n<td class=\"et2\" style=\"width: 159pt; text-align: center;\" width=\"212\">D\u03c6<\/td>\n<td class=\"et4\" style=\"text-align: center;\">d\u03c6<\/td>\n<td class=\"et2\" style=\"width: 65.25pt; text-align: center;\" width=\"87\">H<\/td>\n<td class=\"et4\" style=\"text-align: center;\">L<\/td>\n<\/tr>\n<tr style=\"height: 13.50pt;\">\n<td class=\"et4\" style=\"height: 13.5pt; text-align: center;\" height=\"18\">MPD1.25-156<\/td>\n<td class=\"et4\" style=\"text-align: center;\" align=\"right\">0.4<\/td>\n<td class=\"et4\" style=\"text-align: center;\" align=\"right\">4<\/td>\n<td class=\"et4\" style=\"text-align: center;\" align=\"right\">11<\/td>\n<td class=\"et4\" style=\"text-align: center;\" align=\"right\">2.7<\/td>\n<td class=\"et4\" style=\"text-align: center;\" align=\"right\">1.7<\/td>\n<td class=\"et4\" style=\"text-align: center;\" align=\"right\">10<\/td>\n<td class=\"et4\" style=\"text-align: center;\" align=\"right\">21<\/td>\n<td class=\"et4\" style=\"text-align: center;\">Rojo<\/td>\n<\/tr>\n<\/tbody>\n<\/table>\n\n<p>\u00a0<\/p>\n<p>Secci\u00f3n de plomo: 1.5~2.5mm2(AWG16~14) Corriente m\u00e1xima: =15A<\/p>\n<table style=\"border-collapse: collapse; width: 760.52pt;\" border=\"0\" width=\"1014\" cellspacing=\"0\" cellpadding=\"0\">\n<tbody>\n<tr style=\"height: 13.50pt;\">\n<td class=\"et2\" style=\"height: 27pt; width: 96pt; text-align: center;\" rowspan=\"2\" width=\"128\" height=\"36\">Modelo<\/td>\n<td class=\"et3\" style=\"width: 81.75pt; text-align: center;\" rowspan=\"2\" width=\"109\">Espesor<\/td>\n<td class=\"et3\" style=\"width: 509.25pt; text-align: center;\" colspan=\"6\" width=\"679\">Dimensiones<\/td>\n<td class=\"et6\" style=\"width: 73.5pt; text-align: center;\" rowspan=\"2\" width=\"98\">Color<\/td>\n<\/tr>\n<tr style=\"height: 13.50pt;\">\n<td class=\"et2\" style=\"width: 81.75pt; text-align: center;\" width=\"109\">b\u03c6<\/td>\n<td class=\"et2\" style=\"width: 81.75pt; text-align: center;\" width=\"109\">F<\/td>\n<td class=\"et2\" style=\"width: 159pt; text-align: center;\" width=\"212\">D\u03c6<\/td>\n<td class=\"et4\" style=\"text-align: center;\">d\u03c6<\/td>\n<td class=\"et2\" style=\"width: 65.25pt; text-align: center;\" width=\"87\">H<\/td>\n<td class=\"et4\" style=\"text-align: center;\">L<\/td>\n<\/tr>\n<tr style=\"height: 13.50pt;\">\n<td class=\"et4\" style=\"height: 13.5pt; text-align: center;\" height=\"18\">MPD2-156<\/td>\n<td class=\"et4\" style=\"text-align: center;\" align=\"right\">0.4<\/td>\n<td class=\"et4\" style=\"text-align: center;\" align=\"right\">4<\/td>\n<td class=\"et4\" style=\"text-align: center;\" align=\"right\">16<\/td>\n<td class=\"et4\" style=\"text-align: center;\" align=\"right\">2.7<\/td>\n<td class=\"et4\" style=\"text-align: center;\" align=\"right\">1.7<\/td>\n<td class=\"et4\" style=\"text-align: center;\" align=\"right\">10<\/td>\n<td class=\"et4\" style=\"text-align: center;\" align=\"right\">21<\/td>\n<td class=\"et6\" style=\"text-align: center;\" rowspan=\"2\">Azul<\/td>\n<\/tr>\n<tr style=\"height: 13.50pt;\">\n<td class=\"et4\" style=\"height: 13.5pt; text-align: center;\" height=\"18\">MPD2-195<\/td>\n<td class=\"et4\" style=\"text-align: center;\" align=\"right\">0.4<\/td>\n<td class=\"et4\" style=\"text-align: center;\" align=\"right\">5<\/td>\n<td class=\"et4\" style=\"text-align: center;\" align=\"right\">16<\/td>\n<td class=\"et4\" style=\"text-align: center;\" align=\"right\">2.7<\/td>\n<td class=\"et4\" style=\"text-align: center;\" align=\"right\">1.7<\/td>\n<td class=\"et4\" style=\"text-align: center;\" align=\"right\">10<\/td>\n<td class=\"et4\" style=\"text-align: center;\" align=\"right\">21<\/td>\n<\/tr>\n<\/tbody>\n<\/table>\n\n<p>\u00a0<\/p>\n<p>Secci\u00f3n de plomo: 4~6mm2(AWG12~10) Corriente m\u00e1xima: =24A<\/p>\n<table style=\"border-collapse: collapse; width: 760.52pt;\" border=\"0\" width=\"1014\" cellspacing=\"0\" cellpadding=\"0\">\n<tbody>\n<tr style=\"height: 13.50pt;\">\n<td class=\"et2\" style=\"height: 27pt; width: 96pt; text-align: center;\" rowspan=\"2\" width=\"128\" height=\"36\">Modelo<\/td>\n<td class=\"et3\" style=\"width: 81.75pt; text-align: center;\" rowspan=\"2\" width=\"109\">Espesor<\/td>\n<td class=\"et3\" style=\"width: 509.25pt; text-align: center;\" colspan=\"6\" width=\"679\">Dimensiones<\/td>\n<td class=\"et6\" style=\"width: 73.5pt; text-align: center;\" rowspan=\"2\" width=\"98\">Color<\/td>\n<\/tr>\n<tr style=\"height: 13.50pt;\">\n<td class=\"et2\" style=\"width: 81.75pt; text-align: center;\" width=\"109\">b\u03c6<\/td>\n<td class=\"et2\" style=\"width: 81.75pt; text-align: center;\" width=\"109\">F<\/td>\n<td class=\"et2\" style=\"width: 159pt; text-align: center;\" width=\"212\">D\u03c6<\/td>\n<td class=\"et4\" style=\"text-align: center;\">d\u03c6<\/td>\n<td class=\"et2\" style=\"width: 65.25pt; text-align: center;\" width=\"87\">H<\/td>\n<td class=\"et4\" style=\"text-align: center;\">L<\/td>\n<\/tr>\n<tr style=\"height: 13.50pt;\">\n<td class=\"et4\" style=\"height: 13.5pt; text-align: center;\" height=\"18\">MPD5.5-195<\/td>\n<td class=\"et4\" style=\"text-align: center;\" align=\"right\">0.4<\/td>\n<td class=\"et4\" style=\"text-align: center;\" align=\"right\">4<\/td>\n<td class=\"et4\" style=\"text-align: center;\" align=\"right\">11<\/td>\n<td class=\"et4\" style=\"text-align: center;\" align=\"right\">4.5<\/td>\n<td class=\"et4\" style=\"text-align: center;\" align=\"right\">3.4<\/td>\n<td class=\"et4\" style=\"text-align: center;\" align=\"right\">14<\/td>\n<td class=\"et4\" style=\"text-align: center;\" align=\"right\">25<\/td>\n<td class=\"et6\" style=\"text-align: center;\">Amarillo<\/td>\n<\/tr>\n<\/tbody>\n<\/table>\n<p>\u00a0<\/p>\n<p>Secci\u00f3n de plomo: 0.5~1.5mm2(AWG22~16) Corriente m\u00e1xima: =10A<\/p>\n<table style=\"border-collapse: collapse; width: 760.52pt;\" border=\"0\" width=\"1014\" cellspacing=\"0\" cellpadding=\"0\">\n<tbody>\n<tr style=\"height: 13.50pt;\">\n<td class=\"et2\" style=\"height: 27pt; width: 96pt; text-align: center;\" rowspan=\"2\" width=\"128\" height=\"36\">Modelo<\/td>\n<td class=\"et3\" style=\"width: 81.75pt; text-align: center;\" rowspan=\"2\" width=\"109\">Espesor<\/td>\n<td class=\"et3\" style=\"width: 509.25pt; text-align: center;\" colspan=\"6\" width=\"679\">Dimensiones<\/td>\n<td class=\"et6\" style=\"width: 73.5pt; text-align: center;\" rowspan=\"2\" width=\"98\">Color<\/td>\n<\/tr>\n<tr style=\"height: 13.50pt;\">\n<td class=\"et2\" style=\"width: 81.75pt; text-align: center;\" width=\"109\">b\u03c6<\/td>\n<td class=\"et2\" style=\"width: 81.75pt; text-align: center;\" width=\"109\">F<\/td>\n<td class=\"et2\" style=\"width: 159pt; text-align: center;\" width=\"212\">D\u03c6<\/td>\n<td class=\"et4\" style=\"text-align: center;\">d\u03c6<\/td>\n<td class=\"et2\" style=\"width: 65.25pt; text-align: center;\" width=\"87\">H<\/td>\n<td class=\"et4\" style=\"text-align: center;\">L<\/td>\n<\/tr>\n<tr style=\"height: 13.50pt;\">\n<td class=\"et4\" style=\"height: 13.5pt; text-align: center;\" height=\"18\">MPD1.25-156<\/td>\n<td class=\"et4\" style=\"text-align: center;\" align=\"right\">0.4<\/td>\n<td class=\"et4\" style=\"text-align: center;\" align=\"right\">4<\/td>\n<td class=\"et4\" style=\"text-align: center;\" align=\"right\">16<\/td>\n<td class=\"et4\" style=\"text-align: center;\" align=\"right\">2.7<\/td>\n<td class=\"et4\" style=\"text-align: center;\" align=\"right\">1.7<\/td>\n<td class=\"et4\" style=\"text-align: center;\" align=\"right\">13<\/td>\n<td class=\"et4\" style=\"text-align: center;\" align=\"right\">24.5<\/td>\n<td class=\"et6\" style=\"text-align: center;\">Rojo<\/td>\n<\/tr>\n<\/tbody>\n<\/table>\n\n<p>\u00a0<\/p>\n<p>Secci\u00f3n de plomo: 1.5~2.5mm2(AWG16~14) Corriente m\u00e1xima: =15A<\/p>\n<table style=\"border-collapse: collapse; width: 760.52pt;\" border=\"0\" width=\"1014\" cellspacing=\"0\" cellpadding=\"0\">\n<tbody>\n<tr style=\"height: 13.50pt;\">\n<td class=\"et2\" style=\"height: 27pt; width: 96pt; text-align: center;\" rowspan=\"2\" width=\"128\" height=\"36\">Modelo<\/td>\n<td class=\"et3\" style=\"width: 81.75pt; text-align: center;\" rowspan=\"2\" width=\"109\">Espesor<\/td>\n<td class=\"et3\" style=\"width: 509.25pt; text-align: center;\" colspan=\"6\" width=\"679\">Dimensiones<\/td>\n<td class=\"et6\" style=\"width: 73.5pt; text-align: center;\" rowspan=\"2\" width=\"98\">Color<\/td>\n<\/tr>\n<tr style=\"height: 13.50pt;\">\n<td class=\"et2\" style=\"width: 81.75pt; text-align: center;\" width=\"109\">b\u03c6<\/td>\n<td class=\"et2\" style=\"width: 81.75pt; text-align: center;\" width=\"109\">F<\/td>\n<td class=\"et2\" style=\"width: 159pt; text-align: center;\" width=\"212\">D\u03c6<\/td>\n<td class=\"et4\" style=\"text-align: center;\">d\u03c6<\/td>\n<td class=\"et2\" style=\"width: 65.25pt; text-align: center;\" width=\"87\">H<\/td>\n<td class=\"et4\" style=\"text-align: center;\">L<\/td>\n<\/tr>\n<tr style=\"height: 13.50pt;\">\n<td class=\"et4\" style=\"height: 13.5pt; text-align: center;\" height=\"18\">FRD2-156<\/td>\n<td class=\"et4\" style=\"text-align: center;\" align=\"right\">0.4<\/td>\n<td class=\"et4\" style=\"text-align: center;\" align=\"right\">4<\/td>\n<td class=\"et4\" style=\"text-align: center;\" align=\"right\">6.3<\/td>\n<td class=\"et4\" style=\"text-align: center;\" align=\"right\">3.3<\/td>\n<td class=\"et4\" style=\"text-align: center;\" align=\"right\">2.3<\/td>\n<td class=\"et4\" style=\"text-align: center;\" align=\"right\">14<\/td>\n<td class=\"et4\" style=\"text-align: center;\" align=\"right\">24.5<\/td>\n<td class=\"et6\" style=\"text-align: center;\" rowspan=\"2\">Azul<\/td>\n<\/tr>\n<tr style=\"height: 13.50pt;\">\n<td class=\"et4\" style=\"height: 13.5pt; text-align: center;\" height=\"18\">FRD2-195<\/td>\n<td class=\"et4\" style=\"text-align: center;\" align=\"right\">0.4<\/td>\n<td class=\"et4\" style=\"text-align: center;\" align=\"right\">5<\/td>\n<td class=\"et4\" style=\"text-align: center;\" align=\"right\">7<\/td>\n<td class=\"et4\" style=\"text-align: center;\" align=\"right\">3.3<\/td>\n<td class=\"et4\" style=\"text-align: center;\" align=\"right\">2.3<\/td>\n<td class=\"et4\" style=\"text-align: center;\" align=\"right\">14<\/td>\n<td class=\"et4\" style=\"text-align: center;\" align=\"right\">24.5<\/td>\n<\/tr>\n<\/tbody>\n<\/table>\n<p>\u00a0<\/p>\n<p>Secci\u00f3n de plomo: 4~65mm2(AWG12~10) Corriente m\u00e1xima: =24A<\/p>\n<table style=\"border-collapse: collapse; width: 760.52pt;\" border=\"0\" width=\"1014\" cellspacing=\"0\" cellpadding=\"0\">\n<tbody>\n<tr style=\"height: 13.50pt;\">\n<td class=\"et2\" style=\"height: 27pt; width: 96pt; text-align: center;\" rowspan=\"2\" width=\"128\" height=\"36\">Modelo<\/td>\n<td class=\"et3\" style=\"width: 81.75pt; text-align: center;\" rowspan=\"2\" width=\"109\">Espesor<\/td>\n<td class=\"et3\" style=\"width: 509.25pt; text-align: center;\" colspan=\"6\" width=\"679\">Dimensiones<\/td>\n<td class=\"et6\" style=\"width: 73.5pt; text-align: center;\" rowspan=\"2\" width=\"98\">Color<\/td>\n<\/tr>\n<tr style=\"height: 13.50pt;\">\n<td class=\"et2\" style=\"width: 81.75pt; text-align: center;\" width=\"109\">b\u03c6<\/td>\n<td class=\"et2\" style=\"width: 81.75pt; text-align: center;\" width=\"109\">F<\/td>\n<td class=\"et2\" style=\"width: 159pt; text-align: center;\" width=\"212\">D\u03c6<\/td>\n<td class=\"et4\" style=\"text-align: center;\">d\u03c6<\/td>\n<td class=\"et2\" style=\"width: 65.25pt; text-align: center;\" width=\"87\">H<\/td>\n<td class=\"et4\" style=\"text-align: center;\">L<\/td>\n<\/tr>\n<tr style=\"height: 13.50pt;\">\n<td class=\"et4\" style=\"height: 13.5pt; text-align: center;\" height=\"18\">FRD5.5-195<\/td>\n<td class=\"et4\" style=\"text-align: center;\" align=\"right\">0.4<\/td>\n<td class=\"et4\" style=\"text-align: center;\" align=\"right\">5<\/td>\n<td class=\"et4\" style=\"text-align: center;\" align=\"right\">7<\/td>\n<td class=\"et4\" style=\"text-align: center;\" align=\"right\">4.5<\/td>\n<td class=\"et4\" style=\"text-align: center;\" align=\"right\">3.4<\/td>\n<td class=\"et4\" style=\"text-align: center;\" align=\"right\">14<\/td>\n<td class=\"et4\" style=\"text-align: center;\" align=\"right\">29.5<\/td>\n<td class=\"et6\" style=\"text-align: center;\">Amarillo<\/td>\n<\/tr>\n<\/tbody>\n<\/table>\n<p style=\"text-align: center;\">\u00a0<\/p>\n\n\n<p><\/p>","protected":false},"parent":0,"template":"","product_category":[108],"class_list":["post-4285","product","type-product","status-publish","hentry","product_category-pre-insulated-terminal"],"yoast_head":"<!-- This site is optimized with the Yoast SEO plugin v27.3 - https:\/\/yoast.com\/product\/yoast-seo-wordpress\/ -->\n<title>WholesaleBullet &amp; Receptacle Insulated Disconnector - TOSUNlux Official Site - Electrical Circuit Breaker Manufacturer in China Low Voltage Electrical Supplier | TOSUNlux<\/title>\n<meta name=\"description\" content=\"Bullet &amp; Receptacle Insulated Disconnector Supplier - Wholesale direct from TOSUNlux, a trusted manufacturer since 1994. Get your B2B factory quote on our certified Low Voltage electrical products.\" \/>\n<meta name=\"robots\" content=\"index, follow, max-snippet:-1, max-image-preview:large, max-video-preview:-1\" \/>\n<link rel=\"canonical\" href=\"https:\/\/www.tosunlux.eu\/es\/products\/bullet-receptacle-insulated-disconnector\/\" \/>\n<meta property=\"og:locale\" content=\"es_ES\" \/>\n<meta property=\"og:type\" content=\"article\" \/>\n<meta property=\"og:title\" content=\"WholesaleBullet &amp; Receptacle Insulated Disconnector - TOSUNlux Official Site - Electrical Circuit Breaker Manufacturer in China Low Voltage Electrical Supplier | TOSUNlux\" \/>\n<meta property=\"og:description\" content=\"Bullet &amp; Receptacle Insulated Disconnector Supplier - Wholesale direct from TOSUNlux, a trusted manufacturer since 1994. Get your B2B factory quote on our certified Low Voltage electrical products.\" \/>\n<meta property=\"og:url\" content=\"https:\/\/www.tosunlux.eu\/es\/products\/bullet-receptacle-insulated-disconnector\/\" \/>\n<meta property=\"og:site_name\" content=\"TOSUNlux Official Site - Electrical Circuit Breaker Manufacturer in China\" \/>\n<meta property=\"article:publisher\" content=\"https:\/\/www.facebook.com\/TOSUNelectric\/\" \/>\n<meta property=\"article:modified_time\" content=\"2022-07-07T09:37:31+00:00\" \/>\n<meta property=\"og:image\" content=\"https:\/\/www.tosunlux.eu\/wp-content\/uploads\/2023\/04\/DSC08160_\u526f\u672c.jpg\" \/>\n\t<meta property=\"og:image:width\" content=\"1500\" \/>\n\t<meta property=\"og:image:height\" content=\"940\" \/>\n\t<meta property=\"og:image:type\" content=\"image\/jpeg\" \/>\n<meta name=\"twitter:card\" content=\"summary_large_image\" \/>\n<meta name=\"twitter:label1\" content=\"Tiempo de lectura\" \/>\n\t<meta name=\"twitter:data1\" content=\"1 minuto\" \/>\n<script type=\"application\/ld+json\" class=\"yoast-schema-graph\">{\"@context\":\"https:\\\/\\\/schema.org\",\"@graph\":[{\"@type\":\"WebPage\",\"@id\":\"https:\\\/\\\/www.tosunlux.eu\\\/fr\\\/products\\\/bullet-receptacle-insulated-disconnector\\\/\",\"url\":\"https:\\\/\\\/www.tosunlux.eu\\\/fr\\\/products\\\/bullet-receptacle-insulated-disconnector\\\/\",\"name\":\"WholesaleBullet & Receptacle Insulated Disconnector - TOSUNlux Official Site - Electrical Circuit Breaker Manufacturer in China Low Voltage Electrical Supplier | TOSUNlux\",\"isPartOf\":{\"@id\":\"https:\\\/\\\/www.tosunlux.eu\\\/ru\\\/#website\"},\"datePublished\":\"2022-07-07T09:33:00+00:00\",\"dateModified\":\"2022-07-07T09:37:31+00:00\",\"description\":\"Bullet & Receptacle Insulated Disconnector Supplier - Wholesale direct from TOSUNlux, a trusted manufacturer since 1994. Get your B2B factory quote on our certified Low Voltage electrical products.\",\"breadcrumb\":{\"@id\":\"https:\\\/\\\/www.tosunlux.eu\\\/fr\\\/products\\\/bullet-receptacle-insulated-disconnector\\\/#breadcrumb\"},\"inLanguage\":\"es\",\"potentialAction\":[{\"@type\":\"ReadAction\",\"target\":[\"https:\\\/\\\/www.tosunlux.eu\\\/fr\\\/products\\\/bullet-receptacle-insulated-disconnector\\\/\"]}]},{\"@type\":\"BreadcrumbList\",\"@id\":\"https:\\\/\\\/www.tosunlux.eu\\\/fr\\\/products\\\/bullet-receptacle-insulated-disconnector\\\/#breadcrumb\",\"itemListElement\":[{\"@type\":\"ListItem\",\"position\":1,\"name\":\"Home\",\"item\":\"https:\\\/\\\/www.tosunlux.eu\\\/ru\\\/\"},{\"@type\":\"ListItem\",\"position\":2,\"name\":\"Products\",\"item\":\"https:\\\/\\\/www.tosunlux.eu\\\/products\\\/\"},{\"@type\":\"ListItem\",\"position\":3,\"name\":\"Bullet &#038; Receptacle Insulated Disconnector\"}]},{\"@type\":\"WebSite\",\"@id\":\"https:\\\/\\\/www.tosunlux.eu\\\/ru\\\/#website\",\"url\":\"https:\\\/\\\/www.tosunlux.eu\\\/ru\\\/\",\"name\":\"TOSUNlux Official Site - Electrical Circuit Breaker Manufacturer in China\",\"description\":\"Power Distribution System Supplier\",\"publisher\":{\"@id\":\"https:\\\/\\\/www.tosunlux.eu\\\/ru\\\/#organization\"},\"alternateName\":\"TOSUNlux\",\"potentialAction\":[{\"@type\":\"SearchAction\",\"target\":{\"@type\":\"EntryPoint\",\"urlTemplate\":\"https:\\\/\\\/www.tosunlux.eu\\\/ru\\\/?s={search_term_string}\"},\"query-input\":{\"@type\":\"PropertyValueSpecification\",\"valueRequired\":true,\"valueName\":\"search_term_string\"}}],\"inLanguage\":\"es\"},{\"@type\":\"Organization\",\"@id\":\"https:\\\/\\\/www.tosunlux.eu\\\/ru\\\/#organization\",\"name\":\"TOSUNlux\",\"url\":\"https:\\\/\\\/www.tosunlux.eu\\\/ru\\\/\",\"logo\":{\"@type\":\"ImageObject\",\"inLanguage\":\"es\",\"@id\":\"https:\\\/\\\/www.tosunlux.eu\\\/ru\\\/#\\\/schema\\\/logo\\\/image\\\/\",\"url\":\"https:\\\/\\\/www.tosunlux.eu\\\/wp-content\\\/uploads\\\/2022\\\/01\\\/LOGOSYSM.71762f1.png\",\"contentUrl\":\"https:\\\/\\\/www.tosunlux.eu\\\/wp-content\\\/uploads\\\/2022\\\/01\\\/LOGOSYSM.71762f1.png\",\"width\":153,\"height\":55,\"caption\":\"TOSUNlux\"},\"image\":{\"@id\":\"https:\\\/\\\/www.tosunlux.eu\\\/ru\\\/#\\\/schema\\\/logo\\\/image\\\/\"},\"sameAs\":[\"https:\\\/\\\/www.facebook.com\\\/TOSUNelectric\\\/\",\"https:\\\/\\\/www.linkedin.com\\\/company\\\/wenzhou-tosun-electric-co.-ltd\\\/\"]}]}<\/script>\n<!-- \/ Yoast SEO plugin. -->","yoast_head_json":{"title":"WholesaleBullet & Receptacle Insulated Disconnector - TOSUNlux Official Site - Electrical Circuit Breaker Manufacturer in China Low Voltage Electrical Supplier | TOSUNlux","description":"Bullet & Receptacle Insulated Disconnector Supplier - Wholesale direct from TOSUNlux, a trusted manufacturer since 1994. Get your B2B factory quote on our certified Low Voltage electrical products.","robots":{"index":"index","follow":"follow","max-snippet":"max-snippet:-1","max-image-preview":"max-image-preview:large","max-video-preview":"max-video-preview:-1"},"canonical":"https:\/\/www.tosunlux.eu\/es\/products\/bullet-receptacle-insulated-disconnector\/","og_locale":"es_ES","og_type":"article","og_title":"WholesaleBullet & Receptacle Insulated Disconnector - TOSUNlux Official Site - Electrical Circuit Breaker Manufacturer in China Low Voltage Electrical Supplier | TOSUNlux","og_description":"Bullet & Receptacle Insulated Disconnector Supplier - Wholesale direct from TOSUNlux, a trusted manufacturer since 1994. Get your B2B factory quote on our certified Low Voltage electrical products.","og_url":"https:\/\/www.tosunlux.eu\/es\/products\/bullet-receptacle-insulated-disconnector\/","og_site_name":"TOSUNlux Official Site - Electrical Circuit Breaker Manufacturer in China","article_publisher":"https:\/\/www.facebook.com\/TOSUNelectric\/","article_modified_time":"2022-07-07T09:37:31+00:00","og_image":[{"width":1500,"height":940,"url":"https:\/\/www.tosunlux.eu\/wp-content\/uploads\/2023\/04\/DSC08160_\u526f\u672c.jpg","type":"image\/jpeg"}],"twitter_card":"summary_large_image","twitter_misc":{"Tiempo de lectura":"1 minuto"},"schema":{"@context":"https:\/\/schema.org","@graph":[{"@type":"WebPage","@id":"https:\/\/www.tosunlux.eu\/fr\/products\/bullet-receptacle-insulated-disconnector\/","url":"https:\/\/www.tosunlux.eu\/fr\/products\/bullet-receptacle-insulated-disconnector\/","name":"WholesaleBullet & Receptacle Insulated Disconnector - TOSUNlux Official Site - Electrical Circuit Breaker Manufacturer in China Low Voltage Electrical Supplier | TOSUNlux","isPartOf":{"@id":"https:\/\/www.tosunlux.eu\/ru\/#website"},"datePublished":"2022-07-07T09:33:00+00:00","dateModified":"2022-07-07T09:37:31+00:00","description":"Bullet & Receptacle Insulated Disconnector Supplier - Wholesale direct from TOSUNlux, a trusted manufacturer since 1994. Get your B2B factory quote on our certified Low Voltage electrical products.","breadcrumb":{"@id":"https:\/\/www.tosunlux.eu\/fr\/products\/bullet-receptacle-insulated-disconnector\/#breadcrumb"},"inLanguage":"es","potentialAction":[{"@type":"ReadAction","target":["https:\/\/www.tosunlux.eu\/fr\/products\/bullet-receptacle-insulated-disconnector\/"]}]},{"@type":"BreadcrumbList","@id":"https:\/\/www.tosunlux.eu\/fr\/products\/bullet-receptacle-insulated-disconnector\/#breadcrumb","itemListElement":[{"@type":"ListItem","position":1,"name":"Home","item":"https:\/\/www.tosunlux.eu\/ru\/"},{"@type":"ListItem","position":2,"name":"Products","item":"https:\/\/www.tosunlux.eu\/products\/"},{"@type":"ListItem","position":3,"name":"Bullet &#038; Receptacle Insulated Disconnector"}]},{"@type":"WebSite","@id":"https:\/\/www.tosunlux.eu\/ru\/#website","url":"https:\/\/www.tosunlux.eu\/ru\/","name":"Sitio oficial de TOSUNlux - Fabricante de disyuntores el\u00e9ctricos en China","description":"Proveedor de sistemas de distribuci\u00f3n de energ\u00eda","publisher":{"@id":"https:\/\/www.tosunlux.eu\/ru\/#organization"},"alternateName":"TOSUNlux","potentialAction":[{"@type":"SearchAction","target":{"@type":"EntryPoint","urlTemplate":"https:\/\/www.tosunlux.eu\/ru\/?s={search_term_string}"},"query-input":{"@type":"PropertyValueSpecification","valueRequired":true,"valueName":"search_term_string"}}],"inLanguage":"es"},{"@type":"Organization","@id":"https:\/\/www.tosunlux.eu\/ru\/#organization","name":"TOSUNlux","url":"https:\/\/www.tosunlux.eu\/ru\/","logo":{"@type":"ImageObject","inLanguage":"es","@id":"https:\/\/www.tosunlux.eu\/ru\/#\/schema\/logo\/image\/","url":"https:\/\/www.tosunlux.eu\/wp-content\/uploads\/2022\/01\/LOGOSYSM.71762f1.png","contentUrl":"https:\/\/www.tosunlux.eu\/wp-content\/uploads\/2022\/01\/LOGOSYSM.71762f1.png","width":153,"height":55,"caption":"TOSUNlux"},"image":{"@id":"https:\/\/www.tosunlux.eu\/ru\/#\/schema\/logo\/image\/"},"sameAs":["https:\/\/www.facebook.com\/TOSUNelectric\/","https:\/\/www.linkedin.com\/company\/wenzhou-tosun-electric-co.-ltd\/"]}]}},"_links":{"self":[{"href":"https:\/\/www.tosunlux.eu\/es\/wp-json\/wp\/v2\/product\/4285","targetHints":{"allow":["GET"]}}],"collection":[{"href":"https:\/\/www.tosunlux.eu\/es\/wp-json\/wp\/v2\/product"}],"about":[{"href":"https:\/\/www.tosunlux.eu\/es\/wp-json\/wp\/v2\/types\/product"}],"version-history":[{"count":1,"href":"https:\/\/www.tosunlux.eu\/es\/wp-json\/wp\/v2\/product\/4285\/revisions"}],"predecessor-version":[{"id":4293,"href":"https:\/\/www.tosunlux.eu\/es\/wp-json\/wp\/v2\/product\/4285\/revisions\/4293"}],"wp:attachment":[{"href":"https:\/\/www.tosunlux.eu\/es\/wp-json\/wp\/v2\/media?parent=4285"}],"wp:term":[{"taxonomy":"product_category","embeddable":true,"href":"https:\/\/www.tosunlux.eu\/es\/wp-json\/wp\/v2\/product_category?post=4285"}],"curies":[{"name":"gracias","href":"https:\/\/api.w.org\/{rel}","templated":true}]}}