{"id":4609,"date":"2022-07-15T11:21:51","date_gmt":"2022-07-15T03:21:51","guid":{"rendered":"https:\/\/www.tosunlux.eu\/?post_type=product&#038;p=4609"},"modified":"2022-07-15T11:21:51","modified_gmt":"2022-07-15T03:21:51","slug":"sv-busbar-terminal","status":"publish","type":"product","link":"https:\/\/www.tosunlux.eu\/es\/products\/sv-busbar-terminal\/","title":{"rendered":"Terminal de barras SV"},"content":{"rendered":"<figure class=\"wp-block-image size-full\"><img fetchpriority=\"high\" decoding=\"async\" width=\"337\" height=\"253\" src=\"https:\/\/www.tosunlux.eu\/wp-content\/uploads\/2022\/07\/sv-\u7ebf\u56fe.jpg\" alt=\"\" class=\"wp-image-4610\" srcset=\"https:\/\/www.tosunlux.eu\/wp-content\/uploads\/2022\/07\/sv-\u7ebf\u56fe.jpg 337w, https:\/\/www.tosunlux.eu\/wp-content\/uploads\/2022\/07\/sv-\u7ebf\u56fe-300x225.jpg 300w\" sizes=\"(max-width: 337px) 100vw, 337px\" \/><\/figure>\n\n\n\n<p><\/p>\n\n\n<p><strong>Especificaci\u00f3n<\/strong><\/p>\n<table style=\"border-collapse: collapse; width: 803.27pt;\" border=\"0\" width=\"1071\" cellspacing=\"0\" cellpadding=\"0\">\n<tbody>\n<tr style=\"height: 48.25pt;\">\n<td class=\"et2\" style=\"height: 48.25pt; width: 113.45pt; text-align: center;\" width=\"151\" height=\"64\">Modelo<\/td>\n<td class=\"et2\" style=\"width: 115.05pt; text-align: center;\" width=\"153\">Grosor del autob\u00fas<\/td>\n<td class=\"et2\" style=\"width: 115.05pt; text-align: center;\" width=\"153\">Rango de escurrido del conductor redondo<\/td>\n<td class=\"et2\" style=\"width: 115.05pt; text-align: center;\" width=\"153\">Espacio Terminal de Bus de Cobre Laminado<\/td>\n<td class=\"et2\" style=\"width: 115.05pt; text-align: center;\" width=\"153\">Esfuerzo de torsi\u00f3n<\/td>\n<td class=\"et2\" style=\"width: 115.05pt; text-align: center;\" width=\"153\">H m\u00ednimo<\/td>\n<td class=\"et2\" style=\"width: 115.05pt; text-align: center;\" width=\"153\">M\u00e1ximo H<\/td>\n<\/tr>\n<tr style=\"height: 23.70pt;\">\n<td class=\"et2\" style=\"height: 23.7pt; width: 113.45pt; text-align: center;\" width=\"151\" height=\"31\">SV201\/206<\/td>\n<td class=\"et2\" style=\"width: 115.05pt; text-align: center;\" rowspan=\"5\" width=\"153\">4-5 mm\/9-10 mm<\/td>\n<td class=\"et2\" style=\"width: 115.05pt; text-align: center;\" width=\"153\">1 -4mm\u00b2<\/td>\n<td class=\"et2\" style=\"width: 115.05pt; text-align: center;\" width=\"153\"><hr \/><\/td>\n<td class=\"et2\" style=\"width: 115.05pt; text-align: center;\" width=\"153\">2 nm<\/td>\n<td class=\"et2\" style=\"width: 115.05pt; text-align: center;\" width=\"153\">17<\/td>\n<td class=\"et2\" style=\"width: 115.05pt; text-align: center;\" width=\"153\">23<\/td>\n<\/tr>\n<tr style=\"height: 23.70pt;\">\n<td class=\"et2\" style=\"height: 23.7pt; width: 113.45pt; text-align: center;\" width=\"151\" height=\"31\">SV202\/207<\/td>\n<td class=\"et2\" style=\"width: 115.05pt; text-align: center;\" width=\"153\">2,5-16 mm\u00b2<\/td>\n<td class=\"et2\" style=\"width: 115.05pt; text-align: center;\" width=\"153\">8&#215;8<\/td>\n<td class=\"et2\" style=\"width: 115.05pt; text-align: center;\" width=\"153\">3 nm<\/td>\n<td class=\"et2\" style=\"width: 115.05pt; text-align: center;\" width=\"153\">22<\/td>\n<td class=\"et2\" style=\"width: 115.05pt; text-align: center;\" width=\"153\">29<\/td>\n<\/tr>\n<tr style=\"height: 24.55pt;\">\n<td class=\"et2\" style=\"height: 24.55pt; width: 113.45pt; text-align: center;\" width=\"151\" height=\"32\">SV203\/ 208<\/td>\n<td class=\"et2\" style=\"width: 115.05pt; text-align: center;\" width=\"153\">16- 50 mm\u00b2<\/td>\n<td class=\"et2\" style=\"width: 115.05pt; text-align: center;\" width=\"153\">10.5&#215;11<\/td>\n<td class=\"et2\" style=\"width: 115.05pt; text-align: center;\" width=\"153\">6-8Nm<\/td>\n<td class=\"et2\" style=\"width: 115.05pt; text-align: center;\" width=\"153\">26<\/td>\n<td class=\"et2\" style=\"width: 115.05pt; text-align: center;\" width=\"153\">39<\/td>\n<\/tr>\n<tr style=\"height: 23.70pt;\">\n<td class=\"et2\" style=\"height: 23.7pt; width: 113.45pt; text-align: center;\" width=\"151\" height=\"31\">SV204\/ 209<\/td>\n<td class=\"et2\" style=\"width: 115.05pt; text-align: center;\" width=\"153\">35-70 mm\u00b2<\/td>\n<td class=\"et2\" style=\"width: 115.05pt; text-align: center;\" width=\"153\">16.5&#215;15<\/td>\n<td class=\"et2\" style=\"width: 115.05pt; text-align: center;\" width=\"153\">10-12 nm<\/td>\n<td class=\"et2\" style=\"width: 115.05pt; text-align: center;\" width=\"153\">39<\/td>\n<td class=\"et2\" style=\"width: 115.05pt; text-align: center;\" width=\"153\">57<\/td>\n<\/tr>\n<tr style=\"height: 23.70pt;\">\n<td class=\"et2\" style=\"height: 23.7pt; width: 113.45pt; text-align: center;\" width=\"151\" height=\"31\">SV205\/210<\/td>\n<td class=\"et2\" style=\"width: 115.05pt; text-align: center;\" width=\"153\">70- 185 mm\u00b2<\/td>\n<td class=\"et2\" style=\"width: 115.05pt; text-align: center;\" width=\"153\">22.5&#215;20<\/td>\n<td class=\"et2\" style=\"width: 115.05pt; text-align: center;\" width=\"153\">12-15 nm<\/td>\n<td class=\"et2\" style=\"width: 115.05pt; text-align: center;\" width=\"153\">44<\/td>\n<td class=\"et2\" style=\"width: 115.05pt; text-align: center;\" width=\"153\">66<\/td>\n<\/tr>\n<\/tbody>\n<\/table>","protected":false},"parent":0,"template":"","product_category":[36,105],"class_list":["post-4609","product","type-product","status-publish","hentry","product_category-electrical-accessories","product_category-terminal-block"],"yoast_head":"<!-- This site is optimized with the Yoast SEO plugin v27.4 - https:\/\/yoast.com\/product\/yoast-seo-wordpress\/ -->\n<title>WholesaleSV Busbar Terminal - TOSUNlux Official Site - Electrical Circuit Breaker Manufacturer in China Low Voltage Electrical Supplier | TOSUNlux<\/title>\n<meta name=\"description\" content=\"SV Busbar Terminal Supplier - Wholesale direct from TOSUNlux, a trusted manufacturer since 1994. Get your B2B factory quote on our certified Low Voltage electrical products.\" \/>\n<meta name=\"robots\" content=\"index, follow, max-snippet:-1, max-image-preview:large, max-video-preview:-1\" \/>\n<link rel=\"canonical\" href=\"https:\/\/www.tosunlux.eu\/es\/products\/sv-busbar-terminal\/\" \/>\n<meta property=\"og:locale\" content=\"es_ES\" \/>\n<meta property=\"og:type\" content=\"article\" \/>\n<meta property=\"og:title\" content=\"WholesaleSV Busbar Terminal - TOSUNlux Official Site - Electrical Circuit Breaker Manufacturer in China Low Voltage Electrical Supplier | TOSUNlux\" \/>\n<meta property=\"og:description\" content=\"SV Busbar Terminal Supplier - Wholesale direct from TOSUNlux, a trusted manufacturer since 1994. Get your B2B factory quote on our certified Low Voltage electrical products.\" \/>\n<meta property=\"og:url\" content=\"https:\/\/www.tosunlux.eu\/es\/products\/sv-busbar-terminal\/\" \/>\n<meta property=\"og:site_name\" content=\"TOSUNlux Official Site - Electrical Circuit Breaker Manufacturer in China\" \/>\n<meta property=\"article:publisher\" content=\"https:\/\/www.facebook.com\/TOSUNelectric\/\" \/>\n<meta property=\"og:image\" content=\"https:\/\/www.tosunlux.eu\/wp-content\/uploads\/2023\/04\/DSC08160_\u526f\u672c.jpg\" \/>\n\t<meta property=\"og:image:width\" content=\"1500\" \/>\n\t<meta property=\"og:image:height\" content=\"940\" \/>\n\t<meta property=\"og:image:type\" content=\"image\/jpeg\" \/>\n<meta name=\"twitter:card\" content=\"summary_large_image\" \/>\n<meta name=\"twitter:label1\" content=\"Tiempo de lectura\" \/>\n\t<meta name=\"twitter:data1\" content=\"1 minuto\" \/>\n<script type=\"application\/ld+json\" class=\"yoast-schema-graph\">{\"@context\":\"https:\\\/\\\/schema.org\",\"@graph\":[{\"@type\":\"WebPage\",\"@id\":\"https:\\\/\\\/www.tosunlux.eu\\\/products\\\/sv-busbar-terminal\\\/\",\"url\":\"https:\\\/\\\/www.tosunlux.eu\\\/products\\\/sv-busbar-terminal\\\/\",\"name\":\"WholesaleSV Busbar Terminal - TOSUNlux Official Site - Electrical Circuit Breaker Manufacturer in China Low Voltage Electrical Supplier | TOSUNlux\",\"isPartOf\":{\"@id\":\"https:\\\/\\\/www.tosunlux.eu\\\/ru\\\/#website\"},\"datePublished\":\"2022-07-15T03:21:51+00:00\",\"description\":\"SV Busbar Terminal Supplier - Wholesale direct from TOSUNlux, a trusted manufacturer since 1994. Get your B2B factory quote on our certified Low Voltage electrical products.\",\"breadcrumb\":{\"@id\":\"https:\\\/\\\/www.tosunlux.eu\\\/products\\\/sv-busbar-terminal\\\/#breadcrumb\"},\"inLanguage\":\"es\",\"potentialAction\":[{\"@type\":\"ReadAction\",\"target\":[\"https:\\\/\\\/www.tosunlux.eu\\\/products\\\/sv-busbar-terminal\\\/\"]}]},{\"@type\":\"BreadcrumbList\",\"@id\":\"https:\\\/\\\/www.tosunlux.eu\\\/products\\\/sv-busbar-terminal\\\/#breadcrumb\",\"itemListElement\":[{\"@type\":\"ListItem\",\"position\":1,\"name\":\"Home\",\"item\":\"https:\\\/\\\/www.tosunlux.eu\\\/ru\\\/\"},{\"@type\":\"ListItem\",\"position\":2,\"name\":\"Products\",\"item\":\"https:\\\/\\\/www.tosunlux.eu\\\/products\\\/\"},{\"@type\":\"ListItem\",\"position\":3,\"name\":\"SV Busbar Terminal\"}]},{\"@type\":\"WebSite\",\"@id\":\"https:\\\/\\\/www.tosunlux.eu\\\/ru\\\/#website\",\"url\":\"https:\\\/\\\/www.tosunlux.eu\\\/ru\\\/\",\"name\":\"TOSUNlux Official Site - Electrical Circuit Breaker Manufacturer in China\",\"description\":\"Power Distribution System Supplier\",\"publisher\":{\"@id\":\"https:\\\/\\\/www.tosunlux.eu\\\/ru\\\/#organization\"},\"alternateName\":\"TOSUNlux\",\"potentialAction\":[{\"@type\":\"SearchAction\",\"target\":{\"@type\":\"EntryPoint\",\"urlTemplate\":\"https:\\\/\\\/www.tosunlux.eu\\\/ru\\\/?s={search_term_string}\"},\"query-input\":{\"@type\":\"PropertyValueSpecification\",\"valueRequired\":true,\"valueName\":\"search_term_string\"}}],\"inLanguage\":\"es\"},{\"@type\":\"Organization\",\"@id\":\"https:\\\/\\\/www.tosunlux.eu\\\/ru\\\/#organization\",\"name\":\"TOSUNlux\",\"url\":\"https:\\\/\\\/www.tosunlux.eu\\\/ru\\\/\",\"logo\":{\"@type\":\"ImageObject\",\"inLanguage\":\"es\",\"@id\":\"https:\\\/\\\/www.tosunlux.eu\\\/ru\\\/#\\\/schema\\\/logo\\\/image\\\/\",\"url\":\"https:\\\/\\\/www.tosunlux.eu\\\/wp-content\\\/uploads\\\/2022\\\/01\\\/LOGOSYSM.71762f1.png\",\"contentUrl\":\"https:\\\/\\\/www.tosunlux.eu\\\/wp-content\\\/uploads\\\/2022\\\/01\\\/LOGOSYSM.71762f1.png\",\"width\":153,\"height\":55,\"caption\":\"TOSUNlux\"},\"image\":{\"@id\":\"https:\\\/\\\/www.tosunlux.eu\\\/ru\\\/#\\\/schema\\\/logo\\\/image\\\/\"},\"sameAs\":[\"https:\\\/\\\/www.facebook.com\\\/TOSUNelectric\\\/\",\"https:\\\/\\\/www.linkedin.com\\\/company\\\/wenzhou-tosun-electric-co.-ltd\\\/\"]}]}<\/script>\n<!-- \/ Yoast SEO plugin. -->","yoast_head_json":{"title":"WholesaleSV Busbar Terminal - TOSUNlux Official Site - Electrical Circuit Breaker Manufacturer in China Low Voltage Electrical Supplier | TOSUNlux","description":"SV Busbar Terminal Supplier - Wholesale direct from TOSUNlux, a trusted manufacturer since 1994. Get your B2B factory quote on our certified Low Voltage electrical products.","robots":{"index":"index","follow":"follow","max-snippet":"max-snippet:-1","max-image-preview":"max-image-preview:large","max-video-preview":"max-video-preview:-1"},"canonical":"https:\/\/www.tosunlux.eu\/es\/products\/sv-busbar-terminal\/","og_locale":"es_ES","og_type":"article","og_title":"WholesaleSV Busbar Terminal - TOSUNlux Official Site - Electrical Circuit Breaker Manufacturer in China Low Voltage Electrical Supplier | TOSUNlux","og_description":"SV Busbar Terminal Supplier - Wholesale direct from TOSUNlux, a trusted manufacturer since 1994. Get your B2B factory quote on our certified Low Voltage electrical products.","og_url":"https:\/\/www.tosunlux.eu\/es\/products\/sv-busbar-terminal\/","og_site_name":"TOSUNlux Official Site - Electrical Circuit Breaker Manufacturer in China","article_publisher":"https:\/\/www.facebook.com\/TOSUNelectric\/","og_image":[{"width":1500,"height":940,"url":"https:\/\/www.tosunlux.eu\/wp-content\/uploads\/2023\/04\/DSC08160_\u526f\u672c.jpg","type":"image\/jpeg"}],"twitter_card":"summary_large_image","twitter_misc":{"Tiempo de lectura":"1 minuto"},"schema":{"@context":"https:\/\/schema.org","@graph":[{"@type":"WebPage","@id":"https:\/\/www.tosunlux.eu\/products\/sv-busbar-terminal\/","url":"https:\/\/www.tosunlux.eu\/products\/sv-busbar-terminal\/","name":"WholesaleSV Busbar Terminal - TOSUNlux Official Site - Electrical Circuit Breaker Manufacturer in China Low Voltage Electrical Supplier | TOSUNlux","isPartOf":{"@id":"https:\/\/www.tosunlux.eu\/ru\/#website"},"datePublished":"2022-07-15T03:21:51+00:00","description":"SV Busbar Terminal Supplier - Wholesale direct from TOSUNlux, a trusted manufacturer since 1994. Get your B2B factory quote on our certified Low Voltage electrical products.","breadcrumb":{"@id":"https:\/\/www.tosunlux.eu\/products\/sv-busbar-terminal\/#breadcrumb"},"inLanguage":"es","potentialAction":[{"@type":"ReadAction","target":["https:\/\/www.tosunlux.eu\/products\/sv-busbar-terminal\/"]}]},{"@type":"BreadcrumbList","@id":"https:\/\/www.tosunlux.eu\/products\/sv-busbar-terminal\/#breadcrumb","itemListElement":[{"@type":"ListItem","position":1,"name":"Home","item":"https:\/\/www.tosunlux.eu\/ru\/"},{"@type":"ListItem","position":2,"name":"Products","item":"https:\/\/www.tosunlux.eu\/products\/"},{"@type":"ListItem","position":3,"name":"SV Busbar Terminal"}]},{"@type":"WebSite","@id":"https:\/\/www.tosunlux.eu\/ru\/#website","url":"https:\/\/www.tosunlux.eu\/ru\/","name":"Sitio oficial de TOSUNlux - Fabricante de disyuntores el\u00e9ctricos en China","description":"Proveedor de sistemas de distribuci\u00f3n de energ\u00eda","publisher":{"@id":"https:\/\/www.tosunlux.eu\/ru\/#organization"},"alternateName":"TOSUNlux","potentialAction":[{"@type":"SearchAction","target":{"@type":"EntryPoint","urlTemplate":"https:\/\/www.tosunlux.eu\/ru\/?s={search_term_string}"},"query-input":{"@type":"PropertyValueSpecification","valueRequired":true,"valueName":"search_term_string"}}],"inLanguage":"es"},{"@type":"Organization","@id":"https:\/\/www.tosunlux.eu\/ru\/#organization","name":"TOSUNlux","url":"https:\/\/www.tosunlux.eu\/ru\/","logo":{"@type":"ImageObject","inLanguage":"es","@id":"https:\/\/www.tosunlux.eu\/ru\/#\/schema\/logo\/image\/","url":"https:\/\/www.tosunlux.eu\/wp-content\/uploads\/2022\/01\/LOGOSYSM.71762f1.png","contentUrl":"https:\/\/www.tosunlux.eu\/wp-content\/uploads\/2022\/01\/LOGOSYSM.71762f1.png","width":153,"height":55,"caption":"TOSUNlux"},"image":{"@id":"https:\/\/www.tosunlux.eu\/ru\/#\/schema\/logo\/image\/"},"sameAs":["https:\/\/www.facebook.com\/TOSUNelectric\/","https:\/\/www.linkedin.com\/company\/wenzhou-tosun-electric-co.-ltd\/"]}]}},"_links":{"self":[{"href":"https:\/\/www.tosunlux.eu\/es\/wp-json\/wp\/v2\/product\/4609","targetHints":{"allow":["GET"]}}],"collection":[{"href":"https:\/\/www.tosunlux.eu\/es\/wp-json\/wp\/v2\/product"}],"about":[{"href":"https:\/\/www.tosunlux.eu\/es\/wp-json\/wp\/v2\/types\/product"}],"version-history":[{"count":1,"href":"https:\/\/www.tosunlux.eu\/es\/wp-json\/wp\/v2\/product\/4609\/revisions"}],"predecessor-version":[{"id":4614,"href":"https:\/\/www.tosunlux.eu\/es\/wp-json\/wp\/v2\/product\/4609\/revisions\/4614"}],"wp:attachment":[{"href":"https:\/\/www.tosunlux.eu\/es\/wp-json\/wp\/v2\/media?parent=4609"}],"wp:term":[{"taxonomy":"product_category","embeddable":true,"href":"https:\/\/www.tosunlux.eu\/es\/wp-json\/wp\/v2\/product_category?post=4609"}],"curies":[{"name":"gracias","href":"https:\/\/api.w.org\/{rel}","templated":true}]}}