{"id":5168,"date":"2022-09-23T11:22:15","date_gmt":"2022-09-23T03:22:15","guid":{"rendered":"https:\/\/www.tosunlux.eu\/?post_type=product&#038;p=5168"},"modified":"2022-09-23T11:23:24","modified_gmt":"2022-09-23T03:23:24","slug":"modular-switching-power-supply%ef%bc%88hdr%ef%bc%89","status":"publish","type":"product","link":"https:\/\/www.tosunlux.eu\/es\/products\/modular-switching-power-supply%ef%bc%88hdr%ef%bc%89\/","title":{"rendered":"Fuente de alimentaci\u00f3n conmutada modular (HDR)"},"content":{"rendered":"<p><strong>HDR-15: 18,5x90x54,5 mm<\/strong><\/p>\n\n\n<table width=\"712\">\n<tbody>\n<tr>\n<td style=\"text-align: center;\" width=\"130\">Modelo<\/td>\n<td style=\"text-align: center;\" width=\"146\">Producci\u00f3n<\/td>\n<td style=\"text-align: center;\" width=\"144\">Tensi\u00f3n de tolerancia<\/td>\n<td style=\"text-align: center;\" width=\"146\">Ondulaci\u00f3n y ruido<\/td>\n<td style=\"text-align: center;\" width=\"144\">Eficiencia<\/td>\n<\/tr>\n<tr>\n<td style=\"text-align: center;\" rowspan=\"5\" width=\"130\">HDR-15<\/td>\n<td style=\"text-align: center;\" width=\"146\">5V,0-2.40A<\/td>\n<td style=\"text-align: center;\" width=\"144\">\u00b12%<\/td>\n<td style=\"text-align: center;\" width=\"146\">50mvp-p<\/td>\n<td style=\"text-align: center;\" width=\"144\">80%<\/td>\n<\/tr>\n<tr>\n<td style=\"text-align: center;\" width=\"146\">12V,0-1.25A<\/td>\n<td style=\"text-align: center;\" width=\"144\">\u00b11%<\/td>\n<td style=\"text-align: center;\" width=\"146\">120mvp-p<\/td>\n<td style=\"text-align: center;\" width=\"144\">85%<\/td>\n<\/tr>\n<tr>\n<td style=\"text-align: center;\" width=\"146\">15V,0-1.00A<\/td>\n<td style=\"text-align: center;\" width=\"144\">\u00a0\u00b11%<\/td>\n<td style=\"text-align: center;\" width=\"146\">120mvp-p<\/td>\n<td style=\"text-align: center;\" width=\"144\">85.5%<\/td>\n<\/tr>\n<tr>\n<td style=\"text-align: center;\" width=\"146\">24V,0-0.63A<\/td>\n<td style=\"text-align: center;\" width=\"144\">\u00a0\u00b11%<\/td>\n<td style=\"text-align: center;\" width=\"146\">150mvp-p<\/td>\n<td style=\"text-align: center;\" width=\"144\">86%<\/td>\n<\/tr>\n<tr>\n<td style=\"text-align: center;\" width=\"146\">48V,0-0.32A<\/td>\n<td style=\"text-align: center;\" width=\"144\">\u00a0\u00b11%<\/td>\n<td style=\"text-align: center;\" width=\"146\">240mvp-p<\/td>\n<td style=\"text-align: center;\" width=\"144\">87%<\/td>\n<\/tr>\n<\/tbody>\n<\/table>\n<p>\u00a0<\/p>\n\n\n<p><strong>HDR-30: 35x90x54,5 mm<\/strong><\/p>\n\n\n<table style=\"border-collapse: collapse; width: 534.02pt;\" border=\"0\" width=\"712\" cellspacing=\"0\" cellpadding=\"0\">\n<tbody>\n<tr style=\"height: 32.00pt;\">\n<td class=\"et2\" style=\"height: 32pt; width: 98.1pt; text-align: center;\" width=\"130\" height=\"42\">Modelo<\/td>\n<td class=\"et2\" style=\"width: 109.5pt; text-align: center;\" width=\"146\">Producci\u00f3n<\/td>\n<td class=\"et2\" style=\"width: 108.55pt; text-align: center;\" width=\"144\">Tensi\u00f3n de tolerancia<\/td>\n<td class=\"et2\" style=\"width: 109.5pt; text-align: center;\" width=\"146\">Ondulaci\u00f3n y ruido<\/td>\n<td class=\"et2\" style=\"width: 108.55pt; text-align: center;\" width=\"144\">Eficiencia<\/td>\n<\/tr>\n<tr style=\"height: 26.00pt;\">\n<td class=\"et2\" style=\"height: 129pt; width: 98.1pt; text-align: center;\" rowspan=\"5\" width=\"130\" height=\"172\">HDR-30<\/td>\n<td class=\"et2\" style=\"width: 109.5pt; text-align: center;\" width=\"146\">5V, 0-3.0A<\/td>\n<td class=\"et2\" style=\"width: 108.55pt; text-align: center;\" width=\"144\">\u00b12%<\/td>\n<td class=\"et2\" style=\"width: 109.5pt; text-align: center;\" width=\"146\">80mvp-p<\/td>\n<td class=\"et2\" style=\"width: 108.55pt; text-align: center;\" width=\"144\">82%<\/td>\n<\/tr>\n<tr style=\"height: 26.00pt;\">\n<td class=\"et2\" style=\"width: 109.5pt; text-align: center;\" width=\"146\">12V,0-2.0A<\/td>\n<td class=\"et2\" style=\"width: 108.55pt; text-align: center;\" width=\"144\">\u00b11%<\/td>\n<td class=\"et2\" style=\"width: 109.5pt; text-align: center;\" width=\"146\">120mvp-p<\/td>\n<td class=\"et2\" style=\"width: 108.55pt; text-align: center;\" width=\"144\">88%<\/td>\n<\/tr>\n<tr style=\"height: 26.00pt;\">\n<td class=\"et2\" style=\"width: 109.5pt; text-align: center;\" width=\"146\">15V,0-2.0A<\/td>\n<td class=\"et2\" style=\"width: 108.55pt; text-align: center;\" width=\"144\">\u00b11%<\/td>\n<td class=\"et2\" style=\"width: 109.5pt; text-align: center;\" width=\"146\">120mvp-p<\/td>\n<td class=\"et2\" style=\"width: 108.55pt; text-align: center;\" width=\"144\">89%<\/td>\n<\/tr>\n<tr style=\"height: 25.00pt;\">\n<td class=\"et2\" style=\"width: 109.5pt; text-align: center;\" width=\"146\">24 V, 0-1,5 A<\/td>\n<td class=\"et2\" style=\"width: 108.55pt; text-align: center;\" width=\"144\">\u00b11%<\/td>\n<td class=\"et2\" style=\"width: 109.5pt; text-align: center;\" width=\"146\">150mvp-p<\/td>\n<td class=\"et2\" style=\"width: 108.55pt; text-align: center;\" width=\"144\">89%<\/td>\n<\/tr>\n<tr style=\"height: 26.00pt;\">\n<td class=\"et2\" style=\"width: 109.5pt; text-align: center;\" width=\"146\">48V,0-0.75A<\/td>\n<td class=\"et2\" style=\"width: 108.55pt; text-align: center;\" width=\"144\">\u00b11%<\/td>\n<td class=\"et2\" style=\"width: 109.5pt; text-align: center;\" width=\"146\">240mvp-p<\/td>\n<td class=\"et2\" style=\"width: 108.55pt; text-align: center;\" width=\"144\">90%<\/td>\n<\/tr>\n<\/tbody>\n<\/table>\n<p>\u00a0<\/p>\n<p><strong>HDR-60: 52,5x90x54 5 mm<\/strong><\/p>\n<table style=\"border-collapse: collapse; width: 714px; height: 195px;\" border=\"0\" width=\"622\" cellspacing=\"0\" cellpadding=\"0\">\n<tbody>\n<tr style=\"height: 35.00pt;\">\n<td class=\"et2\" style=\"height: 35pt; width: 86.75pt; text-align: center;\" width=\"115\" height=\"46\">Modelo<\/td>\n<td class=\"et2\" style=\"width: 95.3pt; text-align: center;\" width=\"127\">Producci\u00f3n<\/td>\n<td class=\"et2\" style=\"width: 95.3pt; text-align: center;\" width=\"127\">Tensi\u00f3n de tolerancia<\/td>\n<td class=\"et2\" style=\"width: 95.3pt; text-align: center;\" width=\"127\">Ondulaci\u00f3n y ruido<\/td>\n<td class=\"et2\" style=\"width: 94.35pt; text-align: center;\" width=\"125\">Eficiencia<\/td>\n<\/tr>\n<tr style=\"height: 23.00pt;\">\n<td class=\"et2\" style=\"height: 112pt; width: 86.75pt; text-align: center;\" rowspan=\"5\" width=\"115\" height=\"149\">HDR-60<\/td>\n<td class=\"et2\" style=\"width: 95.3pt; text-align: center;\" width=\"127\">5V,0-0.65A<\/td>\n<td class=\"et2\" style=\"width: 95.3pt; text-align: center;\" width=\"127\">\u00b12%<\/td>\n<td class=\"et2\" style=\"width: 95.3pt; text-align: center;\" width=\"127\">80mvp-p<\/td>\n<td class=\"et2\" style=\"width: 94.35pt; text-align: center;\" width=\"125\">85%<\/td>\n<\/tr>\n<tr style=\"height: 22.00pt;\">\n<td class=\"et2\" style=\"width: 95.3pt; text-align: center;\" width=\"127\">12V,0-4.5A<\/td>\n<td class=\"et2\" style=\"width: 95.3pt; text-align: center;\" width=\"127\">\u00b11%<\/td>\n<td class=\"et2\" style=\"width: 95.3pt; text-align: center;\" width=\"127\">120mvp-p<\/td>\n<td class=\"et2\" style=\"width: 94.35pt; text-align: center;\" width=\"125\">88%<\/td>\n<\/tr>\n<tr style=\"height: 22.00pt;\">\n<td class=\"et2\" style=\"width: 95.3pt; text-align: center;\" width=\"127\">15V,0-4.0A<\/td>\n<td class=\"et4\" style=\"width: 95.3pt; text-align: center;\" width=\"127\">\u00b11%<\/td>\n<td class=\"et2\" style=\"width: 95.3pt; text-align: center;\" width=\"127\">120mvp-p<\/td>\n<td class=\"et2\" style=\"width: 94.35pt; text-align: center;\" width=\"125\">89%<\/td>\n<\/tr>\n<tr style=\"height: 23.00pt;\">\n<td class=\"et2\" style=\"width: 95.3pt; text-align: center;\" width=\"127\">24V,0-2. 5A<\/td>\n<td class=\"et2\" style=\"width: 95.3pt; text-align: center;\" width=\"127\">\u00b11%<\/td>\n<td class=\"et2\" style=\"width: 95.3pt; text-align: center;\" width=\"127\">150mvp-p<\/td>\n<td class=\"et2\" style=\"width: 94.35pt; text-align: center;\" width=\"125\">90%<\/td>\n<\/tr>\n<tr style=\"height: 22.00pt;\">\n<td class=\"et2\" style=\"width: 95.3pt; text-align: center;\" width=\"127\">48V,0-1.25A<\/td>\n<td class=\"et2\" style=\"width: 95.3pt; text-align: center;\" width=\"127\">\u00b11%<\/td>\n<td class=\"et2\" style=\"width: 95.3pt; text-align: center;\" width=\"127\">240mvp-p<\/td>\n<td class=\"et2\" style=\"width: 94.35pt; text-align: center;\" width=\"125\">91%<\/td>\n<\/tr>\n<\/tbody>\n<\/table>\n<p>\u00a0<\/p>\n\n\n<p><strong>HDR-100: 70x90x54 5 mm<\/strong><\/p>\n\n\n<table style=\"border-collapse: collapse; width: 715px; height: 291px;\" border=\"0\" width=\"622\" cellspacing=\"0\" cellpadding=\"0\">\n<tbody>\n<tr style=\"height: 30.00pt;\">\n<td class=\"et2\" style=\"height: 30pt; width: 86.75pt; text-align: center;\" width=\"115\" height=\"40\">Modelo<\/td>\n<td class=\"et2\" style=\"width: 95.3pt; text-align: center;\" width=\"127\">Producci\u00f3n<\/td>\n<td class=\"et2\" style=\"width: 95.3pt; text-align: center;\" width=\"127\">Tensi\u00f3n de tolerancia<\/td>\n<td class=\"et2\" style=\"width: 95.3pt; text-align: center;\" width=\"127\">Ondulaci\u00f3n y ruido<\/td>\n<td class=\"et2\" style=\"width: 94.35pt; text-align: center;\" width=\"125\">Eficiencia<\/td>\n<\/tr>\n<tr style=\"height: 22.00pt;\">\n<td class=\"et2\" style=\"height: 22pt; width: 86.75pt; text-align: center;\" width=\"115\" height=\"29\">HDR-100-12<\/td>\n<td class=\"et2\" style=\"width: 95.3pt; text-align: center;\" width=\"127\">12V,0-7.1A<\/td>\n<td class=\"et2\" style=\"width: 95.3pt; text-align: center;\" width=\"127\">\u00b12%<\/td>\n<td class=\"et2\" style=\"width: 95.3pt; text-align: center;\" width=\"127\">120mvp-p<\/td>\n<td class=\"et2\" style=\"width: 94.35pt; text-align: center;\" width=\"125\">88%<\/td>\n<\/tr>\n<tr style=\"height: 22.00pt;\">\n<td class=\"et2\" style=\"height: 22pt; width: 86.75pt; text-align: center;\" width=\"115\" height=\"29\">HDR-100-12N<\/td>\n<td class=\"et2\" style=\"width: 95.3pt; text-align: center;\" width=\"127\">12V,0-7.5A<\/td>\n<td class=\"et2\" style=\"width: 95.3pt; text-align: center;\" width=\"127\">\u00b12%<\/td>\n<td class=\"et2\" style=\"width: 95.3pt; text-align: center;\" width=\"127\">120mvp-p<\/td>\n<td class=\"et2\" style=\"width: 94.35pt; text-align: center;\" width=\"125\">88%<\/td>\n<\/tr>\n<tr style=\"height: 23.00pt;\">\n<td class=\"et2\" style=\"height: 23pt; width: 86.75pt; text-align: center;\" width=\"115\" height=\"30\">HDR-100-15<\/td>\n<td class=\"et2\" style=\"width: 95.3pt; text-align: center;\" width=\"127\">15V,0-6.13A<\/td>\n<td class=\"et2\" style=\"width: 95.3pt; text-align: center;\" width=\"127\">\u00b11%<\/td>\n<td class=\"et2\" style=\"width: 95.3pt; text-align: center;\" width=\"127\">120mvp-p<\/td>\n<td class=\"et2\" style=\"width: 94.35pt; text-align: center;\" width=\"125\">89%<\/td>\n<\/tr>\n<tr style=\"height: 22.00pt;\">\n<td class=\"et2\" style=\"height: 22pt; width: 86.75pt; text-align: center;\" width=\"115\" height=\"29\">HDR-100-15N<\/td>\n<td class=\"et2\" style=\"width: 95.3pt; text-align: center;\" width=\"127\">15V,0-6.5A<\/td>\n<td class=\"et2\" style=\"width: 95.3pt; text-align: center;\" width=\"127\">\u00b11%<\/td>\n<td class=\"et2\" style=\"width: 95.3pt; text-align: center;\" width=\"127\">120mvp-p<\/td>\n<td class=\"et2\" style=\"width: 94.35pt; text-align: center;\" width=\"125\">89%<\/td>\n<\/tr>\n<tr style=\"height: 23.00pt;\">\n<td class=\"et2\" style=\"height: 23pt; width: 86.75pt; text-align: center;\" width=\"115\" height=\"30\">HDR-100-24<\/td>\n<td class=\"et2\" style=\"width: 95.3pt; text-align: center;\" width=\"127\">24 V, 0-3,83 A<\/td>\n<td class=\"et2\" style=\"width: 95.3pt; text-align: center;\" width=\"127\">\u00b11%<\/td>\n<td class=\"et2\" style=\"width: 95.3pt; text-align: center;\" width=\"127\">150mvp-p<\/td>\n<td class=\"et2\" style=\"width: 94.35pt; text-align: center;\" width=\"125\">90%<\/td>\n<\/tr>\n<tr style=\"height: 22.00pt;\">\n<td class=\"et2\" style=\"height: 22pt; width: 86.75pt; text-align: center;\" width=\"115\" height=\"29\">HDR-100-24N<\/td>\n<td class=\"et2\" style=\"width: 95.3pt; text-align: center;\" width=\"127\">24V,0-4.2A<\/td>\n<td class=\"et2\" style=\"width: 95.3pt; text-align: center;\" width=\"127\">\u00b11%<\/td>\n<td class=\"et2\" style=\"width: 95.3pt; text-align: center;\" width=\"127\">150mvp-p<\/td>\n<td class=\"et2\" style=\"width: 94.35pt; text-align: center;\" width=\"125\">90%<\/td>\n<\/tr>\n<tr style=\"height: 22.00pt;\">\n<td class=\"et2\" style=\"height: 22pt; width: 86.75pt; text-align: center;\" width=\"115\" height=\"29\">HDR-100-48<\/td>\n<td class=\"et2\" style=\"width: 95.3pt; text-align: center;\" width=\"127\">48V0-1.92A<\/td>\n<td class=\"et2\" style=\"width: 95.3pt; text-align: center;\" width=\"127\">\u00b11%<\/td>\n<td class=\"et2\" style=\"width: 95.3pt; text-align: center;\" width=\"127\">240mvp-p<\/td>\n<td class=\"et2\" style=\"width: 94.35pt; text-align: center;\" width=\"125\">90%<\/td>\n<\/tr>\n<tr style=\"height: 21.00pt;\">\n<td class=\"et2\" style=\"height: 21pt; width: 86.75pt; text-align: center;\" width=\"115\" height=\"28\">HDR-100-48N<\/td>\n<td class=\"et2\" style=\"width: 95.3pt; text-align: center;\" width=\"127\">48V,0-2.1A<\/td>\n<td class=\"et2\" style=\"width: 95.3pt; text-align: center;\" width=\"127\">\u00b11%<\/td>\n<td class=\"et2\" style=\"width: 95.3pt; text-align: center;\" width=\"127\">240mvp-p<\/td>\n<td class=\"et2\" style=\"width: 94.35pt; text-align: center;\" width=\"125\">90%<\/td>\n<\/tr>\n<\/tbody>\n<\/table>","protected":false},"parent":0,"template":"","product_category":[75,183],"class_list":["post-5168","product","type-product","status-publish","hentry","product_category-instruments","product_category-modular-switching-power-supply"],"yoast_head":"<!-- This site is optimized with the Yoast SEO plugin v27.3 - https:\/\/yoast.com\/product\/yoast-seo-wordpress\/ -->\n<title>WholesaleModular Switching Power Supply\uff08HDR\uff09 - TOSUNlux Official Site - Electrical Circuit Breaker Manufacturer in China Low Voltage Electrical Supplier | TOSUNlux<\/title>\n<meta name=\"description\" content=\"Modular Switching Power Supply\uff08HDR\uff09 Supplier - Wholesale direct from TOSUNlux, a trusted manufacturer since 1994. Get your B2B factory quote on our certified Low Voltage electrical products.\" \/>\n<meta name=\"robots\" content=\"index, follow, max-snippet:-1, max-image-preview:large, max-video-preview:-1\" \/>\n<link rel=\"canonical\" href=\"https:\/\/www.tosunlux.eu\/es\/products\/modular-switching-power-supply\uff08hdr\uff09\/\" \/>\n<meta property=\"og:locale\" content=\"es_ES\" \/>\n<meta property=\"og:type\" content=\"article\" \/>\n<meta property=\"og:title\" content=\"WholesaleModular Switching Power Supply\uff08HDR\uff09 - TOSUNlux Official Site - Electrical Circuit Breaker Manufacturer in China Low Voltage Electrical Supplier | TOSUNlux\" \/>\n<meta property=\"og:description\" content=\"Modular Switching Power Supply\uff08HDR\uff09 Supplier - Wholesale direct from TOSUNlux, a trusted manufacturer since 1994. Get your B2B factory quote on our certified Low Voltage electrical products.\" \/>\n<meta property=\"og:url\" content=\"https:\/\/www.tosunlux.eu\/es\/products\/modular-switching-power-supply\uff08hdr\uff09\/\" \/>\n<meta property=\"og:site_name\" content=\"TOSUNlux Official Site - Electrical Circuit Breaker Manufacturer in China\" \/>\n<meta property=\"article:publisher\" content=\"https:\/\/www.facebook.com\/TOSUNelectric\/\" \/>\n<meta property=\"article:modified_time\" content=\"2022-09-23T03:23:24+00:00\" \/>\n<meta property=\"og:image\" content=\"https:\/\/www.tosunlux.eu\/wp-content\/uploads\/2023\/04\/DSC08160_\u526f\u672c.jpg\" \/>\n\t<meta property=\"og:image:width\" content=\"1500\" \/>\n\t<meta property=\"og:image:height\" content=\"940\" \/>\n\t<meta property=\"og:image:type\" content=\"image\/jpeg\" \/>\n<meta name=\"twitter:card\" content=\"summary_large_image\" \/>\n<meta name=\"twitter:label1\" content=\"Tiempo de lectura\" \/>\n\t<meta name=\"twitter:data1\" content=\"1 minuto\" \/>\n<script type=\"application\/ld+json\" class=\"yoast-schema-graph\">{\"@context\":\"https:\\\/\\\/schema.org\",\"@graph\":[{\"@type\":\"WebPage\",\"@id\":\"https:\\\/\\\/www.tosunlux.eu\\\/id\\\/products\\\/modular-switching-power-supply%ef%bc%88hdr%ef%bc%89\\\/\",\"url\":\"https:\\\/\\\/www.tosunlux.eu\\\/id\\\/products\\\/modular-switching-power-supply%ef%bc%88hdr%ef%bc%89\\\/\",\"name\":\"WholesaleModular Switching Power Supply\uff08HDR\uff09 - TOSUNlux Official Site - Electrical Circuit Breaker Manufacturer in China Low Voltage Electrical Supplier | TOSUNlux\",\"isPartOf\":{\"@id\":\"https:\\\/\\\/www.tosunlux.eu\\\/ru\\\/#website\"},\"datePublished\":\"2022-09-23T03:22:15+00:00\",\"dateModified\":\"2022-09-23T03:23:24+00:00\",\"description\":\"Modular Switching Power Supply\uff08HDR\uff09 Supplier - Wholesale direct from TOSUNlux, a trusted manufacturer since 1994. Get your B2B factory quote on our certified Low Voltage electrical products.\",\"breadcrumb\":{\"@id\":\"https:\\\/\\\/www.tosunlux.eu\\\/id\\\/products\\\/modular-switching-power-supply%ef%bc%88hdr%ef%bc%89\\\/#breadcrumb\"},\"inLanguage\":\"es\",\"potentialAction\":[{\"@type\":\"ReadAction\",\"target\":[\"https:\\\/\\\/www.tosunlux.eu\\\/id\\\/products\\\/modular-switching-power-supply%ef%bc%88hdr%ef%bc%89\\\/\"]}]},{\"@type\":\"BreadcrumbList\",\"@id\":\"https:\\\/\\\/www.tosunlux.eu\\\/id\\\/products\\\/modular-switching-power-supply%ef%bc%88hdr%ef%bc%89\\\/#breadcrumb\",\"itemListElement\":[{\"@type\":\"ListItem\",\"position\":1,\"name\":\"Home\",\"item\":\"https:\\\/\\\/www.tosunlux.eu\\\/ru\\\/\"},{\"@type\":\"ListItem\",\"position\":2,\"name\":\"Products\",\"item\":\"https:\\\/\\\/www.tosunlux.eu\\\/products\\\/\"},{\"@type\":\"ListItem\",\"position\":3,\"name\":\"Modular Switching Power Supply\uff08HDR\uff09\"}]},{\"@type\":\"WebSite\",\"@id\":\"https:\\\/\\\/www.tosunlux.eu\\\/ru\\\/#website\",\"url\":\"https:\\\/\\\/www.tosunlux.eu\\\/ru\\\/\",\"name\":\"TOSUNlux Official Site - Electrical Circuit Breaker Manufacturer in China\",\"description\":\"Power Distribution System Supplier\",\"publisher\":{\"@id\":\"https:\\\/\\\/www.tosunlux.eu\\\/ru\\\/#organization\"},\"alternateName\":\"TOSUNlux\",\"potentialAction\":[{\"@type\":\"SearchAction\",\"target\":{\"@type\":\"EntryPoint\",\"urlTemplate\":\"https:\\\/\\\/www.tosunlux.eu\\\/ru\\\/?s={search_term_string}\"},\"query-input\":{\"@type\":\"PropertyValueSpecification\",\"valueRequired\":true,\"valueName\":\"search_term_string\"}}],\"inLanguage\":\"es\"},{\"@type\":\"Organization\",\"@id\":\"https:\\\/\\\/www.tosunlux.eu\\\/ru\\\/#organization\",\"name\":\"TOSUNlux\",\"url\":\"https:\\\/\\\/www.tosunlux.eu\\\/ru\\\/\",\"logo\":{\"@type\":\"ImageObject\",\"inLanguage\":\"es\",\"@id\":\"https:\\\/\\\/www.tosunlux.eu\\\/ru\\\/#\\\/schema\\\/logo\\\/image\\\/\",\"url\":\"https:\\\/\\\/www.tosunlux.eu\\\/wp-content\\\/uploads\\\/2022\\\/01\\\/LOGOSYSM.71762f1.png\",\"contentUrl\":\"https:\\\/\\\/www.tosunlux.eu\\\/wp-content\\\/uploads\\\/2022\\\/01\\\/LOGOSYSM.71762f1.png\",\"width\":153,\"height\":55,\"caption\":\"TOSUNlux\"},\"image\":{\"@id\":\"https:\\\/\\\/www.tosunlux.eu\\\/ru\\\/#\\\/schema\\\/logo\\\/image\\\/\"},\"sameAs\":[\"https:\\\/\\\/www.facebook.com\\\/TOSUNelectric\\\/\",\"https:\\\/\\\/www.linkedin.com\\\/company\\\/wenzhou-tosun-electric-co.-ltd\\\/\"]}]}<\/script>\n<!-- \/ Yoast SEO plugin. -->","yoast_head_json":{"title":"WholesaleModular Switching Power Supply\uff08HDR\uff09 - TOSUNlux Official Site - Electrical Circuit Breaker Manufacturer in China Low Voltage Electrical Supplier | TOSUNlux","description":"Modular Switching Power Supply\uff08HDR\uff09 Supplier - Wholesale direct from TOSUNlux, a trusted manufacturer since 1994. Get your B2B factory quote on our certified Low Voltage electrical products.","robots":{"index":"index","follow":"follow","max-snippet":"max-snippet:-1","max-image-preview":"max-image-preview:large","max-video-preview":"max-video-preview:-1"},"canonical":"https:\/\/www.tosunlux.eu\/es\/products\/modular-switching-power-supply\uff08hdr\uff09\/","og_locale":"es_ES","og_type":"article","og_title":"WholesaleModular Switching Power Supply\uff08HDR\uff09 - TOSUNlux Official Site - Electrical Circuit Breaker Manufacturer in China Low Voltage Electrical Supplier | TOSUNlux","og_description":"Modular Switching Power Supply\uff08HDR\uff09 Supplier - Wholesale direct from TOSUNlux, a trusted manufacturer since 1994. Get your B2B factory quote on our certified Low Voltage electrical products.","og_url":"https:\/\/www.tosunlux.eu\/es\/products\/modular-switching-power-supply\uff08hdr\uff09\/","og_site_name":"TOSUNlux Official Site - Electrical Circuit Breaker Manufacturer in China","article_publisher":"https:\/\/www.facebook.com\/TOSUNelectric\/","article_modified_time":"2022-09-23T03:23:24+00:00","og_image":[{"width":1500,"height":940,"url":"https:\/\/www.tosunlux.eu\/wp-content\/uploads\/2023\/04\/DSC08160_\u526f\u672c.jpg","type":"image\/jpeg"}],"twitter_card":"summary_large_image","twitter_misc":{"Tiempo de lectura":"1 minuto"},"schema":{"@context":"https:\/\/schema.org","@graph":[{"@type":"WebPage","@id":"https:\/\/www.tosunlux.eu\/id\/products\/modular-switching-power-supply%ef%bc%88hdr%ef%bc%89\/","url":"https:\/\/www.tosunlux.eu\/id\/products\/modular-switching-power-supply%ef%bc%88hdr%ef%bc%89\/","name":"WholesaleModular Switching Power Supply\uff08HDR\uff09 - TOSUNlux Official Site - Electrical Circuit Breaker Manufacturer in China Low Voltage Electrical Supplier | TOSUNlux","isPartOf":{"@id":"https:\/\/www.tosunlux.eu\/ru\/#website"},"datePublished":"2022-09-23T03:22:15+00:00","dateModified":"2022-09-23T03:23:24+00:00","description":"Modular Switching Power Supply\uff08HDR\uff09 Supplier - Wholesale direct from TOSUNlux, a trusted manufacturer since 1994. Get your B2B factory quote on our certified Low Voltage electrical products.","breadcrumb":{"@id":"https:\/\/www.tosunlux.eu\/id\/products\/modular-switching-power-supply%ef%bc%88hdr%ef%bc%89\/#breadcrumb"},"inLanguage":"es","potentialAction":[{"@type":"ReadAction","target":["https:\/\/www.tosunlux.eu\/id\/products\/modular-switching-power-supply%ef%bc%88hdr%ef%bc%89\/"]}]},{"@type":"BreadcrumbList","@id":"https:\/\/www.tosunlux.eu\/id\/products\/modular-switching-power-supply%ef%bc%88hdr%ef%bc%89\/#breadcrumb","itemListElement":[{"@type":"ListItem","position":1,"name":"Home","item":"https:\/\/www.tosunlux.eu\/ru\/"},{"@type":"ListItem","position":2,"name":"Products","item":"https:\/\/www.tosunlux.eu\/products\/"},{"@type":"ListItem","position":3,"name":"Modular Switching Power Supply\uff08HDR\uff09"}]},{"@type":"WebSite","@id":"https:\/\/www.tosunlux.eu\/ru\/#website","url":"https:\/\/www.tosunlux.eu\/ru\/","name":"Sitio oficial de TOSUNlux - Fabricante de disyuntores el\u00e9ctricos en China","description":"Proveedor de sistemas de distribuci\u00f3n de energ\u00eda","publisher":{"@id":"https:\/\/www.tosunlux.eu\/ru\/#organization"},"alternateName":"TOSUNlux","potentialAction":[{"@type":"SearchAction","target":{"@type":"EntryPoint","urlTemplate":"https:\/\/www.tosunlux.eu\/ru\/?s={search_term_string}"},"query-input":{"@type":"PropertyValueSpecification","valueRequired":true,"valueName":"search_term_string"}}],"inLanguage":"es"},{"@type":"Organization","@id":"https:\/\/www.tosunlux.eu\/ru\/#organization","name":"TOSUNlux","url":"https:\/\/www.tosunlux.eu\/ru\/","logo":{"@type":"ImageObject","inLanguage":"es","@id":"https:\/\/www.tosunlux.eu\/ru\/#\/schema\/logo\/image\/","url":"https:\/\/www.tosunlux.eu\/wp-content\/uploads\/2022\/01\/LOGOSYSM.71762f1.png","contentUrl":"https:\/\/www.tosunlux.eu\/wp-content\/uploads\/2022\/01\/LOGOSYSM.71762f1.png","width":153,"height":55,"caption":"TOSUNlux"},"image":{"@id":"https:\/\/www.tosunlux.eu\/ru\/#\/schema\/logo\/image\/"},"sameAs":["https:\/\/www.facebook.com\/TOSUNelectric\/","https:\/\/www.linkedin.com\/company\/wenzhou-tosun-electric-co.-ltd\/"]}]}},"_links":{"self":[{"href":"https:\/\/www.tosunlux.eu\/es\/wp-json\/wp\/v2\/product\/5168","targetHints":{"allow":["GET"]}}],"collection":[{"href":"https:\/\/www.tosunlux.eu\/es\/wp-json\/wp\/v2\/product"}],"about":[{"href":"https:\/\/www.tosunlux.eu\/es\/wp-json\/wp\/v2\/types\/product"}],"version-history":[{"count":1,"href":"https:\/\/www.tosunlux.eu\/es\/wp-json\/wp\/v2\/product\/5168\/revisions"}],"predecessor-version":[{"id":5259,"href":"https:\/\/www.tosunlux.eu\/es\/wp-json\/wp\/v2\/product\/5168\/revisions\/5259"}],"wp:attachment":[{"href":"https:\/\/www.tosunlux.eu\/es\/wp-json\/wp\/v2\/media?parent=5168"}],"wp:term":[{"taxonomy":"product_category","embeddable":true,"href":"https:\/\/www.tosunlux.eu\/es\/wp-json\/wp\/v2\/product_category?post=5168"}],"curies":[{"name":"gracias","href":"https:\/\/api.w.org\/{rel}","templated":true}]}}