{"id":5217,"date":"2022-09-26T16:12:20","date_gmt":"2022-09-26T08:12:20","guid":{"rendered":"https:\/\/www.tosunlux.eu\/?post_type=product&#038;p=5217"},"modified":"2022-09-26T16:12:21","modified_gmt":"2022-09-26T08:12:21","slug":"single-wall-mounted-voltage-stabilizer","status":"publish","type":"product","link":"https:\/\/www.tosunlux.eu\/es\/products\/single-wall-mounted-voltage-stabilizer\/","title":{"rendered":"Estabilizador de voltaje montado en una sola pared"},"content":{"rendered":"<figure class=\"wp-block-image size-large\"><img fetchpriority=\"high\" decoding=\"async\" width=\"1024\" height=\"777\" src=\"https:\/\/www.tosunlux.eu\/wp-content\/uploads\/2022\/09\/1-1-1024x777.jpg\" alt=\"\" class=\"wp-image-5218\" srcset=\"https:\/\/www.tosunlux.eu\/wp-content\/uploads\/2022\/09\/1-1-1024x777.jpg 1024w, https:\/\/www.tosunlux.eu\/wp-content\/uploads\/2022\/09\/1-1-300x228.jpg 300w, https:\/\/www.tosunlux.eu\/wp-content\/uploads\/2022\/09\/1-1-768x583.jpg 768w, https:\/\/www.tosunlux.eu\/wp-content\/uploads\/2022\/09\/1-1-1536x1165.jpg 1536w, https:\/\/www.tosunlux.eu\/wp-content\/uploads\/2022\/09\/1-1.jpg 1877w\" sizes=\"(max-width: 1024px) 100vw, 1024px\" \/><\/figure>\n\n\n\n<p><\/p>\n\n\n\n<figure class=\"wp-block-image size-large\"><img decoding=\"async\" width=\"1024\" height=\"135\" src=\"https:\/\/www.tosunlux.eu\/wp-content\/uploads\/2022\/09\/\u4f18\u52bf-1-1024x135.jpg\" alt=\"\" class=\"wp-image-5219\" srcset=\"https:\/\/www.tosunlux.eu\/wp-content\/uploads\/2022\/09\/\u4f18\u52bf-1-1024x135.jpg 1024w, https:\/\/www.tosunlux.eu\/wp-content\/uploads\/2022\/09\/\u4f18\u52bf-1-300x39.jpg 300w, https:\/\/www.tosunlux.eu\/wp-content\/uploads\/2022\/09\/\u4f18\u52bf-1-768x101.jpg 768w, https:\/\/www.tosunlux.eu\/wp-content\/uploads\/2022\/09\/\u4f18\u52bf-1-1536x202.jpg 1536w, https:\/\/www.tosunlux.eu\/wp-content\/uploads\/2022\/09\/\u4f18\u52bf-1-2048x270.jpg 2048w\" sizes=\"(max-width: 1024px) 100vw, 1024px\" \/><\/figure>\n\n\n\n<p><\/p>\n\n\n\n<figure class=\"wp-block-image size-large\"><img decoding=\"async\" width=\"1024\" height=\"469\" src=\"https:\/\/www.tosunlux.eu\/wp-content\/uploads\/2022\/09\/2-1-1024x469.jpg\" alt=\"\" class=\"wp-image-5220\" srcset=\"https:\/\/www.tosunlux.eu\/wp-content\/uploads\/2022\/09\/2-1-1024x469.jpg 1024w, https:\/\/www.tosunlux.eu\/wp-content\/uploads\/2022\/09\/2-1-300x137.jpg 300w, https:\/\/www.tosunlux.eu\/wp-content\/uploads\/2022\/09\/2-1-768x352.jpg 768w, https:\/\/www.tosunlux.eu\/wp-content\/uploads\/2022\/09\/2-1-1536x704.jpg 1536w, https:\/\/www.tosunlux.eu\/wp-content\/uploads\/2022\/09\/2-1.jpg 1906w\" sizes=\"(max-width: 1024px) 100vw, 1024px\" \/><\/figure>\n\n\n\n<p><\/p>\n\n\n\n<figure class=\"wp-block-image size-large\"><img loading=\"lazy\" decoding=\"async\" width=\"1024\" height=\"285\" src=\"https:\/\/www.tosunlux.eu\/wp-content\/uploads\/2022\/09\/3-1-1024x285.jpg\" alt=\"\" class=\"wp-image-5221\" srcset=\"https:\/\/www.tosunlux.eu\/wp-content\/uploads\/2022\/09\/3-1-1024x285.jpg 1024w, https:\/\/www.tosunlux.eu\/wp-content\/uploads\/2022\/09\/3-1-300x83.jpg 300w, https:\/\/www.tosunlux.eu\/wp-content\/uploads\/2022\/09\/3-1-768x213.jpg 768w, https:\/\/www.tosunlux.eu\/wp-content\/uploads\/2022\/09\/3-1-1536x427.jpg 1536w, https:\/\/www.tosunlux.eu\/wp-content\/uploads\/2022\/09\/3-1-2048x569.jpg 2048w\" sizes=\"(max-width: 1024px) 100vw, 1024px\" \/><\/figure>\n\n\n\n<p><\/p>\n\n\n\n<p><strong>Solicitud<\/strong><\/p>\n\n\n\n<p>El estabilizador de voltaje monof\u00e1sico montado en la pared WMV consiste en un autotransformador, CPU, circuito de control inteligente, circuito de protecci\u00f3n contra sobrecarga, circuito de protecci\u00f3n contra bajo y sobrevoltaje, circuito de salida de retardo de tiempo, pantalla LED y servomotor. Cuando cambia el voltaje de entrada o la carga, el circuito de control inteligente impulsar\u00e1 el servomotor para ajustar el cepillo para regular el voltaje de salida al valor nominal. La pantalla LED indica el voltaje de la red exterior, el voltaje de los aparatos el\u00e9ctricos y el uso de la carga en tiempo real. As\u00ed, los aparatos el\u00e9ctricos se pueden utilizar de forma m\u00e1s segura.<br>El producto se caracteriza por su instalaci\u00f3n elegante y f\u00e1cil con dos tipos verticales y montados en la pared, sin distorsi\u00f3n de la forma de onda de salida, protecciones completas y un rendimiento confiable. Es un equipo ideal para el suministro de energ\u00eda de voltaje constante utilizado en electrodom\u00e9sticos, producci\u00f3n industrial, laboratorio e higiene m\u00e9dica.<\/p>\n\n\n<p><strong>Especificaci\u00f3n<\/strong><\/p>\n<table width=\"1048\">\n<tbody>\n<tr>\n<td style=\"text-align: center;\" width=\"249\">\u00a0Voltaje de entrada<\/td>\n<td style=\"text-align: center;\" colspan=\"2\" width=\"799\">130V~250V 160V~250V<\/td>\n<\/tr>\n<tr>\n<td style=\"text-align: center;\" width=\"249\">Tensi\u00f3n de salida<\/td>\n<td style=\"text-align: center;\" colspan=\"2\" width=\"799\">220\u00b13% con 110V+\u00b13%<\/td>\n<\/tr>\n<tr>\n<td style=\"text-align: center;\" width=\"249\">Fase<\/td>\n<td style=\"text-align: center;\" colspan=\"2\" width=\"799\">Fase \u00fanica<\/td>\n<\/tr>\n<tr>\n<td style=\"text-align: center;\" width=\"249\">Frecuencia<\/td>\n<td style=\"text-align: center;\" colspan=\"2\" width=\"799\">\u00a050\/60Hz<\/td>\n<\/tr>\n<tr>\n<td style=\"text-align: center;\" width=\"249\">Tiempo de respuesta<\/td>\n<td style=\"text-align: center;\" colspan=\"2\" width=\"799\">4 opciones<\/td>\n<\/tr>\n<tr>\n<td style=\"text-align: center;\" width=\"249\">Eficiencia<\/td>\n<td style=\"text-align: center;\" colspan=\"2\" width=\"799\">&gt; 95%<\/td>\n<\/tr>\n<tr>\n<td style=\"text-align: center;\" width=\"249\">Temperatura ambiente<\/td>\n<td style=\"text-align: center;\" colspan=\"2\" width=\"799\">-5\u00b0c~+40\u00b0c<\/td>\n<\/tr>\n<tr>\n<td style=\"text-align: center;\" width=\"249\">Humedad relativa<\/td>\n<td style=\"text-align: center;\" colspan=\"2\" width=\"799\">&lt; 95%<\/td>\n<\/tr>\n<tr>\n<td style=\"text-align: center;\" width=\"249\">Distorsi\u00f3n de forma de onda<\/td>\n<td style=\"text-align: center;\" colspan=\"2\" width=\"799\">No falta fidelidad en la forma de onda.<\/td>\n<\/tr>\n<\/tbody>\n<\/table>\n\n<p>\u00a0<\/p>\n<p>\u00a0<\/p>\n<table style=\"border-collapse: collapse; width: 964px; height: 277px;\" border=\"0\" width=\"1048\" cellspacing=\"0\" cellpadding=\"0\">\n<tbody>\n<tr style=\"height: 22.50pt;\">\n<td class=\"et2\" style=\"height: 22.5pt; width: 187.7pt; text-align: center;\" width=\"250\" height=\"30\">Modelo<\/td>\n<td class=\"et2\" style=\"width: 599pt; text-align: center;\" colspan=\"2\" width=\"798\">Potencia de salida<\/td>\n<\/tr>\n<tr style=\"height: 22.50pt;\">\n<td class=\"et2\" style=\"height: 22.5pt; width: 187.7pt; text-align: center;\" width=\"250\" height=\"30\">WMV-500VA<\/td>\n<td class=\"et2\" style=\"width: 599pt; text-align: center;\" colspan=\"2\" width=\"798\">500VA<\/td>\n<\/tr>\n<tr style=\"height: 22.50pt;\">\n<td class=\"et2\" style=\"height: 22.5pt; width: 187.7pt; text-align: center;\" width=\"250\" height=\"30\">WMV-1000VA<\/td>\n<td class=\"et2\" style=\"width: 599pt; text-align: center;\" colspan=\"2\" width=\"798\">1000VA<\/td>\n<\/tr>\n<tr style=\"height: 22.50pt;\">\n<td class=\"et2\" style=\"height: 22.5pt; width: 187.7pt; text-align: center;\" width=\"250\" height=\"30\">WMV-1500VA<\/td>\n<td class=\"et2\" style=\"width: 599pt; text-align: center;\" colspan=\"2\" width=\"798\">1500VA<\/td>\n<\/tr>\n<tr style=\"height: 22.50pt;\">\n<td class=\"et2\" style=\"height: 22.5pt; width: 187.7pt; text-align: center;\" width=\"250\" height=\"30\">WMV-2000VA<\/td>\n<td class=\"et2\" style=\"width: 599pt; text-align: center;\" colspan=\"2\" width=\"798\">2000VA<\/td>\n<\/tr>\n<tr style=\"height: 22.50pt;\">\n<td class=\"et2\" style=\"height: 22.5pt; width: 187.7pt; text-align: center;\" width=\"250\" height=\"30\">WMV-3000VA<\/td>\n<td class=\"et2\" style=\"width: 599pt; text-align: center;\" colspan=\"2\" width=\"798\">3000VA<\/td>\n<\/tr>\n<tr style=\"height: 22.50pt;\">\n<td class=\"et2\" style=\"height: 22.5pt; width: 187.7pt; text-align: center;\" width=\"250\" height=\"30\">WMV-5000VA<\/td>\n<td class=\"et2\" style=\"width: 599pt; text-align: center;\" colspan=\"2\" width=\"798\">5000VA<\/td>\n<\/tr>\n<tr style=\"height: 22.50pt;\">\n<td class=\"et2\" style=\"height: 22.5pt; width: 187.7pt; text-align: center;\" width=\"250\" height=\"30\">WMV-8000VA<\/td>\n<td class=\"et2\" style=\"width: 599pt; text-align: center;\" colspan=\"2\" width=\"798\">8000VA<\/td>\n<\/tr>\n<tr style=\"height: 22.50pt;\">\n<td class=\"et2\" style=\"height: 22.5pt; width: 187.7pt; text-align: center;\" width=\"250\" height=\"30\">WMV-10000VA<\/td>\n<td class=\"et2\" style=\"width: 599pt; text-align: center;\" colspan=\"2\" width=\"798\">10000VA<\/td>\n<\/tr>\n<\/tbody>\n<\/table>","protected":false},"parent":0,"template":"","product_category":[75,122],"class_list":["post-5217","product","type-product","status-publish","hentry","product_category-instruments","product_category-voltage-stabilizer-regulator"],"yoast_head":"<!-- This site is optimized with the Yoast SEO plugin v27.5 - https:\/\/yoast.com\/product\/yoast-seo-wordpress\/ -->\n<title>WholesaleSingle Wall Mounted Voltage Stabilizer - TOSUNlux Official Site - Electrical Circuit Breaker Manufacturer in China Low Voltage Electrical Supplier | TOSUNlux<\/title>\n<meta name=\"description\" content=\"Single Wall Mounted Voltage Stabilizer Supplier - Wholesale direct from TOSUNlux, a trusted manufacturer since 1994. Get your B2B factory quote on our certified Low Voltage electrical products.\" \/>\n<meta name=\"robots\" content=\"index, follow, max-snippet:-1, max-image-preview:large, max-video-preview:-1\" \/>\n<link rel=\"canonical\" href=\"https:\/\/www.tosunlux.eu\/es\/products\/single-wall-mounted-voltage-stabilizer\/\" \/>\n<meta property=\"og:locale\" content=\"es_ES\" \/>\n<meta property=\"og:type\" content=\"article\" \/>\n<meta property=\"og:title\" content=\"WholesaleSingle Wall Mounted Voltage Stabilizer - TOSUNlux Official Site - Electrical Circuit Breaker Manufacturer in China Low Voltage Electrical Supplier | TOSUNlux\" \/>\n<meta property=\"og:description\" content=\"Single Wall Mounted Voltage Stabilizer Supplier - Wholesale direct from TOSUNlux, a trusted manufacturer since 1994. Get your B2B factory quote on our certified Low Voltage electrical products.\" \/>\n<meta property=\"og:url\" content=\"https:\/\/www.tosunlux.eu\/es\/products\/single-wall-mounted-voltage-stabilizer\/\" \/>\n<meta property=\"og:site_name\" content=\"TOSUNlux Official Site - Electrical Circuit Breaker Manufacturer in China\" \/>\n<meta property=\"article:publisher\" content=\"https:\/\/www.facebook.com\/TOSUNelectric\/\" \/>\n<meta property=\"article:modified_time\" content=\"2022-09-26T08:12:21+00:00\" \/>\n<meta property=\"og:image\" content=\"https:\/\/www.tosunlux.eu\/wp-content\/uploads\/2022\/09\/1-1-1024x777.jpg\" \/>\n<meta name=\"twitter:card\" content=\"summary_large_image\" \/>\n<meta name=\"twitter:label1\" content=\"Tiempo de lectura\" \/>\n\t<meta name=\"twitter:data1\" content=\"2 minutos\" \/>\n<script type=\"application\/ld+json\" class=\"yoast-schema-graph\">{\"@context\":\"https:\\\/\\\/schema.org\",\"@graph\":[{\"@type\":\"WebPage\",\"@id\":\"https:\\\/\\\/www.tosunlux.eu\\\/es\\\/products\\\/single-wall-mounted-voltage-stabilizer\\\/\",\"url\":\"https:\\\/\\\/www.tosunlux.eu\\\/es\\\/products\\\/single-wall-mounted-voltage-stabilizer\\\/\",\"name\":\"WholesaleSingle Wall Mounted Voltage Stabilizer - TOSUNlux Official Site - Electrical Circuit Breaker Manufacturer in China Low Voltage Electrical Supplier | TOSUNlux\",\"isPartOf\":{\"@id\":\"https:\\\/\\\/www.tosunlux.eu\\\/ru\\\/#website\"},\"primaryImageOfPage\":{\"@id\":\"https:\\\/\\\/www.tosunlux.eu\\\/es\\\/products\\\/single-wall-mounted-voltage-stabilizer\\\/#primaryimage\"},\"image\":{\"@id\":\"https:\\\/\\\/www.tosunlux.eu\\\/es\\\/products\\\/single-wall-mounted-voltage-stabilizer\\\/#primaryimage\"},\"thumbnailUrl\":\"https:\\\/\\\/www.tosunlux.eu\\\/wp-content\\\/uploads\\\/2022\\\/09\\\/1-1-1024x777.jpg\",\"datePublished\":\"2022-09-26T08:12:20+00:00\",\"dateModified\":\"2022-09-26T08:12:21+00:00\",\"description\":\"Single Wall Mounted Voltage Stabilizer Supplier - Wholesale direct from TOSUNlux, a trusted manufacturer since 1994. Get your B2B factory quote on our certified Low Voltage electrical products.\",\"breadcrumb\":{\"@id\":\"https:\\\/\\\/www.tosunlux.eu\\\/es\\\/products\\\/single-wall-mounted-voltage-stabilizer\\\/#breadcrumb\"},\"inLanguage\":\"es\",\"potentialAction\":[{\"@type\":\"ReadAction\",\"target\":[\"https:\\\/\\\/www.tosunlux.eu\\\/es\\\/products\\\/single-wall-mounted-voltage-stabilizer\\\/\"]}]},{\"@type\":\"ImageObject\",\"inLanguage\":\"es\",\"@id\":\"https:\\\/\\\/www.tosunlux.eu\\\/es\\\/products\\\/single-wall-mounted-voltage-stabilizer\\\/#primaryimage\",\"url\":\"https:\\\/\\\/www.tosunlux.eu\\\/wp-content\\\/uploads\\\/2022\\\/09\\\/1-1-1024x777.jpg\",\"contentUrl\":\"https:\\\/\\\/www.tosunlux.eu\\\/wp-content\\\/uploads\\\/2022\\\/09\\\/1-1-1024x777.jpg\"},{\"@type\":\"BreadcrumbList\",\"@id\":\"https:\\\/\\\/www.tosunlux.eu\\\/es\\\/products\\\/single-wall-mounted-voltage-stabilizer\\\/#breadcrumb\",\"itemListElement\":[{\"@type\":\"ListItem\",\"position\":1,\"name\":\"Home\",\"item\":\"https:\\\/\\\/www.tosunlux.eu\\\/ru\\\/\"},{\"@type\":\"ListItem\",\"position\":2,\"name\":\"Products\",\"item\":\"https:\\\/\\\/www.tosunlux.eu\\\/products\\\/\"},{\"@type\":\"ListItem\",\"position\":3,\"name\":\"Single Wall Mounted Voltage Stabilizer\"}]},{\"@type\":\"WebSite\",\"@id\":\"https:\\\/\\\/www.tosunlux.eu\\\/ru\\\/#website\",\"url\":\"https:\\\/\\\/www.tosunlux.eu\\\/ru\\\/\",\"name\":\"TOSUNlux Official Site - Electrical Circuit Breaker Manufacturer in China\",\"description\":\"Power Distribution System Supplier\",\"publisher\":{\"@id\":\"https:\\\/\\\/www.tosunlux.eu\\\/ru\\\/#organization\"},\"alternateName\":\"TOSUNlux\",\"potentialAction\":[{\"@type\":\"SearchAction\",\"target\":{\"@type\":\"EntryPoint\",\"urlTemplate\":\"https:\\\/\\\/www.tosunlux.eu\\\/ru\\\/?s={search_term_string}\"},\"query-input\":{\"@type\":\"PropertyValueSpecification\",\"valueRequired\":true,\"valueName\":\"search_term_string\"}}],\"inLanguage\":\"es\"},{\"@type\":\"Organization\",\"@id\":\"https:\\\/\\\/www.tosunlux.eu\\\/ru\\\/#organization\",\"name\":\"TOSUNlux\",\"url\":\"https:\\\/\\\/www.tosunlux.eu\\\/ru\\\/\",\"logo\":{\"@type\":\"ImageObject\",\"inLanguage\":\"es\",\"@id\":\"https:\\\/\\\/www.tosunlux.eu\\\/ru\\\/#\\\/schema\\\/logo\\\/image\\\/\",\"url\":\"https:\\\/\\\/www.tosunlux.eu\\\/wp-content\\\/uploads\\\/2022\\\/01\\\/LOGOSYSM.71762f1.png\",\"contentUrl\":\"https:\\\/\\\/www.tosunlux.eu\\\/wp-content\\\/uploads\\\/2022\\\/01\\\/LOGOSYSM.71762f1.png\",\"width\":153,\"height\":55,\"caption\":\"TOSUNlux\"},\"image\":{\"@id\":\"https:\\\/\\\/www.tosunlux.eu\\\/ru\\\/#\\\/schema\\\/logo\\\/image\\\/\"},\"sameAs\":[\"https:\\\/\\\/www.facebook.com\\\/TOSUNelectric\\\/\",\"https:\\\/\\\/www.linkedin.com\\\/company\\\/wenzhou-tosun-electric-co.-ltd\\\/\"]}]}<\/script>\n<!-- \/ Yoast SEO plugin. -->","yoast_head_json":{"title":"WholesaleSingle Wall Mounted Voltage Stabilizer - TOSUNlux Official Site - Electrical Circuit Breaker Manufacturer in China Low Voltage Electrical Supplier | TOSUNlux","description":"Single Wall Mounted Voltage Stabilizer Supplier - Wholesale direct from TOSUNlux, a trusted manufacturer since 1994. Get your B2B factory quote on our certified Low Voltage electrical products.","robots":{"index":"index","follow":"follow","max-snippet":"max-snippet:-1","max-image-preview":"max-image-preview:large","max-video-preview":"max-video-preview:-1"},"canonical":"https:\/\/www.tosunlux.eu\/es\/products\/single-wall-mounted-voltage-stabilizer\/","og_locale":"es_ES","og_type":"article","og_title":"WholesaleSingle Wall Mounted Voltage Stabilizer - TOSUNlux Official Site - Electrical Circuit Breaker Manufacturer in China Low Voltage Electrical Supplier | TOSUNlux","og_description":"Single Wall Mounted Voltage Stabilizer Supplier - Wholesale direct from TOSUNlux, a trusted manufacturer since 1994. Get your B2B factory quote on our certified Low Voltage electrical products.","og_url":"https:\/\/www.tosunlux.eu\/es\/products\/single-wall-mounted-voltage-stabilizer\/","og_site_name":"TOSUNlux Official Site - Electrical Circuit Breaker Manufacturer in China","article_publisher":"https:\/\/www.facebook.com\/TOSUNelectric\/","article_modified_time":"2022-09-26T08:12:21+00:00","og_image":[{"url":"https:\/\/www.tosunlux.eu\/wp-content\/uploads\/2022\/09\/1-1-1024x777.jpg","type":"","width":"","height":""}],"twitter_card":"summary_large_image","twitter_misc":{"Tiempo de lectura":"2 minutos"},"schema":{"@context":"https:\/\/schema.org","@graph":[{"@type":"WebPage","@id":"https:\/\/www.tosunlux.eu\/es\/products\/single-wall-mounted-voltage-stabilizer\/","url":"https:\/\/www.tosunlux.eu\/es\/products\/single-wall-mounted-voltage-stabilizer\/","name":"WholesaleSingle Wall Mounted Voltage Stabilizer - TOSUNlux Official Site - Electrical Circuit Breaker Manufacturer in China Low Voltage Electrical Supplier | TOSUNlux","isPartOf":{"@id":"https:\/\/www.tosunlux.eu\/ru\/#website"},"primaryImageOfPage":{"@id":"https:\/\/www.tosunlux.eu\/es\/products\/single-wall-mounted-voltage-stabilizer\/#primaryimage"},"image":{"@id":"https:\/\/www.tosunlux.eu\/es\/products\/single-wall-mounted-voltage-stabilizer\/#primaryimage"},"thumbnailUrl":"https:\/\/www.tosunlux.eu\/wp-content\/uploads\/2022\/09\/1-1-1024x777.jpg","datePublished":"2022-09-26T08:12:20+00:00","dateModified":"2022-09-26T08:12:21+00:00","description":"Single Wall Mounted Voltage Stabilizer Supplier - Wholesale direct from TOSUNlux, a trusted manufacturer since 1994. Get your B2B factory quote on our certified Low Voltage electrical products.","breadcrumb":{"@id":"https:\/\/www.tosunlux.eu\/es\/products\/single-wall-mounted-voltage-stabilizer\/#breadcrumb"},"inLanguage":"es","potentialAction":[{"@type":"ReadAction","target":["https:\/\/www.tosunlux.eu\/es\/products\/single-wall-mounted-voltage-stabilizer\/"]}]},{"@type":"ImageObject","inLanguage":"es","@id":"https:\/\/www.tosunlux.eu\/es\/products\/single-wall-mounted-voltage-stabilizer\/#primaryimage","url":"https:\/\/www.tosunlux.eu\/wp-content\/uploads\/2022\/09\/1-1-1024x777.jpg","contentUrl":"https:\/\/www.tosunlux.eu\/wp-content\/uploads\/2022\/09\/1-1-1024x777.jpg"},{"@type":"BreadcrumbList","@id":"https:\/\/www.tosunlux.eu\/es\/products\/single-wall-mounted-voltage-stabilizer\/#breadcrumb","itemListElement":[{"@type":"ListItem","position":1,"name":"Home","item":"https:\/\/www.tosunlux.eu\/ru\/"},{"@type":"ListItem","position":2,"name":"Products","item":"https:\/\/www.tosunlux.eu\/products\/"},{"@type":"ListItem","position":3,"name":"Single Wall Mounted Voltage Stabilizer"}]},{"@type":"WebSite","@id":"https:\/\/www.tosunlux.eu\/ru\/#website","url":"https:\/\/www.tosunlux.eu\/ru\/","name":"Sitio oficial de TOSUNlux - Fabricante de disyuntores el\u00e9ctricos en China","description":"Proveedor de sistemas de distribuci\u00f3n de energ\u00eda","publisher":{"@id":"https:\/\/www.tosunlux.eu\/ru\/#organization"},"alternateName":"TOSUNlux","potentialAction":[{"@type":"SearchAction","target":{"@type":"EntryPoint","urlTemplate":"https:\/\/www.tosunlux.eu\/ru\/?s={search_term_string}"},"query-input":{"@type":"PropertyValueSpecification","valueRequired":true,"valueName":"search_term_string"}}],"inLanguage":"es"},{"@type":"Organization","@id":"https:\/\/www.tosunlux.eu\/ru\/#organization","name":"TOSUNlux","url":"https:\/\/www.tosunlux.eu\/ru\/","logo":{"@type":"ImageObject","inLanguage":"es","@id":"https:\/\/www.tosunlux.eu\/ru\/#\/schema\/logo\/image\/","url":"https:\/\/www.tosunlux.eu\/wp-content\/uploads\/2022\/01\/LOGOSYSM.71762f1.png","contentUrl":"https:\/\/www.tosunlux.eu\/wp-content\/uploads\/2022\/01\/LOGOSYSM.71762f1.png","width":153,"height":55,"caption":"TOSUNlux"},"image":{"@id":"https:\/\/www.tosunlux.eu\/ru\/#\/schema\/logo\/image\/"},"sameAs":["https:\/\/www.facebook.com\/TOSUNelectric\/","https:\/\/www.linkedin.com\/company\/wenzhou-tosun-electric-co.-ltd\/"]}]}},"_links":{"self":[{"href":"https:\/\/www.tosunlux.eu\/es\/wp-json\/wp\/v2\/product\/5217","targetHints":{"allow":["GET"]}}],"collection":[{"href":"https:\/\/www.tosunlux.eu\/es\/wp-json\/wp\/v2\/product"}],"about":[{"href":"https:\/\/www.tosunlux.eu\/es\/wp-json\/wp\/v2\/types\/product"}],"version-history":[{"count":1,"href":"https:\/\/www.tosunlux.eu\/es\/wp-json\/wp\/v2\/product\/5217\/revisions"}],"predecessor-version":[{"id":5226,"href":"https:\/\/www.tosunlux.eu\/es\/wp-json\/wp\/v2\/product\/5217\/revisions\/5226"}],"wp:attachment":[{"href":"https:\/\/www.tosunlux.eu\/es\/wp-json\/wp\/v2\/media?parent=5217"}],"wp:term":[{"taxonomy":"product_category","embeddable":true,"href":"https:\/\/www.tosunlux.eu\/es\/wp-json\/wp\/v2\/product_category?post=5217"}],"curies":[{"name":"gracias","href":"https:\/\/api.w.org\/{rel}","templated":true}]}}