{"id":5448,"date":"2023-03-14T13:32:23","date_gmt":"2023-03-14T05:32:23","guid":{"rendered":"https:\/\/www.tosunlux.eu\/?post_type=product&#038;p=5448"},"modified":"2023-03-17T14:44:08","modified_gmt":"2023-03-17T06:44:08","slug":"dc-isolating-switch-3","status":"publish","type":"product","link":"https:\/\/www.tosunlux.eu\/es\/products\/dc-isolating-switch-3\/","title":{"rendered":"Interruptor de aislamiento de CC"},"content":{"rendered":"<p><strong>Solicitud<\/strong><\/p>\n\n\n\n<p>El interruptor de aislamiento de CC de la serie S32D se aplica al sistema fotovoltaico residencial o comercial de 1~20KW, colocado entre los m\u00f3dulos fotovoltaicos y los inversores. El tiempo de arco es inferior a 8 ms, lo que mantiene el sistema solar m\u00e1s seguro. El voltaje m\u00e1ximo es de hasta 1200 V CC. Mantiene una ventaja segura entre productos similares.<\/p>\n\n\n\n<p><strong>Especificaci\u00f3n<\/strong><\/p>\n\n\n<table style=\"border-collapse: collapse; width: 901px; height: 642px;\" border=\"0\" width=\"1560\" cellspacing=\"0\" cellpadding=\"0\">\n<tbody>\n<tr style=\"height: 25.70pt;\">\n<td class=\"et2\" style=\"height: 25.70pt; width: 491.15pt;\" width=\"948\" height=\"49\">Corriente nominal (A)<\/td>\n<td class=\"et2\" style=\"width: 317.35pt; text-align: center;\" width=\"612\">16, 25, 32<\/td>\n<\/tr>\n<tr style=\"height: 26.25pt;\">\n<td class=\"et2\" style=\"height: 26.25pt; width: 491.15pt;\" width=\"948\" height=\"50\">Est\u00e1ndar<\/td>\n<td class=\"et2\" style=\"width: 317.35pt; text-align: center;\" width=\"612\">IEC60947-3<\/td>\n<\/tr>\n<tr style=\"height: 27.80pt;\">\n<td class=\"et2\" style=\"height: 27.80pt; width: 491.15pt;\" width=\"948\" height=\"53\">Categor\u00eda de utilizaci\u00f3n<\/td>\n<td class=\"et2\" style=\"width: 317.35pt; text-align: center;\" width=\"612\">CC-PV2\/ CC-PV1\/ CC-21B<\/td>\n<\/tr>\n<tr style=\"height: 26.75pt;\">\n<td class=\"et2\" style=\"height: 26.75pt; width: 491.15pt;\" width=\"948\" height=\"51\">Polo<\/td>\n<td class=\"et2\" style=\"width: 317.35pt; text-align: center;\" width=\"612\">4P<\/td>\n<\/tr>\n<tr style=\"height: 27.25pt;\">\n<td class=\"et2\" style=\"height: 27.25pt; width: 491.15pt;\" width=\"948\" height=\"52\">Frecuencia nominal<\/td>\n<td class=\"et2\" style=\"width: 317.35pt; text-align: center;\" width=\"612\">corriente continua<\/td>\n<\/tr>\n<tr style=\"height: 28.30pt;\">\n<td class=\"et2\" style=\"height: 28.30pt; width: 491.15pt;\" width=\"948\" height=\"54\">Tensi\u00f3n nominal de funcionamiento (Ue)<\/td>\n<td class=\"et2\" style=\"width: 317.35pt; text-align: center;\" width=\"612\">300V, 600V, 800V, 1000V, 1200V<\/td>\n<\/tr>\n<tr style=\"height: 26.25pt;\">\n<td class=\"et2\" style=\"height: 26.25pt; width: 491.15pt;\" width=\"948\" height=\"50\">Tensi\u00f3n nominal de aislamiento (Ui)<\/td>\n<td class=\"et2\" style=\"width: 317.35pt; text-align: center;\" width=\"612\">1200V<\/td>\n<\/tr>\n<tr style=\"height: 27.25pt;\">\n<td class=\"et2\" style=\"height: 27.25pt; width: 491.15pt;\" width=\"948\" height=\"52\">Corriente de resistencia nominal de corta duraci\u00f3n (lew)<\/td>\n<td class=\"et2\" style=\"width: 317.35pt; text-align: center;\" width=\"612\">1kA, 1s<\/td>\n<\/tr>\n<tr style=\"height: 26.25pt;\">\n<td class=\"et2\" style=\"height: 26.25pt; width: 491.15pt;\" width=\"948\" height=\"50\">Tensi\u00f3n nominal soportada impulsada (Uimp)<\/td>\n<td class=\"et2\" style=\"width: 317.35pt; text-align: center;\" width=\"612\">8. 0kV<\/td>\n<\/tr>\n<tr style=\"height: 29.85pt;\">\n<td class=\"et2\" style=\"height: 29.85pt; width: 491.15pt;\" width=\"948\" height=\"57\">Categor\u00eda de sobrevoltaje<\/td>\n<td class=\"et2\" style=\"width: 317.35pt; text-align: center;\" width=\"612\">II<\/td>\n<\/tr>\n<tr style=\"height: 28.30pt;\">\n<td class=\"et2\" style=\"height: 28.30pt; width: 491.15pt;\" width=\"948\" height=\"54\">Idoneidad para el aislamiento<\/td>\n<td class=\"et2\" style=\"width: 317.35pt; text-align: center;\" width=\"612\">S\u00ed<\/td>\n<\/tr>\n<tr style=\"height: 22.65pt;\">\n<td class=\"et2\" style=\"height: 22.65pt; width: 491.15pt;\" width=\"948\" height=\"43\">Polaridad<\/td>\n<td class=\"et2\" style=\"width: 317.35pt; text-align: center;\" width=\"612\">No se pueden intercambiar las polaridades &quot;+&quot; y &quot;-&quot;<\/td>\n<\/tr>\n<tr style=\"height: 26.75pt;\">\n<td class=\"et2\" style=\"height: 26.75pt; width: 491.15pt;\" width=\"948\" height=\"51\">Vida mec\u00e1nica<\/td>\n<td class=\"et2\" style=\"width: 317.35pt; text-align: center;\" width=\"612\">18000 veces<\/td>\n<\/tr>\n<tr style=\"height: 27.25pt;\">\n<td class=\"et2\" style=\"height: 27.25pt; width: 491.15pt;\" width=\"948\" height=\"52\">Vida el\u00e9ctrica<\/td>\n<td class=\"et2\" style=\"width: 317.35pt; text-align: center;\" width=\"612\">2000 veces<\/td>\n<\/tr>\n<tr style=\"height: 27.25pt;\">\n<td class=\"et2\" style=\"height: 27.25pt; width: 491.15pt;\" width=\"948\" height=\"52\">Temperatura de almacenamiento<\/td>\n<td class=\"et2\" style=\"width: 317.35pt; text-align: center;\" width=\"612\">-10\u00b0C-+85\u00b0C<\/td>\n<\/tr>\n<tr style=\"height: 27.80pt;\">\n<td class=\"et2\" style=\"height: 27.80pt; width: 491.15pt;\" width=\"948\" height=\"53\">Tipo de montaje<\/td>\n<td class=\"et2\" style=\"width: 317.35pt; text-align: center;\" width=\"612\">Vertical u horizontalmente<\/td>\n<\/tr>\n<tr style=\"height: 27.25pt;\">\n<td class=\"et2\" style=\"height: 27.25pt; width: 491.15pt;\" width=\"948\" height=\"52\">Grado de contaminaci\u00f3n<\/td>\n<td class=\"et2\" style=\"width: 317.35pt; text-align: center;\" width=\"612\">III<\/td>\n<\/tr>\n<\/tbody>\n<\/table>\n\n\n<p><strong>Configuraciones de conmutaci\u00f3n<\/strong><\/p>\n\n\n\n<figure class=\"wp-block-image size-large\"><img fetchpriority=\"high\" decoding=\"async\" width=\"1024\" height=\"357\" src=\"https:\/\/www.tosunlux.eu\/wp-content\/uploads\/2023\/03\/2023\u65b0\u80fd\u6e90\u76ee\u5f55-2-1024x357.jpg\" alt=\"\" class=\"wp-image-5449\" srcset=\"https:\/\/www.tosunlux.eu\/wp-content\/uploads\/2023\/03\/2023\u65b0\u80fd\u6e90\u76ee\u5f55-2-1024x357.jpg 1024w, https:\/\/www.tosunlux.eu\/wp-content\/uploads\/2023\/03\/2023\u65b0\u80fd\u6e90\u76ee\u5f55-2-300x105.jpg 300w, https:\/\/www.tosunlux.eu\/wp-content\/uploads\/2023\/03\/2023\u65b0\u80fd\u6e90\u76ee\u5f55-2-768x268.jpg 768w, https:\/\/www.tosunlux.eu\/wp-content\/uploads\/2023\/03\/2023\u65b0\u80fd\u6e90\u76ee\u5f55-2-1536x535.jpg 1536w, https:\/\/www.tosunlux.eu\/wp-content\/uploads\/2023\/03\/2023\u65b0\u80fd\u6e90\u76ee\u5f55-2.jpg 1604w\" sizes=\"(max-width: 1024px) 100vw, 1024px\" \/><\/figure>\n\n\n\n<p><strong>Dimensiones<\/strong><\/p>\n\n\n\n<figure class=\"wp-block-image size-large\"><img decoding=\"async\" width=\"1024\" height=\"255\" src=\"https:\/\/www.tosunlux.eu\/wp-content\/uploads\/2023\/03\/2023\u65b0\u80fd\u6e90\u76ee\u5f552-1024x255.jpg\" alt=\"\" class=\"wp-image-5450\" srcset=\"https:\/\/www.tosunlux.eu\/wp-content\/uploads\/2023\/03\/2023\u65b0\u80fd\u6e90\u76ee\u5f552-1024x255.jpg 1024w, https:\/\/www.tosunlux.eu\/wp-content\/uploads\/2023\/03\/2023\u65b0\u80fd\u6e90\u76ee\u5f552-300x75.jpg 300w, https:\/\/www.tosunlux.eu\/wp-content\/uploads\/2023\/03\/2023\u65b0\u80fd\u6e90\u76ee\u5f552-768x191.jpg 768w, https:\/\/www.tosunlux.eu\/wp-content\/uploads\/2023\/03\/2023\u65b0\u80fd\u6e90\u76ee\u5f552-1536x382.jpg 1536w, https:\/\/www.tosunlux.eu\/wp-content\/uploads\/2023\/03\/2023\u65b0\u80fd\u6e90\u76ee\u5f552.jpg 1599w\" sizes=\"(max-width: 1024px) 100vw, 1024px\" \/><\/figure>\n\n\n\n<p><strong>Caracter\u00edstica<\/strong><\/p>\n\n\n\n<p>IP66 y resistente a los rayos UV<br>El mango se puede bloquear con candado en la posici\u00f3n &quot;OFF&quot;<br>Se pueden seleccionar enchufes MC4 con adaptador o prensaestopas para<br>conexi\u00f3n conveniente y ahorro de espacio<br>La v\u00e1lvula de aire lP66 ayuda a que el aire fluya y reduzca las temperaturas.<br>2 polos, 4 polos est\u00e1n disponibles (cadena simple l doble)<br>Est\u00e1ndar: IEC60947-3,AS60947.3<br>CC-PV2, CC-PV1, CC-21B<br>16A, 25A, 32A, 1200V CC<\/p>\n\n\n\n<figure class=\"wp-block-image size-large is-resized\"><img decoding=\"async\" src=\"https:\/\/www.tosunlux.eu\/wp-content\/uploads\/2023\/03\/2023\u65b0\u80fd\u6e90\u76ee\u5f553-1024x380.jpg\" alt=\"\" class=\"wp-image-5451\" width=\"612\" height=\"226\" srcset=\"https:\/\/www.tosunlux.eu\/wp-content\/uploads\/2023\/03\/2023\u65b0\u80fd\u6e90\u76ee\u5f553-1024x380.jpg 1024w, https:\/\/www.tosunlux.eu\/wp-content\/uploads\/2023\/03\/2023\u65b0\u80fd\u6e90\u76ee\u5f553-300x111.jpg 300w, https:\/\/www.tosunlux.eu\/wp-content\/uploads\/2023\/03\/2023\u65b0\u80fd\u6e90\u76ee\u5f553-768x285.jpg 768w, https:\/\/www.tosunlux.eu\/wp-content\/uploads\/2023\/03\/2023\u65b0\u80fd\u6e90\u76ee\u5f553-1536x570.jpg 1536w, https:\/\/www.tosunlux.eu\/wp-content\/uploads\/2023\/03\/2023\u65b0\u80fd\u6e90\u76ee\u5f553.jpg 1599w\" sizes=\"(max-width: 612px) 100vw, 612px\" \/><\/figure>\n\n\n\n<p><strong>Dimensiones<\/strong><\/p>\n\n\n\n<figure class=\"wp-block-image size-large\"><img loading=\"lazy\" decoding=\"async\" width=\"1024\" height=\"657\" src=\"https:\/\/www.tosunlux.eu\/wp-content\/uploads\/2023\/03\/2023\u65b0\u80fd\u6e90\u76ee\u5f554-1024x657.jpg\" alt=\"\" class=\"wp-image-5452\" srcset=\"https:\/\/www.tosunlux.eu\/wp-content\/uploads\/2023\/03\/2023\u65b0\u80fd\u6e90\u76ee\u5f554-1024x657.jpg 1024w, https:\/\/www.tosunlux.eu\/wp-content\/uploads\/2023\/03\/2023\u65b0\u80fd\u6e90\u76ee\u5f554-300x192.jpg 300w, https:\/\/www.tosunlux.eu\/wp-content\/uploads\/2023\/03\/2023\u65b0\u80fd\u6e90\u76ee\u5f554-768x493.jpg 768w, https:\/\/www.tosunlux.eu\/wp-content\/uploads\/2023\/03\/2023\u65b0\u80fd\u6e90\u76ee\u5f554-1536x986.jpg 1536w, https:\/\/www.tosunlux.eu\/wp-content\/uploads\/2023\/03\/2023\u65b0\u80fd\u6e90\u76ee\u5f554.jpg 1599w\" sizes=\"(max-width: 1024px) 100vw, 1024px\" \/><\/figure>","protected":false},"parent":0,"template":"","product_category":[37,153],"class_list":["post-5448","product","type-product","status-publish","hentry","product_category-new-energy-instruments","product_category-dc-fuse-and-isolating-switch"],"yoast_head":"<!-- This site is optimized with the Yoast SEO plugin v27.5 - https:\/\/yoast.com\/product\/yoast-seo-wordpress\/ -->\n<title>WholesaleDC Isolating Switch - TOSUNlux Official Site - Electrical Circuit Breaker Manufacturer in China Low Voltage Electrical Supplier | TOSUNlux<\/title>\n<meta name=\"description\" content=\"DC Isolating Switch Supplier - Wholesale direct from TOSUNlux, a trusted manufacturer since 1994. Get your B2B factory quote on our certified Low Voltage electrical products.\" \/>\n<meta name=\"robots\" content=\"index, follow, max-snippet:-1, max-image-preview:large, max-video-preview:-1\" \/>\n<link rel=\"canonical\" href=\"https:\/\/www.tosunlux.eu\/es\/products\/dc-isolating-switch-3\/\" \/>\n<meta property=\"og:locale\" content=\"es_ES\" \/>\n<meta property=\"og:type\" content=\"article\" \/>\n<meta property=\"og:title\" content=\"WholesaleDC Isolating Switch - TOSUNlux Official Site - Electrical Circuit Breaker Manufacturer in China Low Voltage Electrical Supplier | TOSUNlux\" \/>\n<meta property=\"og:description\" content=\"DC Isolating Switch Supplier - Wholesale direct from TOSUNlux, a trusted manufacturer since 1994. Get your B2B factory quote on our certified Low Voltage electrical products.\" \/>\n<meta property=\"og:url\" content=\"https:\/\/www.tosunlux.eu\/es\/products\/dc-isolating-switch-3\/\" \/>\n<meta property=\"og:site_name\" content=\"TOSUNlux Official Site - Electrical Circuit Breaker Manufacturer in China\" \/>\n<meta property=\"article:publisher\" content=\"https:\/\/www.facebook.com\/TOSUNelectric\/\" \/>\n<meta property=\"article:modified_time\" content=\"2023-03-17T06:44:08+00:00\" \/>\n<meta property=\"og:image\" content=\"https:\/\/www.tosunlux.eu\/wp-content\/uploads\/2023\/04\/DSC08160_\u526f\u672c.jpg\" \/>\n\t<meta property=\"og:image:width\" content=\"1500\" \/>\n\t<meta property=\"og:image:height\" content=\"940\" \/>\n\t<meta property=\"og:image:type\" content=\"image\/jpeg\" \/>\n<meta name=\"twitter:card\" content=\"summary_large_image\" \/>\n<meta name=\"twitter:label1\" content=\"Tiempo de lectura\" \/>\n\t<meta name=\"twitter:data1\" content=\"2 minutos\" \/>\n<script type=\"application\/ld+json\" class=\"yoast-schema-graph\">{\"@context\":\"https:\\\/\\\/schema.org\",\"@graph\":[{\"@type\":\"WebPage\",\"@id\":\"https:\\\/\\\/www.tosunlux.eu\\\/products\\\/dc-isolating-switch-3\\\/\",\"url\":\"https:\\\/\\\/www.tosunlux.eu\\\/products\\\/dc-isolating-switch-3\\\/\",\"name\":\"WholesaleDC Isolating Switch - TOSUNlux Official Site - Electrical Circuit Breaker Manufacturer in China Low Voltage Electrical Supplier | TOSUNlux\",\"isPartOf\":{\"@id\":\"https:\\\/\\\/www.tosunlux.eu\\\/ru\\\/#website\"},\"datePublished\":\"2023-03-14T05:32:23+00:00\",\"dateModified\":\"2023-03-17T06:44:08+00:00\",\"description\":\"DC Isolating Switch Supplier - Wholesale direct from TOSUNlux, a trusted manufacturer since 1994. Get your B2B factory quote on our certified Low Voltage electrical products.\",\"breadcrumb\":{\"@id\":\"https:\\\/\\\/www.tosunlux.eu\\\/products\\\/dc-isolating-switch-3\\\/#breadcrumb\"},\"inLanguage\":\"es\",\"potentialAction\":[{\"@type\":\"ReadAction\",\"target\":[\"https:\\\/\\\/www.tosunlux.eu\\\/products\\\/dc-isolating-switch-3\\\/\"]}]},{\"@type\":\"BreadcrumbList\",\"@id\":\"https:\\\/\\\/www.tosunlux.eu\\\/products\\\/dc-isolating-switch-3\\\/#breadcrumb\",\"itemListElement\":[{\"@type\":\"ListItem\",\"position\":1,\"name\":\"Home\",\"item\":\"https:\\\/\\\/www.tosunlux.eu\\\/ru\\\/\"},{\"@type\":\"ListItem\",\"position\":2,\"name\":\"Products\",\"item\":\"https:\\\/\\\/www.tosunlux.eu\\\/products\\\/\"},{\"@type\":\"ListItem\",\"position\":3,\"name\":\"DC Isolating Switch\"}]},{\"@type\":\"WebSite\",\"@id\":\"https:\\\/\\\/www.tosunlux.eu\\\/ru\\\/#website\",\"url\":\"https:\\\/\\\/www.tosunlux.eu\\\/ru\\\/\",\"name\":\"TOSUNlux Official Site - Electrical Circuit Breaker Manufacturer in China\",\"description\":\"Power Distribution System Supplier\",\"publisher\":{\"@id\":\"https:\\\/\\\/www.tosunlux.eu\\\/ru\\\/#organization\"},\"alternateName\":\"TOSUNlux\",\"potentialAction\":[{\"@type\":\"SearchAction\",\"target\":{\"@type\":\"EntryPoint\",\"urlTemplate\":\"https:\\\/\\\/www.tosunlux.eu\\\/ru\\\/?s={search_term_string}\"},\"query-input\":{\"@type\":\"PropertyValueSpecification\",\"valueRequired\":true,\"valueName\":\"search_term_string\"}}],\"inLanguage\":\"es\"},{\"@type\":\"Organization\",\"@id\":\"https:\\\/\\\/www.tosunlux.eu\\\/ru\\\/#organization\",\"name\":\"TOSUNlux\",\"url\":\"https:\\\/\\\/www.tosunlux.eu\\\/ru\\\/\",\"logo\":{\"@type\":\"ImageObject\",\"inLanguage\":\"es\",\"@id\":\"https:\\\/\\\/www.tosunlux.eu\\\/ru\\\/#\\\/schema\\\/logo\\\/image\\\/\",\"url\":\"https:\\\/\\\/www.tosunlux.eu\\\/wp-content\\\/uploads\\\/2022\\\/01\\\/LOGOSYSM.71762f1.png\",\"contentUrl\":\"https:\\\/\\\/www.tosunlux.eu\\\/wp-content\\\/uploads\\\/2022\\\/01\\\/LOGOSYSM.71762f1.png\",\"width\":153,\"height\":55,\"caption\":\"TOSUNlux\"},\"image\":{\"@id\":\"https:\\\/\\\/www.tosunlux.eu\\\/ru\\\/#\\\/schema\\\/logo\\\/image\\\/\"},\"sameAs\":[\"https:\\\/\\\/www.facebook.com\\\/TOSUNelectric\\\/\",\"https:\\\/\\\/www.linkedin.com\\\/company\\\/wenzhou-tosun-electric-co.-ltd\\\/\"]}]}<\/script>\n<!-- \/ Yoast SEO plugin. -->","yoast_head_json":{"title":"Interruptor de aislamiento de CC al por mayor - Sitio oficial de TOSUNlux - Fabricante de disyuntores el\u00e9ctricos en China, proveedor de equipos el\u00e9ctricos de bajo voltaje | TOSUNlux","description":"Proveedor de interruptores de aislamiento de CC: venta al por mayor directa de TOSUNlux, un fabricante confiable desde 1994. Obtenga su cotizaci\u00f3n de f\u00e1brica B2B en nuestros productos el\u00e9ctricos de bajo voltaje certificados.","robots":{"index":"index","follow":"follow","max-snippet":"max-snippet:-1","max-image-preview":"max-image-preview:large","max-video-preview":"max-video-preview:-1"},"canonical":"https:\/\/www.tosunlux.eu\/es\/products\/dc-isolating-switch-3\/","og_locale":"es_ES","og_type":"article","og_title":"WholesaleDC Isolating Switch - TOSUNlux Official Site - Electrical Circuit Breaker Manufacturer in China Low Voltage Electrical Supplier | TOSUNlux","og_description":"DC Isolating Switch Supplier - Wholesale direct from TOSUNlux, a trusted manufacturer since 1994. Get your B2B factory quote on our certified Low Voltage electrical products.","og_url":"https:\/\/www.tosunlux.eu\/es\/products\/dc-isolating-switch-3\/","og_site_name":"TOSUNlux Official Site - Electrical Circuit Breaker Manufacturer in China","article_publisher":"https:\/\/www.facebook.com\/TOSUNelectric\/","article_modified_time":"2023-03-17T06:44:08+00:00","og_image":[{"width":1500,"height":940,"url":"https:\/\/www.tosunlux.eu\/wp-content\/uploads\/2023\/04\/DSC08160_\u526f\u672c.jpg","type":"image\/jpeg"}],"twitter_card":"summary_large_image","twitter_misc":{"Tiempo de lectura":"2 minutos"},"schema":{"@context":"https:\/\/schema.org","@graph":[{"@type":"WebPage","@id":"https:\/\/www.tosunlux.eu\/products\/dc-isolating-switch-3\/","url":"https:\/\/www.tosunlux.eu\/products\/dc-isolating-switch-3\/","name":"Interruptor de aislamiento de CC al por mayor - Sitio oficial de TOSUNlux - Fabricante de disyuntores el\u00e9ctricos en China, proveedor de equipos el\u00e9ctricos de bajo voltaje | TOSUNlux","isPartOf":{"@id":"https:\/\/www.tosunlux.eu\/ru\/#website"},"datePublished":"2023-03-14T05:32:23+00:00","dateModified":"2023-03-17T06:44:08+00:00","description":"Proveedor de interruptores de aislamiento de CC: venta al por mayor directa de TOSUNlux, un fabricante confiable desde 1994. Obtenga su cotizaci\u00f3n de f\u00e1brica B2B en nuestros productos el\u00e9ctricos de bajo voltaje certificados.","breadcrumb":{"@id":"https:\/\/www.tosunlux.eu\/products\/dc-isolating-switch-3\/#breadcrumb"},"inLanguage":"es","potentialAction":[{"@type":"ReadAction","target":["https:\/\/www.tosunlux.eu\/products\/dc-isolating-switch-3\/"]}]},{"@type":"BreadcrumbList","@id":"https:\/\/www.tosunlux.eu\/products\/dc-isolating-switch-3\/#breadcrumb","itemListElement":[{"@type":"ListItem","position":1,"name":"Home","item":"https:\/\/www.tosunlux.eu\/ru\/"},{"@type":"ListItem","position":2,"name":"Products","item":"https:\/\/www.tosunlux.eu\/products\/"},{"@type":"ListItem","position":3,"name":"DC Isolating Switch"}]},{"@type":"WebSite","@id":"https:\/\/www.tosunlux.eu\/ru\/#website","url":"https:\/\/www.tosunlux.eu\/ru\/","name":"Sitio oficial de TOSUNlux - Fabricante de disyuntores el\u00e9ctricos en China","description":"Proveedor de sistemas de distribuci\u00f3n de energ\u00eda","publisher":{"@id":"https:\/\/www.tosunlux.eu\/ru\/#organization"},"alternateName":"TOSUNlux","potentialAction":[{"@type":"SearchAction","target":{"@type":"EntryPoint","urlTemplate":"https:\/\/www.tosunlux.eu\/ru\/?s={search_term_string}"},"query-input":{"@type":"PropertyValueSpecification","valueRequired":true,"valueName":"search_term_string"}}],"inLanguage":"es"},{"@type":"Organization","@id":"https:\/\/www.tosunlux.eu\/ru\/#organization","name":"TOSUNlux","url":"https:\/\/www.tosunlux.eu\/ru\/","logo":{"@type":"ImageObject","inLanguage":"es","@id":"https:\/\/www.tosunlux.eu\/ru\/#\/schema\/logo\/image\/","url":"https:\/\/www.tosunlux.eu\/wp-content\/uploads\/2022\/01\/LOGOSYSM.71762f1.png","contentUrl":"https:\/\/www.tosunlux.eu\/wp-content\/uploads\/2022\/01\/LOGOSYSM.71762f1.png","width":153,"height":55,"caption":"TOSUNlux"},"image":{"@id":"https:\/\/www.tosunlux.eu\/ru\/#\/schema\/logo\/image\/"},"sameAs":["https:\/\/www.facebook.com\/TOSUNelectric\/","https:\/\/www.linkedin.com\/company\/wenzhou-tosun-electric-co.-ltd\/"]}]}},"_links":{"self":[{"href":"https:\/\/www.tosunlux.eu\/es\/wp-json\/wp\/v2\/product\/5448","targetHints":{"allow":["GET"]}}],"collection":[{"href":"https:\/\/www.tosunlux.eu\/es\/wp-json\/wp\/v2\/product"}],"about":[{"href":"https:\/\/www.tosunlux.eu\/es\/wp-json\/wp\/v2\/types\/product"}],"version-history":[{"count":0,"href":"https:\/\/www.tosunlux.eu\/es\/wp-json\/wp\/v2\/product\/5448\/revisions"}],"wp:attachment":[{"href":"https:\/\/www.tosunlux.eu\/es\/wp-json\/wp\/v2\/media?parent=5448"}],"wp:term":[{"taxonomy":"product_category","embeddable":true,"href":"https:\/\/www.tosunlux.eu\/es\/wp-json\/wp\/v2\/product_category?post=5448"}],"curies":[{"name":"gracias","href":"https:\/\/api.w.org\/{rel}","templated":true}]}}