{"id":5471,"date":"2023-03-15T17:25:31","date_gmt":"2023-03-15T09:25:31","guid":{"rendered":"https:\/\/www.tosunlux.eu\/?post_type=product&#038;p=5471"},"modified":"2023-03-16T15:03:54","modified_gmt":"2023-03-16T07:03:54","slug":"solar-pv-fuse-tspv-25-tspv-32","status":"publish","type":"product","link":"https:\/\/www.tosunlux.eu\/es\/products\/solar-pv-fuse-tspv-25-tspv-32\/","title":{"rendered":"Fusible solar fotovoltaico"},"content":{"rendered":"<p><strong>Par\u00e1metros y caracter\u00edsticas<\/strong><\/p>\n\n\n\n<p>Est\u00e1ndar: IEC60269-1 y IEC60269-6<br>Tensi\u00f3n nominal: DC1000V<br>Corriente nominal: 20A<br>Capacidad de ruptura: 33 KA<br>Clase operativa: gPV<\/p>\n\n\n\n<p>Objetos de protecci\u00f3n: se utiliza en la caja combinadora fotovoltaica para brindar una protecci\u00f3n segura y confiable contra fallas de corriente de cortocircuito y sobrecarga de m\u00f3dulos fotovoltaicos y matrices fotovoltaicas.<br>Entorno aplicable: Temperatura, -5\u00b0C~+40\u00b0C;<br>Humedad, menos de 90%.<\/p>\n\n\n\n<p><strong>Especificaci\u00f3n<\/strong><\/p>\n\n\n<table style=\"height: 474px;\" width=\"908\">\n<tbody>\n<tr>\n<td style=\"text-align: center;\" colspan=\"5\" width=\"1016\">Fusible<\/td>\n<td style=\"text-align: center;\" colspan=\"2\" width=\"586\">Base de fusibles<\/td>\n<\/tr>\n<tr>\n<td style=\"text-align: center;\" rowspan=\"2\" width=\"201\">Modelo<\/td>\n<td style=\"text-align: center;\" rowspan=\"2\" width=\"236\">Corriente nominal (A)<\/td>\n<td style=\"text-align: center;\" colspan=\"2\" width=\"342\">l\u00b2t(A\u00b2s)<\/td>\n<td style=\"text-align: center;\" rowspan=\"2\" width=\"236\">P\u00e9rdida de potencia (W) 1,0 pulgadas<\/td>\n<td style=\"text-align: center;\" rowspan=\"2\" width=\"230\">Modelo<\/td>\n<td style=\"text-align: center;\" rowspan=\"2\" width=\"356\">Corriente nominal (A)<\/td>\n<\/tr>\n<tr>\n<td style=\"text-align: center;\" colspan=\"2\" width=\"342\">Derretir Limpiar<\/td>\n<\/tr>\n<tr>\n<td style=\"text-align: center;\" rowspan=\"13\" width=\"201\">TSPV-25<\/td>\n<td style=\"text-align: center;\" width=\"236\">1<\/td>\n<td style=\"text-align: center;\" width=\"170\">5<\/td>\n<td style=\"text-align: center;\" width=\"172\">16<\/td>\n<td style=\"text-align: center;\" width=\"236\">0.9<\/td>\n<td style=\"text-align: center;\" rowspan=\"13\" width=\"230\">TSPV-25B TSPV-25BX<\/td>\n<td style=\"text-align: center;\" rowspan=\"13\" width=\"356\">32A<\/td>\n<\/tr>\n<tr>\n<td style=\"text-align: center;\" width=\"236\">2<\/td>\n<td style=\"text-align: center;\" width=\"170\">8<\/td>\n<td style=\"text-align: center;\" width=\"172\">32<\/td>\n<td style=\"text-align: center;\" width=\"236\">1.0<\/td>\n<\/tr>\n<tr>\n<td style=\"text-align: center;\" width=\"236\">3<\/td>\n<td style=\"text-align: center;\" width=\"170\">10<\/td>\n<td style=\"text-align: center;\" width=\"172\">48<\/td>\n<td style=\"text-align: center;\" width=\"236\">1.3<\/td>\n<\/tr>\n<tr>\n<td style=\"text-align: center;\" width=\"236\">4<\/td>\n<td style=\"text-align: center;\" width=\"170\">13<\/td>\n<td style=\"text-align: center;\" width=\"172\">65<\/td>\n<td style=\"text-align: center;\" width=\"236\">1.5<\/td>\n<\/tr>\n<tr>\n<td style=\"text-align: center;\" width=\"236\">5<\/td>\n<td style=\"text-align: center;\" width=\"170\">22<\/td>\n<td style=\"text-align: center;\" width=\"172\">86<\/td>\n<td style=\"text-align: center;\" width=\"236\">1.6<\/td>\n<\/tr>\n<tr>\n<td style=\"text-align: center;\" width=\"236\">6<\/td>\n<td style=\"text-align: center;\" width=\"170\">32<\/td>\n<td style=\"text-align: center;\" width=\"172\">1 00<\/td>\n<td style=\"text-align: center;\" width=\"236\">1.8<\/td>\n<\/tr>\n<tr>\n<td style=\"text-align: center;\" width=\"236\">8<\/td>\n<td style=\"text-align: center;\" width=\"170\">42<\/td>\n<td style=\"text-align: center;\" width=\"172\">1 35<\/td>\n<td style=\"text-align: center;\" width=\"236\">2.1<\/td>\n<\/tr>\n<tr>\n<td style=\"text-align: center;\" width=\"236\">10<\/td>\n<td style=\"text-align: center;\" width=\"170\">50<\/td>\n<td style=\"text-align: center;\" width=\"172\">1 52<\/td>\n<td style=\"text-align: center;\" width=\"236\">2.3<\/td>\n<\/tr>\n<tr>\n<td style=\"text-align: center;\" width=\"236\">12<\/td>\n<td style=\"text-align: center;\" width=\"170\">57<\/td>\n<td style=\"text-align: center;\" width=\"172\">1 88<\/td>\n<td style=\"text-align: center;\" width=\"236\">2.7<\/td>\n<\/tr>\n<tr>\n<td style=\"text-align: center;\" width=\"236\">15<\/td>\n<td style=\"text-align: center;\" width=\"170\">60<\/td>\n<td style=\"text-align: center;\" width=\"172\">230<\/td>\n<td style=\"text-align: center;\" width=\"236\">3.0<\/td>\n<\/tr>\n<tr>\n<td style=\"text-align: center;\" width=\"236\">20<\/td>\n<td style=\"text-align: center;\" width=\"170\">80<\/td>\n<td style=\"text-align: center;\" width=\"172\">310<\/td>\n<td style=\"text-align: center;\" width=\"236\">3.6<\/td>\n<\/tr>\n<tr>\n<td style=\"text-align: center;\" width=\"236\">25<\/td>\n<td style=\"text-align: center;\" width=\"170\">120<\/td>\n<td style=\"text-align: center;\" width=\"172\">420<\/td>\n<td style=\"text-align: center;\" width=\"236\">4.5<\/td>\n<\/tr>\n<tr>\n<td style=\"text-align: center;\" width=\"236\">32<\/td>\n<td style=\"text-align: center;\" width=\"170\">185<\/td>\n<td style=\"text-align: center;\" width=\"172\">660<\/td>\n<td style=\"text-align: center;\" width=\"236\">5.0<\/td>\n<\/tr>\n<\/tbody>\n<\/table>\n\n\n<p><strong>Curva de caracter\u00edsticas promedio<\/strong><\/p>\n\n\n\n<figure class=\"wp-block-image size-full is-resized\"><img fetchpriority=\"high\" decoding=\"async\" src=\"https:\/\/www.tosunlux.eu\/wp-content\/uploads\/2023\/03\/d1.jpg\" alt=\"\" class=\"wp-image-5472\" width=\"599\" height=\"541\" srcset=\"https:\/\/www.tosunlux.eu\/wp-content\/uploads\/2023\/03\/d1.jpg 717w, https:\/\/www.tosunlux.eu\/wp-content\/uploads\/2023\/03\/d1-300x271.jpg 300w\" sizes=\"(max-width: 599px) 100vw, 599px\" \/><\/figure>\n\n\n\n<p><strong>Dimensiones<\/strong><\/p>\n\n\n\n<figure class=\"wp-block-image size-large is-resized\"><img decoding=\"async\" src=\"https:\/\/www.tosunlux.eu\/wp-content\/uploads\/2023\/03\/d2-1024x950.jpg\" alt=\"\" class=\"wp-image-5473\" width=\"577\" height=\"535\" srcset=\"https:\/\/www.tosunlux.eu\/wp-content\/uploads\/2023\/03\/d2-1024x950.jpg 1024w, https:\/\/www.tosunlux.eu\/wp-content\/uploads\/2023\/03\/d2-300x278.jpg 300w, https:\/\/www.tosunlux.eu\/wp-content\/uploads\/2023\/03\/d2-768x712.jpg 768w, https:\/\/www.tosunlux.eu\/wp-content\/uploads\/2023\/03\/d2-1536x1425.jpg 1536w, https:\/\/www.tosunlux.eu\/wp-content\/uploads\/2023\/03\/d2.jpg 1600w\" sizes=\"(max-width: 577px) 100vw, 577px\" \/><\/figure>\n\n\n\n<p><strong>Par\u00e1metros y caracter\u00edsticas<\/strong><\/p>\n\n\n\n<p>Est\u00e1ndar: IEC60269-1 y IEC60269-6<br>Tensi\u00f3n nominal: DC1500V<br>Corriente nominal: 32A<br>Capacidad de ruptura: 25 KA<br>Clase operativa: gPV<\/p>\n\n\n\n<p>Objetos de protecci\u00f3n: se utiliza en la caja combinadora fotovoltaica para brindar una protecci\u00f3n segura y confiable contra fallas de corriente de cortocircuito y sobrecarga de m\u00f3dulos fotovoltaicos y matrices fotovoltaicas.<br>Entorno aplicable: Temperatura, -5\u00b0C~+40\u00b0C;<\/p>\n\n\n\n<p><strong>Especificaci\u00f3n<\/strong><\/p>\n\n\n<table style=\"border-collapse: collapse; width: 873px; height: 598px;\" border=\"0\" width=\"1603\" cellspacing=\"0\" cellpadding=\"0\">\n<tbody>\n<tr style=\"height: 31.55pt;\">\n<td class=\"et2\" style=\"height: 31.55pt; width: 523.15pt; text-align: center;\" colspan=\"5\" width=\"1009\" height=\"60\">Fusible<\/td>\n<td class=\"et2\" style=\"width: 307.5pt; text-align: center;\" colspan=\"2\" width=\"593\">Base de fusibles<\/td>\n<\/tr>\n<tr style=\"height: 29.45pt;\">\n<td class=\"et2\" style=\"height: 60.45pt; width: 102.75pt; text-align: center;\" rowspan=\"2\" width=\"198\" height=\"116\">Modelo<\/td>\n<td class=\"et2\" style=\"width: 121.85pt; text-align: center;\" rowspan=\"2\" width=\"235\">Corriente nominal (A)<\/td>\n<td class=\"et2\" style=\"width: 177.25pt; text-align: center;\" colspan=\"2\" width=\"342\">l\u00b2t(A\u00b2s)<\/td>\n<td class=\"et2\" style=\"width: 121.3pt; text-align: center;\" rowspan=\"2\" width=\"234\">P\u00e9rdida de potencia (W)<br>1,0 pulgadas<\/td>\n<td class=\"et2\" style=\"width: 119.75pt; text-align: center;\" rowspan=\"2\" width=\"231\">Modelo<\/td>\n<td class=\"et2\" style=\"width: 187.75pt; text-align: center;\" rowspan=\"2\" width=\"362\">Corriente nominal (A)<\/td>\n<\/tr>\n<tr style=\"height: 31.00pt;\">\n<td class=\"et2\" style=\"width: 87.85pt; text-align: center;\" width=\"169\">Derritiendo<\/td>\n<td class=\"et2\" style=\"width: 89.4pt; text-align: center;\" width=\"172\">Claro<\/td>\n<\/tr>\n<tr style=\"height: 29.45pt;\">\n<td class=\"et2\" style=\"height: 354.3pt; width: 102.75pt; text-align: center;\" rowspan=\"12\" width=\"198\" height=\"683\">TSPV-32<\/td>\n<td class=\"et2\" style=\"width: 121.85pt; text-align: center;\" width=\"235\">2<\/td>\n<td class=\"et2\" style=\"width: 87.85pt; text-align: center;\" width=\"169\">3.5<\/td>\n<td class=\"et2\" style=\"width: 89.4pt; text-align: center;\" width=\"172\">12<\/td>\n<td class=\"et2\" style=\"width: 121.3pt; text-align: center;\" width=\"234\">2.2<\/td>\n<td class=\"et2\" style=\"width: 119.75pt; text-align: center;\" rowspan=\"12\" width=\"231\">TSPV-32B TSPV-32BX<\/td>\n<td class=\"et2\" style=\"width: 187.75pt; text-align: center;\" rowspan=\"12\" width=\"362\">32A<\/td>\n<\/tr>\n<tr style=\"height: 31.00pt;\">\n<td class=\"et2\" style=\"width: 121.85pt; text-align: center;\" width=\"235\">3<\/td>\n<td class=\"et2\" style=\"width: 87.85pt; text-align: center;\" width=\"169\">8<\/td>\n<td class=\"et2\" style=\"width: 89.4pt; text-align: center;\" width=\"172\">18<\/td>\n<td class=\"et2\" style=\"width: 121.3pt; text-align: center;\" width=\"234\">2.5<\/td>\n<\/tr>\n<tr style=\"height: 29.95pt;\">\n<td class=\"et2\" style=\"width: 121.85pt; text-align: center;\" width=\"235\">4<\/td>\n<td class=\"et2\" style=\"width: 87.85pt; text-align: center;\" width=\"169\">16<\/td>\n<td class=\"et2\" style=\"width: 89.4pt; text-align: center;\" width=\"172\">35<\/td>\n<td class=\"et2\" style=\"width: 121.3pt; text-align: center;\" width=\"234\">2.8<\/td>\n<\/tr>\n<tr style=\"height: 30.50pt;\">\n<td class=\"et2\" style=\"width: 121.85pt; text-align: center;\" width=\"235\">5<\/td>\n<td class=\"et2\" style=\"width: 87.85pt; text-align: center;\" width=\"169\">30<\/td>\n<td class=\"et2\" style=\"width: 89.4pt; text-align: center;\" width=\"172\">66<\/td>\n<td class=\"et2\" style=\"width: 121.3pt; text-align: center;\" width=\"234\">3.0<\/td>\n<\/tr>\n<tr style=\"height: 29.95pt;\">\n<td class=\"et2\" style=\"width: 121.85pt; text-align: center;\" width=\"235\">6<\/td>\n<td class=\"et2\" style=\"width: 87.85pt; text-align: center;\" width=\"169\">46<\/td>\n<td class=\"et2\" style=\"width: 89.4pt; text-align: center;\" width=\"172\">130<\/td>\n<td class=\"et2\" style=\"width: 121.3pt; text-align: center;\" width=\"234\">3.3<\/td>\n<\/tr>\n<tr style=\"height: 25.00pt;\">\n<td class=\"et2\" style=\"width: 121.85pt; text-align: center;\" width=\"235\">8<\/td>\n<td class=\"et2\" style=\"width: 87.85pt; text-align: center;\" width=\"169\">55<\/td>\n<td class=\"et2\" style=\"width: 89.4pt; text-align: center;\" width=\"172\">200<\/td>\n<td class=\"et2\" style=\"width: 121.3pt; text-align: center;\" width=\"234\">3.8<\/td>\n<\/tr>\n<tr style=\"height: 26.00pt;\">\n<td class=\"et2\" style=\"width: 121.85pt; text-align: center;\" width=\"235\">10<\/td>\n<td class=\"et2\" style=\"width: 87.85pt; text-align: center;\" width=\"169\">70<\/td>\n<td class=\"et2\" style=\"width: 89.4pt; text-align: center;\" width=\"172\">270<\/td>\n<td class=\"et2\" style=\"width: 121.3pt; text-align: center;\" width=\"234\">4.5<\/td>\n<\/tr>\n<tr style=\"height: 30.50pt;\">\n<td class=\"et2\" style=\"width: 121.85pt; text-align: center;\" width=\"235\">12<\/td>\n<td class=\"et2\" style=\"width: 87.85pt; text-align: center;\" width=\"169\">95<\/td>\n<td class=\"et2\" style=\"width: 89.4pt; text-align: center;\" width=\"172\">360<\/td>\n<td class=\"et2\" style=\"width: 121.3pt; text-align: center;\" width=\"234\">5.0<\/td>\n<\/tr>\n<tr style=\"height: 29.95pt;\">\n<td class=\"et2\" style=\"width: 121.85pt; text-align: center;\" width=\"235\">15<\/td>\n<td class=\"et2\" style=\"width: 87.85pt; text-align: center;\" width=\"169\">130<\/td>\n<td class=\"et2\" style=\"width: 89.4pt; text-align: center;\" width=\"172\">400<\/td>\n<td class=\"et2\" style=\"width: 121.3pt; text-align: center;\" width=\"234\">5.7<\/td>\n<\/tr>\n<tr style=\"height: 30.50pt;\">\n<td class=\"et2\" style=\"width: 121.85pt; text-align: center;\" width=\"235\">20<\/td>\n<td class=\"et2\" style=\"width: 87.85pt; text-align: center;\" width=\"169\">220<\/td>\n<td class=\"et2\" style=\"width: 89.4pt; text-align: center;\" width=\"172\">750<\/td>\n<td class=\"et2\" style=\"width: 121.3pt; text-align: center;\" width=\"234\">6.8<\/td>\n<\/tr>\n<tr style=\"height: 32.05pt;\">\n<td class=\"et2\" style=\"width: 121.85pt; text-align: center;\" width=\"235\">25<\/td>\n<td class=\"et2\" style=\"width: 87.85pt; text-align: center;\" width=\"169\">350<\/td>\n<td class=\"et2\" style=\"width: 89.4pt; text-align: center;\" width=\"172\">1 000<\/td>\n<td class=\"et2\" style=\"width: 121.3pt; text-align: center;\" width=\"234\">7.2<\/td>\n<\/tr>\n<tr style=\"height: 29.45pt;\">\n<td class=\"et2\" style=\"width: 121.85pt; text-align: center;\" width=\"235\">32<\/td>\n<td class=\"et2\" style=\"width: 87.85pt; text-align: center;\" width=\"169\">480<\/td>\n<td class=\"et2\" style=\"width: 89.4pt; text-align: center;\" width=\"172\">1 600<\/td>\n<td class=\"et2\" style=\"width: 121.3pt; text-align: center;\" width=\"234\">8.2<\/td>\n<\/tr>\n<\/tbody>\n<\/table>\n\n\n<p><strong>Curva de caracter\u00edsticas promedio<\/strong><\/p>\n\n\n\n<figure class=\"wp-block-image size-full is-resized\"><img decoding=\"async\" src=\"https:\/\/www.tosunlux.eu\/wp-content\/uploads\/2023\/03\/d3.jpg\" alt=\"\" class=\"wp-image-5474\" width=\"581\" height=\"546\" srcset=\"https:\/\/www.tosunlux.eu\/wp-content\/uploads\/2023\/03\/d3.jpg 623w, https:\/\/www.tosunlux.eu\/wp-content\/uploads\/2023\/03\/d3-300x282.jpg 300w\" sizes=\"(max-width: 581px) 100vw, 581px\" \/><\/figure>\n\n\n\n<p><strong>Dimensiones<\/strong><\/p>\n\n\n\n<figure class=\"wp-block-image size-large is-resized\"><img loading=\"lazy\" decoding=\"async\" src=\"https:\/\/www.tosunlux.eu\/wp-content\/uploads\/2023\/03\/d4-1024x609.jpg\" alt=\"\" class=\"wp-image-5475\" width=\"695\" height=\"413\" srcset=\"https:\/\/www.tosunlux.eu\/wp-content\/uploads\/2023\/03\/d4-1024x609.jpg 1024w, https:\/\/www.tosunlux.eu\/wp-content\/uploads\/2023\/03\/d4-300x179.jpg 300w, https:\/\/www.tosunlux.eu\/wp-content\/uploads\/2023\/03\/d4-768x457.jpg 768w, https:\/\/www.tosunlux.eu\/wp-content\/uploads\/2023\/03\/d4-1536x914.jpg 1536w, https:\/\/www.tosunlux.eu\/wp-content\/uploads\/2023\/03\/d4.jpg 1600w\" sizes=\"(max-width: 695px) 100vw, 695px\" \/><\/figure>","protected":false},"parent":0,"template":"","product_category":[37,153],"class_list":["post-5471","product","type-product","status-publish","hentry","product_category-new-energy-instruments","product_category-dc-fuse-and-isolating-switch"],"yoast_head":"<!-- This site is optimized with the Yoast SEO plugin v27.4 - https:\/\/yoast.com\/product\/yoast-seo-wordpress\/ -->\n<title>WholesaleSolar PV Fuse - TOSUNlux Official Site - Electrical Circuit Breaker Manufacturer in China Low Voltage Electrical Supplier | TOSUNlux<\/title>\n<meta name=\"description\" content=\"Solar PV Fuse Supplier - Wholesale direct from TOSUNlux, a trusted manufacturer since 1994. Get your B2B factory quote on our certified Low Voltage electrical products.\" \/>\n<meta name=\"robots\" content=\"index, follow, max-snippet:-1, max-image-preview:large, max-video-preview:-1\" \/>\n<link rel=\"canonical\" href=\"https:\/\/www.tosunlux.eu\/es\/products\/solar-pv-fuse-tspv-25-tspv-32\/\" \/>\n<meta property=\"og:locale\" content=\"es_ES\" \/>\n<meta property=\"og:type\" content=\"article\" \/>\n<meta property=\"og:title\" content=\"WholesaleSolar PV Fuse - TOSUNlux Official Site - Electrical Circuit Breaker Manufacturer in China Low Voltage Electrical Supplier | TOSUNlux\" \/>\n<meta property=\"og:description\" content=\"Solar PV Fuse Supplier - Wholesale direct from TOSUNlux, a trusted manufacturer since 1994. Get your B2B factory quote on our certified Low Voltage electrical products.\" \/>\n<meta property=\"og:url\" content=\"https:\/\/www.tosunlux.eu\/es\/products\/solar-pv-fuse-tspv-25-tspv-32\/\" \/>\n<meta property=\"og:site_name\" content=\"TOSUNlux Official Site - Electrical Circuit Breaker Manufacturer in China\" \/>\n<meta property=\"article:publisher\" content=\"https:\/\/www.facebook.com\/TOSUNelectric\/\" \/>\n<meta property=\"article:modified_time\" content=\"2023-03-16T07:03:54+00:00\" \/>\n<meta property=\"og:image\" content=\"https:\/\/www.tosunlux.eu\/wp-content\/uploads\/2023\/03\/d1.jpg\" \/>\n<meta name=\"twitter:card\" content=\"summary_large_image\" \/>\n<meta name=\"twitter:label1\" content=\"Tiempo de lectura\" \/>\n\t<meta name=\"twitter:data1\" content=\"2 minutos\" \/>\n<script type=\"application\/ld+json\" class=\"yoast-schema-graph\">{\"@context\":\"https:\\\/\\\/schema.org\",\"@graph\":[{\"@type\":\"WebPage\",\"@id\":\"https:\\\/\\\/www.tosunlux.eu\\\/el\\\/products\\\/solar-pv-fuse-tspv-25-tspv-32\\\/\",\"url\":\"https:\\\/\\\/www.tosunlux.eu\\\/el\\\/products\\\/solar-pv-fuse-tspv-25-tspv-32\\\/\",\"name\":\"WholesaleSolar PV Fuse - TOSUNlux Official Site - Electrical Circuit Breaker Manufacturer in China Low Voltage Electrical Supplier | TOSUNlux\",\"isPartOf\":{\"@id\":\"https:\\\/\\\/www.tosunlux.eu\\\/ru\\\/#website\"},\"primaryImageOfPage\":{\"@id\":\"https:\\\/\\\/www.tosunlux.eu\\\/el\\\/products\\\/solar-pv-fuse-tspv-25-tspv-32\\\/#primaryimage\"},\"image\":{\"@id\":\"https:\\\/\\\/www.tosunlux.eu\\\/el\\\/products\\\/solar-pv-fuse-tspv-25-tspv-32\\\/#primaryimage\"},\"thumbnailUrl\":\"https:\\\/\\\/www.tosunlux.eu\\\/wp-content\\\/uploads\\\/2023\\\/03\\\/d1.jpg\",\"datePublished\":\"2023-03-15T09:25:31+00:00\",\"dateModified\":\"2023-03-16T07:03:54+00:00\",\"description\":\"Solar PV Fuse Supplier - Wholesale direct from TOSUNlux, a trusted manufacturer since 1994. Get your B2B factory quote on our certified Low Voltage electrical products.\",\"breadcrumb\":{\"@id\":\"https:\\\/\\\/www.tosunlux.eu\\\/el\\\/products\\\/solar-pv-fuse-tspv-25-tspv-32\\\/#breadcrumb\"},\"inLanguage\":\"es\",\"potentialAction\":[{\"@type\":\"ReadAction\",\"target\":[\"https:\\\/\\\/www.tosunlux.eu\\\/el\\\/products\\\/solar-pv-fuse-tspv-25-tspv-32\\\/\"]}]},{\"@type\":\"ImageObject\",\"inLanguage\":\"es\",\"@id\":\"https:\\\/\\\/www.tosunlux.eu\\\/el\\\/products\\\/solar-pv-fuse-tspv-25-tspv-32\\\/#primaryimage\",\"url\":\"https:\\\/\\\/www.tosunlux.eu\\\/wp-content\\\/uploads\\\/2023\\\/03\\\/d1.jpg\",\"contentUrl\":\"https:\\\/\\\/www.tosunlux.eu\\\/wp-content\\\/uploads\\\/2023\\\/03\\\/d1.jpg\"},{\"@type\":\"BreadcrumbList\",\"@id\":\"https:\\\/\\\/www.tosunlux.eu\\\/el\\\/products\\\/solar-pv-fuse-tspv-25-tspv-32\\\/#breadcrumb\",\"itemListElement\":[{\"@type\":\"ListItem\",\"position\":1,\"name\":\"Home\",\"item\":\"https:\\\/\\\/www.tosunlux.eu\\\/ru\\\/\"},{\"@type\":\"ListItem\",\"position\":2,\"name\":\"Products\",\"item\":\"https:\\\/\\\/www.tosunlux.eu\\\/products\\\/\"},{\"@type\":\"ListItem\",\"position\":3,\"name\":\"Solar PV Fuse\"}]},{\"@type\":\"WebSite\",\"@id\":\"https:\\\/\\\/www.tosunlux.eu\\\/ru\\\/#website\",\"url\":\"https:\\\/\\\/www.tosunlux.eu\\\/ru\\\/\",\"name\":\"TOSUNlux Official Site - Electrical Circuit Breaker Manufacturer in China\",\"description\":\"Power Distribution System Supplier\",\"publisher\":{\"@id\":\"https:\\\/\\\/www.tosunlux.eu\\\/ru\\\/#organization\"},\"alternateName\":\"TOSUNlux\",\"potentialAction\":[{\"@type\":\"SearchAction\",\"target\":{\"@type\":\"EntryPoint\",\"urlTemplate\":\"https:\\\/\\\/www.tosunlux.eu\\\/ru\\\/?s={search_term_string}\"},\"query-input\":{\"@type\":\"PropertyValueSpecification\",\"valueRequired\":true,\"valueName\":\"search_term_string\"}}],\"inLanguage\":\"es\"},{\"@type\":\"Organization\",\"@id\":\"https:\\\/\\\/www.tosunlux.eu\\\/ru\\\/#organization\",\"name\":\"TOSUNlux\",\"url\":\"https:\\\/\\\/www.tosunlux.eu\\\/ru\\\/\",\"logo\":{\"@type\":\"ImageObject\",\"inLanguage\":\"es\",\"@id\":\"https:\\\/\\\/www.tosunlux.eu\\\/ru\\\/#\\\/schema\\\/logo\\\/image\\\/\",\"url\":\"https:\\\/\\\/www.tosunlux.eu\\\/wp-content\\\/uploads\\\/2022\\\/01\\\/LOGOSYSM.71762f1.png\",\"contentUrl\":\"https:\\\/\\\/www.tosunlux.eu\\\/wp-content\\\/uploads\\\/2022\\\/01\\\/LOGOSYSM.71762f1.png\",\"width\":153,\"height\":55,\"caption\":\"TOSUNlux\"},\"image\":{\"@id\":\"https:\\\/\\\/www.tosunlux.eu\\\/ru\\\/#\\\/schema\\\/logo\\\/image\\\/\"},\"sameAs\":[\"https:\\\/\\\/www.facebook.com\\\/TOSUNelectric\\\/\",\"https:\\\/\\\/www.linkedin.com\\\/company\\\/wenzhou-tosun-electric-co.-ltd\\\/\"]}]}<\/script>\n<!-- \/ Yoast SEO plugin. -->","yoast_head_json":{"title":"Fusibles fotovoltaicos solares al por mayor - Sitio oficial de TOSUNlux - Fabricante de disyuntores el\u00e9ctricos en China, proveedor de equipos el\u00e9ctricos de baja tensi\u00f3n | TOSUNlux","description":"Proveedor de fusibles solares fotovoltaicos: venta al por mayor directa de TOSUNlux, un fabricante confiable desde 1994. Obtenga su cotizaci\u00f3n de f\u00e1brica B2B en nuestros productos el\u00e9ctricos de bajo voltaje certificados.","robots":{"index":"index","follow":"follow","max-snippet":"max-snippet:-1","max-image-preview":"max-image-preview:large","max-video-preview":"max-video-preview:-1"},"canonical":"https:\/\/www.tosunlux.eu\/es\/products\/solar-pv-fuse-tspv-25-tspv-32\/","og_locale":"es_ES","og_type":"article","og_title":"WholesaleSolar PV Fuse - TOSUNlux Official Site - Electrical Circuit Breaker Manufacturer in China Low Voltage Electrical Supplier | TOSUNlux","og_description":"Solar PV Fuse Supplier - Wholesale direct from TOSUNlux, a trusted manufacturer since 1994. Get your B2B factory quote on our certified Low Voltage electrical products.","og_url":"https:\/\/www.tosunlux.eu\/es\/products\/solar-pv-fuse-tspv-25-tspv-32\/","og_site_name":"TOSUNlux Official Site - Electrical Circuit Breaker Manufacturer in China","article_publisher":"https:\/\/www.facebook.com\/TOSUNelectric\/","article_modified_time":"2023-03-16T07:03:54+00:00","og_image":[{"url":"https:\/\/www.tosunlux.eu\/wp-content\/uploads\/2023\/03\/d1.jpg","type":"","width":"","height":""}],"twitter_card":"summary_large_image","twitter_misc":{"Tiempo de lectura":"2 minutos"},"schema":{"@context":"https:\/\/schema.org","@graph":[{"@type":"WebPage","@id":"https:\/\/www.tosunlux.eu\/el\/products\/solar-pv-fuse-tspv-25-tspv-32\/","url":"https:\/\/www.tosunlux.eu\/el\/products\/solar-pv-fuse-tspv-25-tspv-32\/","name":"Fusibles fotovoltaicos solares al por mayor - Sitio oficial de TOSUNlux - Fabricante de disyuntores el\u00e9ctricos en China, proveedor de equipos el\u00e9ctricos de baja tensi\u00f3n | TOSUNlux","isPartOf":{"@id":"https:\/\/www.tosunlux.eu\/ru\/#website"},"primaryImageOfPage":{"@id":"https:\/\/www.tosunlux.eu\/el\/products\/solar-pv-fuse-tspv-25-tspv-32\/#primaryimage"},"image":{"@id":"https:\/\/www.tosunlux.eu\/el\/products\/solar-pv-fuse-tspv-25-tspv-32\/#primaryimage"},"thumbnailUrl":"https:\/\/www.tosunlux.eu\/wp-content\/uploads\/2023\/03\/d1.jpg","datePublished":"2023-03-15T09:25:31+00:00","dateModified":"2023-03-16T07:03:54+00:00","description":"Proveedor de fusibles solares fotovoltaicos: venta al por mayor directa de TOSUNlux, un fabricante confiable desde 1994. Obtenga su cotizaci\u00f3n de f\u00e1brica B2B en nuestros productos el\u00e9ctricos de bajo voltaje certificados.","breadcrumb":{"@id":"https:\/\/www.tosunlux.eu\/el\/products\/solar-pv-fuse-tspv-25-tspv-32\/#breadcrumb"},"inLanguage":"es","potentialAction":[{"@type":"ReadAction","target":["https:\/\/www.tosunlux.eu\/el\/products\/solar-pv-fuse-tspv-25-tspv-32\/"]}]},{"@type":"ImageObject","inLanguage":"es","@id":"https:\/\/www.tosunlux.eu\/el\/products\/solar-pv-fuse-tspv-25-tspv-32\/#primaryimage","url":"https:\/\/www.tosunlux.eu\/wp-content\/uploads\/2023\/03\/d1.jpg","contentUrl":"https:\/\/www.tosunlux.eu\/wp-content\/uploads\/2023\/03\/d1.jpg"},{"@type":"BreadcrumbList","@id":"https:\/\/www.tosunlux.eu\/el\/products\/solar-pv-fuse-tspv-25-tspv-32\/#breadcrumb","itemListElement":[{"@type":"ListItem","position":1,"name":"Home","item":"https:\/\/www.tosunlux.eu\/ru\/"},{"@type":"ListItem","position":2,"name":"Products","item":"https:\/\/www.tosunlux.eu\/products\/"},{"@type":"ListItem","position":3,"name":"Solar PV Fuse"}]},{"@type":"WebSite","@id":"https:\/\/www.tosunlux.eu\/ru\/#website","url":"https:\/\/www.tosunlux.eu\/ru\/","name":"Sitio oficial de TOSUNlux - Fabricante de disyuntores el\u00e9ctricos en China","description":"Proveedor de sistemas de distribuci\u00f3n de energ\u00eda","publisher":{"@id":"https:\/\/www.tosunlux.eu\/ru\/#organization"},"alternateName":"TOSUNlux","potentialAction":[{"@type":"SearchAction","target":{"@type":"EntryPoint","urlTemplate":"https:\/\/www.tosunlux.eu\/ru\/?s={search_term_string}"},"query-input":{"@type":"PropertyValueSpecification","valueRequired":true,"valueName":"search_term_string"}}],"inLanguage":"es"},{"@type":"Organization","@id":"https:\/\/www.tosunlux.eu\/ru\/#organization","name":"TOSUNlux","url":"https:\/\/www.tosunlux.eu\/ru\/","logo":{"@type":"ImageObject","inLanguage":"es","@id":"https:\/\/www.tosunlux.eu\/ru\/#\/schema\/logo\/image\/","url":"https:\/\/www.tosunlux.eu\/wp-content\/uploads\/2022\/01\/LOGOSYSM.71762f1.png","contentUrl":"https:\/\/www.tosunlux.eu\/wp-content\/uploads\/2022\/01\/LOGOSYSM.71762f1.png","width":153,"height":55,"caption":"TOSUNlux"},"image":{"@id":"https:\/\/www.tosunlux.eu\/ru\/#\/schema\/logo\/image\/"},"sameAs":["https:\/\/www.facebook.com\/TOSUNelectric\/","https:\/\/www.linkedin.com\/company\/wenzhou-tosun-electric-co.-ltd\/"]}]}},"_links":{"self":[{"href":"https:\/\/www.tosunlux.eu\/es\/wp-json\/wp\/v2\/product\/5471","targetHints":{"allow":["GET"]}}],"collection":[{"href":"https:\/\/www.tosunlux.eu\/es\/wp-json\/wp\/v2\/product"}],"about":[{"href":"https:\/\/www.tosunlux.eu\/es\/wp-json\/wp\/v2\/types\/product"}],"version-history":[{"count":0,"href":"https:\/\/www.tosunlux.eu\/es\/wp-json\/wp\/v2\/product\/5471\/revisions"}],"wp:attachment":[{"href":"https:\/\/www.tosunlux.eu\/es\/wp-json\/wp\/v2\/media?parent=5471"}],"wp:term":[{"taxonomy":"product_category","embeddable":true,"href":"https:\/\/www.tosunlux.eu\/es\/wp-json\/wp\/v2\/product_category?post=5471"}],"curies":[{"name":"gracias","href":"https:\/\/api.w.org\/{rel}","templated":true}]}}