{"id":7161,"date":"2023-06-10T13:35:12","date_gmt":"2023-06-10T05:35:12","guid":{"rendered":"https:\/\/www.tosunlux.eu\/?post_type=product&#038;p=7161"},"modified":"2023-06-10T13:53:24","modified_gmt":"2023-06-10T05:53:24","slug":"multi-function-socket-ip-44-13213-s","status":"publish","type":"product","link":"https:\/\/www.tosunlux.eu\/es\/products\/multi-function-socket-ip-44-13213-s\/","title":{"rendered":"Toma multifunci\u00f3n IP 44 13213 S"},"content":{"rendered":"<figure class=\"wp-block-image size-large is-resized\"><img fetchpriority=\"high\" decoding=\"async\" src=\"https:\/\/www.tosunlux.eu\/wp-content\/uploads\/2023\/06\/13213S-1-1024x1020.jpg\" alt=\"\" class=\"wp-image-7163\" width=\"512\" height=\"510\" srcset=\"https:\/\/www.tosunlux.eu\/wp-content\/uploads\/2023\/06\/13213S-1-1024x1020.jpg 1024w, https:\/\/www.tosunlux.eu\/wp-content\/uploads\/2023\/06\/13213S-1-300x300.jpg 300w, https:\/\/www.tosunlux.eu\/wp-content\/uploads\/2023\/06\/13213S-1-150x150.jpg 150w, https:\/\/www.tosunlux.eu\/wp-content\/uploads\/2023\/06\/13213S-1-768x765.jpg 768w, https:\/\/www.tosunlux.eu\/wp-content\/uploads\/2023\/06\/13213S-1-1536x1530.jpg 1536w, https:\/\/www.tosunlux.eu\/wp-content\/uploads\/2023\/06\/13213S-1-12x12.jpg 12w, https:\/\/www.tosunlux.eu\/wp-content\/uploads\/2023\/06\/13213S-1.jpg 1600w\" sizes=\"(max-width: 512px) 100vw, 512px\" \/><\/figure>\n\n\n<table style=\"border-collapse: collapse; width: 820.52pt;\" border=\"0\" width=\"1094\" cellspacing=\"0\" cellpadding=\"0\">\n<tbody>\n<tr style=\"height: 18.90pt;\">\n<td class=\"et2\" style=\"height: 37.8pt; width: 119pt; text-align: center;\" rowspan=\"2\" width=\"158\" height=\"50\">Modelo<\/td>\n<td class=\"et2\" style=\"width: 68.65pt;\" rowspan=\"2\" width=\"91\">Corriente (A)<\/td>\n<td class=\"et2\" style=\"width: 67.7pt; text-align: center;\" rowspan=\"2\" width=\"90\">polacos<\/td>\n<td class=\"et2\" style=\"width: 156.75pt; text-align: center;\" rowspan=\"2\" width=\"209\">Voltaje nominal<\/td>\n<td class=\"et2\" style=\"width: 409pt; text-align: center;\" colspan=\"7\" width=\"545\">Tama\u00f1o<\/td>\n<\/tr>\n<tr style=\"height: 18.90pt;\">\n<td class=\"et2\" style=\"width: 58.5pt; text-align: center;\" width=\"78\">a<\/td>\n<td class=\"et2\" style=\"width: 58.5pt; text-align: center;\" width=\"78\">b<\/td>\n<td class=\"et2\" style=\"width: 58.5pt; text-align: center;\" width=\"78\">C<\/td>\n<td class=\"et2\" style=\"width: 58pt; text-align: center;\" width=\"77\">d<\/td>\n<td class=\"et2\" style=\"width: 58.5pt; text-align: center;\" width=\"78\">mi<\/td>\n<td class=\"et2\" style=\"width: 58.5pt; text-align: center;\" width=\"78\">F<\/td>\n<td class=\"et2\" style=\"width: 58.5pt; text-align: center;\" width=\"78\">gramo<\/td>\n<\/tr>\n<tr style=\"height: 21.95pt;\">\n<td class=\"et2\" style=\"height: 21.95pt; width: 119pt; text-align: center;\" width=\"158\" height=\"29\">13213S<\/td>\n<td class=\"et2\" style=\"width: 68.65pt; text-align: center;\" rowspan=\"3\" width=\"91\">16<\/td>\n<td class=\"et2\" style=\"width: 67.7pt; text-align: center;\" width=\"90\">3<\/td>\n<td class=\"et2\" style=\"width: 156.75pt; text-align: center;\" width=\"209\">220~240V 50\/60Hz<\/td>\n<td class=\"et2\" style=\"width: 58.5pt; text-align: center;\" width=\"78\">243.4<\/td>\n<td class=\"et2\" style=\"width: 58.5pt; text-align: center;\" width=\"78\">110<\/td>\n<td class=\"et2\" style=\"width: 58.5pt; text-align: center;\" width=\"78\">150\u00b0<\/td>\n<td class=\"et2\" style=\"width: 58pt; text-align: center;\" width=\"77\">46.8<\/td>\n<td class=\"et2\" style=\"width: 58.5pt; text-align: center;\" width=\"78\">71.8<\/td>\n<td class=\"et2\" style=\"width: 58.5pt; text-align: center;\" width=\"78\">71.8<\/td>\n<td class=\"et2\" style=\"width: 58.5pt; text-align: center;\" width=\"78\">71.8<\/td>\n<\/tr>\n<tr style=\"height: 21.95pt;\">\n<td class=\"et2\" style=\"height: 21.95pt; width: 119pt; text-align: center;\" width=\"158\" height=\"29\">13214S<\/td>\n<td class=\"et2\" style=\"width: 67.7pt; text-align: center;\" width=\"90\">4<\/td>\n<td class=\"et2\" style=\"width: 156.75pt; text-align: center;\" width=\"209\">380-415V 50\/60HZ<\/td>\n<td class=\"et2\" style=\"width: 58.5pt; text-align: center;\" width=\"78\">250.9<\/td>\n<td class=\"et2\" style=\"width: 58.5pt; text-align: center;\" width=\"78\">107<\/td>\n<td class=\"et2\" style=\"width: 58.5pt; text-align: center;\" width=\"78\">150\u00b0<\/td>\n<td class=\"et2\" style=\"width: 58pt; text-align: center;\" width=\"77\">53.4<\/td>\n<td class=\"et2\" style=\"width: 58.5pt; text-align: center;\" width=\"78\">77.2<\/td>\n<td class=\"et2\" style=\"width: 58.5pt; text-align: center;\" width=\"78\">77.2<\/td>\n<td class=\"et2\" style=\"width: 58.5pt; text-align: center;\" width=\"78\">77.2<\/td>\n<\/tr>\n<tr style=\"height: 23.00pt;\">\n<td class=\"et2\" style=\"height: 23pt; width: 119pt; text-align: center;\" width=\"158\" height=\"30\">13215S<\/td>\n<td class=\"et2\" style=\"width: 67.7pt; text-align: center;\" width=\"90\">5<\/td>\n<td class=\"et2\" style=\"width: 156.75pt; text-align: center;\" width=\"209\">380-415V 50\/60HZ<\/td>\n<td class=\"et2\" style=\"width: 58.5pt; text-align: center;\" width=\"78\">257.7<\/td>\n<td class=\"et2\" style=\"width: 58.5pt; text-align: center;\" width=\"78\">106.3<\/td>\n<td class=\"et2\" style=\"width: 58.5pt; text-align: center;\" width=\"78\">150\u00b0<\/td>\n<td class=\"et2\" style=\"width: 58pt; text-align: center;\" width=\"77\">60.5<\/td>\n<td class=\"et2\" style=\"width: 58.5pt; text-align: center;\" width=\"78\">82<\/td>\n<td class=\"et2\" style=\"width: 58.5pt; text-align: center;\" width=\"78\">82<\/td>\n<td class=\"et2\" style=\"width: 58.5pt; text-align: center;\" width=\"78\">82<\/td>\n<\/tr>\n<tr style=\"height: 21.95pt;\">\n<td class=\"et2\" style=\"height: 21.95pt; width: 119pt; text-align: center;\" width=\"158\" height=\"29\">13223S<\/td>\n<td class=\"et2\" style=\"width: 68.65pt; text-align: center;\" rowspan=\"3\" width=\"91\">32<\/td>\n<td class=\"et2\" style=\"width: 67.7pt; text-align: center;\" width=\"90\">3<\/td>\n<td class=\"et2\" style=\"width: 156.75pt; text-align: center;\" width=\"209\">220~240V 50\/60Hz<\/td>\n<td class=\"et2\" style=\"width: 58.5pt; text-align: center;\" width=\"78\">321.7<\/td>\n<td class=\"et2\" style=\"width: 58.5pt; text-align: center;\" width=\"78\">144.4<\/td>\n<td class=\"et2\" style=\"width: 58.5pt; text-align: center;\" width=\"78\">150\u00b0<\/td>\n<td class=\"et2\" style=\"width: 58pt; text-align: center;\" width=\"77\">63<\/td>\n<td class=\"et2\" style=\"width: 58.5pt; text-align: center;\" width=\"78\">88.6<\/td>\n<td class=\"et2\" style=\"width: 58.5pt; text-align: center;\" width=\"78\">88.6<\/td>\n<td class=\"et2\" style=\"width: 58.5pt; text-align: center;\" width=\"78\">88.6<\/td>\n<\/tr>\n<tr style=\"height: 22.45pt;\">\n<td class=\"et2\" style=\"height: 22.45pt; width: 119pt; text-align: center;\" width=\"158\" height=\"29\">13224S<\/td>\n<td class=\"et2\" style=\"width: 67.7pt; text-align: center;\" width=\"90\">4<\/td>\n<td class=\"et2\" style=\"width: 156.75pt; text-align: center;\" width=\"209\">380-415V 50\/60HZ<\/td>\n<td class=\"et2\" style=\"width: 58.5pt; text-align: center;\" width=\"78\">321.7<\/td>\n<td class=\"et2\" style=\"width: 58.5pt; text-align: center;\" width=\"78\">144.4<\/td>\n<td class=\"et2\" style=\"width: 58.5pt; text-align: center;\" width=\"78\">150\u00b0<\/td>\n<td class=\"et2\" style=\"width: 58pt; text-align: center;\" width=\"77\">63<\/td>\n<td class=\"et2\" style=\"width: 58.5pt; text-align: center;\" width=\"78\">88.6<\/td>\n<td class=\"et2\" style=\"width: 58.5pt; text-align: center;\" width=\"78\">88.6<\/td>\n<td class=\"et2\" style=\"width: 58.5pt; text-align: center;\" width=\"78\">88.6<\/td>\n<\/tr>\n<tr style=\"height: 23.00pt;\">\n<td class=\"et2\" style=\"height: 23pt; width: 119pt; text-align: center;\" width=\"158\" height=\"30\">13225S<\/td>\n<td class=\"et2\" style=\"width: 67.7pt; text-align: center;\" width=\"90\">5<\/td>\n<td class=\"et2\" style=\"width: 156.75pt; text-align: center;\" width=\"209\">380-415V 50\/60HZ<\/td>\n<td class=\"et2\" style=\"width: 58.5pt; text-align: center;\" width=\"78\">326.7<\/td>\n<td class=\"et2\" style=\"width: 58.5pt; text-align: center;\" width=\"78\">142.1<\/td>\n<td class=\"et2\" style=\"width: 58.5pt; text-align: center;\" width=\"78\">150\u00b0<\/td>\n<td class=\"et2\" style=\"width: 58pt; text-align: center;\" width=\"77\">69.5<\/td>\n<td class=\"et2\" style=\"width: 58.5pt; text-align: center;\" width=\"78\">100.2<\/td>\n<td class=\"et2\" style=\"width: 58.5pt; text-align: center;\" width=\"78\">100.2<\/td>\n<td class=\"et2\" style=\"width: 58.5pt; text-align: center;\" width=\"78\">100.2<\/td>\n<\/tr>\n<\/tbody>\n<\/table>","protected":false},"parent":0,"template":"","product_category":[36,107],"class_list":["post-7161","product","type-product","status-publish","hentry","product_category-electrical-accessories","product_category-industrial-plug-socket"],"yoast_head":"<!-- This site is optimized with the Yoast SEO plugin v27.4 - https:\/\/yoast.com\/product\/yoast-seo-wordpress\/ -->\n<title>WholesaleMulti-Function Socket IP 44 13213 S - TOSUNlux Official Site - Electrical Circuit Breaker Manufacturer in China Low Voltage Electrical Supplier | TOSUNlux<\/title>\n<meta name=\"description\" content=\"Multi-Function Socket IP 44 13213 S Supplier - Wholesale direct from TOSUNlux, a trusted manufacturer since 1994. Get your B2B factory quote on our certified Low Voltage electrical products.\" \/>\n<meta name=\"robots\" content=\"index, follow, max-snippet:-1, max-image-preview:large, max-video-preview:-1\" \/>\n<link rel=\"canonical\" href=\"https:\/\/www.tosunlux.eu\/es\/products\/multi-function-socket-ip-44-13213-s\/\" \/>\n<meta property=\"og:locale\" content=\"es_ES\" \/>\n<meta property=\"og:type\" content=\"article\" \/>\n<meta property=\"og:title\" content=\"WholesaleMulti-Function Socket IP 44 13213 S - TOSUNlux Official Site - Electrical Circuit Breaker Manufacturer in China Low Voltage Electrical Supplier | TOSUNlux\" \/>\n<meta property=\"og:description\" content=\"Multi-Function Socket IP 44 13213 S Supplier - Wholesale direct from TOSUNlux, a trusted manufacturer since 1994. Get your B2B factory quote on our certified Low Voltage electrical products.\" \/>\n<meta property=\"og:url\" content=\"https:\/\/www.tosunlux.eu\/es\/products\/multi-function-socket-ip-44-13213-s\/\" \/>\n<meta property=\"og:site_name\" content=\"TOSUNlux Official Site - Electrical Circuit Breaker Manufacturer in China\" \/>\n<meta property=\"article:publisher\" content=\"https:\/\/www.facebook.com\/TOSUNelectric\/\" \/>\n<meta property=\"article:modified_time\" content=\"2023-06-10T05:53:24+00:00\" \/>\n<meta property=\"og:image\" content=\"https:\/\/www.tosunlux.eu\/wp-content\/uploads\/2023\/06\/13213S-1-1024x1020.jpg\" \/>\n<meta name=\"twitter:card\" content=\"summary_large_image\" \/>\n<meta name=\"twitter:label1\" content=\"Tiempo de lectura\" \/>\n\t<meta name=\"twitter:data1\" content=\"1 minuto\" \/>\n<script type=\"application\/ld+json\" class=\"yoast-schema-graph\">{\"@context\":\"https:\\\/\\\/schema.org\",\"@graph\":[{\"@type\":\"WebPage\",\"@id\":\"https:\\\/\\\/www.tosunlux.eu\\\/nl\\\/products\\\/multi-function-socket-ip-44-13213-s\\\/\",\"url\":\"https:\\\/\\\/www.tosunlux.eu\\\/nl\\\/products\\\/multi-function-socket-ip-44-13213-s\\\/\",\"name\":\"WholesaleMulti-Function Socket IP 44 13213 S - TOSUNlux Official Site - Electrical Circuit Breaker Manufacturer in China Low Voltage Electrical Supplier | TOSUNlux\",\"isPartOf\":{\"@id\":\"https:\\\/\\\/www.tosunlux.eu\\\/ru\\\/#website\"},\"primaryImageOfPage\":{\"@id\":\"https:\\\/\\\/www.tosunlux.eu\\\/nl\\\/products\\\/multi-function-socket-ip-44-13213-s\\\/#primaryimage\"},\"image\":{\"@id\":\"https:\\\/\\\/www.tosunlux.eu\\\/nl\\\/products\\\/multi-function-socket-ip-44-13213-s\\\/#primaryimage\"},\"thumbnailUrl\":\"https:\\\/\\\/www.tosunlux.eu\\\/wp-content\\\/uploads\\\/2023\\\/06\\\/13213S-1-1024x1020.jpg\",\"datePublished\":\"2023-06-10T05:35:12+00:00\",\"dateModified\":\"2023-06-10T05:53:24+00:00\",\"description\":\"Multi-Function Socket IP 44 13213 S Supplier - Wholesale direct from TOSUNlux, a trusted manufacturer since 1994. Get your B2B factory quote on our certified Low Voltage electrical products.\",\"breadcrumb\":{\"@id\":\"https:\\\/\\\/www.tosunlux.eu\\\/nl\\\/products\\\/multi-function-socket-ip-44-13213-s\\\/#breadcrumb\"},\"inLanguage\":\"es\",\"potentialAction\":[{\"@type\":\"ReadAction\",\"target\":[\"https:\\\/\\\/www.tosunlux.eu\\\/nl\\\/products\\\/multi-function-socket-ip-44-13213-s\\\/\"]}]},{\"@type\":\"ImageObject\",\"inLanguage\":\"es\",\"@id\":\"https:\\\/\\\/www.tosunlux.eu\\\/nl\\\/products\\\/multi-function-socket-ip-44-13213-s\\\/#primaryimage\",\"url\":\"https:\\\/\\\/www.tosunlux.eu\\\/wp-content\\\/uploads\\\/2023\\\/06\\\/13213S-1-1024x1020.jpg\",\"contentUrl\":\"https:\\\/\\\/www.tosunlux.eu\\\/wp-content\\\/uploads\\\/2023\\\/06\\\/13213S-1-1024x1020.jpg\"},{\"@type\":\"BreadcrumbList\",\"@id\":\"https:\\\/\\\/www.tosunlux.eu\\\/nl\\\/products\\\/multi-function-socket-ip-44-13213-s\\\/#breadcrumb\",\"itemListElement\":[{\"@type\":\"ListItem\",\"position\":1,\"name\":\"Home\",\"item\":\"https:\\\/\\\/www.tosunlux.eu\\\/ru\\\/\"},{\"@type\":\"ListItem\",\"position\":2,\"name\":\"Products\",\"item\":\"https:\\\/\\\/www.tosunlux.eu\\\/products\\\/\"},{\"@type\":\"ListItem\",\"position\":3,\"name\":\"Multi-Function Socket IP 44 13213 S\"}]},{\"@type\":\"WebSite\",\"@id\":\"https:\\\/\\\/www.tosunlux.eu\\\/ru\\\/#website\",\"url\":\"https:\\\/\\\/www.tosunlux.eu\\\/ru\\\/\",\"name\":\"TOSUNlux Official Site - Electrical Circuit Breaker Manufacturer in China\",\"description\":\"Power Distribution System Supplier\",\"publisher\":{\"@id\":\"https:\\\/\\\/www.tosunlux.eu\\\/ru\\\/#organization\"},\"alternateName\":\"TOSUNlux\",\"potentialAction\":[{\"@type\":\"SearchAction\",\"target\":{\"@type\":\"EntryPoint\",\"urlTemplate\":\"https:\\\/\\\/www.tosunlux.eu\\\/ru\\\/?s={search_term_string}\"},\"query-input\":{\"@type\":\"PropertyValueSpecification\",\"valueRequired\":true,\"valueName\":\"search_term_string\"}}],\"inLanguage\":\"es\"},{\"@type\":\"Organization\",\"@id\":\"https:\\\/\\\/www.tosunlux.eu\\\/ru\\\/#organization\",\"name\":\"TOSUNlux\",\"url\":\"https:\\\/\\\/www.tosunlux.eu\\\/ru\\\/\",\"logo\":{\"@type\":\"ImageObject\",\"inLanguage\":\"es\",\"@id\":\"https:\\\/\\\/www.tosunlux.eu\\\/ru\\\/#\\\/schema\\\/logo\\\/image\\\/\",\"url\":\"https:\\\/\\\/www.tosunlux.eu\\\/wp-content\\\/uploads\\\/2022\\\/01\\\/LOGOSYSM.71762f1.png\",\"contentUrl\":\"https:\\\/\\\/www.tosunlux.eu\\\/wp-content\\\/uploads\\\/2022\\\/01\\\/LOGOSYSM.71762f1.png\",\"width\":153,\"height\":55,\"caption\":\"TOSUNlux\"},\"image\":{\"@id\":\"https:\\\/\\\/www.tosunlux.eu\\\/ru\\\/#\\\/schema\\\/logo\\\/image\\\/\"},\"sameAs\":[\"https:\\\/\\\/www.facebook.com\\\/TOSUNelectric\\\/\",\"https:\\\/\\\/www.linkedin.com\\\/company\\\/wenzhou-tosun-electric-co.-ltd\\\/\"]}]}<\/script>\n<!-- \/ Yoast SEO plugin. -->","yoast_head_json":{"title":"WholesaleMulti-Function Socket IP 44 13213 S - TOSUNlux Official Site - Electrical Circuit Breaker Manufacturer in China Low Voltage Electrical Supplier | TOSUNlux","description":"Multi-Function Socket IP 44 13213 S Supplier - Wholesale direct from TOSUNlux, a trusted manufacturer since 1994. Get your B2B factory quote on our certified Low Voltage electrical products.","robots":{"index":"index","follow":"follow","max-snippet":"max-snippet:-1","max-image-preview":"max-image-preview:large","max-video-preview":"max-video-preview:-1"},"canonical":"https:\/\/www.tosunlux.eu\/es\/products\/multi-function-socket-ip-44-13213-s\/","og_locale":"es_ES","og_type":"article","og_title":"WholesaleMulti-Function Socket IP 44 13213 S - TOSUNlux Official Site - Electrical Circuit Breaker Manufacturer in China Low Voltage Electrical Supplier | TOSUNlux","og_description":"Multi-Function Socket IP 44 13213 S Supplier - Wholesale direct from TOSUNlux, a trusted manufacturer since 1994. Get your B2B factory quote on our certified Low Voltage electrical products.","og_url":"https:\/\/www.tosunlux.eu\/es\/products\/multi-function-socket-ip-44-13213-s\/","og_site_name":"TOSUNlux Official Site - Electrical Circuit Breaker Manufacturer in China","article_publisher":"https:\/\/www.facebook.com\/TOSUNelectric\/","article_modified_time":"2023-06-10T05:53:24+00:00","og_image":[{"url":"https:\/\/www.tosunlux.eu\/wp-content\/uploads\/2023\/06\/13213S-1-1024x1020.jpg","type":"","width":"","height":""}],"twitter_card":"summary_large_image","twitter_misc":{"Tiempo de lectura":"1 minuto"},"schema":{"@context":"https:\/\/schema.org","@graph":[{"@type":"WebPage","@id":"https:\/\/www.tosunlux.eu\/nl\/products\/multi-function-socket-ip-44-13213-s\/","url":"https:\/\/www.tosunlux.eu\/nl\/products\/multi-function-socket-ip-44-13213-s\/","name":"WholesaleMulti-Function Socket IP 44 13213 S - TOSUNlux Official Site - Electrical Circuit Breaker Manufacturer in China Low Voltage Electrical Supplier | TOSUNlux","isPartOf":{"@id":"https:\/\/www.tosunlux.eu\/ru\/#website"},"primaryImageOfPage":{"@id":"https:\/\/www.tosunlux.eu\/nl\/products\/multi-function-socket-ip-44-13213-s\/#primaryimage"},"image":{"@id":"https:\/\/www.tosunlux.eu\/nl\/products\/multi-function-socket-ip-44-13213-s\/#primaryimage"},"thumbnailUrl":"https:\/\/www.tosunlux.eu\/wp-content\/uploads\/2023\/06\/13213S-1-1024x1020.jpg","datePublished":"2023-06-10T05:35:12+00:00","dateModified":"2023-06-10T05:53:24+00:00","description":"Multi-Function Socket IP 44 13213 S Supplier - Wholesale direct from TOSUNlux, a trusted manufacturer since 1994. Get your B2B factory quote on our certified Low Voltage electrical products.","breadcrumb":{"@id":"https:\/\/www.tosunlux.eu\/nl\/products\/multi-function-socket-ip-44-13213-s\/#breadcrumb"},"inLanguage":"es","potentialAction":[{"@type":"ReadAction","target":["https:\/\/www.tosunlux.eu\/nl\/products\/multi-function-socket-ip-44-13213-s\/"]}]},{"@type":"ImageObject","inLanguage":"es","@id":"https:\/\/www.tosunlux.eu\/nl\/products\/multi-function-socket-ip-44-13213-s\/#primaryimage","url":"https:\/\/www.tosunlux.eu\/wp-content\/uploads\/2023\/06\/13213S-1-1024x1020.jpg","contentUrl":"https:\/\/www.tosunlux.eu\/wp-content\/uploads\/2023\/06\/13213S-1-1024x1020.jpg"},{"@type":"BreadcrumbList","@id":"https:\/\/www.tosunlux.eu\/nl\/products\/multi-function-socket-ip-44-13213-s\/#breadcrumb","itemListElement":[{"@type":"ListItem","position":1,"name":"Home","item":"https:\/\/www.tosunlux.eu\/ru\/"},{"@type":"ListItem","position":2,"name":"Products","item":"https:\/\/www.tosunlux.eu\/products\/"},{"@type":"ListItem","position":3,"name":"Multi-Function Socket IP 44 13213 S"}]},{"@type":"WebSite","@id":"https:\/\/www.tosunlux.eu\/ru\/#website","url":"https:\/\/www.tosunlux.eu\/ru\/","name":"Sitio oficial de TOSUNlux - Fabricante de disyuntores el\u00e9ctricos en China","description":"Proveedor de sistemas de distribuci\u00f3n de energ\u00eda","publisher":{"@id":"https:\/\/www.tosunlux.eu\/ru\/#organization"},"alternateName":"TOSUNlux","potentialAction":[{"@type":"SearchAction","target":{"@type":"EntryPoint","urlTemplate":"https:\/\/www.tosunlux.eu\/ru\/?s={search_term_string}"},"query-input":{"@type":"PropertyValueSpecification","valueRequired":true,"valueName":"search_term_string"}}],"inLanguage":"es"},{"@type":"Organization","@id":"https:\/\/www.tosunlux.eu\/ru\/#organization","name":"TOSUNlux","url":"https:\/\/www.tosunlux.eu\/ru\/","logo":{"@type":"ImageObject","inLanguage":"es","@id":"https:\/\/www.tosunlux.eu\/ru\/#\/schema\/logo\/image\/","url":"https:\/\/www.tosunlux.eu\/wp-content\/uploads\/2022\/01\/LOGOSYSM.71762f1.png","contentUrl":"https:\/\/www.tosunlux.eu\/wp-content\/uploads\/2022\/01\/LOGOSYSM.71762f1.png","width":153,"height":55,"caption":"TOSUNlux"},"image":{"@id":"https:\/\/www.tosunlux.eu\/ru\/#\/schema\/logo\/image\/"},"sameAs":["https:\/\/www.facebook.com\/TOSUNelectric\/","https:\/\/www.linkedin.com\/company\/wenzhou-tosun-electric-co.-ltd\/"]}]}},"_links":{"self":[{"href":"https:\/\/www.tosunlux.eu\/es\/wp-json\/wp\/v2\/product\/7161","targetHints":{"allow":["GET"]}}],"collection":[{"href":"https:\/\/www.tosunlux.eu\/es\/wp-json\/wp\/v2\/product"}],"about":[{"href":"https:\/\/www.tosunlux.eu\/es\/wp-json\/wp\/v2\/types\/product"}],"version-history":[{"count":2,"href":"https:\/\/www.tosunlux.eu\/es\/wp-json\/wp\/v2\/product\/7161\/revisions"}],"predecessor-version":[{"id":7173,"href":"https:\/\/www.tosunlux.eu\/es\/wp-json\/wp\/v2\/product\/7161\/revisions\/7173"}],"wp:attachment":[{"href":"https:\/\/www.tosunlux.eu\/es\/wp-json\/wp\/v2\/media?parent=7161"}],"wp:term":[{"taxonomy":"product_category","embeddable":true,"href":"https:\/\/www.tosunlux.eu\/es\/wp-json\/wp\/v2\/product_category?post=7161"}],"curies":[{"name":"gracias","href":"https:\/\/api.w.org\/{rel}","templated":true}]}}