{"id":7263,"date":"2023-06-12T15:57:20","date_gmt":"2023-06-12T07:57:20","guid":{"rendered":"https:\/\/www.tosunlux.eu\/?post_type=product&#038;p=7263"},"modified":"2025-02-10T13:25:55","modified_gmt":"2025-02-10T05:25:55","slug":"tsmq2-125-double-power-automatic-changeover-switch","status":"publish","type":"product","link":"https:\/\/www.tosunlux.eu\/es\/products\/tsmq2-125-double-power-automatic-changeover-switch\/","title":{"rendered":"Interruptor de cambio autom\u00e1tico de potencia dual TSMQ1-100"},"content":{"rendered":"<p><strong>Solicitud<\/strong><\/p>\n\n\n\n<p>El conmutador autom\u00e1tico de conmutaci\u00f3n de doble potencia modular TSM12-100 se utiliza para proporcionar alimentaci\u00f3n al circuito de forma constante cuando la fuente de alimentaci\u00f3n principal deja de estar disponible de repente. El conmutador es adecuado para sistemas de suministro de energ\u00eda con 50\/60 Hz, voltaje nominal de hasta 415 V y potencia nominal de hasta 125 A.<br>Cuando el producto funciona en modo autom\u00e1tico, el interruptor convierte el circuito de la fuente de alimentaci\u00f3n principal (\u2160) a la fuente de alimentaci\u00f3n de reserva (\u2161) autom\u00e1ticamente en caso de que la fuente de alimentaci\u00f3n principal est\u00e9 apagada (o falla de fase). Cuando la fuente de alimentaci\u00f3n principal (\u2160) vuelve a estar disponible, el interruptor convierte el circuito de vuelta a la fuente de alimentaci\u00f3n principal (\u2160) desde la fuente de alimentaci\u00f3n de reserva (\u2161) autom\u00e1ticamente.<br>Cuando el producto funciona en modo manual, el cambio de circuito entre la fuente de alimentaci\u00f3n principal (\u2160) y la fuente de alimentaci\u00f3n de reserva (\u2161) debe realizarse manualmente.<br>El interruptor se caracteriza por ser peque\u00f1o en volumen, r\u00e1pido en reacci\u00f3n, confiable en conversi\u00f3n, conveniente en instalaci\u00f3n y larga vida en servicio.<\/p>\n\n\n\n<p><strong>Especificaci\u00f3n<\/strong><\/p>\n\n\n<table style=\"height: 506px;\" width=\"840\">\n<tbody>\n<tr>\n<td style=\"text-align: center;\" width=\"314\">N\u00famero de polos&nbsp;<\/td>\n<td style=\"text-align: center;\" width=\"332\">2P, 4P<\/td>\n<\/tr>\n<tr>\n<td style=\"text-align: center;\" width=\"314\">Corriente nominal<\/td>\n<td style=\"text-align: center;\" width=\"332\">20A, 32A, 40A, 50A, 63A, 80A, 100A, 125A<\/td>\n<\/tr>\n<tr>\n<td style=\"text-align: center;\" width=\"314\">Categor\u00eda de uso<\/td>\n<td style=\"text-align: center;\" width=\"332\">AC-33iB<\/td>\n<\/tr>\n<tr>\n<td style=\"text-align: center;\" width=\"314\">Voltaje nominal de trabajo (Ue)<\/td>\n<td style=\"text-align: center;\" width=\"332\">2P 230\/240V\/50Hz; 4P 400\/415V\/50Hz<\/td>\n<\/tr>\n<tr>\n<td style=\"text-align: center;\" width=\"314\">Tensi\u00f3n nominal de aislamiento (Ui)<\/td>\n<td style=\"text-align: center;\" width=\"332\">CA690V\/50Hz<\/td>\n<\/tr>\n<tr>\n<td style=\"text-align: center;\" width=\"314\">Tensi\u00f3n nominal soportada de impulso<\/td>\n<td style=\"text-align: center;\" width=\"332\">8kV<\/td>\n<\/tr>\n<tr>\n<td style=\"text-align: center;\" width=\"314\">L\u00edmite nominal de corriente de cortocircuito<\/td>\n<td style=\"text-align: center;\" width=\"332\">50kA<\/td>\n<\/tr>\n<tr>\n<td style=\"text-align: center;\" width=\"314\">Vida mec\u00e1nica<\/td>\n<td style=\"text-align: center;\" width=\"332\">5000 veces<\/td>\n<\/tr>\n<tr>\n<td style=\"text-align: center;\" width=\"314\">Vida el\u00e9ctrica<\/td>\n<td style=\"text-align: center;\" width=\"332\">2000 veces<\/td>\n<\/tr>\n<tr>\n<td style=\"text-align: center;\" width=\"314\">Clasificaci\u00f3n<\/td>\n<td style=\"text-align: center;\" width=\"332\">Clase PC: se puede fabricar y resistir sin corriente de cortocircuito<\/td>\n<\/tr>\n<tr>\n<td style=\"text-align: center;\" width=\"314\">Circuito de control<\/td>\n<td style=\"text-align: center;\" width=\"332\">Voltaje de control nominal Us: AC220V, 50Hz Condiciones de trabajo narmales: 85%Us-110%Us<\/td>\n<\/tr>\n<tr>\n<td style=\"text-align: center;\" width=\"314\">Auxiliar<\/td>\n<td style=\"text-align: center;\" width=\"332\">Capacidad de contacto de contacto:AC220V 50Hz le=5y<\/td>\n<\/tr>\n<tr>\n<td style=\"text-align: center;\" width=\"314\">Tiempo de conversi\u00f3n de operaci\u00f3n<\/td>\n<td style=\"text-align: center;\" rowspan=\"3\" width=\"332\">&lt;30ms<\/td>\n<\/tr>\n<tr>\n<td style=\"text-align: center;\" width=\"314\">Tiempo de conversi\u00f3n de devoluci\u00f3n<\/td>\n<\/tr>\n<tr>\n<td style=\"text-align: center;\" width=\"314\">Tiempo de apagado<\/td>\n<\/tr>\n<\/tbody>\n<\/table>\n\n\n<p><strong>Dimensiones<\/strong><\/p>\n\n\n\n<figure class=\"wp-block-image size-large is-resized\"><img fetchpriority=\"high\" decoding=\"async\" src=\"https:\/\/www.tosunlux.eu\/wp-content\/uploads\/2023\/06\/TSMQ-1024x268.jpg\" alt=\"\" class=\"wp-image-7269\" width=\"768\" height=\"201\" srcset=\"https:\/\/www.tosunlux.eu\/wp-content\/uploads\/2023\/06\/TSMQ-1024x268.jpg 1024w, https:\/\/www.tosunlux.eu\/wp-content\/uploads\/2023\/06\/TSMQ-300x78.jpg 300w, https:\/\/www.tosunlux.eu\/wp-content\/uploads\/2023\/06\/TSMQ-768x201.jpg 768w, https:\/\/www.tosunlux.eu\/wp-content\/uploads\/2023\/06\/TSMQ-1536x401.jpg 1536w, https:\/\/www.tosunlux.eu\/wp-content\/uploads\/2023\/06\/TSMQ-18x5.jpg 18w, https:\/\/www.tosunlux.eu\/wp-content\/uploads\/2023\/06\/TSMQ.jpg 1600w\" sizes=\"(max-width: 768px) 100vw, 768px\" \/><\/figure>","protected":false},"parent":0,"template":"","product_category":[24,86],"class_list":["post-7263","product","type-product","status-publish","hentry","product_category-power-distribution-system","product_category-automatic-changeover-switch"],"yoast_head":"<!-- This site is optimized with the Yoast SEO plugin v27.4 - https:\/\/yoast.com\/product\/yoast-seo-wordpress\/ -->\n<title>WholesaleTSMQ1-100 Dual Power Automatic Changeover Switch - TOSUNlux Official Site - Electrical Circuit Breaker Manufacturer in China Low Voltage Electrical Supplier | TOSUNlux<\/title>\n<meta name=\"description\" content=\"TSMQ1-100 Dual Power Automatic Changeover Switch Supplier - Wholesale direct from TOSUNlux, a trusted manufacturer since 1994. Get your B2B factory quote on our certified Low Voltage electrical products.\" \/>\n<meta name=\"robots\" content=\"index, follow, max-snippet:-1, max-image-preview:large, max-video-preview:-1\" \/>\n<link rel=\"canonical\" href=\"https:\/\/www.tosunlux.eu\/es\/products\/tsmq2-125-double-power-automatic-changeover-switch\/\" \/>\n<meta property=\"og:locale\" content=\"es_ES\" \/>\n<meta property=\"og:type\" content=\"article\" \/>\n<meta property=\"og:title\" content=\"WholesaleTSMQ1-100 Dual Power Automatic Changeover Switch - TOSUNlux Official Site - Electrical Circuit Breaker Manufacturer in China Low Voltage Electrical Supplier | TOSUNlux\" \/>\n<meta property=\"og:description\" content=\"TSMQ1-100 Dual Power Automatic Changeover Switch Supplier - Wholesale direct from TOSUNlux, a trusted manufacturer since 1994. Get your B2B factory quote on our certified Low Voltage electrical products.\" \/>\n<meta property=\"og:url\" content=\"https:\/\/www.tosunlux.eu\/es\/products\/tsmq2-125-double-power-automatic-changeover-switch\/\" \/>\n<meta property=\"og:site_name\" content=\"TOSUNlux Official Site - Electrical Circuit Breaker Manufacturer in China\" \/>\n<meta property=\"article:publisher\" content=\"https:\/\/www.facebook.com\/TOSUNelectric\/\" \/>\n<meta property=\"article:modified_time\" content=\"2025-02-10T05:25:55+00:00\" \/>\n<meta property=\"og:image\" content=\"https:\/\/www.tosunlux.eu\/wp-content\/uploads\/2023\/06\/TSMQ-1024x268.jpg\" \/>\n<meta name=\"twitter:card\" content=\"summary_large_image\" \/>\n<meta name=\"twitter:label1\" content=\"Tiempo de lectura\" \/>\n\t<meta name=\"twitter:data1\" content=\"2 minutos\" \/>\n<script type=\"application\/ld+json\" class=\"yoast-schema-graph\">{\"@context\":\"https:\\\/\\\/schema.org\",\"@graph\":[{\"@type\":\"WebPage\",\"@id\":\"https:\\\/\\\/www.tosunlux.eu\\\/products\\\/tsmq2-125-double-power-automatic-changeover-switch\\\/\",\"url\":\"https:\\\/\\\/www.tosunlux.eu\\\/products\\\/tsmq2-125-double-power-automatic-changeover-switch\\\/\",\"name\":\"WholesaleTSMQ1-100 Dual Power Automatic Changeover Switch - TOSUNlux Official Site - Electrical Circuit Breaker Manufacturer in China Low Voltage Electrical Supplier | TOSUNlux\",\"isPartOf\":{\"@id\":\"https:\\\/\\\/www.tosunlux.eu\\\/ru\\\/#website\"},\"primaryImageOfPage\":{\"@id\":\"https:\\\/\\\/www.tosunlux.eu\\\/products\\\/tsmq2-125-double-power-automatic-changeover-switch\\\/#primaryimage\"},\"image\":{\"@id\":\"https:\\\/\\\/www.tosunlux.eu\\\/products\\\/tsmq2-125-double-power-automatic-changeover-switch\\\/#primaryimage\"},\"thumbnailUrl\":\"https:\\\/\\\/www.tosunlux.eu\\\/wp-content\\\/uploads\\\/2023\\\/06\\\/TSMQ-1024x268.jpg\",\"datePublished\":\"2023-06-12T07:57:20+00:00\",\"dateModified\":\"2025-02-10T05:25:55+00:00\",\"description\":\"TSMQ1-100 Dual Power Automatic Changeover Switch Supplier - Wholesale direct from TOSUNlux, a trusted manufacturer since 1994. Get your B2B factory quote on our certified Low Voltage electrical products.\",\"breadcrumb\":{\"@id\":\"https:\\\/\\\/www.tosunlux.eu\\\/products\\\/tsmq2-125-double-power-automatic-changeover-switch\\\/#breadcrumb\"},\"inLanguage\":\"es\",\"potentialAction\":[{\"@type\":\"ReadAction\",\"target\":[\"https:\\\/\\\/www.tosunlux.eu\\\/products\\\/tsmq2-125-double-power-automatic-changeover-switch\\\/\"]}]},{\"@type\":\"ImageObject\",\"inLanguage\":\"es\",\"@id\":\"https:\\\/\\\/www.tosunlux.eu\\\/products\\\/tsmq2-125-double-power-automatic-changeover-switch\\\/#primaryimage\",\"url\":\"https:\\\/\\\/www.tosunlux.eu\\\/wp-content\\\/uploads\\\/2023\\\/06\\\/TSMQ-1024x268.jpg\",\"contentUrl\":\"https:\\\/\\\/www.tosunlux.eu\\\/wp-content\\\/uploads\\\/2023\\\/06\\\/TSMQ-1024x268.jpg\"},{\"@type\":\"BreadcrumbList\",\"@id\":\"https:\\\/\\\/www.tosunlux.eu\\\/products\\\/tsmq2-125-double-power-automatic-changeover-switch\\\/#breadcrumb\",\"itemListElement\":[{\"@type\":\"ListItem\",\"position\":1,\"name\":\"Home\",\"item\":\"https:\\\/\\\/www.tosunlux.eu\\\/ru\\\/\"},{\"@type\":\"ListItem\",\"position\":2,\"name\":\"Products\",\"item\":\"https:\\\/\\\/www.tosunlux.eu\\\/products\\\/\"},{\"@type\":\"ListItem\",\"position\":3,\"name\":\"TSMQ1-100 Dual Power Automatic Changeover Switch\"}]},{\"@type\":\"WebSite\",\"@id\":\"https:\\\/\\\/www.tosunlux.eu\\\/ru\\\/#website\",\"url\":\"https:\\\/\\\/www.tosunlux.eu\\\/ru\\\/\",\"name\":\"TOSUNlux Official Site - Electrical Circuit Breaker Manufacturer in China\",\"description\":\"Power Distribution System Supplier\",\"publisher\":{\"@id\":\"https:\\\/\\\/www.tosunlux.eu\\\/ru\\\/#organization\"},\"alternateName\":\"TOSUNlux\",\"potentialAction\":[{\"@type\":\"SearchAction\",\"target\":{\"@type\":\"EntryPoint\",\"urlTemplate\":\"https:\\\/\\\/www.tosunlux.eu\\\/ru\\\/?s={search_term_string}\"},\"query-input\":{\"@type\":\"PropertyValueSpecification\",\"valueRequired\":true,\"valueName\":\"search_term_string\"}}],\"inLanguage\":\"es\"},{\"@type\":\"Organization\",\"@id\":\"https:\\\/\\\/www.tosunlux.eu\\\/ru\\\/#organization\",\"name\":\"TOSUNlux\",\"url\":\"https:\\\/\\\/www.tosunlux.eu\\\/ru\\\/\",\"logo\":{\"@type\":\"ImageObject\",\"inLanguage\":\"es\",\"@id\":\"https:\\\/\\\/www.tosunlux.eu\\\/ru\\\/#\\\/schema\\\/logo\\\/image\\\/\",\"url\":\"https:\\\/\\\/www.tosunlux.eu\\\/wp-content\\\/uploads\\\/2022\\\/01\\\/LOGOSYSM.71762f1.png\",\"contentUrl\":\"https:\\\/\\\/www.tosunlux.eu\\\/wp-content\\\/uploads\\\/2022\\\/01\\\/LOGOSYSM.71762f1.png\",\"width\":153,\"height\":55,\"caption\":\"TOSUNlux\"},\"image\":{\"@id\":\"https:\\\/\\\/www.tosunlux.eu\\\/ru\\\/#\\\/schema\\\/logo\\\/image\\\/\"},\"sameAs\":[\"https:\\\/\\\/www.facebook.com\\\/TOSUNelectric\\\/\",\"https:\\\/\\\/www.linkedin.com\\\/company\\\/wenzhou-tosun-electric-co.-ltd\\\/\"]}]}<\/script>\n<!-- \/ Yoast SEO plugin. -->","yoast_head_json":{"title":"Interruptor de conmutaci\u00f3n autom\u00e1tico de doble potencia TSMQ1-100 al por mayor - Sitio oficial de TOSUNlux - Fabricante de disyuntores el\u00e9ctricos en China, proveedor de equipos el\u00e9ctricos de bajo voltaje | TOSUNlux","description":"Proveedor de interruptores de cambio autom\u00e1tico de potencia dual TSMQ1-100: venta al por mayor directa de TOSUNlux, un fabricante confiable desde 1994. Obtenga su cotizaci\u00f3n de f\u00e1brica B2B en nuestros productos el\u00e9ctricos de bajo voltaje certificados.","robots":{"index":"index","follow":"follow","max-snippet":"max-snippet:-1","max-image-preview":"max-image-preview:large","max-video-preview":"max-video-preview:-1"},"canonical":"https:\/\/www.tosunlux.eu\/es\/products\/tsmq2-125-double-power-automatic-changeover-switch\/","og_locale":"es_ES","og_type":"article","og_title":"WholesaleTSMQ1-100 Dual Power Automatic Changeover Switch - TOSUNlux Official Site - Electrical Circuit Breaker Manufacturer in China Low Voltage Electrical Supplier | TOSUNlux","og_description":"TSMQ1-100 Dual Power Automatic Changeover Switch Supplier - Wholesale direct from TOSUNlux, a trusted manufacturer since 1994. Get your B2B factory quote on our certified Low Voltage electrical products.","og_url":"https:\/\/www.tosunlux.eu\/es\/products\/tsmq2-125-double-power-automatic-changeover-switch\/","og_site_name":"TOSUNlux Official Site - Electrical Circuit Breaker Manufacturer in China","article_publisher":"https:\/\/www.facebook.com\/TOSUNelectric\/","article_modified_time":"2025-02-10T05:25:55+00:00","og_image":[{"url":"https:\/\/www.tosunlux.eu\/wp-content\/uploads\/2023\/06\/TSMQ-1024x268.jpg","type":"","width":"","height":""}],"twitter_card":"summary_large_image","twitter_misc":{"Tiempo de lectura":"2 minutos"},"schema":{"@context":"https:\/\/schema.org","@graph":[{"@type":"WebPage","@id":"https:\/\/www.tosunlux.eu\/products\/tsmq2-125-double-power-automatic-changeover-switch\/","url":"https:\/\/www.tosunlux.eu\/products\/tsmq2-125-double-power-automatic-changeover-switch\/","name":"Interruptor de conmutaci\u00f3n autom\u00e1tico de doble potencia TSMQ1-100 al por mayor - Sitio oficial de TOSUNlux - Fabricante de disyuntores el\u00e9ctricos en China, proveedor de equipos el\u00e9ctricos de bajo voltaje | TOSUNlux","isPartOf":{"@id":"https:\/\/www.tosunlux.eu\/ru\/#website"},"primaryImageOfPage":{"@id":"https:\/\/www.tosunlux.eu\/products\/tsmq2-125-double-power-automatic-changeover-switch\/#primaryimage"},"image":{"@id":"https:\/\/www.tosunlux.eu\/products\/tsmq2-125-double-power-automatic-changeover-switch\/#primaryimage"},"thumbnailUrl":"https:\/\/www.tosunlux.eu\/wp-content\/uploads\/2023\/06\/TSMQ-1024x268.jpg","datePublished":"2023-06-12T07:57:20+00:00","dateModified":"2025-02-10T05:25:55+00:00","description":"Proveedor de interruptores de cambio autom\u00e1tico de potencia dual TSMQ1-100: venta al por mayor directa de TOSUNlux, un fabricante confiable desde 1994. Obtenga su cotizaci\u00f3n de f\u00e1brica B2B en nuestros productos el\u00e9ctricos de bajo voltaje certificados.","breadcrumb":{"@id":"https:\/\/www.tosunlux.eu\/products\/tsmq2-125-double-power-automatic-changeover-switch\/#breadcrumb"},"inLanguage":"es","potentialAction":[{"@type":"ReadAction","target":["https:\/\/www.tosunlux.eu\/products\/tsmq2-125-double-power-automatic-changeover-switch\/"]}]},{"@type":"ImageObject","inLanguage":"es","@id":"https:\/\/www.tosunlux.eu\/products\/tsmq2-125-double-power-automatic-changeover-switch\/#primaryimage","url":"https:\/\/www.tosunlux.eu\/wp-content\/uploads\/2023\/06\/TSMQ-1024x268.jpg","contentUrl":"https:\/\/www.tosunlux.eu\/wp-content\/uploads\/2023\/06\/TSMQ-1024x268.jpg"},{"@type":"BreadcrumbList","@id":"https:\/\/www.tosunlux.eu\/products\/tsmq2-125-double-power-automatic-changeover-switch\/#breadcrumb","itemListElement":[{"@type":"ListItem","position":1,"name":"Home","item":"https:\/\/www.tosunlux.eu\/ru\/"},{"@type":"ListItem","position":2,"name":"Products","item":"https:\/\/www.tosunlux.eu\/products\/"},{"@type":"ListItem","position":3,"name":"TSMQ1-100 Dual Power Automatic Changeover Switch"}]},{"@type":"WebSite","@id":"https:\/\/www.tosunlux.eu\/ru\/#website","url":"https:\/\/www.tosunlux.eu\/ru\/","name":"Sitio oficial de TOSUNlux - Fabricante de disyuntores el\u00e9ctricos en China","description":"Proveedor de sistemas de distribuci\u00f3n de energ\u00eda","publisher":{"@id":"https:\/\/www.tosunlux.eu\/ru\/#organization"},"alternateName":"TOSUNlux","potentialAction":[{"@type":"SearchAction","target":{"@type":"EntryPoint","urlTemplate":"https:\/\/www.tosunlux.eu\/ru\/?s={search_term_string}"},"query-input":{"@type":"PropertyValueSpecification","valueRequired":true,"valueName":"search_term_string"}}],"inLanguage":"es"},{"@type":"Organization","@id":"https:\/\/www.tosunlux.eu\/ru\/#organization","name":"TOSUNlux","url":"https:\/\/www.tosunlux.eu\/ru\/","logo":{"@type":"ImageObject","inLanguage":"es","@id":"https:\/\/www.tosunlux.eu\/ru\/#\/schema\/logo\/image\/","url":"https:\/\/www.tosunlux.eu\/wp-content\/uploads\/2022\/01\/LOGOSYSM.71762f1.png","contentUrl":"https:\/\/www.tosunlux.eu\/wp-content\/uploads\/2022\/01\/LOGOSYSM.71762f1.png","width":153,"height":55,"caption":"TOSUNlux"},"image":{"@id":"https:\/\/www.tosunlux.eu\/ru\/#\/schema\/logo\/image\/"},"sameAs":["https:\/\/www.facebook.com\/TOSUNelectric\/","https:\/\/www.linkedin.com\/company\/wenzhou-tosun-electric-co.-ltd\/"]}]}},"_links":{"self":[{"href":"https:\/\/www.tosunlux.eu\/es\/wp-json\/wp\/v2\/product\/7263","targetHints":{"allow":["GET"]}}],"collection":[{"href":"https:\/\/www.tosunlux.eu\/es\/wp-json\/wp\/v2\/product"}],"about":[{"href":"https:\/\/www.tosunlux.eu\/es\/wp-json\/wp\/v2\/types\/product"}],"version-history":[{"count":6,"href":"https:\/\/www.tosunlux.eu\/es\/wp-json\/wp\/v2\/product\/7263\/revisions"}],"predecessor-version":[{"id":12508,"href":"https:\/\/www.tosunlux.eu\/es\/wp-json\/wp\/v2\/product\/7263\/revisions\/12508"}],"wp:attachment":[{"href":"https:\/\/www.tosunlux.eu\/es\/wp-json\/wp\/v2\/media?parent=7263"}],"wp:term":[{"taxonomy":"product_category","embeddable":true,"href":"https:\/\/www.tosunlux.eu\/es\/wp-json\/wp\/v2\/product_category?post=7263"}],"curies":[{"name":"gracias","href":"https:\/\/api.w.org\/{rel}","templated":true}]}}