{"id":7943,"date":"2023-09-12T10:04:33","date_gmt":"2023-09-12T02:04:33","guid":{"rendered":"https:\/\/www.tosunlux.eu\/?post_type=product&#038;p=7943"},"modified":"2025-01-09T13:44:28","modified_gmt":"2025-01-09T05:44:28","slug":"tsm4-moulded-case-circuit-breaker","status":"publish","type":"product","link":"https:\/\/www.tosunlux.eu\/es\/products\/tsm4-moulded-case-circuit-breaker\/","title":{"rendered":"Disyuntor de caja moldeada TSM4"},"content":{"rendered":"<p><strong>Solicitud<\/strong><\/p>\n\n\n\n<p>El disyuntor de caja moldeada serie TSM4 se aplica para circuitos con voltaje de aislamiento nominal de hasta 1000 V, voltaje de funcionamiento nominal de hasta 400 V, corriente de funcionamiento nominal de hasta 800 A,&nbsp;<br>AC 50\/60Hz, para uso de transferencia poco frecuente del circuito y tambi\u00e9n arranques poco frecuentes del motor.&nbsp;<br>Los disyuntores protegen el circuito y los dispositivos del circuito contra da\u00f1os causados por&nbsp;<br>Medios de protecci\u00f3n contra sobrecargas, protecci\u00f3n contra cortocircuitos y protecci\u00f3n contra subtensi\u00f3n.<br>Los productos cumplen con IEC60947-2.<\/p>\n\n\n\n<p><strong>Especificaci\u00f3n<\/strong><\/p>\n\n\n<table style=\"border-collapse: collapse; width: 825px; height: 343px;\" border=\"0\" width=\"486\" cellspacing=\"0\" cellpadding=\"0\">\n<tbody>\n<tr style=\"height: 16.25pt;\">\n<td class=\"et2\" style=\"height: 16.25pt; width: 52pt; text-align: center;\" width=\"69\" height=\"21\"><span class=\"font5\">Modelo<\/span><\/td>\n<td class=\"et3\" style=\"width: 29.00pt;\" width=\"38\"><span class=\"font5\">Tipo<\/span><\/td>\n<td class=\"et4\" style=\"width: 52pt; text-align: center;\" width=\"69\"><span class=\"font6\">Polo<\/span><\/td>\n<td class=\"et3\" style=\"width: 114pt; text-align: center;\" width=\"152\"><span class=\"font5\">Corriente nominal (A)<\/span><\/td>\n<td class=\"et5\" style=\"width: 29.00pt;\" width=\"38\"><span class=\"font7\">ICs (kA)<\/span><\/td>\n<td class=\"et5\" style=\"width: 37.00pt;\" width=\"49\"><span class=\"font7\">Uci (kA)<\/span><\/td>\n<td class=\"et6\" style=\"width: 52pt; text-align: center;\" width=\"69\"><span class=\"font5\">Distancia del arco<\/span><\/td>\n<\/tr>\n<tr style=\"height: 16.50pt;\">\n<td class=\"et7\" style=\"height: 33pt; width: 52pt; border-bottom: 0.5pt solid #231916; text-align: center;\" rowspan=\"2\" width=\"69\" height=\"44\"><span class=\"font5\">TSM4-63<\/span><\/td>\n<td class=\"et3\" style=\"width: 29pt; text-align: center;\" width=\"38\"><span class=\"font5\">L<\/span><\/td>\n<td class=\"et8\" style=\"width: 52pt; border-bottom: 0.5pt solid #231916; text-align: center;\" rowspan=\"2\" width=\"69\"><span class=\"font6\">3<\/span><span class=\"font1\">\uff0c<\/span><span class=\"font6\">4<\/span><\/td>\n<td class=\"et9\" style=\"width: 114pt; border-bottom: 0.5pt solid #231916; text-align: center;\" rowspan=\"2\" width=\"152\"><span class=\"font5\">10,16,20,25,32,40,50,63<\/span><\/td>\n<td class=\"et10\" style=\"text-align: center;\">15<\/td>\n<td class=\"et10\" style=\"text-align: center;\">18<\/td>\n<td class=\"et11\" style=\"width: 52pt; border-bottom: 0.5pt solid #231916; text-align: center;\" rowspan=\"2\" width=\"69\"><span class=\"font5\">\u226450<\/span><\/td>\n<\/tr>\n<tr style=\"height: 16.50pt;\">\n<td class=\"et3\" style=\"width: 29pt; text-align: center;\" width=\"38\"><span class=\"font5\">METRO<\/span><\/td>\n<td class=\"et10\" style=\"text-align: center;\">18<\/td>\n<td class=\"et10\" style=\"text-align: center;\">20<\/td>\n<\/tr>\n<tr style=\"height: 16.50pt;\">\n<td class=\"et16\" style=\"height: 33pt; width: 52pt; border-bottom: 0.5pt solid #231916; text-align: center;\" rowspan=\"2\" width=\"69\" height=\"44\"><span class=\"font5\">TSM4-125<\/span><\/td>\n<td class=\"et3\" style=\"width: 29pt; text-align: center;\" width=\"38\"><span class=\"font5\">L<\/span><\/td>\n<td class=\"et17\" style=\"width: 52pt; border-bottom: 0.5pt solid #231916; text-align: center;\" rowspan=\"2\" width=\"69\"><span class=\"font6\">2,3,4<\/span><\/td>\n<td class=\"et18\" style=\"width: 114pt; border-bottom: 0.5pt solid #231916; text-align: center;\" rowspan=\"2\" width=\"152\"><span class=\"font5\">16,20,32,40,50,<br \/><\/span><span class=\"font5\">63,80,100,125<\/span><\/td>\n<td class=\"et10\" style=\"text-align: center;\">18<\/td>\n<td class=\"et10\" style=\"text-align: center;\">25<\/td>\n<td class=\"et11\" style=\"width: 52pt; border-bottom: 0.5pt solid #231916; text-align: center;\" rowspan=\"2\" width=\"69\"><span class=\"font5\">\u226450<\/span><\/td>\n<\/tr>\n<tr style=\"height: 16.50pt;\">\n<td class=\"et3\" style=\"width: 29pt; text-align: center;\" width=\"38\"><span class=\"font5\">METRO<\/span><\/td>\n<td class=\"et10\" style=\"text-align: center;\">22<\/td>\n<td class=\"et10\" style=\"text-align: center;\">30<\/td>\n<\/tr>\n<tr style=\"height: 16.50pt;\">\n<td class=\"et22\" style=\"height: 33pt; width: 52pt; border-bottom: 0.5pt solid #231916; text-align: center;\" rowspan=\"2\" width=\"69\" height=\"44\"><span class=\"font5\">TSM4-250<\/span><\/td>\n<td class=\"et3\" style=\"width: 29pt; text-align: center;\" width=\"38\"><span class=\"font5\">L<\/span><\/td>\n<td class=\"et17\" style=\"width: 52pt; border-bottom: 0.5pt solid #231916; text-align: center;\" rowspan=\"2\" width=\"69\"><span class=\"font6\">2,3,4<\/span><\/td>\n<td class=\"et8\" style=\"width: 114pt; border-bottom: 0.5pt solid #231916; text-align: center;\" rowspan=\"2\" width=\"152\"><span class=\"font5\">100,125,140,160,180,<br \/><\/span><span class=\"font5\">200,225,250<\/span><\/td>\n<td class=\"et10\" style=\"text-align: center;\">20<\/td>\n<td class=\"et10\" style=\"text-align: center;\">25<\/td>\n<td class=\"et11\" style=\"width: 52pt; border-bottom: 0.5pt solid #231916; text-align: center;\" rowspan=\"2\" width=\"69\"><span class=\"font5\">\u226450<\/span><\/td>\n<\/tr>\n<tr style=\"height: 16.50pt;\">\n<td class=\"et3\" style=\"width: 29pt; text-align: center;\" width=\"38\"><span class=\"font5\">METRO<\/span><\/td>\n<td class=\"et10\" style=\"text-align: center;\">25<\/td>\n<td class=\"et10\" style=\"text-align: center;\">35<\/td>\n<\/tr>\n<tr style=\"height: 16.50pt;\">\n<td class=\"et22\" style=\"height: 33pt; width: 52pt; border-bottom: 0.5pt solid #231916; text-align: center;\" rowspan=\"2\" width=\"69\" height=\"44\"><span class=\"font5\">TSM4-400<\/span><\/td>\n<td class=\"et3\" style=\"width: 29pt; text-align: center;\" width=\"38\"><span class=\"font5\">L<\/span><\/td>\n<td class=\"et8\" style=\"width: 52pt; border-bottom: 0.5pt solid #231916; text-align: center;\" rowspan=\"2\" width=\"69\"><span class=\"font6\">3<\/span><span class=\"font1\">\uff0c<\/span><span class=\"font6\">4<\/span><\/td>\n<td class=\"et24\" style=\"border-bottom: 0.5pt solid #231916; text-align: center;\" rowspan=\"2\">200,225,250,315,350,400<\/td>\n<td class=\"et10\" style=\"text-align: center;\">25<\/td>\n<td class=\"et10\" style=\"text-align: center;\">35<\/td>\n<td class=\"et25\" style=\"width: 52pt; border-bottom: 0.5pt solid #231916; text-align: center;\" rowspan=\"2\" width=\"69\"><span class=\"font5\">\u2264100<\/span><\/td>\n<\/tr>\n<tr style=\"height: 16.50pt;\">\n<td class=\"et3\" style=\"width: 29pt; text-align: center;\" width=\"38\"><span class=\"font5\">METRO<\/span><\/td>\n<td class=\"et10\" style=\"text-align: center;\">35<\/td>\n<td class=\"et10\" style=\"text-align: center;\">50<\/td>\n<\/tr>\n<tr style=\"height: 16.50pt;\">\n<td class=\"et22\" style=\"height: 33pt; width: 52pt; border-bottom: 0.5pt solid #231916; text-align: center;\" rowspan=\"2\" width=\"69\" height=\"44\"><span class=\"font5\">TSM4-630<\/span><\/td>\n<td class=\"et3\" style=\"width: 29pt; text-align: center;\" width=\"38\"><span class=\"font5\">L<\/span><\/td>\n<td class=\"et8\" style=\"width: 52pt; border-bottom: 0.5pt solid #231916; text-align: center;\" rowspan=\"2\" width=\"69\"><span class=\"font6\">3<\/span><span class=\"font1\">\uff0c<\/span><span class=\"font6\">4<\/span><\/td>\n<td class=\"et28\" style=\"border-bottom: 0.5pt solid #231916; text-align: center;\" rowspan=\"2\">400,500,630<\/td>\n<td class=\"et10\" style=\"text-align: center;\">30<\/td>\n<td class=\"et10\" style=\"text-align: center;\">40<\/td>\n<td class=\"et25\" style=\"width: 52pt; border-bottom: 0.5pt solid #231916; text-align: center;\" rowspan=\"2\" width=\"69\"><span class=\"font5\">\u2264100<\/span><\/td>\n<\/tr>\n<tr style=\"height: 16.50pt;\">\n<td class=\"et3\" style=\"width: 29pt; text-align: center;\" width=\"38\"><span class=\"font5\">METRO<\/span><\/td>\n<td class=\"et10\" style=\"text-align: center;\">35<\/td>\n<td class=\"et10\" style=\"text-align: center;\">50<\/td>\n<\/tr>\n<tr style=\"height: 32.75pt;\">\n<td class=\"et30\" style=\"height: 32.75pt; width: 52pt; text-align: center;\" width=\"69\" height=\"43\"><span class=\"font5\">TSM4-800<\/span><\/td>\n<td class=\"et31\" style=\"width: 29pt; text-align: center;\" width=\"38\"><span class=\"font5\">METRO<\/span><\/td>\n<td class=\"et32\" style=\"width: 52pt; text-align: center;\" width=\"69\"><span class=\"font6\">3<\/span><span class=\"font1\">\uff0c<\/span><span class=\"font6\">4<\/span><\/td>\n<td class=\"et33\" style=\"text-align: center;\">630,700,800<\/td>\n<td class=\"et34\" style=\"text-align: center;\">35<\/td>\n<td class=\"et34\" style=\"text-align: center;\">50<\/td>\n<td class=\"et35\" style=\"width: 52pt; text-align: center;\" width=\"69\"><span class=\"font5\">\u2264100<\/span><\/td>\n<\/tr>\n<\/tbody>\n<\/table>\n\n\n<p><strong>Dimensiones<\/strong><\/p>\n\n\n<table style=\"height: 310px;\" width=\"838\">\n<tbody>\n<tr>\n<td style=\"text-align: center;\" colspan=\"2\" width=\"137\">Tipo de modelo<\/td>\n<td style=\"text-align: center;\" width=\"49\">L<\/td>\n<td style=\"text-align: center;\" width=\"49\">W<\/td>\n<td style=\"text-align: center;\" width=\"49\">W1<\/td>\n<td style=\"text-align: center;\" width=\"49\">H<\/td>\n<td style=\"text-align: center;\" width=\"49\">a<\/td>\n<td style=\"text-align: center;\" width=\"49\">b<\/td>\n<td style=\"text-align: center;\" width=\"48\">4-d\u00edas<\/td>\n<\/tr>\n<tr>\n<td style=\"text-align: center;\" rowspan=\"2\" width=\"68\">TSM4-63<\/td>\n<td style=\"text-align: center;\" width=\"69\">L<\/td>\n<td style=\"text-align: center;\" rowspan=\"2\">136<\/td>\n<td style=\"text-align: center;\" rowspan=\"2\">75<\/td>\n<td style=\"text-align: center;\" rowspan=\"2\">103<\/td>\n<td style=\"text-align: center;\">90.5<\/td>\n<td style=\"text-align: center;\" rowspan=\"2\">25<\/td>\n<td style=\"text-align: center;\" rowspan=\"2\">117<\/td>\n<td style=\"text-align: center;\" rowspan=\"2\">3.5<\/td>\n<\/tr>\n<tr>\n<td style=\"text-align: center;\" width=\"69\">METRO<\/td>\n<td style=\"text-align: center;\">98.5<\/td>\n<\/tr>\n<tr>\n<td style=\"text-align: center;\" rowspan=\"2\" width=\"68\">TSM4-125<\/td>\n<td style=\"text-align: center;\" width=\"69\">L<\/td>\n<td style=\"text-align: center;\" rowspan=\"2\">150<\/td>\n<td style=\"text-align: center;\" rowspan=\"2\">93<\/td>\n<td style=\"text-align: center;\" rowspan=\"2\">122<\/td>\n<td style=\"text-align: center;\">96<\/td>\n<td style=\"text-align: center;\" rowspan=\"2\">30<\/td>\n<td style=\"text-align: center;\" rowspan=\"2\">129<\/td>\n<td style=\"text-align: center;\" rowspan=\"2\">4.5<\/td>\n<\/tr>\n<tr>\n<td style=\"text-align: center;\" width=\"69\">METRO<\/td>\n<td style=\"text-align: center;\">104<\/td>\n<\/tr>\n<tr>\n<td style=\"text-align: center;\" rowspan=\"2\" width=\"68\">TSM4-250<\/td>\n<td style=\"text-align: center;\" width=\"69\">L<\/td>\n<td style=\"text-align: center;\" rowspan=\"2\">165<\/td>\n<td style=\"text-align: center;\" rowspan=\"2\">107<\/td>\n<td style=\"text-align: center;\" rowspan=\"2\">142<\/td>\n<td style=\"text-align: center;\">110<\/td>\n<td style=\"text-align: center;\" rowspan=\"2\">35<\/td>\n<td style=\"text-align: center;\" rowspan=\"2\">126<\/td>\n<td style=\"text-align: center;\" rowspan=\"2\">4.5<\/td>\n<\/tr>\n<tr>\n<td style=\"text-align: center;\" width=\"69\">METRO<\/td>\n<td style=\"text-align: center;\">127<\/td>\n<\/tr>\n<tr>\n<td style=\"text-align: center;\" width=\"68\">TSM4-400<\/td>\n<td style=\"text-align: center;\" width=\"69\">L,M<\/td>\n<td style=\"text-align: center;\">257<\/td>\n<td style=\"text-align: center;\">150<\/td>\n<td style=\"text-align: center;\">198<\/td>\n<td style=\"text-align: center;\">151.5<\/td>\n<td style=\"text-align: center;\">44<\/td>\n<td style=\"text-align: center;\">194<\/td>\n<td style=\"text-align: center;\">7<\/td>\n<\/tr>\n<tr>\n<td style=\"text-align: center;\" width=\"68\">TSM4-630<\/td>\n<td style=\"text-align: center;\" width=\"69\">L,M<\/td>\n<td style=\"text-align: center;\">270<\/td>\n<td style=\"text-align: center;\">182<\/td>\n<td style=\"text-align: center;\">238<\/td>\n<td style=\"text-align: center;\">155<\/td>\n<td style=\"text-align: center;\">58<\/td>\n<td style=\"text-align: center;\">200<\/td>\n<td style=\"text-align: center;\">7<\/td>\n<\/tr>\n<tr>\n<td style=\"text-align: center;\" width=\"68\">TSM4-800<\/td>\n<td style=\"text-align: center;\" width=\"69\">METRO<\/td>\n<td style=\"text-align: center;\">280<\/td>\n<td style=\"text-align: center;\">210<\/td>\n<td style=\"text-align: center;\">280<\/td>\n<td style=\"text-align: center;\">155<\/td>\n<td style=\"text-align: center;\">70<\/td>\n<td style=\"text-align: center;\">243<\/td>\n<td style=\"text-align: center;\">7<\/td>\n<\/tr>\n<\/tbody>\n<\/table>\n\n\n<figure class=\"wp-block-image size-large is-resized\"><img fetchpriority=\"high\" decoding=\"async\" src=\"https:\/\/www.tosunlux.eu\/wp-content\/uploads\/2023\/09\/TSM4\u5c3a\u5bf8-1-1024x379.jpg\" alt=\"\" class=\"wp-image-7946\" width=\"512\" height=\"190\" srcset=\"https:\/\/www.tosunlux.eu\/wp-content\/uploads\/2023\/09\/TSM4\u5c3a\u5bf8-1-1024x379.jpg 1024w, https:\/\/www.tosunlux.eu\/wp-content\/uploads\/2023\/09\/TSM4\u5c3a\u5bf8-1-300x111.jpg 300w, https:\/\/www.tosunlux.eu\/wp-content\/uploads\/2023\/09\/TSM4\u5c3a\u5bf8-1-768x284.jpg 768w, https:\/\/www.tosunlux.eu\/wp-content\/uploads\/2023\/09\/TSM4\u5c3a\u5bf8-1-1536x568.jpg 1536w, https:\/\/www.tosunlux.eu\/wp-content\/uploads\/2023\/09\/TSM4\u5c3a\u5bf8-1-18x7.jpg 18w, https:\/\/www.tosunlux.eu\/wp-content\/uploads\/2023\/09\/TSM4\u5c3a\u5bf8-1.jpg 1600w\" sizes=\"(max-width: 512px) 100vw, 512px\" \/><\/figure>","protected":false},"parent":0,"template":"","product_category":[24,79],"class_list":["post-7943","product","type-product","status-publish","hentry","product_category-power-distribution-system","product_category-mccb"],"yoast_head":"<!-- This site is optimized with the Yoast SEO plugin v27.5 - https:\/\/yoast.com\/product\/yoast-seo-wordpress\/ -->\n<title>WholesaleTSM4 Moulded Case Circuit Breaker - TOSUNlux Official Site - Electrical Circuit Breaker Manufacturer in China Low Voltage Electrical Supplier | TOSUNlux<\/title>\n<meta name=\"description\" content=\"TSM4 Moulded Case Circuit Breaker Supplier - Wholesale direct from TOSUNlux, a trusted manufacturer since 1994. Get your B2B factory quote on our certified Low Voltage electrical products.\" \/>\n<meta name=\"robots\" content=\"index, follow, max-snippet:-1, max-image-preview:large, max-video-preview:-1\" \/>\n<link rel=\"canonical\" href=\"https:\/\/www.tosunlux.eu\/es\/products\/tsm4-moulded-case-circuit-breaker\/\" \/>\n<meta property=\"og:locale\" content=\"es_ES\" \/>\n<meta property=\"og:type\" content=\"article\" \/>\n<meta property=\"og:title\" content=\"WholesaleTSM4 Moulded Case Circuit Breaker - TOSUNlux Official Site - Electrical Circuit Breaker Manufacturer in China Low Voltage Electrical Supplier | TOSUNlux\" \/>\n<meta property=\"og:description\" content=\"TSM4 Moulded Case Circuit Breaker Supplier - Wholesale direct from TOSUNlux, a trusted manufacturer since 1994. Get your B2B factory quote on our certified Low Voltage electrical products.\" \/>\n<meta property=\"og:url\" content=\"https:\/\/www.tosunlux.eu\/es\/products\/tsm4-moulded-case-circuit-breaker\/\" \/>\n<meta property=\"og:site_name\" content=\"TOSUNlux Official Site - Electrical Circuit Breaker Manufacturer in China\" \/>\n<meta property=\"article:publisher\" content=\"https:\/\/www.facebook.com\/TOSUNelectric\/\" \/>\n<meta property=\"article:modified_time\" content=\"2025-01-09T05:44:28+00:00\" \/>\n<meta property=\"og:image\" content=\"https:\/\/www.tosunlux.eu\/wp-content\/uploads\/2023\/04\/DSC08160_\u526f\u672c.jpg\" \/>\n\t<meta property=\"og:image:width\" content=\"1500\" \/>\n\t<meta property=\"og:image:height\" content=\"940\" \/>\n\t<meta property=\"og:image:type\" content=\"image\/jpeg\" \/>\n<meta name=\"twitter:card\" content=\"summary_large_image\" \/>\n<meta name=\"twitter:label1\" content=\"Tiempo de lectura\" \/>\n\t<meta name=\"twitter:data1\" content=\"2 minutos\" \/>\n<script type=\"application\/ld+json\" class=\"yoast-schema-graph\">{\"@context\":\"https:\\\/\\\/schema.org\",\"@graph\":[{\"@type\":\"WebPage\",\"@id\":\"https:\\\/\\\/www.tosunlux.eu\\\/products\\\/tsm4-moulded-case-circuit-breaker\\\/\",\"url\":\"https:\\\/\\\/www.tosunlux.eu\\\/products\\\/tsm4-moulded-case-circuit-breaker\\\/\",\"name\":\"WholesaleTSM4 Moulded Case Circuit Breaker - TOSUNlux Official Site - Electrical Circuit Breaker Manufacturer in China Low Voltage Electrical Supplier | TOSUNlux\",\"isPartOf\":{\"@id\":\"https:\\\/\\\/www.tosunlux.eu\\\/ru\\\/#website\"},\"datePublished\":\"2023-09-12T02:04:33+00:00\",\"dateModified\":\"2025-01-09T05:44:28+00:00\",\"description\":\"TSM4 Moulded Case Circuit Breaker Supplier - Wholesale direct from TOSUNlux, a trusted manufacturer since 1994. Get your B2B factory quote on our certified Low Voltage electrical products.\",\"breadcrumb\":{\"@id\":\"https:\\\/\\\/www.tosunlux.eu\\\/products\\\/tsm4-moulded-case-circuit-breaker\\\/#breadcrumb\"},\"inLanguage\":\"es\",\"potentialAction\":[{\"@type\":\"ReadAction\",\"target\":[\"https:\\\/\\\/www.tosunlux.eu\\\/products\\\/tsm4-moulded-case-circuit-breaker\\\/\"]}]},{\"@type\":\"BreadcrumbList\",\"@id\":\"https:\\\/\\\/www.tosunlux.eu\\\/products\\\/tsm4-moulded-case-circuit-breaker\\\/#breadcrumb\",\"itemListElement\":[{\"@type\":\"ListItem\",\"position\":1,\"name\":\"Home\",\"item\":\"https:\\\/\\\/www.tosunlux.eu\\\/ru\\\/\"},{\"@type\":\"ListItem\",\"position\":2,\"name\":\"Products\",\"item\":\"https:\\\/\\\/www.tosunlux.eu\\\/products\\\/\"},{\"@type\":\"ListItem\",\"position\":3,\"name\":\"TSM4 Moulded Case Circuit Breaker\"}]},{\"@type\":\"WebSite\",\"@id\":\"https:\\\/\\\/www.tosunlux.eu\\\/ru\\\/#website\",\"url\":\"https:\\\/\\\/www.tosunlux.eu\\\/ru\\\/\",\"name\":\"TOSUNlux Official Site - Electrical Circuit Breaker Manufacturer in China\",\"description\":\"Power Distribution System Supplier\",\"publisher\":{\"@id\":\"https:\\\/\\\/www.tosunlux.eu\\\/ru\\\/#organization\"},\"alternateName\":\"TOSUNlux\",\"potentialAction\":[{\"@type\":\"SearchAction\",\"target\":{\"@type\":\"EntryPoint\",\"urlTemplate\":\"https:\\\/\\\/www.tosunlux.eu\\\/ru\\\/?s={search_term_string}\"},\"query-input\":{\"@type\":\"PropertyValueSpecification\",\"valueRequired\":true,\"valueName\":\"search_term_string\"}}],\"inLanguage\":\"es\"},{\"@type\":\"Organization\",\"@id\":\"https:\\\/\\\/www.tosunlux.eu\\\/ru\\\/#organization\",\"name\":\"TOSUNlux\",\"url\":\"https:\\\/\\\/www.tosunlux.eu\\\/ru\\\/\",\"logo\":{\"@type\":\"ImageObject\",\"inLanguage\":\"es\",\"@id\":\"https:\\\/\\\/www.tosunlux.eu\\\/ru\\\/#\\\/schema\\\/logo\\\/image\\\/\",\"url\":\"https:\\\/\\\/www.tosunlux.eu\\\/wp-content\\\/uploads\\\/2022\\\/01\\\/LOGOSYSM.71762f1.png\",\"contentUrl\":\"https:\\\/\\\/www.tosunlux.eu\\\/wp-content\\\/uploads\\\/2022\\\/01\\\/LOGOSYSM.71762f1.png\",\"width\":153,\"height\":55,\"caption\":\"TOSUNlux\"},\"image\":{\"@id\":\"https:\\\/\\\/www.tosunlux.eu\\\/ru\\\/#\\\/schema\\\/logo\\\/image\\\/\"},\"sameAs\":[\"https:\\\/\\\/www.facebook.com\\\/TOSUNelectric\\\/\",\"https:\\\/\\\/www.linkedin.com\\\/company\\\/wenzhou-tosun-electric-co.-ltd\\\/\"]}]}<\/script>\n<!-- \/ Yoast SEO plugin. -->","yoast_head_json":{"title":"Disyuntor de caja moldeada TSM4 al por mayor - Sitio oficial de TOSUNlux - Fabricante de disyuntores el\u00e9ctricos en China, proveedor de equipos el\u00e9ctricos de baja tensi\u00f3n | TOSUNlux","description":"Proveedor de interruptores autom\u00e1ticos de caja moldeada TSM4: venta al por mayor directa de TOSUNlux, un fabricante confiable desde 1994. Obtenga su cotizaci\u00f3n de f\u00e1brica B2B para nuestros productos el\u00e9ctricos de bajo voltaje certificados.","robots":{"index":"index","follow":"follow","max-snippet":"max-snippet:-1","max-image-preview":"max-image-preview:large","max-video-preview":"max-video-preview:-1"},"canonical":"https:\/\/www.tosunlux.eu\/es\/products\/tsm4-moulded-case-circuit-breaker\/","og_locale":"es_ES","og_type":"article","og_title":"WholesaleTSM4 Moulded Case Circuit Breaker - TOSUNlux Official Site - Electrical Circuit Breaker Manufacturer in China Low Voltage Electrical Supplier | TOSUNlux","og_description":"TSM4 Moulded Case Circuit Breaker Supplier - Wholesale direct from TOSUNlux, a trusted manufacturer since 1994. Get your B2B factory quote on our certified Low Voltage electrical products.","og_url":"https:\/\/www.tosunlux.eu\/es\/products\/tsm4-moulded-case-circuit-breaker\/","og_site_name":"TOSUNlux Official Site - Electrical Circuit Breaker Manufacturer in China","article_publisher":"https:\/\/www.facebook.com\/TOSUNelectric\/","article_modified_time":"2025-01-09T05:44:28+00:00","og_image":[{"width":1500,"height":940,"url":"https:\/\/www.tosunlux.eu\/wp-content\/uploads\/2023\/04\/DSC08160_\u526f\u672c.jpg","type":"image\/jpeg"}],"twitter_card":"summary_large_image","twitter_misc":{"Tiempo de lectura":"2 minutos"},"schema":{"@context":"https:\/\/schema.org","@graph":[{"@type":"WebPage","@id":"https:\/\/www.tosunlux.eu\/products\/tsm4-moulded-case-circuit-breaker\/","url":"https:\/\/www.tosunlux.eu\/products\/tsm4-moulded-case-circuit-breaker\/","name":"Disyuntor de caja moldeada TSM4 al por mayor - Sitio oficial de TOSUNlux - Fabricante de disyuntores el\u00e9ctricos en China, proveedor de equipos el\u00e9ctricos de baja tensi\u00f3n | TOSUNlux","isPartOf":{"@id":"https:\/\/www.tosunlux.eu\/ru\/#website"},"datePublished":"2023-09-12T02:04:33+00:00","dateModified":"2025-01-09T05:44:28+00:00","description":"Proveedor de interruptores autom\u00e1ticos de caja moldeada TSM4: venta al por mayor directa de TOSUNlux, un fabricante confiable desde 1994. Obtenga su cotizaci\u00f3n de f\u00e1brica B2B para nuestros productos el\u00e9ctricos de bajo voltaje certificados.","breadcrumb":{"@id":"https:\/\/www.tosunlux.eu\/products\/tsm4-moulded-case-circuit-breaker\/#breadcrumb"},"inLanguage":"es","potentialAction":[{"@type":"ReadAction","target":["https:\/\/www.tosunlux.eu\/products\/tsm4-moulded-case-circuit-breaker\/"]}]},{"@type":"BreadcrumbList","@id":"https:\/\/www.tosunlux.eu\/products\/tsm4-moulded-case-circuit-breaker\/#breadcrumb","itemListElement":[{"@type":"ListItem","position":1,"name":"Home","item":"https:\/\/www.tosunlux.eu\/ru\/"},{"@type":"ListItem","position":2,"name":"Products","item":"https:\/\/www.tosunlux.eu\/products\/"},{"@type":"ListItem","position":3,"name":"TSM4 Moulded Case Circuit Breaker"}]},{"@type":"WebSite","@id":"https:\/\/www.tosunlux.eu\/ru\/#website","url":"https:\/\/www.tosunlux.eu\/ru\/","name":"Sitio oficial de TOSUNlux - Fabricante de disyuntores el\u00e9ctricos en China","description":"Proveedor de sistemas de distribuci\u00f3n de energ\u00eda","publisher":{"@id":"https:\/\/www.tosunlux.eu\/ru\/#organization"},"alternateName":"TOSUNlux","potentialAction":[{"@type":"SearchAction","target":{"@type":"EntryPoint","urlTemplate":"https:\/\/www.tosunlux.eu\/ru\/?s={search_term_string}"},"query-input":{"@type":"PropertyValueSpecification","valueRequired":true,"valueName":"search_term_string"}}],"inLanguage":"es"},{"@type":"Organization","@id":"https:\/\/www.tosunlux.eu\/ru\/#organization","name":"TOSUNlux","url":"https:\/\/www.tosunlux.eu\/ru\/","logo":{"@type":"ImageObject","inLanguage":"es","@id":"https:\/\/www.tosunlux.eu\/ru\/#\/schema\/logo\/image\/","url":"https:\/\/www.tosunlux.eu\/wp-content\/uploads\/2022\/01\/LOGOSYSM.71762f1.png","contentUrl":"https:\/\/www.tosunlux.eu\/wp-content\/uploads\/2022\/01\/LOGOSYSM.71762f1.png","width":153,"height":55,"caption":"TOSUNlux"},"image":{"@id":"https:\/\/www.tosunlux.eu\/ru\/#\/schema\/logo\/image\/"},"sameAs":["https:\/\/www.facebook.com\/TOSUNelectric\/","https:\/\/www.linkedin.com\/company\/wenzhou-tosun-electric-co.-ltd\/"]}]}},"_links":{"self":[{"href":"https:\/\/www.tosunlux.eu\/es\/wp-json\/wp\/v2\/product\/7943","targetHints":{"allow":["GET"]}}],"collection":[{"href":"https:\/\/www.tosunlux.eu\/es\/wp-json\/wp\/v2\/product"}],"about":[{"href":"https:\/\/www.tosunlux.eu\/es\/wp-json\/wp\/v2\/types\/product"}],"version-history":[{"count":4,"href":"https:\/\/www.tosunlux.eu\/es\/wp-json\/wp\/v2\/product\/7943\/revisions"}],"predecessor-version":[{"id":12225,"href":"https:\/\/www.tosunlux.eu\/es\/wp-json\/wp\/v2\/product\/7943\/revisions\/12225"}],"wp:attachment":[{"href":"https:\/\/www.tosunlux.eu\/es\/wp-json\/wp\/v2\/media?parent=7943"}],"wp:term":[{"taxonomy":"product_category","embeddable":true,"href":"https:\/\/www.tosunlux.eu\/es\/wp-json\/wp\/v2\/product_category?post=7943"}],"curies":[{"name":"gracias","href":"https:\/\/api.w.org\/{rel}","templated":true}]}}