{"id":7953,"date":"2023-09-12T10:22:30","date_gmt":"2023-09-12T02:22:30","guid":{"rendered":"https:\/\/www.tosunlux.eu\/?post_type=product&#038;p=7953"},"modified":"2025-01-09T13:47:03","modified_gmt":"2025-01-09T05:47:03","slug":"tsm4e-electronic-type-moulded-case-circuit-breaker","status":"publish","type":"product","link":"https:\/\/www.tosunlux.eu\/es\/products\/tsm4e-electronic-type-moulded-case-circuit-breaker\/","title":{"rendered":"Disyuntor de caja moldeada de tipo electr\u00f3nico TSM4E"},"content":{"rendered":"<p><strong>Solicitud<\/strong><\/p>\n\n\n\n<p>El disyuntor de caja moldeada de tipo electr\u00f3nico de la serie TSM4E se aplica para circuitos con voltaje de aislamiento nominal de hasta 1000 V, voltaje de operaci\u00f3n nominal de hasta 400 V, corriente de operaci\u00f3n nominal de hasta 800 A, CA 50\/60 Hz, para uso de transferencia poco frecuente del circuito y arranque poco frecuente. del motor tambi\u00e9n.<br>Los disyuntores protegen el circuito y los dispositivos en el circuito contra da\u00f1os mediante protecci\u00f3n de sobrecarga de retardo prolongado de tiempo inverso, protecci\u00f3n de cortocircuito de retardo corto de tiempo inverso, protecci\u00f3n de cortocircuito de retardo corto, protecci\u00f3n de cortocircuito y protecci\u00f3n de bajo voltaje.<br>Los productos cumplen con IEC60947-2.<\/p>\n\n\n\n<p><strong>Caracter\u00edstica<\/strong><\/p>\n\n\n\n<ul class=\"wp-block-list\"><li>Hay cinco opciones de caracter\u00edstica de disparo disponibles, el usuario puede ajustar la corriente seg\u00fan la carga requerida;<\/li><li>El disparador electr\u00f3nico se activa mediante el propio disyuntor.<\/li><li>Indicaci\u00f3n de alarma: cuando la corriente de carga es mayor que la corriente preestablecida, el indicador LED en el panel frontal indica inmediatamente el color amarillo.<\/li><li>Indicaci\u00f3n de sobrecarga: cuando la corriente de carga es mayor que la corriente rectificada, el indicador LED en el panel frontal indica inmediatamente el color rojo.<\/li><\/ul>\n\n\n\n<p><strong>Especificaci\u00f3n<\/strong><\/p>\n\n\n<table style=\"border-collapse: collapse; width: 836px; height: 322px;\" border=\"0\" width=\"486\" cellspacing=\"0\" cellpadding=\"0\">\n<tbody>\n<tr style=\"height: 16.25pt;\">\n<td class=\"et2\" style=\"height: 16.25pt; width: 52pt; text-align: center;\" width=\"69\" height=\"21\"><span class=\"font0\">Modelo<\/span><\/td>\n<td class=\"et3\" style=\"width: 29pt; text-align: center;\" width=\"38\"><span class=\"font0\">Tipo<\/span><\/td>\n<td class=\"et4\" style=\"width: 43pt; text-align: center;\" width=\"57\"><span class=\"font6\">Polo<\/span><\/td>\n<td class=\"et5\" style=\"width: 123pt; text-align: center;\" width=\"164\"><span class=\"font0\">Corriente nominal (A)<\/span><\/td>\n<td class=\"et6\" style=\"width: 29pt; text-align: center;\" width=\"38\"><span class=\"font5\">ICs (kA)<\/span><\/td>\n<td class=\"et6\" style=\"width: 37pt; text-align: center;\" width=\"49\"><span class=\"font5\">Uci (kA)<\/span><\/td>\n<td class=\"et7\" style=\"width: 52pt; text-align: center;\" width=\"69\"><span class=\"font0\">Distancia del arco<\/span><\/td>\n<\/tr>\n<tr style=\"height: 16.50pt;\">\n<td class=\"et8\" style=\"height: 33pt; width: 52pt; border-bottom: 0.5pt solid #231916; text-align: center;\" rowspan=\"2\" width=\"69\" height=\"44\"><span class=\"font0\">TSM4E-125<\/span><\/td>\n<td class=\"et3\" style=\"width: 29pt; text-align: center;\" width=\"38\"><span class=\"font0\">L<\/span><\/td>\n<td class=\"et9\" style=\"border-bottom: 0.5pt solid #231916; text-align: center;\" rowspan=\"2\">3<\/td>\n<td class=\"et10\" style=\"width: 123pt; border-bottom: 0.5pt solid #231916; text-align: center;\" rowspan=\"2\" width=\"164\"><span class=\"font7\">16,20,25,32,<br><\/span><span class=\"font7\">36,40,45,50,55,60,<br><\/span><span class=\"font7\">65,70,75,80,85,90,95,125<\/span><\/td>\n<td class=\"et11\" style=\"text-align: center;\">18<\/td>\n<td class=\"et11\" style=\"text-align: center;\">25<\/td>\n<td class=\"et12\" style=\"width: 52pt; border-bottom: 0.5pt solid #231916; text-align: center;\" rowspan=\"2\" width=\"69\"><span class=\"font0\">\u226450<\/span><\/td>\n<\/tr>\n<tr style=\"height: 16.50pt;\">\n<td class=\"et3\" style=\"width: 29pt; text-align: center;\" width=\"38\"><span class=\"font0\">METRO<\/span><\/td>\n<td class=\"et11\" style=\"text-align: center;\">22<\/td>\n<td class=\"et11\" style=\"text-align: center;\">30<\/td>\n<\/tr>\n<tr style=\"height: 16.50pt;\">\n<td class=\"et8\" style=\"height: 33pt; width: 52pt; border-bottom: 0.5pt solid #231916; text-align: center;\" rowspan=\"2\" width=\"69\" height=\"44\"><span class=\"font0\">TSM4E-250<\/span><\/td>\n<td class=\"et3\" style=\"width: 29pt; text-align: center;\" width=\"38\"><span class=\"font0\">L<\/span><\/td>\n<td class=\"et9\" style=\"border-bottom: 0.5pt solid #231916; text-align: center;\" rowspan=\"2\">3<\/td>\n<td class=\"et10\" style=\"width: 123pt; border-bottom: 0.5pt solid #231916; text-align: center;\" rowspan=\"2\" width=\"164\"><span class=\"font7\">100,125,140,<br><\/span><span class=\"font7\">160,180,200,225,250<\/span><\/td>\n<td class=\"et11\" style=\"text-align: center;\">20<\/td>\n<td class=\"et11\" style=\"text-align: center;\">25<\/td>\n<td class=\"et12\" style=\"width: 52pt; border-bottom: 0.5pt solid #231916; text-align: center;\" rowspan=\"2\" width=\"69\"><span class=\"font0\">\u226450<\/span><\/td>\n<\/tr>\n<tr style=\"height: 16.50pt;\">\n<td class=\"et3\" style=\"width: 29pt; text-align: center;\" width=\"38\"><span class=\"font0\">METRO<\/span><\/td>\n<td class=\"et11\" style=\"text-align: center;\">25<\/td>\n<td class=\"et11\" style=\"text-align: center;\">35<\/td>\n<\/tr>\n<tr style=\"height: 33.00pt;\">\n<td class=\"et17\" style=\"height: 33pt; width: 52pt; text-align: center;\" width=\"69\" height=\"44\"><span class=\"font0\">TSM4E-400<\/span><\/td>\n<td class=\"et18\" style=\"width: 29pt; text-align: center;\" width=\"38\"><span class=\"font0\">METRO<\/span><\/td>\n<td class=\"et19\" style=\"text-align: center;\">3<\/td>\n<td class=\"et20\" style=\"width: 123pt; text-align: center;\" width=\"164\"><span class=\"font7\">200,225<\/span><span class=\"font8\">\uff0c<\/span><span class=\"font7\">250,<br><\/span><span class=\"font7\">280,315,350,400<\/span><\/td>\n<td class=\"et21\" style=\"text-align: center;\">35<\/td>\n<td class=\"et21\" style=\"text-align: center;\">50<\/td>\n<td class=\"et22\" style=\"width: 52pt; text-align: center;\" width=\"69\"><span class=\"font0\">\u2264100<\/span><\/td>\n<\/tr>\n<tr style=\"height: 33.00pt;\">\n<td class=\"et17\" style=\"height: 33.00pt; width: 52.00pt;\" width=\"69\" height=\"44\"><span class=\"font0\">TSM4E-630<\/span><\/td>\n<td class=\"et18\" style=\"width: 29pt; text-align: center;\" width=\"38\"><span class=\"font0\">METRO<\/span><\/td>\n<td class=\"et19\" style=\"text-align: center;\">3<\/td>\n<td class=\"et20\" style=\"width: 123pt; text-align: center;\" width=\"164\"><span class=\"font7\">400,420,440,460,<br><\/span><span class=\"font7\">500,530,560,600,630<\/span><\/td>\n<td class=\"et21\" style=\"text-align: center;\">35<\/td>\n<td class=\"et21\" style=\"text-align: center;\">50<\/td>\n<td class=\"et22\" style=\"width: 52pt; text-align: center;\" width=\"69\"><span class=\"font0\">\u2264100<\/span><\/td>\n<\/tr>\n<tr style=\"height: 32.75pt;\">\n<td class=\"et17\" style=\"height: 32.75pt; width: 52pt; text-align: center;\" width=\"69\" height=\"43\"><span class=\"font0\">TSM4E-800<\/span><\/td>\n<td class=\"et18\" style=\"width: 29pt; text-align: center;\" width=\"38\"><span class=\"font0\">METRO<\/span><\/td>\n<td class=\"et19\" style=\"text-align: center;\">3<\/td>\n<td class=\"et20\" style=\"width: 123pt; text-align: center;\" width=\"164\"><span class=\"font7\">630<\/span><span class=\"font8\">\uff0c<\/span><span class=\"font7\">640,660,680,<br><\/span><span class=\"font7\">700,720,740,760,780,800<\/span><\/td>\n<td class=\"et21\" style=\"text-align: center;\">35<\/td>\n<td class=\"et21\" style=\"text-align: center;\">50<\/td>\n<td class=\"et22\" style=\"width: 52pt; text-align: center;\" width=\"69\"><span class=\"font0\">\u2264100<\/span><\/td>\n<\/tr>\n<\/tbody>\n<\/table>","protected":false},"parent":0,"template":"","product_category":[24,79],"class_list":["post-7953","product","type-product","status-publish","hentry","product_category-power-distribution-system","product_category-mccb"],"yoast_head":"<!-- This site is optimized with the Yoast SEO plugin v27.6 - https:\/\/yoast.com\/product\/yoast-seo-wordpress\/ -->\n<title>WholesaleTSM4E Electronic Type Moulded Case Circuit Breaker - TOSUNlux Official Site - Electrical Circuit Breaker Manufacturer in China Low Voltage Electrical Supplier | TOSUNlux<\/title>\n<meta name=\"description\" content=\"TSM4E Electronic Type Moulded Case Circuit Breaker Supplier - Wholesale direct from TOSUNlux, a trusted manufacturer since 1994. Get your B2B factory quote on our certified Low Voltage electrical products.\" \/>\n<meta name=\"robots\" content=\"index, follow, max-snippet:-1, max-image-preview:large, max-video-preview:-1\" \/>\n<link rel=\"canonical\" href=\"https:\/\/www.tosunlux.eu\/es\/products\/tsm4e-electronic-type-moulded-case-circuit-breaker\/\" \/>\n<meta property=\"og:locale\" content=\"es_ES\" \/>\n<meta property=\"og:type\" content=\"article\" \/>\n<meta property=\"og:title\" content=\"WholesaleTSM4E Electronic Type Moulded Case Circuit Breaker - TOSUNlux Official Site - Electrical Circuit Breaker Manufacturer in China Low Voltage Electrical Supplier | TOSUNlux\" \/>\n<meta property=\"og:description\" content=\"TSM4E Electronic Type Moulded Case Circuit Breaker Supplier - Wholesale direct from TOSUNlux, a trusted manufacturer since 1994. Get your B2B factory quote on our certified Low Voltage electrical products.\" \/>\n<meta property=\"og:url\" content=\"https:\/\/www.tosunlux.eu\/es\/products\/tsm4e-electronic-type-moulded-case-circuit-breaker\/\" \/>\n<meta property=\"og:site_name\" content=\"TOSUNlux Official Site - Electrical Circuit Breaker Manufacturer in China\" \/>\n<meta property=\"article:publisher\" content=\"https:\/\/www.facebook.com\/TOSUNelectric\/\" \/>\n<meta property=\"article:modified_time\" content=\"2025-01-09T05:47:03+00:00\" \/>\n<meta property=\"og:image\" content=\"https:\/\/www.tosunlux.eu\/wp-content\/uploads\/2023\/04\/DSC08160_\u526f\u672c.jpg\" \/>\n\t<meta property=\"og:image:width\" content=\"1500\" \/>\n\t<meta property=\"og:image:height\" content=\"940\" \/>\n\t<meta property=\"og:image:type\" content=\"image\/jpeg\" \/>\n<meta name=\"twitter:card\" content=\"summary_large_image\" \/>\n<meta name=\"twitter:label1\" content=\"Tiempo de lectura\" \/>\n\t<meta name=\"twitter:data1\" content=\"2 minutos\" \/>\n<script type=\"application\/ld+json\" class=\"yoast-schema-graph\">{\"@context\":\"https:\\\/\\\/schema.org\",\"@graph\":[{\"@type\":\"WebPage\",\"@id\":\"https:\\\/\\\/www.tosunlux.eu\\\/am\\\/products\\\/tsm4e-electronic-type-moulded-case-circuit-breaker\\\/\",\"url\":\"https:\\\/\\\/www.tosunlux.eu\\\/am\\\/products\\\/tsm4e-electronic-type-moulded-case-circuit-breaker\\\/\",\"name\":\"WholesaleTSM4E Electronic Type Moulded Case Circuit Breaker - TOSUNlux Official Site - Electrical Circuit Breaker Manufacturer in China Low Voltage Electrical Supplier | TOSUNlux\",\"isPartOf\":{\"@id\":\"https:\\\/\\\/www.tosunlux.eu\\\/ru\\\/#website\"},\"datePublished\":\"2023-09-12T02:22:30+00:00\",\"dateModified\":\"2025-01-09T05:47:03+00:00\",\"description\":\"TSM4E Electronic Type Moulded Case Circuit Breaker Supplier - Wholesale direct from TOSUNlux, a trusted manufacturer since 1994. Get your B2B factory quote on our certified Low Voltage electrical products.\",\"breadcrumb\":{\"@id\":\"https:\\\/\\\/www.tosunlux.eu\\\/am\\\/products\\\/tsm4e-electronic-type-moulded-case-circuit-breaker\\\/#breadcrumb\"},\"inLanguage\":\"es\",\"potentialAction\":[{\"@type\":\"ReadAction\",\"target\":[\"https:\\\/\\\/www.tosunlux.eu\\\/am\\\/products\\\/tsm4e-electronic-type-moulded-case-circuit-breaker\\\/\"]}]},{\"@type\":\"BreadcrumbList\",\"@id\":\"https:\\\/\\\/www.tosunlux.eu\\\/am\\\/products\\\/tsm4e-electronic-type-moulded-case-circuit-breaker\\\/#breadcrumb\",\"itemListElement\":[{\"@type\":\"ListItem\",\"position\":1,\"name\":\"Home\",\"item\":\"https:\\\/\\\/www.tosunlux.eu\\\/ru\\\/\"},{\"@type\":\"ListItem\",\"position\":2,\"name\":\"Products\",\"item\":\"https:\\\/\\\/www.tosunlux.eu\\\/products\\\/\"},{\"@type\":\"ListItem\",\"position\":3,\"name\":\"TSM4E Electronic Type Moulded Case Circuit Breaker\"}]},{\"@type\":\"WebSite\",\"@id\":\"https:\\\/\\\/www.tosunlux.eu\\\/ru\\\/#website\",\"url\":\"https:\\\/\\\/www.tosunlux.eu\\\/ru\\\/\",\"name\":\"TOSUNlux Official Site - Electrical Circuit Breaker Manufacturer in China\",\"description\":\"Power Distribution System Supplier\",\"publisher\":{\"@id\":\"https:\\\/\\\/www.tosunlux.eu\\\/ru\\\/#organization\"},\"alternateName\":\"TOSUNlux\",\"potentialAction\":[{\"@type\":\"SearchAction\",\"target\":{\"@type\":\"EntryPoint\",\"urlTemplate\":\"https:\\\/\\\/www.tosunlux.eu\\\/ru\\\/?s={search_term_string}\"},\"query-input\":{\"@type\":\"PropertyValueSpecification\",\"valueRequired\":true,\"valueName\":\"search_term_string\"}}],\"inLanguage\":\"es\"},{\"@type\":\"Organization\",\"@id\":\"https:\\\/\\\/www.tosunlux.eu\\\/ru\\\/#organization\",\"name\":\"TOSUNlux\",\"url\":\"https:\\\/\\\/www.tosunlux.eu\\\/ru\\\/\",\"logo\":{\"@type\":\"ImageObject\",\"inLanguage\":\"es\",\"@id\":\"https:\\\/\\\/www.tosunlux.eu\\\/ru\\\/#\\\/schema\\\/logo\\\/image\\\/\",\"url\":\"https:\\\/\\\/www.tosunlux.eu\\\/wp-content\\\/uploads\\\/2022\\\/01\\\/LOGOSYSM.71762f1.png\",\"contentUrl\":\"https:\\\/\\\/www.tosunlux.eu\\\/wp-content\\\/uploads\\\/2022\\\/01\\\/LOGOSYSM.71762f1.png\",\"width\":153,\"height\":55,\"caption\":\"TOSUNlux\"},\"image\":{\"@id\":\"https:\\\/\\\/www.tosunlux.eu\\\/ru\\\/#\\\/schema\\\/logo\\\/image\\\/\"},\"sameAs\":[\"https:\\\/\\\/www.facebook.com\\\/TOSUNelectric\\\/\",\"https:\\\/\\\/www.linkedin.com\\\/company\\\/wenzhou-tosun-electric-co.-ltd\\\/\"]}]}<\/script>\n<!-- \/ Yoast SEO plugin. -->","yoast_head_json":{"title":"Disyuntor electr\u00f3nico de caja moldeada TSM4E al por mayor - Sitio oficial de TOSUNlux - Fabricante de disyuntores el\u00e9ctricos en China, proveedor de equipos el\u00e9ctricos de baja tensi\u00f3n | TOSUNlux","description":"Proveedor de interruptores autom\u00e1ticos de caja moldeada tipo electr\u00f3nico TSM4E: venta al por mayor directa de TOSUNlux, un fabricante confiable desde 1994. Obtenga su cotizaci\u00f3n de f\u00e1brica B2B para nuestros productos el\u00e9ctricos de bajo voltaje certificados.","robots":{"index":"index","follow":"follow","max-snippet":"max-snippet:-1","max-image-preview":"max-image-preview:large","max-video-preview":"max-video-preview:-1"},"canonical":"https:\/\/www.tosunlux.eu\/es\/products\/tsm4e-electronic-type-moulded-case-circuit-breaker\/","og_locale":"es_ES","og_type":"article","og_title":"WholesaleTSM4E Electronic Type Moulded Case Circuit Breaker - TOSUNlux Official Site - Electrical Circuit Breaker Manufacturer in China Low Voltage Electrical Supplier | TOSUNlux","og_description":"TSM4E Electronic Type Moulded Case Circuit Breaker Supplier - Wholesale direct from TOSUNlux, a trusted manufacturer since 1994. Get your B2B factory quote on our certified Low Voltage electrical products.","og_url":"https:\/\/www.tosunlux.eu\/es\/products\/tsm4e-electronic-type-moulded-case-circuit-breaker\/","og_site_name":"TOSUNlux Official Site - Electrical Circuit Breaker Manufacturer in China","article_publisher":"https:\/\/www.facebook.com\/TOSUNelectric\/","article_modified_time":"2025-01-09T05:47:03+00:00","og_image":[{"width":1500,"height":940,"url":"https:\/\/www.tosunlux.eu\/wp-content\/uploads\/2023\/04\/DSC08160_\u526f\u672c.jpg","type":"image\/jpeg"}],"twitter_card":"summary_large_image","twitter_misc":{"Tiempo de lectura":"2 minutos"},"schema":{"@context":"https:\/\/schema.org","@graph":[{"@type":"WebPage","@id":"https:\/\/www.tosunlux.eu\/am\/products\/tsm4e-electronic-type-moulded-case-circuit-breaker\/","url":"https:\/\/www.tosunlux.eu\/am\/products\/tsm4e-electronic-type-moulded-case-circuit-breaker\/","name":"Disyuntor electr\u00f3nico de caja moldeada TSM4E al por mayor - Sitio oficial de TOSUNlux - Fabricante de disyuntores el\u00e9ctricos en China, proveedor de equipos el\u00e9ctricos de baja tensi\u00f3n | TOSUNlux","isPartOf":{"@id":"https:\/\/www.tosunlux.eu\/ru\/#website"},"datePublished":"2023-09-12T02:22:30+00:00","dateModified":"2025-01-09T05:47:03+00:00","description":"Proveedor de interruptores autom\u00e1ticos de caja moldeada tipo electr\u00f3nico TSM4E: venta al por mayor directa de TOSUNlux, un fabricante confiable desde 1994. Obtenga su cotizaci\u00f3n de f\u00e1brica B2B para nuestros productos el\u00e9ctricos de bajo voltaje certificados.","breadcrumb":{"@id":"https:\/\/www.tosunlux.eu\/am\/products\/tsm4e-electronic-type-moulded-case-circuit-breaker\/#breadcrumb"},"inLanguage":"es","potentialAction":[{"@type":"ReadAction","target":["https:\/\/www.tosunlux.eu\/am\/products\/tsm4e-electronic-type-moulded-case-circuit-breaker\/"]}]},{"@type":"BreadcrumbList","@id":"https:\/\/www.tosunlux.eu\/am\/products\/tsm4e-electronic-type-moulded-case-circuit-breaker\/#breadcrumb","itemListElement":[{"@type":"ListItem","position":1,"name":"Home","item":"https:\/\/www.tosunlux.eu\/ru\/"},{"@type":"ListItem","position":2,"name":"Products","item":"https:\/\/www.tosunlux.eu\/products\/"},{"@type":"ListItem","position":3,"name":"TSM4E Electronic Type Moulded Case Circuit Breaker"}]},{"@type":"WebSite","@id":"https:\/\/www.tosunlux.eu\/ru\/#website","url":"https:\/\/www.tosunlux.eu\/ru\/","name":"Sitio oficial de TOSUNlux - Fabricante de disyuntores el\u00e9ctricos en China","description":"Proveedor de sistemas de distribuci\u00f3n de energ\u00eda","publisher":{"@id":"https:\/\/www.tosunlux.eu\/ru\/#organization"},"alternateName":"TOSUNlux","potentialAction":[{"@type":"SearchAction","target":{"@type":"EntryPoint","urlTemplate":"https:\/\/www.tosunlux.eu\/ru\/?s={search_term_string}"},"query-input":{"@type":"PropertyValueSpecification","valueRequired":true,"valueName":"search_term_string"}}],"inLanguage":"es"},{"@type":"Organization","@id":"https:\/\/www.tosunlux.eu\/ru\/#organization","name":"TOSUNlux","url":"https:\/\/www.tosunlux.eu\/ru\/","logo":{"@type":"ImageObject","inLanguage":"es","@id":"https:\/\/www.tosunlux.eu\/ru\/#\/schema\/logo\/image\/","url":"https:\/\/www.tosunlux.eu\/wp-content\/uploads\/2022\/01\/LOGOSYSM.71762f1.png","contentUrl":"https:\/\/www.tosunlux.eu\/wp-content\/uploads\/2022\/01\/LOGOSYSM.71762f1.png","width":153,"height":55,"caption":"TOSUNlux"},"image":{"@id":"https:\/\/www.tosunlux.eu\/ru\/#\/schema\/logo\/image\/"},"sameAs":["https:\/\/www.facebook.com\/TOSUNelectric\/","https:\/\/www.linkedin.com\/company\/wenzhou-tosun-electric-co.-ltd\/"]}]}},"_links":{"self":[{"href":"https:\/\/www.tosunlux.eu\/es\/wp-json\/wp\/v2\/product\/7953","targetHints":{"allow":["GET"]}}],"collection":[{"href":"https:\/\/www.tosunlux.eu\/es\/wp-json\/wp\/v2\/product"}],"about":[{"href":"https:\/\/www.tosunlux.eu\/es\/wp-json\/wp\/v2\/types\/product"}],"version-history":[{"count":2,"href":"https:\/\/www.tosunlux.eu\/es\/wp-json\/wp\/v2\/product\/7953\/revisions"}],"predecessor-version":[{"id":12227,"href":"https:\/\/www.tosunlux.eu\/es\/wp-json\/wp\/v2\/product\/7953\/revisions\/12227"}],"wp:attachment":[{"href":"https:\/\/www.tosunlux.eu\/es\/wp-json\/wp\/v2\/media?parent=7953"}],"wp:term":[{"taxonomy":"product_category","embeddable":true,"href":"https:\/\/www.tosunlux.eu\/es\/wp-json\/wp\/v2\/product_category?post=7953"}],"curies":[{"name":"gracias","href":"https:\/\/api.w.org\/{rel}","templated":true}]}}