{"id":10210,"date":"2024-05-27T16:18:26","date_gmt":"2024-05-27T08:18:26","guid":{"rendered":"https:\/\/www.tosunlux.eu\/?post_type=product&#038;p=10210"},"modified":"2024-11-11T10:24:19","modified_gmt":"2024-11-11T02:24:19","slug":"modular-smart-energy-meter","status":"publish","type":"product","link":"https:\/\/www.tosunlux.eu\/fr\/products\/modular-smart-energy-meter\/","title":{"rendered":"Compteur d&#039;\u00e9nergie intelligent modulaire"},"content":{"rendered":"<p><strong>Application<\/strong><\/p>\n\n\n\n<p>Le compteur d&#039;\u00e9nergie intelligent modulaire TDP8-63 est une sorte de dernier compteur et protecteur d&#039;\u00e9nergie domestique. Le produit est g\u00e9n\u00e9ralement install\u00e9 dans les maisons de location pour mesurer la consommation d&#039;\u00e9nergie. Les administrateurs peuvent surveiller la consommation d&#039;\u00e9nergie dans APP et contr\u00f4ler le circuit de ces maisons \u00e0 distance lorsque cela est n\u00e9cessaire. Dans le m\u00eame temps, le produit dispose de nombreux types de fonctions de protection. Il peut d\u00e9connecter le circuit \u00e0 temps pour prot\u00e9ger les appareils \u00e9lectriques en cas de surintensit\u00e9, de surtension, de sous-tension ou de courant r\u00e9siduel dans le circuit. Les utilisateurs peuvent ajuster eux-m\u00eames les param\u00e8tres \u00e0 contr\u00f4ler en cons\u00e9quence. Le produit peut \u00e9galement \u00eatre d\u00e9fini comme minuterie programm\u00e9e ou minuterie en boucle.<\/p>\n\n\n\n<p><strong>sp\u00e9cification<\/strong><\/p>\n\n\n\n<figure class=\"wp-block-table\"><table><tbody><tr><td>Tension nominale<\/td><td>220 VCA<\/td><\/tr><tr><td>Plage de tension de fonctionnement<\/td><td>85-300 VCA<\/td><\/tr><tr><td>Plage de mesure d&#039;\u00e9nergie<\/td><td>0-99999,9 kWh<\/td><\/tr><tr><td>Valeur de coupure de surintensit\u00e9<\/td><td>1-63A<\/td><\/tr><tr><td>Valeur de coupure de surtension<\/td><td>110-300V (r\u00e9glable)<\/td><\/tr><tr><td>Valeur de coupure en cas de sous-tension<\/td><td>85-220 V (r\u00e9glable)<\/td><\/tr><tr><td>Sensibilit\u00e9 aux fuites \u00e0 la terre<\/td><td>10 mA-300 mA (cette fonction peut \u00eatre d\u00e9sactiv\u00e9e)<\/td><\/tr><tr><td>Erreur de sensibilit\u00e9 de fuite \u00e0 la terre<\/td><td>2%<\/td><\/tr><tr><td>\uff1eU et \uff1cU Temporisation de d\u00e9clenchement<\/td><td>1-30s<\/td><\/tr><tr><td>Temporisation de r\u00e9initialisation\/d\u00e9marrage<\/td><td>1s-500s (r\u00e9glable) (valeur par d\u00e9faut\u00a0: 5s)<\/td><\/tr><tr><td>Erreur de mesure de tension<\/td><td>1%<\/td><\/tr><tr><td>Tension d&#039;isolation nominale<\/td><td>400 VCA<\/td><\/tr><tr><td>Altitude<\/td><td>\u22642000m<\/td><\/tr><tr><td>Temp\u00e9rature ambiante<\/td><td>-30\u00b0C -70\u00b0C<\/td><\/tr><\/tbody><\/table><\/figure>\n\n\n\n<p><strong>Dimensions<\/strong><\/p>\n\n\n\n<figure class=\"wp-block-image size-full\"><img fetchpriority=\"high\" decoding=\"async\" width=\"874\" height=\"363\" src=\"https:\/\/www.tosunlux.eu\/wp-content\/uploads\/2024\/05\/1-2.jpg\" alt=\"\" class=\"wp-image-10211\" srcset=\"https:\/\/www.tosunlux.eu\/wp-content\/uploads\/2024\/05\/1-2.jpg 874w, https:\/\/www.tosunlux.eu\/wp-content\/uploads\/2024\/05\/1-2-300x125.jpg 300w, https:\/\/www.tosunlux.eu\/wp-content\/uploads\/2024\/05\/1-2-768x319.jpg 768w, https:\/\/www.tosunlux.eu\/wp-content\/uploads\/2024\/05\/1-2-18x7.jpg 18w\" sizes=\"(max-width: 874px) 100vw, 874px\" \/><\/figure>","protected":false},"parent":0,"template":"","product_category":[75,207],"class_list":["post-10210","product","type-product","status-publish","hentry","product_category-instruments","product_category-modular-smart-energy-meter"],"yoast_head":"<!-- This site is optimized with the Yoast SEO plugin v27.5 - https:\/\/yoast.com\/product\/yoast-seo-wordpress\/ -->\n<title>WholesaleModular Smart Energy Meter - TOSUNlux Official Site - Electrical Circuit Breaker Manufacturer in China Low Voltage Electrical Supplier | TOSUNlux<\/title>\n<meta name=\"description\" content=\"Modular Smart Energy Meter Supplier - Wholesale direct from TOSUNlux, a trusted manufacturer since 1994. Get your B2B factory quote on our certified Low Voltage electrical products.\" \/>\n<meta name=\"robots\" content=\"index, follow, max-snippet:-1, max-image-preview:large, max-video-preview:-1\" \/>\n<link rel=\"canonical\" href=\"https:\/\/www.tosunlux.eu\/fr\/products\/modular-smart-energy-meter\/\" \/>\n<meta property=\"og:locale\" content=\"fr_FR\" \/>\n<meta property=\"og:type\" content=\"article\" \/>\n<meta property=\"og:title\" content=\"WholesaleModular Smart Energy Meter - TOSUNlux Official Site - Electrical Circuit Breaker Manufacturer in China Low Voltage Electrical Supplier | TOSUNlux\" \/>\n<meta property=\"og:description\" content=\"Modular Smart Energy Meter Supplier - Wholesale direct from TOSUNlux, a trusted manufacturer since 1994. Get your B2B factory quote on our certified Low Voltage electrical products.\" \/>\n<meta property=\"og:url\" content=\"https:\/\/www.tosunlux.eu\/fr\/products\/modular-smart-energy-meter\/\" \/>\n<meta property=\"og:site_name\" content=\"TOSUNlux Official Site - Electrical Circuit Breaker Manufacturer in China\" \/>\n<meta property=\"article:publisher\" content=\"https:\/\/www.facebook.com\/TOSUNelectric\/\" \/>\n<meta property=\"article:modified_time\" content=\"2024-11-11T02:24:19+00:00\" \/>\n<meta property=\"og:image\" content=\"https:\/\/www.tosunlux.eu\/wp-content\/uploads\/2024\/05\/1-2.jpg\" \/>\n<meta name=\"twitter:card\" content=\"summary_large_image\" \/>\n<meta name=\"twitter:label1\" content=\"Dur\u00e9e de lecture estim\u00e9e\" \/>\n\t<meta name=\"twitter:data1\" content=\"2 minutes\" \/>\n<script type=\"application\/ld+json\" class=\"yoast-schema-graph\">{\"@context\":\"https:\\\/\\\/schema.org\",\"@graph\":[{\"@type\":\"WebPage\",\"@id\":\"https:\\\/\\\/www.tosunlux.eu\\\/hi\\\/products\\\/modular-smart-energy-meter\\\/\",\"url\":\"https:\\\/\\\/www.tosunlux.eu\\\/hi\\\/products\\\/modular-smart-energy-meter\\\/\",\"name\":\"WholesaleModular Smart Energy Meter - TOSUNlux Official Site - Electrical Circuit Breaker Manufacturer in China Low Voltage Electrical Supplier | TOSUNlux\",\"isPartOf\":{\"@id\":\"https:\\\/\\\/www.tosunlux.eu\\\/ru\\\/#website\"},\"primaryImageOfPage\":{\"@id\":\"https:\\\/\\\/www.tosunlux.eu\\\/hi\\\/products\\\/modular-smart-energy-meter\\\/#primaryimage\"},\"image\":{\"@id\":\"https:\\\/\\\/www.tosunlux.eu\\\/hi\\\/products\\\/modular-smart-energy-meter\\\/#primaryimage\"},\"thumbnailUrl\":\"https:\\\/\\\/www.tosunlux.eu\\\/wp-content\\\/uploads\\\/2024\\\/05\\\/1-2.jpg\",\"datePublished\":\"2024-05-27T08:18:26+00:00\",\"dateModified\":\"2024-11-11T02:24:19+00:00\",\"description\":\"Modular Smart Energy Meter Supplier - Wholesale direct from TOSUNlux, a trusted manufacturer since 1994. Get your B2B factory quote on our certified Low Voltage electrical products.\",\"breadcrumb\":{\"@id\":\"https:\\\/\\\/www.tosunlux.eu\\\/hi\\\/products\\\/modular-smart-energy-meter\\\/#breadcrumb\"},\"inLanguage\":\"fr-FR\",\"potentialAction\":[{\"@type\":\"ReadAction\",\"target\":[\"https:\\\/\\\/www.tosunlux.eu\\\/hi\\\/products\\\/modular-smart-energy-meter\\\/\"]}]},{\"@type\":\"ImageObject\",\"inLanguage\":\"fr-FR\",\"@id\":\"https:\\\/\\\/www.tosunlux.eu\\\/hi\\\/products\\\/modular-smart-energy-meter\\\/#primaryimage\",\"url\":\"https:\\\/\\\/www.tosunlux.eu\\\/wp-content\\\/uploads\\\/2024\\\/05\\\/1-2.jpg\",\"contentUrl\":\"https:\\\/\\\/www.tosunlux.eu\\\/wp-content\\\/uploads\\\/2024\\\/05\\\/1-2.jpg\"},{\"@type\":\"BreadcrumbList\",\"@id\":\"https:\\\/\\\/www.tosunlux.eu\\\/hi\\\/products\\\/modular-smart-energy-meter\\\/#breadcrumb\",\"itemListElement\":[{\"@type\":\"ListItem\",\"position\":1,\"name\":\"Home\",\"item\":\"https:\\\/\\\/www.tosunlux.eu\\\/ru\\\/\"},{\"@type\":\"ListItem\",\"position\":2,\"name\":\"Products\",\"item\":\"https:\\\/\\\/www.tosunlux.eu\\\/products\\\/\"},{\"@type\":\"ListItem\",\"position\":3,\"name\":\"Modular Smart Energy Meter\"}]},{\"@type\":\"WebSite\",\"@id\":\"https:\\\/\\\/www.tosunlux.eu\\\/ru\\\/#website\",\"url\":\"https:\\\/\\\/www.tosunlux.eu\\\/ru\\\/\",\"name\":\"TOSUNlux Official Site - Electrical Circuit Breaker Manufacturer in China\",\"description\":\"Power Distribution System Supplier\",\"publisher\":{\"@id\":\"https:\\\/\\\/www.tosunlux.eu\\\/ru\\\/#organization\"},\"alternateName\":\"TOSUNlux\",\"potentialAction\":[{\"@type\":\"SearchAction\",\"target\":{\"@type\":\"EntryPoint\",\"urlTemplate\":\"https:\\\/\\\/www.tosunlux.eu\\\/ru\\\/?s={search_term_string}\"},\"query-input\":{\"@type\":\"PropertyValueSpecification\",\"valueRequired\":true,\"valueName\":\"search_term_string\"}}],\"inLanguage\":\"fr-FR\"},{\"@type\":\"Organization\",\"@id\":\"https:\\\/\\\/www.tosunlux.eu\\\/ru\\\/#organization\",\"name\":\"TOSUNlux\",\"url\":\"https:\\\/\\\/www.tosunlux.eu\\\/ru\\\/\",\"logo\":{\"@type\":\"ImageObject\",\"inLanguage\":\"fr-FR\",\"@id\":\"https:\\\/\\\/www.tosunlux.eu\\\/ru\\\/#\\\/schema\\\/logo\\\/image\\\/\",\"url\":\"https:\\\/\\\/www.tosunlux.eu\\\/wp-content\\\/uploads\\\/2022\\\/01\\\/LOGOSYSM.71762f1.png\",\"contentUrl\":\"https:\\\/\\\/www.tosunlux.eu\\\/wp-content\\\/uploads\\\/2022\\\/01\\\/LOGOSYSM.71762f1.png\",\"width\":153,\"height\":55,\"caption\":\"TOSUNlux\"},\"image\":{\"@id\":\"https:\\\/\\\/www.tosunlux.eu\\\/ru\\\/#\\\/schema\\\/logo\\\/image\\\/\"},\"sameAs\":[\"https:\\\/\\\/www.facebook.com\\\/TOSUNelectric\\\/\",\"https:\\\/\\\/www.linkedin.com\\\/company\\\/wenzhou-tosun-electric-co.-ltd\\\/\"]}]}<\/script>\n<!-- \/ Yoast SEO plugin. -->","yoast_head_json":{"title":"Compteur d&#039;\u00e9nergie intelligent modulaire en gros - Site officiel de TOSUNlux - Fabricant de disjoncteurs \u00e9lectriques en Chine Fournisseur d&#039;\u00e9lectricit\u00e9 basse tension | TOSUNlux","description":"Fournisseur de compteurs d&#039;\u00e9nergie intelligents modulaires - Vente en gros directement de TOSUNlux, un fabricant de confiance depuis 1994. Obtenez votre devis d&#039;usine B2B sur nos produits \u00e9lectriques basse tension certifi\u00e9s.","robots":{"index":"index","follow":"follow","max-snippet":"max-snippet:-1","max-image-preview":"max-image-preview:large","max-video-preview":"max-video-preview:-1"},"canonical":"https:\/\/www.tosunlux.eu\/fr\/products\/modular-smart-energy-meter\/","og_locale":"fr_FR","og_type":"article","og_title":"WholesaleModular Smart Energy Meter - TOSUNlux Official Site - Electrical Circuit Breaker Manufacturer in China Low Voltage Electrical Supplier | TOSUNlux","og_description":"Modular Smart Energy Meter Supplier - Wholesale direct from TOSUNlux, a trusted manufacturer since 1994. Get your B2B factory quote on our certified Low Voltage electrical products.","og_url":"https:\/\/www.tosunlux.eu\/fr\/products\/modular-smart-energy-meter\/","og_site_name":"TOSUNlux Official Site - Electrical Circuit Breaker Manufacturer in China","article_publisher":"https:\/\/www.facebook.com\/TOSUNelectric\/","article_modified_time":"2024-11-11T02:24:19+00:00","og_image":[{"url":"https:\/\/www.tosunlux.eu\/wp-content\/uploads\/2024\/05\/1-2.jpg","type":"","width":"","height":""}],"twitter_card":"summary_large_image","twitter_misc":{"Dur\u00e9e de lecture estim\u00e9e":"2 minutes"},"schema":{"@context":"https:\/\/schema.org","@graph":[{"@type":"WebPage","@id":"https:\/\/www.tosunlux.eu\/hi\/products\/modular-smart-energy-meter\/","url":"https:\/\/www.tosunlux.eu\/hi\/products\/modular-smart-energy-meter\/","name":"Compteur d&#039;\u00e9nergie intelligent modulaire en gros - Site officiel de TOSUNlux - Fabricant de disjoncteurs \u00e9lectriques en Chine Fournisseur d&#039;\u00e9lectricit\u00e9 basse tension | TOSUNlux","isPartOf":{"@id":"https:\/\/www.tosunlux.eu\/ru\/#website"},"primaryImageOfPage":{"@id":"https:\/\/www.tosunlux.eu\/hi\/products\/modular-smart-energy-meter\/#primaryimage"},"image":{"@id":"https:\/\/www.tosunlux.eu\/hi\/products\/modular-smart-energy-meter\/#primaryimage"},"thumbnailUrl":"https:\/\/www.tosunlux.eu\/wp-content\/uploads\/2024\/05\/1-2.jpg","datePublished":"2024-05-27T08:18:26+00:00","dateModified":"2024-11-11T02:24:19+00:00","description":"Fournisseur de compteurs d&#039;\u00e9nergie intelligents modulaires - Vente en gros directement de TOSUNlux, un fabricant de confiance depuis 1994. Obtenez votre devis d&#039;usine B2B sur nos produits \u00e9lectriques basse tension certifi\u00e9s.","breadcrumb":{"@id":"https:\/\/www.tosunlux.eu\/hi\/products\/modular-smart-energy-meter\/#breadcrumb"},"inLanguage":"fr-FR","potentialAction":[{"@type":"ReadAction","target":["https:\/\/www.tosunlux.eu\/hi\/products\/modular-smart-energy-meter\/"]}]},{"@type":"ImageObject","inLanguage":"fr-FR","@id":"https:\/\/www.tosunlux.eu\/hi\/products\/modular-smart-energy-meter\/#primaryimage","url":"https:\/\/www.tosunlux.eu\/wp-content\/uploads\/2024\/05\/1-2.jpg","contentUrl":"https:\/\/www.tosunlux.eu\/wp-content\/uploads\/2024\/05\/1-2.jpg"},{"@type":"BreadcrumbList","@id":"https:\/\/www.tosunlux.eu\/hi\/products\/modular-smart-energy-meter\/#breadcrumb","itemListElement":[{"@type":"ListItem","position":1,"name":"Home","item":"https:\/\/www.tosunlux.eu\/ru\/"},{"@type":"ListItem","position":2,"name":"Products","item":"https:\/\/www.tosunlux.eu\/products\/"},{"@type":"ListItem","position":3,"name":"Modular Smart Energy Meter"}]},{"@type":"WebSite","@id":"https:\/\/www.tosunlux.eu\/ru\/#website","url":"https:\/\/www.tosunlux.eu\/ru\/","name":"Site officiel TOSUNlux - Fabricant de disjoncteurs \u00e9lectriques en Chine","description":"Fournisseur de syst\u00e8me de distribution d&#039;\u00e9nergie","publisher":{"@id":"https:\/\/www.tosunlux.eu\/ru\/#organization"},"alternateName":"TOSUNlux","potentialAction":[{"@type":"SearchAction","target":{"@type":"EntryPoint","urlTemplate":"https:\/\/www.tosunlux.eu\/ru\/?s={search_term_string}"},"query-input":{"@type":"PropertyValueSpecification","valueRequired":true,"valueName":"search_term_string"}}],"inLanguage":"fr-FR"},{"@type":"Organization","@id":"https:\/\/www.tosunlux.eu\/ru\/#organization","name":"TOSUNlux","url":"https:\/\/www.tosunlux.eu\/ru\/","logo":{"@type":"ImageObject","inLanguage":"fr-FR","@id":"https:\/\/www.tosunlux.eu\/ru\/#\/schema\/logo\/image\/","url":"https:\/\/www.tosunlux.eu\/wp-content\/uploads\/2022\/01\/LOGOSYSM.71762f1.png","contentUrl":"https:\/\/www.tosunlux.eu\/wp-content\/uploads\/2022\/01\/LOGOSYSM.71762f1.png","width":153,"height":55,"caption":"TOSUNlux"},"image":{"@id":"https:\/\/www.tosunlux.eu\/ru\/#\/schema\/logo\/image\/"},"sameAs":["https:\/\/www.facebook.com\/TOSUNelectric\/","https:\/\/www.linkedin.com\/company\/wenzhou-tosun-electric-co.-ltd\/"]}]}},"_links":{"self":[{"href":"https:\/\/www.tosunlux.eu\/fr\/wp-json\/wp\/v2\/product\/10210","targetHints":{"allow":["GET"]}}],"collection":[{"href":"https:\/\/www.tosunlux.eu\/fr\/wp-json\/wp\/v2\/product"}],"about":[{"href":"https:\/\/www.tosunlux.eu\/fr\/wp-json\/wp\/v2\/types\/product"}],"version-history":[{"count":1,"href":"https:\/\/www.tosunlux.eu\/fr\/wp-json\/wp\/v2\/product\/10210\/revisions"}],"predecessor-version":[{"id":10215,"href":"https:\/\/www.tosunlux.eu\/fr\/wp-json\/wp\/v2\/product\/10210\/revisions\/10215"}],"wp:attachment":[{"href":"https:\/\/www.tosunlux.eu\/fr\/wp-json\/wp\/v2\/media?parent=10210"}],"wp:term":[{"taxonomy":"product_category","embeddable":true,"href":"https:\/\/www.tosunlux.eu\/fr\/wp-json\/wp\/v2\/product_category?post=10210"}],"curies":[{"name":"wp","href":"https:\/\/api.w.org\/{rel}","templated":true}]}}