{"id":10216,"date":"2024-05-27T17:41:00","date_gmt":"2024-05-27T09:41:00","guid":{"rendered":"https:\/\/www.tosunlux.eu\/?post_type=product&#038;p=10216"},"modified":"2024-05-27T17:41:02","modified_gmt":"2024-05-27T09:41:02","slug":"temperature-controller","status":"publish","type":"product","link":"https:\/\/www.tosunlux.eu\/fr\/products\/temperature-controller\/","title":{"rendered":"Contr\u00f4leur de temp\u00e9rature"},"content":{"rendered":"<p><strong>sp\u00e9cification<\/strong><\/p>\n\n\n<table width=\"712\">\n<tbody>\n<tr>\n<td style=\"text-align: center;\" colspan=\"2\" width=\"225\">Tension nominale<\/td>\n<td style=\"text-align: center;\" width=\"486\">100-240 VCA\/CC, 24 VCA\/CC<\/td>\n<\/tr>\n<tr>\n<td style=\"text-align: center;\" colspan=\"2\" width=\"225\">Plage de tension admissible<\/td>\n<td style=\"text-align: center;\" width=\"486\">90-110% de tension nominale<\/td>\n<\/tr>\n<tr>\n<td style=\"text-align: center;\" colspan=\"2\" width=\"225\">Consommation d&#039;\u00e9nergie<\/td>\n<td style=\"text-align: center;\" width=\"486\">\u22648VA<\/td>\n<\/tr>\n<tr>\n<td style=\"text-align: center;\" rowspan=\"2\" width=\"153\">Type d&#039;entr\u00e9e<\/td>\n<td style=\"text-align: center;\" width=\"72\">CT<\/td>\n<td style=\"text-align: center;\" width=\"486\">KEJNTSRB<\/td>\n<\/tr>\n<tr>\n<td style=\"text-align: center;\" width=\"72\">RDT<\/td>\n<td style=\"text-align: center;\" width=\"486\">Pt100Cu50<\/td>\n<\/tr>\n<tr>\n<td style=\"text-align: center;\" colspan=\"2\" width=\"225\">Pr\u00e9cision d&#039;affichage<\/td>\n<td style=\"text-align: center;\" width=\"486\">\u00b10,5%<\/td>\n<\/tr>\n<tr>\n<td style=\"text-align: center;\" rowspan=\"2\" width=\"153\">Le type de sortie<\/td>\n<td style=\"text-align: center;\" width=\"72\">Relais<\/td>\n<td style=\"text-align: center;\" width=\"486\">250VCA~3A 30VCC 3A 1NO 1NC<\/td>\n<\/tr>\n<tr>\n<td style=\"text-align: center;\" width=\"72\">RSS<\/td>\n<td style=\"text-align: center;\" width=\"486\">12 V CC \u00b12 V, \u226420 mA<\/td>\n<\/tr>\n<tr>\n<td style=\"text-align: center;\" width=\"153\">Sortie d&#039;alarme<\/td>\n<td style=\"text-align: center;\" width=\"72\">Relais<\/td>\n<td style=\"text-align: center;\" width=\"486\">\u00a0\u00a0\u00a0\u00a0\u00a0\u00a0\u00a0\u00a0\u00a0\u00a0\u00a0\u00a0\u00a0\u00a0\u00a0\u00a0\u00a0\u00a0\u00a0\u00a0\u00a0\u00a0\u00a0\u00a0\u00a0\u00a0\u00a0\u00a0\u00a0\u00a0\u00a0\u00a0\u00a0\u00a0\u00a0\u00a0\u00a0\u00a0\u00a0\u00a0\u00a0\u00a0\u00a0\u00a0\u00a0\u00a0\u00a0\u00a0\u00a0\u00a0Alarme l\u00a0: 250VAC ~ 3A 1NO\u00a0\u00a0\u00a0\u00a0\u00a0\u00a0\u00a0\u00a0\u00a0\u00a0\u00a0\u00a0\u00a0\u00a0\u00a0\u00a0\u00a0\u00a0\u00a0\u00a0\u00a0\u00a0\u00a0\u00a0\u00a0\u00a0\u00a0\u00a0\u00a0\u00a0\u00a0\u00a0\u00a0\u00a0\u00a0\u00a0\u00a0\u00a0\u00a0\u00a0\u00a0\u00a0\u00a0\u00a0\u00a0\u00a0\u00a0\u00a0\u00a0\u00a0\u00a0<br \/>2Alarme 1\/2\u00a0: 250VAC~3A 2NO<\/td>\n<\/tr>\n<tr>\n<td style=\"text-align: center;\" colspan=\"2\" width=\"225\">Type de contr\u00f4le<\/td>\n<td style=\"text-align: center;\" width=\"486\">Marche\/arr\u00eat, contr\u00f4le PID<\/td>\n<\/tr>\n<tr>\n<td style=\"text-align: center;\" colspan=\"2\" width=\"225\">P\u00e9riode d&#039;\u00e9chantillonnage<\/td>\n<td style=\"text-align: center;\" width=\"486\">100 ms<\/td>\n<\/tr>\n<tr>\n<td style=\"text-align: center;\" rowspan=\"2\" width=\"153\">Cycle de vie du relais<\/td>\n<td style=\"text-align: center;\" width=\"72\">M\u00e9canique<\/td>\n<td style=\"text-align: center;\" width=\"486\">\u22652 500 000 op\u00e9rations<\/td>\n<\/tr>\n<tr>\n<td style=\"text-align: center;\" width=\"72\">\u00c9lectrique<\/td>\n<td style=\"text-align: center;\" width=\"486\">\u2265100 000 op\u00e9rations (charge de r\u00e9sistance : 250VAC~3A)<\/td>\n<\/tr>\n<tr>\n<td style=\"text-align: center;\" colspan=\"2\" width=\"225\">R\u00e9sistance di\u00e9lectrique<\/td>\n<td style=\"text-align: center;\" width=\"486\">Entre toutes les bornes et le bo\u00eetier\u00a0: 3000VAC ~ 50\/60Hz pendant 1 min<\/td>\n<\/tr>\n<tr>\n<td style=\"text-align: center;\" colspan=\"2\" width=\"225\">Vibration<\/td>\n<td style=\"text-align: center;\" width=\"486\">Amplitude de 0,75 mm \u00e0 une fr\u00e9quence de 5 \u00e0 55 Hz (pendant 1 min.) dans chaque direction X, Y, Z pendant 2 heures<\/td>\n<\/tr>\n<tr>\n<td style=\"text-align: center;\" colspan=\"2\" width=\"225\">R\u00e9sistance d&#039;isolation<\/td>\n<td style=\"text-align: center;\" width=\"486\">\u2265100M (megger 500VDC)<\/td>\n<\/tr>\n<tr>\n<td style=\"text-align: center;\" colspan=\"2\" width=\"225\">Immunit\u00e9 au bruit<\/td>\n<td style=\"text-align: center;\" width=\"486\">Bruit de forme carr\u00e9e \u00b1 2 kv (largeur d&#039;impulsion lus) par simulateur de bruit phase R, phase S<\/td>\n<\/tr>\n<tr>\n<td style=\"text-align: center;\" colspan=\"2\" width=\"225\">R\u00e9tention de m\u00e9moire<\/td>\n<td style=\"text-align: center;\" width=\"486\">10 ans (type m\u00e9moire \u00e0 semi-conducteur non volatile)<\/td>\n<\/tr>\n<tr>\n<td style=\"text-align: center;\" colspan=\"2\" width=\"225\">Temp\u00e9rature ambiante<\/td>\n<td style=\"text-align: center;\" width=\"486\">-10 ~ 50 \u00b0C, stockage : -20 ~ 60 \u00b0C (pas de gel ni de condensation)<\/td>\n<\/tr>\n<tr>\n<td style=\"text-align: center;\" colspan=\"2\" width=\"225\">Humidit\u00e9 ambiante<\/td>\n<td style=\"text-align: center;\" width=\"486\">35%~85%RH, stockage : 35%~85%RH (pas de gel ni de condensation)<\/td>\n<\/tr>\n<\/tbody>\n<\/table>\n\n\n<p><strong>Dimension<\/strong><\/p>\n\n\n\n<figure class=\"wp-block-image size-full\"><img fetchpriority=\"high\" decoding=\"async\" width=\"518\" height=\"529\" src=\"https:\/\/www.tosunlux.eu\/wp-content\/uploads\/2024\/05\/2.jpg\" alt=\"\" class=\"wp-image-10217\" srcset=\"https:\/\/www.tosunlux.eu\/wp-content\/uploads\/2024\/05\/2.jpg 518w, https:\/\/www.tosunlux.eu\/wp-content\/uploads\/2024\/05\/2-294x300.jpg 294w, https:\/\/www.tosunlux.eu\/wp-content\/uploads\/2024\/05\/2-12x12.jpg 12w\" sizes=\"(max-width: 518px) 100vw, 518px\" \/><\/figure>\n\n\n<table style=\"border-collapse: collapse; width: 842px; height: 210px;\" border=\"0\" width=\"504\" cellspacing=\"0\" cellpadding=\"0\">\n<tbody>\n<tr style=\"height: 17.25pt;\">\n<td class=\"et2\" style=\"height: 17.25pt; width: 56.00pt;\" width=\"74\" height=\"23\">\u00a0<\/td>\n<td class=\"et3\" style=\"width: 179pt; border-right: 0.5pt solid #231916; text-align: center;\" colspan=\"5\" width=\"238\"><span class=\"font2\">Corps<\/span><\/td>\n<td class=\"et6\" style=\"width: 143pt; border-right: 0.5pt solid #231916; text-align: center;\" colspan=\"4\" width=\"190\"><span class=\"font2\">D\u00e9coupe du panneau<\/span><\/td>\n<\/tr>\n<tr style=\"height: 17.25pt;\">\n<td class=\"et2\" style=\"height: 17.25pt; width: 56pt; text-align: center;\" width=\"74\" height=\"23\">\u00a0<\/td>\n<td class=\"et8\" style=\"width: 36pt; text-align: center;\" width=\"48\"><span class=\"font2\">UN<\/span><\/td>\n<td class=\"et8\" style=\"width: 36pt; text-align: center;\" width=\"48\"><span class=\"font2\">B<\/span><\/td>\n<td class=\"et8\" style=\"width: 35pt; text-align: center;\" width=\"46\"><span class=\"font2\">C<\/span><\/td>\n<td class=\"et8\" style=\"width: 36pt; text-align: center;\" width=\"48\"><span class=\"font2\">D<\/span><\/td>\n<td class=\"et8\" style=\"width: 36pt; text-align: center;\" width=\"48\"><span class=\"font2\">E<\/span><\/td>\n<td class=\"et9\" style=\"width: 36pt; text-align: center;\" width=\"48\"><span class=\"font2\">F<\/span><\/td>\n<td class=\"et8\" style=\"width: 35pt; text-align: center;\" width=\"46\"><span class=\"font2\">g<\/span><\/td>\n<td class=\"et8\" style=\"width: 36pt; text-align: center;\" width=\"48\"><span class=\"font2\">H<\/span><\/td>\n<td class=\"et8\" style=\"width: 36pt; text-align: center;\" width=\"48\"><span class=\"font2\">je<\/span><\/td>\n<\/tr>\n<tr style=\"height: 17.25pt;\">\n<td class=\"et10\" style=\"height: 17.25pt; width: 56.00pt;\" width=\"74\" height=\"23\"><span class=\"font2\">TX4-S<\/span><\/td>\n<td class=\"et11\" style=\"text-align: center;\">48<\/td>\n<td class=\"et11\" style=\"text-align: center;\">48<\/td>\n<td class=\"et11\" style=\"text-align: center;\">3<\/td>\n<td class=\"et11\" style=\"text-align: center;\">50<\/td>\n<td class=\"et12\" style=\"text-align: center;\">44.5<\/td>\n<td class=\"et13\" style=\"text-align: center;\">\u226570<\/td>\n<td class=\"et11\" style=\"text-align: center;\">\u00a0\u226570<\/td>\n<td class=\"et11\" style=\"text-align: center;\">45<\/td>\n<td class=\"et11\" style=\"text-align: center;\">45<\/td>\n<\/tr>\n<tr style=\"height: 17.25pt;\">\n<td class=\"et10\" style=\"height: 17.25pt; width: 56.00pt;\" width=\"74\" height=\"23\"><span class=\"font2\">TX4-H<\/span><\/td>\n<td class=\"et11\" style=\"text-align: center;\">48<\/td>\n<td class=\"et11\" style=\"text-align: center;\">96<\/td>\n<td class=\"et11\" style=\"text-align: center;\">3<\/td>\n<td class=\"et11\" style=\"text-align: center;\">50<\/td>\n<td class=\"et11\" style=\"text-align: center;\">91<\/td>\n<td class=\"et13\" style=\"text-align: center;\">\u00a0\u226570<\/td>\n<td class=\"et11\" style=\"text-align: center;\">\u00a0\u2265120<\/td>\n<td class=\"et11\" style=\"text-align: center;\">45<\/td>\n<td class=\"et11\" style=\"text-align: center;\">92<\/td>\n<\/tr>\n<tr style=\"height: 17.25pt;\">\n<td class=\"et10\" style=\"height: 17.25pt; width: 56pt; text-align: left;\" width=\"74\" height=\"23\"><span class=\"font2\">TX4-W<\/span><\/td>\n<td class=\"et11\" style=\"text-align: center;\">96<\/td>\n<td class=\"et11\" style=\"text-align: center;\">48<\/td>\n<td class=\"et11\" style=\"text-align: center;\">3<\/td>\n<td class=\"et11\" style=\"text-align: center;\">50<\/td>\n<td class=\"et12\" style=\"text-align: center;\">44.5<\/td>\n<td class=\"et14\" style=\"text-align: center;\">\u00a0\u2265120<\/td>\n<td class=\"et11\" style=\"text-align: center;\">\u00a0\u226570<\/td>\n<td class=\"et11\" style=\"text-align: center;\">92<\/td>\n<td class=\"et11\" style=\"text-align: center;\">45<\/td>\n<\/tr>\n<tr style=\"height: 17.25pt;\">\n<td class=\"et10\" style=\"height: 17.25pt; width: 56.00pt;\" width=\"74\" height=\"23\"><span class=\"font2\">TX4-M<\/span><\/td>\n<td class=\"et11\" style=\"text-align: center;\">72<\/td>\n<td class=\"et11\" style=\"text-align: center;\">72<\/td>\n<td class=\"et11\" style=\"text-align: center;\">3<\/td>\n<td class=\"et11\" style=\"text-align: center;\">50<\/td>\n<td class=\"et11\" style=\"text-align: center;\">67<\/td>\n<td class=\"et13\" style=\"text-align: center;\">\u00a0\u226595<\/td>\n<td class=\"et11\" style=\"text-align: center;\">\u00a0\u226595<\/td>\n<td class=\"et11\" style=\"text-align: center;\">68<\/td>\n<td class=\"et11\" style=\"text-align: center;\">68<\/td>\n<\/tr>\n<tr style=\"height: 17.25pt;\">\n<td class=\"et10\" style=\"height: 17.25pt; width: 56pt; text-align: left;\" width=\"74\" height=\"23\"><span class=\"font2\">TX4-L<\/span><\/td>\n<td class=\"et11\" style=\"text-align: center;\">96<\/td>\n<td class=\"et11\" style=\"text-align: center;\">96<\/td>\n<td class=\"et11\" style=\"text-align: center;\">3<\/td>\n<td class=\"et11\" style=\"text-align: center;\">50<\/td>\n<td class=\"et11\" style=\"text-align: center;\">91<\/td>\n<td class=\"et14\" style=\"text-align: center;\">\u00a0\u2265120<\/td>\n<td class=\"et11\" style=\"text-align: center;\">\u00a0\u2265120<\/td>\n<td class=\"et11\" style=\"text-align: center;\">92<\/td>\n<td class=\"et11\" style=\"text-align: center;\">92<\/td>\n<\/tr>\n<\/tbody>\n<\/table>","protected":false},"parent":0,"template":"","product_category":[75,127],"class_list":["post-10216","product","type-product","status-publish","hentry","product_category-instruments","product_category-temperature-controller"],"yoast_head":"<!-- This site is optimized with the Yoast SEO plugin v27.5 - https:\/\/yoast.com\/product\/yoast-seo-wordpress\/ -->\n<title>WholesaleTemperature Controller - TOSUNlux Official Site - Electrical Circuit Breaker Manufacturer in China Low Voltage Electrical Supplier | TOSUNlux<\/title>\n<meta name=\"description\" content=\"Temperature Controller Supplier - Wholesale direct from TOSUNlux, a trusted manufacturer since 1994. Get your B2B factory quote on our certified Low Voltage electrical products.\" \/>\n<meta name=\"robots\" content=\"index, follow, max-snippet:-1, max-image-preview:large, max-video-preview:-1\" \/>\n<link rel=\"canonical\" href=\"https:\/\/www.tosunlux.eu\/fr\/products\/temperature-controller\/\" \/>\n<meta property=\"og:locale\" content=\"fr_FR\" \/>\n<meta property=\"og:type\" content=\"article\" \/>\n<meta property=\"og:title\" content=\"WholesaleTemperature Controller - TOSUNlux Official Site - Electrical Circuit Breaker Manufacturer in China Low Voltage Electrical Supplier | TOSUNlux\" \/>\n<meta property=\"og:description\" content=\"Temperature Controller Supplier - Wholesale direct from TOSUNlux, a trusted manufacturer since 1994. Get your B2B factory quote on our certified Low Voltage electrical products.\" \/>\n<meta property=\"og:url\" content=\"https:\/\/www.tosunlux.eu\/fr\/products\/temperature-controller\/\" \/>\n<meta property=\"og:site_name\" content=\"TOSUNlux Official Site - Electrical Circuit Breaker Manufacturer in China\" \/>\n<meta property=\"article:publisher\" content=\"https:\/\/www.facebook.com\/TOSUNelectric\/\" \/>\n<meta property=\"article:modified_time\" content=\"2024-05-27T09:41:02+00:00\" \/>\n<meta property=\"og:image\" content=\"https:\/\/www.tosunlux.eu\/wp-content\/uploads\/2024\/05\/2.jpg\" \/>\n<meta name=\"twitter:card\" content=\"summary_large_image\" \/>\n<meta name=\"twitter:label1\" content=\"Dur\u00e9e de lecture estim\u00e9e\" \/>\n\t<meta name=\"twitter:data1\" content=\"2 minutes\" \/>\n<script type=\"application\/ld+json\" class=\"yoast-schema-graph\">{\"@context\":\"https:\\\/\\\/schema.org\",\"@graph\":[{\"@type\":\"WebPage\",\"@id\":\"https:\\\/\\\/www.tosunlux.eu\\\/products\\\/temperature-controller\\\/\",\"url\":\"https:\\\/\\\/www.tosunlux.eu\\\/products\\\/temperature-controller\\\/\",\"name\":\"WholesaleTemperature Controller - TOSUNlux Official Site - Electrical Circuit Breaker Manufacturer in China Low Voltage Electrical Supplier | TOSUNlux\",\"isPartOf\":{\"@id\":\"https:\\\/\\\/www.tosunlux.eu\\\/ru\\\/#website\"},\"primaryImageOfPage\":{\"@id\":\"https:\\\/\\\/www.tosunlux.eu\\\/products\\\/temperature-controller\\\/#primaryimage\"},\"image\":{\"@id\":\"https:\\\/\\\/www.tosunlux.eu\\\/products\\\/temperature-controller\\\/#primaryimage\"},\"thumbnailUrl\":\"https:\\\/\\\/www.tosunlux.eu\\\/wp-content\\\/uploads\\\/2024\\\/05\\\/2.jpg\",\"datePublished\":\"2024-05-27T09:41:00+00:00\",\"dateModified\":\"2024-05-27T09:41:02+00:00\",\"description\":\"Temperature Controller Supplier - Wholesale direct from TOSUNlux, a trusted manufacturer since 1994. Get your B2B factory quote on our certified Low Voltage electrical products.\",\"breadcrumb\":{\"@id\":\"https:\\\/\\\/www.tosunlux.eu\\\/products\\\/temperature-controller\\\/#breadcrumb\"},\"inLanguage\":\"fr-FR\",\"potentialAction\":[{\"@type\":\"ReadAction\",\"target\":[\"https:\\\/\\\/www.tosunlux.eu\\\/products\\\/temperature-controller\\\/\"]}]},{\"@type\":\"ImageObject\",\"inLanguage\":\"fr-FR\",\"@id\":\"https:\\\/\\\/www.tosunlux.eu\\\/products\\\/temperature-controller\\\/#primaryimage\",\"url\":\"https:\\\/\\\/www.tosunlux.eu\\\/wp-content\\\/uploads\\\/2024\\\/05\\\/2.jpg\",\"contentUrl\":\"https:\\\/\\\/www.tosunlux.eu\\\/wp-content\\\/uploads\\\/2024\\\/05\\\/2.jpg\"},{\"@type\":\"BreadcrumbList\",\"@id\":\"https:\\\/\\\/www.tosunlux.eu\\\/products\\\/temperature-controller\\\/#breadcrumb\",\"itemListElement\":[{\"@type\":\"ListItem\",\"position\":1,\"name\":\"Home\",\"item\":\"https:\\\/\\\/www.tosunlux.eu\\\/ru\\\/\"},{\"@type\":\"ListItem\",\"position\":2,\"name\":\"Products\",\"item\":\"https:\\\/\\\/www.tosunlux.eu\\\/products\\\/\"},{\"@type\":\"ListItem\",\"position\":3,\"name\":\"Temperature Controller\"}]},{\"@type\":\"WebSite\",\"@id\":\"https:\\\/\\\/www.tosunlux.eu\\\/ru\\\/#website\",\"url\":\"https:\\\/\\\/www.tosunlux.eu\\\/ru\\\/\",\"name\":\"TOSUNlux Official Site - Electrical Circuit Breaker Manufacturer in China\",\"description\":\"Power Distribution System Supplier\",\"publisher\":{\"@id\":\"https:\\\/\\\/www.tosunlux.eu\\\/ru\\\/#organization\"},\"alternateName\":\"TOSUNlux\",\"potentialAction\":[{\"@type\":\"SearchAction\",\"target\":{\"@type\":\"EntryPoint\",\"urlTemplate\":\"https:\\\/\\\/www.tosunlux.eu\\\/ru\\\/?s={search_term_string}\"},\"query-input\":{\"@type\":\"PropertyValueSpecification\",\"valueRequired\":true,\"valueName\":\"search_term_string\"}}],\"inLanguage\":\"fr-FR\"},{\"@type\":\"Organization\",\"@id\":\"https:\\\/\\\/www.tosunlux.eu\\\/ru\\\/#organization\",\"name\":\"TOSUNlux\",\"url\":\"https:\\\/\\\/www.tosunlux.eu\\\/ru\\\/\",\"logo\":{\"@type\":\"ImageObject\",\"inLanguage\":\"fr-FR\",\"@id\":\"https:\\\/\\\/www.tosunlux.eu\\\/ru\\\/#\\\/schema\\\/logo\\\/image\\\/\",\"url\":\"https:\\\/\\\/www.tosunlux.eu\\\/wp-content\\\/uploads\\\/2022\\\/01\\\/LOGOSYSM.71762f1.png\",\"contentUrl\":\"https:\\\/\\\/www.tosunlux.eu\\\/wp-content\\\/uploads\\\/2022\\\/01\\\/LOGOSYSM.71762f1.png\",\"width\":153,\"height\":55,\"caption\":\"TOSUNlux\"},\"image\":{\"@id\":\"https:\\\/\\\/www.tosunlux.eu\\\/ru\\\/#\\\/schema\\\/logo\\\/image\\\/\"},\"sameAs\":[\"https:\\\/\\\/www.facebook.com\\\/TOSUNelectric\\\/\",\"https:\\\/\\\/www.linkedin.com\\\/company\\\/wenzhou-tosun-electric-co.-ltd\\\/\"]}]}<\/script>\n<!-- \/ Yoast SEO plugin. -->","yoast_head_json":{"title":"R\u00e9gulateur de temp\u00e9rature en gros - Site officiel TOSUNlux - Fabricant de disjoncteurs \u00e9lectriques en Chine et fournisseur de mat\u00e9riel \u00e9lectrique basse tension | TOSUNlux","description":"Fournisseur de r\u00e9gulateurs de temp\u00e9rature - Vente en gros directe de TOSUNlux, fabricant de confiance depuis 1994. Demandez un devis B2B directement aupr\u00e8s de notre usine pour nos produits \u00e9lectriques basse tension certifi\u00e9s.","robots":{"index":"index","follow":"follow","max-snippet":"max-snippet:-1","max-image-preview":"max-image-preview:large","max-video-preview":"max-video-preview:-1"},"canonical":"https:\/\/www.tosunlux.eu\/fr\/products\/temperature-controller\/","og_locale":"fr_FR","og_type":"article","og_title":"WholesaleTemperature Controller - TOSUNlux Official Site - Electrical Circuit Breaker Manufacturer in China Low Voltage Electrical Supplier | TOSUNlux","og_description":"Temperature Controller Supplier - Wholesale direct from TOSUNlux, a trusted manufacturer since 1994. Get your B2B factory quote on our certified Low Voltage electrical products.","og_url":"https:\/\/www.tosunlux.eu\/fr\/products\/temperature-controller\/","og_site_name":"TOSUNlux Official Site - Electrical Circuit Breaker Manufacturer in China","article_publisher":"https:\/\/www.facebook.com\/TOSUNelectric\/","article_modified_time":"2024-05-27T09:41:02+00:00","og_image":[{"url":"https:\/\/www.tosunlux.eu\/wp-content\/uploads\/2024\/05\/2.jpg","type":"","width":"","height":""}],"twitter_card":"summary_large_image","twitter_misc":{"Dur\u00e9e de lecture estim\u00e9e":"2 minutes"},"schema":{"@context":"https:\/\/schema.org","@graph":[{"@type":"WebPage","@id":"https:\/\/www.tosunlux.eu\/products\/temperature-controller\/","url":"https:\/\/www.tosunlux.eu\/products\/temperature-controller\/","name":"R\u00e9gulateur de temp\u00e9rature en gros - Site officiel TOSUNlux - Fabricant de disjoncteurs \u00e9lectriques en Chine et fournisseur de mat\u00e9riel \u00e9lectrique basse tension | TOSUNlux","isPartOf":{"@id":"https:\/\/www.tosunlux.eu\/ru\/#website"},"primaryImageOfPage":{"@id":"https:\/\/www.tosunlux.eu\/products\/temperature-controller\/#primaryimage"},"image":{"@id":"https:\/\/www.tosunlux.eu\/products\/temperature-controller\/#primaryimage"},"thumbnailUrl":"https:\/\/www.tosunlux.eu\/wp-content\/uploads\/2024\/05\/2.jpg","datePublished":"2024-05-27T09:41:00+00:00","dateModified":"2024-05-27T09:41:02+00:00","description":"Fournisseur de r\u00e9gulateurs de temp\u00e9rature - Vente en gros directe de TOSUNlux, fabricant de confiance depuis 1994. Demandez un devis B2B directement aupr\u00e8s de notre usine pour nos produits \u00e9lectriques basse tension certifi\u00e9s.","breadcrumb":{"@id":"https:\/\/www.tosunlux.eu\/products\/temperature-controller\/#breadcrumb"},"inLanguage":"fr-FR","potentialAction":[{"@type":"ReadAction","target":["https:\/\/www.tosunlux.eu\/products\/temperature-controller\/"]}]},{"@type":"ImageObject","inLanguage":"fr-FR","@id":"https:\/\/www.tosunlux.eu\/products\/temperature-controller\/#primaryimage","url":"https:\/\/www.tosunlux.eu\/wp-content\/uploads\/2024\/05\/2.jpg","contentUrl":"https:\/\/www.tosunlux.eu\/wp-content\/uploads\/2024\/05\/2.jpg"},{"@type":"BreadcrumbList","@id":"https:\/\/www.tosunlux.eu\/products\/temperature-controller\/#breadcrumb","itemListElement":[{"@type":"ListItem","position":1,"name":"Home","item":"https:\/\/www.tosunlux.eu\/ru\/"},{"@type":"ListItem","position":2,"name":"Products","item":"https:\/\/www.tosunlux.eu\/products\/"},{"@type":"ListItem","position":3,"name":"Temperature Controller"}]},{"@type":"WebSite","@id":"https:\/\/www.tosunlux.eu\/ru\/#website","url":"https:\/\/www.tosunlux.eu\/ru\/","name":"Site officiel TOSUNlux - Fabricant de disjoncteurs \u00e9lectriques en Chine","description":"Fournisseur de syst\u00e8me de distribution d&#039;\u00e9nergie","publisher":{"@id":"https:\/\/www.tosunlux.eu\/ru\/#organization"},"alternateName":"TOSUNlux","potentialAction":[{"@type":"SearchAction","target":{"@type":"EntryPoint","urlTemplate":"https:\/\/www.tosunlux.eu\/ru\/?s={search_term_string}"},"query-input":{"@type":"PropertyValueSpecification","valueRequired":true,"valueName":"search_term_string"}}],"inLanguage":"fr-FR"},{"@type":"Organization","@id":"https:\/\/www.tosunlux.eu\/ru\/#organization","name":"TOSUNlux","url":"https:\/\/www.tosunlux.eu\/ru\/","logo":{"@type":"ImageObject","inLanguage":"fr-FR","@id":"https:\/\/www.tosunlux.eu\/ru\/#\/schema\/logo\/image\/","url":"https:\/\/www.tosunlux.eu\/wp-content\/uploads\/2022\/01\/LOGOSYSM.71762f1.png","contentUrl":"https:\/\/www.tosunlux.eu\/wp-content\/uploads\/2022\/01\/LOGOSYSM.71762f1.png","width":153,"height":55,"caption":"TOSUNlux"},"image":{"@id":"https:\/\/www.tosunlux.eu\/ru\/#\/schema\/logo\/image\/"},"sameAs":["https:\/\/www.facebook.com\/TOSUNelectric\/","https:\/\/www.linkedin.com\/company\/wenzhou-tosun-electric-co.-ltd\/"]}]}},"_links":{"self":[{"href":"https:\/\/www.tosunlux.eu\/fr\/wp-json\/wp\/v2\/product\/10216","targetHints":{"allow":["GET"]}}],"collection":[{"href":"https:\/\/www.tosunlux.eu\/fr\/wp-json\/wp\/v2\/product"}],"about":[{"href":"https:\/\/www.tosunlux.eu\/fr\/wp-json\/wp\/v2\/types\/product"}],"version-history":[{"count":1,"href":"https:\/\/www.tosunlux.eu\/fr\/wp-json\/wp\/v2\/product\/10216\/revisions"}],"predecessor-version":[{"id":10223,"href":"https:\/\/www.tosunlux.eu\/fr\/wp-json\/wp\/v2\/product\/10216\/revisions\/10223"}],"wp:attachment":[{"href":"https:\/\/www.tosunlux.eu\/fr\/wp-json\/wp\/v2\/media?parent=10216"}],"wp:term":[{"taxonomy":"product_category","embeddable":true,"href":"https:\/\/www.tosunlux.eu\/fr\/wp-json\/wp\/v2\/product_category?post=10216"}],"curies":[{"name":"wp","href":"https:\/\/api.w.org\/{rel}","templated":true}]}}