{"id":1034,"date":"2022-04-13T16:22:08","date_gmt":"2022-04-13T08:22:08","guid":{"rendered":"https:\/\/www.tosunlux.eu\/?post_type=product&#038;p=1034"},"modified":"2023-09-13T10:53:11","modified_gmt":"2023-09-13T02:53:11","slug":"timer-thc20-2c","status":"publish","type":"product","link":"https:\/\/www.tosunlux.eu\/fr\/products\/timer-thc20-2c\/","title":{"rendered":"Minuterie THC20-2C"},"content":{"rendered":"<table style=\"height: 543px;\" width=\"787\">\n<tbody>\n<tr>\n<td style=\"text-align: center;\" colspan=\"2\" width=\"144\">Mod\u00e8le<\/td>\n<td style=\"text-align: center;\" colspan=\"4\" width=\"288\">THC20-2C 16A\/20A\/30A<\/td>\n<\/tr>\n<tr>\n<td style=\"text-align: center;\" colspan=\"2\">Tension\u00a0<\/td>\n<td style=\"text-align: center;\" colspan=\"4\">AC220-240V 50\/60Hz\u00a0<\/td>\n<\/tr>\n<tr>\n<td style=\"text-align: center;\" colspan=\"2\">Plage de tension<\/td>\n<td style=\"text-align: center;\" colspan=\"4\">CA 180-250V<\/td>\n<\/tr>\n<tr>\n<td style=\"text-align: center;\" colspan=\"2\">Erreur de synchronisation<\/td>\n<td style=\"text-align: center;\" colspan=\"4\">\u22641s\/j<\/td>\n<\/tr>\n<tr>\n<td style=\"text-align: center;\" colspan=\"2\">R\u00e9glage marche\/arr\u00eat<\/td>\n<td style=\"text-align: center;\" colspan=\"4\">48ON\/48OFF<\/td>\n<\/tr>\n<tr>\n<td style=\"text-align: center;\" colspan=\"2\">Consommation d&#039;\u00e9nergie<\/td>\n<td style=\"text-align: center;\" colspan=\"4\">4VA (maximum)<\/td>\n<\/tr>\n<tr>\n<td style=\"text-align: center;\" colspan=\"2\">Afficher<\/td>\n<td style=\"text-align: center;\" colspan=\"4\">LCD<\/td>\n<\/tr>\n<tr>\n<td style=\"text-align: center;\" colspan=\"2\">Unit\u00e9 de r\u00e9glage minimale<\/td>\n<td style=\"text-align: center;\" colspan=\"4\">15 minutes<\/td>\n<\/tr>\n<tr>\n<td style=\"text-align: center;\" colspan=\"2\">Contact<\/td>\n<td style=\"text-align: center;\" colspan=\"4\">16A 2NO+2NC, 20A 2NO+2NC, 30A 2NO<\/td>\n<\/tr>\n<tr>\n<td style=\"text-align: center;\" colspan=\"2\">Montage\u00a0<\/td>\n<td style=\"text-align: center;\" colspan=\"4\">Montage sur rail DIN<\/td>\n<\/tr>\n<tr>\n<td style=\"text-align: center;\" colspan=\"2\" rowspan=\"3\">Capacit\u00e9 de contact<\/td>\n<td style=\"text-align: center;\" colspan=\"4\">THC20-2C 16A r\u00e9sistif : 16A\/250VAC<\/td>\n<\/tr>\n<tr>\n<td style=\"text-align: center;\" colspan=\"4\">THC20-2C 20A R\u00e9sistif : 20A\/250VAC<\/td>\n<\/tr>\n<tr>\n<td style=\"text-align: center;\" colspan=\"4\">THC20-2C 30A r\u00e9sistif : 30A\/250VAC<\/td>\n<\/tr>\n<tr>\n<td colspan=\"2\">Dur\u00e9e de vie \u00e9lectrique<\/td>\n<td style=\"text-align: center;\" colspan=\"4\">100000 fois (charge nominale)<\/td>\n<\/tr>\n<\/tbody>\n<\/table>\n<p><strong>Dimension<\/strong><\/p>\n\n\n<figure class=\"wp-block-image size-large is-resized\"><img fetchpriority=\"high\" decoding=\"async\" src=\"https:\/\/www.tosunlux.eu\/wp-content\/uploads\/2022\/04\/2021Industrial-1-1024x543.jpg\" alt=\"\" class=\"wp-image-1035\" width=\"711\" height=\"377\" srcset=\"https:\/\/www.tosunlux.eu\/wp-content\/uploads\/2022\/04\/2021Industrial-1-1024x543.jpg 1024w, https:\/\/www.tosunlux.eu\/wp-content\/uploads\/2022\/04\/2021Industrial-1-300x159.jpg 300w, https:\/\/www.tosunlux.eu\/wp-content\/uploads\/2022\/04\/2021Industrial-1-768x408.jpg 768w, https:\/\/www.tosunlux.eu\/wp-content\/uploads\/2022\/04\/2021Industrial-1-1536x815.jpg 1536w, https:\/\/www.tosunlux.eu\/wp-content\/uploads\/2022\/04\/2021Industrial-1.jpg 1600w\" sizes=\"(max-width: 711px) 100vw, 711px\" \/><\/figure>\n\n\n\n<p><\/p>","protected":false},"parent":0,"template":"","product_category":[35,92],"class_list":["post-1034","product","type-product","status-publish","hentry","product_category-industrial-control-devices","product_category-timer-relay"],"yoast_head":"<!-- This site is optimized with the Yoast SEO plugin v27.4 - https:\/\/yoast.com\/product\/yoast-seo-wordpress\/ -->\n<title>WholesaleTimer THC20-2C - TOSUNlux Official Site - Electrical Circuit Breaker Manufacturer in China Low Voltage Electrical Supplier | TOSUNlux<\/title>\n<meta name=\"description\" content=\"Timer THC20-2C Supplier - Wholesale direct from TOSUNlux, a trusted manufacturer since 1994. Get your B2B factory quote on our certified Low Voltage electrical products.\" \/>\n<meta name=\"robots\" content=\"index, follow, max-snippet:-1, max-image-preview:large, max-video-preview:-1\" \/>\n<link rel=\"canonical\" href=\"https:\/\/www.tosunlux.eu\/fr\/products\/timer-thc20-2c\/\" \/>\n<meta property=\"og:locale\" content=\"fr_FR\" \/>\n<meta property=\"og:type\" content=\"article\" \/>\n<meta property=\"og:title\" content=\"WholesaleTimer THC20-2C - TOSUNlux Official Site - Electrical Circuit Breaker Manufacturer in China Low Voltage Electrical Supplier | TOSUNlux\" \/>\n<meta property=\"og:description\" content=\"Timer THC20-2C Supplier - Wholesale direct from TOSUNlux, a trusted manufacturer since 1994. Get your B2B factory quote on our certified Low Voltage electrical products.\" \/>\n<meta property=\"og:url\" content=\"https:\/\/www.tosunlux.eu\/fr\/products\/timer-thc20-2c\/\" \/>\n<meta property=\"og:site_name\" content=\"TOSUNlux Official Site - Electrical Circuit Breaker Manufacturer in China\" \/>\n<meta property=\"article:publisher\" content=\"https:\/\/www.facebook.com\/TOSUNelectric\/\" \/>\n<meta property=\"article:modified_time\" content=\"2023-09-13T02:53:11+00:00\" \/>\n<meta property=\"og:image\" content=\"https:\/\/www.tosunlux.eu\/wp-content\/uploads\/2022\/04\/2021Industrial-1-1024x543.jpg\" \/>\n<meta name=\"twitter:card\" content=\"summary_large_image\" \/>\n<meta name=\"twitter:label1\" content=\"Dur\u00e9e de lecture estim\u00e9e\" \/>\n\t<meta name=\"twitter:data1\" content=\"1 minute\" \/>\n<script type=\"application\/ld+json\" class=\"yoast-schema-graph\">{\"@context\":\"https:\\\/\\\/schema.org\",\"@graph\":[{\"@type\":\"WebPage\",\"@id\":\"https:\\\/\\\/www.tosunlux.eu\\\/id\\\/products\\\/timer-thc20-2c\\\/\",\"url\":\"https:\\\/\\\/www.tosunlux.eu\\\/id\\\/products\\\/timer-thc20-2c\\\/\",\"name\":\"WholesaleTimer THC20-2C - TOSUNlux Official Site - Electrical Circuit Breaker Manufacturer in China Low Voltage Electrical Supplier | TOSUNlux\",\"isPartOf\":{\"@id\":\"https:\\\/\\\/www.tosunlux.eu\\\/ru\\\/#website\"},\"primaryImageOfPage\":{\"@id\":\"https:\\\/\\\/www.tosunlux.eu\\\/id\\\/products\\\/timer-thc20-2c\\\/#primaryimage\"},\"image\":{\"@id\":\"https:\\\/\\\/www.tosunlux.eu\\\/id\\\/products\\\/timer-thc20-2c\\\/#primaryimage\"},\"thumbnailUrl\":\"https:\\\/\\\/www.tosunlux.eu\\\/wp-content\\\/uploads\\\/2022\\\/04\\\/2021Industrial-1-1024x543.jpg\",\"datePublished\":\"2022-04-13T08:22:08+00:00\",\"dateModified\":\"2023-09-13T02:53:11+00:00\",\"description\":\"Timer THC20-2C Supplier - Wholesale direct from TOSUNlux, a trusted manufacturer since 1994. Get your B2B factory quote on our certified Low Voltage electrical products.\",\"breadcrumb\":{\"@id\":\"https:\\\/\\\/www.tosunlux.eu\\\/id\\\/products\\\/timer-thc20-2c\\\/#breadcrumb\"},\"inLanguage\":\"fr-FR\",\"potentialAction\":[{\"@type\":\"ReadAction\",\"target\":[\"https:\\\/\\\/www.tosunlux.eu\\\/id\\\/products\\\/timer-thc20-2c\\\/\"]}]},{\"@type\":\"ImageObject\",\"inLanguage\":\"fr-FR\",\"@id\":\"https:\\\/\\\/www.tosunlux.eu\\\/id\\\/products\\\/timer-thc20-2c\\\/#primaryimage\",\"url\":\"https:\\\/\\\/www.tosunlux.eu\\\/wp-content\\\/uploads\\\/2022\\\/04\\\/2021Industrial-1-1024x543.jpg\",\"contentUrl\":\"https:\\\/\\\/www.tosunlux.eu\\\/wp-content\\\/uploads\\\/2022\\\/04\\\/2021Industrial-1-1024x543.jpg\"},{\"@type\":\"BreadcrumbList\",\"@id\":\"https:\\\/\\\/www.tosunlux.eu\\\/id\\\/products\\\/timer-thc20-2c\\\/#breadcrumb\",\"itemListElement\":[{\"@type\":\"ListItem\",\"position\":1,\"name\":\"Home\",\"item\":\"https:\\\/\\\/www.tosunlux.eu\\\/ru\\\/\"},{\"@type\":\"ListItem\",\"position\":2,\"name\":\"Products\",\"item\":\"https:\\\/\\\/www.tosunlux.eu\\\/products\\\/\"},{\"@type\":\"ListItem\",\"position\":3,\"name\":\"Timer THC20-2C\"}]},{\"@type\":\"WebSite\",\"@id\":\"https:\\\/\\\/www.tosunlux.eu\\\/ru\\\/#website\",\"url\":\"https:\\\/\\\/www.tosunlux.eu\\\/ru\\\/\",\"name\":\"TOSUNlux Official Site - Electrical Circuit Breaker Manufacturer in China\",\"description\":\"Power Distribution System Supplier\",\"publisher\":{\"@id\":\"https:\\\/\\\/www.tosunlux.eu\\\/ru\\\/#organization\"},\"alternateName\":\"TOSUNlux\",\"potentialAction\":[{\"@type\":\"SearchAction\",\"target\":{\"@type\":\"EntryPoint\",\"urlTemplate\":\"https:\\\/\\\/www.tosunlux.eu\\\/ru\\\/?s={search_term_string}\"},\"query-input\":{\"@type\":\"PropertyValueSpecification\",\"valueRequired\":true,\"valueName\":\"search_term_string\"}}],\"inLanguage\":\"fr-FR\"},{\"@type\":\"Organization\",\"@id\":\"https:\\\/\\\/www.tosunlux.eu\\\/ru\\\/#organization\",\"name\":\"TOSUNlux\",\"url\":\"https:\\\/\\\/www.tosunlux.eu\\\/ru\\\/\",\"logo\":{\"@type\":\"ImageObject\",\"inLanguage\":\"fr-FR\",\"@id\":\"https:\\\/\\\/www.tosunlux.eu\\\/ru\\\/#\\\/schema\\\/logo\\\/image\\\/\",\"url\":\"https:\\\/\\\/www.tosunlux.eu\\\/wp-content\\\/uploads\\\/2022\\\/01\\\/LOGOSYSM.71762f1.png\",\"contentUrl\":\"https:\\\/\\\/www.tosunlux.eu\\\/wp-content\\\/uploads\\\/2022\\\/01\\\/LOGOSYSM.71762f1.png\",\"width\":153,\"height\":55,\"caption\":\"TOSUNlux\"},\"image\":{\"@id\":\"https:\\\/\\\/www.tosunlux.eu\\\/ru\\\/#\\\/schema\\\/logo\\\/image\\\/\"},\"sameAs\":[\"https:\\\/\\\/www.facebook.com\\\/TOSUNelectric\\\/\",\"https:\\\/\\\/www.linkedin.com\\\/company\\\/wenzhou-tosun-electric-co.-ltd\\\/\"]}]}<\/script>\n<!-- \/ Yoast SEO plugin. -->","yoast_head_json":{"title":"Minuterie THC20-2C en gros - Site officiel de TOSUNlux - Fabricant de disjoncteurs \u00e9lectriques en Chine, Fournisseur d&#039;\u00e9quipements \u00e9lectriques basse tension | TOSUNlux","description":"Fournisseur de minuterie THC20-2C - Vente en gros directement aupr\u00e8s de TOSUNlux, un fabricant de confiance depuis 1994. Obtenez votre devis d&#039;usine B2B sur nos produits \u00e9lectriques basse tension certifi\u00e9s.","robots":{"index":"index","follow":"follow","max-snippet":"max-snippet:-1","max-image-preview":"max-image-preview:large","max-video-preview":"max-video-preview:-1"},"canonical":"https:\/\/www.tosunlux.eu\/fr\/products\/timer-thc20-2c\/","og_locale":"fr_FR","og_type":"article","og_title":"WholesaleTimer THC20-2C - TOSUNlux Official Site - Electrical Circuit Breaker Manufacturer in China Low Voltage Electrical Supplier | TOSUNlux","og_description":"Timer THC20-2C Supplier - Wholesale direct from TOSUNlux, a trusted manufacturer since 1994. Get your B2B factory quote on our certified Low Voltage electrical products.","og_url":"https:\/\/www.tosunlux.eu\/fr\/products\/timer-thc20-2c\/","og_site_name":"TOSUNlux Official Site - Electrical Circuit Breaker Manufacturer in China","article_publisher":"https:\/\/www.facebook.com\/TOSUNelectric\/","article_modified_time":"2023-09-13T02:53:11+00:00","og_image":[{"url":"https:\/\/www.tosunlux.eu\/wp-content\/uploads\/2022\/04\/2021Industrial-1-1024x543.jpg","type":"","width":"","height":""}],"twitter_card":"summary_large_image","twitter_misc":{"Dur\u00e9e de lecture estim\u00e9e":"1 minute"},"schema":{"@context":"https:\/\/schema.org","@graph":[{"@type":"WebPage","@id":"https:\/\/www.tosunlux.eu\/id\/products\/timer-thc20-2c\/","url":"https:\/\/www.tosunlux.eu\/id\/products\/timer-thc20-2c\/","name":"Minuterie THC20-2C en gros - Site officiel de TOSUNlux - Fabricant de disjoncteurs \u00e9lectriques en Chine, Fournisseur d&#039;\u00e9quipements \u00e9lectriques basse tension | TOSUNlux","isPartOf":{"@id":"https:\/\/www.tosunlux.eu\/ru\/#website"},"primaryImageOfPage":{"@id":"https:\/\/www.tosunlux.eu\/id\/products\/timer-thc20-2c\/#primaryimage"},"image":{"@id":"https:\/\/www.tosunlux.eu\/id\/products\/timer-thc20-2c\/#primaryimage"},"thumbnailUrl":"https:\/\/www.tosunlux.eu\/wp-content\/uploads\/2022\/04\/2021Industrial-1-1024x543.jpg","datePublished":"2022-04-13T08:22:08+00:00","dateModified":"2023-09-13T02:53:11+00:00","description":"Fournisseur de minuterie THC20-2C - Vente en gros directement aupr\u00e8s de TOSUNlux, un fabricant de confiance depuis 1994. Obtenez votre devis d&#039;usine B2B sur nos produits \u00e9lectriques basse tension certifi\u00e9s.","breadcrumb":{"@id":"https:\/\/www.tosunlux.eu\/id\/products\/timer-thc20-2c\/#breadcrumb"},"inLanguage":"fr-FR","potentialAction":[{"@type":"ReadAction","target":["https:\/\/www.tosunlux.eu\/id\/products\/timer-thc20-2c\/"]}]},{"@type":"ImageObject","inLanguage":"fr-FR","@id":"https:\/\/www.tosunlux.eu\/id\/products\/timer-thc20-2c\/#primaryimage","url":"https:\/\/www.tosunlux.eu\/wp-content\/uploads\/2022\/04\/2021Industrial-1-1024x543.jpg","contentUrl":"https:\/\/www.tosunlux.eu\/wp-content\/uploads\/2022\/04\/2021Industrial-1-1024x543.jpg"},{"@type":"BreadcrumbList","@id":"https:\/\/www.tosunlux.eu\/id\/products\/timer-thc20-2c\/#breadcrumb","itemListElement":[{"@type":"ListItem","position":1,"name":"Home","item":"https:\/\/www.tosunlux.eu\/ru\/"},{"@type":"ListItem","position":2,"name":"Products","item":"https:\/\/www.tosunlux.eu\/products\/"},{"@type":"ListItem","position":3,"name":"Timer THC20-2C"}]},{"@type":"WebSite","@id":"https:\/\/www.tosunlux.eu\/ru\/#website","url":"https:\/\/www.tosunlux.eu\/ru\/","name":"Site officiel TOSUNlux - Fabricant de disjoncteurs \u00e9lectriques en Chine","description":"Fournisseur de syst\u00e8me de distribution d&#039;\u00e9nergie","publisher":{"@id":"https:\/\/www.tosunlux.eu\/ru\/#organization"},"alternateName":"TOSUNlux","potentialAction":[{"@type":"SearchAction","target":{"@type":"EntryPoint","urlTemplate":"https:\/\/www.tosunlux.eu\/ru\/?s={search_term_string}"},"query-input":{"@type":"PropertyValueSpecification","valueRequired":true,"valueName":"search_term_string"}}],"inLanguage":"fr-FR"},{"@type":"Organization","@id":"https:\/\/www.tosunlux.eu\/ru\/#organization","name":"TOSUNlux","url":"https:\/\/www.tosunlux.eu\/ru\/","logo":{"@type":"ImageObject","inLanguage":"fr-FR","@id":"https:\/\/www.tosunlux.eu\/ru\/#\/schema\/logo\/image\/","url":"https:\/\/www.tosunlux.eu\/wp-content\/uploads\/2022\/01\/LOGOSYSM.71762f1.png","contentUrl":"https:\/\/www.tosunlux.eu\/wp-content\/uploads\/2022\/01\/LOGOSYSM.71762f1.png","width":153,"height":55,"caption":"TOSUNlux"},"image":{"@id":"https:\/\/www.tosunlux.eu\/ru\/#\/schema\/logo\/image\/"},"sameAs":["https:\/\/www.facebook.com\/TOSUNelectric\/","https:\/\/www.linkedin.com\/company\/wenzhou-tosun-electric-co.-ltd\/"]}]}},"_links":{"self":[{"href":"https:\/\/www.tosunlux.eu\/fr\/wp-json\/wp\/v2\/product\/1034","targetHints":{"allow":["GET"]}}],"collection":[{"href":"https:\/\/www.tosunlux.eu\/fr\/wp-json\/wp\/v2\/product"}],"about":[{"href":"https:\/\/www.tosunlux.eu\/fr\/wp-json\/wp\/v2\/types\/product"}],"version-history":[{"count":1,"href":"https:\/\/www.tosunlux.eu\/fr\/wp-json\/wp\/v2\/product\/1034\/revisions"}],"predecessor-version":[{"id":8030,"href":"https:\/\/www.tosunlux.eu\/fr\/wp-json\/wp\/v2\/product\/1034\/revisions\/8030"}],"wp:attachment":[{"href":"https:\/\/www.tosunlux.eu\/fr\/wp-json\/wp\/v2\/media?parent=1034"}],"wp:term":[{"taxonomy":"product_category","embeddable":true,"href":"https:\/\/www.tosunlux.eu\/fr\/wp-json\/wp\/v2\/product_category?post=1034"}],"curies":[{"name":"wp","href":"https:\/\/api.w.org\/{rel}","templated":true}]}}