{"id":1097,"date":"2022-04-14T13:03:00","date_gmt":"2022-04-14T05:03:00","guid":{"rendered":"https:\/\/www.tosunlux.eu\/?post_type=product&#038;p=1097"},"modified":"2023-09-13T10:55:31","modified_gmt":"2023-09-13T02:55:31","slug":"three-phase-voltage-relay-trv8","status":"publish","type":"product","link":"https:\/\/www.tosunlux.eu\/fr\/products\/three-phase-voltage-relay-trv8\/","title":{"rendered":"Relais de tension triphas\u00e9 TRV8"},"content":{"rendered":"<pre class=\"wp-block-verse\"><strong>Applications<\/strong>\n\u25cf Commande de raccordement d&#039;\u00e9quipements mobiles (tels que mat\u00e9riel de chantier, mat\u00e9riel agricole, camions frigorifiques). \u25cf Commande de protection des personnes et des \u00e9quipements contre la marche arri\u00e8re. \u25cf Commutation alimentation normal\/secours. \u25cf Protection contre les d\u00e9fauts de phase de la charge motrice. \u25cf Contr\u00f4ler sa propre tension d&#039;alimentation (mesure RMS vraie). \u25cf R\u00e9glez 8 types de tension de fonctionnement nominale via le bouton\n\n<strong>Fonction<\/strong>\n<\/pre>\n\n\n\n<figure class=\"wp-block-table\"><table><tbody><tr><td>Mod\u00e8le<\/td><td>Surtension&nbsp;<\/td><td>Sous-tension&nbsp;<\/td><td>Asym\u00e9trie<\/td><td>Temporisation<\/td><td><br>Phase<br>s\u00e9quence<\/td><td><br>Phase<br>\u00e9chec<\/td><\/tr><tr><td>TRV8-03<\/td><td>\u2013<\/td><td>\u2013<\/td><td>\u2013<\/td><td>\u2013<\/td><td>\u25cf<\/td><td>\u25cf<\/td><\/tr><tr><td>TRV8-04<\/td><td>2%\u202620%<\/td><td>-20%\u20262%<\/td><td>\u2013<\/td><td>0.1s\u202610s<\/td><td>\u25cf<\/td><td>\u25cf<\/td><\/tr><tr><td>TRV8-05<\/td><td>2%\u202620%<\/td><td>-20%\u20262%<\/td><td>-8%<\/td><td>0.1s\u202610s<\/td><td>\u25cf<\/td><td>\u25cf<\/td><\/tr><tr><td>TRV8-06<\/td><td>2%\u202620%<\/td><td>-20%\u20262%<\/td><td>5%\u202615%<\/td><td>2s<\/td><td>\u25cf<\/td><td>\u25cf<\/td><\/tr><tr><td>TRV8-07<\/td><td>\u2013<\/td><td>\u2013<\/td><td>5%\u202615%<\/td><td>2s<\/td><td>\u25cf<\/td><td>\u25cf<\/td><\/tr><tr><td>TRV8-08<\/td><td>15%<\/td><td>-15%<\/td><td>8%<\/td><td>2s<\/td><td>\u25cf<\/td><td>\u25cf<\/td><\/tr><\/tbody><\/table><\/figure>\n\n\n\n<pre class=\"wp-block-verse\"><strong>sp\u00e9cification<\/strong>\n<\/pre>\n\n\n<table style=\"border-collapse: collapse; width: 597px; height: 400px;\" border=\"0\" width=\"344\" cellspacing=\"0\" cellpadding=\"0\">\n<tbody>\n<tr style=\"height: 14.25pt;\">\n<td class=\"et2\" style=\"height: 14.25pt; width: 108pt; border-right: 0.5pt solid #000000; text-align: center;\" colspan=\"2\" width=\"144\" height=\"19\">Mod\u00e8le de tension<\/td>\n<td class=\"et3\" style=\"width: 81.75pt;\" width=\"109\">M460<\/td>\n<td class=\"et2\" style=\"width: 68.25pt;\" width=\"91\">M265<\/td>\n<\/tr>\n<tr style=\"height: 14.25pt;\">\n<td class=\"et2\" style=\"height: 14.25pt; border-right: 0.5pt solid #000000; text-align: center;\" colspan=\"2\" height=\"19\">Fonction<\/td>\n<td class=\"et2\" style=\"border-right: 0.5pt solid #000000; text-align: center;\" colspan=\"2\">Surveillance de la tension triphas\u00e9e<\/td>\n<\/tr>\n<tr style=\"height: 14.25pt;\">\n<td class=\"et2\" style=\"height: 14.25pt; border-right: 0.5pt solid #000000; text-align: center;\" colspan=\"2\" height=\"19\">Terminaux de surveillance<\/td>\n<td class=\"et3\" style=\"text-align: center;\">L1-L2-L3<\/td>\n<td class=\"et3\" style=\"text-align: center;\">L1-L2-L3-N<\/td>\n<\/tr>\n<tr style=\"height: 15.00pt;\">\n<td class=\"et2\" style=\"height: 15pt; border-right: 0.5pt solid #000000; text-align: center;\" colspan=\"2\" height=\"20\">Bornes d&#039;alimentation<\/td>\n<td class=\"et3\" style=\"text-align: center;\">L1-L2<\/td>\n<td class=\"et3\" style=\"text-align: center;\">L1-N<\/td>\n<\/tr>\n<tr style=\"height: 41.00pt;\">\n<td class=\"et2\" style=\"height: 41pt; border-right: 0.5pt solid #000000; text-align: center;\" colspan=\"2\" height=\"54\">Plage de tension (V)<\/td>\n<td class=\"et4\" style=\"width: 81.75pt; text-align: center;\" width=\"109\">220-230-240-380-400 -415-440-460(PP)<\/td>\n<td class=\"et4\" style=\"width: 68.25pt; text-align: center;\" width=\"91\">127-132-138-220-230<br \/>-240-254-265(PN)<\/td>\n<\/tr>\n<tr style=\"height: 18.00pt;\">\n<td class=\"et2\" style=\"height: 18pt; border-right: 0.5pt solid #000000; text-align: center;\" colspan=\"2\" height=\"24\">Fr\u00e9quence d&#039;alimentation nominale<\/td>\n<td class=\"et2\" style=\"border-right: 0.5pt solid #000000; text-align: center;\" colspan=\"2\">45Hz-65Hz<\/td>\n<\/tr>\n<tr style=\"height: 15.00pt;\">\n<td class=\"et2\" style=\"height: 15pt; border-right: 0.5pt solid #000000; text-align: center;\" colspan=\"2\" height=\"20\">Plage de mesure<\/td>\n<td class=\"et3\" style=\"text-align: center;\">176V-552V<\/td>\n<td class=\"et3\" style=\"text-align: center;\">101V-318V<\/td>\n<\/tr>\n<tr style=\"height: 15.00pt;\">\n<td class=\"et2\" style=\"height: 15pt; border-right: 0.5pt solid #000000; text-align: center;\" colspan=\"2\" height=\"20\">Indication d&#039;approvisionnement<\/td>\n<td class=\"et2\" style=\"border-right: 0.5pt solid #000000; text-align: center;\" colspan=\"2\">DEL verte<\/td>\n<\/tr>\n<tr style=\"height: 15.00pt;\">\n<td class=\"et2\" style=\"height: 15pt; border-right: 0.5pt solid #000000; text-align: center;\" colspan=\"2\" height=\"20\">Indication de sortie<\/td>\n<td class=\"et2\" style=\"border-right: 0.5pt solid #000000; text-align: center;\" colspan=\"2\">DEL rouge<\/td>\n<\/tr>\n<tr style=\"height: 14.25pt;\">\n<td class=\"et2\" style=\"height: 14.25pt; border-right: 0.5pt solid #000000; text-align: center;\" colspan=\"2\" height=\"19\">Tension de commutation<\/td>\n<td class=\"et2\" style=\"border-right: 0.5pt solid #000000; text-align: center;\" colspan=\"2\">250 VCA\/24 VCC<\/td>\n<\/tr>\n<tr style=\"height: 14.25pt;\">\n<td class=\"et2\" style=\"height: 14.25pt; border-right: 0.5pt solid #000000; text-align: center;\" colspan=\"2\" height=\"19\">Note actuelle<\/td>\n<td class=\"et2\" style=\"border-right: 0.5pt solid #000000; text-align: center;\" colspan=\"2\">10A\/AC1<\/td>\n<\/tr>\n<tr style=\"height: 14.25pt;\">\n<td class=\"et2\" style=\"height: 14.25pt; border-right: 0.5pt solid #000000; text-align: center;\" colspan=\"2\" height=\"19\">Heure de remise \u00e0 z\u00e9ro<\/td>\n<td class=\"et2\" style=\"border-right: 0.5pt solid #000000; text-align: center;\" colspan=\"2\">1000ms<\/td>\n<\/tr>\n<\/tbody>\n<\/table>\n<p><strong style=\"font-size: revert; color: initial;\">Dimension<\/strong><\/p>\n\n\n<figure class=\"wp-block-image size-large is-resized\"><img fetchpriority=\"high\" decoding=\"async\" src=\"https:\/\/www.tosunlux.eu\/wp-content\/uploads\/2022\/04\/dimension-1024x559.jpg\" alt=\"\" class=\"wp-image-1104\" width=\"530\" height=\"289\" srcset=\"https:\/\/www.tosunlux.eu\/wp-content\/uploads\/2022\/04\/dimension-1024x559.jpg 1024w, https:\/\/www.tosunlux.eu\/wp-content\/uploads\/2022\/04\/dimension-300x164.jpg 300w, https:\/\/www.tosunlux.eu\/wp-content\/uploads\/2022\/04\/dimension-768x419.jpg 768w, https:\/\/www.tosunlux.eu\/wp-content\/uploads\/2022\/04\/dimension-1536x838.jpg 1536w, https:\/\/www.tosunlux.eu\/wp-content\/uploads\/2022\/04\/dimension.jpg 1600w\" sizes=\"(max-width: 530px) 100vw, 530px\" \/><\/figure>","protected":false},"parent":0,"template":"","product_category":[35,92],"class_list":["post-1097","product","type-product","status-publish","hentry","product_category-industrial-control-devices","product_category-timer-relay"],"yoast_head":"<!-- This site is optimized with the Yoast SEO plugin v27.4 - https:\/\/yoast.com\/product\/yoast-seo-wordpress\/ -->\n<title>WholesaleThree Phase Voltage Relay TRV8 - TOSUNlux Official Site - Electrical Circuit Breaker Manufacturer in China Low Voltage Electrical Supplier | TOSUNlux<\/title>\n<meta name=\"description\" content=\"Three Phase Voltage Relay TRV8 Supplier - Wholesale direct from TOSUNlux, a trusted manufacturer since 1994. Get your B2B factory quote on our certified Low Voltage electrical products.\" \/>\n<meta name=\"robots\" content=\"index, follow, max-snippet:-1, max-image-preview:large, max-video-preview:-1\" \/>\n<link rel=\"canonical\" href=\"https:\/\/www.tosunlux.eu\/fr\/products\/three-phase-voltage-relay-trv8\/\" \/>\n<meta property=\"og:locale\" content=\"fr_FR\" \/>\n<meta property=\"og:type\" content=\"article\" \/>\n<meta property=\"og:title\" content=\"WholesaleThree Phase Voltage Relay TRV8 - TOSUNlux Official Site - Electrical Circuit Breaker Manufacturer in China Low Voltage Electrical Supplier | TOSUNlux\" \/>\n<meta property=\"og:description\" content=\"Three Phase Voltage Relay TRV8 Supplier - Wholesale direct from TOSUNlux, a trusted manufacturer since 1994. Get your B2B factory quote on our certified Low Voltage electrical products.\" \/>\n<meta property=\"og:url\" content=\"https:\/\/www.tosunlux.eu\/fr\/products\/three-phase-voltage-relay-trv8\/\" \/>\n<meta property=\"og:site_name\" content=\"TOSUNlux Official Site - Electrical Circuit Breaker Manufacturer in China\" \/>\n<meta property=\"article:publisher\" content=\"https:\/\/www.facebook.com\/TOSUNelectric\/\" \/>\n<meta property=\"article:modified_time\" content=\"2023-09-13T02:55:31+00:00\" \/>\n<meta property=\"og:image\" content=\"https:\/\/www.tosunlux.eu\/wp-content\/uploads\/2022\/04\/dimension-1024x559.jpg\" \/>\n<meta name=\"twitter:card\" content=\"summary_large_image\" \/>\n<meta name=\"twitter:label1\" content=\"Dur\u00e9e de lecture estim\u00e9e\" \/>\n\t<meta name=\"twitter:data1\" content=\"1 minute\" \/>\n<script type=\"application\/ld+json\" class=\"yoast-schema-graph\">{\"@context\":\"https:\\\/\\\/schema.org\",\"@graph\":[{\"@type\":\"WebPage\",\"@id\":\"https:\\\/\\\/www.tosunlux.eu\\\/hi\\\/products\\\/three-phase-voltage-relay-trv8\\\/\",\"url\":\"https:\\\/\\\/www.tosunlux.eu\\\/hi\\\/products\\\/three-phase-voltage-relay-trv8\\\/\",\"name\":\"WholesaleThree Phase Voltage Relay TRV8 - TOSUNlux Official Site - Electrical Circuit Breaker Manufacturer in China Low Voltage Electrical Supplier | TOSUNlux\",\"isPartOf\":{\"@id\":\"https:\\\/\\\/www.tosunlux.eu\\\/ru\\\/#website\"},\"primaryImageOfPage\":{\"@id\":\"https:\\\/\\\/www.tosunlux.eu\\\/hi\\\/products\\\/three-phase-voltage-relay-trv8\\\/#primaryimage\"},\"image\":{\"@id\":\"https:\\\/\\\/www.tosunlux.eu\\\/hi\\\/products\\\/three-phase-voltage-relay-trv8\\\/#primaryimage\"},\"thumbnailUrl\":\"https:\\\/\\\/www.tosunlux.eu\\\/wp-content\\\/uploads\\\/2022\\\/04\\\/dimension-1024x559.jpg\",\"datePublished\":\"2022-04-14T05:03:00+00:00\",\"dateModified\":\"2023-09-13T02:55:31+00:00\",\"description\":\"Three Phase Voltage Relay TRV8 Supplier - Wholesale direct from TOSUNlux, a trusted manufacturer since 1994. Get your B2B factory quote on our certified Low Voltage electrical products.\",\"breadcrumb\":{\"@id\":\"https:\\\/\\\/www.tosunlux.eu\\\/hi\\\/products\\\/three-phase-voltage-relay-trv8\\\/#breadcrumb\"},\"inLanguage\":\"fr-FR\",\"potentialAction\":[{\"@type\":\"ReadAction\",\"target\":[\"https:\\\/\\\/www.tosunlux.eu\\\/hi\\\/products\\\/three-phase-voltage-relay-trv8\\\/\"]}]},{\"@type\":\"ImageObject\",\"inLanguage\":\"fr-FR\",\"@id\":\"https:\\\/\\\/www.tosunlux.eu\\\/hi\\\/products\\\/three-phase-voltage-relay-trv8\\\/#primaryimage\",\"url\":\"https:\\\/\\\/www.tosunlux.eu\\\/wp-content\\\/uploads\\\/2022\\\/04\\\/dimension-1024x559.jpg\",\"contentUrl\":\"https:\\\/\\\/www.tosunlux.eu\\\/wp-content\\\/uploads\\\/2022\\\/04\\\/dimension-1024x559.jpg\"},{\"@type\":\"BreadcrumbList\",\"@id\":\"https:\\\/\\\/www.tosunlux.eu\\\/hi\\\/products\\\/three-phase-voltage-relay-trv8\\\/#breadcrumb\",\"itemListElement\":[{\"@type\":\"ListItem\",\"position\":1,\"name\":\"Home\",\"item\":\"https:\\\/\\\/www.tosunlux.eu\\\/ru\\\/\"},{\"@type\":\"ListItem\",\"position\":2,\"name\":\"Products\",\"item\":\"https:\\\/\\\/www.tosunlux.eu\\\/products\\\/\"},{\"@type\":\"ListItem\",\"position\":3,\"name\":\"Three Phase Voltage Relay TRV8\"}]},{\"@type\":\"WebSite\",\"@id\":\"https:\\\/\\\/www.tosunlux.eu\\\/ru\\\/#website\",\"url\":\"https:\\\/\\\/www.tosunlux.eu\\\/ru\\\/\",\"name\":\"TOSUNlux Official Site - Electrical Circuit Breaker Manufacturer in China\",\"description\":\"Power Distribution System Supplier\",\"publisher\":{\"@id\":\"https:\\\/\\\/www.tosunlux.eu\\\/ru\\\/#organization\"},\"alternateName\":\"TOSUNlux\",\"potentialAction\":[{\"@type\":\"SearchAction\",\"target\":{\"@type\":\"EntryPoint\",\"urlTemplate\":\"https:\\\/\\\/www.tosunlux.eu\\\/ru\\\/?s={search_term_string}\"},\"query-input\":{\"@type\":\"PropertyValueSpecification\",\"valueRequired\":true,\"valueName\":\"search_term_string\"}}],\"inLanguage\":\"fr-FR\"},{\"@type\":\"Organization\",\"@id\":\"https:\\\/\\\/www.tosunlux.eu\\\/ru\\\/#organization\",\"name\":\"TOSUNlux\",\"url\":\"https:\\\/\\\/www.tosunlux.eu\\\/ru\\\/\",\"logo\":{\"@type\":\"ImageObject\",\"inLanguage\":\"fr-FR\",\"@id\":\"https:\\\/\\\/www.tosunlux.eu\\\/ru\\\/#\\\/schema\\\/logo\\\/image\\\/\",\"url\":\"https:\\\/\\\/www.tosunlux.eu\\\/wp-content\\\/uploads\\\/2022\\\/01\\\/LOGOSYSM.71762f1.png\",\"contentUrl\":\"https:\\\/\\\/www.tosunlux.eu\\\/wp-content\\\/uploads\\\/2022\\\/01\\\/LOGOSYSM.71762f1.png\",\"width\":153,\"height\":55,\"caption\":\"TOSUNlux\"},\"image\":{\"@id\":\"https:\\\/\\\/www.tosunlux.eu\\\/ru\\\/#\\\/schema\\\/logo\\\/image\\\/\"},\"sameAs\":[\"https:\\\/\\\/www.facebook.com\\\/TOSUNelectric\\\/\",\"https:\\\/\\\/www.linkedin.com\\\/company\\\/wenzhou-tosun-electric-co.-ltd\\\/\"]}]}<\/script>\n<!-- \/ Yoast SEO plugin. -->","yoast_head_json":{"title":"Relais de tension triphas\u00e9 TRV8 en gros - Site officiel TOSUNlux - Fabricant de disjoncteurs \u00e9lectriques en Chine Fournisseur d&#039;\u00e9quipements \u00e9lectriques basse tension | TOSUNlux","description":"Fournisseur de relais de tension triphas\u00e9 TRV8 - Vente en gros directement aupr\u00e8s de TOSUNlux, un fabricant de confiance depuis 1994. Obtenez votre devis d&#039;usine B2B sur nos produits \u00e9lectriques basse tension certifi\u00e9s.","robots":{"index":"index","follow":"follow","max-snippet":"max-snippet:-1","max-image-preview":"max-image-preview:large","max-video-preview":"max-video-preview:-1"},"canonical":"https:\/\/www.tosunlux.eu\/fr\/products\/three-phase-voltage-relay-trv8\/","og_locale":"fr_FR","og_type":"article","og_title":"WholesaleThree Phase Voltage Relay TRV8 - TOSUNlux Official Site - Electrical Circuit Breaker Manufacturer in China Low Voltage Electrical Supplier | TOSUNlux","og_description":"Three Phase Voltage Relay TRV8 Supplier - Wholesale direct from TOSUNlux, a trusted manufacturer since 1994. Get your B2B factory quote on our certified Low Voltage electrical products.","og_url":"https:\/\/www.tosunlux.eu\/fr\/products\/three-phase-voltage-relay-trv8\/","og_site_name":"TOSUNlux Official Site - Electrical Circuit Breaker Manufacturer in China","article_publisher":"https:\/\/www.facebook.com\/TOSUNelectric\/","article_modified_time":"2023-09-13T02:55:31+00:00","og_image":[{"url":"https:\/\/www.tosunlux.eu\/wp-content\/uploads\/2022\/04\/dimension-1024x559.jpg","type":"","width":"","height":""}],"twitter_card":"summary_large_image","twitter_misc":{"Dur\u00e9e de lecture estim\u00e9e":"1 minute"},"schema":{"@context":"https:\/\/schema.org","@graph":[{"@type":"WebPage","@id":"https:\/\/www.tosunlux.eu\/hi\/products\/three-phase-voltage-relay-trv8\/","url":"https:\/\/www.tosunlux.eu\/hi\/products\/three-phase-voltage-relay-trv8\/","name":"Relais de tension triphas\u00e9 TRV8 en gros - Site officiel TOSUNlux - Fabricant de disjoncteurs \u00e9lectriques en Chine Fournisseur d&#039;\u00e9quipements \u00e9lectriques basse tension | TOSUNlux","isPartOf":{"@id":"https:\/\/www.tosunlux.eu\/ru\/#website"},"primaryImageOfPage":{"@id":"https:\/\/www.tosunlux.eu\/hi\/products\/three-phase-voltage-relay-trv8\/#primaryimage"},"image":{"@id":"https:\/\/www.tosunlux.eu\/hi\/products\/three-phase-voltage-relay-trv8\/#primaryimage"},"thumbnailUrl":"https:\/\/www.tosunlux.eu\/wp-content\/uploads\/2022\/04\/dimension-1024x559.jpg","datePublished":"2022-04-14T05:03:00+00:00","dateModified":"2023-09-13T02:55:31+00:00","description":"Fournisseur de relais de tension triphas\u00e9 TRV8 - Vente en gros directement aupr\u00e8s de TOSUNlux, un fabricant de confiance depuis 1994. Obtenez votre devis d&#039;usine B2B sur nos produits \u00e9lectriques basse tension certifi\u00e9s.","breadcrumb":{"@id":"https:\/\/www.tosunlux.eu\/hi\/products\/three-phase-voltage-relay-trv8\/#breadcrumb"},"inLanguage":"fr-FR","potentialAction":[{"@type":"ReadAction","target":["https:\/\/www.tosunlux.eu\/hi\/products\/three-phase-voltage-relay-trv8\/"]}]},{"@type":"ImageObject","inLanguage":"fr-FR","@id":"https:\/\/www.tosunlux.eu\/hi\/products\/three-phase-voltage-relay-trv8\/#primaryimage","url":"https:\/\/www.tosunlux.eu\/wp-content\/uploads\/2022\/04\/dimension-1024x559.jpg","contentUrl":"https:\/\/www.tosunlux.eu\/wp-content\/uploads\/2022\/04\/dimension-1024x559.jpg"},{"@type":"BreadcrumbList","@id":"https:\/\/www.tosunlux.eu\/hi\/products\/three-phase-voltage-relay-trv8\/#breadcrumb","itemListElement":[{"@type":"ListItem","position":1,"name":"Home","item":"https:\/\/www.tosunlux.eu\/ru\/"},{"@type":"ListItem","position":2,"name":"Products","item":"https:\/\/www.tosunlux.eu\/products\/"},{"@type":"ListItem","position":3,"name":"Three Phase Voltage Relay TRV8"}]},{"@type":"WebSite","@id":"https:\/\/www.tosunlux.eu\/ru\/#website","url":"https:\/\/www.tosunlux.eu\/ru\/","name":"Site officiel TOSUNlux - Fabricant de disjoncteurs \u00e9lectriques en Chine","description":"Fournisseur de syst\u00e8me de distribution d&#039;\u00e9nergie","publisher":{"@id":"https:\/\/www.tosunlux.eu\/ru\/#organization"},"alternateName":"TOSUNlux","potentialAction":[{"@type":"SearchAction","target":{"@type":"EntryPoint","urlTemplate":"https:\/\/www.tosunlux.eu\/ru\/?s={search_term_string}"},"query-input":{"@type":"PropertyValueSpecification","valueRequired":true,"valueName":"search_term_string"}}],"inLanguage":"fr-FR"},{"@type":"Organization","@id":"https:\/\/www.tosunlux.eu\/ru\/#organization","name":"TOSUNlux","url":"https:\/\/www.tosunlux.eu\/ru\/","logo":{"@type":"ImageObject","inLanguage":"fr-FR","@id":"https:\/\/www.tosunlux.eu\/ru\/#\/schema\/logo\/image\/","url":"https:\/\/www.tosunlux.eu\/wp-content\/uploads\/2022\/01\/LOGOSYSM.71762f1.png","contentUrl":"https:\/\/www.tosunlux.eu\/wp-content\/uploads\/2022\/01\/LOGOSYSM.71762f1.png","width":153,"height":55,"caption":"TOSUNlux"},"image":{"@id":"https:\/\/www.tosunlux.eu\/ru\/#\/schema\/logo\/image\/"},"sameAs":["https:\/\/www.facebook.com\/TOSUNelectric\/","https:\/\/www.linkedin.com\/company\/wenzhou-tosun-electric-co.-ltd\/"]}]}},"_links":{"self":[{"href":"https:\/\/www.tosunlux.eu\/fr\/wp-json\/wp\/v2\/product\/1097","targetHints":{"allow":["GET"]}}],"collection":[{"href":"https:\/\/www.tosunlux.eu\/fr\/wp-json\/wp\/v2\/product"}],"about":[{"href":"https:\/\/www.tosunlux.eu\/fr\/wp-json\/wp\/v2\/types\/product"}],"version-history":[{"count":1,"href":"https:\/\/www.tosunlux.eu\/fr\/wp-json\/wp\/v2\/product\/1097\/revisions"}],"predecessor-version":[{"id":8032,"href":"https:\/\/www.tosunlux.eu\/fr\/wp-json\/wp\/v2\/product\/1097\/revisions\/8032"}],"wp:attachment":[{"href":"https:\/\/www.tosunlux.eu\/fr\/wp-json\/wp\/v2\/media?parent=1097"}],"wp:term":[{"taxonomy":"product_category","embeddable":true,"href":"https:\/\/www.tosunlux.eu\/fr\/wp-json\/wp\/v2\/product_category?post=1097"}],"curies":[{"name":"wp","href":"https:\/\/api.w.org\/{rel}","templated":true}]}}