{"id":11076,"date":"2024-07-17T16:03:47","date_gmt":"2024-07-17T08:03:47","guid":{"rendered":"https:\/\/www.tosunlux.eu\/?post_type=product&#038;p=11076"},"modified":"2024-07-17T16:03:49","modified_gmt":"2024-07-17T08:03:49","slug":"pushbutton-switch-pa3-bg25","status":"publish","type":"product","link":"https:\/\/www.tosunlux.eu\/fr\/products\/pushbutton-switch-pa3-bg25\/","title":{"rendered":"Interrupteur \u00e0 bouton-poussoir PA3-BG25"},"content":{"rendered":"<p>Structure de contact disponible\u00a0:\u00a011 (20, 02, 22, 40, 04 ou 33 peuvent \u00eatre fournis selon<br>sur demande sp\u00e9ciale).<br>Tension disponible pour l&#039;indicateur\u00a0: AC220V (AC\/DC6V, 12V, 24V, 36V, 48V, 110V &amp; 220V<br>ainsi que AC110V et AC380V peuvent \u00eatre fournis selon une demande sp\u00e9ciale).<\/p>\n\n\n<table style=\"height: 274px;\" width=\"1124\">\n<tbody>\n<tr>\n<td width=\"54\">Description<\/td>\n<td width=\"54\">Contact<\/td>\n<td width=\"54\">Circuit<\/td>\n<td width=\"54\">Couleur<\/td>\n<td width=\"54\">Mod\u00e8le<\/td>\n<\/tr>\n<tr>\n<td rowspan=\"2\" width=\"54\">Interrupteur \u00e0 cl\u00e9 2 positions Rappel par ressort<\/td>\n<td rowspan=\"2\" width=\"54\">N\/O+N\/F<\/td>\n<td rowspan=\"2\" width=\"54\"><img decoding=\"async\" class=\"alignnone size-full wp-image-11077\" src=\"https:\/\/www.tosunlux.eu\/wp-content\/uploads\/2024\/07\/Y-3.jpg\" alt=\"\" width=\"198\" height=\"103\" srcset=\"https:\/\/www.tosunlux.eu\/wp-content\/uploads\/2024\/07\/Y-3.jpg 198w, https:\/\/www.tosunlux.eu\/wp-content\/uploads\/2024\/07\/Y-3-18x9.jpg 18w\" sizes=\"(max-width: 198px) 100vw, 198px\" \/><\/td>\n<td rowspan=\"2\" width=\"54\">\u2013<\/td>\n<td rowspan=\"2\" width=\"54\">PA3-BG24<\/td>\n<\/tr>\n<tr>\n<td width=\"54\">Interrupteur \u00e0 cl\u00e9 3 positions Rappel par ressort<\/td>\n<td width=\"54\">N\/O+N\/F<\/td>\n<td width=\"54\"><img decoding=\"async\" class=\"alignnone size-full wp-image-11078\" src=\"https:\/\/www.tosunlux.eu\/wp-content\/uploads\/2024\/07\/Z-1.jpg\" alt=\"\" width=\"198\" height=\"102\" srcset=\"https:\/\/www.tosunlux.eu\/wp-content\/uploads\/2024\/07\/Z-1.jpg 198w, https:\/\/www.tosunlux.eu\/wp-content\/uploads\/2024\/07\/Z-1-18x9.jpg 18w\" sizes=\"(max-width: 198px) 100vw, 198px\" \/><\/td>\n<td width=\"54\">\u2013<\/td>\n<td width=\"54\">PA3-BG34<\/td>\n<\/tr>\n<tr>\n<td rowspan=\"2\" width=\"54\">Interrupteur \u00e0 cl\u00e9 2 positions Rester en place<\/td>\n<td rowspan=\"2\" width=\"54\">N\/O+N\/F<\/td>\n<td rowspan=\"2\" width=\"54\"><img decoding=\"async\" class=\"alignnone size-full wp-image-11082\" src=\"https:\/\/www.tosunlux.eu\/wp-content\/uploads\/2024\/07\/Z-2.jpg\" alt=\"\" width=\"198\" height=\"102\" srcset=\"https:\/\/www.tosunlux.eu\/wp-content\/uploads\/2024\/07\/Z-2.jpg 198w, https:\/\/www.tosunlux.eu\/wp-content\/uploads\/2024\/07\/Z-2-18x9.jpg 18w\" sizes=\"(max-width: 198px) 100vw, 198px\" \/><\/td>\n<td rowspan=\"2\" width=\"54\">\u2013<\/td>\n<td rowspan=\"2\" width=\"54\">PA3-BG25<\/td>\n<\/tr>\n<tr>\n<td width=\"54\">Interrupteur \u00e0 cl\u00e9 3 positions Rester en place<\/td>\n<td width=\"54\">N\/O+N\/F<\/td>\n<td width=\"54\"><img loading=\"lazy\" decoding=\"async\" class=\"alignnone size-full wp-image-11080\" src=\"https:\/\/www.tosunlux.eu\/wp-content\/uploads\/2024\/07\/2-1.jpg\" alt=\"\" width=\"198\" height=\"103\" srcset=\"https:\/\/www.tosunlux.eu\/wp-content\/uploads\/2024\/07\/2-1.jpg 198w, https:\/\/www.tosunlux.eu\/wp-content\/uploads\/2024\/07\/2-1-18x9.jpg 18w\" sizes=\"(max-width: 198px) 100vw, 198px\" \/><\/td>\n<td width=\"54\">\u2013<\/td>\n<td width=\"54\">PA3-BG35<\/td>\n<\/tr>\n<\/tbody>\n<\/table>","protected":false},"parent":0,"template":"","product_category":[35,94],"class_list":["post-11076","product","type-product","status-publish","hentry","product_category-industrial-control-devices","product_category-pushbutton-switch"],"yoast_head":"<!-- This site is optimized with the Yoast SEO plugin v27.3 - https:\/\/yoast.com\/product\/yoast-seo-wordpress\/ -->\n<title>WholesalePushbutton Switch PA3-BG25 - TOSUNlux Official Site - Electrical Circuit Breaker Manufacturer in China Low Voltage Electrical Supplier | TOSUNlux<\/title>\n<meta name=\"description\" content=\"Pushbutton Switch PA3-BG25 Supplier - Wholesale direct from TOSUNlux, a trusted manufacturer since 1994. Get your B2B factory quote on our certified Low Voltage electrical products.\" \/>\n<meta name=\"robots\" content=\"index, follow, max-snippet:-1, max-image-preview:large, max-video-preview:-1\" \/>\n<link rel=\"canonical\" href=\"https:\/\/www.tosunlux.eu\/fr\/products\/pushbutton-switch-pa3-bg25\/\" \/>\n<meta property=\"og:locale\" content=\"fr_FR\" \/>\n<meta property=\"og:type\" content=\"article\" \/>\n<meta property=\"og:title\" content=\"WholesalePushbutton Switch PA3-BG25 - TOSUNlux Official Site - Electrical Circuit Breaker Manufacturer in China Low Voltage Electrical Supplier | TOSUNlux\" \/>\n<meta property=\"og:description\" content=\"Pushbutton Switch PA3-BG25 Supplier - Wholesale direct from TOSUNlux, a trusted manufacturer since 1994. Get your B2B factory quote on our certified Low Voltage electrical products.\" \/>\n<meta property=\"og:url\" content=\"https:\/\/www.tosunlux.eu\/fr\/products\/pushbutton-switch-pa3-bg25\/\" \/>\n<meta property=\"og:site_name\" content=\"TOSUNlux Official Site - Electrical Circuit Breaker Manufacturer in China\" \/>\n<meta property=\"article:publisher\" content=\"https:\/\/www.facebook.com\/TOSUNelectric\/\" \/>\n<meta property=\"article:modified_time\" content=\"2024-07-17T08:03:49+00:00\" \/>\n<meta property=\"og:image\" content=\"https:\/\/www.tosunlux.eu\/wp-content\/uploads\/2024\/07\/Y-3.jpg\" \/>\n<meta name=\"twitter:card\" content=\"summary_large_image\" \/>\n<meta name=\"twitter:label1\" content=\"Dur\u00e9e de lecture estim\u00e9e\" \/>\n\t<meta name=\"twitter:data1\" content=\"2 minutes\" \/>\n<script type=\"application\/ld+json\" class=\"yoast-schema-graph\">{\"@context\":\"https:\\\/\\\/schema.org\",\"@graph\":[{\"@type\":\"WebPage\",\"@id\":\"https:\\\/\\\/www.tosunlux.eu\\\/es\\\/products\\\/pushbutton-switch-pa3-bg25\\\/\",\"url\":\"https:\\\/\\\/www.tosunlux.eu\\\/es\\\/products\\\/pushbutton-switch-pa3-bg25\\\/\",\"name\":\"WholesalePushbutton Switch PA3-BG25 - TOSUNlux Official Site - Electrical Circuit Breaker Manufacturer in China Low Voltage Electrical Supplier | TOSUNlux\",\"isPartOf\":{\"@id\":\"https:\\\/\\\/www.tosunlux.eu\\\/ru\\\/#website\"},\"primaryImageOfPage\":{\"@id\":\"https:\\\/\\\/www.tosunlux.eu\\\/es\\\/products\\\/pushbutton-switch-pa3-bg25\\\/#primaryimage\"},\"image\":{\"@id\":\"https:\\\/\\\/www.tosunlux.eu\\\/es\\\/products\\\/pushbutton-switch-pa3-bg25\\\/#primaryimage\"},\"thumbnailUrl\":\"https:\\\/\\\/www.tosunlux.eu\\\/wp-content\\\/uploads\\\/2024\\\/07\\\/Y-3.jpg\",\"datePublished\":\"2024-07-17T08:03:47+00:00\",\"dateModified\":\"2024-07-17T08:03:49+00:00\",\"description\":\"Pushbutton Switch PA3-BG25 Supplier - Wholesale direct from TOSUNlux, a trusted manufacturer since 1994. Get your B2B factory quote on our certified Low Voltage electrical products.\",\"breadcrumb\":{\"@id\":\"https:\\\/\\\/www.tosunlux.eu\\\/es\\\/products\\\/pushbutton-switch-pa3-bg25\\\/#breadcrumb\"},\"inLanguage\":\"fr-FR\",\"potentialAction\":[{\"@type\":\"ReadAction\",\"target\":[\"https:\\\/\\\/www.tosunlux.eu\\\/es\\\/products\\\/pushbutton-switch-pa3-bg25\\\/\"]}]},{\"@type\":\"ImageObject\",\"inLanguage\":\"fr-FR\",\"@id\":\"https:\\\/\\\/www.tosunlux.eu\\\/es\\\/products\\\/pushbutton-switch-pa3-bg25\\\/#primaryimage\",\"url\":\"https:\\\/\\\/www.tosunlux.eu\\\/wp-content\\\/uploads\\\/2024\\\/07\\\/Y-3.jpg\",\"contentUrl\":\"https:\\\/\\\/www.tosunlux.eu\\\/wp-content\\\/uploads\\\/2024\\\/07\\\/Y-3.jpg\"},{\"@type\":\"BreadcrumbList\",\"@id\":\"https:\\\/\\\/www.tosunlux.eu\\\/es\\\/products\\\/pushbutton-switch-pa3-bg25\\\/#breadcrumb\",\"itemListElement\":[{\"@type\":\"ListItem\",\"position\":1,\"name\":\"Home\",\"item\":\"https:\\\/\\\/www.tosunlux.eu\\\/ru\\\/\"},{\"@type\":\"ListItem\",\"position\":2,\"name\":\"Products\",\"item\":\"https:\\\/\\\/www.tosunlux.eu\\\/products\\\/\"},{\"@type\":\"ListItem\",\"position\":3,\"name\":\"Pushbutton Switch PA3-BG25\"}]},{\"@type\":\"WebSite\",\"@id\":\"https:\\\/\\\/www.tosunlux.eu\\\/ru\\\/#website\",\"url\":\"https:\\\/\\\/www.tosunlux.eu\\\/ru\\\/\",\"name\":\"TOSUNlux Official Site - Electrical Circuit Breaker Manufacturer in China\",\"description\":\"Power Distribution System Supplier\",\"publisher\":{\"@id\":\"https:\\\/\\\/www.tosunlux.eu\\\/ru\\\/#organization\"},\"alternateName\":\"TOSUNlux\",\"potentialAction\":[{\"@type\":\"SearchAction\",\"target\":{\"@type\":\"EntryPoint\",\"urlTemplate\":\"https:\\\/\\\/www.tosunlux.eu\\\/ru\\\/?s={search_term_string}\"},\"query-input\":{\"@type\":\"PropertyValueSpecification\",\"valueRequired\":true,\"valueName\":\"search_term_string\"}}],\"inLanguage\":\"fr-FR\"},{\"@type\":\"Organization\",\"@id\":\"https:\\\/\\\/www.tosunlux.eu\\\/ru\\\/#organization\",\"name\":\"TOSUNlux\",\"url\":\"https:\\\/\\\/www.tosunlux.eu\\\/ru\\\/\",\"logo\":{\"@type\":\"ImageObject\",\"inLanguage\":\"fr-FR\",\"@id\":\"https:\\\/\\\/www.tosunlux.eu\\\/ru\\\/#\\\/schema\\\/logo\\\/image\\\/\",\"url\":\"https:\\\/\\\/www.tosunlux.eu\\\/wp-content\\\/uploads\\\/2022\\\/01\\\/LOGOSYSM.71762f1.png\",\"contentUrl\":\"https:\\\/\\\/www.tosunlux.eu\\\/wp-content\\\/uploads\\\/2022\\\/01\\\/LOGOSYSM.71762f1.png\",\"width\":153,\"height\":55,\"caption\":\"TOSUNlux\"},\"image\":{\"@id\":\"https:\\\/\\\/www.tosunlux.eu\\\/ru\\\/#\\\/schema\\\/logo\\\/image\\\/\"},\"sameAs\":[\"https:\\\/\\\/www.facebook.com\\\/TOSUNelectric\\\/\",\"https:\\\/\\\/www.linkedin.com\\\/company\\\/wenzhou-tosun-electric-co.-ltd\\\/\"]}]}<\/script>\n<!-- \/ Yoast SEO plugin. -->","yoast_head_json":{"title":"Interrupteur \u00e0 bouton-poussoir PA3-BG25 en gros - Site officiel TOSUNlux - Fabricant de disjoncteurs \u00e9lectriques en Chine | Fournisseur d&#039;\u00e9quipements \u00e9lectriques basse tension | TOSUNlux","description":"Fournisseur d&#039;interrupteurs \u00e0 bouton-poussoir PA3-BG25 - Vente en gros directement aupr\u00e8s de TOSUNlux, un fabricant de confiance depuis 1994. Obtenez votre devis d&#039;usine B2B sur nos produits \u00e9lectriques basse tension certifi\u00e9s.","robots":{"index":"index","follow":"follow","max-snippet":"max-snippet:-1","max-image-preview":"max-image-preview:large","max-video-preview":"max-video-preview:-1"},"canonical":"https:\/\/www.tosunlux.eu\/fr\/products\/pushbutton-switch-pa3-bg25\/","og_locale":"fr_FR","og_type":"article","og_title":"WholesalePushbutton Switch PA3-BG25 - TOSUNlux Official Site - Electrical Circuit Breaker Manufacturer in China Low Voltage Electrical Supplier | TOSUNlux","og_description":"Pushbutton Switch PA3-BG25 Supplier - Wholesale direct from TOSUNlux, a trusted manufacturer since 1994. Get your B2B factory quote on our certified Low Voltage electrical products.","og_url":"https:\/\/www.tosunlux.eu\/fr\/products\/pushbutton-switch-pa3-bg25\/","og_site_name":"TOSUNlux Official Site - Electrical Circuit Breaker Manufacturer in China","article_publisher":"https:\/\/www.facebook.com\/TOSUNelectric\/","article_modified_time":"2024-07-17T08:03:49+00:00","og_image":[{"url":"https:\/\/www.tosunlux.eu\/wp-content\/uploads\/2024\/07\/Y-3.jpg","type":"","width":"","height":""}],"twitter_card":"summary_large_image","twitter_misc":{"Dur\u00e9e de lecture estim\u00e9e":"2 minutes"},"schema":{"@context":"https:\/\/schema.org","@graph":[{"@type":"WebPage","@id":"https:\/\/www.tosunlux.eu\/es\/products\/pushbutton-switch-pa3-bg25\/","url":"https:\/\/www.tosunlux.eu\/es\/products\/pushbutton-switch-pa3-bg25\/","name":"Interrupteur \u00e0 bouton-poussoir PA3-BG25 en gros - Site officiel TOSUNlux - Fabricant de disjoncteurs \u00e9lectriques en Chine | Fournisseur d&#039;\u00e9quipements \u00e9lectriques basse tension | TOSUNlux","isPartOf":{"@id":"https:\/\/www.tosunlux.eu\/ru\/#website"},"primaryImageOfPage":{"@id":"https:\/\/www.tosunlux.eu\/es\/products\/pushbutton-switch-pa3-bg25\/#primaryimage"},"image":{"@id":"https:\/\/www.tosunlux.eu\/es\/products\/pushbutton-switch-pa3-bg25\/#primaryimage"},"thumbnailUrl":"https:\/\/www.tosunlux.eu\/wp-content\/uploads\/2024\/07\/Y-3.jpg","datePublished":"2024-07-17T08:03:47+00:00","dateModified":"2024-07-17T08:03:49+00:00","description":"Fournisseur d&#039;interrupteurs \u00e0 bouton-poussoir PA3-BG25 - Vente en gros directement aupr\u00e8s de TOSUNlux, un fabricant de confiance depuis 1994. Obtenez votre devis d&#039;usine B2B sur nos produits \u00e9lectriques basse tension certifi\u00e9s.","breadcrumb":{"@id":"https:\/\/www.tosunlux.eu\/es\/products\/pushbutton-switch-pa3-bg25\/#breadcrumb"},"inLanguage":"fr-FR","potentialAction":[{"@type":"ReadAction","target":["https:\/\/www.tosunlux.eu\/es\/products\/pushbutton-switch-pa3-bg25\/"]}]},{"@type":"ImageObject","inLanguage":"fr-FR","@id":"https:\/\/www.tosunlux.eu\/es\/products\/pushbutton-switch-pa3-bg25\/#primaryimage","url":"https:\/\/www.tosunlux.eu\/wp-content\/uploads\/2024\/07\/Y-3.jpg","contentUrl":"https:\/\/www.tosunlux.eu\/wp-content\/uploads\/2024\/07\/Y-3.jpg"},{"@type":"BreadcrumbList","@id":"https:\/\/www.tosunlux.eu\/es\/products\/pushbutton-switch-pa3-bg25\/#breadcrumb","itemListElement":[{"@type":"ListItem","position":1,"name":"Home","item":"https:\/\/www.tosunlux.eu\/ru\/"},{"@type":"ListItem","position":2,"name":"Products","item":"https:\/\/www.tosunlux.eu\/products\/"},{"@type":"ListItem","position":3,"name":"Pushbutton Switch PA3-BG25"}]},{"@type":"WebSite","@id":"https:\/\/www.tosunlux.eu\/ru\/#website","url":"https:\/\/www.tosunlux.eu\/ru\/","name":"Site officiel TOSUNlux - Fabricant de disjoncteurs \u00e9lectriques en Chine","description":"Fournisseur de syst\u00e8me de distribution d&#039;\u00e9nergie","publisher":{"@id":"https:\/\/www.tosunlux.eu\/ru\/#organization"},"alternateName":"TOSUNlux","potentialAction":[{"@type":"SearchAction","target":{"@type":"EntryPoint","urlTemplate":"https:\/\/www.tosunlux.eu\/ru\/?s={search_term_string}"},"query-input":{"@type":"PropertyValueSpecification","valueRequired":true,"valueName":"search_term_string"}}],"inLanguage":"fr-FR"},{"@type":"Organization","@id":"https:\/\/www.tosunlux.eu\/ru\/#organization","name":"TOSUNlux","url":"https:\/\/www.tosunlux.eu\/ru\/","logo":{"@type":"ImageObject","inLanguage":"fr-FR","@id":"https:\/\/www.tosunlux.eu\/ru\/#\/schema\/logo\/image\/","url":"https:\/\/www.tosunlux.eu\/wp-content\/uploads\/2022\/01\/LOGOSYSM.71762f1.png","contentUrl":"https:\/\/www.tosunlux.eu\/wp-content\/uploads\/2022\/01\/LOGOSYSM.71762f1.png","width":153,"height":55,"caption":"TOSUNlux"},"image":{"@id":"https:\/\/www.tosunlux.eu\/ru\/#\/schema\/logo\/image\/"},"sameAs":["https:\/\/www.facebook.com\/TOSUNelectric\/","https:\/\/www.linkedin.com\/company\/wenzhou-tosun-electric-co.-ltd\/"]}]}},"_links":{"self":[{"href":"https:\/\/www.tosunlux.eu\/fr\/wp-json\/wp\/v2\/product\/11076","targetHints":{"allow":["GET"]}}],"collection":[{"href":"https:\/\/www.tosunlux.eu\/fr\/wp-json\/wp\/v2\/product"}],"about":[{"href":"https:\/\/www.tosunlux.eu\/fr\/wp-json\/wp\/v2\/types\/product"}],"version-history":[{"count":1,"href":"https:\/\/www.tosunlux.eu\/fr\/wp-json\/wp\/v2\/product\/11076\/revisions"}],"predecessor-version":[{"id":11083,"href":"https:\/\/www.tosunlux.eu\/fr\/wp-json\/wp\/v2\/product\/11076\/revisions\/11083"}],"wp:attachment":[{"href":"https:\/\/www.tosunlux.eu\/fr\/wp-json\/wp\/v2\/media?parent=11076"}],"wp:term":[{"taxonomy":"product_category","embeddable":true,"href":"https:\/\/www.tosunlux.eu\/fr\/wp-json\/wp\/v2\/product_category?post=11076"}],"curies":[{"name":"wp","href":"https:\/\/api.w.org\/{rel}","templated":true}]}}