{"id":1113,"date":"2022-04-14T15:19:47","date_gmt":"2022-04-14T07:19:47","guid":{"rendered":"https:\/\/www.tosunlux.eu\/?post_type=product&#038;p=1113"},"modified":"2024-07-23T09:06:45","modified_gmt":"2024-07-23T01:06:45","slug":"multifunction-time-relay-trt8","status":"publish","type":"product","link":"https:\/\/www.tosunlux.eu\/fr\/products\/multifunction-time-relay-trt8\/","title":{"rendered":"Relais temporis\u00e9 multifonction TRT8"},"content":{"rendered":"<meta charset=\"utf-8\">\n\t\t\t<title><\/title>\n\t\t\t<style type=\"text\/css\">\n\t\t\t\t.wzf-icon2 {\n\t\t\t\t\tmargin-left: auto;\n\t\t\t\t}\n\n\t\t\t\t.wzf-catalogueName {\n\t\t\t\t\tmargin-left: 5%;\n\t\t\t\t}\n\n\t\t\t\t.wzf-catalogueName:hover {\n\t\t\t\t\tcolor: #1fc2db;\n\t\t\t\t}\n\n\t\t\t\t.wzf-catalogueTime {\n\t\t\t\t\tmargin-left: 20%;\n\t\t\t\t}\n\n\t\t\t\t.wzf-catalogueDownload {\n\t\t\t\t\tdisplay: flex;\n\t\t\t\t\talign-items: center;\n\t\t\t\t\twidth: 100%;\n\t\t\t\t\t\/* Adjust width if needed *\/\n\t\t\t\t\tpadding: 5px;\n\t\t\t\t\tborder: 0.5px solid gray;\n                                        margin-top:1%;\n                                        margin-botton:100%;\n\t\t\t\t}\n\t\t\t<\/style>\n\t\t\n\t\t\n\t\t\t<div class=\"wzf-catalogueDownload\">\n\t\t\t\t<div class=\"wzf-icon1\">\n\t\t\t\t\t<svg t=\"1712644465367\" viewbox=\"0 0 1024 1024\" version=\"1.1\" xmlns=\"http:\/\/www.w3.org\/2000\/svg\" p-id=\"4313\" width=\"25\" height=\"25\">\n\t\t\t\t\t\t<path d=\"M679.814 62.381H128.692v897.177h768.434V255.079L679.814 62.381zM203.758 890.606V131.333h414.026v188.205H822.06v571.068H203.758z\" fill=\"#1fc2db\" p-id=\"4314\"><\/path>\n\t\t\t\t\t\t<path d=\"M293.825 417.364H746.64v67.229H293.825zM293.825 577.709H746.64v67.229H293.825zM293.825 738.054H746.64v67.229H293.825z\" fill=\"#1fc2db\" p-id=\"4315\"><\/path>\n\t\t\t\t\t<\/svg>\n\t\t\t\t<\/div>\n\t\t\t\t<div class=\"wzf-catalogueName\">\n\t\t\t\t\t<a target=\"_blank\" href=\"https:\/\/www.tosunlux.eu\/wp-content\/uploads\/2022\/05\/230200374SHA-V1.pdf\" rel=\"noopener\">Nom<\/a>\n\t\t\t\t<\/div>\n\t\t\t\t<div class=\"wzf-catalogueTime\">\n\t\t\t\t\tTemps\n\t\t\t\t<\/div>\n\t\t\t\t<div class=\"wzf-icon2\">\n\t\t\t\t\t<a target=\"_blank\" href=\"https:\/\/www.tosunlux.eu\/wp-content\/uploads\/2022\/05\/230200374SHA-V1.pdf\" rel=\"noopener\"><svg t=\"1712644684655\" viewbox=\"0 0 1024 1024\" version=\"1.1\" xmlns=\"http:\/\/www.w3.org\/2000\/svg\" p-id=\"6258\" width=\"25\" height=\"25\">\n\t\t\t\t\t\t\t<path d=\"M512 32C246.4 32 32 246.4 32 512s214.4 480 480 480 480-214.4 480-480S777.6 32 512 32z m-134.4 390.4c12.8-12.8 32-12.8 44.8 0l54.4 54.4V224c0-19.2 12.8-32 32-32s32 12.8 32 32v249.6l54.4-54.4c12.8-12.8 32-12.8 44.8 0 12.8 12.8 12.8 32 0 44.8L531.2 576c-6.4 6.4-16 9.6-22.4 9.6-9.6 0-16-3.2-22.4-9.6l-108.8-108.8c-9.6-12.8-9.6-32 0-44.8zM800 697.6c0 38.4-32 70.4-67.2 70.4H291.2C256 768 224 736 224 697.6V544c0-19.2 12.8-32 32-32s32 12.8 32 32v153.6c0 3.2 3.2 6.4 3.2 6.4h438.4c3.2 0 3.2-3.2 3.2-6.4V544c0-19.2 12.8-32 32-32s32 12.8 32 32v153.6z\" p-id=\"6259\" fill=\"#1fc2db\"><\/path>\n\t\t\t\t\t\t<\/svg><\/a>\n\t\t\t\t<\/div>\n\t\t\t<\/div>\n\n\n\n<pre class=\"wp-block-verse\"><strong>Applications<\/strong>\nLe relais temporis\u00e9 multifonction peut \u00eatre utilis\u00e9 pour les appareils \u00e9lectriques, le contr\u00f4le des lumi\u00e8res, le chauffage, les moteurs, les pompes et les ventilateurs (10 fonctions, 10 plages de temps multi-tension).\n<strong>Caract\u00e9ristiques<\/strong>\n10 fonctions : - 5 fonctions temporis\u00e9es pilot\u00e9es par la tension d&#039;alimentation - 4 fonctions temporis\u00e9es pilot\u00e9es par entr\u00e9e de commande - 1 fonction de relais \u00e0 accrochage Confortable et bien agenc\u00e9 Fonction et r\u00e9glage de la plage horaire par commutateurs rotatifs. \u00c9chelle de temps 0,1 s-10 jours divis\u00e9e en 10 plages. L&#039;\u00e9tat du relais est indiqu\u00e9 par une LED. 1 MODULE, montage sur rail DIN.\n<strong>Param\u00e8tres techniques<\/strong>\n<\/pre>\n\n\n<table style=\"height: 823px;\" width=\"588\">\n<tbody>\n<tr>\n<td style=\"text-align: center;\" colspan=\"2\" width=\"175\"><span style=\"vertical-align: inherit;\"><span style=\"vertical-align: inherit;\">Mod\u00e8le<\/span><\/span><\/td>\n<td style=\"text-align: center;\" colspan=\"2\" width=\"159\"><span style=\"vertical-align: inherit;\"><span style=\"vertical-align: inherit;\">TRT8-M1<\/span><\/span><\/td>\n<td style=\"text-align: center;\" colspan=\"2\" width=\"200\"><span style=\"vertical-align: inherit;\"><span style=\"vertical-align: inherit;\">TRT8-M2<\/span><\/span><\/td>\n<\/tr>\n<tr>\n<td style=\"text-align: center;\" colspan=\"2\" width=\"175\"><span style=\"vertical-align: inherit;\"><span style=\"vertical-align: inherit;\">Fonction<\/span><\/span><\/td>\n<td style=\"text-align: center;\" colspan=\"4\" width=\"359\"><span style=\"vertical-align: inherit;\"><span style=\"vertical-align: inherit;\">A, B, C, D, E, F, G, H, I, J<\/span><\/span><\/td>\n<\/tr>\n<tr>\n<td style=\"text-align: center;\" colspan=\"2\" width=\"175\">Bornes d&#039;alimentation<\/td>\n<td style=\"text-align: center;\" colspan=\"4\" width=\"359\"><span style=\"vertical-align: inherit;\"><span style=\"vertical-align: inherit;\">A1-A2<\/span><\/span><\/td>\n<\/tr>\n<tr>\n<td style=\"text-align: center;\">Plage de tension<\/td>\n<td style=\"text-align: center;\" rowspan=\"2\" width=\"72\"><span style=\"vertical-align: inherit;\"><span style=\"vertical-align: inherit;\">W240<\/span><\/span><\/td>\n<td style=\"text-align: center;\" colspan=\"4\" width=\"359\"><span style=\"vertical-align: inherit;\"><span style=\"vertical-align: inherit;\">CA\/CC 12-240 V (50-60 Hz)<\/span><\/span><\/td>\n<\/tr>\n<tr>\n<td style=\"text-align: center;\" width=\"103\">Fardeau&nbsp;<\/td>\n<td style=\"text-align: center;\" colspan=\"4\" width=\"359\"><span style=\"vertical-align: inherit;\"><span style=\"vertical-align: inherit;\">CA 0,09-3 VA\/CC 0,05-1,7 W<\/span><\/span><\/td>\n<\/tr>\n<tr>\n<td style=\"text-align: center;\">Entr\u00e9e de puissance<\/td>\n<td style=\"text-align: center;\" rowspan=\"2\" width=\"72\"><span style=\"vertical-align: inherit;\"><span style=\"vertical-align: inherit;\">A230<\/span><\/span><\/td>\n<td style=\"text-align: center;\" colspan=\"4\" width=\"359\"><span style=\"vertical-align: inherit;\"><span style=\"vertical-align: inherit;\">CA 230V (50-60Hz)<\/span><\/span><\/td>\n<\/tr>\n<tr>\n<td style=\"text-align: center;\">Plage de tension<\/td>\n<td style=\"text-align: center;\" colspan=\"3\" width=\"231\"><span style=\"vertical-align: inherit;\"><span style=\"vertical-align: inherit;\">AC max.6VA\/1.3W<\/span><\/span><\/td>\n<td style=\"text-align: center;\"><span style=\"vertical-align: inherit;\"><span style=\"vertical-align: inherit;\">AC max.6VA\/1.9W<\/span><\/span><\/td>\n<\/tr>\n<tr>\n<td style=\"text-align: center;\" colspan=\"2\" width=\"175\">Tol\u00e9rance de tension d&#039;alimentation<\/td>\n<td style=\"text-align: center;\" colspan=\"4\" width=\"359\"><span style=\"vertical-align: inherit;\"><span style=\"vertical-align: inherit;\">-15%;+10%<\/span><\/span><\/td>\n<\/tr>\n<tr>\n<td style=\"text-align: center;\" colspan=\"2\" width=\"175\">Indication d&#039;approvisionnement<\/td>\n<td style=\"text-align: center;\" colspan=\"4\" width=\"359\"><span style=\"vertical-align: inherit;\"><span style=\"vertical-align: inherit;\">&nbsp;DEL verte<\/span><\/span><\/td>\n<\/tr>\n<tr>\n<td style=\"text-align: center;\" colspan=\"2\" width=\"175\">Plages horaires<\/td>\n<td style=\"text-align: center;\" colspan=\"4\" width=\"359\">0.1s-10days, MARCHE, ARR\u00caT<\/td>\n<\/tr>\n<tr>\n<td style=\"text-align: center;\" colspan=\"2\" width=\"175\">R\u00e9glage de l&#039;heure<\/td>\n<td style=\"text-align: center;\" colspan=\"4\" width=\"359\">Potentiom\u00e8tre<\/td>\n<\/tr>\n<tr>\n<td style=\"text-align: center;\" colspan=\"2\" width=\"175\">\u00c9cart de temps<\/td>\n<td style=\"text-align: center;\" colspan=\"4\" width=\"359\"><span style=\"vertical-align: inherit;\"><span style=\"vertical-align: inherit;\">10%-r\u00e9glage m\u00e9canique<\/span><\/span><\/td>\n<\/tr>\n<tr>\n<td style=\"text-align: center;\" colspan=\"2\" width=\"175\">Pr\u00e9cision de r\u00e9p\u00e9tition<\/td>\n<td style=\"text-align: center;\" colspan=\"4\" width=\"359\"><span style=\"vertical-align: inherit;\"><span style=\"vertical-align: inherit;\">Stabilit\u00e9 de la valeur de consigne 0.2%<\/span><\/span><\/td>\n<\/tr>\n<tr>\n<td style=\"text-align: center;\" colspan=\"2\" width=\"175\">Co\u00e9fficent de temp\u00e9rature<\/td>\n<td style=\"text-align: center;\" colspan=\"4\" width=\"359\"><span style=\"vertical-align: inherit;\"><span style=\"vertical-align: inherit;\">&nbsp;0.05%\/\u2103,\u00e0=20\u00b0C(0.05%\u00b0F,\u00e0=68\u00b0F)<\/span><\/span><\/td>\n<\/tr>\n<tr>\n<td style=\"text-align: center;\" colspan=\"2\" width=\"175\">Sortir<\/td>\n<td style=\"text-align: center;\" width=\"87\">1xSPDT<\/td>\n<td style=\"text-align: center;\" colspan=\"3\" width=\"272\">2xSPDT<\/td>\n<\/tr>\n<tr>\n<td style=\"text-align: center;\" colspan=\"2\" width=\"175\">Note actuelle<\/td>\n<td style=\"text-align: center;\"><span style=\"vertical-align: inherit;\"><span style=\"vertical-align: inherit;\">1x16A(AC1)<\/span><\/span><\/td>\n<td style=\"text-align: center;\" colspan=\"3\" width=\"272\"><span style=\"vertical-align: inherit;\"><span style=\"vertical-align: inherit;\">2x16A(AC1)<\/span><\/span><\/td>\n<\/tr>\n<tr>\n<td style=\"text-align: center;\" colspan=\"2\" width=\"175\">Tension de commutation<\/td>\n<td style=\"text-align: center;\" colspan=\"4\" width=\"359\"><span style=\"vertical-align: inherit;\"><span style=\"vertical-align: inherit;\">250 VCA\/24 VCC<\/span><\/span><\/td>\n<\/tr>\n<tr>\n<td style=\"text-align: center;\" colspan=\"2\" width=\"175\">Capacit\u00e9 de coupure minimale DC<\/td>\n<td style=\"text-align: center;\" colspan=\"4\" width=\"359\"><span style=\"vertical-align: inherit;\"><span style=\"vertical-align: inherit;\">500 mW<\/span><\/span><\/td>\n<\/tr>\n<tr>\n<td style=\"text-align: center;\" colspan=\"2\" width=\"175\">Indication de sortie<\/td>\n<td style=\"text-align: center;\" colspan=\"4\" width=\"359\"><span style=\"vertical-align: inherit;\"><span style=\"vertical-align: inherit;\">DEL rouge<\/span><\/span><\/td>\n<\/tr>\n<tr>\n<td style=\"text-align: center;\" colspan=\"2\" width=\"175\">Dur\u00e9e de vie m\u00e9canique<\/td>\n<td style=\"text-align: center;\" colspan=\"4\" width=\"359\"><span style=\"vertical-align: inherit;\"><span style=\"vertical-align: inherit;\">1 \u00d7 1 000 000 fois<\/span><\/span><\/td>\n<\/tr>\n<tr>\n<td style=\"text-align: center;\" colspan=\"2\" width=\"175\">Dur\u00e9e de vie \u00e9lectrique (AC1)<\/td>\n<td style=\"text-align: center;\" colspan=\"4\" width=\"359\"><span style=\"vertical-align: inherit;\"><span style=\"vertical-align: inherit;\">1 \u00d7 100 000 fois<\/span><\/span><\/td>\n<\/tr>\n<tr>\n<td style=\"text-align: center;\" colspan=\"2\" width=\"175\">Heure de remise \u00e0 z\u00e9ro<\/td>\n<td style=\"text-align: center;\" colspan=\"4\" width=\"359\"><span style=\"vertical-align: inherit;\"><span style=\"vertical-align: inherit;\">maximum. 200 ms<\/span><\/span><\/td>\n<\/tr>\n<tr>\n<td style=\"text-align: center;\" colspan=\"2\" width=\"175\">Temp\u00e9rature de fonctionnement<\/td>\n<td style=\"text-align: center;\" colspan=\"4\" width=\"359\"><span style=\"vertical-align: inherit;\"><span style=\"vertical-align: inherit;\">&nbsp;-20\u2103 \u00e0 + 55\u2103\uff08-4\u00b0F \u00e0 131\u00b0F\uff09<\/span><\/span><\/td>\n<\/tr>\n<tr>\n<td style=\"text-align: center;\" colspan=\"2\" width=\"175\">Temp\u00e9rature de stockage<\/td>\n<td style=\"text-align: center;\" colspan=\"4\" width=\"359\"><span style=\"vertical-align: inherit;\"><span style=\"vertical-align: inherit;\">&nbsp;-35\u00b0C \u00e0 + 75\u00b0C\uff08-22\u00b0C \u00e0 158\u00b0C\uff09<\/span><\/span><\/td>\n<\/tr>\n<tr>\n<td style=\"text-align: center;\" colspan=\"2\" width=\"175\">Normes<\/td>\n<td style=\"text-align: center;\" colspan=\"4\" width=\"359\"><span style=\"vertical-align: inherit;\"><span style=\"vertical-align: inherit;\">EN 61812-1\u3001IEC6947-5-1<\/span><\/span><\/td>\n<\/tr>\n<\/tbody>\n<\/table>\n\n\n<figure><img fetchpriority=\"high\" decoding=\"async\" src=\"https:\/\/www.tosunlux.eu\/wp-content\/uploads\/2022\/04\/TRT8-1-1024x493.jpg\" alt=\"\" width=\"549\" height=\"264\"\/><\/figure>","protected":false},"parent":0,"template":"","product_category":[35,92],"class_list":["post-1113","product","type-product","status-publish","hentry","product_category-industrial-control-devices","product_category-timer-relay"],"yoast_head":"<!-- This site is optimized with the Yoast SEO plugin v27.6 - https:\/\/yoast.com\/product\/yoast-seo-wordpress\/ -->\n<title>WholesaleMultifunction Time Relay TRT8 - TOSUNlux Official Site - Electrical Circuit Breaker Manufacturer in China Low Voltage Electrical Supplier | TOSUNlux<\/title>\n<meta name=\"description\" content=\"Multifunction Time Relay TRT8 Supplier - Wholesale direct from TOSUNlux, a trusted manufacturer since 1994. Get your B2B factory quote on our certified Low Voltage electrical products.\" \/>\n<meta name=\"robots\" content=\"index, follow, max-snippet:-1, max-image-preview:large, max-video-preview:-1\" \/>\n<link rel=\"canonical\" href=\"https:\/\/www.tosunlux.eu\/fr\/products\/multifunction-time-relay-trt8\/\" \/>\n<meta property=\"og:locale\" content=\"fr_FR\" \/>\n<meta property=\"og:type\" content=\"article\" \/>\n<meta property=\"og:title\" content=\"WholesaleMultifunction Time Relay TRT8 - TOSUNlux Official Site - Electrical Circuit Breaker Manufacturer in China Low Voltage Electrical Supplier | TOSUNlux\" \/>\n<meta property=\"og:description\" content=\"Multifunction Time Relay TRT8 Supplier - Wholesale direct from TOSUNlux, a trusted manufacturer since 1994. Get your B2B factory quote on our certified Low Voltage electrical products.\" \/>\n<meta property=\"og:url\" content=\"https:\/\/www.tosunlux.eu\/fr\/products\/multifunction-time-relay-trt8\/\" \/>\n<meta property=\"og:site_name\" content=\"TOSUNlux Official Site - Electrical Circuit Breaker Manufacturer in China\" \/>\n<meta property=\"article:publisher\" content=\"https:\/\/www.facebook.com\/TOSUNelectric\/\" \/>\n<meta property=\"article:modified_time\" content=\"2024-07-23T01:06:45+00:00\" \/>\n<meta property=\"og:image\" content=\"https:\/\/www.tosunlux.eu\/wp-content\/uploads\/2022\/04\/TRT8-1-1024x493.jpg\" \/>\n<meta name=\"twitter:card\" content=\"summary_large_image\" \/>\n<meta name=\"twitter:label1\" content=\"Dur\u00e9e de lecture estim\u00e9e\" \/>\n\t<meta name=\"twitter:data1\" content=\"2 minutes\" \/>\n<script type=\"application\/ld+json\" class=\"yoast-schema-graph\">{\"@context\":\"https:\\\/\\\/schema.org\",\"@graph\":[{\"@type\":\"WebPage\",\"@id\":\"https:\\\/\\\/www.tosunlux.eu\\\/tr\\\/products\\\/multifunction-time-relay-trt8\\\/\",\"url\":\"https:\\\/\\\/www.tosunlux.eu\\\/tr\\\/products\\\/multifunction-time-relay-trt8\\\/\",\"name\":\"WholesaleMultifunction Time Relay TRT8 - TOSUNlux Official Site - Electrical Circuit Breaker Manufacturer in China Low Voltage Electrical Supplier | TOSUNlux\",\"isPartOf\":{\"@id\":\"https:\\\/\\\/www.tosunlux.eu\\\/ru\\\/#website\"},\"primaryImageOfPage\":{\"@id\":\"https:\\\/\\\/www.tosunlux.eu\\\/tr\\\/products\\\/multifunction-time-relay-trt8\\\/#primaryimage\"},\"image\":{\"@id\":\"https:\\\/\\\/www.tosunlux.eu\\\/tr\\\/products\\\/multifunction-time-relay-trt8\\\/#primaryimage\"},\"thumbnailUrl\":\"https:\\\/\\\/www.tosunlux.eu\\\/wp-content\\\/uploads\\\/2022\\\/04\\\/TRT8-1-1024x493.jpg\",\"datePublished\":\"2022-04-14T07:19:47+00:00\",\"dateModified\":\"2024-07-23T01:06:45+00:00\",\"description\":\"Multifunction Time Relay TRT8 Supplier - Wholesale direct from TOSUNlux, a trusted manufacturer since 1994. Get your B2B factory quote on our certified Low Voltage electrical products.\",\"breadcrumb\":{\"@id\":\"https:\\\/\\\/www.tosunlux.eu\\\/tr\\\/products\\\/multifunction-time-relay-trt8\\\/#breadcrumb\"},\"inLanguage\":\"fr-FR\",\"potentialAction\":[{\"@type\":\"ReadAction\",\"target\":[\"https:\\\/\\\/www.tosunlux.eu\\\/tr\\\/products\\\/multifunction-time-relay-trt8\\\/\"]}]},{\"@type\":\"ImageObject\",\"inLanguage\":\"fr-FR\",\"@id\":\"https:\\\/\\\/www.tosunlux.eu\\\/tr\\\/products\\\/multifunction-time-relay-trt8\\\/#primaryimage\",\"url\":\"https:\\\/\\\/www.tosunlux.eu\\\/wp-content\\\/uploads\\\/2022\\\/04\\\/TRT8-1-1024x493.jpg\",\"contentUrl\":\"https:\\\/\\\/www.tosunlux.eu\\\/wp-content\\\/uploads\\\/2022\\\/04\\\/TRT8-1-1024x493.jpg\"},{\"@type\":\"BreadcrumbList\",\"@id\":\"https:\\\/\\\/www.tosunlux.eu\\\/tr\\\/products\\\/multifunction-time-relay-trt8\\\/#breadcrumb\",\"itemListElement\":[{\"@type\":\"ListItem\",\"position\":1,\"name\":\"Home\",\"item\":\"https:\\\/\\\/www.tosunlux.eu\\\/ru\\\/\"},{\"@type\":\"ListItem\",\"position\":2,\"name\":\"Products\",\"item\":\"https:\\\/\\\/www.tosunlux.eu\\\/products\\\/\"},{\"@type\":\"ListItem\",\"position\":3,\"name\":\"Multifunction Time Relay TRT8\"}]},{\"@type\":\"WebSite\",\"@id\":\"https:\\\/\\\/www.tosunlux.eu\\\/ru\\\/#website\",\"url\":\"https:\\\/\\\/www.tosunlux.eu\\\/ru\\\/\",\"name\":\"TOSUNlux Official Site - Electrical Circuit Breaker Manufacturer in China\",\"description\":\"Power Distribution System Supplier\",\"publisher\":{\"@id\":\"https:\\\/\\\/www.tosunlux.eu\\\/ru\\\/#organization\"},\"alternateName\":\"TOSUNlux\",\"potentialAction\":[{\"@type\":\"SearchAction\",\"target\":{\"@type\":\"EntryPoint\",\"urlTemplate\":\"https:\\\/\\\/www.tosunlux.eu\\\/ru\\\/?s={search_term_string}\"},\"query-input\":{\"@type\":\"PropertyValueSpecification\",\"valueRequired\":true,\"valueName\":\"search_term_string\"}}],\"inLanguage\":\"fr-FR\"},{\"@type\":\"Organization\",\"@id\":\"https:\\\/\\\/www.tosunlux.eu\\\/ru\\\/#organization\",\"name\":\"TOSUNlux\",\"url\":\"https:\\\/\\\/www.tosunlux.eu\\\/ru\\\/\",\"logo\":{\"@type\":\"ImageObject\",\"inLanguage\":\"fr-FR\",\"@id\":\"https:\\\/\\\/www.tosunlux.eu\\\/ru\\\/#\\\/schema\\\/logo\\\/image\\\/\",\"url\":\"https:\\\/\\\/www.tosunlux.eu\\\/wp-content\\\/uploads\\\/2022\\\/01\\\/LOGOSYSM.71762f1.png\",\"contentUrl\":\"https:\\\/\\\/www.tosunlux.eu\\\/wp-content\\\/uploads\\\/2022\\\/01\\\/LOGOSYSM.71762f1.png\",\"width\":153,\"height\":55,\"caption\":\"TOSUNlux\"},\"image\":{\"@id\":\"https:\\\/\\\/www.tosunlux.eu\\\/ru\\\/#\\\/schema\\\/logo\\\/image\\\/\"},\"sameAs\":[\"https:\\\/\\\/www.facebook.com\\\/TOSUNelectric\\\/\",\"https:\\\/\\\/www.linkedin.com\\\/company\\\/wenzhou-tosun-electric-co.-ltd\\\/\"]}]}<\/script>\n<!-- \/ Yoast SEO plugin. -->","yoast_head_json":{"title":"Relais temporis\u00e9 multifonction TRT8 en gros - Site officiel TOSUNlux - Fabricant de disjoncteurs \u00e9lectriques en Chine Fournisseur d&#039;\u00e9quipements \u00e9lectriques basse tension | TOSUNlux","description":"Fournisseur de relais temporis\u00e9s multifonctions TRT8 - Vente en gros directement aupr\u00e8s de TOSUNlux, un fabricant de confiance depuis 1994. Obtenez votre devis d&#039;usine B2B sur nos produits \u00e9lectriques basse tension certifi\u00e9s.","robots":{"index":"index","follow":"follow","max-snippet":"max-snippet:-1","max-image-preview":"max-image-preview:large","max-video-preview":"max-video-preview:-1"},"canonical":"https:\/\/www.tosunlux.eu\/fr\/products\/multifunction-time-relay-trt8\/","og_locale":"fr_FR","og_type":"article","og_title":"WholesaleMultifunction Time Relay TRT8 - TOSUNlux Official Site - Electrical Circuit Breaker Manufacturer in China Low Voltage Electrical Supplier | TOSUNlux","og_description":"Multifunction Time Relay TRT8 Supplier - Wholesale direct from TOSUNlux, a trusted manufacturer since 1994. Get your B2B factory quote on our certified Low Voltage electrical products.","og_url":"https:\/\/www.tosunlux.eu\/fr\/products\/multifunction-time-relay-trt8\/","og_site_name":"TOSUNlux Official Site - Electrical Circuit Breaker Manufacturer in China","article_publisher":"https:\/\/www.facebook.com\/TOSUNelectric\/","article_modified_time":"2024-07-23T01:06:45+00:00","og_image":[{"url":"https:\/\/www.tosunlux.eu\/wp-content\/uploads\/2022\/04\/TRT8-1-1024x493.jpg","type":"","width":"","height":""}],"twitter_card":"summary_large_image","twitter_misc":{"Dur\u00e9e de lecture estim\u00e9e":"2 minutes"},"schema":{"@context":"https:\/\/schema.org","@graph":[{"@type":"WebPage","@id":"https:\/\/www.tosunlux.eu\/tr\/products\/multifunction-time-relay-trt8\/","url":"https:\/\/www.tosunlux.eu\/tr\/products\/multifunction-time-relay-trt8\/","name":"Relais temporis\u00e9 multifonction TRT8 en gros - Site officiel TOSUNlux - Fabricant de disjoncteurs \u00e9lectriques en Chine Fournisseur d&#039;\u00e9quipements \u00e9lectriques basse tension | TOSUNlux","isPartOf":{"@id":"https:\/\/www.tosunlux.eu\/ru\/#website"},"primaryImageOfPage":{"@id":"https:\/\/www.tosunlux.eu\/tr\/products\/multifunction-time-relay-trt8\/#primaryimage"},"image":{"@id":"https:\/\/www.tosunlux.eu\/tr\/products\/multifunction-time-relay-trt8\/#primaryimage"},"thumbnailUrl":"https:\/\/www.tosunlux.eu\/wp-content\/uploads\/2022\/04\/TRT8-1-1024x493.jpg","datePublished":"2022-04-14T07:19:47+00:00","dateModified":"2024-07-23T01:06:45+00:00","description":"Fournisseur de relais temporis\u00e9s multifonctions TRT8 - Vente en gros directement aupr\u00e8s de TOSUNlux, un fabricant de confiance depuis 1994. Obtenez votre devis d&#039;usine B2B sur nos produits \u00e9lectriques basse tension certifi\u00e9s.","breadcrumb":{"@id":"https:\/\/www.tosunlux.eu\/tr\/products\/multifunction-time-relay-trt8\/#breadcrumb"},"inLanguage":"fr-FR","potentialAction":[{"@type":"ReadAction","target":["https:\/\/www.tosunlux.eu\/tr\/products\/multifunction-time-relay-trt8\/"]}]},{"@type":"ImageObject","inLanguage":"fr-FR","@id":"https:\/\/www.tosunlux.eu\/tr\/products\/multifunction-time-relay-trt8\/#primaryimage","url":"https:\/\/www.tosunlux.eu\/wp-content\/uploads\/2022\/04\/TRT8-1-1024x493.jpg","contentUrl":"https:\/\/www.tosunlux.eu\/wp-content\/uploads\/2022\/04\/TRT8-1-1024x493.jpg"},{"@type":"BreadcrumbList","@id":"https:\/\/www.tosunlux.eu\/tr\/products\/multifunction-time-relay-trt8\/#breadcrumb","itemListElement":[{"@type":"ListItem","position":1,"name":"Home","item":"https:\/\/www.tosunlux.eu\/ru\/"},{"@type":"ListItem","position":2,"name":"Products","item":"https:\/\/www.tosunlux.eu\/products\/"},{"@type":"ListItem","position":3,"name":"Multifunction Time Relay TRT8"}]},{"@type":"WebSite","@id":"https:\/\/www.tosunlux.eu\/ru\/#website","url":"https:\/\/www.tosunlux.eu\/ru\/","name":"Site officiel TOSUNlux - Fabricant de disjoncteurs \u00e9lectriques en Chine","description":"Fournisseur de syst\u00e8me de distribution d&#039;\u00e9nergie","publisher":{"@id":"https:\/\/www.tosunlux.eu\/ru\/#organization"},"alternateName":"TOSUNlux","potentialAction":[{"@type":"SearchAction","target":{"@type":"EntryPoint","urlTemplate":"https:\/\/www.tosunlux.eu\/ru\/?s={search_term_string}"},"query-input":{"@type":"PropertyValueSpecification","valueRequired":true,"valueName":"search_term_string"}}],"inLanguage":"fr-FR"},{"@type":"Organization","@id":"https:\/\/www.tosunlux.eu\/ru\/#organization","name":"TOSUNlux","url":"https:\/\/www.tosunlux.eu\/ru\/","logo":{"@type":"ImageObject","inLanguage":"fr-FR","@id":"https:\/\/www.tosunlux.eu\/ru\/#\/schema\/logo\/image\/","url":"https:\/\/www.tosunlux.eu\/wp-content\/uploads\/2022\/01\/LOGOSYSM.71762f1.png","contentUrl":"https:\/\/www.tosunlux.eu\/wp-content\/uploads\/2022\/01\/LOGOSYSM.71762f1.png","width":153,"height":55,"caption":"TOSUNlux"},"image":{"@id":"https:\/\/www.tosunlux.eu\/ru\/#\/schema\/logo\/image\/"},"sameAs":["https:\/\/www.facebook.com\/TOSUNelectric\/","https:\/\/www.linkedin.com\/company\/wenzhou-tosun-electric-co.-ltd\/"]}]}},"_links":{"self":[{"href":"https:\/\/www.tosunlux.eu\/fr\/wp-json\/wp\/v2\/product\/1113","targetHints":{"allow":["GET"]}}],"collection":[{"href":"https:\/\/www.tosunlux.eu\/fr\/wp-json\/wp\/v2\/product"}],"about":[{"href":"https:\/\/www.tosunlux.eu\/fr\/wp-json\/wp\/v2\/types\/product"}],"version-history":[{"count":32,"href":"https:\/\/www.tosunlux.eu\/fr\/wp-json\/wp\/v2\/product\/1113\/revisions"}],"predecessor-version":[{"id":13038,"href":"https:\/\/www.tosunlux.eu\/fr\/wp-json\/wp\/v2\/product\/1113\/revisions\/13038"}],"wp:attachment":[{"href":"https:\/\/www.tosunlux.eu\/fr\/wp-json\/wp\/v2\/media?parent=1113"}],"wp:term":[{"taxonomy":"product_category","embeddable":true,"href":"https:\/\/www.tosunlux.eu\/fr\/wp-json\/wp\/v2\/product_category?post=1113"}],"curies":[{"name":"wp","href":"https:\/\/api.w.org\/{rel}","templated":true}]}}