{"id":1131,"date":"2022-04-14T16:49:38","date_gmt":"2022-04-14T08:49:38","guid":{"rendered":"https:\/\/www.tosunlux.eu\/?post_type=product&#038;p=1131"},"modified":"2023-09-13T11:10:20","modified_gmt":"2023-09-13T03:10:20","slug":"asymmetric-cycler-time-relay-trt8","status":"publish","type":"product","link":"https:\/\/www.tosunlux.eu\/fr\/products\/asymmetric-cycler-time-relay-trt8\/","title":{"rendered":"Relais temporis\u00e9 cycleur asym\u00e9trique TRT8"},"content":{"rendered":"<pre class=\"wp-block-verse\"><strong>Applications<\/strong>\nPour une commutation progressive des fortes puissances (egel.chauffage), emp\u00eache les coups de courant dans le principal.\n\n<strong>Fonctionnalit\u00e9<\/strong>\n\n2x Delay ON (2 relais temporis\u00e9s en un) Echelle de temps 0,1s-100 jours divis\u00e9e en 10 plages de temps : 0,1s-1s\/1s-10s\/0,1min-1min\/1min-10min\/0,1h-1h\/1h-10h\/ 0.1jour-1jour\/1jour-10jours\/ON\/OFF. Les temps t1 et t2 sont r\u00e9glables ind\u00e9pendamment. t1 et t2 sont activ\u00e9s apr\u00e8s la connexion de la tension d&#039;alimentation. L&#039;\u00e9tat du relais est indiqu\u00e9 par une LED. 1 MODULE, montage sur rail DIN.\n\n\n<strong>Param\u00e8tres techniques<\/strong><\/pre>\n\n\n<p>\u00a0<\/p>\n<table style=\"height: 893px;\" width=\"516\">\n<tbody>\n<tr>\n<td style=\"text-align: center;\" colspan=\"2\" width=\"144\">Mod\u00e8le<\/td>\n<td style=\"text-align: center;\" colspan=\"2\" width=\"144\">TRT8-S1<\/td>\n<td style=\"text-align: center;\" width=\"149\">TRT8-S2<\/td>\n<\/tr>\n<tr>\n<td style=\"text-align: center;\" colspan=\"2\" width=\"144\">Fonction<\/td>\n<td style=\"text-align: center;\" colspan=\"3\" width=\"293\">Relais temporis\u00e9 cycleur asym\u00e9trique<\/td>\n<\/tr>\n<tr>\n<td style=\"text-align: center;\" colspan=\"2\" width=\"144\">Bornes d&#039;alimentation<\/td>\n<td style=\"text-align: center;\" colspan=\"3\" width=\"293\">A1-A2<\/td>\n<\/tr>\n<tr>\n<td style=\"text-align: center;\" width=\"72\">Plage de tension<\/td>\n<td style=\"text-align: center;\" rowspan=\"2\" width=\"72\">W240<\/td>\n<td style=\"text-align: center;\" colspan=\"3\" width=\"293\">CA\/CC 12-240 V (50-60 Hz)<\/td>\n<\/tr>\n<tr>\n<td style=\"text-align: center;\" width=\"72\">uaping<\/td>\n<td style=\"text-align: center;\" colspan=\"3\" width=\"293\">CA 0,09-3 VA\/CC 0,05-1,7 W<\/td>\n<\/tr>\n<tr>\n<td style=\"text-align: center;\" width=\"72\">Plage de tension<\/td>\n<td style=\"text-align: center;\" rowspan=\"2\" width=\"72\">A230<\/td>\n<td style=\"text-align: center;\" colspan=\"3\" width=\"293\">CA 230V (50-60Hz)<\/td>\n<\/tr>\n<tr>\n<td style=\"text-align: center;\" width=\"72\">Entr\u00e9e de puissance<\/td>\n<td style=\"text-align: center;\" colspan=\"2\" width=\"144\">AC max.6VA\/1.3W<\/td>\n<td style=\"text-align: center;\" width=\"149\">AC max.6VA\/1.9W<\/td>\n<\/tr>\n<tr>\n<td style=\"text-align: center;\" colspan=\"2\" width=\"144\">Tol\u00e9rance de tension d&#039;alimentation<\/td>\n<td style=\"text-align: center;\" colspan=\"3\" width=\"293\">-15%;+10%<\/td>\n<\/tr>\n<tr>\n<td style=\"text-align: center;\" colspan=\"2\" width=\"144\">Indicateur d&#039;alimentation<\/td>\n<td style=\"text-align: center;\" colspan=\"3\" width=\"293\">DEL verte<\/td>\n<\/tr>\n<tr>\n<td style=\"text-align: center;\" colspan=\"2\" width=\"144\">Plages horaires<\/td>\n<td style=\"text-align: center;\" colspan=\"3\" width=\"293\">0.1s-100days<\/td>\n<\/tr>\n<tr>\n<td style=\"text-align: center;\" colspan=\"2\" width=\"144\">R\u00e9glage de l&#039;heure<\/td>\n<td style=\"text-align: center;\" colspan=\"3\" width=\"293\">Potentiom\u00e8tre<\/td>\n<\/tr>\n<tr>\n<td style=\"text-align: center;\" colspan=\"2\" width=\"144\">\u00c9cart de temps<\/td>\n<td style=\"text-align: center;\" colspan=\"3\" width=\"293\">10%-r\u00e9glage m\u00e9canique<\/td>\n<\/tr>\n<tr>\n<td style=\"text-align: center;\" colspan=\"2\" width=\"144\">Pr\u00e9cision de r\u00e9p\u00e9tition<\/td>\n<td style=\"text-align: center;\" colspan=\"3\" width=\"293\">Stabilit\u00e9 de la valeur de consigne 0.2%<\/td>\n<\/tr>\n<tr>\n<td style=\"text-align: center;\" colspan=\"2\" width=\"144\">Co\u00e9fficent de temp\u00e9rature<\/td>\n<td style=\"text-align: center;\" colspan=\"3\" width=\"293\">\u00a00.05%\/\u2103,\u00e0=20\u00b0C(0.05%\u00b0F,\u00e0=68\u00b0F)<\/td>\n<\/tr>\n<tr>\n<td style=\"text-align: center;\" colspan=\"2\" width=\"144\">Sortir<\/td>\n<td style=\"text-align: center;\" width=\"72\">1xSPDT<\/td>\n<td style=\"text-align: center;\" colspan=\"2\" width=\"221\">2xSPDT<\/td>\n<\/tr>\n<tr>\n<td style=\"text-align: center;\" colspan=\"2\" width=\"144\">Note actuelle<\/td>\n<td style=\"text-align: center;\" width=\"72\">1x16A(AC1)<\/td>\n<td style=\"text-align: center;\" colspan=\"2\" width=\"221\">2x16A(AC1)<\/td>\n<\/tr>\n<tr>\n<td style=\"text-align: center;\" colspan=\"2\" width=\"144\">Tension de commutation<\/td>\n<td style=\"text-align: center;\" colspan=\"3\" width=\"293\">250 VCA\/24 VCC<\/td>\n<\/tr>\n<tr>\n<td style=\"text-align: center;\" colspan=\"2\" width=\"144\">Pouvoir de coupure mini DC<\/td>\n<td style=\"text-align: center;\" colspan=\"3\" width=\"293\">500mW<\/td>\n<\/tr>\n<tr>\n<td style=\"text-align: center;\" colspan=\"2\" width=\"144\">Indicateur de sortie<\/td>\n<td style=\"text-align: center;\" colspan=\"3\" width=\"293\">DEL rouge<\/td>\n<\/tr>\n<tr>\n<td style=\"text-align: center;\" colspan=\"2\" width=\"144\">Dur\u00e9e de vie m\u00e9canique<\/td>\n<td style=\"text-align: center;\" colspan=\"3\" width=\"293\">1\u00d710000000<\/td>\n<\/tr>\n<tr>\n<td style=\"text-align: center;\" colspan=\"2\" width=\"144\">Dur\u00e9e de vie \u00e9lectrique (AC1)<\/td>\n<td style=\"text-align: center;\" colspan=\"3\" width=\"293\">1\u00d7100000<\/td>\n<\/tr>\n<tr>\n<td style=\"text-align: center;\" colspan=\"2\" width=\"144\">Heure de remise \u00e0 z\u00e9ro<\/td>\n<td style=\"text-align: center;\" colspan=\"3\" width=\"293\">max.200ms<\/td>\n<\/tr>\n<tr>\n<td style=\"text-align: center;\" colspan=\"2\" width=\"144\">Temp\u00e9rature de fonctionnement<\/td>\n<td style=\"text-align: center;\" colspan=\"3\" width=\"293\">\u00a0-20\u2103 \u00e0 +55\u2103(-4\u2109 \u00e0 131\u2109)<\/td>\n<\/tr>\n<tr>\n<td style=\"text-align: center;\" colspan=\"2\" width=\"144\">Temp\u00e9rature de stockage<\/td>\n<td style=\"text-align: center;\" colspan=\"3\" width=\"293\">\u00a0-35\u00b0\u2103 \u00e0 +75\u00b0C(-22\u2109 \u00e0 158\u2109)<\/td>\n<\/tr>\n<tr>\n<td style=\"text-align: center;\" colspan=\"2\" width=\"144\">Normes<\/td>\n<td style=\"text-align: center;\" colspan=\"3\" width=\"293\">EN 61812-1, CEI6947-5-1<\/td>\n<\/tr>\n<\/tbody>\n<\/table>\n<p><strong>Dimension<\/strong><\/p>\n<p>\u00a0<\/p>\n\n\n<figure class=\"wp-block-image size-large is-resized\"><img fetchpriority=\"high\" decoding=\"async\" src=\"https:\/\/www.tosunlux.eu\/wp-content\/uploads\/2022\/04\/DIMENSION-S2-1024x468.jpg\" alt=\"\" class=\"wp-image-1136\" width=\"528\" height=\"240\" srcset=\"https:\/\/www.tosunlux.eu\/wp-content\/uploads\/2022\/04\/DIMENSION-S2-1024x468.jpg 1024w, https:\/\/www.tosunlux.eu\/wp-content\/uploads\/2022\/04\/DIMENSION-S2-300x137.jpg 300w, https:\/\/www.tosunlux.eu\/wp-content\/uploads\/2022\/04\/DIMENSION-S2-768x351.jpg 768w, https:\/\/www.tosunlux.eu\/wp-content\/uploads\/2022\/04\/DIMENSION-S2-1536x702.jpg 1536w, https:\/\/www.tosunlux.eu\/wp-content\/uploads\/2022\/04\/DIMENSION-S2.jpg 1600w\" sizes=\"(max-width: 528px) 100vw, 528px\" \/><\/figure>\n\n\n\n<p><\/p>","protected":false},"parent":0,"template":"","product_category":[35,92],"class_list":["post-1131","product","type-product","status-publish","hentry","product_category-industrial-control-devices","product_category-timer-relay"],"yoast_head":"<!-- This site is optimized with the Yoast SEO plugin v27.6 - https:\/\/yoast.com\/product\/yoast-seo-wordpress\/ -->\n<title>WholesaleAsymmetric Cycler Time Relay TRT8 - TOSUNlux Official Site - Electrical Circuit Breaker Manufacturer in China Low Voltage Electrical Supplier | TOSUNlux<\/title>\n<meta name=\"description\" content=\"Asymmetric Cycler Time Relay TRT8 Supplier - Wholesale direct from TOSUNlux, a trusted manufacturer since 1994. Get your B2B factory quote on our certified Low Voltage electrical products.\" \/>\n<meta name=\"robots\" content=\"index, follow, max-snippet:-1, max-image-preview:large, max-video-preview:-1\" \/>\n<link rel=\"canonical\" href=\"https:\/\/www.tosunlux.eu\/fr\/products\/asymmetric-cycler-time-relay-trt8\/\" \/>\n<meta property=\"og:locale\" content=\"fr_FR\" \/>\n<meta property=\"og:type\" content=\"article\" \/>\n<meta property=\"og:title\" content=\"WholesaleAsymmetric Cycler Time Relay TRT8 - TOSUNlux Official Site - Electrical Circuit Breaker Manufacturer in China Low Voltage Electrical Supplier | TOSUNlux\" \/>\n<meta property=\"og:description\" content=\"Asymmetric Cycler Time Relay TRT8 Supplier - Wholesale direct from TOSUNlux, a trusted manufacturer since 1994. Get your B2B factory quote on our certified Low Voltage electrical products.\" \/>\n<meta property=\"og:url\" content=\"https:\/\/www.tosunlux.eu\/fr\/products\/asymmetric-cycler-time-relay-trt8\/\" \/>\n<meta property=\"og:site_name\" content=\"TOSUNlux Official Site - Electrical Circuit Breaker Manufacturer in China\" \/>\n<meta property=\"article:publisher\" content=\"https:\/\/www.facebook.com\/TOSUNelectric\/\" \/>\n<meta property=\"article:modified_time\" content=\"2023-09-13T03:10:20+00:00\" \/>\n<meta property=\"og:image\" content=\"https:\/\/www.tosunlux.eu\/wp-content\/uploads\/2022\/04\/DIMENSION-S2-1024x468.jpg\" \/>\n<meta name=\"twitter:card\" content=\"summary_large_image\" \/>\n<meta name=\"twitter:label1\" content=\"Dur\u00e9e de lecture estim\u00e9e\" \/>\n\t<meta name=\"twitter:data1\" content=\"1 minute\" \/>\n<script type=\"application\/ld+json\" class=\"yoast-schema-graph\">{\"@context\":\"https:\\\/\\\/schema.org\",\"@graph\":[{\"@type\":\"WebPage\",\"@id\":\"https:\\\/\\\/www.tosunlux.eu\\\/tr\\\/products\\\/asymmetric-cycler-time-relay-trt8\\\/\",\"url\":\"https:\\\/\\\/www.tosunlux.eu\\\/tr\\\/products\\\/asymmetric-cycler-time-relay-trt8\\\/\",\"name\":\"WholesaleAsymmetric Cycler Time Relay TRT8 - TOSUNlux Official Site - Electrical Circuit Breaker Manufacturer in China Low Voltage Electrical Supplier | TOSUNlux\",\"isPartOf\":{\"@id\":\"https:\\\/\\\/www.tosunlux.eu\\\/ru\\\/#website\"},\"primaryImageOfPage\":{\"@id\":\"https:\\\/\\\/www.tosunlux.eu\\\/tr\\\/products\\\/asymmetric-cycler-time-relay-trt8\\\/#primaryimage\"},\"image\":{\"@id\":\"https:\\\/\\\/www.tosunlux.eu\\\/tr\\\/products\\\/asymmetric-cycler-time-relay-trt8\\\/#primaryimage\"},\"thumbnailUrl\":\"https:\\\/\\\/www.tosunlux.eu\\\/wp-content\\\/uploads\\\/2022\\\/04\\\/DIMENSION-S2-1024x468.jpg\",\"datePublished\":\"2022-04-14T08:49:38+00:00\",\"dateModified\":\"2023-09-13T03:10:20+00:00\",\"description\":\"Asymmetric Cycler Time Relay TRT8 Supplier - Wholesale direct from TOSUNlux, a trusted manufacturer since 1994. Get your B2B factory quote on our certified Low Voltage electrical products.\",\"breadcrumb\":{\"@id\":\"https:\\\/\\\/www.tosunlux.eu\\\/tr\\\/products\\\/asymmetric-cycler-time-relay-trt8\\\/#breadcrumb\"},\"inLanguage\":\"fr-FR\",\"potentialAction\":[{\"@type\":\"ReadAction\",\"target\":[\"https:\\\/\\\/www.tosunlux.eu\\\/tr\\\/products\\\/asymmetric-cycler-time-relay-trt8\\\/\"]}]},{\"@type\":\"ImageObject\",\"inLanguage\":\"fr-FR\",\"@id\":\"https:\\\/\\\/www.tosunlux.eu\\\/tr\\\/products\\\/asymmetric-cycler-time-relay-trt8\\\/#primaryimage\",\"url\":\"https:\\\/\\\/www.tosunlux.eu\\\/wp-content\\\/uploads\\\/2022\\\/04\\\/DIMENSION-S2-1024x468.jpg\",\"contentUrl\":\"https:\\\/\\\/www.tosunlux.eu\\\/wp-content\\\/uploads\\\/2022\\\/04\\\/DIMENSION-S2-1024x468.jpg\"},{\"@type\":\"BreadcrumbList\",\"@id\":\"https:\\\/\\\/www.tosunlux.eu\\\/tr\\\/products\\\/asymmetric-cycler-time-relay-trt8\\\/#breadcrumb\",\"itemListElement\":[{\"@type\":\"ListItem\",\"position\":1,\"name\":\"Home\",\"item\":\"https:\\\/\\\/www.tosunlux.eu\\\/ru\\\/\"},{\"@type\":\"ListItem\",\"position\":2,\"name\":\"Products\",\"item\":\"https:\\\/\\\/www.tosunlux.eu\\\/products\\\/\"},{\"@type\":\"ListItem\",\"position\":3,\"name\":\"Asymmetric Cycler Time Relay TRT8\"}]},{\"@type\":\"WebSite\",\"@id\":\"https:\\\/\\\/www.tosunlux.eu\\\/ru\\\/#website\",\"url\":\"https:\\\/\\\/www.tosunlux.eu\\\/ru\\\/\",\"name\":\"TOSUNlux Official Site - Electrical Circuit Breaker Manufacturer in China\",\"description\":\"Power Distribution System Supplier\",\"publisher\":{\"@id\":\"https:\\\/\\\/www.tosunlux.eu\\\/ru\\\/#organization\"},\"alternateName\":\"TOSUNlux\",\"potentialAction\":[{\"@type\":\"SearchAction\",\"target\":{\"@type\":\"EntryPoint\",\"urlTemplate\":\"https:\\\/\\\/www.tosunlux.eu\\\/ru\\\/?s={search_term_string}\"},\"query-input\":{\"@type\":\"PropertyValueSpecification\",\"valueRequired\":true,\"valueName\":\"search_term_string\"}}],\"inLanguage\":\"fr-FR\"},{\"@type\":\"Organization\",\"@id\":\"https:\\\/\\\/www.tosunlux.eu\\\/ru\\\/#organization\",\"name\":\"TOSUNlux\",\"url\":\"https:\\\/\\\/www.tosunlux.eu\\\/ru\\\/\",\"logo\":{\"@type\":\"ImageObject\",\"inLanguage\":\"fr-FR\",\"@id\":\"https:\\\/\\\/www.tosunlux.eu\\\/ru\\\/#\\\/schema\\\/logo\\\/image\\\/\",\"url\":\"https:\\\/\\\/www.tosunlux.eu\\\/wp-content\\\/uploads\\\/2022\\\/01\\\/LOGOSYSM.71762f1.png\",\"contentUrl\":\"https:\\\/\\\/www.tosunlux.eu\\\/wp-content\\\/uploads\\\/2022\\\/01\\\/LOGOSYSM.71762f1.png\",\"width\":153,\"height\":55,\"caption\":\"TOSUNlux\"},\"image\":{\"@id\":\"https:\\\/\\\/www.tosunlux.eu\\\/ru\\\/#\\\/schema\\\/logo\\\/image\\\/\"},\"sameAs\":[\"https:\\\/\\\/www.facebook.com\\\/TOSUNelectric\\\/\",\"https:\\\/\\\/www.linkedin.com\\\/company\\\/wenzhou-tosun-electric-co.-ltd\\\/\"]}]}<\/script>\n<!-- \/ Yoast SEO plugin. -->","yoast_head_json":{"title":"Relais temporis\u00e9 \u00e0 cycle asym\u00e9trique TRT8 en gros - Site officiel de TOSUNlux - Fabricant de disjoncteurs \u00e9lectriques en Chine Fournisseur d&#039;\u00e9quipements \u00e9lectriques basse tension | TOSUNlux","description":"Fournisseur de relais temporis\u00e9s \u00e0 cycle asym\u00e9trique TRT8 - Vente en gros directement aupr\u00e8s de TOSUNlux, un fabricant de confiance depuis 1994. Obtenez votre devis d&#039;usine B2B sur nos produits \u00e9lectriques basse tension certifi\u00e9s.","robots":{"index":"index","follow":"follow","max-snippet":"max-snippet:-1","max-image-preview":"max-image-preview:large","max-video-preview":"max-video-preview:-1"},"canonical":"https:\/\/www.tosunlux.eu\/fr\/products\/asymmetric-cycler-time-relay-trt8\/","og_locale":"fr_FR","og_type":"article","og_title":"WholesaleAsymmetric Cycler Time Relay TRT8 - TOSUNlux Official Site - Electrical Circuit Breaker Manufacturer in China Low Voltage Electrical Supplier | TOSUNlux","og_description":"Asymmetric Cycler Time Relay TRT8 Supplier - Wholesale direct from TOSUNlux, a trusted manufacturer since 1994. Get your B2B factory quote on our certified Low Voltage electrical products.","og_url":"https:\/\/www.tosunlux.eu\/fr\/products\/asymmetric-cycler-time-relay-trt8\/","og_site_name":"TOSUNlux Official Site - Electrical Circuit Breaker Manufacturer in China","article_publisher":"https:\/\/www.facebook.com\/TOSUNelectric\/","article_modified_time":"2023-09-13T03:10:20+00:00","og_image":[{"url":"https:\/\/www.tosunlux.eu\/wp-content\/uploads\/2022\/04\/DIMENSION-S2-1024x468.jpg","type":"","width":"","height":""}],"twitter_card":"summary_large_image","twitter_misc":{"Dur\u00e9e de lecture estim\u00e9e":"1 minute"},"schema":{"@context":"https:\/\/schema.org","@graph":[{"@type":"WebPage","@id":"https:\/\/www.tosunlux.eu\/tr\/products\/asymmetric-cycler-time-relay-trt8\/","url":"https:\/\/www.tosunlux.eu\/tr\/products\/asymmetric-cycler-time-relay-trt8\/","name":"Relais temporis\u00e9 \u00e0 cycle asym\u00e9trique TRT8 en gros - Site officiel de TOSUNlux - Fabricant de disjoncteurs \u00e9lectriques en Chine Fournisseur d&#039;\u00e9quipements \u00e9lectriques basse tension | TOSUNlux","isPartOf":{"@id":"https:\/\/www.tosunlux.eu\/ru\/#website"},"primaryImageOfPage":{"@id":"https:\/\/www.tosunlux.eu\/tr\/products\/asymmetric-cycler-time-relay-trt8\/#primaryimage"},"image":{"@id":"https:\/\/www.tosunlux.eu\/tr\/products\/asymmetric-cycler-time-relay-trt8\/#primaryimage"},"thumbnailUrl":"https:\/\/www.tosunlux.eu\/wp-content\/uploads\/2022\/04\/DIMENSION-S2-1024x468.jpg","datePublished":"2022-04-14T08:49:38+00:00","dateModified":"2023-09-13T03:10:20+00:00","description":"Fournisseur de relais temporis\u00e9s \u00e0 cycle asym\u00e9trique TRT8 - Vente en gros directement aupr\u00e8s de TOSUNlux, un fabricant de confiance depuis 1994. Obtenez votre devis d&#039;usine B2B sur nos produits \u00e9lectriques basse tension certifi\u00e9s.","breadcrumb":{"@id":"https:\/\/www.tosunlux.eu\/tr\/products\/asymmetric-cycler-time-relay-trt8\/#breadcrumb"},"inLanguage":"fr-FR","potentialAction":[{"@type":"ReadAction","target":["https:\/\/www.tosunlux.eu\/tr\/products\/asymmetric-cycler-time-relay-trt8\/"]}]},{"@type":"ImageObject","inLanguage":"fr-FR","@id":"https:\/\/www.tosunlux.eu\/tr\/products\/asymmetric-cycler-time-relay-trt8\/#primaryimage","url":"https:\/\/www.tosunlux.eu\/wp-content\/uploads\/2022\/04\/DIMENSION-S2-1024x468.jpg","contentUrl":"https:\/\/www.tosunlux.eu\/wp-content\/uploads\/2022\/04\/DIMENSION-S2-1024x468.jpg"},{"@type":"BreadcrumbList","@id":"https:\/\/www.tosunlux.eu\/tr\/products\/asymmetric-cycler-time-relay-trt8\/#breadcrumb","itemListElement":[{"@type":"ListItem","position":1,"name":"Home","item":"https:\/\/www.tosunlux.eu\/ru\/"},{"@type":"ListItem","position":2,"name":"Products","item":"https:\/\/www.tosunlux.eu\/products\/"},{"@type":"ListItem","position":3,"name":"Asymmetric Cycler Time Relay TRT8"}]},{"@type":"WebSite","@id":"https:\/\/www.tosunlux.eu\/ru\/#website","url":"https:\/\/www.tosunlux.eu\/ru\/","name":"Site officiel TOSUNlux - Fabricant de disjoncteurs \u00e9lectriques en Chine","description":"Fournisseur de syst\u00e8me de distribution d&#039;\u00e9nergie","publisher":{"@id":"https:\/\/www.tosunlux.eu\/ru\/#organization"},"alternateName":"TOSUNlux","potentialAction":[{"@type":"SearchAction","target":{"@type":"EntryPoint","urlTemplate":"https:\/\/www.tosunlux.eu\/ru\/?s={search_term_string}"},"query-input":{"@type":"PropertyValueSpecification","valueRequired":true,"valueName":"search_term_string"}}],"inLanguage":"fr-FR"},{"@type":"Organization","@id":"https:\/\/www.tosunlux.eu\/ru\/#organization","name":"TOSUNlux","url":"https:\/\/www.tosunlux.eu\/ru\/","logo":{"@type":"ImageObject","inLanguage":"fr-FR","@id":"https:\/\/www.tosunlux.eu\/ru\/#\/schema\/logo\/image\/","url":"https:\/\/www.tosunlux.eu\/wp-content\/uploads\/2022\/01\/LOGOSYSM.71762f1.png","contentUrl":"https:\/\/www.tosunlux.eu\/wp-content\/uploads\/2022\/01\/LOGOSYSM.71762f1.png","width":153,"height":55,"caption":"TOSUNlux"},"image":{"@id":"https:\/\/www.tosunlux.eu\/ru\/#\/schema\/logo\/image\/"},"sameAs":["https:\/\/www.facebook.com\/TOSUNelectric\/","https:\/\/www.linkedin.com\/company\/wenzhou-tosun-electric-co.-ltd\/"]}]}},"_links":{"self":[{"href":"https:\/\/www.tosunlux.eu\/fr\/wp-json\/wp\/v2\/product\/1131","targetHints":{"allow":["GET"]}}],"collection":[{"href":"https:\/\/www.tosunlux.eu\/fr\/wp-json\/wp\/v2\/product"}],"about":[{"href":"https:\/\/www.tosunlux.eu\/fr\/wp-json\/wp\/v2\/types\/product"}],"version-history":[{"count":1,"href":"https:\/\/www.tosunlux.eu\/fr\/wp-json\/wp\/v2\/product\/1131\/revisions"}],"predecessor-version":[{"id":8038,"href":"https:\/\/www.tosunlux.eu\/fr\/wp-json\/wp\/v2\/product\/1131\/revisions\/8038"}],"wp:attachment":[{"href":"https:\/\/www.tosunlux.eu\/fr\/wp-json\/wp\/v2\/media?parent=1131"}],"wp:term":[{"taxonomy":"product_category","embeddable":true,"href":"https:\/\/www.tosunlux.eu\/fr\/wp-json\/wp\/v2\/product_category?post=1131"}],"curies":[{"name":"wp","href":"https:\/\/api.w.org\/{rel}","templated":true}]}}